{"id":13346,"date":"2019-11-13T14:21:18","date_gmt":"2019-11-13T13:21:18","guid":{"rendered":"https:\/\/www.wicam.com\/logiciel\/trumpf\/"},"modified":"2026-03-27T18:11:30","modified_gmt":"2026-03-27T17:11:30","slug":"trumpf","status":"publish","type":"page","link":"https:\/\/wicam.com\/fr\/logiciel\/trumpf\/","title":{"rendered":"Trumpf"},"content":{"rendered":"<p><a href=\"https:\/\/wicam.com\/fr\/logiciel\/pn4000\/\"><img loading=\"lazy\" decoding=\"async\" class=\"alignright wp-image-22372\" src=\"https:\/\/wicam.com\/wp-content\/uploads\/2022\/01\/01-cadcam-300x278.jpg\" alt=\"\" width=\"375\" height=\"348\" srcset=\"https:\/\/wicam.com\/wp-content\/uploads\/2022\/01\/01-cadcam-300x278.jpg 300w, https:\/\/wicam.com\/wp-content\/uploads\/2022\/01\/01-cadcam.jpg 450w\" sizes=\"auto, (max-width: 375px) 100vw, 375px\" \/><\/a>Les machines Trumpf ont \u00e9t\u00e9 les premi\u00e8res machines \u00e0 \u00eatre pilot\u00e9es par <a href=\"https:\/\/www.wicam.com\/fr\/logiciel\/\">les logiciels WiCAM<\/a> dans les ann\u00e9es 1980.<\/p>\n<p>La distance g\u00e9ographique de 60km et les \u00e9changes directs ont permis de nombreuses solutions individuelles au fil des ann\u00e9es. De nos jours, ce sont des milliers de machines fabriqu\u00e9s \u00e0 Stuttgart \/ Dintzingen qui communiquent avec les <a href=\"https:\/\/www.wicam.com\/fr\/logiciel\/\">produits PN<\/a>.<\/p>\n<p>Ce sont en particulier les connectivit\u00e9s ERP, les coupes communes pour les machines combin\u00e9s et poin\u00e7onneuses ainsi que la s\u00e9paration de pi\u00e8ces au moyen de syst\u00e8me d&rsquo;aspiration (Sheetmaster, SortMaster) qui permettent \u00e0 nos clients d&rsquo;acc\u00e9der \u00e0 des solutions automatis\u00e9es de nouvelle g\u00e9n\u00e9ration.<\/p>\n<p><a class=\"btn\" href=\"\/marketing\/factsheets\/pn4000-fr-factsheet.pdf\" target=\"_blank\" rel=\"noopener\">Factsheet<\/a> <a class=\"btn\" href=\"https:\/\/wicam.com\/fr\/contact\/\">obtenir une d\u00e9mo<\/a><\/p>\n","protected":false},"excerpt":{"rendered":"<p>Les machines Trumpf ont \u00e9t\u00e9 les premi\u00e8res machines \u00e0 \u00eatre pilot\u00e9es par les logiciels WiCAM dans les ann\u00e9es 1980. La distance g\u00e9ographique de 60km et les \u00e9changes directs ont permis de nombreuses solutions individuelles au fil des ann\u00e9es. De nos jours, ce sont des milliers de machines fabriqu\u00e9s \u00e0 Stuttgart \/ Dintzingen qui communiquent avec [&hellip;]<\/p>\n","protected":false},"author":1,"featured_media":12712,"parent":5755,"menu_order":0,"comment_status":"closed","ping_status":"closed","template":"page-software-single.php","meta":{"_acf_changed":false,"footnotes":""},"class_list":["post-13346","page","type-page","status-publish","has-post-thumbnail","hentry"],"acf":[],"yoast_head":"<!-- This site is optimized with the Yoast SEO plugin v27.4 - https:\/\/yoast.com\/product\/yoast-seo-wordpress\/ -->\n<title>CAO \/ CFAO \/ ERP Logiciel pour Trumpf - WiCAM<\/title>\n<meta name=\"description\" content=\"Imbrication - Poiconnage - Laser - Pliage | La distance g\u00e9ographique de 60km et les \u00e9changes directs ont permis de nombreuses solutions individuelles au fil des ann\u00e9es. De nos jours, ce sont des milliers de machines fabriqu\u00e9s \u00e0 Stuttgart \/ Dintzingen qui communiquent avec les produits PN. Ce sont en particulier les connectivit\u00e9s ERP, les coupes communes pour les machines combin\u00e9s et poin\u00e7onneuses ainsi que la s\u00e9paration de pi\u00e8ces au moyen de syst\u00e8me d&#039;aspiration (Sheetmaster, SortMaster) qui permettent \u00e0 nos clients d&#039;acc\u00e9der \u00e0 des solutions automatis\u00e9es de nouvelle g\u00e9n\u00e9ration.\" \/>\n<meta name=\"robots\" content=\"index, follow, max-snippet:-1, max-image-preview:large, max-video-preview:-1\" \/>\n<link rel=\"canonical\" href=\"https:\/\/wicam.com\/fr\/logiciel\/trumpf\/\" \/>\n<meta property=\"og:locale\" content=\"fr_FR\" \/>\n<meta property=\"og:type\" content=\"article\" \/>\n<meta property=\"og:title\" content=\"CAO \/ CFAO \/ ERP Logiciel pour Trumpf - WiCAM\" \/>\n<meta property=\"og:description\" content=\"Imbrication - Poiconnage - Laser - Pliage | La distance g\u00e9ographique de 60km et les \u00e9changes directs ont permis de nombreuses solutions individuelles au fil des ann\u00e9es. De nos jours, ce sont des milliers de machines fabriqu\u00e9s \u00e0 Stuttgart \/ Dintzingen qui communiquent avec les produits PN. Ce sont en particulier les connectivit\u00e9s ERP, les coupes communes pour les machines combin\u00e9s et poin\u00e7onneuses ainsi que la s\u00e9paration de pi\u00e8ces au moyen de syst\u00e8me d&#039;aspiration (Sheetmaster, SortMaster) qui permettent \u00e0 nos clients d&#039;acc\u00e9der \u00e0 des solutions automatis\u00e9es de nouvelle g\u00e9n\u00e9ration.\" \/>\n<meta property=\"og:url\" content=\"https:\/\/wicam.com\/fr\/logiciel\/trumpf\/\" \/>\n<meta property=\"og:site_name\" content=\"WiCAM\" \/>\n<meta property=\"article:modified_time\" content=\"2026-03-27T17:11:30+00:00\" \/>\n<meta property=\"og:image\" content=\"https:\/\/wicam.com\/wp-content\/uploads\/2020\/01\/trumpf1.jpg\" \/>\n\t<meta property=\"og:image:width\" content=\"1000\" \/>\n\t<meta property=\"og:image:height\" content=\"563\" \/>\n\t<meta property=\"og:image:type\" content=\"image\/jpeg\" \/>\n<meta name=\"twitter:card\" content=\"summary_large_image\" \/>\n<meta name=\"twitter:label1\" content=\"Dur\u00e9e de lecture estim\u00e9e\" \/>\n\t<meta name=\"twitter:data1\" content=\"14 minutes\" \/>\n<script type=\"application\/ld+json\" class=\"yoast-schema-graph\">{\"@context\":\"https:\\\/\\\/schema.org\",\"@graph\":[{\"@type\":\"WebPage\",\"@id\":\"https:\\\/\\\/wicam.com\\\/fr\\\/logiciel\\\/trumpf\\\/\",\"url\":\"https:\\\/\\\/wicam.com\\\/fr\\\/logiciel\\\/trumpf\\\/\",\"name\":\"CAO \\\/ CFAO \\\/ ERP Logiciel pour Trumpf - WiCAM\",\"isPartOf\":{\"@id\":\"https:\\\/\\\/wicam.com\\\/fr\\\/#website\"},\"primaryImageOfPage\":{\"@id\":\"https:\\\/\\\/wicam.com\\\/fr\\\/logiciel\\\/trumpf\\\/#primaryimage\"},\"image\":{\"@id\":\"https:\\\/\\\/wicam.com\\\/fr\\\/logiciel\\\/trumpf\\\/#primaryimage\"},\"thumbnailUrl\":\"https:\\\/\\\/wicam.com\\\/wp-content\\\/uploads\\\/2020\\\/01\\\/trumpf1.jpg\",\"datePublished\":\"2019-11-13T13:21:18+00:00\",\"dateModified\":\"2026-03-27T17:11:30+00:00\",\"description\":\"Imbrication - Poiconnage - Laser - Pliage | La distance g\u00e9ographique de 60km et les \u00e9changes directs ont permis de nombreuses solutions individuelles au fil des ann\u00e9es. De nos jours, ce sont des milliers de machines fabriqu\u00e9s \u00e0 Stuttgart \\\/ Dintzingen qui communiquent avec les produits PN. Ce sont en particulier les connectivit\u00e9s ERP, les coupes communes pour les machines combin\u00e9s et poin\u00e7onneuses ainsi que la s\u00e9paration de pi\u00e8ces au moyen de syst\u00e8me d'aspiration (Sheetmaster, SortMaster) qui permettent \u00e0 nos clients d'acc\u00e9der \u00e0 des solutions automatis\u00e9es de nouvelle g\u00e9n\u00e9ration.\",\"breadcrumb\":{\"@id\":\"https:\\\/\\\/wicam.com\\\/fr\\\/logiciel\\\/trumpf\\\/#breadcrumb\"},\"inLanguage\":\"fr-FR\",\"potentialAction\":[{\"@type\":\"ReadAction\",\"target\":[\"https:\\\/\\\/wicam.com\\\/fr\\\/logiciel\\\/trumpf\\\/\"]}]},{\"@type\":\"ImageObject\",\"inLanguage\":\"fr-FR\",\"@id\":\"https:\\\/\\\/wicam.com\\\/fr\\\/logiciel\\\/trumpf\\\/#primaryimage\",\"url\":\"https:\\\/\\\/wicam.com\\\/wp-content\\\/uploads\\\/2020\\\/01\\\/trumpf1.jpg\",\"contentUrl\":\"https:\\\/\\\/wicam.com\\\/wp-content\\\/uploads\\\/2020\\\/01\\\/trumpf1.jpg\",\"width\":1000,\"height\":563},{\"@type\":\"BreadcrumbList\",\"@id\":\"https:\\\/\\\/wicam.com\\\/fr\\\/logiciel\\\/trumpf\\\/#breadcrumb\",\"itemListElement\":[{\"@type\":\"ListItem\",\"position\":1,\"name\":\"Startseite\",\"item\":\"https:\\\/\\\/wicam.com\\\/fr\\\/\"},{\"@type\":\"ListItem\",\"position\":2,\"name\":\"Logiciel\",\"item\":\"https:\\\/\\\/wicam.com\\\/fr\\\/logiciel\\\/\"},{\"@type\":\"ListItem\",\"position\":3,\"name\":\"Trumpf\"}]},{\"@type\":\"WebSite\",\"@id\":\"https:\\\/\\\/wicam.com\\\/fr\\\/#website\",\"url\":\"https:\\\/\\\/wicam.com\\\/fr\\\/\",\"name\":\"WiCAM\",\"description\":\"Technische Software\",\"potentialAction\":[{\"@type\":\"SearchAction\",\"target\":{\"@type\":\"EntryPoint\",\"urlTemplate\":\"https:\\\/\\\/wicam.com\\\/fr\\\/?s={search_term_string}\"},\"query-input\":{\"@type\":\"PropertyValueSpecification\",\"valueRequired\":true,\"valueName\":\"search_term_string\"}}],\"inLanguage\":\"fr-FR\"}]}<\/script>\n<!-- \/ Yoast SEO plugin. -->","yoast_head_json":{"title":"CAO \/ CFAO \/ ERP Logiciel pour Trumpf - WiCAM","description":"Imbrication - Poiconnage - Laser - Pliage | La distance g\u00e9ographique de 60km et les \u00e9changes directs ont permis de nombreuses solutions individuelles au fil des ann\u00e9es. De nos jours, ce sont des milliers de machines fabriqu\u00e9s \u00e0 Stuttgart \/ Dintzingen qui communiquent avec les produits PN. Ce sont en particulier les connectivit\u00e9s ERP, les coupes communes pour les machines combin\u00e9s et poin\u00e7onneuses ainsi que la s\u00e9paration de pi\u00e8ces au moyen de syst\u00e8me d'aspiration (Sheetmaster, SortMaster) qui permettent \u00e0 nos clients d'acc\u00e9der \u00e0 des solutions automatis\u00e9es de nouvelle g\u00e9n\u00e9ration.","robots":{"index":"index","follow":"follow","max-snippet":"max-snippet:-1","max-image-preview":"max-image-preview:large","max-video-preview":"max-video-preview:-1"},"canonical":"https:\/\/wicam.com\/fr\/logiciel\/trumpf\/","og_locale":"fr_FR","og_type":"article","og_title":"CAO \/ CFAO \/ ERP Logiciel pour Trumpf - WiCAM","og_description":"Imbrication - Poiconnage - Laser - Pliage | La distance g\u00e9ographique de 60km et les \u00e9changes directs ont permis de nombreuses solutions individuelles au fil des ann\u00e9es. De nos jours, ce sont des milliers de machines fabriqu\u00e9s \u00e0 Stuttgart \/ Dintzingen qui communiquent avec les produits PN. Ce sont en particulier les connectivit\u00e9s ERP, les coupes communes pour les machines combin\u00e9s et poin\u00e7onneuses ainsi que la s\u00e9paration de pi\u00e8ces au moyen de syst\u00e8me d'aspiration (Sheetmaster, SortMaster) qui permettent \u00e0 nos clients d'acc\u00e9der \u00e0 des solutions automatis\u00e9es de nouvelle g\u00e9n\u00e9ration.","og_url":"https:\/\/wicam.com\/fr\/logiciel\/trumpf\/","og_site_name":"WiCAM","article_modified_time":"2026-03-27T17:11:30+00:00","og_image":[{"width":1000,"height":563,"url":"https:\/\/wicam.com\/wp-content\/uploads\/2020\/01\/trumpf1.jpg","type":"image\/jpeg"}],"twitter_card":"summary_large_image","twitter_misc":{"Dur\u00e9e de lecture estim\u00e9e":"14 minutes"},"schema":{"@context":"https:\/\/schema.org","@graph":[{"@type":"WebPage","@id":"https:\/\/wicam.com\/fr\/logiciel\/trumpf\/","url":"https:\/\/wicam.com\/fr\/logiciel\/trumpf\/","name":"CAO \/ CFAO \/ ERP Logiciel pour Trumpf - WiCAM","isPartOf":{"@id":"https:\/\/wicam.com\/fr\/#website"},"primaryImageOfPage":{"@id":"https:\/\/wicam.com\/fr\/logiciel\/trumpf\/#primaryimage"},"image":{"@id":"https:\/\/wicam.com\/fr\/logiciel\/trumpf\/#primaryimage"},"thumbnailUrl":"https:\/\/wicam.com\/wp-content\/uploads\/2020\/01\/trumpf1.jpg","datePublished":"2019-11-13T13:21:18+00:00","dateModified":"2026-03-27T17:11:30+00:00","description":"Imbrication - Poiconnage - Laser - Pliage | La distance g\u00e9ographique de 60km et les \u00e9changes directs ont permis de nombreuses solutions individuelles au fil des ann\u00e9es. De nos jours, ce sont des milliers de machines fabriqu\u00e9s \u00e0 Stuttgart \/ Dintzingen qui communiquent avec les produits PN. Ce sont en particulier les connectivit\u00e9s ERP, les coupes communes pour les machines combin\u00e9s et poin\u00e7onneuses ainsi que la s\u00e9paration de pi\u00e8ces au moyen de syst\u00e8me d'aspiration (Sheetmaster, SortMaster) qui permettent \u00e0 nos clients d'acc\u00e9der \u00e0 des solutions automatis\u00e9es de nouvelle g\u00e9n\u00e9ration.","breadcrumb":{"@id":"https:\/\/wicam.com\/fr\/logiciel\/trumpf\/#breadcrumb"},"inLanguage":"fr-FR","potentialAction":[{"@type":"ReadAction","target":["https:\/\/wicam.com\/fr\/logiciel\/trumpf\/"]}]},{"@type":"ImageObject","inLanguage":"fr-FR","@id":"https:\/\/wicam.com\/fr\/logiciel\/trumpf\/#primaryimage","url":"https:\/\/wicam.com\/wp-content\/uploads\/2020\/01\/trumpf1.jpg","contentUrl":"https:\/\/wicam.com\/wp-content\/uploads\/2020\/01\/trumpf1.jpg","width":1000,"height":563},{"@type":"BreadcrumbList","@id":"https:\/\/wicam.com\/fr\/logiciel\/trumpf\/#breadcrumb","itemListElement":[{"@type":"ListItem","position":1,"name":"Startseite","item":"https:\/\/wicam.com\/fr\/"},{"@type":"ListItem","position":2,"name":"Logiciel","item":"https:\/\/wicam.com\/fr\/logiciel\/"},{"@type":"ListItem","position":3,"name":"Trumpf"}]},{"@type":"WebSite","@id":"https:\/\/wicam.com\/fr\/#website","url":"https:\/\/wicam.com\/fr\/","name":"WiCAM","description":"Technische Software","potentialAction":[{"@type":"SearchAction","target":{"@type":"EntryPoint","urlTemplate":"https:\/\/wicam.com\/fr\/?s={search_term_string}"},"query-input":{"@type":"PropertyValueSpecification","valueRequired":true,"valueName":"search_term_string"}}],"inLanguage":"fr-FR"}]}},"_links":{"self":[{"href":"https:\/\/wicam.com\/fr\/wp-json\/wp\/v2\/pages\/13346","targetHints":{"allow":["GET"]}}],"collection":[{"href":"https:\/\/wicam.com\/fr\/wp-json\/wp\/v2\/pages"}],"about":[{"href":"https:\/\/wicam.com\/fr\/wp-json\/wp\/v2\/types\/page"}],"author":[{"embeddable":true,"href":"https:\/\/wicam.com\/fr\/wp-json\/wp\/v2\/users\/1"}],"replies":[{"embeddable":true,"href":"https:\/\/wicam.com\/fr\/wp-json\/wp\/v2\/comments?post=13346"}],"version-history":[{"count":2,"href":"https:\/\/wicam.com\/fr\/wp-json\/wp\/v2\/pages\/13346\/revisions"}],"predecessor-version":[{"id":82495,"href":"https:\/\/wicam.com\/fr\/wp-json\/wp\/v2\/pages\/13346\/revisions\/82495"}],"up":[{"embeddable":true,"href":"https:\/\/wicam.com\/fr\/wp-json\/wp\/v2\/pages\/5755"}],"wp:featuredmedia":[{"embeddable":true,"href":"https:\/\/wicam.com\/fr\/wp-json\/wp\/v2\/media\/12712"}],"wp:attachment":[{"href":"https:\/\/wicam.com\/fr\/wp-json\/wp\/v2\/media?parent=13346"}],"curies":[{"name":"wp","href":"https:\/\/api.w.org\/{rel}","templated":true}]}}