{"id":13391,"date":"2019-11-13T14:22:27","date_gmt":"2019-11-13T13:22:27","guid":{"rendered":"https:\/\/www.wicam.com\/logiciel\/primapower\/"},"modified":"2021-02-24T14:08:07","modified_gmt":"2021-02-24T13:08:07","slug":"primapower","status":"publish","type":"page","link":"https:\/\/wicam.com\/fr\/logiciel\/primapower\/","title":{"rendered":"Prima Power"},"content":{"rendered":"<p><a href=\"https:\/\/www.wicam.com\/fr\/logiciel\/\"><img loading=\"lazy\" decoding=\"async\" class=\"alignright wp-image-11564 size-medium\" src=\"https:\/\/wicam.com\/wp-content\/uploads\/2019\/11\/software-cadcamautomation2-300x211.jpg\" alt=\"\" width=\"300\" height=\"211\" srcset=\"https:\/\/wicam.com\/wp-content\/uploads\/2019\/11\/software-cadcamautomation2-300x211.jpg 300w, https:\/\/wicam.com\/wp-content\/uploads\/2019\/11\/software-cadcamautomation2.jpg 450w\" sizes=\"auto, (max-width: 300px) 100vw, 300px\" \/><\/a>Le concept des machines SG \/ SB de PrimaPower est la continuit\u00e9 des principes d&rsquo;automatisation maximales des ann\u00e9es 90.<\/p>\n<p>A cette \u00e9poque d\u00e9j\u00e0, <a href=\"https:\/\/www.wicam.com\/fr\/logiciel\/pn4000\/\">le logiciel PN4000 de WiCAM<\/a> compl\u00e9tait la philosophie de piloter automatiquement les cisailleuses avec des algorithmes intelligents vers les syst\u00e8mes d&rsquo;ERP.<\/p>\n<p>Aujourd&rsquo;hui, ce sont des milliers de machines qui produisent et communiquent avec les <a href=\"https:\/\/www.wicam.com\/fr\/logiciel\/\">produits PN<\/a>. Ce sont en particulier les connectivit\u00e9s ERP, les coupes communes pour le laser, le poin\u00e7onnage et les machines combin\u00e9s, les routines intelligentes, la communication d&rsquo;\u00e9tat d&rsquo;avancement, ainsi que la logistique des pi\u00e8ces enti\u00e8rement automatis\u00e9e avec divers syst\u00e8mes d&rsquo;aspiration (LST, LSR) qui permettent \u00e0 nos clients d&rsquo;acc\u00e9der \u00e0 des solutions automatis\u00e9es de nouvelle g\u00e9n\u00e9ration.<\/p>\n<p><a class=\"btn\" href=\"\/marketing\/factsheets\/pn4000-fr-factsheet.pdf\" target=\"_blank\" rel=\"noopener\">Factsheet<\/a> <a class=\"btn\" href=\"\/fr\/contact\/\">obtenir une d\u00e9mo<\/a><\/p>\n<p>&nbsp;<\/p>\n<p>&nbsp;<\/p>\n<p><strong><a href=\"https:\/\/www.wicam.com\/fr\/mediathek\/cadcam-pps-group-solution-siemens\/\"><img loading=\"lazy\" decoding=\"async\" class=\"alignleft wp-image-14544\" src=\"http:\/\/wicam.com\/wp-content\/uploads\/2020\/03\/Bild1-300x300.png\" alt=\"\" width=\"200\" height=\"200\" srcset=\"https:\/\/wicam.com\/wp-content\/uploads\/2020\/03\/Bild1-300x300.png 300w, https:\/\/wicam.com\/wp-content\/uploads\/2020\/03\/Bild1-150x150.png 150w, https:\/\/wicam.com\/wp-content\/uploads\/2020\/03\/Bild1.png 450w\" sizes=\"auto, (max-width: 200px) 100vw, 200px\" \/><\/a><img loading=\"lazy\" decoding=\"async\" class=\"alignnone size-full wp-image-9380\" src=\"https:\/\/www.wicam.com\/wp-content\/uploads\/2020\/09\/rate2.png\" alt=\"\" width=\"86\" height=\"17\" \/> | Responsable de la programmation CN chez Siemens:<\/strong><\/p>\n<p><em>\u00ab\u00a0D\u00e8s le d\u00e9but, les principales caract\u00e9ristiques sont le traitement par lots de nuit, la connectivit\u00e9 PPS et les coupes communes enti\u00e8rement automatiques pour les poin\u00e7onneuses. La structure ouverte, les interfaces et l&rsquo;\u00e9quipe de d\u00e9veloppement de WiCAM constituent la base parfaite pour la poursuite de la croissance \u00e9conomique et technologique commune. Siemens utilise les solutions WiCAM dans huit succursales sur quatre continents.\u00a0\u00bb<\/em><\/p>\n<p><a class=\"btn\" href=\"\/fr\/mediathek\/cadcam-pps-group-solution-siemens\/\">Reportage d&rsquo;utilisateurs<\/a><\/p>\n<p>&nbsp;<\/p>\n","protected":false},"excerpt":{"rendered":"<p>Le concept des machines SG \/ SB de PrimaPower est la continuit\u00e9 des principes d&rsquo;automatisation maximales des ann\u00e9es 90. A cette \u00e9poque d\u00e9j\u00e0, le logiciel PN4000 de WiCAM compl\u00e9tait la philosophie de piloter automatiquement les cisailleuses avec des algorithmes intelligents vers les syst\u00e8mes d&rsquo;ERP. Aujourd&rsquo;hui, ce sont des milliers de machines qui produisent et communiquent [&hellip;]<\/p>\n","protected":false},"author":1,"featured_media":16520,"parent":5755,"menu_order":0,"comment_status":"closed","ping_status":"closed","template":"page-software-single.php","meta":{"_acf_changed":false,"footnotes":""},"class_list":["post-13391","page","type-page","status-publish","has-post-thumbnail","hentry"],"acf":[],"yoast_head":"<!-- This site is optimized with the Yoast SEO plugin v27.4 - https:\/\/yoast.com\/product\/yoast-seo-wordpress\/ -->\n<title>CAO \/ CFAO \/ ERP Logiciel pour PrimaPower - WiCAM<\/title>\n<meta name=\"description\" content=\"Aujourd&#039;hui, ce sont des milliers de machines qui produisent et communiquent avec les produits PN. Ce sont en particulier les connectivit\u00e9s ERP, les coupes communes pour le laser, le poin\u00e7onnage et les machines combin\u00e9s, les routines intelligentes, la communication d&#039;\u00e9tat d&#039;avancement, ainsi que la logistique des pi\u00e8ces enti\u00e8rement automatis\u00e9e avec divers syst\u00e8mes d&#039;aspiration (LST, LSR) qui permettent \u00e0 nos clients d&#039;acc\u00e9der \u00e0 des solutions automatis\u00e9es de nouvelle g\u00e9n\u00e9ration.\" \/>\n<meta name=\"robots\" content=\"index, follow, max-snippet:-1, max-image-preview:large, max-video-preview:-1\" \/>\n<link rel=\"canonical\" href=\"https:\/\/wicam.com\/fr\/logiciel\/primapower\/\" \/>\n<meta property=\"og:locale\" content=\"fr_FR\" \/>\n<meta property=\"og:type\" content=\"article\" \/>\n<meta property=\"og:title\" content=\"CAO \/ CFAO \/ ERP Logiciel pour PrimaPower - WiCAM\" \/>\n<meta property=\"og:description\" content=\"Aujourd&#039;hui, ce sont des milliers de machines qui produisent et communiquent avec les produits PN. Ce sont en particulier les connectivit\u00e9s ERP, les coupes communes pour le laser, le poin\u00e7onnage et les machines combin\u00e9s, les routines intelligentes, la communication d&#039;\u00e9tat d&#039;avancement, ainsi que la logistique des pi\u00e8ces enti\u00e8rement automatis\u00e9e avec divers syst\u00e8mes d&#039;aspiration (LST, LSR) qui permettent \u00e0 nos clients d&#039;acc\u00e9der \u00e0 des solutions automatis\u00e9es de nouvelle g\u00e9n\u00e9ration.\" \/>\n<meta property=\"og:url\" content=\"https:\/\/wicam.com\/fr\/logiciel\/primapower\/\" \/>\n<meta property=\"og:site_name\" content=\"WiCAM\" \/>\n<meta property=\"article:modified_time\" content=\"2021-02-24T13:08:07+00:00\" \/>\n<meta property=\"og:image\" content=\"https:\/\/wicam.com\/wp-content\/uploads\/2020\/08\/EN_PrimaPower-scaled.jpg\" \/>\n\t<meta property=\"og:image:width\" content=\"2560\" \/>\n\t<meta property=\"og:image:height\" content=\"1440\" \/>\n\t<meta property=\"og:image:type\" content=\"image\/jpeg\" \/>\n<meta name=\"twitter:card\" content=\"summary_large_image\" \/>\n<meta name=\"twitter:label1\" content=\"Dur\u00e9e de lecture estim\u00e9e\" \/>\n\t<meta name=\"twitter:data1\" content=\"1 minute\" \/>\n<script type=\"application\/ld+json\" class=\"yoast-schema-graph\">{\"@context\":\"https:\\\/\\\/schema.org\",\"@graph\":[{\"@type\":\"WebPage\",\"@id\":\"https:\\\/\\\/wicam.com\\\/fr\\\/logiciel\\\/primapower\\\/\",\"url\":\"https:\\\/\\\/wicam.com\\\/fr\\\/logiciel\\\/primapower\\\/\",\"name\":\"CAO \\\/ CFAO \\\/ ERP Logiciel pour PrimaPower - WiCAM\",\"isPartOf\":{\"@id\":\"https:\\\/\\\/wicam.com\\\/fr\\\/#website\"},\"primaryImageOfPage\":{\"@id\":\"https:\\\/\\\/wicam.com\\\/fr\\\/logiciel\\\/primapower\\\/#primaryimage\"},\"image\":{\"@id\":\"https:\\\/\\\/wicam.com\\\/fr\\\/logiciel\\\/primapower\\\/#primaryimage\"},\"thumbnailUrl\":\"https:\\\/\\\/wicam.com\\\/wp-content\\\/uploads\\\/2020\\\/08\\\/EN_PrimaPower-scaled.jpg\",\"datePublished\":\"2019-11-13T13:22:27+00:00\",\"dateModified\":\"2021-02-24T13:08:07+00:00\",\"description\":\"Aujourd'hui, ce sont des milliers de machines qui produisent et communiquent avec les produits PN. Ce sont en particulier les connectivit\u00e9s ERP, les coupes communes pour le laser, le poin\u00e7onnage et les machines combin\u00e9s, les routines intelligentes, la communication d'\u00e9tat d'avancement, ainsi que la logistique des pi\u00e8ces enti\u00e8rement automatis\u00e9e avec divers syst\u00e8mes d'aspiration (LST, LSR) qui permettent \u00e0 nos clients d'acc\u00e9der \u00e0 des solutions automatis\u00e9es de nouvelle g\u00e9n\u00e9ration.\",\"breadcrumb\":{\"@id\":\"https:\\\/\\\/wicam.com\\\/fr\\\/logiciel\\\/primapower\\\/#breadcrumb\"},\"inLanguage\":\"fr-FR\",\"potentialAction\":[{\"@type\":\"ReadAction\",\"target\":[\"https:\\\/\\\/wicam.com\\\/fr\\\/logiciel\\\/primapower\\\/\"]}]},{\"@type\":\"ImageObject\",\"inLanguage\":\"fr-FR\",\"@id\":\"https:\\\/\\\/wicam.com\\\/fr\\\/logiciel\\\/primapower\\\/#primaryimage\",\"url\":\"https:\\\/\\\/wicam.com\\\/wp-content\\\/uploads\\\/2020\\\/08\\\/EN_PrimaPower-scaled.jpg\",\"contentUrl\":\"https:\\\/\\\/wicam.com\\\/wp-content\\\/uploads\\\/2020\\\/08\\\/EN_PrimaPower-scaled.jpg\",\"width\":2560,\"height\":1440},{\"@type\":\"BreadcrumbList\",\"@id\":\"https:\\\/\\\/wicam.com\\\/fr\\\/logiciel\\\/primapower\\\/#breadcrumb\",\"itemListElement\":[{\"@type\":\"ListItem\",\"position\":1,\"name\":\"Startseite\",\"item\":\"https:\\\/\\\/wicam.com\\\/fr\\\/\"},{\"@type\":\"ListItem\",\"position\":2,\"name\":\"Logiciel\",\"item\":\"https:\\\/\\\/wicam.com\\\/fr\\\/logiciel\\\/\"},{\"@type\":\"ListItem\",\"position\":3,\"name\":\"Prima Power\"}]},{\"@type\":\"WebSite\",\"@id\":\"https:\\\/\\\/wicam.com\\\/fr\\\/#website\",\"url\":\"https:\\\/\\\/wicam.com\\\/fr\\\/\",\"name\":\"WiCAM\",\"description\":\"Technische Software\",\"potentialAction\":[{\"@type\":\"SearchAction\",\"target\":{\"@type\":\"EntryPoint\",\"urlTemplate\":\"https:\\\/\\\/wicam.com\\\/fr\\\/?s={search_term_string}\"},\"query-input\":{\"@type\":\"PropertyValueSpecification\",\"valueRequired\":true,\"valueName\":\"search_term_string\"}}],\"inLanguage\":\"fr-FR\"}]}<\/script>\n<!-- \/ Yoast SEO plugin. -->","yoast_head_json":{"title":"CAO \/ CFAO \/ ERP Logiciel pour PrimaPower - WiCAM","description":"Aujourd'hui, ce sont des milliers de machines qui produisent et communiquent avec les produits PN. Ce sont en particulier les connectivit\u00e9s ERP, les coupes communes pour le laser, le poin\u00e7onnage et les machines combin\u00e9s, les routines intelligentes, la communication d'\u00e9tat d'avancement, ainsi que la logistique des pi\u00e8ces enti\u00e8rement automatis\u00e9e avec divers syst\u00e8mes d'aspiration (LST, LSR) qui permettent \u00e0 nos clients d'acc\u00e9der \u00e0 des solutions automatis\u00e9es de nouvelle g\u00e9n\u00e9ration.","robots":{"index":"index","follow":"follow","max-snippet":"max-snippet:-1","max-image-preview":"max-image-preview:large","max-video-preview":"max-video-preview:-1"},"canonical":"https:\/\/wicam.com\/fr\/logiciel\/primapower\/","og_locale":"fr_FR","og_type":"article","og_title":"CAO \/ CFAO \/ ERP Logiciel pour PrimaPower - WiCAM","og_description":"Aujourd'hui, ce sont des milliers de machines qui produisent et communiquent avec les produits PN. Ce sont en particulier les connectivit\u00e9s ERP, les coupes communes pour le laser, le poin\u00e7onnage et les machines combin\u00e9s, les routines intelligentes, la communication d'\u00e9tat d'avancement, ainsi que la logistique des pi\u00e8ces enti\u00e8rement automatis\u00e9e avec divers syst\u00e8mes d'aspiration (LST, LSR) qui permettent \u00e0 nos clients d'acc\u00e9der \u00e0 des solutions automatis\u00e9es de nouvelle g\u00e9n\u00e9ration.","og_url":"https:\/\/wicam.com\/fr\/logiciel\/primapower\/","og_site_name":"WiCAM","article_modified_time":"2021-02-24T13:08:07+00:00","og_image":[{"width":2560,"height":1440,"url":"https:\/\/wicam.com\/wp-content\/uploads\/2020\/08\/EN_PrimaPower-scaled.jpg","type":"image\/jpeg"}],"twitter_card":"summary_large_image","twitter_misc":{"Dur\u00e9e de lecture estim\u00e9e":"1 minute"},"schema":{"@context":"https:\/\/schema.org","@graph":[{"@type":"WebPage","@id":"https:\/\/wicam.com\/fr\/logiciel\/primapower\/","url":"https:\/\/wicam.com\/fr\/logiciel\/primapower\/","name":"CAO \/ CFAO \/ ERP Logiciel pour PrimaPower - WiCAM","isPartOf":{"@id":"https:\/\/wicam.com\/fr\/#website"},"primaryImageOfPage":{"@id":"https:\/\/wicam.com\/fr\/logiciel\/primapower\/#primaryimage"},"image":{"@id":"https:\/\/wicam.com\/fr\/logiciel\/primapower\/#primaryimage"},"thumbnailUrl":"https:\/\/wicam.com\/wp-content\/uploads\/2020\/08\/EN_PrimaPower-scaled.jpg","datePublished":"2019-11-13T13:22:27+00:00","dateModified":"2021-02-24T13:08:07+00:00","description":"Aujourd'hui, ce sont des milliers de machines qui produisent et communiquent avec les produits PN. Ce sont en particulier les connectivit\u00e9s ERP, les coupes communes pour le laser, le poin\u00e7onnage et les machines combin\u00e9s, les routines intelligentes, la communication d'\u00e9tat d'avancement, ainsi que la logistique des pi\u00e8ces enti\u00e8rement automatis\u00e9e avec divers syst\u00e8mes d'aspiration (LST, LSR) qui permettent \u00e0 nos clients d'acc\u00e9der \u00e0 des solutions automatis\u00e9es de nouvelle g\u00e9n\u00e9ration.","breadcrumb":{"@id":"https:\/\/wicam.com\/fr\/logiciel\/primapower\/#breadcrumb"},"inLanguage":"fr-FR","potentialAction":[{"@type":"ReadAction","target":["https:\/\/wicam.com\/fr\/logiciel\/primapower\/"]}]},{"@type":"ImageObject","inLanguage":"fr-FR","@id":"https:\/\/wicam.com\/fr\/logiciel\/primapower\/#primaryimage","url":"https:\/\/wicam.com\/wp-content\/uploads\/2020\/08\/EN_PrimaPower-scaled.jpg","contentUrl":"https:\/\/wicam.com\/wp-content\/uploads\/2020\/08\/EN_PrimaPower-scaled.jpg","width":2560,"height":1440},{"@type":"BreadcrumbList","@id":"https:\/\/wicam.com\/fr\/logiciel\/primapower\/#breadcrumb","itemListElement":[{"@type":"ListItem","position":1,"name":"Startseite","item":"https:\/\/wicam.com\/fr\/"},{"@type":"ListItem","position":2,"name":"Logiciel","item":"https:\/\/wicam.com\/fr\/logiciel\/"},{"@type":"ListItem","position":3,"name":"Prima Power"}]},{"@type":"WebSite","@id":"https:\/\/wicam.com\/fr\/#website","url":"https:\/\/wicam.com\/fr\/","name":"WiCAM","description":"Technische Software","potentialAction":[{"@type":"SearchAction","target":{"@type":"EntryPoint","urlTemplate":"https:\/\/wicam.com\/fr\/?s={search_term_string}"},"query-input":{"@type":"PropertyValueSpecification","valueRequired":true,"valueName":"search_term_string"}}],"inLanguage":"fr-FR"}]}},"_links":{"self":[{"href":"https:\/\/wicam.com\/fr\/wp-json\/wp\/v2\/pages\/13391","targetHints":{"allow":["GET"]}}],"collection":[{"href":"https:\/\/wicam.com\/fr\/wp-json\/wp\/v2\/pages"}],"about":[{"href":"https:\/\/wicam.com\/fr\/wp-json\/wp\/v2\/types\/page"}],"author":[{"embeddable":true,"href":"https:\/\/wicam.com\/fr\/wp-json\/wp\/v2\/users\/1"}],"replies":[{"embeddable":true,"href":"https:\/\/wicam.com\/fr\/wp-json\/wp\/v2\/comments?post=13391"}],"version-history":[{"count":0,"href":"https:\/\/wicam.com\/fr\/wp-json\/wp\/v2\/pages\/13391\/revisions"}],"up":[{"embeddable":true,"href":"https:\/\/wicam.com\/fr\/wp-json\/wp\/v2\/pages\/5755"}],"wp:featuredmedia":[{"embeddable":true,"href":"https:\/\/wicam.com\/fr\/wp-json\/wp\/v2\/media\/16520"}],"wp:attachment":[{"href":"https:\/\/wicam.com\/fr\/wp-json\/wp\/v2\/media?parent=13391"}],"curies":[{"name":"wp","href":"https:\/\/api.w.org\/{rel}","templated":true}]}}