{"id":13409,"date":"2019-11-13T14:23:51","date_gmt":"2019-11-13T13:23:51","guid":{"rendered":"https:\/\/www.wicam.com\/logiciel\/amada\/"},"modified":"2021-05-31T22:09:04","modified_gmt":"2021-05-31T20:09:04","slug":"amada","status":"publish","type":"page","link":"https:\/\/wicam.com\/fr\/logiciel\/amada\/","title":{"rendered":"Amada"},"content":{"rendered":"<p><a href=\"https:\/\/www.wicam.com\/fr\/logiciel\/\"><img loading=\"lazy\" decoding=\"async\" class=\"alignright wp-image-11564 size-medium\" src=\"https:\/\/www.wicam.com\/wp-content\/uploads\/2019\/11\/software-cadcamautomation2-300x211.jpg\" alt=\"\" width=\"300\" height=\"211\" srcset=\"https:\/\/wicam.com\/wp-content\/uploads\/2019\/11\/software-cadcamautomation2-300x211.jpg 300w, https:\/\/wicam.com\/wp-content\/uploads\/2019\/11\/software-cadcamautomation2.jpg 450w\" sizes=\"auto, (max-width: 300px) 100vw, 300px\" \/><\/a>Les solutions pour les machines Amada figurent depuis la fin des ann\u00e9es 80 dans les offres de WiCAM.<\/p>\n<p>\u2018\u2019Un logiciel solide pour des machines solides\u2019\u2019 \u00e9tait un argument convaincant pour beaucoup de clients. Aujourd&rsquo;hui, la plupart des machines automatis\u00e9es Amada communiquent et produisent avec les <a href=\"https:\/\/www.wicam.com\/cadcam-nesting-software\/\">produits PN<\/a>.<\/p>\n<p>Ce sont en particulier les connectivit\u00e9s ERP, les coupes communes pour le laser, le poin\u00e7onnage et les machines combin\u00e9s, ainsi que la logistique des pi\u00e8ces enti\u00e8rement automatis\u00e9e avec divers syst\u00e8mes d&rsquo;aspiration (TK L, PR III, L III) qui permettent \u00e0 nos clients d&rsquo;acc\u00e9der \u00e0 des solutions automatis\u00e9es de nouvelle g\u00e9n\u00e9ration.<\/p>\n<p><a class=\"btn\" href=\"\/marketing\/factsheets\/pn4000-fr-factsheet.pdf\" target=\"_blank\" rel=\"noopener\">Factsheet<\/a> <a class=\"btn\" href=\"\/fr\/contact\/\">obtenir une d\u00e9mo<\/a><\/p>\n","protected":false},"excerpt":{"rendered":"<p>Les solutions pour les machines Amada figurent depuis la fin des ann\u00e9es 80 dans les offres de WiCAM. \u2018\u2019Un logiciel solide pour des machines solides\u2019\u2019 \u00e9tait un argument convaincant pour beaucoup de clients. Aujourd&rsquo;hui, la plupart des machines automatis\u00e9es Amada communiquent et produisent avec les produits PN. Ce sont en particulier les connectivit\u00e9s ERP, les [&hellip;]<\/p>\n","protected":false},"author":1,"featured_media":7196,"parent":5755,"menu_order":0,"comment_status":"closed","ping_status":"closed","template":"page-software-single.php","meta":{"_acf_changed":false,"footnotes":""},"class_list":["post-13409","page","type-page","status-publish","has-post-thumbnail","hentry"],"acf":[],"yoast_head":"<!-- This site is optimized with the Yoast SEO plugin v27.4 - https:\/\/yoast.com\/product\/yoast-seo-wordpress\/ -->\n<title>CAO \/ CFAO \/ ERP Logiciel pour Amada Amada - WiCAM<\/title>\n<meta name=\"description\" content=\"Ce sont en particulier les connectivit\u00e9s ERP, les coupes communes pour le laser, le poin\u00e7onnage et les machines combin\u00e9s, ainsi que la logistique des pi\u00e8ces enti\u00e8rement automatis\u00e9e avec divers syst\u00e8mes d&#039;aspiration (TK L, PR III, L III) qui permettent \u00e0 nos clients d&#039;acc\u00e9der \u00e0 des solutions automatis\u00e9es de nouvelle g\u00e9n\u00e9ration.\" \/>\n<meta name=\"robots\" content=\"index, follow, max-snippet:-1, max-image-preview:large, max-video-preview:-1\" \/>\n<link rel=\"canonical\" href=\"https:\/\/wicam.com\/fr\/logiciel\/amada\/\" \/>\n<meta property=\"og:locale\" content=\"fr_FR\" \/>\n<meta property=\"og:type\" content=\"article\" \/>\n<meta property=\"og:title\" content=\"CAO \/ CFAO \/ ERP Logiciel pour Amada Amada - WiCAM\" \/>\n<meta property=\"og:description\" content=\"Ce sont en particulier les connectivit\u00e9s ERP, les coupes communes pour le laser, le poin\u00e7onnage et les machines combin\u00e9s, ainsi que la logistique des pi\u00e8ces enti\u00e8rement automatis\u00e9e avec divers syst\u00e8mes d&#039;aspiration (TK L, PR III, L III) qui permettent \u00e0 nos clients d&#039;acc\u00e9der \u00e0 des solutions automatis\u00e9es de nouvelle g\u00e9n\u00e9ration.\" \/>\n<meta property=\"og:url\" content=\"https:\/\/wicam.com\/fr\/logiciel\/amada\/\" \/>\n<meta property=\"og:site_name\" content=\"WiCAM\" \/>\n<meta property=\"article:modified_time\" content=\"2021-05-31T20:09:04+00:00\" \/>\n<meta property=\"og:image\" content=\"https:\/\/wicam.com\/wp-content\/uploads\/2018\/12\/header-nesting3.jpg\" \/>\n\t<meta property=\"og:image:width\" content=\"1750\" \/>\n\t<meta property=\"og:image:height\" content=\"984\" \/>\n\t<meta property=\"og:image:type\" content=\"image\/jpeg\" \/>\n<meta name=\"twitter:card\" content=\"summary_large_image\" \/>\n<meta name=\"twitter:label1\" content=\"Dur\u00e9e de lecture estim\u00e9e\" \/>\n\t<meta name=\"twitter:data1\" content=\"2 minutes\" \/>\n<script type=\"application\/ld+json\" class=\"yoast-schema-graph\">{\"@context\":\"https:\\\/\\\/schema.org\",\"@graph\":[{\"@type\":\"WebPage\",\"@id\":\"https:\\\/\\\/wicam.com\\\/fr\\\/logiciel\\\/amada\\\/\",\"url\":\"https:\\\/\\\/wicam.com\\\/fr\\\/logiciel\\\/amada\\\/\",\"name\":\"CAO \\\/ CFAO \\\/ ERP Logiciel pour Amada Amada - WiCAM\",\"isPartOf\":{\"@id\":\"https:\\\/\\\/wicam.com\\\/fr\\\/#website\"},\"primaryImageOfPage\":{\"@id\":\"https:\\\/\\\/wicam.com\\\/fr\\\/logiciel\\\/amada\\\/#primaryimage\"},\"image\":{\"@id\":\"https:\\\/\\\/wicam.com\\\/fr\\\/logiciel\\\/amada\\\/#primaryimage\"},\"thumbnailUrl\":\"https:\\\/\\\/wicam.com\\\/wp-content\\\/uploads\\\/2018\\\/12\\\/header-nesting3.jpg\",\"datePublished\":\"2019-11-13T13:23:51+00:00\",\"dateModified\":\"2021-05-31T20:09:04+00:00\",\"description\":\"Ce sont en particulier les connectivit\u00e9s ERP, les coupes communes pour le laser, le poin\u00e7onnage et les machines combin\u00e9s, ainsi que la logistique des pi\u00e8ces enti\u00e8rement automatis\u00e9e avec divers syst\u00e8mes d'aspiration (TK L, PR III, L III) qui permettent \u00e0 nos clients d'acc\u00e9der \u00e0 des solutions automatis\u00e9es de nouvelle g\u00e9n\u00e9ration.\",\"breadcrumb\":{\"@id\":\"https:\\\/\\\/wicam.com\\\/fr\\\/logiciel\\\/amada\\\/#breadcrumb\"},\"inLanguage\":\"fr-FR\",\"potentialAction\":[{\"@type\":\"ReadAction\",\"target\":[\"https:\\\/\\\/wicam.com\\\/fr\\\/logiciel\\\/amada\\\/\"]}]},{\"@type\":\"ImageObject\",\"inLanguage\":\"fr-FR\",\"@id\":\"https:\\\/\\\/wicam.com\\\/fr\\\/logiciel\\\/amada\\\/#primaryimage\",\"url\":\"https:\\\/\\\/wicam.com\\\/wp-content\\\/uploads\\\/2018\\\/12\\\/header-nesting3.jpg\",\"contentUrl\":\"https:\\\/\\\/wicam.com\\\/wp-content\\\/uploads\\\/2018\\\/12\\\/header-nesting3.jpg\",\"width\":1750,\"height\":984},{\"@type\":\"BreadcrumbList\",\"@id\":\"https:\\\/\\\/wicam.com\\\/fr\\\/logiciel\\\/amada\\\/#breadcrumb\",\"itemListElement\":[{\"@type\":\"ListItem\",\"position\":1,\"name\":\"Startseite\",\"item\":\"https:\\\/\\\/wicam.com\\\/fr\\\/\"},{\"@type\":\"ListItem\",\"position\":2,\"name\":\"Logiciel\",\"item\":\"https:\\\/\\\/wicam.com\\\/fr\\\/logiciel\\\/\"},{\"@type\":\"ListItem\",\"position\":3,\"name\":\"Amada\"}]},{\"@type\":\"WebSite\",\"@id\":\"https:\\\/\\\/wicam.com\\\/fr\\\/#website\",\"url\":\"https:\\\/\\\/wicam.com\\\/fr\\\/\",\"name\":\"WiCAM\",\"description\":\"Technische Software\",\"potentialAction\":[{\"@type\":\"SearchAction\",\"target\":{\"@type\":\"EntryPoint\",\"urlTemplate\":\"https:\\\/\\\/wicam.com\\\/fr\\\/?s={search_term_string}\"},\"query-input\":{\"@type\":\"PropertyValueSpecification\",\"valueRequired\":true,\"valueName\":\"search_term_string\"}}],\"inLanguage\":\"fr-FR\"}]}<\/script>\n<!-- \/ Yoast SEO plugin. -->","yoast_head_json":{"title":"CAO \/ CFAO \/ ERP Logiciel pour Amada Amada - WiCAM","description":"Ce sont en particulier les connectivit\u00e9s ERP, les coupes communes pour le laser, le poin\u00e7onnage et les machines combin\u00e9s, ainsi que la logistique des pi\u00e8ces enti\u00e8rement automatis\u00e9e avec divers syst\u00e8mes d'aspiration (TK L, PR III, L III) qui permettent \u00e0 nos clients d'acc\u00e9der \u00e0 des solutions automatis\u00e9es de nouvelle g\u00e9n\u00e9ration.","robots":{"index":"index","follow":"follow","max-snippet":"max-snippet:-1","max-image-preview":"max-image-preview:large","max-video-preview":"max-video-preview:-1"},"canonical":"https:\/\/wicam.com\/fr\/logiciel\/amada\/","og_locale":"fr_FR","og_type":"article","og_title":"CAO \/ CFAO \/ ERP Logiciel pour Amada Amada - WiCAM","og_description":"Ce sont en particulier les connectivit\u00e9s ERP, les coupes communes pour le laser, le poin\u00e7onnage et les machines combin\u00e9s, ainsi que la logistique des pi\u00e8ces enti\u00e8rement automatis\u00e9e avec divers syst\u00e8mes d'aspiration (TK L, PR III, L III) qui permettent \u00e0 nos clients d'acc\u00e9der \u00e0 des solutions automatis\u00e9es de nouvelle g\u00e9n\u00e9ration.","og_url":"https:\/\/wicam.com\/fr\/logiciel\/amada\/","og_site_name":"WiCAM","article_modified_time":"2021-05-31T20:09:04+00:00","og_image":[{"width":1750,"height":984,"url":"https:\/\/wicam.com\/wp-content\/uploads\/2018\/12\/header-nesting3.jpg","type":"image\/jpeg"}],"twitter_card":"summary_large_image","twitter_misc":{"Dur\u00e9e de lecture estim\u00e9e":"2 minutes"},"schema":{"@context":"https:\/\/schema.org","@graph":[{"@type":"WebPage","@id":"https:\/\/wicam.com\/fr\/logiciel\/amada\/","url":"https:\/\/wicam.com\/fr\/logiciel\/amada\/","name":"CAO \/ CFAO \/ ERP Logiciel pour Amada Amada - WiCAM","isPartOf":{"@id":"https:\/\/wicam.com\/fr\/#website"},"primaryImageOfPage":{"@id":"https:\/\/wicam.com\/fr\/logiciel\/amada\/#primaryimage"},"image":{"@id":"https:\/\/wicam.com\/fr\/logiciel\/amada\/#primaryimage"},"thumbnailUrl":"https:\/\/wicam.com\/wp-content\/uploads\/2018\/12\/header-nesting3.jpg","datePublished":"2019-11-13T13:23:51+00:00","dateModified":"2021-05-31T20:09:04+00:00","description":"Ce sont en particulier les connectivit\u00e9s ERP, les coupes communes pour le laser, le poin\u00e7onnage et les machines combin\u00e9s, ainsi que la logistique des pi\u00e8ces enti\u00e8rement automatis\u00e9e avec divers syst\u00e8mes d'aspiration (TK L, PR III, L III) qui permettent \u00e0 nos clients d'acc\u00e9der \u00e0 des solutions automatis\u00e9es de nouvelle g\u00e9n\u00e9ration.","breadcrumb":{"@id":"https:\/\/wicam.com\/fr\/logiciel\/amada\/#breadcrumb"},"inLanguage":"fr-FR","potentialAction":[{"@type":"ReadAction","target":["https:\/\/wicam.com\/fr\/logiciel\/amada\/"]}]},{"@type":"ImageObject","inLanguage":"fr-FR","@id":"https:\/\/wicam.com\/fr\/logiciel\/amada\/#primaryimage","url":"https:\/\/wicam.com\/wp-content\/uploads\/2018\/12\/header-nesting3.jpg","contentUrl":"https:\/\/wicam.com\/wp-content\/uploads\/2018\/12\/header-nesting3.jpg","width":1750,"height":984},{"@type":"BreadcrumbList","@id":"https:\/\/wicam.com\/fr\/logiciel\/amada\/#breadcrumb","itemListElement":[{"@type":"ListItem","position":1,"name":"Startseite","item":"https:\/\/wicam.com\/fr\/"},{"@type":"ListItem","position":2,"name":"Logiciel","item":"https:\/\/wicam.com\/fr\/logiciel\/"},{"@type":"ListItem","position":3,"name":"Amada"}]},{"@type":"WebSite","@id":"https:\/\/wicam.com\/fr\/#website","url":"https:\/\/wicam.com\/fr\/","name":"WiCAM","description":"Technische Software","potentialAction":[{"@type":"SearchAction","target":{"@type":"EntryPoint","urlTemplate":"https:\/\/wicam.com\/fr\/?s={search_term_string}"},"query-input":{"@type":"PropertyValueSpecification","valueRequired":true,"valueName":"search_term_string"}}],"inLanguage":"fr-FR"}]}},"_links":{"self":[{"href":"https:\/\/wicam.com\/fr\/wp-json\/wp\/v2\/pages\/13409","targetHints":{"allow":["GET"]}}],"collection":[{"href":"https:\/\/wicam.com\/fr\/wp-json\/wp\/v2\/pages"}],"about":[{"href":"https:\/\/wicam.com\/fr\/wp-json\/wp\/v2\/types\/page"}],"author":[{"embeddable":true,"href":"https:\/\/wicam.com\/fr\/wp-json\/wp\/v2\/users\/1"}],"replies":[{"embeddable":true,"href":"https:\/\/wicam.com\/fr\/wp-json\/wp\/v2\/comments?post=13409"}],"version-history":[{"count":0,"href":"https:\/\/wicam.com\/fr\/wp-json\/wp\/v2\/pages\/13409\/revisions"}],"up":[{"embeddable":true,"href":"https:\/\/wicam.com\/fr\/wp-json\/wp\/v2\/pages\/5755"}],"wp:featuredmedia":[{"embeddable":true,"href":"https:\/\/wicam.com\/fr\/wp-json\/wp\/v2\/media\/7196"}],"wp:attachment":[{"href":"https:\/\/wicam.com\/fr\/wp-json\/wp\/v2\/media?parent=13409"}],"curies":[{"name":"wp","href":"https:\/\/api.w.org\/{rel}","templated":true}]}}