{"id":13423,"date":"2019-11-13T14:27:10","date_gmt":"2019-11-13T13:27:10","guid":{"rendered":"https:\/\/www.wicam.com\/logiciel\/mazak\/"},"modified":"2021-02-24T15:49:09","modified_gmt":"2021-02-24T14:49:09","slug":"mazak","status":"publish","type":"page","link":"https:\/\/wicam.com\/fr\/logiciel\/mazak\/","title":{"rendered":"Mazak"},"content":{"rendered":"<p><a href=\"https:\/\/www.wicam.com\/fr\/logiciel\/\"><img loading=\"lazy\" decoding=\"async\" class=\"alignright wp-image-11564 size-medium\" src=\"https:\/\/www.wicam.com\/wp-content\/uploads\/2019\/11\/software-cadcamautomation2-300x211.jpg\" alt=\"\" width=\"300\" height=\"211\" srcset=\"https:\/\/wicam.com\/wp-content\/uploads\/2019\/11\/software-cadcamautomation2-300x211.jpg 300w, https:\/\/wicam.com\/wp-content\/uploads\/2019\/11\/software-cadcamautomation2.jpg 450w\" sizes=\"auto, (max-width: 300px) 100vw, 300px\" \/><\/a>Yamazaki Mazak Produit des \u00e9quipements Laser de haute qualit\u00e9.<\/p>\n<p>Les <a href=\"https:\/\/www.wicam.com\/fr\/logiciel\/pn4000\/\">post-processeurs<\/a> pour piloter les machines japonaises ont depuis toujours appartenues <a href=\"https:\/\/www.wicam.com\/fr\/logiciel\/\">aux offres WiCAM<\/a>, et permettent naturellement le pilotage des DDL (Direct Diode Laser).<\/p>\n<p>Ce sont en particulier les connectivit\u00e9s ERP, les coupes communes et les combinaisons avec les diff\u00e9rents processus de fabrication qui permettent \u00e0 nos clients, \u00e9quip\u00e9s de machines Mazak, d&rsquo;acc\u00e9der \u00e0 des solutions automatis\u00e9es de nouvelle g\u00e9n\u00e9ration.<\/p>\n<p><a class=\"btn\" href=\"\/marketing\/factsheets\/pn4000-fr-factsheet.pdf\" target=\"_blank\" rel=\"noopener\">Factsheet<\/a> <a class=\"btn\" href=\"\/fr\/contact\/\">obtenir une d\u00e9mo<\/a><\/p>\n<p>&nbsp;<\/p>\n<p>&nbsp;<\/p>\n<p><strong><a href=\"https:\/\/www.wicam.com\/fr\/mediathek\/broshuis-programme-avec-wicam\/\"><img loading=\"lazy\" decoding=\"async\" class=\"alignleft wp-image-14527\" src=\"http:\/\/wicam.com\/wp-content\/uploads\/2020\/03\/broshuis-bewertung-300x300.png\" alt=\"\" width=\"200\" height=\"200\" srcset=\"https:\/\/wicam.com\/wp-content\/uploads\/2020\/03\/broshuis-bewertung-300x300.png 300w, https:\/\/wicam.com\/wp-content\/uploads\/2020\/03\/broshuis-bewertung-150x150.png 150w, https:\/\/wicam.com\/wp-content\/uploads\/2020\/03\/broshuis-bewertung.png 450w\" sizes=\"auto, (max-width: 200px) 100vw, 200px\" \/><\/a><img loading=\"lazy\" decoding=\"async\" class=\"alignnone size-full wp-image-9380\" src=\"https:\/\/www.wicam.com\/wp-content\/uploads\/2020\/09\/rate2.png\" alt=\"\" width=\"86\" height=\"17\" \/> | Robin Kroon, Directeur g\u00e9n\u00e9ral de Broshuis:<\/strong><\/p>\n<p><em>\u00ab\u00a0Pour ce faire, PN4000 communique en temps r\u00e9el de mani\u00e8re bidirectionnelle avec l\u2019entrep\u00f4t Remmert. WiCAM nous aide \u00e0 combiner les ressources informatiques et de production avec une efficacit\u00e9, une vitesse de production et une flexibilit\u00e9 maximales.\u00a0\u00bb<\/em><\/p>\n<p><a class=\"btn\" href=\"\/fr\/mediathek\/broshuis-programme-avec-wicam\/\">Reportage d&rsquo;utilisateurs<\/a><\/p>\n<p>&nbsp;<\/p>\n","protected":false},"excerpt":{"rendered":"<p>Yamazaki Mazak Produit des \u00e9quipements Laser de haute qualit\u00e9. Les post-processeurs pour piloter les machines japonaises ont depuis toujours appartenues aux offres WiCAM, et permettent naturellement le pilotage des DDL (Direct Diode Laser). Ce sont en particulier les connectivit\u00e9s ERP, les coupes communes et les combinaisons avec les diff\u00e9rents processus de fabrication qui permettent \u00e0 [&hellip;]<\/p>\n","protected":false},"author":1,"featured_media":16865,"parent":5755,"menu_order":0,"comment_status":"closed","ping_status":"closed","template":"page-software-single.php","meta":{"_acf_changed":false,"footnotes":""},"class_list":["post-13423","page","type-page","status-publish","has-post-thumbnail","hentry"],"acf":[],"yoast_head":"<!-- This site is optimized with the Yoast SEO plugin v27.4 - https:\/\/yoast.com\/product\/yoast-seo-wordpress\/ -->\n<title>CAO \/ CFAO \/ ERP Logiciel pour Mazak - WiCAM<\/title>\n<meta name=\"description\" content=\"Ce sont en particulier les connectivit\u00e9s ERP, les coupes communes et les combinaisons avec les diff\u00e9rents processus de fabrication qui permettent \u00e0 nos clients, \u00e9quip\u00e9s de machines Mazak, d&#039;acc\u00e9der \u00e0 des solutions automatis\u00e9es de nouvelle g\u00e9n\u00e9ration.\" \/>\n<meta name=\"robots\" content=\"index, follow, max-snippet:-1, max-image-preview:large, max-video-preview:-1\" \/>\n<link rel=\"canonical\" href=\"https:\/\/wicam.com\/fr\/logiciel\/mazak\/\" \/>\n<meta property=\"og:locale\" content=\"fr_FR\" \/>\n<meta property=\"og:type\" content=\"article\" \/>\n<meta property=\"og:title\" content=\"CAO \/ CFAO \/ ERP Logiciel pour Mazak - WiCAM\" \/>\n<meta property=\"og:description\" content=\"Ce sont en particulier les connectivit\u00e9s ERP, les coupes communes et les combinaisons avec les diff\u00e9rents processus de fabrication qui permettent \u00e0 nos clients, \u00e9quip\u00e9s de machines Mazak, d&#039;acc\u00e9der \u00e0 des solutions automatis\u00e9es de nouvelle g\u00e9n\u00e9ration.\" \/>\n<meta property=\"og:url\" content=\"https:\/\/wicam.com\/fr\/logiciel\/mazak\/\" \/>\n<meta property=\"og:site_name\" content=\"WiCAM\" \/>\n<meta property=\"article:modified_time\" content=\"2021-02-24T14:49:09+00:00\" \/>\n<meta property=\"og:image\" content=\"https:\/\/wicam.com\/wp-content\/uploads\/2020\/09\/EN.jpg\" \/>\n\t<meta property=\"og:image:width\" content=\"1000\" \/>\n\t<meta property=\"og:image:height\" content=\"563\" \/>\n\t<meta property=\"og:image:type\" content=\"image\/jpeg\" \/>\n<meta name=\"twitter:card\" content=\"summary_large_image\" \/>\n<meta name=\"twitter:label1\" content=\"Dur\u00e9e de lecture estim\u00e9e\" \/>\n\t<meta name=\"twitter:data1\" content=\"1 minute\" \/>\n<script type=\"application\/ld+json\" class=\"yoast-schema-graph\">{\"@context\":\"https:\\\/\\\/schema.org\",\"@graph\":[{\"@type\":\"WebPage\",\"@id\":\"https:\\\/\\\/wicam.com\\\/fr\\\/logiciel\\\/mazak\\\/\",\"url\":\"https:\\\/\\\/wicam.com\\\/fr\\\/logiciel\\\/mazak\\\/\",\"name\":\"CAO \\\/ CFAO \\\/ ERP Logiciel pour Mazak - WiCAM\",\"isPartOf\":{\"@id\":\"https:\\\/\\\/wicam.com\\\/fr\\\/#website\"},\"primaryImageOfPage\":{\"@id\":\"https:\\\/\\\/wicam.com\\\/fr\\\/logiciel\\\/mazak\\\/#primaryimage\"},\"image\":{\"@id\":\"https:\\\/\\\/wicam.com\\\/fr\\\/logiciel\\\/mazak\\\/#primaryimage\"},\"thumbnailUrl\":\"https:\\\/\\\/wicam.com\\\/wp-content\\\/uploads\\\/2020\\\/09\\\/EN.jpg\",\"datePublished\":\"2019-11-13T13:27:10+00:00\",\"dateModified\":\"2021-02-24T14:49:09+00:00\",\"description\":\"Ce sont en particulier les connectivit\u00e9s ERP, les coupes communes et les combinaisons avec les diff\u00e9rents processus de fabrication qui permettent \u00e0 nos clients, \u00e9quip\u00e9s de machines Mazak, d'acc\u00e9der \u00e0 des solutions automatis\u00e9es de nouvelle g\u00e9n\u00e9ration.\",\"breadcrumb\":{\"@id\":\"https:\\\/\\\/wicam.com\\\/fr\\\/logiciel\\\/mazak\\\/#breadcrumb\"},\"inLanguage\":\"fr-FR\",\"potentialAction\":[{\"@type\":\"ReadAction\",\"target\":[\"https:\\\/\\\/wicam.com\\\/fr\\\/logiciel\\\/mazak\\\/\"]}]},{\"@type\":\"ImageObject\",\"inLanguage\":\"fr-FR\",\"@id\":\"https:\\\/\\\/wicam.com\\\/fr\\\/logiciel\\\/mazak\\\/#primaryimage\",\"url\":\"https:\\\/\\\/wicam.com\\\/wp-content\\\/uploads\\\/2020\\\/09\\\/EN.jpg\",\"contentUrl\":\"https:\\\/\\\/wicam.com\\\/wp-content\\\/uploads\\\/2020\\\/09\\\/EN.jpg\",\"width\":1000,\"height\":563},{\"@type\":\"BreadcrumbList\",\"@id\":\"https:\\\/\\\/wicam.com\\\/fr\\\/logiciel\\\/mazak\\\/#breadcrumb\",\"itemListElement\":[{\"@type\":\"ListItem\",\"position\":1,\"name\":\"Startseite\",\"item\":\"https:\\\/\\\/wicam.com\\\/fr\\\/\"},{\"@type\":\"ListItem\",\"position\":2,\"name\":\"Logiciel\",\"item\":\"https:\\\/\\\/wicam.com\\\/fr\\\/logiciel\\\/\"},{\"@type\":\"ListItem\",\"position\":3,\"name\":\"Mazak\"}]},{\"@type\":\"WebSite\",\"@id\":\"https:\\\/\\\/wicam.com\\\/fr\\\/#website\",\"url\":\"https:\\\/\\\/wicam.com\\\/fr\\\/\",\"name\":\"WiCAM\",\"description\":\"Technische Software\",\"potentialAction\":[{\"@type\":\"SearchAction\",\"target\":{\"@type\":\"EntryPoint\",\"urlTemplate\":\"https:\\\/\\\/wicam.com\\\/fr\\\/?s={search_term_string}\"},\"query-input\":{\"@type\":\"PropertyValueSpecification\",\"valueRequired\":true,\"valueName\":\"search_term_string\"}}],\"inLanguage\":\"fr-FR\"}]}<\/script>\n<!-- \/ Yoast SEO plugin. -->","yoast_head_json":{"title":"CAO \/ CFAO \/ ERP Logiciel pour Mazak - WiCAM","description":"Ce sont en particulier les connectivit\u00e9s ERP, les coupes communes et les combinaisons avec les diff\u00e9rents processus de fabrication qui permettent \u00e0 nos clients, \u00e9quip\u00e9s de machines Mazak, d'acc\u00e9der \u00e0 des solutions automatis\u00e9es de nouvelle g\u00e9n\u00e9ration.","robots":{"index":"index","follow":"follow","max-snippet":"max-snippet:-1","max-image-preview":"max-image-preview:large","max-video-preview":"max-video-preview:-1"},"canonical":"https:\/\/wicam.com\/fr\/logiciel\/mazak\/","og_locale":"fr_FR","og_type":"article","og_title":"CAO \/ CFAO \/ ERP Logiciel pour Mazak - WiCAM","og_description":"Ce sont en particulier les connectivit\u00e9s ERP, les coupes communes et les combinaisons avec les diff\u00e9rents processus de fabrication qui permettent \u00e0 nos clients, \u00e9quip\u00e9s de machines Mazak, d'acc\u00e9der \u00e0 des solutions automatis\u00e9es de nouvelle g\u00e9n\u00e9ration.","og_url":"https:\/\/wicam.com\/fr\/logiciel\/mazak\/","og_site_name":"WiCAM","article_modified_time":"2021-02-24T14:49:09+00:00","og_image":[{"width":1000,"height":563,"url":"https:\/\/wicam.com\/wp-content\/uploads\/2020\/09\/EN.jpg","type":"image\/jpeg"}],"twitter_card":"summary_large_image","twitter_misc":{"Dur\u00e9e de lecture estim\u00e9e":"1 minute"},"schema":{"@context":"https:\/\/schema.org","@graph":[{"@type":"WebPage","@id":"https:\/\/wicam.com\/fr\/logiciel\/mazak\/","url":"https:\/\/wicam.com\/fr\/logiciel\/mazak\/","name":"CAO \/ CFAO \/ ERP Logiciel pour Mazak - WiCAM","isPartOf":{"@id":"https:\/\/wicam.com\/fr\/#website"},"primaryImageOfPage":{"@id":"https:\/\/wicam.com\/fr\/logiciel\/mazak\/#primaryimage"},"image":{"@id":"https:\/\/wicam.com\/fr\/logiciel\/mazak\/#primaryimage"},"thumbnailUrl":"https:\/\/wicam.com\/wp-content\/uploads\/2020\/09\/EN.jpg","datePublished":"2019-11-13T13:27:10+00:00","dateModified":"2021-02-24T14:49:09+00:00","description":"Ce sont en particulier les connectivit\u00e9s ERP, les coupes communes et les combinaisons avec les diff\u00e9rents processus de fabrication qui permettent \u00e0 nos clients, \u00e9quip\u00e9s de machines Mazak, d'acc\u00e9der \u00e0 des solutions automatis\u00e9es de nouvelle g\u00e9n\u00e9ration.","breadcrumb":{"@id":"https:\/\/wicam.com\/fr\/logiciel\/mazak\/#breadcrumb"},"inLanguage":"fr-FR","potentialAction":[{"@type":"ReadAction","target":["https:\/\/wicam.com\/fr\/logiciel\/mazak\/"]}]},{"@type":"ImageObject","inLanguage":"fr-FR","@id":"https:\/\/wicam.com\/fr\/logiciel\/mazak\/#primaryimage","url":"https:\/\/wicam.com\/wp-content\/uploads\/2020\/09\/EN.jpg","contentUrl":"https:\/\/wicam.com\/wp-content\/uploads\/2020\/09\/EN.jpg","width":1000,"height":563},{"@type":"BreadcrumbList","@id":"https:\/\/wicam.com\/fr\/logiciel\/mazak\/#breadcrumb","itemListElement":[{"@type":"ListItem","position":1,"name":"Startseite","item":"https:\/\/wicam.com\/fr\/"},{"@type":"ListItem","position":2,"name":"Logiciel","item":"https:\/\/wicam.com\/fr\/logiciel\/"},{"@type":"ListItem","position":3,"name":"Mazak"}]},{"@type":"WebSite","@id":"https:\/\/wicam.com\/fr\/#website","url":"https:\/\/wicam.com\/fr\/","name":"WiCAM","description":"Technische Software","potentialAction":[{"@type":"SearchAction","target":{"@type":"EntryPoint","urlTemplate":"https:\/\/wicam.com\/fr\/?s={search_term_string}"},"query-input":{"@type":"PropertyValueSpecification","valueRequired":true,"valueName":"search_term_string"}}],"inLanguage":"fr-FR"}]}},"_links":{"self":[{"href":"https:\/\/wicam.com\/fr\/wp-json\/wp\/v2\/pages\/13423","targetHints":{"allow":["GET"]}}],"collection":[{"href":"https:\/\/wicam.com\/fr\/wp-json\/wp\/v2\/pages"}],"about":[{"href":"https:\/\/wicam.com\/fr\/wp-json\/wp\/v2\/types\/page"}],"author":[{"embeddable":true,"href":"https:\/\/wicam.com\/fr\/wp-json\/wp\/v2\/users\/1"}],"replies":[{"embeddable":true,"href":"https:\/\/wicam.com\/fr\/wp-json\/wp\/v2\/comments?post=13423"}],"version-history":[{"count":0,"href":"https:\/\/wicam.com\/fr\/wp-json\/wp\/v2\/pages\/13423\/revisions"}],"up":[{"embeddable":true,"href":"https:\/\/wicam.com\/fr\/wp-json\/wp\/v2\/pages\/5755"}],"wp:featuredmedia":[{"embeddable":true,"href":"https:\/\/wicam.com\/fr\/wp-json\/wp\/v2\/media\/16865"}],"wp:attachment":[{"href":"https:\/\/wicam.com\/fr\/wp-json\/wp\/v2\/media?parent=13423"}],"curies":[{"name":"wp","href":"https:\/\/api.w.org\/{rel}","templated":true}]}}