{"id":13439,"date":"2019-11-13T14:25:07","date_gmt":"2019-11-13T13:25:07","guid":{"rendered":"https:\/\/www.wicam.com\/logiciel\/bystronic\/"},"modified":"2021-05-31T18:17:15","modified_gmt":"2021-05-31T16:17:15","slug":"bystronic","status":"publish","type":"page","link":"https:\/\/wicam.com\/fr\/logiciel\/bystronic\/","title":{"rendered":"Bystronic"},"content":{"rendered":"<p><a href=\"https:\/\/www.wicam.com\/fr\/logiciel\/\"><img loading=\"lazy\" decoding=\"async\" class=\"alignright wp-image-11564 size-medium\" src=\"https:\/\/wicam.com\/wp-content\/uploads\/2019\/11\/software-cadcamautomation2-300x211.jpg\" alt=\"\" width=\"300\" height=\"211\" srcset=\"https:\/\/wicam.com\/wp-content\/uploads\/2019\/11\/software-cadcamautomation2-300x211.jpg 300w, https:\/\/wicam.com\/wp-content\/uploads\/2019\/11\/software-cadcamautomation2.jpg 450w\" sizes=\"auto, (max-width: 300px) 100vw, 300px\" \/><\/a>La soci\u00e9t\u00e9 Bystronic poss\u00e8de une longue tradition dans la production de machines de haute qualit\u00e9 dans le domaine du laser, du jet d&rsquo;eau et du pliage.<\/p>\n<p>D\u00e9j\u00e0 dans les ann\u00e9es 90, WiCAM a d\u00e9velopp\u00e9 les premiers Post-processeur pour les machines. Aujourd&rsquo;hui, ce sont des milliers de machines originaires de la Suisse qui communiquent et produisent avec les <a href=\"https:\/\/www.wicam.com\/fr\/logiciel\/\">produits PN<\/a>.<\/p>\n<p>Ce sont en particulier les connectivit\u00e9s ERP, les coupes communes et les combinaisons avec les diff\u00e9rents processus de fabrication qui permettent \u00e0 nos clients, \u00e9quip\u00e9s de machines Bystronic, d&rsquo;acc\u00e9der \u00e0 des solutions automatis\u00e9es de nouvelle g\u00e9n\u00e9ration.<\/p>\n<p><a class=\"btn\" href=\"\/marketing\/factsheets\/pn4000-fr-factsheet.pdf\" target=\"_blank\" rel=\"noopener\">Factsheet<\/a> <a class=\"btn\" href=\"\/fr\/contact\/\">obtenir une d\u00e9mo<\/a><\/p>\n","protected":false},"excerpt":{"rendered":"<p>La soci\u00e9t\u00e9 Bystronic poss\u00e8de une longue tradition dans la production de machines de haute qualit\u00e9 dans le domaine du laser, du jet d&rsquo;eau et du pliage. D\u00e9j\u00e0 dans les ann\u00e9es 90, WiCAM a d\u00e9velopp\u00e9 les premiers Post-processeur pour les machines. Aujourd&rsquo;hui, ce sont des milliers de machines originaires de la Suisse qui communiquent et produisent [&hellip;]<\/p>\n","protected":false},"author":1,"featured_media":16637,"parent":5755,"menu_order":0,"comment_status":"closed","ping_status":"closed","template":"page-software-single.php","meta":{"_acf_changed":false,"footnotes":""},"class_list":["post-13439","page","type-page","status-publish","has-post-thumbnail","hentry"],"acf":[],"yoast_head":"<!-- This site is optimized with the Yoast SEO plugin v27.2 - https:\/\/yoast.com\/product\/yoast-seo-wordpress\/ -->\n<title>CAO \/ CFAO \/ ERP Logiciel pour Bystronic - WiCAM<\/title>\n<meta name=\"description\" content=\"Imbrication - Laser - Jet d&#039;eau - Pliage | Ce sont en particulier les connectivit\u00e9s ERP, les coupes communes et les combinaisons avec les diff\u00e9rents processus de fabrication qui permettent \u00e0 nos clients, \u00e9quip\u00e9s de machines Bystronic, d&#039;acc\u00e9der \u00e0 des solutions automatis\u00e9es de nouvelle g\u00e9n\u00e9ration.\" \/>\n<meta name=\"robots\" content=\"index, follow, max-snippet:-1, max-image-preview:large, max-video-preview:-1\" \/>\n<link rel=\"canonical\" href=\"https:\/\/wicam.com\/fr\/logiciel\/bystronic\/\" \/>\n<meta property=\"og:locale\" content=\"fr_FR\" \/>\n<meta property=\"og:type\" content=\"article\" \/>\n<meta property=\"og:title\" content=\"CAO \/ CFAO \/ ERP Logiciel pour Bystronic - WiCAM\" \/>\n<meta property=\"og:description\" content=\"Imbrication - Laser - Jet d&#039;eau - Pliage | Ce sont en particulier les connectivit\u00e9s ERP, les coupes communes et les combinaisons avec les diff\u00e9rents processus de fabrication qui permettent \u00e0 nos clients, \u00e9quip\u00e9s de machines Bystronic, d&#039;acc\u00e9der \u00e0 des solutions automatis\u00e9es de nouvelle g\u00e9n\u00e9ration.\" \/>\n<meta property=\"og:url\" content=\"https:\/\/wicam.com\/fr\/logiciel\/bystronic\/\" \/>\n<meta property=\"og:site_name\" content=\"WiCAM\" \/>\n<meta property=\"article:modified_time\" content=\"2021-05-31T16:17:15+00:00\" \/>\n<meta property=\"og:image\" content=\"https:\/\/wicam.com\/wp-content\/uploads\/2020\/08\/EN.jpg\" \/>\n\t<meta property=\"og:image:width\" content=\"1000\" \/>\n\t<meta property=\"og:image:height\" content=\"563\" \/>\n\t<meta property=\"og:image:type\" content=\"image\/jpeg\" \/>\n<meta name=\"twitter:card\" content=\"summary_large_image\" \/>\n<meta name=\"twitter:label1\" content=\"Dur\u00e9e de lecture estim\u00e9e\" \/>\n\t<meta name=\"twitter:data1\" content=\"1 minute\" \/>\n<script type=\"application\/ld+json\" class=\"yoast-schema-graph\">{\"@context\":\"https:\/\/schema.org\",\"@graph\":[{\"@type\":\"WebPage\",\"@id\":\"https:\/\/wicam.com\/fr\/logiciel\/bystronic\/\",\"url\":\"https:\/\/wicam.com\/fr\/logiciel\/bystronic\/\",\"name\":\"CAO \/ CFAO \/ ERP Logiciel pour Bystronic - WiCAM\",\"isPartOf\":{\"@id\":\"https:\/\/wicam.com\/fr\/#website\"},\"primaryImageOfPage\":{\"@id\":\"https:\/\/wicam.com\/fr\/logiciel\/bystronic\/#primaryimage\"},\"image\":{\"@id\":\"https:\/\/wicam.com\/fr\/logiciel\/bystronic\/#primaryimage\"},\"thumbnailUrl\":\"https:\/\/wicam.com\/wp-content\/uploads\/2020\/08\/EN.jpg\",\"datePublished\":\"2019-11-13T13:25:07+00:00\",\"dateModified\":\"2021-05-31T16:17:15+00:00\",\"description\":\"Imbrication - Laser - Jet d'eau - Pliage | Ce sont en particulier les connectivit\u00e9s ERP, les coupes communes et les combinaisons avec les diff\u00e9rents processus de fabrication qui permettent \u00e0 nos clients, \u00e9quip\u00e9s de machines Bystronic, d'acc\u00e9der \u00e0 des solutions automatis\u00e9es de nouvelle g\u00e9n\u00e9ration.\",\"breadcrumb\":{\"@id\":\"https:\/\/wicam.com\/fr\/logiciel\/bystronic\/#breadcrumb\"},\"inLanguage\":\"fr-FR\",\"potentialAction\":[{\"@type\":\"ReadAction\",\"target\":[\"https:\/\/wicam.com\/fr\/logiciel\/bystronic\/\"]}]},{\"@type\":\"ImageObject\",\"inLanguage\":\"fr-FR\",\"@id\":\"https:\/\/wicam.com\/fr\/logiciel\/bystronic\/#primaryimage\",\"url\":\"https:\/\/wicam.com\/wp-content\/uploads\/2020\/08\/EN.jpg\",\"contentUrl\":\"https:\/\/wicam.com\/wp-content\/uploads\/2020\/08\/EN.jpg\",\"width\":1000,\"height\":563},{\"@type\":\"BreadcrumbList\",\"@id\":\"https:\/\/wicam.com\/fr\/logiciel\/bystronic\/#breadcrumb\",\"itemListElement\":[{\"@type\":\"ListItem\",\"position\":1,\"name\":\"Startseite\",\"item\":\"https:\/\/wicam.com\/fr\/\"},{\"@type\":\"ListItem\",\"position\":2,\"name\":\"Logiciel\",\"item\":\"https:\/\/wicam.com\/fr\/logiciel\/\"},{\"@type\":\"ListItem\",\"position\":3,\"name\":\"Bystronic\"}]},{\"@type\":\"WebSite\",\"@id\":\"https:\/\/wicam.com\/fr\/#website\",\"url\":\"https:\/\/wicam.com\/fr\/\",\"name\":\"WiCAM\",\"description\":\"Technische Software\",\"potentialAction\":[{\"@type\":\"SearchAction\",\"target\":{\"@type\":\"EntryPoint\",\"urlTemplate\":\"https:\/\/wicam.com\/fr\/?s={search_term_string}\"},\"query-input\":{\"@type\":\"PropertyValueSpecification\",\"valueRequired\":true,\"valueName\":\"search_term_string\"}}],\"inLanguage\":\"fr-FR\"}]}<\/script>\n<!-- \/ Yoast SEO plugin. -->","yoast_head_json":{"title":"CAO \/ CFAO \/ ERP Logiciel pour Bystronic - WiCAM","description":"Imbrication - Laser - Jet d'eau - Pliage | Ce sont en particulier les connectivit\u00e9s ERP, les coupes communes et les combinaisons avec les diff\u00e9rents processus de fabrication qui permettent \u00e0 nos clients, \u00e9quip\u00e9s de machines Bystronic, d'acc\u00e9der \u00e0 des solutions automatis\u00e9es de nouvelle g\u00e9n\u00e9ration.","robots":{"index":"index","follow":"follow","max-snippet":"max-snippet:-1","max-image-preview":"max-image-preview:large","max-video-preview":"max-video-preview:-1"},"canonical":"https:\/\/wicam.com\/fr\/logiciel\/bystronic\/","og_locale":"fr_FR","og_type":"article","og_title":"CAO \/ CFAO \/ ERP Logiciel pour Bystronic - WiCAM","og_description":"Imbrication - Laser - Jet d'eau - Pliage | Ce sont en particulier les connectivit\u00e9s ERP, les coupes communes et les combinaisons avec les diff\u00e9rents processus de fabrication qui permettent \u00e0 nos clients, \u00e9quip\u00e9s de machines Bystronic, d'acc\u00e9der \u00e0 des solutions automatis\u00e9es de nouvelle g\u00e9n\u00e9ration.","og_url":"https:\/\/wicam.com\/fr\/logiciel\/bystronic\/","og_site_name":"WiCAM","article_modified_time":"2021-05-31T16:17:15+00:00","og_image":[{"width":1000,"height":563,"url":"https:\/\/wicam.com\/wp-content\/uploads\/2020\/08\/EN.jpg","type":"image\/jpeg"}],"twitter_card":"summary_large_image","twitter_misc":{"Dur\u00e9e de lecture estim\u00e9e":"1 minute"},"schema":{"@context":"https:\/\/schema.org","@graph":[{"@type":"WebPage","@id":"https:\/\/wicam.com\/fr\/logiciel\/bystronic\/","url":"https:\/\/wicam.com\/fr\/logiciel\/bystronic\/","name":"CAO \/ CFAO \/ ERP Logiciel pour Bystronic - WiCAM","isPartOf":{"@id":"https:\/\/wicam.com\/fr\/#website"},"primaryImageOfPage":{"@id":"https:\/\/wicam.com\/fr\/logiciel\/bystronic\/#primaryimage"},"image":{"@id":"https:\/\/wicam.com\/fr\/logiciel\/bystronic\/#primaryimage"},"thumbnailUrl":"https:\/\/wicam.com\/wp-content\/uploads\/2020\/08\/EN.jpg","datePublished":"2019-11-13T13:25:07+00:00","dateModified":"2021-05-31T16:17:15+00:00","description":"Imbrication - Laser - Jet d'eau - Pliage | Ce sont en particulier les connectivit\u00e9s ERP, les coupes communes et les combinaisons avec les diff\u00e9rents processus de fabrication qui permettent \u00e0 nos clients, \u00e9quip\u00e9s de machines Bystronic, d'acc\u00e9der \u00e0 des solutions automatis\u00e9es de nouvelle g\u00e9n\u00e9ration.","breadcrumb":{"@id":"https:\/\/wicam.com\/fr\/logiciel\/bystronic\/#breadcrumb"},"inLanguage":"fr-FR","potentialAction":[{"@type":"ReadAction","target":["https:\/\/wicam.com\/fr\/logiciel\/bystronic\/"]}]},{"@type":"ImageObject","inLanguage":"fr-FR","@id":"https:\/\/wicam.com\/fr\/logiciel\/bystronic\/#primaryimage","url":"https:\/\/wicam.com\/wp-content\/uploads\/2020\/08\/EN.jpg","contentUrl":"https:\/\/wicam.com\/wp-content\/uploads\/2020\/08\/EN.jpg","width":1000,"height":563},{"@type":"BreadcrumbList","@id":"https:\/\/wicam.com\/fr\/logiciel\/bystronic\/#breadcrumb","itemListElement":[{"@type":"ListItem","position":1,"name":"Startseite","item":"https:\/\/wicam.com\/fr\/"},{"@type":"ListItem","position":2,"name":"Logiciel","item":"https:\/\/wicam.com\/fr\/logiciel\/"},{"@type":"ListItem","position":3,"name":"Bystronic"}]},{"@type":"WebSite","@id":"https:\/\/wicam.com\/fr\/#website","url":"https:\/\/wicam.com\/fr\/","name":"WiCAM","description":"Technische Software","potentialAction":[{"@type":"SearchAction","target":{"@type":"EntryPoint","urlTemplate":"https:\/\/wicam.com\/fr\/?s={search_term_string}"},"query-input":{"@type":"PropertyValueSpecification","valueRequired":true,"valueName":"search_term_string"}}],"inLanguage":"fr-FR"}]}},"_links":{"self":[{"href":"https:\/\/wicam.com\/fr\/wp-json\/wp\/v2\/pages\/13439","targetHints":{"allow":["GET"]}}],"collection":[{"href":"https:\/\/wicam.com\/fr\/wp-json\/wp\/v2\/pages"}],"about":[{"href":"https:\/\/wicam.com\/fr\/wp-json\/wp\/v2\/types\/page"}],"author":[{"embeddable":true,"href":"https:\/\/wicam.com\/fr\/wp-json\/wp\/v2\/users\/1"}],"replies":[{"embeddable":true,"href":"https:\/\/wicam.com\/fr\/wp-json\/wp\/v2\/comments?post=13439"}],"version-history":[{"count":0,"href":"https:\/\/wicam.com\/fr\/wp-json\/wp\/v2\/pages\/13439\/revisions"}],"up":[{"embeddable":true,"href":"https:\/\/wicam.com\/fr\/wp-json\/wp\/v2\/pages\/5755"}],"wp:featuredmedia":[{"embeddable":true,"href":"https:\/\/wicam.com\/fr\/wp-json\/wp\/v2\/media\/16637"}],"wp:attachment":[{"href":"https:\/\/wicam.com\/fr\/wp-json\/wp\/v2\/media?parent=13439"}],"curies":[{"name":"wp","href":"https:\/\/api.w.org\/{rel}","templated":true}]}}