{"id":13456,"date":"2019-12-23T15:31:29","date_gmt":"2019-12-23T14:31:29","guid":{"rendered":"https:\/\/www.wicam.com\/logiciel\/erp-pps-anbindung-fuer-cnc-fertigung\/"},"modified":"2021-02-25T08:43:24","modified_gmt":"2021-02-25T07:43:24","slug":"cao-cfao-logiciel-dimbrication","status":"publish","type":"page","link":"https:\/\/wicam.com\/fr\/logiciel\/cao-cfao-logiciel-dimbrication\/","title":{"rendered":"CAO\/CFAO Logiciel d\u00b4imbrication &#8211; avec connection ERP pour automatisation"},"content":{"rendered":"<p><a href=\"https:\/\/www.wicam.com\/fr\/logiciel\/\"><img loading=\"lazy\" decoding=\"async\" class=\"alignright wp-image-11564 size-medium\" src=\"https:\/\/wicam.com\/wp-content\/uploads\/2019\/11\/software-cadcamautomation2-300x211.jpg\" alt=\"\" width=\"300\" height=\"211\" srcset=\"https:\/\/wicam.com\/wp-content\/uploads\/2019\/11\/software-cadcamautomation2-300x211.jpg 300w, https:\/\/wicam.com\/wp-content\/uploads\/2019\/11\/software-cadcamautomation2.jpg 450w\" sizes=\"auto, (max-width: 300px) 100vw, 300px\" \/><\/a>La cr\u00e9ation de <a href=\"https:\/\/www.wicam.com\/fr\/logiciel\/pn4000\/\">solutions automatis\u00e9es<\/a> bas\u00e9s sur la CAO et les offres de fabrication figurent depuis toujours aux comp\u00e9tences cl\u00e9s de WiCAM.<\/p>\n<p>Cela inclus la communication avec les diverses solutions des syst\u00e8mes de stockage, de logistique de transport, syst\u00e8mes d&rsquo;application et de logiciels de chiffrages.<\/p>\n<p>Ce sont en particulier les connectivit\u00e9s ERP qui permettent \u00e0 nos clients, d\u2019acc\u00e9der \u00e0 des solutions automatis\u00e9es de nouvelle g\u00e9n\u00e9ration, de la mati\u00e8re premi\u00e8re, \u00e0 travers la production, la livraison, jusqu&rsquo;aux calculs des co\u00fbts et des analyses.<\/p>\n<p><a class=\"btn\" href=\"\/marketing\/factsheets\/pn4000-fr-factsheet.pdf\" target=\"_blank\" rel=\"noopener\">Factsheet<\/a> <a class=\"btn\" href=\"\/fr\/contact\/\">obtenir une d\u00e9mo<\/a><\/p>\n<p>&nbsp;<\/p>\n<p>&nbsp;<\/p>\n<p><a href=\"https:\/\/www.wicam.com\/fr\/mediathek\/cadcam-nesting-gruau-programme-avec-wicam\/\"><img loading=\"lazy\" decoding=\"async\" class=\"alignleft wp-image-14492\" src=\"http:\/\/wicam.com\/wp-content\/uploads\/2020\/03\/gruau-bewertung-300x300.png\" alt=\"\" width=\"200\" height=\"200\" srcset=\"https:\/\/wicam.com\/wp-content\/uploads\/2020\/03\/gruau-bewertung-300x300.png 300w, https:\/\/wicam.com\/wp-content\/uploads\/2020\/03\/gruau-bewertung-150x150.png 150w, https:\/\/wicam.com\/wp-content\/uploads\/2020\/03\/gruau-bewertung.png 450w\" sizes=\"auto, (max-width: 200px) 100vw, 200px\" \/><\/a><img loading=\"lazy\" decoding=\"async\" class=\"alignnone size-full wp-image-9380\" src=\"https:\/\/www.wicam.com\/wp-content\/uploads\/2020\/09\/rate2.png\" alt=\"\" width=\"86\" height=\"17\" \/> | <strong>M. Louis Reni\u00e9 explique les origines:<\/strong><\/p>\n<p><em>\u201eIIl y a dix ans, nous produisions avec des machines de marques Amada et de leurs logiciels associ\u00e9s. Lorsque notre premi\u00e8re machine Trumpf a \u00e9t\u00e9 achet\u00e9, nous avions besoin d\u2019un logiciel d\u2019imbrication prenant en charge toutes nos machines de fabricants diff\u00e9rents. En outre, il y avait d\u00e9j\u00e0 un besoin urgent de r\u00e9aliser la fabrication en int\u00e9grant notre ERP avec la CAO, afin de pallier \u00e0 une individualisation croissante, un nombre d\u2019unit\u00e9s plus petites et des dates de livraison plus courtes. Le logiciel PN4000 de WiCAM a \u00e9t\u00e9 install\u00e9 avec l\u2019interface CAO et ERP permettant une int\u00e9gration rapide de chaque nouvelle machine.\u201c<\/em><\/p>\n<p><a class=\"btn\" href=\"\/fr\/mediathek\/cadcam-nesting-gruau-programme-avec-wicam\/\">Reportage d&rsquo;utilisateurs<\/a><\/p>\n<p>&nbsp;<\/p>\n","protected":false},"excerpt":{"rendered":"<p>La cr\u00e9ation de solutions automatis\u00e9es bas\u00e9s sur la CAO et les offres de fabrication figurent depuis toujours aux comp\u00e9tences cl\u00e9s de WiCAM. Cela inclus la communication avec les diverses solutions des syst\u00e8mes de stockage, de logistique de transport, syst\u00e8mes d&rsquo;application et de logiciels de chiffrages. Ce sont en particulier les connectivit\u00e9s ERP qui permettent \u00e0 [&hellip;]<\/p>\n","protected":false},"author":1,"featured_media":7196,"parent":5755,"menu_order":0,"comment_status":"closed","ping_status":"closed","template":"page-software-single.php","meta":{"_acf_changed":false,"footnotes":""},"class_list":["post-13456","page","type-page","status-publish","has-post-thumbnail","hentry"],"acf":[],"yoast_head":"<!-- This site is optimized with the Yoast SEO plugin v27.4 - https:\/\/yoast.com\/product\/yoast-seo-wordpress\/ -->\n<title>CAO\/CFAO Logiciel d\u00b4imbrication - avec connection ERP pour automatisation - WiCAM<\/title>\n<meta name=\"description\" content=\"Ce sont en particulier les connectivit\u00e9s ERP qui permettent \u00e0 nos clients, d\u2019acc\u00e9der \u00e0 des solutions automatis\u00e9es de nouvelle g\u00e9n\u00e9ration, de la mati\u00e8re premi\u00e8re, \u00e0 travers la production, la livraison, jusqu&#039;aux calculs des co\u00fbts et des analyses.\" \/>\n<meta name=\"robots\" content=\"index, follow, max-snippet:-1, max-image-preview:large, max-video-preview:-1\" \/>\n<link rel=\"canonical\" href=\"https:\/\/wicam.com\/fr\/logiciel\/cao-cfao-logiciel-dimbrication\/\" \/>\n<meta property=\"og:locale\" content=\"fr_FR\" \/>\n<meta property=\"og:type\" content=\"article\" \/>\n<meta property=\"og:title\" content=\"CAO\/CFAO Logiciel d\u00b4imbrication - avec connection ERP pour automatisation - WiCAM\" \/>\n<meta property=\"og:description\" content=\"Ce sont en particulier les connectivit\u00e9s ERP qui permettent \u00e0 nos clients, d\u2019acc\u00e9der \u00e0 des solutions automatis\u00e9es de nouvelle g\u00e9n\u00e9ration, de la mati\u00e8re premi\u00e8re, \u00e0 travers la production, la livraison, jusqu&#039;aux calculs des co\u00fbts et des analyses.\" \/>\n<meta property=\"og:url\" content=\"https:\/\/wicam.com\/fr\/logiciel\/cao-cfao-logiciel-dimbrication\/\" \/>\n<meta property=\"og:site_name\" content=\"WiCAM\" \/>\n<meta property=\"article:modified_time\" content=\"2021-02-25T07:43:24+00:00\" \/>\n<meta property=\"og:image\" content=\"https:\/\/wicam.com\/wp-content\/uploads\/2018\/12\/header-nesting3.jpg\" \/>\n\t<meta property=\"og:image:width\" content=\"1750\" \/>\n\t<meta property=\"og:image:height\" content=\"984\" \/>\n\t<meta property=\"og:image:type\" content=\"image\/jpeg\" \/>\n<meta name=\"twitter:card\" content=\"summary_large_image\" \/>\n<meta name=\"twitter:label1\" content=\"Dur\u00e9e de lecture estim\u00e9e\" \/>\n\t<meta name=\"twitter:data1\" content=\"1 minute\" \/>\n<script type=\"application\/ld+json\" class=\"yoast-schema-graph\">{\"@context\":\"https:\\\/\\\/schema.org\",\"@graph\":[{\"@type\":\"WebPage\",\"@id\":\"https:\\\/\\\/wicam.com\\\/fr\\\/logiciel\\\/cao-cfao-logiciel-dimbrication\\\/\",\"url\":\"https:\\\/\\\/wicam.com\\\/fr\\\/logiciel\\\/cao-cfao-logiciel-dimbrication\\\/\",\"name\":\"CAO\\\/CFAO Logiciel d\u00b4imbrication - avec connection ERP pour automatisation - WiCAM\",\"isPartOf\":{\"@id\":\"https:\\\/\\\/wicam.com\\\/fr\\\/#website\"},\"primaryImageOfPage\":{\"@id\":\"https:\\\/\\\/wicam.com\\\/fr\\\/logiciel\\\/cao-cfao-logiciel-dimbrication\\\/#primaryimage\"},\"image\":{\"@id\":\"https:\\\/\\\/wicam.com\\\/fr\\\/logiciel\\\/cao-cfao-logiciel-dimbrication\\\/#primaryimage\"},\"thumbnailUrl\":\"https:\\\/\\\/wicam.com\\\/wp-content\\\/uploads\\\/2018\\\/12\\\/header-nesting3.jpg\",\"datePublished\":\"2019-12-23T14:31:29+00:00\",\"dateModified\":\"2021-02-25T07:43:24+00:00\",\"description\":\"Ce sont en particulier les connectivit\u00e9s ERP qui permettent \u00e0 nos clients, d\u2019acc\u00e9der \u00e0 des solutions automatis\u00e9es de nouvelle g\u00e9n\u00e9ration, de la mati\u00e8re premi\u00e8re, \u00e0 travers la production, la livraison, jusqu'aux calculs des co\u00fbts et des analyses.\",\"breadcrumb\":{\"@id\":\"https:\\\/\\\/wicam.com\\\/fr\\\/logiciel\\\/cao-cfao-logiciel-dimbrication\\\/#breadcrumb\"},\"inLanguage\":\"fr-FR\",\"potentialAction\":[{\"@type\":\"ReadAction\",\"target\":[\"https:\\\/\\\/wicam.com\\\/fr\\\/logiciel\\\/cao-cfao-logiciel-dimbrication\\\/\"]}]},{\"@type\":\"ImageObject\",\"inLanguage\":\"fr-FR\",\"@id\":\"https:\\\/\\\/wicam.com\\\/fr\\\/logiciel\\\/cao-cfao-logiciel-dimbrication\\\/#primaryimage\",\"url\":\"https:\\\/\\\/wicam.com\\\/wp-content\\\/uploads\\\/2018\\\/12\\\/header-nesting3.jpg\",\"contentUrl\":\"https:\\\/\\\/wicam.com\\\/wp-content\\\/uploads\\\/2018\\\/12\\\/header-nesting3.jpg\",\"width\":1750,\"height\":984},{\"@type\":\"BreadcrumbList\",\"@id\":\"https:\\\/\\\/wicam.com\\\/fr\\\/logiciel\\\/cao-cfao-logiciel-dimbrication\\\/#breadcrumb\",\"itemListElement\":[{\"@type\":\"ListItem\",\"position\":1,\"name\":\"Startseite\",\"item\":\"https:\\\/\\\/wicam.com\\\/fr\\\/\"},{\"@type\":\"ListItem\",\"position\":2,\"name\":\"Logiciel\",\"item\":\"https:\\\/\\\/wicam.com\\\/fr\\\/logiciel\\\/\"},{\"@type\":\"ListItem\",\"position\":3,\"name\":\"CAO\\\/CFAO Logiciel d\u00b4imbrication &#8211; avec connection ERP pour automatisation\"}]},{\"@type\":\"WebSite\",\"@id\":\"https:\\\/\\\/wicam.com\\\/fr\\\/#website\",\"url\":\"https:\\\/\\\/wicam.com\\\/fr\\\/\",\"name\":\"WiCAM\",\"description\":\"Technische Software\",\"potentialAction\":[{\"@type\":\"SearchAction\",\"target\":{\"@type\":\"EntryPoint\",\"urlTemplate\":\"https:\\\/\\\/wicam.com\\\/fr\\\/?s={search_term_string}\"},\"query-input\":{\"@type\":\"PropertyValueSpecification\",\"valueRequired\":true,\"valueName\":\"search_term_string\"}}],\"inLanguage\":\"fr-FR\"}]}<\/script>\n<!-- \/ Yoast SEO plugin. -->","yoast_head_json":{"title":"CAO\/CFAO Logiciel d\u00b4imbrication - avec connection ERP pour automatisation - WiCAM","description":"Ce sont en particulier les connectivit\u00e9s ERP qui permettent \u00e0 nos clients, d\u2019acc\u00e9der \u00e0 des solutions automatis\u00e9es de nouvelle g\u00e9n\u00e9ration, de la mati\u00e8re premi\u00e8re, \u00e0 travers la production, la livraison, jusqu'aux calculs des co\u00fbts et des analyses.","robots":{"index":"index","follow":"follow","max-snippet":"max-snippet:-1","max-image-preview":"max-image-preview:large","max-video-preview":"max-video-preview:-1"},"canonical":"https:\/\/wicam.com\/fr\/logiciel\/cao-cfao-logiciel-dimbrication\/","og_locale":"fr_FR","og_type":"article","og_title":"CAO\/CFAO Logiciel d\u00b4imbrication - avec connection ERP pour automatisation - WiCAM","og_description":"Ce sont en particulier les connectivit\u00e9s ERP qui permettent \u00e0 nos clients, d\u2019acc\u00e9der \u00e0 des solutions automatis\u00e9es de nouvelle g\u00e9n\u00e9ration, de la mati\u00e8re premi\u00e8re, \u00e0 travers la production, la livraison, jusqu'aux calculs des co\u00fbts et des analyses.","og_url":"https:\/\/wicam.com\/fr\/logiciel\/cao-cfao-logiciel-dimbrication\/","og_site_name":"WiCAM","article_modified_time":"2021-02-25T07:43:24+00:00","og_image":[{"width":1750,"height":984,"url":"https:\/\/wicam.com\/wp-content\/uploads\/2018\/12\/header-nesting3.jpg","type":"image\/jpeg"}],"twitter_card":"summary_large_image","twitter_misc":{"Dur\u00e9e de lecture estim\u00e9e":"1 minute"},"schema":{"@context":"https:\/\/schema.org","@graph":[{"@type":"WebPage","@id":"https:\/\/wicam.com\/fr\/logiciel\/cao-cfao-logiciel-dimbrication\/","url":"https:\/\/wicam.com\/fr\/logiciel\/cao-cfao-logiciel-dimbrication\/","name":"CAO\/CFAO Logiciel d\u00b4imbrication - avec connection ERP pour automatisation - WiCAM","isPartOf":{"@id":"https:\/\/wicam.com\/fr\/#website"},"primaryImageOfPage":{"@id":"https:\/\/wicam.com\/fr\/logiciel\/cao-cfao-logiciel-dimbrication\/#primaryimage"},"image":{"@id":"https:\/\/wicam.com\/fr\/logiciel\/cao-cfao-logiciel-dimbrication\/#primaryimage"},"thumbnailUrl":"https:\/\/wicam.com\/wp-content\/uploads\/2018\/12\/header-nesting3.jpg","datePublished":"2019-12-23T14:31:29+00:00","dateModified":"2021-02-25T07:43:24+00:00","description":"Ce sont en particulier les connectivit\u00e9s ERP qui permettent \u00e0 nos clients, d\u2019acc\u00e9der \u00e0 des solutions automatis\u00e9es de nouvelle g\u00e9n\u00e9ration, de la mati\u00e8re premi\u00e8re, \u00e0 travers la production, la livraison, jusqu'aux calculs des co\u00fbts et des analyses.","breadcrumb":{"@id":"https:\/\/wicam.com\/fr\/logiciel\/cao-cfao-logiciel-dimbrication\/#breadcrumb"},"inLanguage":"fr-FR","potentialAction":[{"@type":"ReadAction","target":["https:\/\/wicam.com\/fr\/logiciel\/cao-cfao-logiciel-dimbrication\/"]}]},{"@type":"ImageObject","inLanguage":"fr-FR","@id":"https:\/\/wicam.com\/fr\/logiciel\/cao-cfao-logiciel-dimbrication\/#primaryimage","url":"https:\/\/wicam.com\/wp-content\/uploads\/2018\/12\/header-nesting3.jpg","contentUrl":"https:\/\/wicam.com\/wp-content\/uploads\/2018\/12\/header-nesting3.jpg","width":1750,"height":984},{"@type":"BreadcrumbList","@id":"https:\/\/wicam.com\/fr\/logiciel\/cao-cfao-logiciel-dimbrication\/#breadcrumb","itemListElement":[{"@type":"ListItem","position":1,"name":"Startseite","item":"https:\/\/wicam.com\/fr\/"},{"@type":"ListItem","position":2,"name":"Logiciel","item":"https:\/\/wicam.com\/fr\/logiciel\/"},{"@type":"ListItem","position":3,"name":"CAO\/CFAO Logiciel d\u00b4imbrication &#8211; avec connection ERP pour automatisation"}]},{"@type":"WebSite","@id":"https:\/\/wicam.com\/fr\/#website","url":"https:\/\/wicam.com\/fr\/","name":"WiCAM","description":"Technische Software","potentialAction":[{"@type":"SearchAction","target":{"@type":"EntryPoint","urlTemplate":"https:\/\/wicam.com\/fr\/?s={search_term_string}"},"query-input":{"@type":"PropertyValueSpecification","valueRequired":true,"valueName":"search_term_string"}}],"inLanguage":"fr-FR"}]}},"_links":{"self":[{"href":"https:\/\/wicam.com\/fr\/wp-json\/wp\/v2\/pages\/13456","targetHints":{"allow":["GET"]}}],"collection":[{"href":"https:\/\/wicam.com\/fr\/wp-json\/wp\/v2\/pages"}],"about":[{"href":"https:\/\/wicam.com\/fr\/wp-json\/wp\/v2\/types\/page"}],"author":[{"embeddable":true,"href":"https:\/\/wicam.com\/fr\/wp-json\/wp\/v2\/users\/1"}],"replies":[{"embeddable":true,"href":"https:\/\/wicam.com\/fr\/wp-json\/wp\/v2\/comments?post=13456"}],"version-history":[{"count":0,"href":"https:\/\/wicam.com\/fr\/wp-json\/wp\/v2\/pages\/13456\/revisions"}],"up":[{"embeddable":true,"href":"https:\/\/wicam.com\/fr\/wp-json\/wp\/v2\/pages\/5755"}],"wp:featuredmedia":[{"embeddable":true,"href":"https:\/\/wicam.com\/fr\/wp-json\/wp\/v2\/media\/7196"}],"wp:attachment":[{"href":"https:\/\/wicam.com\/fr\/wp-json\/wp\/v2\/media?parent=13456"}],"curies":[{"name":"wp","href":"https:\/\/api.w.org\/{rel}","templated":true}]}}