{"id":13477,"date":"2019-12-23T15:32:27","date_gmt":"2019-12-23T14:32:27","guid":{"rendered":"https:\/\/www.wicam.com\/logiciel\/biegesimulation-fuer-abkantpressen\/"},"modified":"2021-02-24T16:13:17","modified_gmt":"2021-02-24T15:13:17","slug":"simulation-de-pliage","status":"publish","type":"page","link":"https:\/\/wicam.com\/fr\/logiciel\/simulation-de-pliage\/","title":{"rendered":"Simulation de Pliage"},"content":{"rendered":"<p><a href=\"https:\/\/www.wicam.com\/fr\/logiciel\/pnbend\/\"><img loading=\"lazy\" decoding=\"async\" class=\"alignright wp-image-11564 size-medium\" src=\"https:\/\/www.wicam.com\/wp-content\/uploads\/2019\/11\/software-bend1.jpg\" alt=\"\" width=\"300\" height=\"211\" \/><\/a><a href=\"https:\/\/www.wicam.com\/fr\/logiciel\/pnbend\/\">PNBend<\/a> est la simulation de pliage pour la programmation externe des presses plieuses de diff\u00e9rents fabricants. Les fonctions automatiques permettent de cr\u00e9er rapidement et facilement les programmes de pliage pour vos machines \u00e0 partir de donn\u00e9es 3D.<\/p>\n<p>Pliable ou non ? Et si oui &#8211; comment ? Ce sont souvent les questions cruciales, m\u00eame avec des pi\u00e8ces et des assemblages l\u00e9g\u00e8rement complexes.<\/p>\n<p>PNBend programme hors ligne les presses plieuses de diff\u00e9rents fabricants et vous offre exactement l&rsquo;assistance dont vous avez besoin pour cr\u00e9er rapidement et facilement des programmes de pliage adapt\u00e9s \u00e0 vos besoins.<\/p>\n<p>Les routines de d\u00e9pliage g\u00e9n\u00e8rent la pi\u00e8ce plate avec les valeurs de d\u00e9duction exactes. Les algorithmes intelligents g\u00e9n\u00e8rent et simulent la s\u00e9quence de pliage optimale, les positions des stations d&rsquo;outils et des but\u00e9es de doigts pendant le contr\u00f4le actif des collisions.<\/p>\n<p>Cela indique imm\u00e9diatement si les pi\u00e8ces sont productibles. Les donn\u00e9es de processus pour la zone de pliage sont import\u00e9es directement. Toutes les informations de pliage de la pi\u00e8ce (angle d&rsquo;ouverture, rayon, poin\u00e7on, matrice et techniques de pliage sp\u00e9ciales) peuvent \u00eatre consult\u00e9es et modifi\u00e9es dans PNBend. Chaque fonction peut \u00eatre modifi\u00e9e par un clic de souris.<\/p>\n<p><a class=\"btn\" href=\"\/marketing\/factsheets\/pnbend-fr-factsheet.pdf\" target=\"_blank\" rel=\"noopener\">Factsheet<\/a> <a class=\"btn\" href=\"\/fr\/contact\/\">obtenir une d\u00e9mo<\/a><\/p>\n","protected":false},"excerpt":{"rendered":"<p>PNBend est la simulation de pliage pour la programmation externe des presses plieuses de diff\u00e9rents fabricants. Les fonctions automatiques permettent de cr\u00e9er rapidement et facilement les programmes de pliage pour vos machines \u00e0 partir de donn\u00e9es 3D. Pliable ou non ? Et si oui &#8211; comment ? Ce sont souvent les questions cruciales, m\u00eame avec [&hellip;]<\/p>\n","protected":false},"author":1,"featured_media":0,"parent":5755,"menu_order":0,"comment_status":"closed","ping_status":"closed","template":"page-software-single.php","meta":{"_acf_changed":false,"footnotes":""},"class_list":["post-13477","page","type-page","status-publish","hentry"],"acf":[],"yoast_head":"<!-- This site is optimized with the Yoast SEO plugin v27.4 - https:\/\/yoast.com\/product\/yoast-seo-wordpress\/ -->\n<title>Simulation de Pliage - WiCAM<\/title>\n<meta name=\"description\" content=\"PNBend est la simulation de pliage pour la programmation externe des presses plieuses de diff\u00e9rents fabricants. Les fonctions automatiques permettent de cr\u00e9er rapidement et facilement les programmes de pliage pour vos machines \u00e0 partir de donn\u00e9es 3D.\" \/>\n<meta name=\"robots\" content=\"index, follow, max-snippet:-1, max-image-preview:large, max-video-preview:-1\" \/>\n<link rel=\"canonical\" href=\"https:\/\/wicam.com\/fr\/logiciel\/simulation-de-pliage\/\" \/>\n<meta property=\"og:locale\" content=\"fr_FR\" \/>\n<meta property=\"og:type\" content=\"article\" \/>\n<meta property=\"og:title\" content=\"Simulation de Pliage - WiCAM\" \/>\n<meta property=\"og:description\" content=\"PNBend est la simulation de pliage pour la programmation externe des presses plieuses de diff\u00e9rents fabricants. Les fonctions automatiques permettent de cr\u00e9er rapidement et facilement les programmes de pliage pour vos machines \u00e0 partir de donn\u00e9es 3D.\" \/>\n<meta property=\"og:url\" content=\"https:\/\/wicam.com\/fr\/logiciel\/simulation-de-pliage\/\" \/>\n<meta property=\"og:site_name\" content=\"WiCAM\" \/>\n<meta property=\"article:modified_time\" content=\"2021-02-24T15:13:17+00:00\" \/>\n<meta property=\"og:image\" content=\"https:\/\/www.wicam.com\/wp-content\/uploads\/2019\/11\/software-bend1.jpg\" \/>\n<meta name=\"twitter:card\" content=\"summary_large_image\" \/>\n<meta name=\"twitter:label1\" content=\"Dur\u00e9e de lecture estim\u00e9e\" \/>\n\t<meta name=\"twitter:data1\" content=\"1 minute\" \/>\n<script type=\"application\/ld+json\" class=\"yoast-schema-graph\">{\"@context\":\"https:\\\/\\\/schema.org\",\"@graph\":[{\"@type\":\"WebPage\",\"@id\":\"https:\\\/\\\/wicam.com\\\/fr\\\/logiciel\\\/simulation-de-pliage\\\/\",\"url\":\"https:\\\/\\\/wicam.com\\\/fr\\\/logiciel\\\/simulation-de-pliage\\\/\",\"name\":\"Simulation de Pliage - WiCAM\",\"isPartOf\":{\"@id\":\"https:\\\/\\\/wicam.com\\\/fr\\\/#website\"},\"primaryImageOfPage\":{\"@id\":\"https:\\\/\\\/wicam.com\\\/fr\\\/logiciel\\\/simulation-de-pliage\\\/#primaryimage\"},\"image\":{\"@id\":\"https:\\\/\\\/wicam.com\\\/fr\\\/logiciel\\\/simulation-de-pliage\\\/#primaryimage\"},\"thumbnailUrl\":\"https:\\\/\\\/www.wicam.com\\\/wp-content\\\/uploads\\\/2019\\\/11\\\/software-bend1.jpg\",\"datePublished\":\"2019-12-23T14:32:27+00:00\",\"dateModified\":\"2021-02-24T15:13:17+00:00\",\"description\":\"PNBend est la simulation de pliage pour la programmation externe des presses plieuses de diff\u00e9rents fabricants. Les fonctions automatiques permettent de cr\u00e9er rapidement et facilement les programmes de pliage pour vos machines \u00e0 partir de donn\u00e9es 3D.\",\"breadcrumb\":{\"@id\":\"https:\\\/\\\/wicam.com\\\/fr\\\/logiciel\\\/simulation-de-pliage\\\/#breadcrumb\"},\"inLanguage\":\"fr-FR\",\"potentialAction\":[{\"@type\":\"ReadAction\",\"target\":[\"https:\\\/\\\/wicam.com\\\/fr\\\/logiciel\\\/simulation-de-pliage\\\/\"]}]},{\"@type\":\"ImageObject\",\"inLanguage\":\"fr-FR\",\"@id\":\"https:\\\/\\\/wicam.com\\\/fr\\\/logiciel\\\/simulation-de-pliage\\\/#primaryimage\",\"url\":\"https:\\\/\\\/www.wicam.com\\\/wp-content\\\/uploads\\\/2019\\\/11\\\/software-bend1.jpg\",\"contentUrl\":\"https:\\\/\\\/www.wicam.com\\\/wp-content\\\/uploads\\\/2019\\\/11\\\/software-bend1.jpg\"},{\"@type\":\"BreadcrumbList\",\"@id\":\"https:\\\/\\\/wicam.com\\\/fr\\\/logiciel\\\/simulation-de-pliage\\\/#breadcrumb\",\"itemListElement\":[{\"@type\":\"ListItem\",\"position\":1,\"name\":\"Startseite\",\"item\":\"https:\\\/\\\/wicam.com\\\/fr\\\/\"},{\"@type\":\"ListItem\",\"position\":2,\"name\":\"Logiciel\",\"item\":\"https:\\\/\\\/wicam.com\\\/fr\\\/logiciel\\\/\"},{\"@type\":\"ListItem\",\"position\":3,\"name\":\"Simulation de Pliage\"}]},{\"@type\":\"WebSite\",\"@id\":\"https:\\\/\\\/wicam.com\\\/fr\\\/#website\",\"url\":\"https:\\\/\\\/wicam.com\\\/fr\\\/\",\"name\":\"WiCAM\",\"description\":\"Technische Software\",\"potentialAction\":[{\"@type\":\"SearchAction\",\"target\":{\"@type\":\"EntryPoint\",\"urlTemplate\":\"https:\\\/\\\/wicam.com\\\/fr\\\/?s={search_term_string}\"},\"query-input\":{\"@type\":\"PropertyValueSpecification\",\"valueRequired\":true,\"valueName\":\"search_term_string\"}}],\"inLanguage\":\"fr-FR\"}]}<\/script>\n<!-- \/ Yoast SEO plugin. -->","yoast_head_json":{"title":"Simulation de Pliage - WiCAM","description":"PNBend est la simulation de pliage pour la programmation externe des presses plieuses de diff\u00e9rents fabricants. Les fonctions automatiques permettent de cr\u00e9er rapidement et facilement les programmes de pliage pour vos machines \u00e0 partir de donn\u00e9es 3D.","robots":{"index":"index","follow":"follow","max-snippet":"max-snippet:-1","max-image-preview":"max-image-preview:large","max-video-preview":"max-video-preview:-1"},"canonical":"https:\/\/wicam.com\/fr\/logiciel\/simulation-de-pliage\/","og_locale":"fr_FR","og_type":"article","og_title":"Simulation de Pliage - WiCAM","og_description":"PNBend est la simulation de pliage pour la programmation externe des presses plieuses de diff\u00e9rents fabricants. Les fonctions automatiques permettent de cr\u00e9er rapidement et facilement les programmes de pliage pour vos machines \u00e0 partir de donn\u00e9es 3D.","og_url":"https:\/\/wicam.com\/fr\/logiciel\/simulation-de-pliage\/","og_site_name":"WiCAM","article_modified_time":"2021-02-24T15:13:17+00:00","og_image":[{"url":"https:\/\/www.wicam.com\/wp-content\/uploads\/2019\/11\/software-bend1.jpg","type":"","width":"","height":""}],"twitter_card":"summary_large_image","twitter_misc":{"Dur\u00e9e de lecture estim\u00e9e":"1 minute"},"schema":{"@context":"https:\/\/schema.org","@graph":[{"@type":"WebPage","@id":"https:\/\/wicam.com\/fr\/logiciel\/simulation-de-pliage\/","url":"https:\/\/wicam.com\/fr\/logiciel\/simulation-de-pliage\/","name":"Simulation de Pliage - WiCAM","isPartOf":{"@id":"https:\/\/wicam.com\/fr\/#website"},"primaryImageOfPage":{"@id":"https:\/\/wicam.com\/fr\/logiciel\/simulation-de-pliage\/#primaryimage"},"image":{"@id":"https:\/\/wicam.com\/fr\/logiciel\/simulation-de-pliage\/#primaryimage"},"thumbnailUrl":"https:\/\/www.wicam.com\/wp-content\/uploads\/2019\/11\/software-bend1.jpg","datePublished":"2019-12-23T14:32:27+00:00","dateModified":"2021-02-24T15:13:17+00:00","description":"PNBend est la simulation de pliage pour la programmation externe des presses plieuses de diff\u00e9rents fabricants. Les fonctions automatiques permettent de cr\u00e9er rapidement et facilement les programmes de pliage pour vos machines \u00e0 partir de donn\u00e9es 3D.","breadcrumb":{"@id":"https:\/\/wicam.com\/fr\/logiciel\/simulation-de-pliage\/#breadcrumb"},"inLanguage":"fr-FR","potentialAction":[{"@type":"ReadAction","target":["https:\/\/wicam.com\/fr\/logiciel\/simulation-de-pliage\/"]}]},{"@type":"ImageObject","inLanguage":"fr-FR","@id":"https:\/\/wicam.com\/fr\/logiciel\/simulation-de-pliage\/#primaryimage","url":"https:\/\/www.wicam.com\/wp-content\/uploads\/2019\/11\/software-bend1.jpg","contentUrl":"https:\/\/www.wicam.com\/wp-content\/uploads\/2019\/11\/software-bend1.jpg"},{"@type":"BreadcrumbList","@id":"https:\/\/wicam.com\/fr\/logiciel\/simulation-de-pliage\/#breadcrumb","itemListElement":[{"@type":"ListItem","position":1,"name":"Startseite","item":"https:\/\/wicam.com\/fr\/"},{"@type":"ListItem","position":2,"name":"Logiciel","item":"https:\/\/wicam.com\/fr\/logiciel\/"},{"@type":"ListItem","position":3,"name":"Simulation de Pliage"}]},{"@type":"WebSite","@id":"https:\/\/wicam.com\/fr\/#website","url":"https:\/\/wicam.com\/fr\/","name":"WiCAM","description":"Technische Software","potentialAction":[{"@type":"SearchAction","target":{"@type":"EntryPoint","urlTemplate":"https:\/\/wicam.com\/fr\/?s={search_term_string}"},"query-input":{"@type":"PropertyValueSpecification","valueRequired":true,"valueName":"search_term_string"}}],"inLanguage":"fr-FR"}]}},"_links":{"self":[{"href":"https:\/\/wicam.com\/fr\/wp-json\/wp\/v2\/pages\/13477","targetHints":{"allow":["GET"]}}],"collection":[{"href":"https:\/\/wicam.com\/fr\/wp-json\/wp\/v2\/pages"}],"about":[{"href":"https:\/\/wicam.com\/fr\/wp-json\/wp\/v2\/types\/page"}],"author":[{"embeddable":true,"href":"https:\/\/wicam.com\/fr\/wp-json\/wp\/v2\/users\/1"}],"replies":[{"embeddable":true,"href":"https:\/\/wicam.com\/fr\/wp-json\/wp\/v2\/comments?post=13477"}],"version-history":[{"count":0,"href":"https:\/\/wicam.com\/fr\/wp-json\/wp\/v2\/pages\/13477\/revisions"}],"up":[{"embeddable":true,"href":"https:\/\/wicam.com\/fr\/wp-json\/wp\/v2\/pages\/5755"}],"wp:attachment":[{"href":"https:\/\/wicam.com\/fr\/wp-json\/wp\/v2\/media?parent=13477"}],"curies":[{"name":"wp","href":"https:\/\/api.w.org\/{rel}","templated":true}]}}