{"id":13496,"date":"2019-01-15T15:25:20","date_gmt":"2019-01-15T14:25:20","guid":{"rendered":"https:\/\/www.wicam.com\/logiciel\/pn4000\/modules\/cad\/"},"modified":"2020-12-01T22:26:58","modified_gmt":"2020-12-01T21:26:58","slug":"cao","status":"publish","type":"page","link":"https:\/\/wicam.com\/fr\/logiciel\/pn4000\/modules\/cao\/","title":{"rendered":"CAO"},"content":{"rendered":"<p><a href=\"https:\/\/www.wicam.com\/fr\/logiciel\/pn4000\/modules\/\">Retour \u00e0 l&rsquo;aper\u00e7u des Modules<\/a><\/p>\n<h3>Description du module: CAO<\/h3>\n<p>Le module de CAO est compl\u00e8tement int\u00e9gr\u00e9 dans la plateforme PN4000. Il offre une grande vari\u00e9t\u00e9 de fonctionnalit\u00e9s pour la g\u00e9n\u00e9ration et la modification de mod\u00e8les en conjonction avec la modification des fichiers \u00e0 partir d\u2019autres syst\u00e8mes de CAO.<\/p>\n<h4>Fonctions<\/h4>\n<ul>\n<li>Fonctionnalit\u00e9s compl\u00e8tes de CAO comme la cr\u00e9ation d\u2019\u00e9l\u00e9ments (ligne, cercle, arcs de cercles, spline, formes speciales)<\/li>\n<li>Manipulation des \u00e9l\u00e9ments s\u00e9lectionn\u00e9s (modification, limitation, suppression, d\u00e9placement, copie, miroir etc.)<\/li>\n<li>Cr\u00e9ation de textes avec les fontes Windows (par ex. pour gravure)<\/li>\n<li>Cr\u00e9ation de mod\u00e8les 3D standards en d\u00e9pliage de c\u00f4nes, tubes, plis, intersections tube-tube , etc. avec param\u00e8tre d\u2019entr\u00e9e simple<\/li>\n<li>Fonctions de cotation<\/li>\n<li>Import de formats CAO externes<\/li>\n<\/ul>\n<p>&nbsp;<br \/>\n<a href=\"https:\/\/www.wicam.com\/wp-content\/uploads\/2019\/01\/cad.jpg\" data-fancybox><img loading=\"lazy\" decoding=\"async\" class=\"alignnone wp-image-7346 size-medium\" src=\"https:\/\/www.wicam.com\/wp-content\/uploads\/2019\/01\/cad-300x189.jpg\" alt=\"\" width=\"300\" height=\"189\" srcset=\"https:\/\/wicam.com\/wp-content\/uploads\/2019\/01\/cad-300x189.jpg 300w, https:\/\/wicam.com\/wp-content\/uploads\/2019\/01\/cad-768x483.jpg 768w, https:\/\/wicam.com\/wp-content\/uploads\/2019\/01\/cad-1024x645.jpg 1024w, https:\/\/wicam.com\/wp-content\/uploads\/2019\/01\/cad.jpg 1360w\" sizes=\"auto, (max-width: 300px) 100vw, 300px\" \/><\/a>\u00a0\u00a0<a href=\"https:\/\/www.wicam.com\/wp-content\/uploads\/2018\/09\/PN4000_CAD-02.jpg\" data-fancybox><img loading=\"lazy\" decoding=\"async\" class=\"alignnone wp-image-2139\" src=\"https:\/\/www.wicam.com\/wp-content\/uploads\/2018\/09\/PN4000_CAD-02-300x163.jpg\" alt=\"\" width=\"349\" height=\"189\" srcset=\"https:\/\/wicam.com\/wp-content\/uploads\/2018\/09\/PN4000_CAD-02-300x163.jpg 300w, https:\/\/wicam.com\/wp-content\/uploads\/2018\/09\/PN4000_CAD-02-768x416.jpg 768w, https:\/\/wicam.com\/wp-content\/uploads\/2018\/09\/PN4000_CAD-02-1024x555.jpg 1024w, https:\/\/wicam.com\/wp-content\/uploads\/2018\/09\/PN4000_CAD-02.jpg 1600w\" sizes=\"auto, (max-width: 349px) 100vw, 349px\" \/><\/a><\/p>\n","protected":false},"excerpt":{"rendered":"<p>Retour \u00e0 l&rsquo;aper\u00e7u des Modules Description du module: CAO Le module de CAO est compl\u00e8tement int\u00e9gr\u00e9 dans la plateforme PN4000. Il offre une grande vari\u00e9t\u00e9 de fonctionnalit\u00e9s pour la g\u00e9n\u00e9ration et la modification de mod\u00e8les en conjonction avec la modification des fichiers \u00e0 partir d\u2019autres syst\u00e8mes de CAO. Fonctions Fonctionnalit\u00e9s compl\u00e8tes de CAO comme la [&hellip;]<\/p>\n","protected":false},"author":1,"featured_media":0,"parent":5749,"menu_order":0,"comment_status":"closed","ping_status":"closed","template":"page-software-single-modul.php","meta":{"_acf_changed":false,"footnotes":""},"class_list":["post-13496","page","type-page","status-publish","hentry"],"acf":[],"yoast_head":"<!-- This site is optimized with the Yoast SEO plugin v27.2 - https:\/\/yoast.com\/product\/yoast-seo-wordpress\/ -->\n<title>CAO\/CFAO Logiciel - PN4000 - Module: CAO - WiCAM<\/title>\n<meta name=\"description\" content=\"Le module de CAO est compl\u00e8tement int\u00e9gr\u00e9 dans la plateforme PN4000. Il offre une grande vari\u00e9t\u00e9 de fonctionnalit\u00e9s pour la g\u00e9n\u00e9ration et la modification de mod\u00e8les en conjonction avec la modification des fichiers \u00e0 partir d\u2019autres syst\u00e8mes de CAO.\" \/>\n<meta name=\"robots\" content=\"index, follow, max-snippet:-1, max-image-preview:large, max-video-preview:-1\" \/>\n<link rel=\"canonical\" href=\"https:\/\/wicam.com\/fr\/logiciel\/pn4000\/modules\/cao\/\" \/>\n<meta property=\"og:locale\" content=\"fr_FR\" \/>\n<meta property=\"og:type\" content=\"article\" \/>\n<meta property=\"og:title\" content=\"CAO\/CFAO Logiciel - PN4000 - Module: CAO - WiCAM\" \/>\n<meta property=\"og:description\" content=\"Le module de CAO est compl\u00e8tement int\u00e9gr\u00e9 dans la plateforme PN4000. Il offre une grande vari\u00e9t\u00e9 de fonctionnalit\u00e9s pour la g\u00e9n\u00e9ration et la modification de mod\u00e8les en conjonction avec la modification des fichiers \u00e0 partir d\u2019autres syst\u00e8mes de CAO.\" \/>\n<meta property=\"og:url\" content=\"https:\/\/wicam.com\/fr\/logiciel\/pn4000\/modules\/cao\/\" \/>\n<meta property=\"og:site_name\" content=\"WiCAM\" \/>\n<meta property=\"article:modified_time\" content=\"2020-12-01T21:26:58+00:00\" \/>\n<meta property=\"og:image\" content=\"https:\/\/www.wicam.com\/wp-content\/uploads\/2019\/01\/cad-300x189.jpg\" \/>\n<meta name=\"twitter:card\" content=\"summary_large_image\" \/>\n<meta name=\"twitter:label1\" content=\"Dur\u00e9e de lecture estim\u00e9e\" \/>\n\t<meta name=\"twitter:data1\" content=\"1 minute\" \/>\n<script type=\"application\/ld+json\" class=\"yoast-schema-graph\">{\"@context\":\"https:\/\/schema.org\",\"@graph\":[{\"@type\":\"WebPage\",\"@id\":\"https:\/\/wicam.com\/fr\/logiciel\/pn4000\/modules\/cao\/\",\"url\":\"https:\/\/wicam.com\/fr\/logiciel\/pn4000\/modules\/cao\/\",\"name\":\"CAO\/CFAO Logiciel - PN4000 - Module: CAO - WiCAM\",\"isPartOf\":{\"@id\":\"https:\/\/wicam.com\/fr\/#website\"},\"primaryImageOfPage\":{\"@id\":\"https:\/\/wicam.com\/fr\/logiciel\/pn4000\/modules\/cao\/#primaryimage\"},\"image\":{\"@id\":\"https:\/\/wicam.com\/fr\/logiciel\/pn4000\/modules\/cao\/#primaryimage\"},\"thumbnailUrl\":\"https:\/\/www.wicam.com\/wp-content\/uploads\/2019\/01\/cad-300x189.jpg\",\"datePublished\":\"2019-01-15T14:25:20+00:00\",\"dateModified\":\"2020-12-01T21:26:58+00:00\",\"description\":\"Le module de CAO est compl\u00e8tement int\u00e9gr\u00e9 dans la plateforme PN4000. Il offre une grande vari\u00e9t\u00e9 de fonctionnalit\u00e9s pour la g\u00e9n\u00e9ration et la modification de mod\u00e8les en conjonction avec la modification des fichiers \u00e0 partir d\u2019autres syst\u00e8mes de CAO.\",\"breadcrumb\":{\"@id\":\"https:\/\/wicam.com\/fr\/logiciel\/pn4000\/modules\/cao\/#breadcrumb\"},\"inLanguage\":\"fr-FR\",\"potentialAction\":[{\"@type\":\"ReadAction\",\"target\":[\"https:\/\/wicam.com\/fr\/logiciel\/pn4000\/modules\/cao\/\"]}]},{\"@type\":\"ImageObject\",\"inLanguage\":\"fr-FR\",\"@id\":\"https:\/\/wicam.com\/fr\/logiciel\/pn4000\/modules\/cao\/#primaryimage\",\"url\":\"https:\/\/www.wicam.com\/wp-content\/uploads\/2019\/01\/cad-300x189.jpg\",\"contentUrl\":\"https:\/\/www.wicam.com\/wp-content\/uploads\/2019\/01\/cad-300x189.jpg\"},{\"@type\":\"BreadcrumbList\",\"@id\":\"https:\/\/wicam.com\/fr\/logiciel\/pn4000\/modules\/cao\/#breadcrumb\",\"itemListElement\":[{\"@type\":\"ListItem\",\"position\":1,\"name\":\"Startseite\",\"item\":\"https:\/\/wicam.com\/fr\/\"},{\"@type\":\"ListItem\",\"position\":2,\"name\":\"Logiciel\",\"item\":\"https:\/\/wicam.com\/fr\/logiciel\/\"},{\"@type\":\"ListItem\",\"position\":3,\"name\":\"CAO\/CFAO System\",\"item\":\"https:\/\/wicam.com\/fr\/logiciel\/pn4000\/\"},{\"@type\":\"ListItem\",\"position\":4,\"name\":\"Modules\",\"item\":\"https:\/\/wicam.com\/fr\/logiciel\/pn4000\/modules\/\"},{\"@type\":\"ListItem\",\"position\":5,\"name\":\"CAO\"}]},{\"@type\":\"WebSite\",\"@id\":\"https:\/\/wicam.com\/fr\/#website\",\"url\":\"https:\/\/wicam.com\/fr\/\",\"name\":\"WiCAM\",\"description\":\"Technische Software\",\"potentialAction\":[{\"@type\":\"SearchAction\",\"target\":{\"@type\":\"EntryPoint\",\"urlTemplate\":\"https:\/\/wicam.com\/fr\/?s={search_term_string}\"},\"query-input\":{\"@type\":\"PropertyValueSpecification\",\"valueRequired\":true,\"valueName\":\"search_term_string\"}}],\"inLanguage\":\"fr-FR\"}]}<\/script>\n<!-- \/ Yoast SEO plugin. -->","yoast_head_json":{"title":"CAO\/CFAO Logiciel - PN4000 - Module: CAO - WiCAM","description":"Le module de CAO est compl\u00e8tement int\u00e9gr\u00e9 dans la plateforme PN4000. Il offre une grande vari\u00e9t\u00e9 de fonctionnalit\u00e9s pour la g\u00e9n\u00e9ration et la modification de mod\u00e8les en conjonction avec la modification des fichiers \u00e0 partir d\u2019autres syst\u00e8mes de CAO.","robots":{"index":"index","follow":"follow","max-snippet":"max-snippet:-1","max-image-preview":"max-image-preview:large","max-video-preview":"max-video-preview:-1"},"canonical":"https:\/\/wicam.com\/fr\/logiciel\/pn4000\/modules\/cao\/","og_locale":"fr_FR","og_type":"article","og_title":"CAO\/CFAO Logiciel - PN4000 - Module: CAO - WiCAM","og_description":"Le module de CAO est compl\u00e8tement int\u00e9gr\u00e9 dans la plateforme PN4000. Il offre une grande vari\u00e9t\u00e9 de fonctionnalit\u00e9s pour la g\u00e9n\u00e9ration et la modification de mod\u00e8les en conjonction avec la modification des fichiers \u00e0 partir d\u2019autres syst\u00e8mes de CAO.","og_url":"https:\/\/wicam.com\/fr\/logiciel\/pn4000\/modules\/cao\/","og_site_name":"WiCAM","article_modified_time":"2020-12-01T21:26:58+00:00","og_image":[{"url":"https:\/\/www.wicam.com\/wp-content\/uploads\/2019\/01\/cad-300x189.jpg","type":"","width":"","height":""}],"twitter_card":"summary_large_image","twitter_misc":{"Dur\u00e9e de lecture estim\u00e9e":"1 minute"},"schema":{"@context":"https:\/\/schema.org","@graph":[{"@type":"WebPage","@id":"https:\/\/wicam.com\/fr\/logiciel\/pn4000\/modules\/cao\/","url":"https:\/\/wicam.com\/fr\/logiciel\/pn4000\/modules\/cao\/","name":"CAO\/CFAO Logiciel - PN4000 - Module: CAO - WiCAM","isPartOf":{"@id":"https:\/\/wicam.com\/fr\/#website"},"primaryImageOfPage":{"@id":"https:\/\/wicam.com\/fr\/logiciel\/pn4000\/modules\/cao\/#primaryimage"},"image":{"@id":"https:\/\/wicam.com\/fr\/logiciel\/pn4000\/modules\/cao\/#primaryimage"},"thumbnailUrl":"https:\/\/www.wicam.com\/wp-content\/uploads\/2019\/01\/cad-300x189.jpg","datePublished":"2019-01-15T14:25:20+00:00","dateModified":"2020-12-01T21:26:58+00:00","description":"Le module de CAO est compl\u00e8tement int\u00e9gr\u00e9 dans la plateforme PN4000. Il offre une grande vari\u00e9t\u00e9 de fonctionnalit\u00e9s pour la g\u00e9n\u00e9ration et la modification de mod\u00e8les en conjonction avec la modification des fichiers \u00e0 partir d\u2019autres syst\u00e8mes de CAO.","breadcrumb":{"@id":"https:\/\/wicam.com\/fr\/logiciel\/pn4000\/modules\/cao\/#breadcrumb"},"inLanguage":"fr-FR","potentialAction":[{"@type":"ReadAction","target":["https:\/\/wicam.com\/fr\/logiciel\/pn4000\/modules\/cao\/"]}]},{"@type":"ImageObject","inLanguage":"fr-FR","@id":"https:\/\/wicam.com\/fr\/logiciel\/pn4000\/modules\/cao\/#primaryimage","url":"https:\/\/www.wicam.com\/wp-content\/uploads\/2019\/01\/cad-300x189.jpg","contentUrl":"https:\/\/www.wicam.com\/wp-content\/uploads\/2019\/01\/cad-300x189.jpg"},{"@type":"BreadcrumbList","@id":"https:\/\/wicam.com\/fr\/logiciel\/pn4000\/modules\/cao\/#breadcrumb","itemListElement":[{"@type":"ListItem","position":1,"name":"Startseite","item":"https:\/\/wicam.com\/fr\/"},{"@type":"ListItem","position":2,"name":"Logiciel","item":"https:\/\/wicam.com\/fr\/logiciel\/"},{"@type":"ListItem","position":3,"name":"CAO\/CFAO System","item":"https:\/\/wicam.com\/fr\/logiciel\/pn4000\/"},{"@type":"ListItem","position":4,"name":"Modules","item":"https:\/\/wicam.com\/fr\/logiciel\/pn4000\/modules\/"},{"@type":"ListItem","position":5,"name":"CAO"}]},{"@type":"WebSite","@id":"https:\/\/wicam.com\/fr\/#website","url":"https:\/\/wicam.com\/fr\/","name":"WiCAM","description":"Technische Software","potentialAction":[{"@type":"SearchAction","target":{"@type":"EntryPoint","urlTemplate":"https:\/\/wicam.com\/fr\/?s={search_term_string}"},"query-input":{"@type":"PropertyValueSpecification","valueRequired":true,"valueName":"search_term_string"}}],"inLanguage":"fr-FR"}]}},"_links":{"self":[{"href":"https:\/\/wicam.com\/fr\/wp-json\/wp\/v2\/pages\/13496","targetHints":{"allow":["GET"]}}],"collection":[{"href":"https:\/\/wicam.com\/fr\/wp-json\/wp\/v2\/pages"}],"about":[{"href":"https:\/\/wicam.com\/fr\/wp-json\/wp\/v2\/types\/page"}],"author":[{"embeddable":true,"href":"https:\/\/wicam.com\/fr\/wp-json\/wp\/v2\/users\/1"}],"replies":[{"embeddable":true,"href":"https:\/\/wicam.com\/fr\/wp-json\/wp\/v2\/comments?post=13496"}],"version-history":[{"count":0,"href":"https:\/\/wicam.com\/fr\/wp-json\/wp\/v2\/pages\/13496\/revisions"}],"up":[{"embeddable":true,"href":"https:\/\/wicam.com\/fr\/wp-json\/wp\/v2\/pages\/5749"}],"wp:attachment":[{"href":"https:\/\/wicam.com\/fr\/wp-json\/wp\/v2\/media?parent=13496"}],"curies":[{"name":"wp","href":"https:\/\/api.w.org\/{rel}","templated":true}]}}