{"id":13506,"date":"2019-01-15T16:48:01","date_gmt":"2019-01-15T15:48:01","guid":{"rendered":"https:\/\/www.wicam.com\/logiciel\/pn4000\/modules\/variante\/"},"modified":"2020-12-01T22:32:10","modified_gmt":"2020-12-01T21:32:10","slug":"parametrique","status":"publish","type":"page","link":"https:\/\/wicam.com\/fr\/logiciel\/pn4000\/modules\/parametrique\/","title":{"rendered":"Param\u00e9trique"},"content":{"rendered":"<p><a href=\"https:\/\/www.wicam.com\/fr\/logiciel\/pn4000\/modules\/\">Retour \u00e0 l&rsquo;aper\u00e7u des Modules<\/a><\/p>\n<h3>Description du module: Param\u00e9trique<\/h3>\n<p><a href=\"https:\/\/www.wicam.com\/wp-content\/uploads\/2018\/09\/PN4000_Module_Variante_2.png\" data-fancybox><img loading=\"lazy\" decoding=\"async\" class=\"alignright wp-image-2145 size-medium\" src=\"https:\/\/www.wicam.com\/wp-content\/uploads\/2018\/09\/PN4000_Module_Variante_2-300x163.png\" alt=\"\" width=\"300\" height=\"163\" srcset=\"https:\/\/wicam.com\/wp-content\/uploads\/2018\/09\/PN4000_Module_Variante_2-300x163.png 300w, https:\/\/wicam.com\/wp-content\/uploads\/2018\/09\/PN4000_Module_Variante_2-768x416.png 768w, https:\/\/wicam.com\/wp-content\/uploads\/2018\/09\/PN4000_Module_Variante_2-1024x555.png 1024w, https:\/\/wicam.com\/wp-content\/uploads\/2018\/09\/PN4000_Module_Variante_2.png 1600w\" sizes=\"auto, (max-width: 300px) 100vw, 300px\" \/><\/a>Il existe de nombreux logiciels de CAO 3D dits \u201cparam\u00e9triques\u201d qui ne d\u00e9passent pas les limites du bureau d\u2019\u00e9tudes.<br \/>\nPN4000 est le <strong>seul logiciel<\/strong> \u00e0 poursuivre le raisonnement param\u00e9trique jusqu\u2019\u00e0 la machine d\u2019usinage CNC.<\/p>\n<p>Bas\u00e9 sur des pi\u00e8ces uniques param\u00e9triques, le module <strong>Param\u00e9trique<\/strong> cr\u00e9e de mani\u00e8re totalement automatique des g\u00e9om\u00e9tries variables associ\u00e9es \u00e0 l\u2019outillage souhait\u00e9. Par exemple, toutes les pi\u00e8ces d\u2019un assemblage mont\u00e9 pourraient \u00eatre cr\u00e9\u00e9s automatiquement avec l\u2019aide d\u2019un syst\u00e8me de CAO param\u00e9trique et mises \u00e0 disposition pour l\u2019imbrication. Les param\u00e8tres peuvent provenir directement du syst\u00e8me ERP ou bien d\u2019une feuille Excel.<\/p>\n<h4>Caract\u00e9ristiques<\/h4>\n<ul>\n<li>La g\u00e9n\u00e9ration automatique param\u00e9trique \u00e0 partir d\u2019une seule pi\u00e8ce existante<\/li>\n<li>Langage de programmation int\u00e9gr\u00e9 et simple avec des caract\u00e9ristiques et des conditions math\u00e9matiques<\/li>\n<li>Le support de la technologie des sous-programmes<\/li>\n<li>Le support des macros param\u00e9triques<\/li>\n<li>L\u2019acc\u00e8s \u00e0 tous les param\u00e8tres de traitement, ainsi que des outils<\/li>\n<li>Cr\u00e9ation de param\u00e8tres individuels et des donn\u00e9es sp\u00e9cifiques aux utilisateurs<\/li>\n<\/ul>\n<p>&nbsp;<\/p>\n<p><a href=\"https:\/\/www.wicam.com\/wp-content\/uploads\/2019\/01\/variante1.png\" data-fancybox><img loading=\"lazy\" decoding=\"async\" class=\"alignnone wp-image-7390\" src=\"https:\/\/www.wicam.com\/wp-content\/uploads\/2019\/01\/variante1-300x189.png\" alt=\"\" width=\"350\" height=\"220\" srcset=\"https:\/\/wicam.com\/wp-content\/uploads\/2019\/01\/variante1-300x189.png 300w, https:\/\/wicam.com\/wp-content\/uploads\/2019\/01\/variante1-768x483.png 768w, https:\/\/wicam.com\/wp-content\/uploads\/2019\/01\/variante1-1024x645.png 1024w, https:\/\/wicam.com\/wp-content\/uploads\/2019\/01\/variante1.png 1360w\" sizes=\"auto, (max-width: 350px) 100vw, 350px\" \/><\/a>\u00a0\u00a0<a href=\"https:\/\/www.wicam.com\/wp-content\/uploads\/2019\/01\/variante2.png\" data-fancybox><img loading=\"lazy\" decoding=\"async\" class=\"alignnone wp-image-7395\" src=\"https:\/\/www.wicam.com\/wp-content\/uploads\/2019\/01\/variante2-300x189.png\" alt=\"\" width=\"350\" height=\"220\" srcset=\"https:\/\/wicam.com\/wp-content\/uploads\/2019\/01\/variante2-300x189.png 300w, https:\/\/wicam.com\/wp-content\/uploads\/2019\/01\/variante2-768x483.png 768w, https:\/\/wicam.com\/wp-content\/uploads\/2019\/01\/variante2-1024x645.png 1024w, https:\/\/wicam.com\/wp-content\/uploads\/2019\/01\/variante2.png 1360w\" sizes=\"auto, (max-width: 350px) 100vw, 350px\" \/><\/a>\u00a0\u00a0<a href=\"https:\/\/www.wicam.com\/wp-content\/uploads\/2019\/01\/variante3.png\" data-fancybox><img loading=\"lazy\" decoding=\"async\" class=\"alignnone wp-image-7400\" src=\"https:\/\/www.wicam.com\/wp-content\/uploads\/2019\/01\/variante3-300x189.png\" alt=\"\" width=\"350\" height=\"220\" srcset=\"https:\/\/wicam.com\/wp-content\/uploads\/2019\/01\/variante3-300x189.png 300w, https:\/\/wicam.com\/wp-content\/uploads\/2019\/01\/variante3-768x483.png 768w, https:\/\/wicam.com\/wp-content\/uploads\/2019\/01\/variante3-1024x645.png 1024w, https:\/\/wicam.com\/wp-content\/uploads\/2019\/01\/variante3.png 1360w\" sizes=\"auto, (max-width: 350px) 100vw, 350px\" \/><\/a><\/p>\n","protected":false},"excerpt":{"rendered":"<p>Retour \u00e0 l&rsquo;aper\u00e7u des Modules Description du module: Param\u00e9trique Il existe de nombreux logiciels de CAO 3D dits \u201cparam\u00e9triques\u201d qui ne d\u00e9passent pas les limites du bureau d\u2019\u00e9tudes. PN4000 est le seul logiciel \u00e0 poursuivre le raisonnement param\u00e9trique jusqu\u2019\u00e0 la machine d\u2019usinage CNC. Bas\u00e9 sur des pi\u00e8ces uniques param\u00e9triques, le module Param\u00e9trique cr\u00e9e de mani\u00e8re [&hellip;]<\/p>\n","protected":false},"author":1,"featured_media":0,"parent":5749,"menu_order":0,"comment_status":"closed","ping_status":"closed","template":"page-software-single-modul.php","meta":{"_acf_changed":false,"footnotes":""},"class_list":["post-13506","page","type-page","status-publish","hentry"],"acf":[],"yoast_head":"<!-- This site is optimized with the Yoast SEO plugin v27.2 - https:\/\/yoast.com\/product\/yoast-seo-wordpress\/ -->\n<title>CAO\/CFAO Logiciel - PN4000 - Module: Param\u00e9trique - WiCAM<\/title>\n<meta name=\"description\" content=\"Il existe de nombreux logiciels de CAO 3D dits \u201cparam\u00e9triques\u201d qui ne d\u00e9passent pas les limites du bureau d\u2019\u00e9tudes.\" \/>\n<meta name=\"robots\" content=\"index, follow, max-snippet:-1, max-image-preview:large, max-video-preview:-1\" \/>\n<link rel=\"canonical\" href=\"https:\/\/wicam.com\/fr\/logiciel\/pn4000\/modules\/parametrique\/\" \/>\n<meta property=\"og:locale\" content=\"fr_FR\" \/>\n<meta property=\"og:type\" content=\"article\" \/>\n<meta property=\"og:title\" content=\"CAO\/CFAO Logiciel - PN4000 - Module: Param\u00e9trique - WiCAM\" \/>\n<meta property=\"og:description\" content=\"Il existe de nombreux logiciels de CAO 3D dits \u201cparam\u00e9triques\u201d qui ne d\u00e9passent pas les limites du bureau d\u2019\u00e9tudes.\" \/>\n<meta property=\"og:url\" content=\"https:\/\/wicam.com\/fr\/logiciel\/pn4000\/modules\/parametrique\/\" \/>\n<meta property=\"og:site_name\" content=\"WiCAM\" \/>\n<meta property=\"article:modified_time\" content=\"2020-12-01T21:32:10+00:00\" \/>\n<meta property=\"og:image\" content=\"https:\/\/www.wicam.com\/wp-content\/uploads\/2018\/09\/PN4000_Module_Variante_2-300x163.png\" \/>\n<meta name=\"twitter:card\" content=\"summary_large_image\" \/>\n<meta name=\"twitter:label1\" content=\"Dur\u00e9e de lecture estim\u00e9e\" \/>\n\t<meta name=\"twitter:data1\" content=\"1 minute\" \/>\n<script type=\"application\/ld+json\" class=\"yoast-schema-graph\">{\"@context\":\"https:\/\/schema.org\",\"@graph\":[{\"@type\":\"WebPage\",\"@id\":\"https:\/\/wicam.com\/fr\/logiciel\/pn4000\/modules\/parametrique\/\",\"url\":\"https:\/\/wicam.com\/fr\/logiciel\/pn4000\/modules\/parametrique\/\",\"name\":\"CAO\/CFAO Logiciel - PN4000 - Module: Param\u00e9trique - WiCAM\",\"isPartOf\":{\"@id\":\"https:\/\/wicam.com\/fr\/#website\"},\"primaryImageOfPage\":{\"@id\":\"https:\/\/wicam.com\/fr\/logiciel\/pn4000\/modules\/parametrique\/#primaryimage\"},\"image\":{\"@id\":\"https:\/\/wicam.com\/fr\/logiciel\/pn4000\/modules\/parametrique\/#primaryimage\"},\"thumbnailUrl\":\"https:\/\/www.wicam.com\/wp-content\/uploads\/2018\/09\/PN4000_Module_Variante_2-300x163.png\",\"datePublished\":\"2019-01-15T15:48:01+00:00\",\"dateModified\":\"2020-12-01T21:32:10+00:00\",\"description\":\"Il existe de nombreux logiciels de CAO 3D dits \u201cparam\u00e9triques\u201d qui ne d\u00e9passent pas les limites du bureau d\u2019\u00e9tudes.\",\"breadcrumb\":{\"@id\":\"https:\/\/wicam.com\/fr\/logiciel\/pn4000\/modules\/parametrique\/#breadcrumb\"},\"inLanguage\":\"fr-FR\",\"potentialAction\":[{\"@type\":\"ReadAction\",\"target\":[\"https:\/\/wicam.com\/fr\/logiciel\/pn4000\/modules\/parametrique\/\"]}]},{\"@type\":\"ImageObject\",\"inLanguage\":\"fr-FR\",\"@id\":\"https:\/\/wicam.com\/fr\/logiciel\/pn4000\/modules\/parametrique\/#primaryimage\",\"url\":\"https:\/\/www.wicam.com\/wp-content\/uploads\/2018\/09\/PN4000_Module_Variante_2-300x163.png\",\"contentUrl\":\"https:\/\/www.wicam.com\/wp-content\/uploads\/2018\/09\/PN4000_Module_Variante_2-300x163.png\"},{\"@type\":\"BreadcrumbList\",\"@id\":\"https:\/\/wicam.com\/fr\/logiciel\/pn4000\/modules\/parametrique\/#breadcrumb\",\"itemListElement\":[{\"@type\":\"ListItem\",\"position\":1,\"name\":\"Startseite\",\"item\":\"https:\/\/wicam.com\/fr\/\"},{\"@type\":\"ListItem\",\"position\":2,\"name\":\"Logiciel\",\"item\":\"https:\/\/wicam.com\/fr\/logiciel\/\"},{\"@type\":\"ListItem\",\"position\":3,\"name\":\"CAO\/CFAO System\",\"item\":\"https:\/\/wicam.com\/fr\/logiciel\/pn4000\/\"},{\"@type\":\"ListItem\",\"position\":4,\"name\":\"Modules\",\"item\":\"https:\/\/wicam.com\/fr\/logiciel\/pn4000\/modules\/\"},{\"@type\":\"ListItem\",\"position\":5,\"name\":\"Param\u00e9trique\"}]},{\"@type\":\"WebSite\",\"@id\":\"https:\/\/wicam.com\/fr\/#website\",\"url\":\"https:\/\/wicam.com\/fr\/\",\"name\":\"WiCAM\",\"description\":\"Technische Software\",\"potentialAction\":[{\"@type\":\"SearchAction\",\"target\":{\"@type\":\"EntryPoint\",\"urlTemplate\":\"https:\/\/wicam.com\/fr\/?s={search_term_string}\"},\"query-input\":{\"@type\":\"PropertyValueSpecification\",\"valueRequired\":true,\"valueName\":\"search_term_string\"}}],\"inLanguage\":\"fr-FR\"}]}<\/script>\n<!-- \/ Yoast SEO plugin. -->","yoast_head_json":{"title":"CAO\/CFAO Logiciel - PN4000 - Module: Param\u00e9trique - WiCAM","description":"Il existe de nombreux logiciels de CAO 3D dits \u201cparam\u00e9triques\u201d qui ne d\u00e9passent pas les limites du bureau d\u2019\u00e9tudes.","robots":{"index":"index","follow":"follow","max-snippet":"max-snippet:-1","max-image-preview":"max-image-preview:large","max-video-preview":"max-video-preview:-1"},"canonical":"https:\/\/wicam.com\/fr\/logiciel\/pn4000\/modules\/parametrique\/","og_locale":"fr_FR","og_type":"article","og_title":"CAO\/CFAO Logiciel - PN4000 - Module: Param\u00e9trique - WiCAM","og_description":"Il existe de nombreux logiciels de CAO 3D dits \u201cparam\u00e9triques\u201d qui ne d\u00e9passent pas les limites du bureau d\u2019\u00e9tudes.","og_url":"https:\/\/wicam.com\/fr\/logiciel\/pn4000\/modules\/parametrique\/","og_site_name":"WiCAM","article_modified_time":"2020-12-01T21:32:10+00:00","og_image":[{"url":"https:\/\/www.wicam.com\/wp-content\/uploads\/2018\/09\/PN4000_Module_Variante_2-300x163.png","type":"","width":"","height":""}],"twitter_card":"summary_large_image","twitter_misc":{"Dur\u00e9e de lecture estim\u00e9e":"1 minute"},"schema":{"@context":"https:\/\/schema.org","@graph":[{"@type":"WebPage","@id":"https:\/\/wicam.com\/fr\/logiciel\/pn4000\/modules\/parametrique\/","url":"https:\/\/wicam.com\/fr\/logiciel\/pn4000\/modules\/parametrique\/","name":"CAO\/CFAO Logiciel - PN4000 - Module: Param\u00e9trique - WiCAM","isPartOf":{"@id":"https:\/\/wicam.com\/fr\/#website"},"primaryImageOfPage":{"@id":"https:\/\/wicam.com\/fr\/logiciel\/pn4000\/modules\/parametrique\/#primaryimage"},"image":{"@id":"https:\/\/wicam.com\/fr\/logiciel\/pn4000\/modules\/parametrique\/#primaryimage"},"thumbnailUrl":"https:\/\/www.wicam.com\/wp-content\/uploads\/2018\/09\/PN4000_Module_Variante_2-300x163.png","datePublished":"2019-01-15T15:48:01+00:00","dateModified":"2020-12-01T21:32:10+00:00","description":"Il existe de nombreux logiciels de CAO 3D dits \u201cparam\u00e9triques\u201d qui ne d\u00e9passent pas les limites du bureau d\u2019\u00e9tudes.","breadcrumb":{"@id":"https:\/\/wicam.com\/fr\/logiciel\/pn4000\/modules\/parametrique\/#breadcrumb"},"inLanguage":"fr-FR","potentialAction":[{"@type":"ReadAction","target":["https:\/\/wicam.com\/fr\/logiciel\/pn4000\/modules\/parametrique\/"]}]},{"@type":"ImageObject","inLanguage":"fr-FR","@id":"https:\/\/wicam.com\/fr\/logiciel\/pn4000\/modules\/parametrique\/#primaryimage","url":"https:\/\/www.wicam.com\/wp-content\/uploads\/2018\/09\/PN4000_Module_Variante_2-300x163.png","contentUrl":"https:\/\/www.wicam.com\/wp-content\/uploads\/2018\/09\/PN4000_Module_Variante_2-300x163.png"},{"@type":"BreadcrumbList","@id":"https:\/\/wicam.com\/fr\/logiciel\/pn4000\/modules\/parametrique\/#breadcrumb","itemListElement":[{"@type":"ListItem","position":1,"name":"Startseite","item":"https:\/\/wicam.com\/fr\/"},{"@type":"ListItem","position":2,"name":"Logiciel","item":"https:\/\/wicam.com\/fr\/logiciel\/"},{"@type":"ListItem","position":3,"name":"CAO\/CFAO System","item":"https:\/\/wicam.com\/fr\/logiciel\/pn4000\/"},{"@type":"ListItem","position":4,"name":"Modules","item":"https:\/\/wicam.com\/fr\/logiciel\/pn4000\/modules\/"},{"@type":"ListItem","position":5,"name":"Param\u00e9trique"}]},{"@type":"WebSite","@id":"https:\/\/wicam.com\/fr\/#website","url":"https:\/\/wicam.com\/fr\/","name":"WiCAM","description":"Technische Software","potentialAction":[{"@type":"SearchAction","target":{"@type":"EntryPoint","urlTemplate":"https:\/\/wicam.com\/fr\/?s={search_term_string}"},"query-input":{"@type":"PropertyValueSpecification","valueRequired":true,"valueName":"search_term_string"}}],"inLanguage":"fr-FR"}]}},"_links":{"self":[{"href":"https:\/\/wicam.com\/fr\/wp-json\/wp\/v2\/pages\/13506","targetHints":{"allow":["GET"]}}],"collection":[{"href":"https:\/\/wicam.com\/fr\/wp-json\/wp\/v2\/pages"}],"about":[{"href":"https:\/\/wicam.com\/fr\/wp-json\/wp\/v2\/types\/page"}],"author":[{"embeddable":true,"href":"https:\/\/wicam.com\/fr\/wp-json\/wp\/v2\/users\/1"}],"replies":[{"embeddable":true,"href":"https:\/\/wicam.com\/fr\/wp-json\/wp\/v2\/comments?post=13506"}],"version-history":[{"count":0,"href":"https:\/\/wicam.com\/fr\/wp-json\/wp\/v2\/pages\/13506\/revisions"}],"up":[{"embeddable":true,"href":"https:\/\/wicam.com\/fr\/wp-json\/wp\/v2\/pages\/5749"}],"wp:attachment":[{"href":"https:\/\/wicam.com\/fr\/wp-json\/wp\/v2\/media?parent=13506"}],"curies":[{"name":"wp","href":"https:\/\/api.w.org\/{rel}","templated":true}]}}