{"id":13513,"date":"2019-01-15T16:47:45","date_gmt":"2019-01-15T15:47:45","guid":{"rendered":"https:\/\/www.wicam.com\/logiciel\/pn4000\/modules\/schachteln\/"},"modified":"2022-04-28T11:54:38","modified_gmt":"2022-04-28T09:54:38","slug":"imbrication","status":"publish","type":"page","link":"https:\/\/wicam.com\/fr\/logiciel\/pn4000\/modules\/imbrication\/","title":{"rendered":"Imbrication"},"content":{"rendered":"<p><a href=\"https:\/\/www.wicam.com\/fr\/logiciel\/pn4000\/modules\/\">Retour \u00e0 l&rsquo;aper\u00e7u des Modules<\/a><\/p>\n<h3>Description du module: Imbrication<\/h3>\n<p><a href=\"https:\/\/www.wicam.com\/wp-content\/uploads\/2018\/09\/PN4000_Module_Nesting_4.png\" data-fancybox><img loading=\"lazy\" decoding=\"async\" class=\"alignright wp-image-2147 size-medium\" src=\"https:\/\/www.wicam.com\/wp-content\/uploads\/2018\/09\/PN4000_Module_Nesting_4-300x163.png\" alt=\"\" width=\"300\" height=\"163\" srcset=\"https:\/\/wicam.com\/wp-content\/uploads\/2018\/09\/PN4000_Module_Nesting_4-300x163.png 300w, https:\/\/wicam.com\/wp-content\/uploads\/2018\/09\/PN4000_Module_Nesting_4-768x416.png 768w, https:\/\/wicam.com\/wp-content\/uploads\/2018\/09\/PN4000_Module_Nesting_4-1024x555.png 1024w, https:\/\/wicam.com\/wp-content\/uploads\/2018\/09\/PN4000_Module_Nesting_4.png 1600w\" sizes=\"auto, (max-width: 300px) 100vw, 300px\" \/><\/a>Le module d\u2019imbrication (<strong>Nesting<\/strong>) fournit automatiquement la meilleure utilisation du mat\u00e9riau et garantit un tr\u00e8s haut niveau de s\u00e9curit\u00e9 dans la gestion du processus d\u2019usinage. Avec des coupes communes combin\u00e9es pour poin\u00e7onnage et usinage LASER, l\u2019efficacit\u00e9 et le temps de traitement diminue d\u2019un facteur important. Le contr\u00f4le des consommation int\u00e9gr\u00e9 de mat\u00e9riaux que vous enregistrez permet de g\u00e9rer les stocks et les consommations ainsi que des informations qui sont li\u00e9es \u00e0 la mati\u00e8re (par exemple, le num\u00e9ro de lot et l\u2019emplacement de stockage).<\/p>\n<h4>Caract\u00e9ristiques<\/h4>\n<ul>\n<li>L\u2019imbrication automatique de toutes les parties simples et complexes sur des pi\u00e8ces g\u00e9om\u00e9triques (par exemple des plaques vierges et les restes de la plaque)<\/li>\n<li>Diff\u00e9rentes strat\u00e9gies pour r\u00e9aliser la meilleure utilisation du mat\u00e9riau<\/li>\n<li>Imbrication pour les coupes communes de s\u00e9paration combin\u00e9es (poin\u00e7onnage et laser)<\/li>\n<li>Imbrication pour les machines avec cisaille<\/li>\n<li>Imbrication automatique pour les machines \u00e0 d\u00e9coupe multi-t\u00eate<\/li>\n<li>Utilisation simultan\u00e9e de diff\u00e9rentes technologies possibles<\/li>\n<li>S\u00e9paration des coupes sur la feuille de t\u00f4le<\/li>\n<li>Imbrication de pi\u00e8ces pr\u00e9-fabriqu\u00e9es<\/li>\n<li>Prise en compte de la partie \/ \u00e9limination des d\u00e9chets<\/li>\n<li>Imbrication automatique de groupes de pi\u00e8ces<\/li>\n<li>Rotation automatique de pi\u00e8ces (m\u00eame avec des angles)<\/li>\n<li>Contours int\u00e9rieurs \u00e9galement utilis\u00e9s pour l\u2019imbrication<\/li>\n<li>Tous les r\u00e9sultats de l\u2019imbrication peuvent \u00eatre modifi\u00e9s manuellement<\/li>\n<li>Imbrication pour le traitement sans grille de squelette (Scrap free working)<\/li>\n<li>Utilisation simultan\u00e9e de pi\u00e8ces pour le refendage commun et la grille d\u2019imbrication combin\u00e9e sur la m\u00eame feuille<\/li>\n<li>G\u00e9n\u00e9ration automatique des restes de plaques voir<\/li>\n<li>Tous les param\u00e8tres d\u2019imbrication peuvent \u00eatre configur\u00e9s en fonction de la machine et du mat\u00e9riel<\/li>\n<\/ul>\n<p>&nbsp;<\/p>\n<p><a href=\"https:\/\/www.wicam.com\/wp-content\/uploads\/2019\/01\/nesting1.png\" data-fancybox><img loading=\"lazy\" decoding=\"async\" class=\"alignnone wp-image-7372\" src=\"https:\/\/www.wicam.com\/wp-content\/uploads\/2019\/01\/nesting1-300x189.png\" alt=\"\" width=\"350\" height=\"220\" srcset=\"https:\/\/wicam.com\/wp-content\/uploads\/2019\/01\/nesting1-300x189.png 300w, https:\/\/wicam.com\/wp-content\/uploads\/2019\/01\/nesting1-768x483.png 768w, https:\/\/wicam.com\/wp-content\/uploads\/2019\/01\/nesting1-1024x645.png 1024w, https:\/\/wicam.com\/wp-content\/uploads\/2019\/01\/nesting1.png 1360w\" sizes=\"auto, (max-width: 350px) 100vw, 350px\" \/><\/a>\u00a0\u00a0<a href=\"https:\/\/www.wicam.com\/wp-content\/uploads\/2019\/01\/nesting2.png\" data-fancybox><img loading=\"lazy\" decoding=\"async\" class=\"alignnone wp-image-7377\" src=\"https:\/\/www.wicam.com\/wp-content\/uploads\/2019\/01\/nesting2-300x189.png\" alt=\"\" width=\"350\" height=\"220\" srcset=\"https:\/\/wicam.com\/wp-content\/uploads\/2019\/01\/nesting2-300x189.png 300w, https:\/\/wicam.com\/wp-content\/uploads\/2019\/01\/nesting2-768x483.png 768w, https:\/\/wicam.com\/wp-content\/uploads\/2019\/01\/nesting2-1024x645.png 1024w, https:\/\/wicam.com\/wp-content\/uploads\/2019\/01\/nesting2.png 1360w\" sizes=\"auto, (max-width: 350px) 100vw, 350px\" \/><\/a>\u00a0\u00a0<a href=\"https:\/\/www.wicam.com\/wp-content\/uploads\/2019\/01\/nesting3.png\" data-fancybox><img loading=\"lazy\" decoding=\"async\" class=\"alignnone wp-image-7382\" src=\"https:\/\/www.wicam.com\/wp-content\/uploads\/2019\/01\/nesting3-300x189.png\" alt=\"\" width=\"350\" height=\"220\" srcset=\"https:\/\/wicam.com\/wp-content\/uploads\/2019\/01\/nesting3-300x189.png 300w, https:\/\/wicam.com\/wp-content\/uploads\/2019\/01\/nesting3-768x483.png 768w, https:\/\/wicam.com\/wp-content\/uploads\/2019\/01\/nesting3-1024x645.png 1024w, https:\/\/wicam.com\/wp-content\/uploads\/2019\/01\/nesting3.png 1360w\" sizes=\"auto, (max-width: 350px) 100vw, 350px\" \/><\/a><\/p>\n","protected":false},"excerpt":{"rendered":"<p>Retour \u00e0 l&rsquo;aper\u00e7u des Modules Description du module: Imbrication Le module d\u2019imbrication (Nesting) fournit automatiquement la meilleure utilisation du mat\u00e9riau et garantit un tr\u00e8s haut niveau de s\u00e9curit\u00e9 dans la gestion du processus d\u2019usinage. Avec des coupes communes combin\u00e9es pour poin\u00e7onnage et usinage LASER, l\u2019efficacit\u00e9 et le temps de traitement diminue d\u2019un facteur important. Le [&hellip;]<\/p>\n","protected":false},"author":1,"featured_media":0,"parent":5749,"menu_order":0,"comment_status":"closed","ping_status":"closed","template":"page-software-single-modul.php","meta":{"_acf_changed":false,"footnotes":""},"class_list":["post-13513","page","type-page","status-publish","hentry"],"acf":[],"yoast_head":"<!-- This site is optimized with the Yoast SEO plugin v27.2 - https:\/\/yoast.com\/product\/yoast-seo-wordpress\/ -->\n<title>CAO\/CFAO Logiciel - PN4000 - Module: Imbrication - WiCAM<\/title>\n<meta name=\"description\" content=\"Le module d\u2019imbrication (Nesting) fournit automatiquement la meilleure utilisation du mat\u00e9riau et garantit un tr\u00e8s haut niveau de s\u00e9curit\u00e9 dans la gestion du processus d\u2019usinage.\" \/>\n<meta name=\"robots\" content=\"index, follow, max-snippet:-1, max-image-preview:large, max-video-preview:-1\" \/>\n<link rel=\"canonical\" href=\"https:\/\/wicam.com\/fr\/logiciel\/pn4000\/modules\/imbrication\/\" \/>\n<meta property=\"og:locale\" content=\"fr_FR\" \/>\n<meta property=\"og:type\" content=\"article\" \/>\n<meta property=\"og:title\" content=\"CAO\/CFAO Logiciel - PN4000 - Module: Imbrication - WiCAM\" \/>\n<meta property=\"og:description\" content=\"Le module d\u2019imbrication (Nesting) fournit automatiquement la meilleure utilisation du mat\u00e9riau et garantit un tr\u00e8s haut niveau de s\u00e9curit\u00e9 dans la gestion du processus d\u2019usinage.\" \/>\n<meta property=\"og:url\" content=\"https:\/\/wicam.com\/fr\/logiciel\/pn4000\/modules\/imbrication\/\" \/>\n<meta property=\"og:site_name\" content=\"WiCAM\" \/>\n<meta property=\"article:modified_time\" content=\"2022-04-28T09:54:38+00:00\" \/>\n<meta property=\"og:image\" content=\"https:\/\/www.wicam.com\/wp-content\/uploads\/2018\/09\/PN4000_Module_Nesting_4-300x163.png\" \/>\n<meta name=\"twitter:card\" content=\"summary_large_image\" \/>\n<meta name=\"twitter:label1\" content=\"Dur\u00e9e de lecture estim\u00e9e\" \/>\n\t<meta name=\"twitter:data1\" content=\"2 minutes\" \/>\n<script type=\"application\/ld+json\" class=\"yoast-schema-graph\">{\"@context\":\"https:\/\/schema.org\",\"@graph\":[{\"@type\":\"WebPage\",\"@id\":\"https:\/\/wicam.com\/fr\/logiciel\/pn4000\/modules\/imbrication\/\",\"url\":\"https:\/\/wicam.com\/fr\/logiciel\/pn4000\/modules\/imbrication\/\",\"name\":\"CAO\/CFAO Logiciel - PN4000 - Module: Imbrication - WiCAM\",\"isPartOf\":{\"@id\":\"https:\/\/wicam.com\/fr\/#website\"},\"primaryImageOfPage\":{\"@id\":\"https:\/\/wicam.com\/fr\/logiciel\/pn4000\/modules\/imbrication\/#primaryimage\"},\"image\":{\"@id\":\"https:\/\/wicam.com\/fr\/logiciel\/pn4000\/modules\/imbrication\/#primaryimage\"},\"thumbnailUrl\":\"https:\/\/www.wicam.com\/wp-content\/uploads\/2018\/09\/PN4000_Module_Nesting_4-300x163.png\",\"datePublished\":\"2019-01-15T15:47:45+00:00\",\"dateModified\":\"2022-04-28T09:54:38+00:00\",\"description\":\"Le module d\u2019imbrication (Nesting) fournit automatiquement la meilleure utilisation du mat\u00e9riau et garantit un tr\u00e8s haut niveau de s\u00e9curit\u00e9 dans la gestion du processus d\u2019usinage.\",\"breadcrumb\":{\"@id\":\"https:\/\/wicam.com\/fr\/logiciel\/pn4000\/modules\/imbrication\/#breadcrumb\"},\"inLanguage\":\"fr-FR\",\"potentialAction\":[{\"@type\":\"ReadAction\",\"target\":[\"https:\/\/wicam.com\/fr\/logiciel\/pn4000\/modules\/imbrication\/\"]}]},{\"@type\":\"ImageObject\",\"inLanguage\":\"fr-FR\",\"@id\":\"https:\/\/wicam.com\/fr\/logiciel\/pn4000\/modules\/imbrication\/#primaryimage\",\"url\":\"https:\/\/www.wicam.com\/wp-content\/uploads\/2018\/09\/PN4000_Module_Nesting_4-300x163.png\",\"contentUrl\":\"https:\/\/www.wicam.com\/wp-content\/uploads\/2018\/09\/PN4000_Module_Nesting_4-300x163.png\"},{\"@type\":\"BreadcrumbList\",\"@id\":\"https:\/\/wicam.com\/fr\/logiciel\/pn4000\/modules\/imbrication\/#breadcrumb\",\"itemListElement\":[{\"@type\":\"ListItem\",\"position\":1,\"name\":\"Startseite\",\"item\":\"https:\/\/wicam.com\/fr\/\"},{\"@type\":\"ListItem\",\"position\":2,\"name\":\"Logiciel\",\"item\":\"https:\/\/wicam.com\/fr\/logiciel\/\"},{\"@type\":\"ListItem\",\"position\":3,\"name\":\"CAO\/CFAO System\",\"item\":\"https:\/\/wicam.com\/fr\/logiciel\/pn4000\/\"},{\"@type\":\"ListItem\",\"position\":4,\"name\":\"Modules\",\"item\":\"https:\/\/wicam.com\/fr\/logiciel\/pn4000\/modules\/\"},{\"@type\":\"ListItem\",\"position\":5,\"name\":\"Imbrication\"}]},{\"@type\":\"WebSite\",\"@id\":\"https:\/\/wicam.com\/fr\/#website\",\"url\":\"https:\/\/wicam.com\/fr\/\",\"name\":\"WiCAM\",\"description\":\"Technische Software\",\"potentialAction\":[{\"@type\":\"SearchAction\",\"target\":{\"@type\":\"EntryPoint\",\"urlTemplate\":\"https:\/\/wicam.com\/fr\/?s={search_term_string}\"},\"query-input\":{\"@type\":\"PropertyValueSpecification\",\"valueRequired\":true,\"valueName\":\"search_term_string\"}}],\"inLanguage\":\"fr-FR\"}]}<\/script>\n<!-- \/ Yoast SEO plugin. -->","yoast_head_json":{"title":"CAO\/CFAO Logiciel - PN4000 - Module: Imbrication - WiCAM","description":"Le module d\u2019imbrication (Nesting) fournit automatiquement la meilleure utilisation du mat\u00e9riau et garantit un tr\u00e8s haut niveau de s\u00e9curit\u00e9 dans la gestion du processus d\u2019usinage.","robots":{"index":"index","follow":"follow","max-snippet":"max-snippet:-1","max-image-preview":"max-image-preview:large","max-video-preview":"max-video-preview:-1"},"canonical":"https:\/\/wicam.com\/fr\/logiciel\/pn4000\/modules\/imbrication\/","og_locale":"fr_FR","og_type":"article","og_title":"CAO\/CFAO Logiciel - PN4000 - Module: Imbrication - WiCAM","og_description":"Le module d\u2019imbrication (Nesting) fournit automatiquement la meilleure utilisation du mat\u00e9riau et garantit un tr\u00e8s haut niveau de s\u00e9curit\u00e9 dans la gestion du processus d\u2019usinage.","og_url":"https:\/\/wicam.com\/fr\/logiciel\/pn4000\/modules\/imbrication\/","og_site_name":"WiCAM","article_modified_time":"2022-04-28T09:54:38+00:00","og_image":[{"url":"https:\/\/www.wicam.com\/wp-content\/uploads\/2018\/09\/PN4000_Module_Nesting_4-300x163.png","type":"","width":"","height":""}],"twitter_card":"summary_large_image","twitter_misc":{"Dur\u00e9e de lecture estim\u00e9e":"2 minutes"},"schema":{"@context":"https:\/\/schema.org","@graph":[{"@type":"WebPage","@id":"https:\/\/wicam.com\/fr\/logiciel\/pn4000\/modules\/imbrication\/","url":"https:\/\/wicam.com\/fr\/logiciel\/pn4000\/modules\/imbrication\/","name":"CAO\/CFAO Logiciel - PN4000 - Module: Imbrication - WiCAM","isPartOf":{"@id":"https:\/\/wicam.com\/fr\/#website"},"primaryImageOfPage":{"@id":"https:\/\/wicam.com\/fr\/logiciel\/pn4000\/modules\/imbrication\/#primaryimage"},"image":{"@id":"https:\/\/wicam.com\/fr\/logiciel\/pn4000\/modules\/imbrication\/#primaryimage"},"thumbnailUrl":"https:\/\/www.wicam.com\/wp-content\/uploads\/2018\/09\/PN4000_Module_Nesting_4-300x163.png","datePublished":"2019-01-15T15:47:45+00:00","dateModified":"2022-04-28T09:54:38+00:00","description":"Le module d\u2019imbrication (Nesting) fournit automatiquement la meilleure utilisation du mat\u00e9riau et garantit un tr\u00e8s haut niveau de s\u00e9curit\u00e9 dans la gestion du processus d\u2019usinage.","breadcrumb":{"@id":"https:\/\/wicam.com\/fr\/logiciel\/pn4000\/modules\/imbrication\/#breadcrumb"},"inLanguage":"fr-FR","potentialAction":[{"@type":"ReadAction","target":["https:\/\/wicam.com\/fr\/logiciel\/pn4000\/modules\/imbrication\/"]}]},{"@type":"ImageObject","inLanguage":"fr-FR","@id":"https:\/\/wicam.com\/fr\/logiciel\/pn4000\/modules\/imbrication\/#primaryimage","url":"https:\/\/www.wicam.com\/wp-content\/uploads\/2018\/09\/PN4000_Module_Nesting_4-300x163.png","contentUrl":"https:\/\/www.wicam.com\/wp-content\/uploads\/2018\/09\/PN4000_Module_Nesting_4-300x163.png"},{"@type":"BreadcrumbList","@id":"https:\/\/wicam.com\/fr\/logiciel\/pn4000\/modules\/imbrication\/#breadcrumb","itemListElement":[{"@type":"ListItem","position":1,"name":"Startseite","item":"https:\/\/wicam.com\/fr\/"},{"@type":"ListItem","position":2,"name":"Logiciel","item":"https:\/\/wicam.com\/fr\/logiciel\/"},{"@type":"ListItem","position":3,"name":"CAO\/CFAO System","item":"https:\/\/wicam.com\/fr\/logiciel\/pn4000\/"},{"@type":"ListItem","position":4,"name":"Modules","item":"https:\/\/wicam.com\/fr\/logiciel\/pn4000\/modules\/"},{"@type":"ListItem","position":5,"name":"Imbrication"}]},{"@type":"WebSite","@id":"https:\/\/wicam.com\/fr\/#website","url":"https:\/\/wicam.com\/fr\/","name":"WiCAM","description":"Technische Software","potentialAction":[{"@type":"SearchAction","target":{"@type":"EntryPoint","urlTemplate":"https:\/\/wicam.com\/fr\/?s={search_term_string}"},"query-input":{"@type":"PropertyValueSpecification","valueRequired":true,"valueName":"search_term_string"}}],"inLanguage":"fr-FR"}]}},"_links":{"self":[{"href":"https:\/\/wicam.com\/fr\/wp-json\/wp\/v2\/pages\/13513","targetHints":{"allow":["GET"]}}],"collection":[{"href":"https:\/\/wicam.com\/fr\/wp-json\/wp\/v2\/pages"}],"about":[{"href":"https:\/\/wicam.com\/fr\/wp-json\/wp\/v2\/types\/page"}],"author":[{"embeddable":true,"href":"https:\/\/wicam.com\/fr\/wp-json\/wp\/v2\/users\/1"}],"replies":[{"embeddable":true,"href":"https:\/\/wicam.com\/fr\/wp-json\/wp\/v2\/comments?post=13513"}],"version-history":[{"count":0,"href":"https:\/\/wicam.com\/fr\/wp-json\/wp\/v2\/pages\/13513\/revisions"}],"up":[{"embeddable":true,"href":"https:\/\/wicam.com\/fr\/wp-json\/wp\/v2\/pages\/5749"}],"wp:attachment":[{"href":"https:\/\/wicam.com\/fr\/wp-json\/wp\/v2\/media?parent=13513"}],"curies":[{"name":"wp","href":"https:\/\/api.w.org\/{rel}","templated":true}]}}