{"id":13516,"date":"2019-01-15T16:47:38","date_gmt":"2019-01-15T15:47:38","guid":{"rendered":"https:\/\/www.wicam.com\/logiciel\/pn4000\/modules\/auftragsverwaltung\/"},"modified":"2020-12-01T22:37:00","modified_gmt":"2020-12-01T21:37:00","slug":"gestion-des-ordres","status":"publish","type":"page","link":"https:\/\/wicam.com\/fr\/logiciel\/pn4000\/modules\/gestion-des-ordres\/","title":{"rendered":"Gestion des ordres"},"content":{"rendered":"<p><a href=\"https:\/\/www.wicam.com\/fr\/logiciel\/pn4000\/modules\/\">Retour \u00e0 l&rsquo;aper\u00e7u des Modules<\/a><\/p>\n<h3>Description du module: Gestion des ordres<\/h3>\n<p><a href=\"https:\/\/www.wicam.com\/wp-content\/uploads\/2018\/09\/PNControl_2_modified_times.png\" data-fancybox><img loading=\"lazy\" decoding=\"async\" class=\"alignright wp-image-2149 size-medium\" src=\"https:\/\/www.wicam.com\/wp-content\/uploads\/2018\/09\/PNControl_2_modified_times-300x163.png\" alt=\"\" width=\"300\" height=\"163\" srcset=\"https:\/\/wicam.com\/wp-content\/uploads\/2018\/09\/PNControl_2_modified_times-300x163.png 300w, https:\/\/wicam.com\/wp-content\/uploads\/2018\/09\/PNControl_2_modified_times-768x416.png 768w, https:\/\/wicam.com\/wp-content\/uploads\/2018\/09\/PNControl_2_modified_times-1024x555.png 1024w, https:\/\/wicam.com\/wp-content\/uploads\/2018\/09\/PNControl_2_modified_times.png 1600w\" sizes=\"auto, (max-width: 300px) 100vw, 300px\" \/><\/a>Le module de gestion des ordres (fonctions de M.E.S. pour <strong>M<\/strong>anufacturing <strong>E<\/strong>xecution <strong>S<\/strong>ystem), contr\u00f4le et ordonnance tous les ordres de fabrication. Les information suppl\u00e9mentaires telles que la quantit\u00e9, la mati\u00e8re, la date de fabrication. Les informations sur l\u2019ordre seront respect\u00e9es pour une composition optimale des t\u00e2ches d\u00e9finies lors de l\u2019imbrication.<\/p>\n<h4>Fonctions<\/h4>\n<ul>\n<li>Contr\u00f4le et g\u00e8re tous les ordres de fabrication<\/li>\n<li>Contr\u00f4le des \u00e9tapes de fabrication comme la sortie des pi\u00e8ces, le report des pi\u00e8ces termin\u00e9es, leur suppression, rejets et mise au rebut.<\/li>\n<li>Connexion en option aux base de donn\u00e9es SQL<\/li>\n<li>La connexion au syst\u00e8me ERP pour obtenir les informations sur les commandes et le renvoi des informations de processus<\/li>\n<li>La g\u00e9n\u00e9ration automatique des imbrications et les consommations de mati\u00e8res bas\u00e9es sur des crit\u00e8res de s\u00e9lection, tels que le mat\u00e9riau, l\u2019\u00e9paisseur, la machine, le client, de livrer la date, etc.<\/li>\n<\/ul>\n<p>&nbsp;<br \/>\n<a href=\"https:\/\/www.wicam.com\/wp-content\/uploads\/2019\/01\/auftragspool1.png\" data-fancybox><img loading=\"lazy\" decoding=\"async\" class=\"alignnone wp-image-7336 size-medium\" src=\"https:\/\/www.wicam.com\/wp-content\/uploads\/2019\/01\/auftragspool1-300x154.png\" alt=\"\" width=\"300\" height=\"154\" srcset=\"https:\/\/wicam.com\/wp-content\/uploads\/2019\/01\/auftragspool1-300x154.png 300w, https:\/\/wicam.com\/wp-content\/uploads\/2019\/01\/auftragspool1-768x394.png 768w, https:\/\/wicam.com\/wp-content\/uploads\/2019\/01\/auftragspool1-1024x525.png 1024w, https:\/\/wicam.com\/wp-content\/uploads\/2019\/01\/auftragspool1.png 1283w\" sizes=\"auto, (max-width: 300px) 100vw, 300px\" \/><\/a>\u00a0\u00a0<a href=\"https:\/\/www.wicam.com\/wp-content\/uploads\/2018\/09\/PN4000_Module_Auftragsverwaltung_2_colored.png\" data-fancybox><img loading=\"lazy\" decoding=\"async\" class=\"alignnone wp-image-2141\" src=\"https:\/\/www.wicam.com\/wp-content\/uploads\/2018\/09\/PN4000_Module_Auftragsverwaltung_2_colored-300x163.png\" alt=\"\" width=\"284\" height=\"154\" srcset=\"https:\/\/wicam.com\/wp-content\/uploads\/2018\/09\/PN4000_Module_Auftragsverwaltung_2_colored-300x163.png 300w, https:\/\/wicam.com\/wp-content\/uploads\/2018\/09\/PN4000_Module_Auftragsverwaltung_2_colored-768x416.png 768w, https:\/\/wicam.com\/wp-content\/uploads\/2018\/09\/PN4000_Module_Auftragsverwaltung_2_colored-1024x555.png 1024w, https:\/\/wicam.com\/wp-content\/uploads\/2018\/09\/PN4000_Module_Auftragsverwaltung_2_colored.png 1600w\" sizes=\"auto, (max-width: 284px) 100vw, 284px\" \/><\/a>\u00a0\u00a0<a href=\"https:\/\/www.wicam.com\/wp-content\/uploads\/2018\/09\/PNControl_1.png\" data-fancybox><img loading=\"lazy\" decoding=\"async\" class=\"alignnone wp-image-2169\" src=\"https:\/\/www.wicam.com\/wp-content\/uploads\/2018\/09\/PNControl_1-300x163.png\" alt=\"\" width=\"284\" height=\"154\" srcset=\"https:\/\/wicam.com\/wp-content\/uploads\/2018\/09\/PNControl_1-300x163.png 300w, https:\/\/wicam.com\/wp-content\/uploads\/2018\/09\/PNControl_1-768x416.png 768w, https:\/\/wicam.com\/wp-content\/uploads\/2018\/09\/PNControl_1-1024x555.png 1024w, https:\/\/wicam.com\/wp-content\/uploads\/2018\/09\/PNControl_1.png 1600w\" sizes=\"auto, (max-width: 284px) 100vw, 284px\" \/><\/a><\/p>\n","protected":false},"excerpt":{"rendered":"<p>Retour \u00e0 l&rsquo;aper\u00e7u des Modules Description du module: Gestion des ordres Le module de gestion des ordres (fonctions de M.E.S. pour Manufacturing Execution System), contr\u00f4le et ordonnance tous les ordres de fabrication. Les information suppl\u00e9mentaires telles que la quantit\u00e9, la mati\u00e8re, la date de fabrication. Les informations sur l\u2019ordre seront respect\u00e9es pour une composition optimale [&hellip;]<\/p>\n","protected":false},"author":1,"featured_media":0,"parent":5749,"menu_order":0,"comment_status":"closed","ping_status":"closed","template":"page-software-single-modul.php","meta":{"_acf_changed":false,"footnotes":""},"class_list":["post-13516","page","type-page","status-publish","hentry"],"acf":[],"yoast_head":"<!-- This site is optimized with the Yoast SEO plugin v27.2 - https:\/\/yoast.com\/product\/yoast-seo-wordpress\/ -->\n<title>CAO\/CFAO Logiciel - PN4000 - Module: Gestion des ordres - WiCAM<\/title>\n<meta name=\"description\" content=\"Le module de gestion des ordres (fonctions de M.E.S. pour Manufacturing Execution System), contr\u00f4le et ordonnance tous les ordres de fabrication.\" \/>\n<meta name=\"robots\" content=\"index, follow, max-snippet:-1, max-image-preview:large, max-video-preview:-1\" \/>\n<link rel=\"canonical\" href=\"https:\/\/wicam.com\/fr\/logiciel\/pn4000\/modules\/gestion-des-ordres\/\" \/>\n<meta property=\"og:locale\" content=\"fr_FR\" \/>\n<meta property=\"og:type\" content=\"article\" \/>\n<meta property=\"og:title\" content=\"CAO\/CFAO Logiciel - PN4000 - Module: Gestion des ordres - WiCAM\" \/>\n<meta property=\"og:description\" content=\"Le module de gestion des ordres (fonctions de M.E.S. pour Manufacturing Execution System), contr\u00f4le et ordonnance tous les ordres de fabrication.\" \/>\n<meta property=\"og:url\" content=\"https:\/\/wicam.com\/fr\/logiciel\/pn4000\/modules\/gestion-des-ordres\/\" \/>\n<meta property=\"og:site_name\" content=\"WiCAM\" \/>\n<meta property=\"article:modified_time\" content=\"2020-12-01T21:37:00+00:00\" \/>\n<meta property=\"og:image\" content=\"https:\/\/www.wicam.com\/wp-content\/uploads\/2018\/09\/PNControl_2_modified_times-300x163.png\" \/>\n<meta name=\"twitter:card\" content=\"summary_large_image\" \/>\n<meta name=\"twitter:label1\" content=\"Dur\u00e9e de lecture estim\u00e9e\" \/>\n\t<meta name=\"twitter:data1\" content=\"1 minute\" \/>\n<script type=\"application\/ld+json\" class=\"yoast-schema-graph\">{\"@context\":\"https:\/\/schema.org\",\"@graph\":[{\"@type\":\"WebPage\",\"@id\":\"https:\/\/wicam.com\/fr\/logiciel\/pn4000\/modules\/gestion-des-ordres\/\",\"url\":\"https:\/\/wicam.com\/fr\/logiciel\/pn4000\/modules\/gestion-des-ordres\/\",\"name\":\"CAO\/CFAO Logiciel - PN4000 - Module: Gestion des ordres - WiCAM\",\"isPartOf\":{\"@id\":\"https:\/\/wicam.com\/fr\/#website\"},\"primaryImageOfPage\":{\"@id\":\"https:\/\/wicam.com\/fr\/logiciel\/pn4000\/modules\/gestion-des-ordres\/#primaryimage\"},\"image\":{\"@id\":\"https:\/\/wicam.com\/fr\/logiciel\/pn4000\/modules\/gestion-des-ordres\/#primaryimage\"},\"thumbnailUrl\":\"https:\/\/www.wicam.com\/wp-content\/uploads\/2018\/09\/PNControl_2_modified_times-300x163.png\",\"datePublished\":\"2019-01-15T15:47:38+00:00\",\"dateModified\":\"2020-12-01T21:37:00+00:00\",\"description\":\"Le module de gestion des ordres (fonctions de M.E.S. pour Manufacturing Execution System), contr\u00f4le et ordonnance tous les ordres de fabrication.\",\"breadcrumb\":{\"@id\":\"https:\/\/wicam.com\/fr\/logiciel\/pn4000\/modules\/gestion-des-ordres\/#breadcrumb\"},\"inLanguage\":\"fr-FR\",\"potentialAction\":[{\"@type\":\"ReadAction\",\"target\":[\"https:\/\/wicam.com\/fr\/logiciel\/pn4000\/modules\/gestion-des-ordres\/\"]}]},{\"@type\":\"ImageObject\",\"inLanguage\":\"fr-FR\",\"@id\":\"https:\/\/wicam.com\/fr\/logiciel\/pn4000\/modules\/gestion-des-ordres\/#primaryimage\",\"url\":\"https:\/\/www.wicam.com\/wp-content\/uploads\/2018\/09\/PNControl_2_modified_times-300x163.png\",\"contentUrl\":\"https:\/\/www.wicam.com\/wp-content\/uploads\/2018\/09\/PNControl_2_modified_times-300x163.png\"},{\"@type\":\"BreadcrumbList\",\"@id\":\"https:\/\/wicam.com\/fr\/logiciel\/pn4000\/modules\/gestion-des-ordres\/#breadcrumb\",\"itemListElement\":[{\"@type\":\"ListItem\",\"position\":1,\"name\":\"Startseite\",\"item\":\"https:\/\/wicam.com\/fr\/\"},{\"@type\":\"ListItem\",\"position\":2,\"name\":\"Logiciel\",\"item\":\"https:\/\/wicam.com\/fr\/logiciel\/\"},{\"@type\":\"ListItem\",\"position\":3,\"name\":\"CAO\/CFAO System\",\"item\":\"https:\/\/wicam.com\/fr\/logiciel\/pn4000\/\"},{\"@type\":\"ListItem\",\"position\":4,\"name\":\"Modules\",\"item\":\"https:\/\/wicam.com\/fr\/logiciel\/pn4000\/modules\/\"},{\"@type\":\"ListItem\",\"position\":5,\"name\":\"Gestion des ordres\"}]},{\"@type\":\"WebSite\",\"@id\":\"https:\/\/wicam.com\/fr\/#website\",\"url\":\"https:\/\/wicam.com\/fr\/\",\"name\":\"WiCAM\",\"description\":\"Technische Software\",\"potentialAction\":[{\"@type\":\"SearchAction\",\"target\":{\"@type\":\"EntryPoint\",\"urlTemplate\":\"https:\/\/wicam.com\/fr\/?s={search_term_string}\"},\"query-input\":{\"@type\":\"PropertyValueSpecification\",\"valueRequired\":true,\"valueName\":\"search_term_string\"}}],\"inLanguage\":\"fr-FR\"}]}<\/script>\n<!-- \/ Yoast SEO plugin. -->","yoast_head_json":{"title":"CAO\/CFAO Logiciel - PN4000 - Module: Gestion des ordres - WiCAM","description":"Le module de gestion des ordres (fonctions de M.E.S. pour Manufacturing Execution System), contr\u00f4le et ordonnance tous les ordres de fabrication.","robots":{"index":"index","follow":"follow","max-snippet":"max-snippet:-1","max-image-preview":"max-image-preview:large","max-video-preview":"max-video-preview:-1"},"canonical":"https:\/\/wicam.com\/fr\/logiciel\/pn4000\/modules\/gestion-des-ordres\/","og_locale":"fr_FR","og_type":"article","og_title":"CAO\/CFAO Logiciel - PN4000 - Module: Gestion des ordres - WiCAM","og_description":"Le module de gestion des ordres (fonctions de M.E.S. pour Manufacturing Execution System), contr\u00f4le et ordonnance tous les ordres de fabrication.","og_url":"https:\/\/wicam.com\/fr\/logiciel\/pn4000\/modules\/gestion-des-ordres\/","og_site_name":"WiCAM","article_modified_time":"2020-12-01T21:37:00+00:00","og_image":[{"url":"https:\/\/www.wicam.com\/wp-content\/uploads\/2018\/09\/PNControl_2_modified_times-300x163.png","type":"","width":"","height":""}],"twitter_card":"summary_large_image","twitter_misc":{"Dur\u00e9e de lecture estim\u00e9e":"1 minute"},"schema":{"@context":"https:\/\/schema.org","@graph":[{"@type":"WebPage","@id":"https:\/\/wicam.com\/fr\/logiciel\/pn4000\/modules\/gestion-des-ordres\/","url":"https:\/\/wicam.com\/fr\/logiciel\/pn4000\/modules\/gestion-des-ordres\/","name":"CAO\/CFAO Logiciel - PN4000 - Module: Gestion des ordres - WiCAM","isPartOf":{"@id":"https:\/\/wicam.com\/fr\/#website"},"primaryImageOfPage":{"@id":"https:\/\/wicam.com\/fr\/logiciel\/pn4000\/modules\/gestion-des-ordres\/#primaryimage"},"image":{"@id":"https:\/\/wicam.com\/fr\/logiciel\/pn4000\/modules\/gestion-des-ordres\/#primaryimage"},"thumbnailUrl":"https:\/\/www.wicam.com\/wp-content\/uploads\/2018\/09\/PNControl_2_modified_times-300x163.png","datePublished":"2019-01-15T15:47:38+00:00","dateModified":"2020-12-01T21:37:00+00:00","description":"Le module de gestion des ordres (fonctions de M.E.S. pour Manufacturing Execution System), contr\u00f4le et ordonnance tous les ordres de fabrication.","breadcrumb":{"@id":"https:\/\/wicam.com\/fr\/logiciel\/pn4000\/modules\/gestion-des-ordres\/#breadcrumb"},"inLanguage":"fr-FR","potentialAction":[{"@type":"ReadAction","target":["https:\/\/wicam.com\/fr\/logiciel\/pn4000\/modules\/gestion-des-ordres\/"]}]},{"@type":"ImageObject","inLanguage":"fr-FR","@id":"https:\/\/wicam.com\/fr\/logiciel\/pn4000\/modules\/gestion-des-ordres\/#primaryimage","url":"https:\/\/www.wicam.com\/wp-content\/uploads\/2018\/09\/PNControl_2_modified_times-300x163.png","contentUrl":"https:\/\/www.wicam.com\/wp-content\/uploads\/2018\/09\/PNControl_2_modified_times-300x163.png"},{"@type":"BreadcrumbList","@id":"https:\/\/wicam.com\/fr\/logiciel\/pn4000\/modules\/gestion-des-ordres\/#breadcrumb","itemListElement":[{"@type":"ListItem","position":1,"name":"Startseite","item":"https:\/\/wicam.com\/fr\/"},{"@type":"ListItem","position":2,"name":"Logiciel","item":"https:\/\/wicam.com\/fr\/logiciel\/"},{"@type":"ListItem","position":3,"name":"CAO\/CFAO System","item":"https:\/\/wicam.com\/fr\/logiciel\/pn4000\/"},{"@type":"ListItem","position":4,"name":"Modules","item":"https:\/\/wicam.com\/fr\/logiciel\/pn4000\/modules\/"},{"@type":"ListItem","position":5,"name":"Gestion des ordres"}]},{"@type":"WebSite","@id":"https:\/\/wicam.com\/fr\/#website","url":"https:\/\/wicam.com\/fr\/","name":"WiCAM","description":"Technische Software","potentialAction":[{"@type":"SearchAction","target":{"@type":"EntryPoint","urlTemplate":"https:\/\/wicam.com\/fr\/?s={search_term_string}"},"query-input":{"@type":"PropertyValueSpecification","valueRequired":true,"valueName":"search_term_string"}}],"inLanguage":"fr-FR"}]}},"_links":{"self":[{"href":"https:\/\/wicam.com\/fr\/wp-json\/wp\/v2\/pages\/13516","targetHints":{"allow":["GET"]}}],"collection":[{"href":"https:\/\/wicam.com\/fr\/wp-json\/wp\/v2\/pages"}],"about":[{"href":"https:\/\/wicam.com\/fr\/wp-json\/wp\/v2\/types\/page"}],"author":[{"embeddable":true,"href":"https:\/\/wicam.com\/fr\/wp-json\/wp\/v2\/users\/1"}],"replies":[{"embeddable":true,"href":"https:\/\/wicam.com\/fr\/wp-json\/wp\/v2\/comments?post=13516"}],"version-history":[{"count":0,"href":"https:\/\/wicam.com\/fr\/wp-json\/wp\/v2\/pages\/13516\/revisions"}],"up":[{"embeddable":true,"href":"https:\/\/wicam.com\/fr\/wp-json\/wp\/v2\/pages\/5749"}],"wp:attachment":[{"href":"https:\/\/wicam.com\/fr\/wp-json\/wp\/v2\/media?parent=13516"}],"curies":[{"name":"wp","href":"https:\/\/api.w.org\/{rel}","templated":true}]}}