{"id":13520,"date":"2019-01-15T16:47:23","date_gmt":"2019-01-15T15:47:23","guid":{"rendered":"https:\/\/www.wicam.com\/logiciel\/pn4000\/modules\/resttafelverwaltung\/"},"modified":"2020-12-01T22:39:18","modified_gmt":"2020-12-01T21:39:18","slug":"gestion-de-toles","status":"publish","type":"page","link":"https:\/\/wicam.com\/fr\/logiciel\/pn4000\/modules\/gestion-de-toles\/","title":{"rendered":"Gestion de t\u00f4les"},"content":{"rendered":"<p><a href=\"https:\/\/www.wicam.com\/fr\/logiciel\/pn4000\/modules\/\">Retour \u00e0 l&rsquo;aper\u00e7u des Modules<\/a><\/p>\n<h3>Description du module: Gestion de t\u00f4les<\/h3>\n<p><a href=\"https:\/\/www.wicam.com\/wp-content\/uploads\/2018\/09\/PN4000_Module_Restplatte_2_bearbeitet.png\" data-fancybox><img loading=\"lazy\" decoding=\"async\" class=\"alignright wp-image-2151 size-medium\" src=\"https:\/\/www.wicam.com\/wp-content\/uploads\/2018\/09\/PN4000_Module_Restplatte_2_bearbeitet-300x163.png\" alt=\"\" width=\"300\" height=\"163\" srcset=\"https:\/\/wicam.com\/wp-content\/uploads\/2018\/09\/PN4000_Module_Restplatte_2_bearbeitet-300x163.png 300w, https:\/\/wicam.com\/wp-content\/uploads\/2018\/09\/PN4000_Module_Restplatte_2_bearbeitet-768x416.png 768w, https:\/\/wicam.com\/wp-content\/uploads\/2018\/09\/PN4000_Module_Restplatte_2_bearbeitet-1024x555.png 1024w, https:\/\/wicam.com\/wp-content\/uploads\/2018\/09\/PN4000_Module_Restplatte_2_bearbeitet.png 1600w\" sizes=\"auto, (max-width: 300px) 100vw, 300px\" \/><\/a>Le module de gestion des restes de plaques (<strong>Restplate<\/strong>) g\u00e9n\u00e8re les plaques restantes pour une possible imbrication dans les commandes futures.<\/p>\n<h4>Caract\u00e9ristiques<\/h4>\n<ul>\n<li>Cr\u00e9ation compl\u00e8tement automatis\u00e9 du reste de la plaque d\u2019une feuille imbriqu\u00e9e sur des crit\u00e8res d\u00e9termin\u00e9s tels que la taille minimum ou poids minimum<\/li>\n<li>Approbation du squelette de la feuille complet qui reste et qui prend en compte les per\u00e7ages et les amorces.<\/li>\n<li>Gestion de plusieurs restes de plaques par feuille<\/li>\n<li>G\u00e9n\u00e9ration d\u2019un reste de la plaque de ce qui \u00e9tait pr\u00e9c\u00e9demment une plaque cr\u00e9\u00e9e par un pr\u00e9c\u00e9dente repositionnement de feuilles<\/li>\n<li>Connexion au contr\u00f4le des stocks pour la confirmation des quantit\u00e9s en stock r\u00e9els<\/li>\n<li>Fournit la priorit\u00e9 des restes de plaques pour l\u2019utilisation dans la production des imbrications futures<\/li>\n<\/ul>\n<p>&nbsp;<\/p>\n<p><a href=\"https:\/\/www.wicam.com\/wp-content\/uploads\/2019\/01\/restplatine1.png\" data-fancybox><img loading=\"lazy\" decoding=\"async\" class=\"alignnone wp-image-7356\" src=\"https:\/\/www.wicam.com\/wp-content\/uploads\/2019\/01\/restplatine1-300x189.png\" alt=\"\" width=\"500\" height=\"315\" srcset=\"https:\/\/wicam.com\/wp-content\/uploads\/2019\/01\/restplatine1-300x189.png 300w, https:\/\/wicam.com\/wp-content\/uploads\/2019\/01\/restplatine1-768x483.png 768w, https:\/\/wicam.com\/wp-content\/uploads\/2019\/01\/restplatine1-1024x645.png 1024w, https:\/\/wicam.com\/wp-content\/uploads\/2019\/01\/restplatine1.png 1360w\" sizes=\"auto, (max-width: 500px) 100vw, 500px\" \/><\/a>\u00a0\u00a0 <a href=\"https:\/\/www.wicam.com\/wp-content\/uploads\/2019\/01\/restplatine2.png\" data-fancybox><img loading=\"lazy\" decoding=\"async\" class=\"alignnone wp-image-7361\" src=\"https:\/\/www.wicam.com\/wp-content\/uploads\/2019\/01\/restplatine2-300x189.png\" alt=\"\" width=\"500\" height=\"315\" srcset=\"https:\/\/wicam.com\/wp-content\/uploads\/2019\/01\/restplatine2-300x189.png 300w, https:\/\/wicam.com\/wp-content\/uploads\/2019\/01\/restplatine2-768x483.png 768w, https:\/\/wicam.com\/wp-content\/uploads\/2019\/01\/restplatine2-1024x645.png 1024w, https:\/\/wicam.com\/wp-content\/uploads\/2019\/01\/restplatine2.png 1360w\" sizes=\"auto, (max-width: 500px) 100vw, 500px\" \/><\/a><\/p>\n","protected":false},"excerpt":{"rendered":"<p>Retour \u00e0 l&rsquo;aper\u00e7u des Modules Description du module: Gestion de t\u00f4les Le module de gestion des restes de plaques (Restplate) g\u00e9n\u00e8re les plaques restantes pour une possible imbrication dans les commandes futures. Caract\u00e9ristiques Cr\u00e9ation compl\u00e8tement automatis\u00e9 du reste de la plaque d\u2019une feuille imbriqu\u00e9e sur des crit\u00e8res d\u00e9termin\u00e9s tels que la taille minimum ou poids [&hellip;]<\/p>\n","protected":false},"author":1,"featured_media":0,"parent":5749,"menu_order":0,"comment_status":"closed","ping_status":"closed","template":"page-software-single-modul.php","meta":{"_acf_changed":false,"footnotes":""},"class_list":["post-13520","page","type-page","status-publish","hentry"],"acf":[],"yoast_head":"<!-- This site is optimized with the Yoast SEO plugin v27.2 - https:\/\/yoast.com\/product\/yoast-seo-wordpress\/ -->\n<title>CAO\/CFAO Logiciel - PN4000 - Module: Gestion de t\u00f4les - WiCAM<\/title>\n<meta name=\"description\" content=\"Le module de gestion des restes de plaques (Restplate) g\u00e9n\u00e8re les plaques restantes pour une possible imbrication dans les commandes futures.\" \/>\n<meta name=\"robots\" content=\"index, follow, max-snippet:-1, max-image-preview:large, max-video-preview:-1\" \/>\n<link rel=\"canonical\" href=\"https:\/\/wicam.com\/fr\/logiciel\/pn4000\/modules\/gestion-de-toles\/\" \/>\n<meta property=\"og:locale\" content=\"fr_FR\" \/>\n<meta property=\"og:type\" content=\"article\" \/>\n<meta property=\"og:title\" content=\"CAO\/CFAO Logiciel - PN4000 - Module: Gestion de t\u00f4les - WiCAM\" \/>\n<meta property=\"og:description\" content=\"Le module de gestion des restes de plaques (Restplate) g\u00e9n\u00e8re les plaques restantes pour une possible imbrication dans les commandes futures.\" \/>\n<meta property=\"og:url\" content=\"https:\/\/wicam.com\/fr\/logiciel\/pn4000\/modules\/gestion-de-toles\/\" \/>\n<meta property=\"og:site_name\" content=\"WiCAM\" \/>\n<meta property=\"article:modified_time\" content=\"2020-12-01T21:39:18+00:00\" \/>\n<meta property=\"og:image\" content=\"https:\/\/www.wicam.com\/wp-content\/uploads\/2018\/09\/PN4000_Module_Restplatte_2_bearbeitet-300x163.png\" \/>\n<meta name=\"twitter:card\" content=\"summary_large_image\" \/>\n<meta name=\"twitter:label1\" content=\"Dur\u00e9e de lecture estim\u00e9e\" \/>\n\t<meta name=\"twitter:data1\" content=\"1 minute\" \/>\n<script type=\"application\/ld+json\" class=\"yoast-schema-graph\">{\"@context\":\"https:\/\/schema.org\",\"@graph\":[{\"@type\":\"WebPage\",\"@id\":\"https:\/\/wicam.com\/fr\/logiciel\/pn4000\/modules\/gestion-de-toles\/\",\"url\":\"https:\/\/wicam.com\/fr\/logiciel\/pn4000\/modules\/gestion-de-toles\/\",\"name\":\"CAO\/CFAO Logiciel - PN4000 - Module: Gestion de t\u00f4les - WiCAM\",\"isPartOf\":{\"@id\":\"https:\/\/wicam.com\/fr\/#website\"},\"primaryImageOfPage\":{\"@id\":\"https:\/\/wicam.com\/fr\/logiciel\/pn4000\/modules\/gestion-de-toles\/#primaryimage\"},\"image\":{\"@id\":\"https:\/\/wicam.com\/fr\/logiciel\/pn4000\/modules\/gestion-de-toles\/#primaryimage\"},\"thumbnailUrl\":\"https:\/\/www.wicam.com\/wp-content\/uploads\/2018\/09\/PN4000_Module_Restplatte_2_bearbeitet-300x163.png\",\"datePublished\":\"2019-01-15T15:47:23+00:00\",\"dateModified\":\"2020-12-01T21:39:18+00:00\",\"description\":\"Le module de gestion des restes de plaques (Restplate) g\u00e9n\u00e8re les plaques restantes pour une possible imbrication dans les commandes futures.\",\"breadcrumb\":{\"@id\":\"https:\/\/wicam.com\/fr\/logiciel\/pn4000\/modules\/gestion-de-toles\/#breadcrumb\"},\"inLanguage\":\"fr-FR\",\"potentialAction\":[{\"@type\":\"ReadAction\",\"target\":[\"https:\/\/wicam.com\/fr\/logiciel\/pn4000\/modules\/gestion-de-toles\/\"]}]},{\"@type\":\"ImageObject\",\"inLanguage\":\"fr-FR\",\"@id\":\"https:\/\/wicam.com\/fr\/logiciel\/pn4000\/modules\/gestion-de-toles\/#primaryimage\",\"url\":\"https:\/\/www.wicam.com\/wp-content\/uploads\/2018\/09\/PN4000_Module_Restplatte_2_bearbeitet-300x163.png\",\"contentUrl\":\"https:\/\/www.wicam.com\/wp-content\/uploads\/2018\/09\/PN4000_Module_Restplatte_2_bearbeitet-300x163.png\"},{\"@type\":\"BreadcrumbList\",\"@id\":\"https:\/\/wicam.com\/fr\/logiciel\/pn4000\/modules\/gestion-de-toles\/#breadcrumb\",\"itemListElement\":[{\"@type\":\"ListItem\",\"position\":1,\"name\":\"Startseite\",\"item\":\"https:\/\/wicam.com\/fr\/\"},{\"@type\":\"ListItem\",\"position\":2,\"name\":\"Logiciel\",\"item\":\"https:\/\/wicam.com\/fr\/logiciel\/\"},{\"@type\":\"ListItem\",\"position\":3,\"name\":\"CAO\/CFAO System\",\"item\":\"https:\/\/wicam.com\/fr\/logiciel\/pn4000\/\"},{\"@type\":\"ListItem\",\"position\":4,\"name\":\"Modules\",\"item\":\"https:\/\/wicam.com\/fr\/logiciel\/pn4000\/modules\/\"},{\"@type\":\"ListItem\",\"position\":5,\"name\":\"Gestion de t\u00f4les\"}]},{\"@type\":\"WebSite\",\"@id\":\"https:\/\/wicam.com\/fr\/#website\",\"url\":\"https:\/\/wicam.com\/fr\/\",\"name\":\"WiCAM\",\"description\":\"Technische Software\",\"potentialAction\":[{\"@type\":\"SearchAction\",\"target\":{\"@type\":\"EntryPoint\",\"urlTemplate\":\"https:\/\/wicam.com\/fr\/?s={search_term_string}\"},\"query-input\":{\"@type\":\"PropertyValueSpecification\",\"valueRequired\":true,\"valueName\":\"search_term_string\"}}],\"inLanguage\":\"fr-FR\"}]}<\/script>\n<!-- \/ Yoast SEO plugin. -->","yoast_head_json":{"title":"CAO\/CFAO Logiciel - PN4000 - Module: Gestion de t\u00f4les - WiCAM","description":"Le module de gestion des restes de plaques (Restplate) g\u00e9n\u00e8re les plaques restantes pour une possible imbrication dans les commandes futures.","robots":{"index":"index","follow":"follow","max-snippet":"max-snippet:-1","max-image-preview":"max-image-preview:large","max-video-preview":"max-video-preview:-1"},"canonical":"https:\/\/wicam.com\/fr\/logiciel\/pn4000\/modules\/gestion-de-toles\/","og_locale":"fr_FR","og_type":"article","og_title":"CAO\/CFAO Logiciel - PN4000 - Module: Gestion de t\u00f4les - WiCAM","og_description":"Le module de gestion des restes de plaques (Restplate) g\u00e9n\u00e8re les plaques restantes pour une possible imbrication dans les commandes futures.","og_url":"https:\/\/wicam.com\/fr\/logiciel\/pn4000\/modules\/gestion-de-toles\/","og_site_name":"WiCAM","article_modified_time":"2020-12-01T21:39:18+00:00","og_image":[{"url":"https:\/\/www.wicam.com\/wp-content\/uploads\/2018\/09\/PN4000_Module_Restplatte_2_bearbeitet-300x163.png","type":"","width":"","height":""}],"twitter_card":"summary_large_image","twitter_misc":{"Dur\u00e9e de lecture estim\u00e9e":"1 minute"},"schema":{"@context":"https:\/\/schema.org","@graph":[{"@type":"WebPage","@id":"https:\/\/wicam.com\/fr\/logiciel\/pn4000\/modules\/gestion-de-toles\/","url":"https:\/\/wicam.com\/fr\/logiciel\/pn4000\/modules\/gestion-de-toles\/","name":"CAO\/CFAO Logiciel - PN4000 - Module: Gestion de t\u00f4les - WiCAM","isPartOf":{"@id":"https:\/\/wicam.com\/fr\/#website"},"primaryImageOfPage":{"@id":"https:\/\/wicam.com\/fr\/logiciel\/pn4000\/modules\/gestion-de-toles\/#primaryimage"},"image":{"@id":"https:\/\/wicam.com\/fr\/logiciel\/pn4000\/modules\/gestion-de-toles\/#primaryimage"},"thumbnailUrl":"https:\/\/www.wicam.com\/wp-content\/uploads\/2018\/09\/PN4000_Module_Restplatte_2_bearbeitet-300x163.png","datePublished":"2019-01-15T15:47:23+00:00","dateModified":"2020-12-01T21:39:18+00:00","description":"Le module de gestion des restes de plaques (Restplate) g\u00e9n\u00e8re les plaques restantes pour une possible imbrication dans les commandes futures.","breadcrumb":{"@id":"https:\/\/wicam.com\/fr\/logiciel\/pn4000\/modules\/gestion-de-toles\/#breadcrumb"},"inLanguage":"fr-FR","potentialAction":[{"@type":"ReadAction","target":["https:\/\/wicam.com\/fr\/logiciel\/pn4000\/modules\/gestion-de-toles\/"]}]},{"@type":"ImageObject","inLanguage":"fr-FR","@id":"https:\/\/wicam.com\/fr\/logiciel\/pn4000\/modules\/gestion-de-toles\/#primaryimage","url":"https:\/\/www.wicam.com\/wp-content\/uploads\/2018\/09\/PN4000_Module_Restplatte_2_bearbeitet-300x163.png","contentUrl":"https:\/\/www.wicam.com\/wp-content\/uploads\/2018\/09\/PN4000_Module_Restplatte_2_bearbeitet-300x163.png"},{"@type":"BreadcrumbList","@id":"https:\/\/wicam.com\/fr\/logiciel\/pn4000\/modules\/gestion-de-toles\/#breadcrumb","itemListElement":[{"@type":"ListItem","position":1,"name":"Startseite","item":"https:\/\/wicam.com\/fr\/"},{"@type":"ListItem","position":2,"name":"Logiciel","item":"https:\/\/wicam.com\/fr\/logiciel\/"},{"@type":"ListItem","position":3,"name":"CAO\/CFAO System","item":"https:\/\/wicam.com\/fr\/logiciel\/pn4000\/"},{"@type":"ListItem","position":4,"name":"Modules","item":"https:\/\/wicam.com\/fr\/logiciel\/pn4000\/modules\/"},{"@type":"ListItem","position":5,"name":"Gestion de t\u00f4les"}]},{"@type":"WebSite","@id":"https:\/\/wicam.com\/fr\/#website","url":"https:\/\/wicam.com\/fr\/","name":"WiCAM","description":"Technische Software","potentialAction":[{"@type":"SearchAction","target":{"@type":"EntryPoint","urlTemplate":"https:\/\/wicam.com\/fr\/?s={search_term_string}"},"query-input":{"@type":"PropertyValueSpecification","valueRequired":true,"valueName":"search_term_string"}}],"inLanguage":"fr-FR"}]}},"_links":{"self":[{"href":"https:\/\/wicam.com\/fr\/wp-json\/wp\/v2\/pages\/13520","targetHints":{"allow":["GET"]}}],"collection":[{"href":"https:\/\/wicam.com\/fr\/wp-json\/wp\/v2\/pages"}],"about":[{"href":"https:\/\/wicam.com\/fr\/wp-json\/wp\/v2\/types\/page"}],"author":[{"embeddable":true,"href":"https:\/\/wicam.com\/fr\/wp-json\/wp\/v2\/users\/1"}],"replies":[{"embeddable":true,"href":"https:\/\/wicam.com\/fr\/wp-json\/wp\/v2\/comments?post=13520"}],"version-history":[{"count":0,"href":"https:\/\/wicam.com\/fr\/wp-json\/wp\/v2\/pages\/13520\/revisions"}],"up":[{"embeddable":true,"href":"https:\/\/wicam.com\/fr\/wp-json\/wp\/v2\/pages\/5749"}],"wp:attachment":[{"href":"https:\/\/wicam.com\/fr\/wp-json\/wp\/v2\/media?parent=13520"}],"curies":[{"name":"wp","href":"https:\/\/api.w.org\/{rel}","templated":true}]}}