{"id":13525,"date":"2019-01-15T16:26:12","date_gmt":"2019-01-15T15:26:12","guid":{"rendered":"https:\/\/www.wicam.com\/logiciel\/pn4000\/modules\/automation\/"},"modified":"2020-12-01T22:42:08","modified_gmt":"2020-12-01T21:42:08","slug":"automatisation","status":"publish","type":"page","link":"https:\/\/wicam.com\/fr\/logiciel\/pn4000\/modules\/automatisation\/","title":{"rendered":"Automatisation"},"content":{"rendered":"<p><a href=\"https:\/\/www.wicam.com\/fr\/logiciel\/pn4000\/modules\/\">Retour \u00e0 l&rsquo;aper\u00e7u des Modules<\/a><\/p>\n<h3>Description du module: Automatisation<\/h3>\n<p>Nous d\u00e9veloppons de nouvelles solutions sp\u00e9cifiques fiables selon les besoins tr\u00e8s sp\u00e9cifiques des clients \u2013 Nous offrons des produits sur-mesure \u2013 exactement tels qu\u2019ils sont n\u00e9cessaires.<\/p>\n<p><a class=\"btn\" href=\"https:\/\/www.wicam.com\/fr\/service\/developpement-special\/\" rel=\"noopener\">Developpement<\/a><\/p>\n<p>PN4000 propose diff\u00e9rentes options d\u2019automatisation. Des solutions individuelles sont possibles suivant les normes.<\/p>\n<p>&nbsp;<\/p>\n<h3>Script<\/h3>\n<p>Avec un langage de script PN4000 peut \u00eatre command\u00e9e de l\u2019ext\u00e9rieur. Le script peut fonctionner en activant PN4000 et en affichant tous les graphiques ou en mode silencieux dans lequel aucun graphique n\u2019est affich\u00e9.<br \/>\nExemples de scripts:<\/p>\n<ol>\n<li>D\u00e9marrage de PN4000<\/li>\n<li>Importation de fichier CAO<\/li>\n<li>D\u00e9finition de technologie d\u2019usinage de la pi\u00e8ce (laser, punching)<\/li>\n<li>Importation des donn\u00e9es des ordres de fabrication<\/li>\n<li>Imbrication automatique<\/li>\n<li>G\u00e9n\u00e9ration et sortie des programmes CNC<\/li>\n<li>Information en retour vers la GPAO ou l\u2019ERP<\/li>\n<li>Fermeture de PN4000<\/li>\n<\/ol>\n<p>&nbsp;<\/p>\n<h3>Autoloop<\/h3>\n<p>La fonction Autoloop permet d\u2019utiliser PN4000 \u00e0 partir d\u2019une interface en lui transf\u00e9rant diff\u00e9rentes informations de l\u2019ext\u00e9rieur.<br \/>\nExemples de Autoloop:<\/p>\n<ol>\n<li>Importation des informations de g\u00e9om\u00e9trie<\/li>\n<li>G\u00e9n\u00e9ration param\u00e9trique \u00e0 partir des param\u00e8tres<\/li>\n<li>Programmation des pi\u00e8ces uniques<\/li>\n<li>Exportation des g\u00e9om\u00e9tries<\/li>\n<li>Calcul automatique des pi\u00e8ces<\/li>\n<li>Application des ordres de fabrication<\/li>\n<li>Ajustement des niveaux de stocks<\/li>\n<li>Combination des t\u00e2ches d\u2019imbrication<\/li>\n<\/ol>\n<p>&nbsp;<\/p>\n<h3>Jobloop<\/h3>\n<p>Traitement automatique complet de tous les prochains ordres tri\u00e9es par la machine, le mat\u00e9riau et l\u2019\u00e9paisseur de la feuille. Un filtre suppl\u00e9mentaire: selon les clients, la date et le traitement ult\u00e9rieur peut \u00eatre utilis\u00e9. Quelques exemples de Jobloop<\/p>\n<ol>\n<li>Imbrication automatique<\/li>\n<li>Optimisation du processus<\/li>\n<li>Coupes communes combin\u00e9es<\/li>\n<li>G\u00e9n\u00e9rartion et sortie des programmes CNC et des documents de production<\/li>\n<li>Information en retour vers la GPAO ou l\u2019ERP<\/li>\n<\/ol>\n<p>&nbsp;<\/p>\n<h3>PN Engine<\/h3>\n<p>Le moteur PN surveille certains r\u00e9pertoires et effectue automatiquement des diff\u00e9rentes actions. De cette fa\u00e7on, le moteur PN peut effectuer plusieurs fonctions standards comme l\u2019ex\u00e9cution d\u2019un Multiloop. Il peut traiter automatiquement les commandes d\u2019une gestion de production ( GPAO ou ERP ) ou des fichiers de r\u00e9troaction sur les \u00e9v\u00e8nements des machines.<\/p>\n","protected":false},"excerpt":{"rendered":"<p>Retour \u00e0 l&rsquo;aper\u00e7u des Modules Description du module: Automatisation Nous d\u00e9veloppons de nouvelles solutions sp\u00e9cifiques fiables selon les besoins tr\u00e8s sp\u00e9cifiques des clients \u2013 Nous offrons des produits sur-mesure \u2013 exactement tels qu\u2019ils sont n\u00e9cessaires. Developpement PN4000 propose diff\u00e9rentes options d\u2019automatisation. Des solutions individuelles sont possibles suivant les normes. &nbsp; Script Avec un langage de [&hellip;]<\/p>\n","protected":false},"author":1,"featured_media":0,"parent":5749,"menu_order":0,"comment_status":"closed","ping_status":"closed","template":"page-software-single-modul.php","meta":{"_acf_changed":false,"footnotes":""},"class_list":["post-13525","page","type-page","status-publish","hentry"],"acf":[],"yoast_head":"<!-- This site is optimized with the Yoast SEO plugin v27.2 - https:\/\/yoast.com\/product\/yoast-seo-wordpress\/ -->\n<title>CAO\/CFAO Logiciel - PN4000 - Module: Automatisation - WiCAM<\/title>\n<meta name=\"description\" content=\"PN4000 propose diff\u00e9rentes options d\u2019automatisation.\" \/>\n<meta name=\"robots\" content=\"index, follow, max-snippet:-1, max-image-preview:large, max-video-preview:-1\" \/>\n<link rel=\"canonical\" href=\"https:\/\/wicam.com\/fr\/logiciel\/pn4000\/modules\/automatisation\/\" \/>\n<meta property=\"og:locale\" content=\"fr_FR\" \/>\n<meta property=\"og:type\" content=\"article\" \/>\n<meta property=\"og:title\" content=\"CAO\/CFAO Logiciel - PN4000 - Module: Automatisation - WiCAM\" \/>\n<meta property=\"og:description\" content=\"PN4000 propose diff\u00e9rentes options d\u2019automatisation.\" \/>\n<meta property=\"og:url\" content=\"https:\/\/wicam.com\/fr\/logiciel\/pn4000\/modules\/automatisation\/\" \/>\n<meta property=\"og:site_name\" content=\"WiCAM\" \/>\n<meta property=\"article:modified_time\" content=\"2020-12-01T21:42:08+00:00\" \/>\n<meta name=\"twitter:card\" content=\"summary_large_image\" \/>\n<meta name=\"twitter:label1\" content=\"Dur\u00e9e de lecture estim\u00e9e\" \/>\n\t<meta name=\"twitter:data1\" content=\"2 minutes\" \/>\n<script type=\"application\/ld+json\" class=\"yoast-schema-graph\">{\"@context\":\"https:\/\/schema.org\",\"@graph\":[{\"@type\":\"WebPage\",\"@id\":\"https:\/\/wicam.com\/fr\/logiciel\/pn4000\/modules\/automatisation\/\",\"url\":\"https:\/\/wicam.com\/fr\/logiciel\/pn4000\/modules\/automatisation\/\",\"name\":\"CAO\/CFAO Logiciel - PN4000 - Module: Automatisation - WiCAM\",\"isPartOf\":{\"@id\":\"https:\/\/wicam.com\/fr\/#website\"},\"datePublished\":\"2019-01-15T15:26:12+00:00\",\"dateModified\":\"2020-12-01T21:42:08+00:00\",\"description\":\"PN4000 propose diff\u00e9rentes options d\u2019automatisation.\",\"breadcrumb\":{\"@id\":\"https:\/\/wicam.com\/fr\/logiciel\/pn4000\/modules\/automatisation\/#breadcrumb\"},\"inLanguage\":\"fr-FR\",\"potentialAction\":[{\"@type\":\"ReadAction\",\"target\":[\"https:\/\/wicam.com\/fr\/logiciel\/pn4000\/modules\/automatisation\/\"]}]},{\"@type\":\"BreadcrumbList\",\"@id\":\"https:\/\/wicam.com\/fr\/logiciel\/pn4000\/modules\/automatisation\/#breadcrumb\",\"itemListElement\":[{\"@type\":\"ListItem\",\"position\":1,\"name\":\"Startseite\",\"item\":\"https:\/\/wicam.com\/fr\/\"},{\"@type\":\"ListItem\",\"position\":2,\"name\":\"Logiciel\",\"item\":\"https:\/\/wicam.com\/fr\/logiciel\/\"},{\"@type\":\"ListItem\",\"position\":3,\"name\":\"CAO\/CFAO System\",\"item\":\"https:\/\/wicam.com\/fr\/logiciel\/pn4000\/\"},{\"@type\":\"ListItem\",\"position\":4,\"name\":\"Modules\",\"item\":\"https:\/\/wicam.com\/fr\/logiciel\/pn4000\/modules\/\"},{\"@type\":\"ListItem\",\"position\":5,\"name\":\"Automatisation\"}]},{\"@type\":\"WebSite\",\"@id\":\"https:\/\/wicam.com\/fr\/#website\",\"url\":\"https:\/\/wicam.com\/fr\/\",\"name\":\"WiCAM\",\"description\":\"Technische Software\",\"potentialAction\":[{\"@type\":\"SearchAction\",\"target\":{\"@type\":\"EntryPoint\",\"urlTemplate\":\"https:\/\/wicam.com\/fr\/?s={search_term_string}\"},\"query-input\":{\"@type\":\"PropertyValueSpecification\",\"valueRequired\":true,\"valueName\":\"search_term_string\"}}],\"inLanguage\":\"fr-FR\"}]}<\/script>\n<!-- \/ Yoast SEO plugin. -->","yoast_head_json":{"title":"CAO\/CFAO Logiciel - PN4000 - Module: Automatisation - WiCAM","description":"PN4000 propose diff\u00e9rentes options d\u2019automatisation.","robots":{"index":"index","follow":"follow","max-snippet":"max-snippet:-1","max-image-preview":"max-image-preview:large","max-video-preview":"max-video-preview:-1"},"canonical":"https:\/\/wicam.com\/fr\/logiciel\/pn4000\/modules\/automatisation\/","og_locale":"fr_FR","og_type":"article","og_title":"CAO\/CFAO Logiciel - PN4000 - Module: Automatisation - WiCAM","og_description":"PN4000 propose diff\u00e9rentes options d\u2019automatisation.","og_url":"https:\/\/wicam.com\/fr\/logiciel\/pn4000\/modules\/automatisation\/","og_site_name":"WiCAM","article_modified_time":"2020-12-01T21:42:08+00:00","twitter_card":"summary_large_image","twitter_misc":{"Dur\u00e9e de lecture estim\u00e9e":"2 minutes"},"schema":{"@context":"https:\/\/schema.org","@graph":[{"@type":"WebPage","@id":"https:\/\/wicam.com\/fr\/logiciel\/pn4000\/modules\/automatisation\/","url":"https:\/\/wicam.com\/fr\/logiciel\/pn4000\/modules\/automatisation\/","name":"CAO\/CFAO Logiciel - PN4000 - Module: Automatisation - WiCAM","isPartOf":{"@id":"https:\/\/wicam.com\/fr\/#website"},"datePublished":"2019-01-15T15:26:12+00:00","dateModified":"2020-12-01T21:42:08+00:00","description":"PN4000 propose diff\u00e9rentes options d\u2019automatisation.","breadcrumb":{"@id":"https:\/\/wicam.com\/fr\/logiciel\/pn4000\/modules\/automatisation\/#breadcrumb"},"inLanguage":"fr-FR","potentialAction":[{"@type":"ReadAction","target":["https:\/\/wicam.com\/fr\/logiciel\/pn4000\/modules\/automatisation\/"]}]},{"@type":"BreadcrumbList","@id":"https:\/\/wicam.com\/fr\/logiciel\/pn4000\/modules\/automatisation\/#breadcrumb","itemListElement":[{"@type":"ListItem","position":1,"name":"Startseite","item":"https:\/\/wicam.com\/fr\/"},{"@type":"ListItem","position":2,"name":"Logiciel","item":"https:\/\/wicam.com\/fr\/logiciel\/"},{"@type":"ListItem","position":3,"name":"CAO\/CFAO System","item":"https:\/\/wicam.com\/fr\/logiciel\/pn4000\/"},{"@type":"ListItem","position":4,"name":"Modules","item":"https:\/\/wicam.com\/fr\/logiciel\/pn4000\/modules\/"},{"@type":"ListItem","position":5,"name":"Automatisation"}]},{"@type":"WebSite","@id":"https:\/\/wicam.com\/fr\/#website","url":"https:\/\/wicam.com\/fr\/","name":"WiCAM","description":"Technische Software","potentialAction":[{"@type":"SearchAction","target":{"@type":"EntryPoint","urlTemplate":"https:\/\/wicam.com\/fr\/?s={search_term_string}"},"query-input":{"@type":"PropertyValueSpecification","valueRequired":true,"valueName":"search_term_string"}}],"inLanguage":"fr-FR"}]}},"_links":{"self":[{"href":"https:\/\/wicam.com\/fr\/wp-json\/wp\/v2\/pages\/13525","targetHints":{"allow":["GET"]}}],"collection":[{"href":"https:\/\/wicam.com\/fr\/wp-json\/wp\/v2\/pages"}],"about":[{"href":"https:\/\/wicam.com\/fr\/wp-json\/wp\/v2\/types\/page"}],"author":[{"embeddable":true,"href":"https:\/\/wicam.com\/fr\/wp-json\/wp\/v2\/users\/1"}],"replies":[{"embeddable":true,"href":"https:\/\/wicam.com\/fr\/wp-json\/wp\/v2\/comments?post=13525"}],"version-history":[{"count":0,"href":"https:\/\/wicam.com\/fr\/wp-json\/wp\/v2\/pages\/13525\/revisions"}],"up":[{"embeddable":true,"href":"https:\/\/wicam.com\/fr\/wp-json\/wp\/v2\/pages\/5749"}],"wp:attachment":[{"href":"https:\/\/wicam.com\/fr\/wp-json\/wp\/v2\/media?parent=13525"}],"curies":[{"name":"wp","href":"https:\/\/api.w.org\/{rel}","templated":true}]}}