{"id":14249,"date":"2020-02-04T14:54:17","date_gmt":"2020-02-04T13:54:17","guid":{"rendered":"https:\/\/www.wicam.com\/logiciel\/pn4000\/laser\/"},"modified":"2020-12-01T14:51:25","modified_gmt":"2020-12-01T13:51:25","slug":"laser","status":"publish","type":"page","link":"https:\/\/wicam.com\/fr\/logiciel\/pn4000\/laser\/","title":{"rendered":"Laser"},"content":{"rendered":"<p><a href=\"https:\/\/www.wicam.com\/fr\/logiciel\/pn4000\/\">retour \u00e0 la vue d&rsquo;ensemble<\/a><\/p>\n<h3>Technologie: Laser<\/h3>\n<p><a href=\"https:\/\/www.wicam.com\/wp-content\/uploads\/2018\/09\/PN4000_Technologie_Laser_1_coloured_2.png\" data-fancybox><img loading=\"lazy\" decoding=\"async\" class=\"alignright wp-image-2153 size-medium\" src=\"https:\/\/www.wicam.com\/wp-content\/uploads\/2018\/09\/PN4000_Technologie_Laser_1_coloured_2-300x163.png\" alt=\"\" width=\"300\" height=\"163\" srcset=\"https:\/\/wicam.com\/wp-content\/uploads\/2018\/09\/PN4000_Technologie_Laser_1_coloured_2-300x163.png 300w, https:\/\/wicam.com\/wp-content\/uploads\/2018\/09\/PN4000_Technologie_Laser_1_coloured_2-768x416.png 768w, https:\/\/wicam.com\/wp-content\/uploads\/2018\/09\/PN4000_Technologie_Laser_1_coloured_2-1024x555.png 1024w, https:\/\/wicam.com\/wp-content\/uploads\/2018\/09\/PN4000_Technologie_Laser_1_coloured_2.png 1600w\" sizes=\"auto, (max-width: 300px) 100vw, 300px\" \/><\/a>Le module <strong>LASER<\/strong> automatise la programmation des machines \u00e0 d\u00e9coupe LASER. L\u2019application dispose de tables de technologie sp\u00e9ciale dont les param\u00e8tres sont d\u00e9pendants de la mati\u00e8re ainsi que de l\u2019\u00e9paisseur de la feuille de m\u00e9tal. Tous les attributs et les \u00e9l\u00e9ments de g\u00e9om\u00e9tries complexes seront reconnues et trait\u00e9es pour l\u2019usinage de mani\u00e8re optimale.<\/p>\n<h4>Caract\u00e9ristiques<\/h4>\n<ul>\n<li>Contour automatique d\u2019amorce d\u2019entr\u00e9e\/sortie avec contr\u00f4le de collision<\/li>\n<li>Reconnaissance automatique des diff\u00e9rents contours et types d\u2019amorces<\/li>\n<li>S\u00e9paration automatique des chutes<\/li>\n<li>Localisation automatique des dispositifs d\u2019\u00e9vacuation comme les trappes ou les chargeurs\/d\u00e9chargeurs (lifts)<\/li>\n<li>Localisation automatique de micro joints<\/li>\n<li>Gravure \/ marquage automatique<\/li>\n<li>Diff\u00e9rentes strat\u00e9gies d\u2019approche<\/li>\n<li>Macros de traitement d\u00e9finissables librement<\/li>\n<li>Optimisation pour la r\u00e9duction du temps de l\u2019usinage<\/li>\n<li>Support de la technologie de coupe \u201cFly-Cutting\u201d<\/li>\n<li>Evaporation automatique<\/li>\n<li>R\u00e9duction automatique d\u2019angles extr\u00eames<\/li>\n<li>Fossettes<\/li>\n<li>Vectorisation des graphiques bitmap<\/li>\n<li>Les modifications manuelles sur une pi\u00e8ce unique et sur la feuille sont possibles \u00e0 tout moment<\/li>\n<\/ul>\n","protected":false},"excerpt":{"rendered":"<p>retour \u00e0 la vue d&rsquo;ensemble Technologie: Laser Le module LASER automatise la programmation des machines \u00e0 d\u00e9coupe LASER. L\u2019application dispose de tables de technologie sp\u00e9ciale dont les param\u00e8tres sont d\u00e9pendants de la mati\u00e8re ainsi que de l\u2019\u00e9paisseur de la feuille de m\u00e9tal. Tous les attributs et les \u00e9l\u00e9ments de g\u00e9om\u00e9tries complexes seront reconnues et trait\u00e9es [&hellip;]<\/p>\n","protected":false},"author":1,"featured_media":0,"parent":5720,"menu_order":0,"comment_status":"closed","ping_status":"closed","template":"page-software-single.php","meta":{"_acf_changed":false,"footnotes":""},"class_list":["post-14249","page","type-page","status-publish","hentry"],"acf":[],"yoast_head":"<!-- This site is optimized with the Yoast SEO plugin v27.4 - https:\/\/yoast.com\/product\/yoast-seo-wordpress\/ -->\n<title>Syst\u00e8me CAO\/CFAO pour votre syst\u00e8me laser - WiCAM<\/title>\n<meta name=\"description\" content=\"Le module LASER automatise la programmation des machines \u00e0 d\u00e9coupe LASER. L\u2019application dispose de tables de technologie sp\u00e9ciale dont les param\u00e8tres sont d\u00e9pendants de la mati\u00e8re ainsi que de l\u2019\u00e9paisseur de la feuille de m\u00e9tal.\" \/>\n<meta name=\"robots\" content=\"index, follow, max-snippet:-1, max-image-preview:large, max-video-preview:-1\" \/>\n<link rel=\"canonical\" href=\"https:\/\/wicam.com\/fr\/logiciel\/pn4000\/laser\/\" \/>\n<meta property=\"og:locale\" content=\"fr_FR\" \/>\n<meta property=\"og:type\" content=\"article\" \/>\n<meta property=\"og:title\" content=\"Syst\u00e8me CAO\/CFAO pour votre syst\u00e8me laser - WiCAM\" \/>\n<meta property=\"og:description\" content=\"Le module LASER automatise la programmation des machines \u00e0 d\u00e9coupe LASER. L\u2019application dispose de tables de technologie sp\u00e9ciale dont les param\u00e8tres sont d\u00e9pendants de la mati\u00e8re ainsi que de l\u2019\u00e9paisseur de la feuille de m\u00e9tal.\" \/>\n<meta property=\"og:url\" content=\"https:\/\/wicam.com\/fr\/logiciel\/pn4000\/laser\/\" \/>\n<meta property=\"og:site_name\" content=\"WiCAM\" \/>\n<meta property=\"article:modified_time\" content=\"2020-12-01T13:51:25+00:00\" \/>\n<meta property=\"og:image\" content=\"https:\/\/www.wicam.com\/wp-content\/uploads\/2018\/09\/PN4000_Technologie_Laser_1_coloured_2-300x163.png\" \/>\n<meta name=\"twitter:card\" content=\"summary_large_image\" \/>\n<meta name=\"twitter:label1\" content=\"Dur\u00e9e de lecture estim\u00e9e\" \/>\n\t<meta name=\"twitter:data1\" content=\"1 minute\" \/>\n<script type=\"application\/ld+json\" class=\"yoast-schema-graph\">{\"@context\":\"https:\\\/\\\/schema.org\",\"@graph\":[{\"@type\":\"WebPage\",\"@id\":\"https:\\\/\\\/wicam.com\\\/fr\\\/logiciel\\\/pn4000\\\/laser\\\/\",\"url\":\"https:\\\/\\\/wicam.com\\\/fr\\\/logiciel\\\/pn4000\\\/laser\\\/\",\"name\":\"Syst\u00e8me CAO\\\/CFAO pour votre syst\u00e8me laser - WiCAM\",\"isPartOf\":{\"@id\":\"https:\\\/\\\/wicam.com\\\/fr\\\/#website\"},\"primaryImageOfPage\":{\"@id\":\"https:\\\/\\\/wicam.com\\\/fr\\\/logiciel\\\/pn4000\\\/laser\\\/#primaryimage\"},\"image\":{\"@id\":\"https:\\\/\\\/wicam.com\\\/fr\\\/logiciel\\\/pn4000\\\/laser\\\/#primaryimage\"},\"thumbnailUrl\":\"https:\\\/\\\/www.wicam.com\\\/wp-content\\\/uploads\\\/2018\\\/09\\\/PN4000_Technologie_Laser_1_coloured_2-300x163.png\",\"datePublished\":\"2020-02-04T13:54:17+00:00\",\"dateModified\":\"2020-12-01T13:51:25+00:00\",\"description\":\"Le module LASER automatise la programmation des machines \u00e0 d\u00e9coupe LASER. L\u2019application dispose de tables de technologie sp\u00e9ciale dont les param\u00e8tres sont d\u00e9pendants de la mati\u00e8re ainsi que de l\u2019\u00e9paisseur de la feuille de m\u00e9tal.\",\"breadcrumb\":{\"@id\":\"https:\\\/\\\/wicam.com\\\/fr\\\/logiciel\\\/pn4000\\\/laser\\\/#breadcrumb\"},\"inLanguage\":\"fr-FR\",\"potentialAction\":[{\"@type\":\"ReadAction\",\"target\":[\"https:\\\/\\\/wicam.com\\\/fr\\\/logiciel\\\/pn4000\\\/laser\\\/\"]}]},{\"@type\":\"ImageObject\",\"inLanguage\":\"fr-FR\",\"@id\":\"https:\\\/\\\/wicam.com\\\/fr\\\/logiciel\\\/pn4000\\\/laser\\\/#primaryimage\",\"url\":\"https:\\\/\\\/www.wicam.com\\\/wp-content\\\/uploads\\\/2018\\\/09\\\/PN4000_Technologie_Laser_1_coloured_2-300x163.png\",\"contentUrl\":\"https:\\\/\\\/www.wicam.com\\\/wp-content\\\/uploads\\\/2018\\\/09\\\/PN4000_Technologie_Laser_1_coloured_2-300x163.png\"},{\"@type\":\"BreadcrumbList\",\"@id\":\"https:\\\/\\\/wicam.com\\\/fr\\\/logiciel\\\/pn4000\\\/laser\\\/#breadcrumb\",\"itemListElement\":[{\"@type\":\"ListItem\",\"position\":1,\"name\":\"Startseite\",\"item\":\"https:\\\/\\\/wicam.com\\\/fr\\\/\"},{\"@type\":\"ListItem\",\"position\":2,\"name\":\"Logiciel\",\"item\":\"https:\\\/\\\/wicam.com\\\/fr\\\/logiciel\\\/\"},{\"@type\":\"ListItem\",\"position\":3,\"name\":\"CAO\\\/CFAO System\",\"item\":\"https:\\\/\\\/wicam.com\\\/fr\\\/logiciel\\\/pn4000\\\/\"},{\"@type\":\"ListItem\",\"position\":4,\"name\":\"Laser\"}]},{\"@type\":\"WebSite\",\"@id\":\"https:\\\/\\\/wicam.com\\\/fr\\\/#website\",\"url\":\"https:\\\/\\\/wicam.com\\\/fr\\\/\",\"name\":\"WiCAM\",\"description\":\"Technische Software\",\"potentialAction\":[{\"@type\":\"SearchAction\",\"target\":{\"@type\":\"EntryPoint\",\"urlTemplate\":\"https:\\\/\\\/wicam.com\\\/fr\\\/?s={search_term_string}\"},\"query-input\":{\"@type\":\"PropertyValueSpecification\",\"valueRequired\":true,\"valueName\":\"search_term_string\"}}],\"inLanguage\":\"fr-FR\"}]}<\/script>\n<!-- \/ Yoast SEO plugin. -->","yoast_head_json":{"title":"Syst\u00e8me CAO\/CFAO pour votre syst\u00e8me laser - WiCAM","description":"Le module LASER automatise la programmation des machines \u00e0 d\u00e9coupe LASER. L\u2019application dispose de tables de technologie sp\u00e9ciale dont les param\u00e8tres sont d\u00e9pendants de la mati\u00e8re ainsi que de l\u2019\u00e9paisseur de la feuille de m\u00e9tal.","robots":{"index":"index","follow":"follow","max-snippet":"max-snippet:-1","max-image-preview":"max-image-preview:large","max-video-preview":"max-video-preview:-1"},"canonical":"https:\/\/wicam.com\/fr\/logiciel\/pn4000\/laser\/","og_locale":"fr_FR","og_type":"article","og_title":"Syst\u00e8me CAO\/CFAO pour votre syst\u00e8me laser - WiCAM","og_description":"Le module LASER automatise la programmation des machines \u00e0 d\u00e9coupe LASER. L\u2019application dispose de tables de technologie sp\u00e9ciale dont les param\u00e8tres sont d\u00e9pendants de la mati\u00e8re ainsi que de l\u2019\u00e9paisseur de la feuille de m\u00e9tal.","og_url":"https:\/\/wicam.com\/fr\/logiciel\/pn4000\/laser\/","og_site_name":"WiCAM","article_modified_time":"2020-12-01T13:51:25+00:00","og_image":[{"url":"https:\/\/www.wicam.com\/wp-content\/uploads\/2018\/09\/PN4000_Technologie_Laser_1_coloured_2-300x163.png","type":"","width":"","height":""}],"twitter_card":"summary_large_image","twitter_misc":{"Dur\u00e9e de lecture estim\u00e9e":"1 minute"},"schema":{"@context":"https:\/\/schema.org","@graph":[{"@type":"WebPage","@id":"https:\/\/wicam.com\/fr\/logiciel\/pn4000\/laser\/","url":"https:\/\/wicam.com\/fr\/logiciel\/pn4000\/laser\/","name":"Syst\u00e8me CAO\/CFAO pour votre syst\u00e8me laser - WiCAM","isPartOf":{"@id":"https:\/\/wicam.com\/fr\/#website"},"primaryImageOfPage":{"@id":"https:\/\/wicam.com\/fr\/logiciel\/pn4000\/laser\/#primaryimage"},"image":{"@id":"https:\/\/wicam.com\/fr\/logiciel\/pn4000\/laser\/#primaryimage"},"thumbnailUrl":"https:\/\/www.wicam.com\/wp-content\/uploads\/2018\/09\/PN4000_Technologie_Laser_1_coloured_2-300x163.png","datePublished":"2020-02-04T13:54:17+00:00","dateModified":"2020-12-01T13:51:25+00:00","description":"Le module LASER automatise la programmation des machines \u00e0 d\u00e9coupe LASER. L\u2019application dispose de tables de technologie sp\u00e9ciale dont les param\u00e8tres sont d\u00e9pendants de la mati\u00e8re ainsi que de l\u2019\u00e9paisseur de la feuille de m\u00e9tal.","breadcrumb":{"@id":"https:\/\/wicam.com\/fr\/logiciel\/pn4000\/laser\/#breadcrumb"},"inLanguage":"fr-FR","potentialAction":[{"@type":"ReadAction","target":["https:\/\/wicam.com\/fr\/logiciel\/pn4000\/laser\/"]}]},{"@type":"ImageObject","inLanguage":"fr-FR","@id":"https:\/\/wicam.com\/fr\/logiciel\/pn4000\/laser\/#primaryimage","url":"https:\/\/www.wicam.com\/wp-content\/uploads\/2018\/09\/PN4000_Technologie_Laser_1_coloured_2-300x163.png","contentUrl":"https:\/\/www.wicam.com\/wp-content\/uploads\/2018\/09\/PN4000_Technologie_Laser_1_coloured_2-300x163.png"},{"@type":"BreadcrumbList","@id":"https:\/\/wicam.com\/fr\/logiciel\/pn4000\/laser\/#breadcrumb","itemListElement":[{"@type":"ListItem","position":1,"name":"Startseite","item":"https:\/\/wicam.com\/fr\/"},{"@type":"ListItem","position":2,"name":"Logiciel","item":"https:\/\/wicam.com\/fr\/logiciel\/"},{"@type":"ListItem","position":3,"name":"CAO\/CFAO System","item":"https:\/\/wicam.com\/fr\/logiciel\/pn4000\/"},{"@type":"ListItem","position":4,"name":"Laser"}]},{"@type":"WebSite","@id":"https:\/\/wicam.com\/fr\/#website","url":"https:\/\/wicam.com\/fr\/","name":"WiCAM","description":"Technische Software","potentialAction":[{"@type":"SearchAction","target":{"@type":"EntryPoint","urlTemplate":"https:\/\/wicam.com\/fr\/?s={search_term_string}"},"query-input":{"@type":"PropertyValueSpecification","valueRequired":true,"valueName":"search_term_string"}}],"inLanguage":"fr-FR"}]}},"_links":{"self":[{"href":"https:\/\/wicam.com\/fr\/wp-json\/wp\/v2\/pages\/14249","targetHints":{"allow":["GET"]}}],"collection":[{"href":"https:\/\/wicam.com\/fr\/wp-json\/wp\/v2\/pages"}],"about":[{"href":"https:\/\/wicam.com\/fr\/wp-json\/wp\/v2\/types\/page"}],"author":[{"embeddable":true,"href":"https:\/\/wicam.com\/fr\/wp-json\/wp\/v2\/users\/1"}],"replies":[{"embeddable":true,"href":"https:\/\/wicam.com\/fr\/wp-json\/wp\/v2\/comments?post=14249"}],"version-history":[{"count":0,"href":"https:\/\/wicam.com\/fr\/wp-json\/wp\/v2\/pages\/14249\/revisions"}],"up":[{"embeddable":true,"href":"https:\/\/wicam.com\/fr\/wp-json\/wp\/v2\/pages\/5720"}],"wp:attachment":[{"href":"https:\/\/wicam.com\/fr\/wp-json\/wp\/v2\/media?parent=14249"}],"curies":[{"name":"wp","href":"https:\/\/api.w.org\/{rel}","templated":true}]}}