{"id":14262,"date":"2020-02-04T16:11:00","date_gmt":"2020-02-04T15:11:00","guid":{"rendered":"https:\/\/www.wicam.com\/logiciel\/pn4000\/autogen-plasma\/"},"modified":"2020-12-01T15:00:51","modified_gmt":"2020-12-01T14:00:51","slug":"autogene-plasma","status":"publish","type":"page","link":"https:\/\/wicam.com\/fr\/logiciel\/pn4000\/autogene-plasma\/","title":{"rendered":"Autog\u00e8ne \/ Plasma"},"content":{"rendered":"<p><a href=\"https:\/\/www.wicam.com\/fr\/logiciel\/pn4000\/\">retour \u00e0 la vue d&rsquo;ensemble<\/a><\/p>\n<h3>Technologie: Autog\u00e8ne \/ Plasma<\/h3>\n<p><a href=\"https:\/\/www.wicam.com\/wp-content\/uploads\/2018\/09\/PN4000_Technologie_AutogenPlasma_02_coloured_02.png\" data-fancybox><img loading=\"lazy\" decoding=\"async\" class=\"wp-image-2155 size-medium alignright\" src=\"https:\/\/www.wicam.com\/wp-content\/uploads\/2018\/09\/PN4000_Technologie_AutogenPlasma_02_coloured_02-300x163.png\" alt=\"\" width=\"300\" height=\"163\" srcset=\"https:\/\/wicam.com\/wp-content\/uploads\/2018\/09\/PN4000_Technologie_AutogenPlasma_02_coloured_02-300x163.png 300w, https:\/\/wicam.com\/wp-content\/uploads\/2018\/09\/PN4000_Technologie_AutogenPlasma_02_coloured_02-768x416.png 768w, https:\/\/wicam.com\/wp-content\/uploads\/2018\/09\/PN4000_Technologie_AutogenPlasma_02_coloured_02-1024x555.png 1024w, https:\/\/wicam.com\/wp-content\/uploads\/2018\/09\/PN4000_Technologie_AutogenPlasma_02_coloured_02.png 1600w\" sizes=\"auto, (max-width: 300px) 100vw, 300px\" \/><\/a>Ce sont des fonctions sp\u00e9ciales pour la programmation de machines de d\u00e9coupe <strong>autog\u00e8ne et plasma<\/strong>. Par exemple, les biseaux peuvent \u00eatre automatiquement interpr\u00e9t\u00e9s \u00e0 partir du dessin CAO et pris en compte dans l\u2019usinage.<\/p>\n<h4>Fonctions<\/h4>\n<ul>\n<li>Contour automatique avec amorce d\u2019entr\u00e9e ou de sortie et avec contr\u00f4le de collision<\/li>\n<li>Reconnaissance automatique des param\u00e8tres de coupe diff\u00e9rents<\/li>\n<li>placement automatique des biseaux (sur- \/ sous biseau avec \/ sans onglet, X\u2013biseau et en biseau\u2013K)<\/li>\n<li>machines de d\u00e9coupe support de t\u00eates multiples<\/li>\n<li>Support de la transformation dynamique en 5 axes pour biseaux avec changements d\u2019angle<\/li>\n<li>placement automatique des microjoints<\/li>\n<li>gravure \/ marquage automatique<\/li>\n<li>Diff\u00e9rentes strat\u00e9gies d\u2019approche<\/li>\n<li>fonction de traitement macros librement d\u00e9finissables<\/li>\n<li>R\u00e9duction automatique dans les angles<\/li>\n<li>Fossettes<\/li>\n<\/ul>\n","protected":false},"excerpt":{"rendered":"<p>retour \u00e0 la vue d&rsquo;ensemble Technologie: Autog\u00e8ne \/ Plasma Ce sont des fonctions sp\u00e9ciales pour la programmation de machines de d\u00e9coupe autog\u00e8ne et plasma. Par exemple, les biseaux peuvent \u00eatre automatiquement interpr\u00e9t\u00e9s \u00e0 partir du dessin CAO et pris en compte dans l\u2019usinage. Fonctions Contour automatique avec amorce d\u2019entr\u00e9e ou de sortie et avec contr\u00f4le [&hellip;]<\/p>\n","protected":false},"author":1,"featured_media":0,"parent":5720,"menu_order":0,"comment_status":"closed","ping_status":"closed","template":"page-software-single.php","meta":{"_acf_changed":false,"footnotes":""},"class_list":["post-14262","page","type-page","status-publish","hentry"],"acf":[],"yoast_head":"<!-- This site is optimized with the Yoast SEO plugin v27.4 - https:\/\/yoast.com\/product\/yoast-seo-wordpress\/ -->\n<title>Syst\u00e8me CAO\/CFAO pour votre syst\u00e8me d&#039;oxyfuel &amp; plasma - WiCAM<\/title>\n<meta name=\"description\" content=\"Ce sont des fonctions sp\u00e9ciales pour la programmation de machines de d\u00e9coupe autog\u00e8ne et plasma. Par exemple, les biseaux peuvent \u00eatre automatiquement interpr\u00e9t\u00e9s \u00e0 partir du dessin CAO et pris en compte dans l\u2019usinage.\" \/>\n<meta name=\"robots\" content=\"index, follow, max-snippet:-1, max-image-preview:large, max-video-preview:-1\" \/>\n<link rel=\"canonical\" href=\"https:\/\/wicam.com\/fr\/logiciel\/pn4000\/autogene-plasma\/\" \/>\n<meta property=\"og:locale\" content=\"fr_FR\" \/>\n<meta property=\"og:type\" content=\"article\" \/>\n<meta property=\"og:title\" content=\"Syst\u00e8me CAO\/CFAO pour votre syst\u00e8me d&#039;oxyfuel &amp; plasma - WiCAM\" \/>\n<meta property=\"og:description\" content=\"Ce sont des fonctions sp\u00e9ciales pour la programmation de machines de d\u00e9coupe autog\u00e8ne et plasma. Par exemple, les biseaux peuvent \u00eatre automatiquement interpr\u00e9t\u00e9s \u00e0 partir du dessin CAO et pris en compte dans l\u2019usinage.\" \/>\n<meta property=\"og:url\" content=\"https:\/\/wicam.com\/fr\/logiciel\/pn4000\/autogene-plasma\/\" \/>\n<meta property=\"og:site_name\" content=\"WiCAM\" \/>\n<meta property=\"article:modified_time\" content=\"2020-12-01T14:00:51+00:00\" \/>\n<meta property=\"og:image\" content=\"https:\/\/www.wicam.com\/wp-content\/uploads\/2018\/09\/PN4000_Technologie_AutogenPlasma_02_coloured_02-300x163.png\" \/>\n<meta name=\"twitter:card\" content=\"summary_large_image\" \/>\n<meta name=\"twitter:label1\" content=\"Dur\u00e9e de lecture estim\u00e9e\" \/>\n\t<meta name=\"twitter:data1\" content=\"1 minute\" \/>\n<script type=\"application\/ld+json\" class=\"yoast-schema-graph\">{\"@context\":\"https:\\\/\\\/schema.org\",\"@graph\":[{\"@type\":\"WebPage\",\"@id\":\"https:\\\/\\\/wicam.com\\\/fr\\\/logiciel\\\/pn4000\\\/autogene-plasma\\\/\",\"url\":\"https:\\\/\\\/wicam.com\\\/fr\\\/logiciel\\\/pn4000\\\/autogene-plasma\\\/\",\"name\":\"Syst\u00e8me CAO\\\/CFAO pour votre syst\u00e8me d'oxyfuel & plasma - WiCAM\",\"isPartOf\":{\"@id\":\"https:\\\/\\\/wicam.com\\\/fr\\\/#website\"},\"primaryImageOfPage\":{\"@id\":\"https:\\\/\\\/wicam.com\\\/fr\\\/logiciel\\\/pn4000\\\/autogene-plasma\\\/#primaryimage\"},\"image\":{\"@id\":\"https:\\\/\\\/wicam.com\\\/fr\\\/logiciel\\\/pn4000\\\/autogene-plasma\\\/#primaryimage\"},\"thumbnailUrl\":\"https:\\\/\\\/www.wicam.com\\\/wp-content\\\/uploads\\\/2018\\\/09\\\/PN4000_Technologie_AutogenPlasma_02_coloured_02-300x163.png\",\"datePublished\":\"2020-02-04T15:11:00+00:00\",\"dateModified\":\"2020-12-01T14:00:51+00:00\",\"description\":\"Ce sont des fonctions sp\u00e9ciales pour la programmation de machines de d\u00e9coupe autog\u00e8ne et plasma. Par exemple, les biseaux peuvent \u00eatre automatiquement interpr\u00e9t\u00e9s \u00e0 partir du dessin CAO et pris en compte dans l\u2019usinage.\",\"breadcrumb\":{\"@id\":\"https:\\\/\\\/wicam.com\\\/fr\\\/logiciel\\\/pn4000\\\/autogene-plasma\\\/#breadcrumb\"},\"inLanguage\":\"fr-FR\",\"potentialAction\":[{\"@type\":\"ReadAction\",\"target\":[\"https:\\\/\\\/wicam.com\\\/fr\\\/logiciel\\\/pn4000\\\/autogene-plasma\\\/\"]}]},{\"@type\":\"ImageObject\",\"inLanguage\":\"fr-FR\",\"@id\":\"https:\\\/\\\/wicam.com\\\/fr\\\/logiciel\\\/pn4000\\\/autogene-plasma\\\/#primaryimage\",\"url\":\"https:\\\/\\\/www.wicam.com\\\/wp-content\\\/uploads\\\/2018\\\/09\\\/PN4000_Technologie_AutogenPlasma_02_coloured_02-300x163.png\",\"contentUrl\":\"https:\\\/\\\/www.wicam.com\\\/wp-content\\\/uploads\\\/2018\\\/09\\\/PN4000_Technologie_AutogenPlasma_02_coloured_02-300x163.png\"},{\"@type\":\"BreadcrumbList\",\"@id\":\"https:\\\/\\\/wicam.com\\\/fr\\\/logiciel\\\/pn4000\\\/autogene-plasma\\\/#breadcrumb\",\"itemListElement\":[{\"@type\":\"ListItem\",\"position\":1,\"name\":\"Startseite\",\"item\":\"https:\\\/\\\/wicam.com\\\/fr\\\/\"},{\"@type\":\"ListItem\",\"position\":2,\"name\":\"Logiciel\",\"item\":\"https:\\\/\\\/wicam.com\\\/fr\\\/logiciel\\\/\"},{\"@type\":\"ListItem\",\"position\":3,\"name\":\"CAO\\\/CFAO System\",\"item\":\"https:\\\/\\\/wicam.com\\\/fr\\\/logiciel\\\/pn4000\\\/\"},{\"@type\":\"ListItem\",\"position\":4,\"name\":\"Autog\u00e8ne \\\/ Plasma\"}]},{\"@type\":\"WebSite\",\"@id\":\"https:\\\/\\\/wicam.com\\\/fr\\\/#website\",\"url\":\"https:\\\/\\\/wicam.com\\\/fr\\\/\",\"name\":\"WiCAM\",\"description\":\"Technische Software\",\"potentialAction\":[{\"@type\":\"SearchAction\",\"target\":{\"@type\":\"EntryPoint\",\"urlTemplate\":\"https:\\\/\\\/wicam.com\\\/fr\\\/?s={search_term_string}\"},\"query-input\":{\"@type\":\"PropertyValueSpecification\",\"valueRequired\":true,\"valueName\":\"search_term_string\"}}],\"inLanguage\":\"fr-FR\"}]}<\/script>\n<!-- \/ Yoast SEO plugin. -->","yoast_head_json":{"title":"Syst\u00e8me CAO\/CFAO pour votre syst\u00e8me d'oxyfuel & plasma - WiCAM","description":"Ce sont des fonctions sp\u00e9ciales pour la programmation de machines de d\u00e9coupe autog\u00e8ne et plasma. Par exemple, les biseaux peuvent \u00eatre automatiquement interpr\u00e9t\u00e9s \u00e0 partir du dessin CAO et pris en compte dans l\u2019usinage.","robots":{"index":"index","follow":"follow","max-snippet":"max-snippet:-1","max-image-preview":"max-image-preview:large","max-video-preview":"max-video-preview:-1"},"canonical":"https:\/\/wicam.com\/fr\/logiciel\/pn4000\/autogene-plasma\/","og_locale":"fr_FR","og_type":"article","og_title":"Syst\u00e8me CAO\/CFAO pour votre syst\u00e8me d'oxyfuel & plasma - WiCAM","og_description":"Ce sont des fonctions sp\u00e9ciales pour la programmation de machines de d\u00e9coupe autog\u00e8ne et plasma. Par exemple, les biseaux peuvent \u00eatre automatiquement interpr\u00e9t\u00e9s \u00e0 partir du dessin CAO et pris en compte dans l\u2019usinage.","og_url":"https:\/\/wicam.com\/fr\/logiciel\/pn4000\/autogene-plasma\/","og_site_name":"WiCAM","article_modified_time":"2020-12-01T14:00:51+00:00","og_image":[{"url":"https:\/\/www.wicam.com\/wp-content\/uploads\/2018\/09\/PN4000_Technologie_AutogenPlasma_02_coloured_02-300x163.png","type":"","width":"","height":""}],"twitter_card":"summary_large_image","twitter_misc":{"Dur\u00e9e de lecture estim\u00e9e":"1 minute"},"schema":{"@context":"https:\/\/schema.org","@graph":[{"@type":"WebPage","@id":"https:\/\/wicam.com\/fr\/logiciel\/pn4000\/autogene-plasma\/","url":"https:\/\/wicam.com\/fr\/logiciel\/pn4000\/autogene-plasma\/","name":"Syst\u00e8me CAO\/CFAO pour votre syst\u00e8me d'oxyfuel & plasma - WiCAM","isPartOf":{"@id":"https:\/\/wicam.com\/fr\/#website"},"primaryImageOfPage":{"@id":"https:\/\/wicam.com\/fr\/logiciel\/pn4000\/autogene-plasma\/#primaryimage"},"image":{"@id":"https:\/\/wicam.com\/fr\/logiciel\/pn4000\/autogene-plasma\/#primaryimage"},"thumbnailUrl":"https:\/\/www.wicam.com\/wp-content\/uploads\/2018\/09\/PN4000_Technologie_AutogenPlasma_02_coloured_02-300x163.png","datePublished":"2020-02-04T15:11:00+00:00","dateModified":"2020-12-01T14:00:51+00:00","description":"Ce sont des fonctions sp\u00e9ciales pour la programmation de machines de d\u00e9coupe autog\u00e8ne et plasma. Par exemple, les biseaux peuvent \u00eatre automatiquement interpr\u00e9t\u00e9s \u00e0 partir du dessin CAO et pris en compte dans l\u2019usinage.","breadcrumb":{"@id":"https:\/\/wicam.com\/fr\/logiciel\/pn4000\/autogene-plasma\/#breadcrumb"},"inLanguage":"fr-FR","potentialAction":[{"@type":"ReadAction","target":["https:\/\/wicam.com\/fr\/logiciel\/pn4000\/autogene-plasma\/"]}]},{"@type":"ImageObject","inLanguage":"fr-FR","@id":"https:\/\/wicam.com\/fr\/logiciel\/pn4000\/autogene-plasma\/#primaryimage","url":"https:\/\/www.wicam.com\/wp-content\/uploads\/2018\/09\/PN4000_Technologie_AutogenPlasma_02_coloured_02-300x163.png","contentUrl":"https:\/\/www.wicam.com\/wp-content\/uploads\/2018\/09\/PN4000_Technologie_AutogenPlasma_02_coloured_02-300x163.png"},{"@type":"BreadcrumbList","@id":"https:\/\/wicam.com\/fr\/logiciel\/pn4000\/autogene-plasma\/#breadcrumb","itemListElement":[{"@type":"ListItem","position":1,"name":"Startseite","item":"https:\/\/wicam.com\/fr\/"},{"@type":"ListItem","position":2,"name":"Logiciel","item":"https:\/\/wicam.com\/fr\/logiciel\/"},{"@type":"ListItem","position":3,"name":"CAO\/CFAO System","item":"https:\/\/wicam.com\/fr\/logiciel\/pn4000\/"},{"@type":"ListItem","position":4,"name":"Autog\u00e8ne \/ Plasma"}]},{"@type":"WebSite","@id":"https:\/\/wicam.com\/fr\/#website","url":"https:\/\/wicam.com\/fr\/","name":"WiCAM","description":"Technische Software","potentialAction":[{"@type":"SearchAction","target":{"@type":"EntryPoint","urlTemplate":"https:\/\/wicam.com\/fr\/?s={search_term_string}"},"query-input":{"@type":"PropertyValueSpecification","valueRequired":true,"valueName":"search_term_string"}}],"inLanguage":"fr-FR"}]}},"_links":{"self":[{"href":"https:\/\/wicam.com\/fr\/wp-json\/wp\/v2\/pages\/14262","targetHints":{"allow":["GET"]}}],"collection":[{"href":"https:\/\/wicam.com\/fr\/wp-json\/wp\/v2\/pages"}],"about":[{"href":"https:\/\/wicam.com\/fr\/wp-json\/wp\/v2\/types\/page"}],"author":[{"embeddable":true,"href":"https:\/\/wicam.com\/fr\/wp-json\/wp\/v2\/users\/1"}],"replies":[{"embeddable":true,"href":"https:\/\/wicam.com\/fr\/wp-json\/wp\/v2\/comments?post=14262"}],"version-history":[{"count":0,"href":"https:\/\/wicam.com\/fr\/wp-json\/wp\/v2\/pages\/14262\/revisions"}],"up":[{"embeddable":true,"href":"https:\/\/wicam.com\/fr\/wp-json\/wp\/v2\/pages\/5720"}],"wp:attachment":[{"href":"https:\/\/wicam.com\/fr\/wp-json\/wp\/v2\/media?parent=14262"}],"curies":[{"name":"wp","href":"https:\/\/api.w.org\/{rel}","templated":true}]}}