{"id":14265,"date":"2020-02-04T16:11:23","date_gmt":"2020-02-04T15:11:23","guid":{"rendered":"https:\/\/www.wicam.com\/logiciel\/pn4000\/wasserstrahl\/"},"modified":"2020-12-01T22:10:37","modified_gmt":"2020-12-01T21:10:37","slug":"jet-deau","status":"publish","type":"page","link":"https:\/\/wicam.com\/fr\/logiciel\/pn4000\/jet-deau\/","title":{"rendered":"Jet d\u2018eau"},"content":{"rendered":"<p><a href=\"https:\/\/www.wicam.com\/fr\/logiciel\/pn4000\/\">retour \u00e0 la vue d&rsquo;ensemble<\/a><\/p>\n<h3>Technologie: Jet d\u2018eau<\/h3>\n<p><a href=\"https:\/\/www.wicam.com\/wp-content\/uploads\/2018\/09\/PN4000_Technologie_Wasser_1_coloured.png\" data-fancybox><img loading=\"lazy\" decoding=\"async\" class=\"alignright wp-image-2157 size-medium\" src=\"https:\/\/www.wicam.com\/wp-content\/uploads\/2018\/09\/PN4000_Technologie_Wasser_1_coloured-300x163.png\" alt=\"\" width=\"300\" height=\"163\" srcset=\"https:\/\/wicam.com\/wp-content\/uploads\/2018\/09\/PN4000_Technologie_Wasser_1_coloured-300x163.png 300w, https:\/\/wicam.com\/wp-content\/uploads\/2018\/09\/PN4000_Technologie_Wasser_1_coloured-768x416.png 768w, https:\/\/wicam.com\/wp-content\/uploads\/2018\/09\/PN4000_Technologie_Wasser_1_coloured-1024x555.png 1024w, https:\/\/wicam.com\/wp-content\/uploads\/2018\/09\/PN4000_Technologie_Wasser_1_coloured.png 1600w\" sizes=\"auto, (max-width: 300px) 100vw, 300px\" \/><\/a>PN4000 poss\u00e8de des caract\u00e9ristiques sp\u00e9ciales pour la programmation des machines de <strong>jet d\u2019eau<\/strong>. En plus du support des t\u00eates multiples, il est possible de lire des informations de biseau provenant de la CAO et de les traiter automatiquement.<\/p>\n<h4>Caract\u00e9ristiques<\/h4>\n<ul>\n<li>contour automatique d\u2019amorce d\u2019entr\u00e9e\/sortie avec contr\u00f4le de collision<\/li>\n<li>Reconnaissance automatique des diff\u00e9rents types de contour et per\u00e7age<\/li>\n<li>placement automatique des biseaux (Sur- \/ Sous biseau avec \/ sans base, biseau en X et K\u2013conique)<\/li>\n<li>Support des t\u00eates-multiples<\/li>\n<li>Soutenir la transformation 5 axes pour biseaux avec changements d\u2019angle dynamiques<\/li>\n<li>placement automatique des micro joints<\/li>\n<li>gravure \/ marquage automatique<\/li>\n<li>Diff\u00e9rentes strat\u00e9gies d\u2019approche<\/li>\n<li>macros gratuites de traitement d\u00e9finissables<\/li>\n<li>R\u00e9duction automatique en fonction de la variation des angles<\/li>\n<li>R\u00e9duction automatique en fonction du rayon<\/li>\n<li>Vectorisation de graphiques bitmap<\/li>\n<li>Les modifications manuelles en une seule pi\u00e8ce et sur la feuille sont possibles \u00e0 tout moment<\/li>\n<li>L\u2019imbrication automatique de tous les d\u00e9tails de la g\u00e9om\u00e9trie<\/li>\n<\/ul>\n","protected":false},"excerpt":{"rendered":"<p>retour \u00e0 la vue d&rsquo;ensemble Technologie: Jet d\u2018eau PN4000 poss\u00e8de des caract\u00e9ristiques sp\u00e9ciales pour la programmation des machines de jet d\u2019eau. En plus du support des t\u00eates multiples, il est possible de lire des informations de biseau provenant de la CAO et de les traiter automatiquement. Caract\u00e9ristiques contour automatique d\u2019amorce d\u2019entr\u00e9e\/sortie avec contr\u00f4le de collision [&hellip;]<\/p>\n","protected":false},"author":1,"featured_media":0,"parent":5720,"menu_order":0,"comment_status":"closed","ping_status":"closed","template":"page-software-single.php","meta":{"_acf_changed":false,"footnotes":""},"class_list":["post-14265","page","type-page","status-publish","hentry"],"acf":[],"yoast_head":"<!-- This site is optimized with the Yoast SEO plugin v27.2 - https:\/\/yoast.com\/product\/yoast-seo-wordpress\/ -->\n<title>Syst\u00e8me CAO\/CFAO pour votre syst\u00e8me \u00e0 jet d&#039;eauJet d\u2018eau - WiCAM<\/title>\n<meta name=\"description\" content=\"PN4000 poss\u00e8de des caract\u00e9ristiques sp\u00e9ciales pour la programmation des machines de jet d\u2019eau. En plus du support des t\u00eates multiples, il est possible de lire des informations de biseau provenant de la CAO et de les traiter automatiquement.\" \/>\n<meta name=\"robots\" content=\"index, follow, max-snippet:-1, max-image-preview:large, max-video-preview:-1\" \/>\n<link rel=\"canonical\" href=\"https:\/\/wicam.com\/fr\/logiciel\/pn4000\/jet-deau\/\" \/>\n<meta property=\"og:locale\" content=\"fr_FR\" \/>\n<meta property=\"og:type\" content=\"article\" \/>\n<meta property=\"og:title\" content=\"Syst\u00e8me CAO\/CFAO pour votre syst\u00e8me \u00e0 jet d&#039;eauJet d\u2018eau - WiCAM\" \/>\n<meta property=\"og:description\" content=\"PN4000 poss\u00e8de des caract\u00e9ristiques sp\u00e9ciales pour la programmation des machines de jet d\u2019eau. En plus du support des t\u00eates multiples, il est possible de lire des informations de biseau provenant de la CAO et de les traiter automatiquement.\" \/>\n<meta property=\"og:url\" content=\"https:\/\/wicam.com\/fr\/logiciel\/pn4000\/jet-deau\/\" \/>\n<meta property=\"og:site_name\" content=\"WiCAM\" \/>\n<meta property=\"article:modified_time\" content=\"2020-12-01T21:10:37+00:00\" \/>\n<meta property=\"og:image\" content=\"https:\/\/www.wicam.com\/wp-content\/uploads\/2018\/09\/PN4000_Technologie_Wasser_1_coloured-300x163.png\" \/>\n<meta name=\"twitter:card\" content=\"summary_large_image\" \/>\n<meta name=\"twitter:label1\" content=\"Dur\u00e9e de lecture estim\u00e9e\" \/>\n\t<meta name=\"twitter:data1\" content=\"1 minute\" \/>\n<script type=\"application\/ld+json\" class=\"yoast-schema-graph\">{\"@context\":\"https:\/\/schema.org\",\"@graph\":[{\"@type\":\"WebPage\",\"@id\":\"https:\/\/wicam.com\/fr\/logiciel\/pn4000\/jet-deau\/\",\"url\":\"https:\/\/wicam.com\/fr\/logiciel\/pn4000\/jet-deau\/\",\"name\":\"Syst\u00e8me CAO\/CFAO pour votre syst\u00e8me \u00e0 jet d'eauJet d\u2018eau - WiCAM\",\"isPartOf\":{\"@id\":\"https:\/\/wicam.com\/fr\/#website\"},\"primaryImageOfPage\":{\"@id\":\"https:\/\/wicam.com\/fr\/logiciel\/pn4000\/jet-deau\/#primaryimage\"},\"image\":{\"@id\":\"https:\/\/wicam.com\/fr\/logiciel\/pn4000\/jet-deau\/#primaryimage\"},\"thumbnailUrl\":\"https:\/\/www.wicam.com\/wp-content\/uploads\/2018\/09\/PN4000_Technologie_Wasser_1_coloured-300x163.png\",\"datePublished\":\"2020-02-04T15:11:23+00:00\",\"dateModified\":\"2020-12-01T21:10:37+00:00\",\"description\":\"PN4000 poss\u00e8de des caract\u00e9ristiques sp\u00e9ciales pour la programmation des machines de jet d\u2019eau. En plus du support des t\u00eates multiples, il est possible de lire des informations de biseau provenant de la CAO et de les traiter automatiquement.\",\"breadcrumb\":{\"@id\":\"https:\/\/wicam.com\/fr\/logiciel\/pn4000\/jet-deau\/#breadcrumb\"},\"inLanguage\":\"fr-FR\",\"potentialAction\":[{\"@type\":\"ReadAction\",\"target\":[\"https:\/\/wicam.com\/fr\/logiciel\/pn4000\/jet-deau\/\"]}]},{\"@type\":\"ImageObject\",\"inLanguage\":\"fr-FR\",\"@id\":\"https:\/\/wicam.com\/fr\/logiciel\/pn4000\/jet-deau\/#primaryimage\",\"url\":\"https:\/\/www.wicam.com\/wp-content\/uploads\/2018\/09\/PN4000_Technologie_Wasser_1_coloured-300x163.png\",\"contentUrl\":\"https:\/\/www.wicam.com\/wp-content\/uploads\/2018\/09\/PN4000_Technologie_Wasser_1_coloured-300x163.png\"},{\"@type\":\"BreadcrumbList\",\"@id\":\"https:\/\/wicam.com\/fr\/logiciel\/pn4000\/jet-deau\/#breadcrumb\",\"itemListElement\":[{\"@type\":\"ListItem\",\"position\":1,\"name\":\"Startseite\",\"item\":\"https:\/\/wicam.com\/fr\/\"},{\"@type\":\"ListItem\",\"position\":2,\"name\":\"Logiciel\",\"item\":\"https:\/\/wicam.com\/fr\/logiciel\/\"},{\"@type\":\"ListItem\",\"position\":3,\"name\":\"CAO\/CFAO System\",\"item\":\"https:\/\/wicam.com\/fr\/logiciel\/pn4000\/\"},{\"@type\":\"ListItem\",\"position\":4,\"name\":\"Jet d\u2018eau\"}]},{\"@type\":\"WebSite\",\"@id\":\"https:\/\/wicam.com\/fr\/#website\",\"url\":\"https:\/\/wicam.com\/fr\/\",\"name\":\"WiCAM\",\"description\":\"Technische Software\",\"potentialAction\":[{\"@type\":\"SearchAction\",\"target\":{\"@type\":\"EntryPoint\",\"urlTemplate\":\"https:\/\/wicam.com\/fr\/?s={search_term_string}\"},\"query-input\":{\"@type\":\"PropertyValueSpecification\",\"valueRequired\":true,\"valueName\":\"search_term_string\"}}],\"inLanguage\":\"fr-FR\"}]}<\/script>\n<!-- \/ Yoast SEO plugin. -->","yoast_head_json":{"title":"Syst\u00e8me CAO\/CFAO pour votre syst\u00e8me \u00e0 jet d'eauJet d\u2018eau - WiCAM","description":"PN4000 poss\u00e8de des caract\u00e9ristiques sp\u00e9ciales pour la programmation des machines de jet d\u2019eau. En plus du support des t\u00eates multiples, il est possible de lire des informations de biseau provenant de la CAO et de les traiter automatiquement.","robots":{"index":"index","follow":"follow","max-snippet":"max-snippet:-1","max-image-preview":"max-image-preview:large","max-video-preview":"max-video-preview:-1"},"canonical":"https:\/\/wicam.com\/fr\/logiciel\/pn4000\/jet-deau\/","og_locale":"fr_FR","og_type":"article","og_title":"Syst\u00e8me CAO\/CFAO pour votre syst\u00e8me \u00e0 jet d'eauJet d\u2018eau - WiCAM","og_description":"PN4000 poss\u00e8de des caract\u00e9ristiques sp\u00e9ciales pour la programmation des machines de jet d\u2019eau. En plus du support des t\u00eates multiples, il est possible de lire des informations de biseau provenant de la CAO et de les traiter automatiquement.","og_url":"https:\/\/wicam.com\/fr\/logiciel\/pn4000\/jet-deau\/","og_site_name":"WiCAM","article_modified_time":"2020-12-01T21:10:37+00:00","og_image":[{"url":"https:\/\/www.wicam.com\/wp-content\/uploads\/2018\/09\/PN4000_Technologie_Wasser_1_coloured-300x163.png","type":"","width":"","height":""}],"twitter_card":"summary_large_image","twitter_misc":{"Dur\u00e9e de lecture estim\u00e9e":"1 minute"},"schema":{"@context":"https:\/\/schema.org","@graph":[{"@type":"WebPage","@id":"https:\/\/wicam.com\/fr\/logiciel\/pn4000\/jet-deau\/","url":"https:\/\/wicam.com\/fr\/logiciel\/pn4000\/jet-deau\/","name":"Syst\u00e8me CAO\/CFAO pour votre syst\u00e8me \u00e0 jet d'eauJet d\u2018eau - WiCAM","isPartOf":{"@id":"https:\/\/wicam.com\/fr\/#website"},"primaryImageOfPage":{"@id":"https:\/\/wicam.com\/fr\/logiciel\/pn4000\/jet-deau\/#primaryimage"},"image":{"@id":"https:\/\/wicam.com\/fr\/logiciel\/pn4000\/jet-deau\/#primaryimage"},"thumbnailUrl":"https:\/\/www.wicam.com\/wp-content\/uploads\/2018\/09\/PN4000_Technologie_Wasser_1_coloured-300x163.png","datePublished":"2020-02-04T15:11:23+00:00","dateModified":"2020-12-01T21:10:37+00:00","description":"PN4000 poss\u00e8de des caract\u00e9ristiques sp\u00e9ciales pour la programmation des machines de jet d\u2019eau. En plus du support des t\u00eates multiples, il est possible de lire des informations de biseau provenant de la CAO et de les traiter automatiquement.","breadcrumb":{"@id":"https:\/\/wicam.com\/fr\/logiciel\/pn4000\/jet-deau\/#breadcrumb"},"inLanguage":"fr-FR","potentialAction":[{"@type":"ReadAction","target":["https:\/\/wicam.com\/fr\/logiciel\/pn4000\/jet-deau\/"]}]},{"@type":"ImageObject","inLanguage":"fr-FR","@id":"https:\/\/wicam.com\/fr\/logiciel\/pn4000\/jet-deau\/#primaryimage","url":"https:\/\/www.wicam.com\/wp-content\/uploads\/2018\/09\/PN4000_Technologie_Wasser_1_coloured-300x163.png","contentUrl":"https:\/\/www.wicam.com\/wp-content\/uploads\/2018\/09\/PN4000_Technologie_Wasser_1_coloured-300x163.png"},{"@type":"BreadcrumbList","@id":"https:\/\/wicam.com\/fr\/logiciel\/pn4000\/jet-deau\/#breadcrumb","itemListElement":[{"@type":"ListItem","position":1,"name":"Startseite","item":"https:\/\/wicam.com\/fr\/"},{"@type":"ListItem","position":2,"name":"Logiciel","item":"https:\/\/wicam.com\/fr\/logiciel\/"},{"@type":"ListItem","position":3,"name":"CAO\/CFAO System","item":"https:\/\/wicam.com\/fr\/logiciel\/pn4000\/"},{"@type":"ListItem","position":4,"name":"Jet d\u2018eau"}]},{"@type":"WebSite","@id":"https:\/\/wicam.com\/fr\/#website","url":"https:\/\/wicam.com\/fr\/","name":"WiCAM","description":"Technische Software","potentialAction":[{"@type":"SearchAction","target":{"@type":"EntryPoint","urlTemplate":"https:\/\/wicam.com\/fr\/?s={search_term_string}"},"query-input":{"@type":"PropertyValueSpecification","valueRequired":true,"valueName":"search_term_string"}}],"inLanguage":"fr-FR"}]}},"_links":{"self":[{"href":"https:\/\/wicam.com\/fr\/wp-json\/wp\/v2\/pages\/14265","targetHints":{"allow":["GET"]}}],"collection":[{"href":"https:\/\/wicam.com\/fr\/wp-json\/wp\/v2\/pages"}],"about":[{"href":"https:\/\/wicam.com\/fr\/wp-json\/wp\/v2\/types\/page"}],"author":[{"embeddable":true,"href":"https:\/\/wicam.com\/fr\/wp-json\/wp\/v2\/users\/1"}],"replies":[{"embeddable":true,"href":"https:\/\/wicam.com\/fr\/wp-json\/wp\/v2\/comments?post=14265"}],"version-history":[{"count":0,"href":"https:\/\/wicam.com\/fr\/wp-json\/wp\/v2\/pages\/14265\/revisions"}],"up":[{"embeddable":true,"href":"https:\/\/wicam.com\/fr\/wp-json\/wp\/v2\/pages\/5720"}],"wp:attachment":[{"href":"https:\/\/wicam.com\/fr\/wp-json\/wp\/v2\/media?parent=14265"}],"curies":[{"name":"wp","href":"https:\/\/api.w.org\/{rel}","templated":true}]}}