{"id":14268,"date":"2020-02-04T16:11:55","date_gmt":"2020-02-04T15:11:55","guid":{"rendered":"https:\/\/www.wicam.com\/logiciel\/pn4000\/stanzen\/"},"modified":"2022-05-24T12:30:09","modified_gmt":"2022-05-24T10:30:09","slug":"poinconnage","status":"publish","type":"page","link":"https:\/\/wicam.com\/fr\/logiciel\/pn4000\/poinconnage\/","title":{"rendered":"Poin\u00e7onnage"},"content":{"rendered":"<p><a href=\"https:\/\/www.wicam.com\/fr\/logiciel\/pn4000\/\">retour \u00e0 la vue d&rsquo;ensemble<\/a><\/p>\n<h3>Technologie: Poin\u00e7onnage<\/h3>\n<p><a href=\"https:\/\/www.wicam.com\/wp-content\/uploads\/2018\/09\/PN4000_Technologie_Stanzen_1.png\" data-fancybox><img loading=\"lazy\" decoding=\"async\" class=\"alignright wp-image-2159\" src=\"https:\/\/www.wicam.com\/wp-content\/uploads\/2018\/09\/PN4000_Technologie_Stanzen_1-300x163.png\" alt=\"\" width=\"550\" height=\"298\" srcset=\"https:\/\/wicam.com\/wp-content\/uploads\/2018\/09\/PN4000_Technologie_Stanzen_1-300x163.png 300w, https:\/\/wicam.com\/wp-content\/uploads\/2018\/09\/PN4000_Technologie_Stanzen_1-768x416.png 768w, https:\/\/wicam.com\/wp-content\/uploads\/2018\/09\/PN4000_Technologie_Stanzen_1-1024x555.png 1024w, https:\/\/wicam.com\/wp-content\/uploads\/2018\/09\/PN4000_Technologie_Stanzen_1.png 1600w\" sizes=\"auto, (max-width: 550px) 100vw, 550px\" \/><\/a>Le module de poin\u00e7onnage <strong>PUNCHING<\/strong> automatise la programmation des machines CNC-de poin\u00e7onnage. Il offre les fonctions avec lesquelles les programmes complexes peuvent \u00eatre cr\u00e9\u00e9s beaucoup plus rapidement et plus facilement. Un processus de programmation sp\u00e9cifique se charge, en particulier, de la reconnaissance g\u00e9om\u00e9trique des outils sp\u00e9ciaux, des contours, des coupes de refendage combin\u00e9es et des cycles n\u00e9cessaires pour la gestion des manutentions d\u2019entr\u00e9e et de sortie de l\u2019entreposage.<\/p>\n<h4>Caract\u00e9ristiques<\/h4>\n<ul>\n<li>Traitement de contour automatique pour toutes les g\u00e9om\u00e9tries de pi\u00e8ces<\/li>\n<li>Destruction des surfaces pour des contours int\u00e9rieur et l\u2019ext\u00e9rieur<\/li>\n<li>Recherche automatique des outils alternatifs<\/li>\n<li>Coupes communes combin\u00e9es avec \u00e9limination automatique des pi\u00e8ces uniques \u00e0 travers la trappe ou palonnier \u00e0 ventouses de la machine<\/li>\n<li>Reconnaissance automatique des outils Multihub et sp\u00e9ciaux<\/li>\n<li>Repositionnement automatique, rotation et pivotement pour les feuilles m\u00e9talliques surdimensionn\u00e9s<\/li>\n<li>Optimisation automatique de la trajectoire de l\u2019outil<\/li>\n<li>Optimisation automatique de la s\u00e9quence des outils<\/li>\n<li>R\u00e9duction des changements d\u2019outils<\/li>\n<li>Placement automatique des marquages et \u00e9tiquettes<\/li>\n<li>Placement automatique de micro jonctions et attaches<\/li>\n<li>Les modifications manuelles dans la pi\u00e8ce unique et sur la feuille de m\u00e9tal sont possibles \u00e0 tout moment<\/li>\n<\/ul>\n","protected":false},"excerpt":{"rendered":"<p>retour \u00e0 la vue d&rsquo;ensemble Technologie: Poin\u00e7onnage Le module de poin\u00e7onnage PUNCHING automatise la programmation des machines CNC-de poin\u00e7onnage. Il offre les fonctions avec lesquelles les programmes complexes peuvent \u00eatre cr\u00e9\u00e9s beaucoup plus rapidement et plus facilement. Un processus de programmation sp\u00e9cifique se charge, en particulier, de la reconnaissance g\u00e9om\u00e9trique des outils sp\u00e9ciaux, des contours, [&hellip;]<\/p>\n","protected":false},"author":1,"featured_media":0,"parent":5720,"menu_order":0,"comment_status":"closed","ping_status":"closed","template":"page-software-single.php","meta":{"_acf_changed":false,"footnotes":""},"class_list":["post-14268","page","type-page","status-publish","hentry"],"acf":[],"yoast_head":"<!-- This site is optimized with the Yoast SEO plugin v27.2 - https:\/\/yoast.com\/product\/yoast-seo-wordpress\/ -->\n<title>Syst\u00e8me CAO\/CFAO pour votre poin\u00e7onneuse - WiCAM<\/title>\n<meta name=\"description\" content=\"Le module de poin\u00e7onnage PUNCHING automatise la programmation des machines CNC-de poin\u00e7onnage. Il offre les fonctions avec lesquelles les programmes complexes peuvent \u00eatre cr\u00e9\u00e9s beaucoup plus rapidement et plus facilement.\" \/>\n<meta name=\"robots\" content=\"index, follow, max-snippet:-1, max-image-preview:large, max-video-preview:-1\" \/>\n<link rel=\"canonical\" href=\"https:\/\/wicam.com\/fr\/logiciel\/pn4000\/poinconnage\/\" \/>\n<meta property=\"og:locale\" content=\"fr_FR\" \/>\n<meta property=\"og:type\" content=\"article\" \/>\n<meta property=\"og:title\" content=\"Syst\u00e8me CAO\/CFAO pour votre poin\u00e7onneuse - WiCAM\" \/>\n<meta property=\"og:description\" content=\"Le module de poin\u00e7onnage PUNCHING automatise la programmation des machines CNC-de poin\u00e7onnage. Il offre les fonctions avec lesquelles les programmes complexes peuvent \u00eatre cr\u00e9\u00e9s beaucoup plus rapidement et plus facilement.\" \/>\n<meta property=\"og:url\" content=\"https:\/\/wicam.com\/fr\/logiciel\/pn4000\/poinconnage\/\" \/>\n<meta property=\"og:site_name\" content=\"WiCAM\" \/>\n<meta property=\"article:modified_time\" content=\"2022-05-24T10:30:09+00:00\" \/>\n<meta property=\"og:image\" content=\"https:\/\/www.wicam.com\/wp-content\/uploads\/2018\/09\/PN4000_Technologie_Stanzen_1-300x163.png\" \/>\n<meta name=\"twitter:card\" content=\"summary_large_image\" \/>\n<meta name=\"twitter:label1\" content=\"Dur\u00e9e de lecture estim\u00e9e\" \/>\n\t<meta name=\"twitter:data1\" content=\"2 minutes\" \/>\n<script type=\"application\/ld+json\" class=\"yoast-schema-graph\">{\"@context\":\"https:\/\/schema.org\",\"@graph\":[{\"@type\":\"WebPage\",\"@id\":\"https:\/\/wicam.com\/fr\/logiciel\/pn4000\/poinconnage\/\",\"url\":\"https:\/\/wicam.com\/fr\/logiciel\/pn4000\/poinconnage\/\",\"name\":\"Syst\u00e8me CAO\/CFAO pour votre poin\u00e7onneuse - WiCAM\",\"isPartOf\":{\"@id\":\"https:\/\/wicam.com\/fr\/#website\"},\"primaryImageOfPage\":{\"@id\":\"https:\/\/wicam.com\/fr\/logiciel\/pn4000\/poinconnage\/#primaryimage\"},\"image\":{\"@id\":\"https:\/\/wicam.com\/fr\/logiciel\/pn4000\/poinconnage\/#primaryimage\"},\"thumbnailUrl\":\"https:\/\/www.wicam.com\/wp-content\/uploads\/2018\/09\/PN4000_Technologie_Stanzen_1-300x163.png\",\"datePublished\":\"2020-02-04T15:11:55+00:00\",\"dateModified\":\"2022-05-24T10:30:09+00:00\",\"description\":\"Le module de poin\u00e7onnage PUNCHING automatise la programmation des machines CNC-de poin\u00e7onnage. Il offre les fonctions avec lesquelles les programmes complexes peuvent \u00eatre cr\u00e9\u00e9s beaucoup plus rapidement et plus facilement.\",\"breadcrumb\":{\"@id\":\"https:\/\/wicam.com\/fr\/logiciel\/pn4000\/poinconnage\/#breadcrumb\"},\"inLanguage\":\"fr-FR\",\"potentialAction\":[{\"@type\":\"ReadAction\",\"target\":[\"https:\/\/wicam.com\/fr\/logiciel\/pn4000\/poinconnage\/\"]}]},{\"@type\":\"ImageObject\",\"inLanguage\":\"fr-FR\",\"@id\":\"https:\/\/wicam.com\/fr\/logiciel\/pn4000\/poinconnage\/#primaryimage\",\"url\":\"https:\/\/www.wicam.com\/wp-content\/uploads\/2018\/09\/PN4000_Technologie_Stanzen_1-300x163.png\",\"contentUrl\":\"https:\/\/www.wicam.com\/wp-content\/uploads\/2018\/09\/PN4000_Technologie_Stanzen_1-300x163.png\"},{\"@type\":\"BreadcrumbList\",\"@id\":\"https:\/\/wicam.com\/fr\/logiciel\/pn4000\/poinconnage\/#breadcrumb\",\"itemListElement\":[{\"@type\":\"ListItem\",\"position\":1,\"name\":\"Startseite\",\"item\":\"https:\/\/wicam.com\/fr\/\"},{\"@type\":\"ListItem\",\"position\":2,\"name\":\"Logiciel\",\"item\":\"https:\/\/wicam.com\/fr\/logiciel\/\"},{\"@type\":\"ListItem\",\"position\":3,\"name\":\"CAO\/CFAO System\",\"item\":\"https:\/\/wicam.com\/fr\/logiciel\/pn4000\/\"},{\"@type\":\"ListItem\",\"position\":4,\"name\":\"Poin\u00e7onnage\"}]},{\"@type\":\"WebSite\",\"@id\":\"https:\/\/wicam.com\/fr\/#website\",\"url\":\"https:\/\/wicam.com\/fr\/\",\"name\":\"WiCAM\",\"description\":\"Technische Software\",\"potentialAction\":[{\"@type\":\"SearchAction\",\"target\":{\"@type\":\"EntryPoint\",\"urlTemplate\":\"https:\/\/wicam.com\/fr\/?s={search_term_string}\"},\"query-input\":{\"@type\":\"PropertyValueSpecification\",\"valueRequired\":true,\"valueName\":\"search_term_string\"}}],\"inLanguage\":\"fr-FR\"}]}<\/script>\n<!-- \/ Yoast SEO plugin. -->","yoast_head_json":{"title":"Syst\u00e8me CAO\/CFAO pour votre poin\u00e7onneuse - WiCAM","description":"Le module de poin\u00e7onnage PUNCHING automatise la programmation des machines CNC-de poin\u00e7onnage. Il offre les fonctions avec lesquelles les programmes complexes peuvent \u00eatre cr\u00e9\u00e9s beaucoup plus rapidement et plus facilement.","robots":{"index":"index","follow":"follow","max-snippet":"max-snippet:-1","max-image-preview":"max-image-preview:large","max-video-preview":"max-video-preview:-1"},"canonical":"https:\/\/wicam.com\/fr\/logiciel\/pn4000\/poinconnage\/","og_locale":"fr_FR","og_type":"article","og_title":"Syst\u00e8me CAO\/CFAO pour votre poin\u00e7onneuse - WiCAM","og_description":"Le module de poin\u00e7onnage PUNCHING automatise la programmation des machines CNC-de poin\u00e7onnage. Il offre les fonctions avec lesquelles les programmes complexes peuvent \u00eatre cr\u00e9\u00e9s beaucoup plus rapidement et plus facilement.","og_url":"https:\/\/wicam.com\/fr\/logiciel\/pn4000\/poinconnage\/","og_site_name":"WiCAM","article_modified_time":"2022-05-24T10:30:09+00:00","og_image":[{"url":"https:\/\/www.wicam.com\/wp-content\/uploads\/2018\/09\/PN4000_Technologie_Stanzen_1-300x163.png","type":"","width":"","height":""}],"twitter_card":"summary_large_image","twitter_misc":{"Dur\u00e9e de lecture estim\u00e9e":"2 minutes"},"schema":{"@context":"https:\/\/schema.org","@graph":[{"@type":"WebPage","@id":"https:\/\/wicam.com\/fr\/logiciel\/pn4000\/poinconnage\/","url":"https:\/\/wicam.com\/fr\/logiciel\/pn4000\/poinconnage\/","name":"Syst\u00e8me CAO\/CFAO pour votre poin\u00e7onneuse - WiCAM","isPartOf":{"@id":"https:\/\/wicam.com\/fr\/#website"},"primaryImageOfPage":{"@id":"https:\/\/wicam.com\/fr\/logiciel\/pn4000\/poinconnage\/#primaryimage"},"image":{"@id":"https:\/\/wicam.com\/fr\/logiciel\/pn4000\/poinconnage\/#primaryimage"},"thumbnailUrl":"https:\/\/www.wicam.com\/wp-content\/uploads\/2018\/09\/PN4000_Technologie_Stanzen_1-300x163.png","datePublished":"2020-02-04T15:11:55+00:00","dateModified":"2022-05-24T10:30:09+00:00","description":"Le module de poin\u00e7onnage PUNCHING automatise la programmation des machines CNC-de poin\u00e7onnage. Il offre les fonctions avec lesquelles les programmes complexes peuvent \u00eatre cr\u00e9\u00e9s beaucoup plus rapidement et plus facilement.","breadcrumb":{"@id":"https:\/\/wicam.com\/fr\/logiciel\/pn4000\/poinconnage\/#breadcrumb"},"inLanguage":"fr-FR","potentialAction":[{"@type":"ReadAction","target":["https:\/\/wicam.com\/fr\/logiciel\/pn4000\/poinconnage\/"]}]},{"@type":"ImageObject","inLanguage":"fr-FR","@id":"https:\/\/wicam.com\/fr\/logiciel\/pn4000\/poinconnage\/#primaryimage","url":"https:\/\/www.wicam.com\/wp-content\/uploads\/2018\/09\/PN4000_Technologie_Stanzen_1-300x163.png","contentUrl":"https:\/\/www.wicam.com\/wp-content\/uploads\/2018\/09\/PN4000_Technologie_Stanzen_1-300x163.png"},{"@type":"BreadcrumbList","@id":"https:\/\/wicam.com\/fr\/logiciel\/pn4000\/poinconnage\/#breadcrumb","itemListElement":[{"@type":"ListItem","position":1,"name":"Startseite","item":"https:\/\/wicam.com\/fr\/"},{"@type":"ListItem","position":2,"name":"Logiciel","item":"https:\/\/wicam.com\/fr\/logiciel\/"},{"@type":"ListItem","position":3,"name":"CAO\/CFAO System","item":"https:\/\/wicam.com\/fr\/logiciel\/pn4000\/"},{"@type":"ListItem","position":4,"name":"Poin\u00e7onnage"}]},{"@type":"WebSite","@id":"https:\/\/wicam.com\/fr\/#website","url":"https:\/\/wicam.com\/fr\/","name":"WiCAM","description":"Technische Software","potentialAction":[{"@type":"SearchAction","target":{"@type":"EntryPoint","urlTemplate":"https:\/\/wicam.com\/fr\/?s={search_term_string}"},"query-input":{"@type":"PropertyValueSpecification","valueRequired":true,"valueName":"search_term_string"}}],"inLanguage":"fr-FR"}]}},"_links":{"self":[{"href":"https:\/\/wicam.com\/fr\/wp-json\/wp\/v2\/pages\/14268","targetHints":{"allow":["GET"]}}],"collection":[{"href":"https:\/\/wicam.com\/fr\/wp-json\/wp\/v2\/pages"}],"about":[{"href":"https:\/\/wicam.com\/fr\/wp-json\/wp\/v2\/types\/page"}],"author":[{"embeddable":true,"href":"https:\/\/wicam.com\/fr\/wp-json\/wp\/v2\/users\/1"}],"replies":[{"embeddable":true,"href":"https:\/\/wicam.com\/fr\/wp-json\/wp\/v2\/comments?post=14268"}],"version-history":[{"count":0,"href":"https:\/\/wicam.com\/fr\/wp-json\/wp\/v2\/pages\/14268\/revisions"}],"up":[{"embeddable":true,"href":"https:\/\/wicam.com\/fr\/wp-json\/wp\/v2\/pages\/5720"}],"wp:attachment":[{"href":"https:\/\/wicam.com\/fr\/wp-json\/wp\/v2\/media?parent=14268"}],"curies":[{"name":"wp","href":"https:\/\/api.w.org\/{rel}","templated":true}]}}