{"id":14271,"date":"2020-02-04T16:12:24","date_gmt":"2020-02-04T15:12:24","guid":{"rendered":"https:\/\/www.wicam.com\/logiciel\/pn4000\/stanz-laser-kombi\/"},"modified":"2020-12-01T22:18:58","modified_gmt":"2020-12-01T21:18:58","slug":"poinconnage-laser-combine","status":"publish","type":"page","link":"https:\/\/wicam.com\/fr\/logiciel\/pn4000\/poinconnage-laser-combine\/","title":{"rendered":"Poinconnage-laser combin\u00e9"},"content":{"rendered":"<p><a href=\"https:\/\/www.wicam.com\/fr\/logiciel\/pn4000\/\">retour \u00e0 la vue d&rsquo;ensemble<\/a><\/p>\n<h3>Technologie: Poinconnage-laser combin\u00e9<\/h3>\n<p><a href=\"https:\/\/www.wicam.com\/wp-content\/uploads\/2018\/09\/PN4000_Technologie_StanzLaserKombi_coloured.png\" data-fancybox><img loading=\"lazy\" decoding=\"async\" class=\"alignright wp-image-2161 size-medium\" src=\"https:\/\/www.wicam.com\/wp-content\/uploads\/2018\/09\/PN4000_Technologie_StanzLaserKombi_coloured-300x163.png\" alt=\"\" width=\"300\" height=\"163\" srcset=\"https:\/\/wicam.com\/wp-content\/uploads\/2018\/09\/PN4000_Technologie_StanzLaserKombi_coloured-300x163.png 300w, https:\/\/wicam.com\/wp-content\/uploads\/2018\/09\/PN4000_Technologie_StanzLaserKombi_coloured-768x416.png 768w, https:\/\/wicam.com\/wp-content\/uploads\/2018\/09\/PN4000_Technologie_StanzLaserKombi_coloured-1024x555.png 1024w, https:\/\/wicam.com\/wp-content\/uploads\/2018\/09\/PN4000_Technologie_StanzLaserKombi_coloured.png 1600w\" sizes=\"auto, (max-width: 300px) 100vw, 300px\" \/><\/a>Le module de d\u00e9coupe <strong>LASER Combi<\/strong> g\u00e9n\u00e8re automatiquement les programmes de machines combin\u00e9es punch-laser. Dans le processus, les avantages de laser et poin\u00e7onnage seront identifi\u00e9s et trait\u00e9s. Il offre des fonctionnalit\u00e9s avec laquelle les programmes complexes peuvent \u00eatre cr\u00e9\u00e9s beaucoup plus rapide et plus facile. Tous les processus de programmation sp\u00e9cifiques sont \u00e9galement pris en charge, en particulier dans la voie de la reconnaissance sp\u00e9ciale de l\u2019outil, l\u2019\u00e9vitement des collisions, des coupes communes et les cycles de chargement et de d\u00e9chargement n\u00e9cessaires.<\/p>\n<h4>Caract\u00e9ristiques<\/h4>\n<ul>\n<li>Choix automatique de la technologie optimale<\/li>\n<li>Contour automatique d\u2019amorce d\u2019entr\u00e9e et de sortie avec contr\u00f4le de collision<\/li>\n<li>Reconnaissance automatique des diff\u00e9rents types de contour et des types d\u2019amorce<\/li>\n<li>Traitement automatique des contours pour toutes les g\u00e9om\u00e9tries de pi\u00e8ces<\/li>\n<li>Destruction de surfaces pour toutes les contours int\u00e9rieur et l\u2019ext\u00e9rieur<\/li>\n<li>Recherche automatique des outils alternatifs<\/li>\n<li>Coupes communes avec \u00e9limination automatique des pi\u00e8ces uniques \u00e0 travers la trappe ou l\u2019ascenseur de la machine<\/li>\n<li>Reconnaissance automatique des outils multi-hub et outils sp\u00e9ciaux<\/li>\n<li>Repositionnement automatique, rotation et pivotement pour les feuilles m\u00e9talliques surdimensionn\u00e9s<\/li>\n<li>Optimisation automatique des trajectoires d\u2019outils<\/li>\n<li>Optimisation automatique de la s\u00e9quence des outils<\/li>\n<li>Minimisation des changements d\u2019outils<\/li>\n<li>Placement automatique de la gravure et les \u00e9tiquettes<\/li>\n<li>Placement automatique de bandes<\/li>\n<li>Les modifications manuelles dans la pi\u00e8ce unique et sur la feuille de m\u00e9tal restent possibles \u00e0 tout moment<\/li>\n<\/ul>\n","protected":false},"excerpt":{"rendered":"<p>retour \u00e0 la vue d&rsquo;ensemble Technologie: Poinconnage-laser combin\u00e9 Le module de d\u00e9coupe LASER Combi g\u00e9n\u00e8re automatiquement les programmes de machines combin\u00e9es punch-laser. Dans le processus, les avantages de laser et poin\u00e7onnage seront identifi\u00e9s et trait\u00e9s. Il offre des fonctionnalit\u00e9s avec laquelle les programmes complexes peuvent \u00eatre cr\u00e9\u00e9s beaucoup plus rapide et plus facile. Tous les [&hellip;]<\/p>\n","protected":false},"author":1,"featured_media":0,"parent":5720,"menu_order":0,"comment_status":"closed","ping_status":"closed","template":"page-software-single.php","meta":{"_acf_changed":false,"footnotes":""},"class_list":["post-14271","page","type-page","status-publish","hentry"],"acf":[],"yoast_head":"<!-- This site is optimized with the Yoast SEO plugin v27.4 - https:\/\/yoast.com\/product\/yoast-seo-wordpress\/ -->\n<title>Syst\u00e8me CAO\/CFAO pour votre machine combin\u00e9e poin\u00e7on-laser - WiCAM<\/title>\n<meta name=\"description\" content=\"Le module de d\u00e9coupe LASER Combi g\u00e9n\u00e8re automatiquement les programmes de machines combin\u00e9es punch-laser. Dans le processus, les avantages de laser et poin\u00e7onnage seront identifi\u00e9s et trait\u00e9s.\" \/>\n<meta name=\"robots\" content=\"index, follow, max-snippet:-1, max-image-preview:large, max-video-preview:-1\" \/>\n<link rel=\"canonical\" href=\"https:\/\/wicam.com\/fr\/logiciel\/pn4000\/poinconnage-laser-combine\/\" \/>\n<meta property=\"og:locale\" content=\"fr_FR\" \/>\n<meta property=\"og:type\" content=\"article\" \/>\n<meta property=\"og:title\" content=\"Syst\u00e8me CAO\/CFAO pour votre machine combin\u00e9e poin\u00e7on-laser - WiCAM\" \/>\n<meta property=\"og:description\" content=\"Le module de d\u00e9coupe LASER Combi g\u00e9n\u00e8re automatiquement les programmes de machines combin\u00e9es punch-laser. Dans le processus, les avantages de laser et poin\u00e7onnage seront identifi\u00e9s et trait\u00e9s.\" \/>\n<meta property=\"og:url\" content=\"https:\/\/wicam.com\/fr\/logiciel\/pn4000\/poinconnage-laser-combine\/\" \/>\n<meta property=\"og:site_name\" content=\"WiCAM\" \/>\n<meta property=\"article:modified_time\" content=\"2020-12-01T21:18:58+00:00\" \/>\n<meta property=\"og:image\" content=\"https:\/\/www.wicam.com\/wp-content\/uploads\/2018\/09\/PN4000_Technologie_StanzLaserKombi_coloured-300x163.png\" \/>\n<meta name=\"twitter:card\" content=\"summary_large_image\" \/>\n<meta name=\"twitter:label1\" content=\"Dur\u00e9e de lecture estim\u00e9e\" \/>\n\t<meta name=\"twitter:data1\" content=\"1 minute\" \/>\n<script type=\"application\/ld+json\" class=\"yoast-schema-graph\">{\"@context\":\"https:\\\/\\\/schema.org\",\"@graph\":[{\"@type\":\"WebPage\",\"@id\":\"https:\\\/\\\/wicam.com\\\/fr\\\/logiciel\\\/pn4000\\\/poinconnage-laser-combine\\\/\",\"url\":\"https:\\\/\\\/wicam.com\\\/fr\\\/logiciel\\\/pn4000\\\/poinconnage-laser-combine\\\/\",\"name\":\"Syst\u00e8me CAO\\\/CFAO pour votre machine combin\u00e9e poin\u00e7on-laser - WiCAM\",\"isPartOf\":{\"@id\":\"https:\\\/\\\/wicam.com\\\/fr\\\/#website\"},\"primaryImageOfPage\":{\"@id\":\"https:\\\/\\\/wicam.com\\\/fr\\\/logiciel\\\/pn4000\\\/poinconnage-laser-combine\\\/#primaryimage\"},\"image\":{\"@id\":\"https:\\\/\\\/wicam.com\\\/fr\\\/logiciel\\\/pn4000\\\/poinconnage-laser-combine\\\/#primaryimage\"},\"thumbnailUrl\":\"https:\\\/\\\/www.wicam.com\\\/wp-content\\\/uploads\\\/2018\\\/09\\\/PN4000_Technologie_StanzLaserKombi_coloured-300x163.png\",\"datePublished\":\"2020-02-04T15:12:24+00:00\",\"dateModified\":\"2020-12-01T21:18:58+00:00\",\"description\":\"Le module de d\u00e9coupe LASER Combi g\u00e9n\u00e8re automatiquement les programmes de machines combin\u00e9es punch-laser. Dans le processus, les avantages de laser et poin\u00e7onnage seront identifi\u00e9s et trait\u00e9s.\",\"breadcrumb\":{\"@id\":\"https:\\\/\\\/wicam.com\\\/fr\\\/logiciel\\\/pn4000\\\/poinconnage-laser-combine\\\/#breadcrumb\"},\"inLanguage\":\"fr-FR\",\"potentialAction\":[{\"@type\":\"ReadAction\",\"target\":[\"https:\\\/\\\/wicam.com\\\/fr\\\/logiciel\\\/pn4000\\\/poinconnage-laser-combine\\\/\"]}]},{\"@type\":\"ImageObject\",\"inLanguage\":\"fr-FR\",\"@id\":\"https:\\\/\\\/wicam.com\\\/fr\\\/logiciel\\\/pn4000\\\/poinconnage-laser-combine\\\/#primaryimage\",\"url\":\"https:\\\/\\\/www.wicam.com\\\/wp-content\\\/uploads\\\/2018\\\/09\\\/PN4000_Technologie_StanzLaserKombi_coloured-300x163.png\",\"contentUrl\":\"https:\\\/\\\/www.wicam.com\\\/wp-content\\\/uploads\\\/2018\\\/09\\\/PN4000_Technologie_StanzLaserKombi_coloured-300x163.png\"},{\"@type\":\"BreadcrumbList\",\"@id\":\"https:\\\/\\\/wicam.com\\\/fr\\\/logiciel\\\/pn4000\\\/poinconnage-laser-combine\\\/#breadcrumb\",\"itemListElement\":[{\"@type\":\"ListItem\",\"position\":1,\"name\":\"Startseite\",\"item\":\"https:\\\/\\\/wicam.com\\\/fr\\\/\"},{\"@type\":\"ListItem\",\"position\":2,\"name\":\"Logiciel\",\"item\":\"https:\\\/\\\/wicam.com\\\/fr\\\/logiciel\\\/\"},{\"@type\":\"ListItem\",\"position\":3,\"name\":\"CAO\\\/CFAO System\",\"item\":\"https:\\\/\\\/wicam.com\\\/fr\\\/logiciel\\\/pn4000\\\/\"},{\"@type\":\"ListItem\",\"position\":4,\"name\":\"Poinconnage-laser combin\u00e9\"}]},{\"@type\":\"WebSite\",\"@id\":\"https:\\\/\\\/wicam.com\\\/fr\\\/#website\",\"url\":\"https:\\\/\\\/wicam.com\\\/fr\\\/\",\"name\":\"WiCAM\",\"description\":\"Technische Software\",\"potentialAction\":[{\"@type\":\"SearchAction\",\"target\":{\"@type\":\"EntryPoint\",\"urlTemplate\":\"https:\\\/\\\/wicam.com\\\/fr\\\/?s={search_term_string}\"},\"query-input\":{\"@type\":\"PropertyValueSpecification\",\"valueRequired\":true,\"valueName\":\"search_term_string\"}}],\"inLanguage\":\"fr-FR\"}]}<\/script>\n<!-- \/ Yoast SEO plugin. -->","yoast_head_json":{"title":"Syst\u00e8me CAO\/CFAO pour votre machine combin\u00e9e poin\u00e7on-laser - WiCAM","description":"Le module de d\u00e9coupe LASER Combi g\u00e9n\u00e8re automatiquement les programmes de machines combin\u00e9es punch-laser. Dans le processus, les avantages de laser et poin\u00e7onnage seront identifi\u00e9s et trait\u00e9s.","robots":{"index":"index","follow":"follow","max-snippet":"max-snippet:-1","max-image-preview":"max-image-preview:large","max-video-preview":"max-video-preview:-1"},"canonical":"https:\/\/wicam.com\/fr\/logiciel\/pn4000\/poinconnage-laser-combine\/","og_locale":"fr_FR","og_type":"article","og_title":"Syst\u00e8me CAO\/CFAO pour votre machine combin\u00e9e poin\u00e7on-laser - WiCAM","og_description":"Le module de d\u00e9coupe LASER Combi g\u00e9n\u00e8re automatiquement les programmes de machines combin\u00e9es punch-laser. Dans le processus, les avantages de laser et poin\u00e7onnage seront identifi\u00e9s et trait\u00e9s.","og_url":"https:\/\/wicam.com\/fr\/logiciel\/pn4000\/poinconnage-laser-combine\/","og_site_name":"WiCAM","article_modified_time":"2020-12-01T21:18:58+00:00","og_image":[{"url":"https:\/\/www.wicam.com\/wp-content\/uploads\/2018\/09\/PN4000_Technologie_StanzLaserKombi_coloured-300x163.png","type":"","width":"","height":""}],"twitter_card":"summary_large_image","twitter_misc":{"Dur\u00e9e de lecture estim\u00e9e":"1 minute"},"schema":{"@context":"https:\/\/schema.org","@graph":[{"@type":"WebPage","@id":"https:\/\/wicam.com\/fr\/logiciel\/pn4000\/poinconnage-laser-combine\/","url":"https:\/\/wicam.com\/fr\/logiciel\/pn4000\/poinconnage-laser-combine\/","name":"Syst\u00e8me CAO\/CFAO pour votre machine combin\u00e9e poin\u00e7on-laser - WiCAM","isPartOf":{"@id":"https:\/\/wicam.com\/fr\/#website"},"primaryImageOfPage":{"@id":"https:\/\/wicam.com\/fr\/logiciel\/pn4000\/poinconnage-laser-combine\/#primaryimage"},"image":{"@id":"https:\/\/wicam.com\/fr\/logiciel\/pn4000\/poinconnage-laser-combine\/#primaryimage"},"thumbnailUrl":"https:\/\/www.wicam.com\/wp-content\/uploads\/2018\/09\/PN4000_Technologie_StanzLaserKombi_coloured-300x163.png","datePublished":"2020-02-04T15:12:24+00:00","dateModified":"2020-12-01T21:18:58+00:00","description":"Le module de d\u00e9coupe LASER Combi g\u00e9n\u00e8re automatiquement les programmes de machines combin\u00e9es punch-laser. Dans le processus, les avantages de laser et poin\u00e7onnage seront identifi\u00e9s et trait\u00e9s.","breadcrumb":{"@id":"https:\/\/wicam.com\/fr\/logiciel\/pn4000\/poinconnage-laser-combine\/#breadcrumb"},"inLanguage":"fr-FR","potentialAction":[{"@type":"ReadAction","target":["https:\/\/wicam.com\/fr\/logiciel\/pn4000\/poinconnage-laser-combine\/"]}]},{"@type":"ImageObject","inLanguage":"fr-FR","@id":"https:\/\/wicam.com\/fr\/logiciel\/pn4000\/poinconnage-laser-combine\/#primaryimage","url":"https:\/\/www.wicam.com\/wp-content\/uploads\/2018\/09\/PN4000_Technologie_StanzLaserKombi_coloured-300x163.png","contentUrl":"https:\/\/www.wicam.com\/wp-content\/uploads\/2018\/09\/PN4000_Technologie_StanzLaserKombi_coloured-300x163.png"},{"@type":"BreadcrumbList","@id":"https:\/\/wicam.com\/fr\/logiciel\/pn4000\/poinconnage-laser-combine\/#breadcrumb","itemListElement":[{"@type":"ListItem","position":1,"name":"Startseite","item":"https:\/\/wicam.com\/fr\/"},{"@type":"ListItem","position":2,"name":"Logiciel","item":"https:\/\/wicam.com\/fr\/logiciel\/"},{"@type":"ListItem","position":3,"name":"CAO\/CFAO System","item":"https:\/\/wicam.com\/fr\/logiciel\/pn4000\/"},{"@type":"ListItem","position":4,"name":"Poinconnage-laser combin\u00e9"}]},{"@type":"WebSite","@id":"https:\/\/wicam.com\/fr\/#website","url":"https:\/\/wicam.com\/fr\/","name":"WiCAM","description":"Technische Software","potentialAction":[{"@type":"SearchAction","target":{"@type":"EntryPoint","urlTemplate":"https:\/\/wicam.com\/fr\/?s={search_term_string}"},"query-input":{"@type":"PropertyValueSpecification","valueRequired":true,"valueName":"search_term_string"}}],"inLanguage":"fr-FR"}]}},"_links":{"self":[{"href":"https:\/\/wicam.com\/fr\/wp-json\/wp\/v2\/pages\/14271","targetHints":{"allow":["GET"]}}],"collection":[{"href":"https:\/\/wicam.com\/fr\/wp-json\/wp\/v2\/pages"}],"about":[{"href":"https:\/\/wicam.com\/fr\/wp-json\/wp\/v2\/types\/page"}],"author":[{"embeddable":true,"href":"https:\/\/wicam.com\/fr\/wp-json\/wp\/v2\/users\/1"}],"replies":[{"embeddable":true,"href":"https:\/\/wicam.com\/fr\/wp-json\/wp\/v2\/comments?post=14271"}],"version-history":[{"count":0,"href":"https:\/\/wicam.com\/fr\/wp-json\/wp\/v2\/pages\/14271\/revisions"}],"up":[{"embeddable":true,"href":"https:\/\/wicam.com\/fr\/wp-json\/wp\/v2\/pages\/5720"}],"wp:attachment":[{"href":"https:\/\/wicam.com\/fr\/wp-json\/wp\/v2\/media?parent=14271"}],"curies":[{"name":"wp","href":"https:\/\/api.w.org\/{rel}","templated":true}]}}