{"id":14274,"date":"2020-02-04T16:12:49","date_gmt":"2020-02-04T15:12:49","guid":{"rendered":"https:\/\/www.wicam.com\/logiciel\/pn4000\/scheren\/"},"modified":"2020-12-01T22:21:45","modified_gmt":"2020-12-01T21:21:45","slug":"cisaillage","status":"publish","type":"page","link":"https:\/\/wicam.com\/fr\/logiciel\/pn4000\/cisaillage\/","title":{"rendered":"Cisaillage"},"content":{"rendered":"<p><a href=\"https:\/\/www.wicam.com\/fr\/logiciel\/pn4000\/\">retour \u00e0 la vue d&rsquo;ensemble<\/a><\/p>\n<h3>Technologie: Cisaillage<\/h3>\n<p><a href=\"https:\/\/www.wicam.com\/wp-content\/uploads\/2018\/09\/PN4000_Technologie_Schere_2.png\" data-fancybox><img loading=\"lazy\" decoding=\"async\" class=\"alignright wp-image-2162 size-medium\" src=\"https:\/\/www.wicam.com\/wp-content\/uploads\/2018\/09\/PN4000_Technologie_Schere_2-300x163.png\" alt=\"\" width=\"300\" height=\"163\" srcset=\"https:\/\/wicam.com\/wp-content\/uploads\/2018\/09\/PN4000_Technologie_Schere_2-300x163.png 300w, https:\/\/wicam.com\/wp-content\/uploads\/2018\/09\/PN4000_Technologie_Schere_2-768x416.png 768w, https:\/\/wicam.com\/wp-content\/uploads\/2018\/09\/PN4000_Technologie_Schere_2-1024x555.png 1024w, https:\/\/wicam.com\/wp-content\/uploads\/2018\/09\/PN4000_Technologie_Schere_2.png 1600w\" sizes=\"auto, (max-width: 300px) 100vw, 300px\" \/><\/a>Le module de cisaillage (<strong>Shear<\/strong>) cr\u00e9\u00e9 automatiquement le processus et l\u2019optimisation pour toutes les combinaisons de poin\u00e7onneuses-cisailles.<\/p>\n<h4>Fonctions<\/h4>\n<ul>\n<li>Support automatiques de combinations de poin\u00e7onneuses-cisailles<\/li>\n<li>Support automatiques de l\u2019imbrication automatique pour les cisaille en angle rectangulaire<\/li>\n<li>Strat\u00e9gie de s\u00e9paration automatique<\/li>\n<li>Repositionnement automatique avec pieds de biche ou ciseau<\/li>\n<li>Suppression automatique des d\u00e9chets ou de bandes repositionnement<\/li>\n<li>Contr\u00f4le automatique de pinces simples<\/li>\n<li>Prise en compte des zones de cisaillement minimales<\/li>\n<li>Calcul automatique des adresses de partie de triage<\/li>\n<li>D\u00e9termination automatique de la s\u00e9quence de poin\u00e7onnage \/ cisaillage<\/li>\n<\/ul>\n","protected":false},"excerpt":{"rendered":"<p>retour \u00e0 la vue d&rsquo;ensemble Technologie: Cisaillage Le module de cisaillage (Shear) cr\u00e9\u00e9 automatiquement le processus et l\u2019optimisation pour toutes les combinaisons de poin\u00e7onneuses-cisailles. Fonctions Support automatiques de combinations de poin\u00e7onneuses-cisailles Support automatiques de l\u2019imbrication automatique pour les cisaille en angle rectangulaire Strat\u00e9gie de s\u00e9paration automatique Repositionnement automatique avec pieds de biche ou ciseau Suppression [&hellip;]<\/p>\n","protected":false},"author":1,"featured_media":0,"parent":5720,"menu_order":0,"comment_status":"closed","ping_status":"closed","template":"page-software-single.php","meta":{"_acf_changed":false,"footnotes":""},"class_list":["post-14274","page","type-page","status-publish","hentry"],"acf":[],"yoast_head":"<!-- This site is optimized with the Yoast SEO plugin v27.2 - https:\/\/yoast.com\/product\/yoast-seo-wordpress\/ -->\n<title>Syst\u00e8me CAO\/CFAO pour votre machine \u00e0 cisailler - WiCAM<\/title>\n<meta name=\"description\" content=\"Le module de cisaillage (Shear) cr\u00e9\u00e9 automatiquement le processus et l\u2019optimisation pour toutes les combinaisons de poin\u00e7onneuses-cisailles.\" \/>\n<meta name=\"robots\" content=\"index, follow, max-snippet:-1, max-image-preview:large, max-video-preview:-1\" \/>\n<link rel=\"canonical\" href=\"https:\/\/wicam.com\/fr\/logiciel\/pn4000\/cisaillage\/\" \/>\n<meta property=\"og:locale\" content=\"fr_FR\" \/>\n<meta property=\"og:type\" content=\"article\" \/>\n<meta property=\"og:title\" content=\"Syst\u00e8me CAO\/CFAO pour votre machine \u00e0 cisailler - WiCAM\" \/>\n<meta property=\"og:description\" content=\"Le module de cisaillage (Shear) cr\u00e9\u00e9 automatiquement le processus et l\u2019optimisation pour toutes les combinaisons de poin\u00e7onneuses-cisailles.\" \/>\n<meta property=\"og:url\" content=\"https:\/\/wicam.com\/fr\/logiciel\/pn4000\/cisaillage\/\" \/>\n<meta property=\"og:site_name\" content=\"WiCAM\" \/>\n<meta property=\"article:modified_time\" content=\"2020-12-01T21:21:45+00:00\" \/>\n<meta property=\"og:image\" content=\"https:\/\/www.wicam.com\/wp-content\/uploads\/2018\/09\/PN4000_Technologie_Schere_2-300x163.png\" \/>\n<meta name=\"twitter:card\" content=\"summary_large_image\" \/>\n<meta name=\"twitter:label1\" content=\"Dur\u00e9e de lecture estim\u00e9e\" \/>\n\t<meta name=\"twitter:data1\" content=\"1 minute\" \/>\n<script type=\"application\/ld+json\" class=\"yoast-schema-graph\">{\"@context\":\"https:\/\/schema.org\",\"@graph\":[{\"@type\":\"WebPage\",\"@id\":\"https:\/\/wicam.com\/fr\/logiciel\/pn4000\/cisaillage\/\",\"url\":\"https:\/\/wicam.com\/fr\/logiciel\/pn4000\/cisaillage\/\",\"name\":\"Syst\u00e8me CAO\/CFAO pour votre machine \u00e0 cisailler - WiCAM\",\"isPartOf\":{\"@id\":\"https:\/\/wicam.com\/fr\/#website\"},\"primaryImageOfPage\":{\"@id\":\"https:\/\/wicam.com\/fr\/logiciel\/pn4000\/cisaillage\/#primaryimage\"},\"image\":{\"@id\":\"https:\/\/wicam.com\/fr\/logiciel\/pn4000\/cisaillage\/#primaryimage\"},\"thumbnailUrl\":\"https:\/\/www.wicam.com\/wp-content\/uploads\/2018\/09\/PN4000_Technologie_Schere_2-300x163.png\",\"datePublished\":\"2020-02-04T15:12:49+00:00\",\"dateModified\":\"2020-12-01T21:21:45+00:00\",\"description\":\"Le module de cisaillage (Shear) cr\u00e9\u00e9 automatiquement le processus et l\u2019optimisation pour toutes les combinaisons de poin\u00e7onneuses-cisailles.\",\"breadcrumb\":{\"@id\":\"https:\/\/wicam.com\/fr\/logiciel\/pn4000\/cisaillage\/#breadcrumb\"},\"inLanguage\":\"fr-FR\",\"potentialAction\":[{\"@type\":\"ReadAction\",\"target\":[\"https:\/\/wicam.com\/fr\/logiciel\/pn4000\/cisaillage\/\"]}]},{\"@type\":\"ImageObject\",\"inLanguage\":\"fr-FR\",\"@id\":\"https:\/\/wicam.com\/fr\/logiciel\/pn4000\/cisaillage\/#primaryimage\",\"url\":\"https:\/\/www.wicam.com\/wp-content\/uploads\/2018\/09\/PN4000_Technologie_Schere_2-300x163.png\",\"contentUrl\":\"https:\/\/www.wicam.com\/wp-content\/uploads\/2018\/09\/PN4000_Technologie_Schere_2-300x163.png\"},{\"@type\":\"BreadcrumbList\",\"@id\":\"https:\/\/wicam.com\/fr\/logiciel\/pn4000\/cisaillage\/#breadcrumb\",\"itemListElement\":[{\"@type\":\"ListItem\",\"position\":1,\"name\":\"Startseite\",\"item\":\"https:\/\/wicam.com\/fr\/\"},{\"@type\":\"ListItem\",\"position\":2,\"name\":\"Logiciel\",\"item\":\"https:\/\/wicam.com\/fr\/logiciel\/\"},{\"@type\":\"ListItem\",\"position\":3,\"name\":\"CAO\/CFAO System\",\"item\":\"https:\/\/wicam.com\/fr\/logiciel\/pn4000\/\"},{\"@type\":\"ListItem\",\"position\":4,\"name\":\"Cisaillage\"}]},{\"@type\":\"WebSite\",\"@id\":\"https:\/\/wicam.com\/fr\/#website\",\"url\":\"https:\/\/wicam.com\/fr\/\",\"name\":\"WiCAM\",\"description\":\"Technische Software\",\"potentialAction\":[{\"@type\":\"SearchAction\",\"target\":{\"@type\":\"EntryPoint\",\"urlTemplate\":\"https:\/\/wicam.com\/fr\/?s={search_term_string}\"},\"query-input\":{\"@type\":\"PropertyValueSpecification\",\"valueRequired\":true,\"valueName\":\"search_term_string\"}}],\"inLanguage\":\"fr-FR\"}]}<\/script>\n<!-- \/ Yoast SEO plugin. -->","yoast_head_json":{"title":"Syst\u00e8me CAO\/CFAO pour votre machine \u00e0 cisailler - WiCAM","description":"Le module de cisaillage (Shear) cr\u00e9\u00e9 automatiquement le processus et l\u2019optimisation pour toutes les combinaisons de poin\u00e7onneuses-cisailles.","robots":{"index":"index","follow":"follow","max-snippet":"max-snippet:-1","max-image-preview":"max-image-preview:large","max-video-preview":"max-video-preview:-1"},"canonical":"https:\/\/wicam.com\/fr\/logiciel\/pn4000\/cisaillage\/","og_locale":"fr_FR","og_type":"article","og_title":"Syst\u00e8me CAO\/CFAO pour votre machine \u00e0 cisailler - WiCAM","og_description":"Le module de cisaillage (Shear) cr\u00e9\u00e9 automatiquement le processus et l\u2019optimisation pour toutes les combinaisons de poin\u00e7onneuses-cisailles.","og_url":"https:\/\/wicam.com\/fr\/logiciel\/pn4000\/cisaillage\/","og_site_name":"WiCAM","article_modified_time":"2020-12-01T21:21:45+00:00","og_image":[{"url":"https:\/\/www.wicam.com\/wp-content\/uploads\/2018\/09\/PN4000_Technologie_Schere_2-300x163.png","type":"","width":"","height":""}],"twitter_card":"summary_large_image","twitter_misc":{"Dur\u00e9e de lecture estim\u00e9e":"1 minute"},"schema":{"@context":"https:\/\/schema.org","@graph":[{"@type":"WebPage","@id":"https:\/\/wicam.com\/fr\/logiciel\/pn4000\/cisaillage\/","url":"https:\/\/wicam.com\/fr\/logiciel\/pn4000\/cisaillage\/","name":"Syst\u00e8me CAO\/CFAO pour votre machine \u00e0 cisailler - WiCAM","isPartOf":{"@id":"https:\/\/wicam.com\/fr\/#website"},"primaryImageOfPage":{"@id":"https:\/\/wicam.com\/fr\/logiciel\/pn4000\/cisaillage\/#primaryimage"},"image":{"@id":"https:\/\/wicam.com\/fr\/logiciel\/pn4000\/cisaillage\/#primaryimage"},"thumbnailUrl":"https:\/\/www.wicam.com\/wp-content\/uploads\/2018\/09\/PN4000_Technologie_Schere_2-300x163.png","datePublished":"2020-02-04T15:12:49+00:00","dateModified":"2020-12-01T21:21:45+00:00","description":"Le module de cisaillage (Shear) cr\u00e9\u00e9 automatiquement le processus et l\u2019optimisation pour toutes les combinaisons de poin\u00e7onneuses-cisailles.","breadcrumb":{"@id":"https:\/\/wicam.com\/fr\/logiciel\/pn4000\/cisaillage\/#breadcrumb"},"inLanguage":"fr-FR","potentialAction":[{"@type":"ReadAction","target":["https:\/\/wicam.com\/fr\/logiciel\/pn4000\/cisaillage\/"]}]},{"@type":"ImageObject","inLanguage":"fr-FR","@id":"https:\/\/wicam.com\/fr\/logiciel\/pn4000\/cisaillage\/#primaryimage","url":"https:\/\/www.wicam.com\/wp-content\/uploads\/2018\/09\/PN4000_Technologie_Schere_2-300x163.png","contentUrl":"https:\/\/www.wicam.com\/wp-content\/uploads\/2018\/09\/PN4000_Technologie_Schere_2-300x163.png"},{"@type":"BreadcrumbList","@id":"https:\/\/wicam.com\/fr\/logiciel\/pn4000\/cisaillage\/#breadcrumb","itemListElement":[{"@type":"ListItem","position":1,"name":"Startseite","item":"https:\/\/wicam.com\/fr\/"},{"@type":"ListItem","position":2,"name":"Logiciel","item":"https:\/\/wicam.com\/fr\/logiciel\/"},{"@type":"ListItem","position":3,"name":"CAO\/CFAO System","item":"https:\/\/wicam.com\/fr\/logiciel\/pn4000\/"},{"@type":"ListItem","position":4,"name":"Cisaillage"}]},{"@type":"WebSite","@id":"https:\/\/wicam.com\/fr\/#website","url":"https:\/\/wicam.com\/fr\/","name":"WiCAM","description":"Technische Software","potentialAction":[{"@type":"SearchAction","target":{"@type":"EntryPoint","urlTemplate":"https:\/\/wicam.com\/fr\/?s={search_term_string}"},"query-input":{"@type":"PropertyValueSpecification","valueRequired":true,"valueName":"search_term_string"}}],"inLanguage":"fr-FR"}]}},"_links":{"self":[{"href":"https:\/\/wicam.com\/fr\/wp-json\/wp\/v2\/pages\/14274","targetHints":{"allow":["GET"]}}],"collection":[{"href":"https:\/\/wicam.com\/fr\/wp-json\/wp\/v2\/pages"}],"about":[{"href":"https:\/\/wicam.com\/fr\/wp-json\/wp\/v2\/types\/page"}],"author":[{"embeddable":true,"href":"https:\/\/wicam.com\/fr\/wp-json\/wp\/v2\/users\/1"}],"replies":[{"embeddable":true,"href":"https:\/\/wicam.com\/fr\/wp-json\/wp\/v2\/comments?post=14274"}],"version-history":[{"count":0,"href":"https:\/\/wicam.com\/fr\/wp-json\/wp\/v2\/pages\/14274\/revisions"}],"up":[{"embeddable":true,"href":"https:\/\/wicam.com\/fr\/wp-json\/wp\/v2\/pages\/5720"}],"wp:attachment":[{"href":"https:\/\/wicam.com\/fr\/wp-json\/wp\/v2\/media?parent=14274"}],"curies":[{"name":"wp","href":"https:\/\/api.w.org\/{rel}","templated":true}]}}