{"id":14277,"date":"2020-02-04T16:13:22","date_gmt":"2020-02-04T15:13:22","guid":{"rendered":"https:\/\/www.wicam.com\/logiciel\/pn4000\/fraesen\/"},"modified":"2020-12-01T22:24:54","modified_gmt":"2020-12-01T21:24:54","slug":"fraisage","status":"publish","type":"page","link":"https:\/\/wicam.com\/fr\/logiciel\/pn4000\/fraisage\/","title":{"rendered":"Fraisage"},"content":{"rendered":"<p><a href=\"https:\/\/www.wicam.com\/fr\/logiciel\/pn4000\/\">retour \u00e0 la vue d&rsquo;ensemble<\/a><\/p>\n<h3>Technologie: Fraisage<\/h3>\n<p><a href=\"https:\/\/www.wicam.com\/wp-content\/uploads\/2018\/09\/PN4000_Module_Fraesen_1.png\" data-fancybox><img loading=\"lazy\" decoding=\"async\" class=\"alignright wp-image-2164 size-medium\" src=\"https:\/\/www.wicam.com\/wp-content\/uploads\/2018\/09\/PN4000_Module_Fraesen_1-300x163.png\" alt=\"\" width=\"300\" height=\"163\" srcset=\"https:\/\/wicam.com\/wp-content\/uploads\/2018\/09\/PN4000_Module_Fraesen_1-300x163.png 300w, https:\/\/wicam.com\/wp-content\/uploads\/2018\/09\/PN4000_Module_Fraesen_1-768x416.png 768w, https:\/\/wicam.com\/wp-content\/uploads\/2018\/09\/PN4000_Module_Fraesen_1-1024x555.png 1024w, https:\/\/wicam.com\/wp-content\/uploads\/2018\/09\/PN4000_Module_Fraesen_1.png 1600w\" sizes=\"auto, (max-width: 300px) 100vw, 300px\" \/><\/a><strong>Fraisage<\/strong> Le module de fraisage (<strong>Milling<\/strong>) cr\u00e9\u00e9 automatiquement les gammes de programmes de fraisage 2 \u00bdD. Differente fonctions seront automatiquement support\u00e9es pour le fraisage, le per\u00e7age et le sciage.<\/p>\n<h4>Fonctions<\/h4>\n<ul>\n<li>Fraisage automatique des contours int\u00e9rieurs<\/li>\n<li>Processus automatique de g\u00e9n\u00e9ration des contours ext\u00e9rieurs<\/li>\n<li>Identification des processus et cycles de traitement comme les filetages, trou de goujon, les \u00e9tapes de per\u00e7age<\/li>\n<li>S\u00e9lection automatique de l\u2019outil et de la s\u00e9lection du plus court chemin<\/li>\n<li>Support des fonctionnalit\u00e9s suppl\u00e9mentaires telles que la gravure, le sciage, etc.<\/li>\n<\/ul>\n","protected":false},"excerpt":{"rendered":"<p>retour \u00e0 la vue d&rsquo;ensemble Technologie: Fraisage Fraisage Le module de fraisage (Milling) cr\u00e9\u00e9 automatiquement les gammes de programmes de fraisage 2 \u00bdD. Differente fonctions seront automatiquement support\u00e9es pour le fraisage, le per\u00e7age et le sciage. Fonctions Fraisage automatique des contours int\u00e9rieurs Processus automatique de g\u00e9n\u00e9ration des contours ext\u00e9rieurs Identification des processus et cycles de [&hellip;]<\/p>\n","protected":false},"author":1,"featured_media":0,"parent":5720,"menu_order":0,"comment_status":"closed","ping_status":"closed","template":"page-software-single.php","meta":{"_acf_changed":false,"footnotes":""},"class_list":["post-14277","page","type-page","status-publish","hentry"],"acf":[],"yoast_head":"<!-- This site is optimized with the Yoast SEO plugin v27.4 - https:\/\/yoast.com\/product\/yoast-seo-wordpress\/ -->\n<title>Syst\u00e8me CAO\/CFAO pour votre fraiseuse - WiCAM<\/title>\n<meta name=\"description\" content=\"Fraisage Le module de fraisage (Milling) cr\u00e9\u00e9 automatiquement les gammes de programmes de fraisage 2 \u00bdD. Differente fonctions seront automatiquement support\u00e9es pour le fraisage, le per\u00e7age et le sciage.\" \/>\n<meta name=\"robots\" content=\"index, follow, max-snippet:-1, max-image-preview:large, max-video-preview:-1\" \/>\n<link rel=\"canonical\" href=\"https:\/\/wicam.com\/fr\/logiciel\/pn4000\/fraisage\/\" \/>\n<meta property=\"og:locale\" content=\"fr_FR\" \/>\n<meta property=\"og:type\" content=\"article\" \/>\n<meta property=\"og:title\" content=\"Syst\u00e8me CAO\/CFAO pour votre fraiseuse - WiCAM\" \/>\n<meta property=\"og:description\" content=\"Fraisage Le module de fraisage (Milling) cr\u00e9\u00e9 automatiquement les gammes de programmes de fraisage 2 \u00bdD. Differente fonctions seront automatiquement support\u00e9es pour le fraisage, le per\u00e7age et le sciage.\" \/>\n<meta property=\"og:url\" content=\"https:\/\/wicam.com\/fr\/logiciel\/pn4000\/fraisage\/\" \/>\n<meta property=\"og:site_name\" content=\"WiCAM\" \/>\n<meta property=\"article:modified_time\" content=\"2020-12-01T21:24:54+00:00\" \/>\n<meta property=\"og:image\" content=\"https:\/\/www.wicam.com\/wp-content\/uploads\/2018\/09\/PN4000_Module_Fraesen_1-300x163.png\" \/>\n<meta name=\"twitter:card\" content=\"summary_large_image\" \/>\n<script type=\"application\/ld+json\" class=\"yoast-schema-graph\">{\"@context\":\"https:\\\/\\\/schema.org\",\"@graph\":[{\"@type\":\"WebPage\",\"@id\":\"https:\\\/\\\/wicam.com\\\/fr\\\/logiciel\\\/pn4000\\\/fraisage\\\/\",\"url\":\"https:\\\/\\\/wicam.com\\\/fr\\\/logiciel\\\/pn4000\\\/fraisage\\\/\",\"name\":\"Syst\u00e8me CAO\\\/CFAO pour votre fraiseuse - WiCAM\",\"isPartOf\":{\"@id\":\"https:\\\/\\\/wicam.com\\\/fr\\\/#website\"},\"primaryImageOfPage\":{\"@id\":\"https:\\\/\\\/wicam.com\\\/fr\\\/logiciel\\\/pn4000\\\/fraisage\\\/#primaryimage\"},\"image\":{\"@id\":\"https:\\\/\\\/wicam.com\\\/fr\\\/logiciel\\\/pn4000\\\/fraisage\\\/#primaryimage\"},\"thumbnailUrl\":\"https:\\\/\\\/www.wicam.com\\\/wp-content\\\/uploads\\\/2018\\\/09\\\/PN4000_Module_Fraesen_1-300x163.png\",\"datePublished\":\"2020-02-04T15:13:22+00:00\",\"dateModified\":\"2020-12-01T21:24:54+00:00\",\"description\":\"Fraisage Le module de fraisage (Milling) cr\u00e9\u00e9 automatiquement les gammes de programmes de fraisage 2 \u00bdD. Differente fonctions seront automatiquement support\u00e9es pour le fraisage, le per\u00e7age et le sciage.\",\"breadcrumb\":{\"@id\":\"https:\\\/\\\/wicam.com\\\/fr\\\/logiciel\\\/pn4000\\\/fraisage\\\/#breadcrumb\"},\"inLanguage\":\"fr-FR\",\"potentialAction\":[{\"@type\":\"ReadAction\",\"target\":[\"https:\\\/\\\/wicam.com\\\/fr\\\/logiciel\\\/pn4000\\\/fraisage\\\/\"]}]},{\"@type\":\"ImageObject\",\"inLanguage\":\"fr-FR\",\"@id\":\"https:\\\/\\\/wicam.com\\\/fr\\\/logiciel\\\/pn4000\\\/fraisage\\\/#primaryimage\",\"url\":\"https:\\\/\\\/www.wicam.com\\\/wp-content\\\/uploads\\\/2018\\\/09\\\/PN4000_Module_Fraesen_1-300x163.png\",\"contentUrl\":\"https:\\\/\\\/www.wicam.com\\\/wp-content\\\/uploads\\\/2018\\\/09\\\/PN4000_Module_Fraesen_1-300x163.png\"},{\"@type\":\"BreadcrumbList\",\"@id\":\"https:\\\/\\\/wicam.com\\\/fr\\\/logiciel\\\/pn4000\\\/fraisage\\\/#breadcrumb\",\"itemListElement\":[{\"@type\":\"ListItem\",\"position\":1,\"name\":\"Startseite\",\"item\":\"https:\\\/\\\/wicam.com\\\/fr\\\/\"},{\"@type\":\"ListItem\",\"position\":2,\"name\":\"Logiciel\",\"item\":\"https:\\\/\\\/wicam.com\\\/fr\\\/logiciel\\\/\"},{\"@type\":\"ListItem\",\"position\":3,\"name\":\"CAO\\\/CFAO System\",\"item\":\"https:\\\/\\\/wicam.com\\\/fr\\\/logiciel\\\/pn4000\\\/\"},{\"@type\":\"ListItem\",\"position\":4,\"name\":\"Fraisage\"}]},{\"@type\":\"WebSite\",\"@id\":\"https:\\\/\\\/wicam.com\\\/fr\\\/#website\",\"url\":\"https:\\\/\\\/wicam.com\\\/fr\\\/\",\"name\":\"WiCAM\",\"description\":\"Technische Software\",\"potentialAction\":[{\"@type\":\"SearchAction\",\"target\":{\"@type\":\"EntryPoint\",\"urlTemplate\":\"https:\\\/\\\/wicam.com\\\/fr\\\/?s={search_term_string}\"},\"query-input\":{\"@type\":\"PropertyValueSpecification\",\"valueRequired\":true,\"valueName\":\"search_term_string\"}}],\"inLanguage\":\"fr-FR\"}]}<\/script>\n<!-- \/ Yoast SEO plugin. -->","yoast_head_json":{"title":"Syst\u00e8me CAO\/CFAO pour votre fraiseuse - WiCAM","description":"Fraisage Le module de fraisage (Milling) cr\u00e9\u00e9 automatiquement les gammes de programmes de fraisage 2 \u00bdD. Differente fonctions seront automatiquement support\u00e9es pour le fraisage, le per\u00e7age et le sciage.","robots":{"index":"index","follow":"follow","max-snippet":"max-snippet:-1","max-image-preview":"max-image-preview:large","max-video-preview":"max-video-preview:-1"},"canonical":"https:\/\/wicam.com\/fr\/logiciel\/pn4000\/fraisage\/","og_locale":"fr_FR","og_type":"article","og_title":"Syst\u00e8me CAO\/CFAO pour votre fraiseuse - WiCAM","og_description":"Fraisage Le module de fraisage (Milling) cr\u00e9\u00e9 automatiquement les gammes de programmes de fraisage 2 \u00bdD. Differente fonctions seront automatiquement support\u00e9es pour le fraisage, le per\u00e7age et le sciage.","og_url":"https:\/\/wicam.com\/fr\/logiciel\/pn4000\/fraisage\/","og_site_name":"WiCAM","article_modified_time":"2020-12-01T21:24:54+00:00","og_image":[{"url":"https:\/\/www.wicam.com\/wp-content\/uploads\/2018\/09\/PN4000_Module_Fraesen_1-300x163.png","type":"","width":"","height":""}],"twitter_card":"summary_large_image","schema":{"@context":"https:\/\/schema.org","@graph":[{"@type":"WebPage","@id":"https:\/\/wicam.com\/fr\/logiciel\/pn4000\/fraisage\/","url":"https:\/\/wicam.com\/fr\/logiciel\/pn4000\/fraisage\/","name":"Syst\u00e8me CAO\/CFAO pour votre fraiseuse - WiCAM","isPartOf":{"@id":"https:\/\/wicam.com\/fr\/#website"},"primaryImageOfPage":{"@id":"https:\/\/wicam.com\/fr\/logiciel\/pn4000\/fraisage\/#primaryimage"},"image":{"@id":"https:\/\/wicam.com\/fr\/logiciel\/pn4000\/fraisage\/#primaryimage"},"thumbnailUrl":"https:\/\/www.wicam.com\/wp-content\/uploads\/2018\/09\/PN4000_Module_Fraesen_1-300x163.png","datePublished":"2020-02-04T15:13:22+00:00","dateModified":"2020-12-01T21:24:54+00:00","description":"Fraisage Le module de fraisage (Milling) cr\u00e9\u00e9 automatiquement les gammes de programmes de fraisage 2 \u00bdD. Differente fonctions seront automatiquement support\u00e9es pour le fraisage, le per\u00e7age et le sciage.","breadcrumb":{"@id":"https:\/\/wicam.com\/fr\/logiciel\/pn4000\/fraisage\/#breadcrumb"},"inLanguage":"fr-FR","potentialAction":[{"@type":"ReadAction","target":["https:\/\/wicam.com\/fr\/logiciel\/pn4000\/fraisage\/"]}]},{"@type":"ImageObject","inLanguage":"fr-FR","@id":"https:\/\/wicam.com\/fr\/logiciel\/pn4000\/fraisage\/#primaryimage","url":"https:\/\/www.wicam.com\/wp-content\/uploads\/2018\/09\/PN4000_Module_Fraesen_1-300x163.png","contentUrl":"https:\/\/www.wicam.com\/wp-content\/uploads\/2018\/09\/PN4000_Module_Fraesen_1-300x163.png"},{"@type":"BreadcrumbList","@id":"https:\/\/wicam.com\/fr\/logiciel\/pn4000\/fraisage\/#breadcrumb","itemListElement":[{"@type":"ListItem","position":1,"name":"Startseite","item":"https:\/\/wicam.com\/fr\/"},{"@type":"ListItem","position":2,"name":"Logiciel","item":"https:\/\/wicam.com\/fr\/logiciel\/"},{"@type":"ListItem","position":3,"name":"CAO\/CFAO System","item":"https:\/\/wicam.com\/fr\/logiciel\/pn4000\/"},{"@type":"ListItem","position":4,"name":"Fraisage"}]},{"@type":"WebSite","@id":"https:\/\/wicam.com\/fr\/#website","url":"https:\/\/wicam.com\/fr\/","name":"WiCAM","description":"Technische Software","potentialAction":[{"@type":"SearchAction","target":{"@type":"EntryPoint","urlTemplate":"https:\/\/wicam.com\/fr\/?s={search_term_string}"},"query-input":{"@type":"PropertyValueSpecification","valueRequired":true,"valueName":"search_term_string"}}],"inLanguage":"fr-FR"}]}},"_links":{"self":[{"href":"https:\/\/wicam.com\/fr\/wp-json\/wp\/v2\/pages\/14277","targetHints":{"allow":["GET"]}}],"collection":[{"href":"https:\/\/wicam.com\/fr\/wp-json\/wp\/v2\/pages"}],"about":[{"href":"https:\/\/wicam.com\/fr\/wp-json\/wp\/v2\/types\/page"}],"author":[{"embeddable":true,"href":"https:\/\/wicam.com\/fr\/wp-json\/wp\/v2\/users\/1"}],"replies":[{"embeddable":true,"href":"https:\/\/wicam.com\/fr\/wp-json\/wp\/v2\/comments?post=14277"}],"version-history":[{"count":0,"href":"https:\/\/wicam.com\/fr\/wp-json\/wp\/v2\/pages\/14277\/revisions"}],"up":[{"embeddable":true,"href":"https:\/\/wicam.com\/fr\/wp-json\/wp\/v2\/pages\/5720"}],"wp:attachment":[{"href":"https:\/\/wicam.com\/fr\/wp-json\/wp\/v2\/media?parent=14277"}],"curies":[{"name":"wp","href":"https:\/\/api.w.org\/{rel}","templated":true}]}}