{"id":14797,"date":"2020-03-27T13:38:26","date_gmt":"2020-03-27T12:38:26","guid":{"rendered":"http:\/\/wicam.wiegandt-server.de\/?page_id=14797"},"modified":"2021-03-29T13:26:56","modified_gmt":"2021-03-29T11:26:56","slug":"connexion-erp","status":"publish","type":"page","link":"https:\/\/wicam.com\/fr\/logiciel\/pncloud\/connexion-erp\/","title":{"rendered":"Connexion ERP"},"content":{"rendered":"<h2>Connexion ERP<\/h2>\n<p><a href=\"https:\/\/www.wicam.com\/fr\/logiciel\/\"><img loading=\"lazy\" decoding=\"async\" class=\"alignright wp-image-11564\" src=\"https:\/\/wicam.com\/wp-content\/uploads\/2019\/11\/software-cadcamautomation2-300x211.jpg\" alt=\"\" width=\"325\" height=\"228\" srcset=\"https:\/\/wicam.com\/wp-content\/uploads\/2019\/11\/software-cadcamautomation2-300x211.jpg 300w, https:\/\/wicam.com\/wp-content\/uploads\/2019\/11\/software-cadcamautomation2.jpg 450w\" sizes=\"auto, (max-width: 325px) 100vw, 325px\" \/><\/a><strong>Utilisez la fonction de nos outils en ligne directement dans votre syst\u00e8me ERP. L&rsquo;interface API standardis\u00e9e fournit \u00e0 votre syst\u00e8me PPS\/ERP ou MES le \u00ab\u00a0savoir-faire\u00a0\u00bb en mati\u00e8re de t\u00f4lerie \u00e0 n&rsquo;importe quel endroit souhait\u00e9 pour cr\u00e9er des devis, des informations de pr\u00e9-planification et de production pr\u00e9cis en \u00ab\u00a0cents\u00a0\u00bb, \u00ab\u00a0grammes\u00a0\u00bb et \u00ab\u00a0secondes\u00a0\u00bb.<\/strong><\/p>\n<p>La cr\u00e9ation de solutions d&rsquo;automatisation int\u00e9gr\u00e9es bas\u00e9es sur la CAO et les donn\u00e9es de commande a toujours \u00e9t\u00e9 l&rsquo;une des comp\u00e9tences principales de la WiCAM.<\/p>\n<p>Cela inclut la communication avec diverses solutions de syst\u00e8mes de stockage, de logistique de transport, de syst\u00e8mes de commande, de programmes de calcul et autres.<\/p>\n<p>La connectivit\u00e9 ERP\/PPS, en particulier, permet d\u00e9j\u00e0 \u00e0 nos clients de mettre en \u0153uvre des solutions d&rsquo;automatisation globales de \u00ab\u00a0niveau sup\u00e9rieur\u00a0\u00bb &#8211; des mati\u00e8res premi\u00e8res \u00e0 la production et \u00e0 la livraison, en passant par le post-calcul et l&rsquo;analyse.<\/p>\n","protected":false},"excerpt":{"rendered":"<p>Connexion ERP Utilisez la fonction de nos outils en ligne directement dans votre syst\u00e8me ERP. L&rsquo;interface API standardis\u00e9e fournit \u00e0 votre syst\u00e8me PPS\/ERP ou MES le \u00ab\u00a0savoir-faire\u00a0\u00bb en mati\u00e8re de t\u00f4lerie \u00e0 n&rsquo;importe quel endroit souhait\u00e9 pour cr\u00e9er des devis, des informations de pr\u00e9-planification et de production pr\u00e9cis en \u00ab\u00a0cents\u00a0\u00bb, \u00ab\u00a0grammes\u00a0\u00bb et \u00ab\u00a0secondes\u00a0\u00bb. La cr\u00e9ation [&hellip;]<\/p>\n","protected":false},"author":1,"featured_media":0,"parent":6026,"menu_order":0,"comment_status":"closed","ping_status":"closed","template":"page-software-single.php","meta":{"_acf_changed":false,"footnotes":""},"class_list":["post-14797","page","type-page","status-publish","hentry"],"acf":[],"yoast_head":"<!-- This site is optimized with the Yoast SEO plugin v27.2 - https:\/\/yoast.com\/product\/yoast-seo-wordpress\/ -->\n<title>CAO\/CFAO Logiciel d\u00b4imbrication - CFAO en ligne - PNCloud - Connexion ERP - WiCAM<\/title>\n<meta name=\"description\" content=\"Utilisez la fonction de nos outils en ligne directement dans votre syst\u00e8me ERP. L&#039;interface API standardis\u00e9e fournit \u00e0 votre syst\u00e8me PPS\/ERP ou MES le &quot;savoir-faire&quot; en mati\u00e8re de t\u00f4lerie \u00e0 n&#039;importe quel endroit souhait\u00e9 pour cr\u00e9er des devis, des informations de pr\u00e9-planification et de production pr\u00e9cis en &quot;cents&quot;, &quot;grammes&quot; et &quot;secondes&quot;.\" \/>\n<meta name=\"robots\" content=\"index, follow, max-snippet:-1, max-image-preview:large, max-video-preview:-1\" \/>\n<link rel=\"canonical\" href=\"https:\/\/wicam.com\/fr\/logiciel\/pncloud\/connexion-erp\/\" \/>\n<meta property=\"og:locale\" content=\"fr_FR\" \/>\n<meta property=\"og:type\" content=\"article\" \/>\n<meta property=\"og:title\" content=\"CAO\/CFAO Logiciel d\u00b4imbrication - CFAO en ligne - PNCloud - Connexion ERP - WiCAM\" \/>\n<meta property=\"og:description\" content=\"Utilisez la fonction de nos outils en ligne directement dans votre syst\u00e8me ERP. L&#039;interface API standardis\u00e9e fournit \u00e0 votre syst\u00e8me PPS\/ERP ou MES le &quot;savoir-faire&quot; en mati\u00e8re de t\u00f4lerie \u00e0 n&#039;importe quel endroit souhait\u00e9 pour cr\u00e9er des devis, des informations de pr\u00e9-planification et de production pr\u00e9cis en &quot;cents&quot;, &quot;grammes&quot; et &quot;secondes&quot;.\" \/>\n<meta property=\"og:url\" content=\"https:\/\/wicam.com\/fr\/logiciel\/pncloud\/connexion-erp\/\" \/>\n<meta property=\"og:site_name\" content=\"WiCAM\" \/>\n<meta property=\"article:modified_time\" content=\"2021-03-29T11:26:56+00:00\" \/>\n<meta property=\"og:image\" content=\"https:\/\/wicam.com\/wp-content\/uploads\/2019\/11\/software-cadcamautomation2-300x211.jpg\" \/>\n<meta name=\"twitter:card\" content=\"summary_large_image\" \/>\n<meta name=\"twitter:label1\" content=\"Dur\u00e9e de lecture estim\u00e9e\" \/>\n\t<meta name=\"twitter:data1\" content=\"1 minute\" \/>\n<script type=\"application\/ld+json\" class=\"yoast-schema-graph\">{\"@context\":\"https:\/\/schema.org\",\"@graph\":[{\"@type\":\"WebPage\",\"@id\":\"https:\/\/wicam.com\/fr\/logiciel\/pncloud\/connexion-erp\/\",\"url\":\"https:\/\/wicam.com\/fr\/logiciel\/pncloud\/connexion-erp\/\",\"name\":\"CAO\/CFAO Logiciel d\u00b4imbrication - CFAO en ligne - PNCloud - Connexion ERP - WiCAM\",\"isPartOf\":{\"@id\":\"https:\/\/wicam.com\/fr\/#website\"},\"primaryImageOfPage\":{\"@id\":\"https:\/\/wicam.com\/fr\/logiciel\/pncloud\/connexion-erp\/#primaryimage\"},\"image\":{\"@id\":\"https:\/\/wicam.com\/fr\/logiciel\/pncloud\/connexion-erp\/#primaryimage\"},\"thumbnailUrl\":\"https:\/\/wicam.com\/wp-content\/uploads\/2019\/11\/software-cadcamautomation2-300x211.jpg\",\"datePublished\":\"2020-03-27T12:38:26+00:00\",\"dateModified\":\"2021-03-29T11:26:56+00:00\",\"description\":\"Utilisez la fonction de nos outils en ligne directement dans votre syst\u00e8me ERP. L'interface API standardis\u00e9e fournit \u00e0 votre syst\u00e8me PPS\/ERP ou MES le \\\"savoir-faire\\\" en mati\u00e8re de t\u00f4lerie \u00e0 n'importe quel endroit souhait\u00e9 pour cr\u00e9er des devis, des informations de pr\u00e9-planification et de production pr\u00e9cis en \\\"cents\\\", \\\"grammes\\\" et \\\"secondes\\\".\",\"breadcrumb\":{\"@id\":\"https:\/\/wicam.com\/fr\/logiciel\/pncloud\/connexion-erp\/#breadcrumb\"},\"inLanguage\":\"fr-FR\",\"potentialAction\":[{\"@type\":\"ReadAction\",\"target\":[\"https:\/\/wicam.com\/fr\/logiciel\/pncloud\/connexion-erp\/\"]}]},{\"@type\":\"ImageObject\",\"inLanguage\":\"fr-FR\",\"@id\":\"https:\/\/wicam.com\/fr\/logiciel\/pncloud\/connexion-erp\/#primaryimage\",\"url\":\"https:\/\/wicam.com\/wp-content\/uploads\/2019\/11\/software-cadcamautomation2-300x211.jpg\",\"contentUrl\":\"https:\/\/wicam.com\/wp-content\/uploads\/2019\/11\/software-cadcamautomation2-300x211.jpg\"},{\"@type\":\"BreadcrumbList\",\"@id\":\"https:\/\/wicam.com\/fr\/logiciel\/pncloud\/connexion-erp\/#breadcrumb\",\"itemListElement\":[{\"@type\":\"ListItem\",\"position\":1,\"name\":\"Startseite\",\"item\":\"https:\/\/wicam.com\/fr\/\"},{\"@type\":\"ListItem\",\"position\":2,\"name\":\"Logiciel\",\"item\":\"https:\/\/wicam.com\/fr\/logiciel\/\"},{\"@type\":\"ListItem\",\"position\":3,\"name\":\"CFAO en ligne\",\"item\":\"https:\/\/wicam.com\/fr\/logiciel\/pncloud\/\"},{\"@type\":\"ListItem\",\"position\":4,\"name\":\"Connexion ERP\"}]},{\"@type\":\"WebSite\",\"@id\":\"https:\/\/wicam.com\/fr\/#website\",\"url\":\"https:\/\/wicam.com\/fr\/\",\"name\":\"WiCAM\",\"description\":\"Technische Software\",\"potentialAction\":[{\"@type\":\"SearchAction\",\"target\":{\"@type\":\"EntryPoint\",\"urlTemplate\":\"https:\/\/wicam.com\/fr\/?s={search_term_string}\"},\"query-input\":{\"@type\":\"PropertyValueSpecification\",\"valueRequired\":true,\"valueName\":\"search_term_string\"}}],\"inLanguage\":\"fr-FR\"}]}<\/script>\n<!-- \/ Yoast SEO plugin. -->","yoast_head_json":{"title":"CAO\/CFAO Logiciel d\u00b4imbrication - CFAO en ligne - PNCloud - Connexion ERP - WiCAM","description":"Utilisez la fonction de nos outils en ligne directement dans votre syst\u00e8me ERP. L'interface API standardis\u00e9e fournit \u00e0 votre syst\u00e8me PPS\/ERP ou MES le \"savoir-faire\" en mati\u00e8re de t\u00f4lerie \u00e0 n'importe quel endroit souhait\u00e9 pour cr\u00e9er des devis, des informations de pr\u00e9-planification et de production pr\u00e9cis en \"cents\", \"grammes\" et \"secondes\".","robots":{"index":"index","follow":"follow","max-snippet":"max-snippet:-1","max-image-preview":"max-image-preview:large","max-video-preview":"max-video-preview:-1"},"canonical":"https:\/\/wicam.com\/fr\/logiciel\/pncloud\/connexion-erp\/","og_locale":"fr_FR","og_type":"article","og_title":"CAO\/CFAO Logiciel d\u00b4imbrication - CFAO en ligne - PNCloud - Connexion ERP - WiCAM","og_description":"Utilisez la fonction de nos outils en ligne directement dans votre syst\u00e8me ERP. L'interface API standardis\u00e9e fournit \u00e0 votre syst\u00e8me PPS\/ERP ou MES le \"savoir-faire\" en mati\u00e8re de t\u00f4lerie \u00e0 n'importe quel endroit souhait\u00e9 pour cr\u00e9er des devis, des informations de pr\u00e9-planification et de production pr\u00e9cis en \"cents\", \"grammes\" et \"secondes\".","og_url":"https:\/\/wicam.com\/fr\/logiciel\/pncloud\/connexion-erp\/","og_site_name":"WiCAM","article_modified_time":"2021-03-29T11:26:56+00:00","og_image":[{"url":"https:\/\/wicam.com\/wp-content\/uploads\/2019\/11\/software-cadcamautomation2-300x211.jpg","type":"","width":"","height":""}],"twitter_card":"summary_large_image","twitter_misc":{"Dur\u00e9e de lecture estim\u00e9e":"1 minute"},"schema":{"@context":"https:\/\/schema.org","@graph":[{"@type":"WebPage","@id":"https:\/\/wicam.com\/fr\/logiciel\/pncloud\/connexion-erp\/","url":"https:\/\/wicam.com\/fr\/logiciel\/pncloud\/connexion-erp\/","name":"CAO\/CFAO Logiciel d\u00b4imbrication - CFAO en ligne - PNCloud - Connexion ERP - WiCAM","isPartOf":{"@id":"https:\/\/wicam.com\/fr\/#website"},"primaryImageOfPage":{"@id":"https:\/\/wicam.com\/fr\/logiciel\/pncloud\/connexion-erp\/#primaryimage"},"image":{"@id":"https:\/\/wicam.com\/fr\/logiciel\/pncloud\/connexion-erp\/#primaryimage"},"thumbnailUrl":"https:\/\/wicam.com\/wp-content\/uploads\/2019\/11\/software-cadcamautomation2-300x211.jpg","datePublished":"2020-03-27T12:38:26+00:00","dateModified":"2021-03-29T11:26:56+00:00","description":"Utilisez la fonction de nos outils en ligne directement dans votre syst\u00e8me ERP. L'interface API standardis\u00e9e fournit \u00e0 votre syst\u00e8me PPS\/ERP ou MES le \"savoir-faire\" en mati\u00e8re de t\u00f4lerie \u00e0 n'importe quel endroit souhait\u00e9 pour cr\u00e9er des devis, des informations de pr\u00e9-planification et de production pr\u00e9cis en \"cents\", \"grammes\" et \"secondes\".","breadcrumb":{"@id":"https:\/\/wicam.com\/fr\/logiciel\/pncloud\/connexion-erp\/#breadcrumb"},"inLanguage":"fr-FR","potentialAction":[{"@type":"ReadAction","target":["https:\/\/wicam.com\/fr\/logiciel\/pncloud\/connexion-erp\/"]}]},{"@type":"ImageObject","inLanguage":"fr-FR","@id":"https:\/\/wicam.com\/fr\/logiciel\/pncloud\/connexion-erp\/#primaryimage","url":"https:\/\/wicam.com\/wp-content\/uploads\/2019\/11\/software-cadcamautomation2-300x211.jpg","contentUrl":"https:\/\/wicam.com\/wp-content\/uploads\/2019\/11\/software-cadcamautomation2-300x211.jpg"},{"@type":"BreadcrumbList","@id":"https:\/\/wicam.com\/fr\/logiciel\/pncloud\/connexion-erp\/#breadcrumb","itemListElement":[{"@type":"ListItem","position":1,"name":"Startseite","item":"https:\/\/wicam.com\/fr\/"},{"@type":"ListItem","position":2,"name":"Logiciel","item":"https:\/\/wicam.com\/fr\/logiciel\/"},{"@type":"ListItem","position":3,"name":"CFAO en ligne","item":"https:\/\/wicam.com\/fr\/logiciel\/pncloud\/"},{"@type":"ListItem","position":4,"name":"Connexion ERP"}]},{"@type":"WebSite","@id":"https:\/\/wicam.com\/fr\/#website","url":"https:\/\/wicam.com\/fr\/","name":"WiCAM","description":"Technische Software","potentialAction":[{"@type":"SearchAction","target":{"@type":"EntryPoint","urlTemplate":"https:\/\/wicam.com\/fr\/?s={search_term_string}"},"query-input":{"@type":"PropertyValueSpecification","valueRequired":true,"valueName":"search_term_string"}}],"inLanguage":"fr-FR"}]}},"_links":{"self":[{"href":"https:\/\/wicam.com\/fr\/wp-json\/wp\/v2\/pages\/14797","targetHints":{"allow":["GET"]}}],"collection":[{"href":"https:\/\/wicam.com\/fr\/wp-json\/wp\/v2\/pages"}],"about":[{"href":"https:\/\/wicam.com\/fr\/wp-json\/wp\/v2\/types\/page"}],"author":[{"embeddable":true,"href":"https:\/\/wicam.com\/fr\/wp-json\/wp\/v2\/users\/1"}],"replies":[{"embeddable":true,"href":"https:\/\/wicam.com\/fr\/wp-json\/wp\/v2\/comments?post=14797"}],"version-history":[{"count":0,"href":"https:\/\/wicam.com\/fr\/wp-json\/wp\/v2\/pages\/14797\/revisions"}],"up":[{"embeddable":true,"href":"https:\/\/wicam.com\/fr\/wp-json\/wp\/v2\/pages\/6026"}],"wp:attachment":[{"href":"https:\/\/wicam.com\/fr\/wp-json\/wp\/v2\/media?parent=14797"}],"curies":[{"name":"wp","href":"https:\/\/api.w.org\/{rel}","templated":true}]}}