{"id":14798,"date":"2020-03-27T13:40:32","date_gmt":"2020-03-27T12:40:32","guid":{"rendered":"http:\/\/wicam.wiegandt-server.de\/?page_id=14798"},"modified":"2020-09-20T15:22:44","modified_gmt":"2020-09-20T13:22:44","slug":"client-web","status":"publish","type":"page","link":"https:\/\/wicam.com\/fr\/logiciel\/pncloud\/client-web\/","title":{"rendered":"Client-Web"},"content":{"rendered":"<h2>Client-Web<\/h2>\n<p><img loading=\"lazy\" decoding=\"async\" class=\"alignright wp-image-15081\" src=\"http:\/\/wicam.com\/wp-content\/uploads\/2020\/04\/client-300x211.jpg\" alt=\"\" width=\"325\" height=\"228\" srcset=\"https:\/\/wicam.com\/wp-content\/uploads\/2020\/04\/client-300x211.jpg 300w, https:\/\/wicam.com\/wp-content\/uploads\/2020\/04\/client-768x540.jpg 768w, https:\/\/wicam.com\/wp-content\/uploads\/2020\/04\/client.jpg 1000w\" sizes=\"auto, (max-width: 325px) 100vw, 325px\" \/>Avec le client web, vous disposez \u00e0 tout moment de toutes les fonctions importantes d&rsquo;un syst\u00e8me de programmation et vous pouvez les utiliser tr\u00e8s facilement en ligne sur n&rsquo;importe quel appareil. Que ce soit STEP, SAT ou les fichiers originaux d&rsquo;Inventor\u00ae, SolidWorks\u00ae, Catia\u00ae et de dizaines d&rsquo;autres syst\u00e8mes de CAO 3D &#8211; d\u00e9montez et d\u00e9pliez toutes sortes de pi\u00e8ces et d&rsquo;assemblages 3D en quelques secondes.<\/p>\n<p>En fonction de vos sp\u00e9cifications, le calcul calcule imm\u00e9diatement les prix en cents exacts de votre offre. Le convertisseur CAO transforme m\u00eame les formats de fichiers exotiques rares en bases de fabrication calculables et productibles.<\/p>\n<p>Le convertisseur NC lit les textes CNC existants et les convertit en fichiers lisibles pour tous les mod\u00e8les et machines d&rsquo;autres fabricants. Des composants simples peuvent \u00eatre directement dessin\u00e9s de mani\u00e8re param\u00e9trique pour le calcul et la production.<\/p>\n<h4><img loading=\"lazy\" decoding=\"async\" class=\"alignright wp-image-15094\" src=\"http:\/\/wicam.com\/wp-content\/uploads\/2020\/04\/client-unfold-300x240.jpg\" alt=\"\" width=\"325\" height=\"260\" srcset=\"https:\/\/wicam.com\/wp-content\/uploads\/2020\/04\/client-unfold-300x240.jpg 300w, https:\/\/wicam.com\/wp-content\/uploads\/2020\/04\/client-unfold-768x615.jpg 768w, https:\/\/wicam.com\/wp-content\/uploads\/2020\/04\/client-unfold.jpg 1000w\" sizes=\"auto, (max-width: 325px) 100vw, 325px\" \/>Caract\u00e9ristiques<\/h4>\n<ul>\n<li>D\u00e9pliage de fichiers 3D<\/li>\n<li>D\u00e9roulement et d\u00e9mant\u00e8lement des assembl\u00e9es<\/li>\n<li>Calcul des diff\u00e9rentes parties<\/li>\n<li>Calcul des assembl\u00e9es<\/li>\n<li>Convertir les fichiers CAO en d&rsquo;autres formats<\/li>\n<li>Convertir les programmes NC<\/li>\n<li>Cr\u00e9ez vous-m\u00eame des pi\u00e8ces<\/li>\n<\/ul>\n<h4>Qui utilise le Web-Client ?<\/h4>\n<ul>\n<li>Achats<\/li>\n<li>Vente<\/li>\n<li>Pr\u00e9paration du travail<\/li>\n<li>Bureaux d&rsquo;\u00e9tudes<\/li>\n<\/ul>\n","protected":false},"excerpt":{"rendered":"<p>Client-Web Avec le client web, vous disposez \u00e0 tout moment de toutes les fonctions importantes d&rsquo;un syst\u00e8me de programmation et vous pouvez les utiliser tr\u00e8s facilement en ligne sur n&rsquo;importe quel appareil. Que ce soit STEP, SAT ou les fichiers originaux d&rsquo;Inventor\u00ae, SolidWorks\u00ae, Catia\u00ae et de dizaines d&rsquo;autres syst\u00e8mes de CAO 3D &#8211; d\u00e9montez et [&hellip;]<\/p>\n","protected":false},"author":1,"featured_media":0,"parent":6026,"menu_order":0,"comment_status":"closed","ping_status":"closed","template":"page-software-single.php","meta":{"_acf_changed":false,"footnotes":""},"class_list":["post-14798","page","type-page","status-publish","hentry"],"acf":[],"yoast_head":"<!-- This site is optimized with the Yoast SEO plugin v27.2 - https:\/\/yoast.com\/product\/yoast-seo-wordpress\/ -->\n<title>CAO\/CFAO Logiciel d\u00b4imbrication - CFAO en ligne - PNCloud - Client-Web - WiCAM<\/title>\n<meta name=\"description\" content=\"Avec le client web, vous disposez \u00e0 tout moment de toutes les fonctions importantes d&#039;un syst\u00e8me de programmation et vous pouvez les utiliser tr\u00e8s facilement en ligne sur n&#039;importe quel appareil. Que ce soit STEP, SAT ou les fichiers originaux d&#039;Inventor\u00ae, SolidWorks\u00ae, Catia\u00ae et de dizaines d&#039;autres syst\u00e8mes de CAO 3D - d\u00e9montez et d\u00e9pliez toutes sortes de pi\u00e8ces et d&#039;assemblages 3D en quelques secondes.\" \/>\n<meta name=\"robots\" content=\"index, follow, max-snippet:-1, max-image-preview:large, max-video-preview:-1\" \/>\n<link rel=\"canonical\" href=\"https:\/\/wicam.com\/fr\/logiciel\/pncloud\/client-web\/\" \/>\n<meta property=\"og:locale\" content=\"fr_FR\" \/>\n<meta property=\"og:type\" content=\"article\" \/>\n<meta property=\"og:title\" content=\"CAO\/CFAO Logiciel d\u00b4imbrication - CFAO en ligne - PNCloud - Client-Web - WiCAM\" \/>\n<meta property=\"og:description\" content=\"Avec le client web, vous disposez \u00e0 tout moment de toutes les fonctions importantes d&#039;un syst\u00e8me de programmation et vous pouvez les utiliser tr\u00e8s facilement en ligne sur n&#039;importe quel appareil. Que ce soit STEP, SAT ou les fichiers originaux d&#039;Inventor\u00ae, SolidWorks\u00ae, Catia\u00ae et de dizaines d&#039;autres syst\u00e8mes de CAO 3D - d\u00e9montez et d\u00e9pliez toutes sortes de pi\u00e8ces et d&#039;assemblages 3D en quelques secondes.\" \/>\n<meta property=\"og:url\" content=\"https:\/\/wicam.com\/fr\/logiciel\/pncloud\/client-web\/\" \/>\n<meta property=\"og:site_name\" content=\"WiCAM\" \/>\n<meta property=\"article:modified_time\" content=\"2020-09-20T13:22:44+00:00\" \/>\n<meta property=\"og:image\" content=\"http:\/\/wicam.com\/wp-content\/uploads\/2020\/04\/client-300x211.jpg\" \/>\n<meta name=\"twitter:card\" content=\"summary_large_image\" \/>\n<meta name=\"twitter:label1\" content=\"Dur\u00e9e de lecture estim\u00e9e\" \/>\n\t<meta name=\"twitter:data1\" content=\"1 minute\" \/>\n<script type=\"application\/ld+json\" class=\"yoast-schema-graph\">{\"@context\":\"https:\/\/schema.org\",\"@graph\":[{\"@type\":\"WebPage\",\"@id\":\"https:\/\/wicam.com\/fr\/logiciel\/pncloud\/client-web\/\",\"url\":\"https:\/\/wicam.com\/fr\/logiciel\/pncloud\/client-web\/\",\"name\":\"CAO\/CFAO Logiciel d\u00b4imbrication - CFAO en ligne - PNCloud - Client-Web - WiCAM\",\"isPartOf\":{\"@id\":\"https:\/\/wicam.com\/fr\/#website\"},\"primaryImageOfPage\":{\"@id\":\"https:\/\/wicam.com\/fr\/logiciel\/pncloud\/client-web\/#primaryimage\"},\"image\":{\"@id\":\"https:\/\/wicam.com\/fr\/logiciel\/pncloud\/client-web\/#primaryimage\"},\"thumbnailUrl\":\"http:\/\/wicam.com\/wp-content\/uploads\/2020\/04\/client-300x211.jpg\",\"datePublished\":\"2020-03-27T12:40:32+00:00\",\"dateModified\":\"2020-09-20T13:22:44+00:00\",\"description\":\"Avec le client web, vous disposez \u00e0 tout moment de toutes les fonctions importantes d'un syst\u00e8me de programmation et vous pouvez les utiliser tr\u00e8s facilement en ligne sur n'importe quel appareil. Que ce soit STEP, SAT ou les fichiers originaux d'Inventor\u00ae, SolidWorks\u00ae, Catia\u00ae et de dizaines d'autres syst\u00e8mes de CAO 3D - d\u00e9montez et d\u00e9pliez toutes sortes de pi\u00e8ces et d'assemblages 3D en quelques secondes.\",\"breadcrumb\":{\"@id\":\"https:\/\/wicam.com\/fr\/logiciel\/pncloud\/client-web\/#breadcrumb\"},\"inLanguage\":\"fr-FR\",\"potentialAction\":[{\"@type\":\"ReadAction\",\"target\":[\"https:\/\/wicam.com\/fr\/logiciel\/pncloud\/client-web\/\"]}]},{\"@type\":\"ImageObject\",\"inLanguage\":\"fr-FR\",\"@id\":\"https:\/\/wicam.com\/fr\/logiciel\/pncloud\/client-web\/#primaryimage\",\"url\":\"http:\/\/wicam.com\/wp-content\/uploads\/2020\/04\/client-300x211.jpg\",\"contentUrl\":\"http:\/\/wicam.com\/wp-content\/uploads\/2020\/04\/client-300x211.jpg\"},{\"@type\":\"BreadcrumbList\",\"@id\":\"https:\/\/wicam.com\/fr\/logiciel\/pncloud\/client-web\/#breadcrumb\",\"itemListElement\":[{\"@type\":\"ListItem\",\"position\":1,\"name\":\"Startseite\",\"item\":\"https:\/\/wicam.com\/fr\/\"},{\"@type\":\"ListItem\",\"position\":2,\"name\":\"Logiciel\",\"item\":\"https:\/\/wicam.com\/fr\/logiciel\/\"},{\"@type\":\"ListItem\",\"position\":3,\"name\":\"CFAO en ligne\",\"item\":\"https:\/\/wicam.com\/fr\/logiciel\/pncloud\/\"},{\"@type\":\"ListItem\",\"position\":4,\"name\":\"Client-Web\"}]},{\"@type\":\"WebSite\",\"@id\":\"https:\/\/wicam.com\/fr\/#website\",\"url\":\"https:\/\/wicam.com\/fr\/\",\"name\":\"WiCAM\",\"description\":\"Technische Software\",\"potentialAction\":[{\"@type\":\"SearchAction\",\"target\":{\"@type\":\"EntryPoint\",\"urlTemplate\":\"https:\/\/wicam.com\/fr\/?s={search_term_string}\"},\"query-input\":{\"@type\":\"PropertyValueSpecification\",\"valueRequired\":true,\"valueName\":\"search_term_string\"}}],\"inLanguage\":\"fr-FR\"}]}<\/script>\n<!-- \/ Yoast SEO plugin. -->","yoast_head_json":{"title":"CAO\/CFAO Logiciel d\u00b4imbrication - CFAO en ligne - PNCloud - Client-Web - WiCAM","description":"Avec le client web, vous disposez \u00e0 tout moment de toutes les fonctions importantes d'un syst\u00e8me de programmation et vous pouvez les utiliser tr\u00e8s facilement en ligne sur n'importe quel appareil. Que ce soit STEP, SAT ou les fichiers originaux d'Inventor\u00ae, SolidWorks\u00ae, Catia\u00ae et de dizaines d'autres syst\u00e8mes de CAO 3D - d\u00e9montez et d\u00e9pliez toutes sortes de pi\u00e8ces et d'assemblages 3D en quelques secondes.","robots":{"index":"index","follow":"follow","max-snippet":"max-snippet:-1","max-image-preview":"max-image-preview:large","max-video-preview":"max-video-preview:-1"},"canonical":"https:\/\/wicam.com\/fr\/logiciel\/pncloud\/client-web\/","og_locale":"fr_FR","og_type":"article","og_title":"CAO\/CFAO Logiciel d\u00b4imbrication - CFAO en ligne - PNCloud - Client-Web - WiCAM","og_description":"Avec le client web, vous disposez \u00e0 tout moment de toutes les fonctions importantes d'un syst\u00e8me de programmation et vous pouvez les utiliser tr\u00e8s facilement en ligne sur n'importe quel appareil. Que ce soit STEP, SAT ou les fichiers originaux d'Inventor\u00ae, SolidWorks\u00ae, Catia\u00ae et de dizaines d'autres syst\u00e8mes de CAO 3D - d\u00e9montez et d\u00e9pliez toutes sortes de pi\u00e8ces et d'assemblages 3D en quelques secondes.","og_url":"https:\/\/wicam.com\/fr\/logiciel\/pncloud\/client-web\/","og_site_name":"WiCAM","article_modified_time":"2020-09-20T13:22:44+00:00","og_image":[{"url":"http:\/\/wicam.com\/wp-content\/uploads\/2020\/04\/client-300x211.jpg","type":"","width":"","height":""}],"twitter_card":"summary_large_image","twitter_misc":{"Dur\u00e9e de lecture estim\u00e9e":"1 minute"},"schema":{"@context":"https:\/\/schema.org","@graph":[{"@type":"WebPage","@id":"https:\/\/wicam.com\/fr\/logiciel\/pncloud\/client-web\/","url":"https:\/\/wicam.com\/fr\/logiciel\/pncloud\/client-web\/","name":"CAO\/CFAO Logiciel d\u00b4imbrication - CFAO en ligne - PNCloud - Client-Web - WiCAM","isPartOf":{"@id":"https:\/\/wicam.com\/fr\/#website"},"primaryImageOfPage":{"@id":"https:\/\/wicam.com\/fr\/logiciel\/pncloud\/client-web\/#primaryimage"},"image":{"@id":"https:\/\/wicam.com\/fr\/logiciel\/pncloud\/client-web\/#primaryimage"},"thumbnailUrl":"http:\/\/wicam.com\/wp-content\/uploads\/2020\/04\/client-300x211.jpg","datePublished":"2020-03-27T12:40:32+00:00","dateModified":"2020-09-20T13:22:44+00:00","description":"Avec le client web, vous disposez \u00e0 tout moment de toutes les fonctions importantes d'un syst\u00e8me de programmation et vous pouvez les utiliser tr\u00e8s facilement en ligne sur n'importe quel appareil. Que ce soit STEP, SAT ou les fichiers originaux d'Inventor\u00ae, SolidWorks\u00ae, Catia\u00ae et de dizaines d'autres syst\u00e8mes de CAO 3D - d\u00e9montez et d\u00e9pliez toutes sortes de pi\u00e8ces et d'assemblages 3D en quelques secondes.","breadcrumb":{"@id":"https:\/\/wicam.com\/fr\/logiciel\/pncloud\/client-web\/#breadcrumb"},"inLanguage":"fr-FR","potentialAction":[{"@type":"ReadAction","target":["https:\/\/wicam.com\/fr\/logiciel\/pncloud\/client-web\/"]}]},{"@type":"ImageObject","inLanguage":"fr-FR","@id":"https:\/\/wicam.com\/fr\/logiciel\/pncloud\/client-web\/#primaryimage","url":"http:\/\/wicam.com\/wp-content\/uploads\/2020\/04\/client-300x211.jpg","contentUrl":"http:\/\/wicam.com\/wp-content\/uploads\/2020\/04\/client-300x211.jpg"},{"@type":"BreadcrumbList","@id":"https:\/\/wicam.com\/fr\/logiciel\/pncloud\/client-web\/#breadcrumb","itemListElement":[{"@type":"ListItem","position":1,"name":"Startseite","item":"https:\/\/wicam.com\/fr\/"},{"@type":"ListItem","position":2,"name":"Logiciel","item":"https:\/\/wicam.com\/fr\/logiciel\/"},{"@type":"ListItem","position":3,"name":"CFAO en ligne","item":"https:\/\/wicam.com\/fr\/logiciel\/pncloud\/"},{"@type":"ListItem","position":4,"name":"Client-Web"}]},{"@type":"WebSite","@id":"https:\/\/wicam.com\/fr\/#website","url":"https:\/\/wicam.com\/fr\/","name":"WiCAM","description":"Technische Software","potentialAction":[{"@type":"SearchAction","target":{"@type":"EntryPoint","urlTemplate":"https:\/\/wicam.com\/fr\/?s={search_term_string}"},"query-input":{"@type":"PropertyValueSpecification","valueRequired":true,"valueName":"search_term_string"}}],"inLanguage":"fr-FR"}]}},"_links":{"self":[{"href":"https:\/\/wicam.com\/fr\/wp-json\/wp\/v2\/pages\/14798","targetHints":{"allow":["GET"]}}],"collection":[{"href":"https:\/\/wicam.com\/fr\/wp-json\/wp\/v2\/pages"}],"about":[{"href":"https:\/\/wicam.com\/fr\/wp-json\/wp\/v2\/types\/page"}],"author":[{"embeddable":true,"href":"https:\/\/wicam.com\/fr\/wp-json\/wp\/v2\/users\/1"}],"replies":[{"embeddable":true,"href":"https:\/\/wicam.com\/fr\/wp-json\/wp\/v2\/comments?post=14798"}],"version-history":[{"count":0,"href":"https:\/\/wicam.com\/fr\/wp-json\/wp\/v2\/pages\/14798\/revisions"}],"up":[{"embeddable":true,"href":"https:\/\/wicam.com\/fr\/wp-json\/wp\/v2\/pages\/6026"}],"wp:attachment":[{"href":"https:\/\/wicam.com\/fr\/wp-json\/wp\/v2\/media?parent=14798"}],"curies":[{"name":"wp","href":"https:\/\/api.w.org\/{rel}","templated":true}]}}