{"id":14799,"date":"2020-03-27T13:39:39","date_gmt":"2020-03-27T12:39:39","guid":{"rendered":"http:\/\/wicam.wiegandt-server.de\/?page_id=14799"},"modified":"2021-03-29T09:22:02","modified_gmt":"2021-03-29T07:22:02","slug":"solution-de-boutique-en-ligne","status":"publish","type":"page","link":"https:\/\/wicam.com\/fr\/logiciel\/pncloud\/solution-de-boutique-en-ligne\/","title":{"rendered":"Solution de boutique en ligne"},"content":{"rendered":"<h2>Solution de boutique en ligne<\/h2>\n<p><img loading=\"lazy\" decoding=\"async\" class=\"alignright wp-image-15103\" src=\"http:\/\/wicam.com\/wp-content\/uploads\/2020\/04\/webshop-300x211.jpg\" alt=\"\" width=\"325\" height=\"228\" srcset=\"https:\/\/wicam.com\/wp-content\/uploads\/2020\/04\/webshop-300x211.jpg 300w, https:\/\/wicam.com\/wp-content\/uploads\/2020\/04\/webshop-768x540.jpg 768w, https:\/\/wicam.com\/wp-content\/uploads\/2020\/04\/webshop.jpg 1000w\" sizes=\"auto, (max-width: 325px) 100vw, 325px\" \/>Nos solutions font partie int\u00e9grante des pi\u00e8ces en t\u00f4le depuis des ann\u00e9es &#8211; des boutiques en ligne dans le monde entier. Profitez de notre savoir-faire num\u00e9rique en mati\u00e8re de gestion des devis et des commandes pour utiliser au mieux vos machines en ligne.<\/p>\n<p>Contr\u00f4lez les entr\u00e9es de commandes, le chiffre d&rsquo;affaires et le b\u00e9n\u00e9fice de vos \u00e9quipements de production en fonction de vos priorit\u00e9s et param\u00e8tres avec un minimum d&rsquo;efforts.<\/p>\n<p>Outre les \u00ab\u00a0petites\u00a0\u00bb solutions de boutique en ligne avec dessin CAO, importation et traitement d&rsquo;assemblage en 3D, vous avez la possibilit\u00e9 de proposer, d&rsquo;accepter ou de transmettre tout volume de production en quelques secondes via des interfaces directes aux principaux clients et concurrents.<\/p>\n<h4 style=\"text-align: left;\">Caract\u00e9ristiques<\/h4>\n<ul>\n<li>Importation DXF \/ CAD<\/li>\n<li>D\u00e9roulement de la 3D<\/li>\n<li>D\u00e9roulement des assembl\u00e9es<\/li>\n<li>Calcul de l&rsquo;offre individuelle<\/li>\n<\/ul>\n","protected":false},"excerpt":{"rendered":"<p>Solution de boutique en ligne Nos solutions font partie int\u00e9grante des pi\u00e8ces en t\u00f4le depuis des ann\u00e9es &#8211; des boutiques en ligne dans le monde entier. Profitez de notre savoir-faire num\u00e9rique en mati\u00e8re de gestion des devis et des commandes pour utiliser au mieux vos machines en ligne. Contr\u00f4lez les entr\u00e9es de commandes, le chiffre [&hellip;]<\/p>\n","protected":false},"author":1,"featured_media":0,"parent":6026,"menu_order":0,"comment_status":"closed","ping_status":"closed","template":"page-software-single.php","meta":{"_acf_changed":false,"footnotes":""},"class_list":["post-14799","page","type-page","status-publish","hentry"],"acf":[],"yoast_head":"<!-- This site is optimized with the Yoast SEO plugin v27.2 - https:\/\/yoast.com\/product\/yoast-seo-wordpress\/ -->\n<title>CAO\/CFAO Logiciel d\u00b4imbrication - CFAO en ligne - PNCloud - Solution de boutique en ligne - WiCAM<\/title>\n<meta name=\"description\" content=\"Nos solutions font partie int\u00e9grante des pi\u00e8ces en t\u00f4le depuis des ann\u00e9es - des boutiques en ligne dans le monde entier. Profitez de notre savoir-faire num\u00e9rique en mati\u00e8re de gestion des devis et des commandes pour utiliser au mieux vos machines en ligne.\" \/>\n<meta name=\"robots\" content=\"index, follow, max-snippet:-1, max-image-preview:large, max-video-preview:-1\" \/>\n<link rel=\"canonical\" href=\"https:\/\/wicam.com\/fr\/logiciel\/pncloud\/solution-de-boutique-en-ligne\/\" \/>\n<meta property=\"og:locale\" content=\"fr_FR\" \/>\n<meta property=\"og:type\" content=\"article\" \/>\n<meta property=\"og:title\" content=\"CAO\/CFAO Logiciel d\u00b4imbrication - CFAO en ligne - PNCloud - Solution de boutique en ligne - WiCAM\" \/>\n<meta property=\"og:description\" content=\"Nos solutions font partie int\u00e9grante des pi\u00e8ces en t\u00f4le depuis des ann\u00e9es - des boutiques en ligne dans le monde entier. Profitez de notre savoir-faire num\u00e9rique en mati\u00e8re de gestion des devis et des commandes pour utiliser au mieux vos machines en ligne.\" \/>\n<meta property=\"og:url\" content=\"https:\/\/wicam.com\/fr\/logiciel\/pncloud\/solution-de-boutique-en-ligne\/\" \/>\n<meta property=\"og:site_name\" content=\"WiCAM\" \/>\n<meta property=\"article:modified_time\" content=\"2021-03-29T07:22:02+00:00\" \/>\n<meta property=\"og:image\" content=\"http:\/\/wicam.com\/wp-content\/uploads\/2020\/04\/webshop-300x211.jpg\" \/>\n<meta name=\"twitter:card\" content=\"summary_large_image\" \/>\n<meta name=\"twitter:label1\" content=\"Dur\u00e9e de lecture estim\u00e9e\" \/>\n\t<meta name=\"twitter:data1\" content=\"1 minute\" \/>\n<script type=\"application\/ld+json\" class=\"yoast-schema-graph\">{\"@context\":\"https:\/\/schema.org\",\"@graph\":[{\"@type\":\"WebPage\",\"@id\":\"https:\/\/wicam.com\/fr\/logiciel\/pncloud\/solution-de-boutique-en-ligne\/\",\"url\":\"https:\/\/wicam.com\/fr\/logiciel\/pncloud\/solution-de-boutique-en-ligne\/\",\"name\":\"CAO\/CFAO Logiciel d\u00b4imbrication - CFAO en ligne - PNCloud - Solution de boutique en ligne - WiCAM\",\"isPartOf\":{\"@id\":\"https:\/\/wicam.com\/fr\/#website\"},\"primaryImageOfPage\":{\"@id\":\"https:\/\/wicam.com\/fr\/logiciel\/pncloud\/solution-de-boutique-en-ligne\/#primaryimage\"},\"image\":{\"@id\":\"https:\/\/wicam.com\/fr\/logiciel\/pncloud\/solution-de-boutique-en-ligne\/#primaryimage\"},\"thumbnailUrl\":\"http:\/\/wicam.com\/wp-content\/uploads\/2020\/04\/webshop-300x211.jpg\",\"datePublished\":\"2020-03-27T12:39:39+00:00\",\"dateModified\":\"2021-03-29T07:22:02+00:00\",\"description\":\"Nos solutions font partie int\u00e9grante des pi\u00e8ces en t\u00f4le depuis des ann\u00e9es - des boutiques en ligne dans le monde entier. Profitez de notre savoir-faire num\u00e9rique en mati\u00e8re de gestion des devis et des commandes pour utiliser au mieux vos machines en ligne.\",\"breadcrumb\":{\"@id\":\"https:\/\/wicam.com\/fr\/logiciel\/pncloud\/solution-de-boutique-en-ligne\/#breadcrumb\"},\"inLanguage\":\"fr-FR\",\"potentialAction\":[{\"@type\":\"ReadAction\",\"target\":[\"https:\/\/wicam.com\/fr\/logiciel\/pncloud\/solution-de-boutique-en-ligne\/\"]}]},{\"@type\":\"ImageObject\",\"inLanguage\":\"fr-FR\",\"@id\":\"https:\/\/wicam.com\/fr\/logiciel\/pncloud\/solution-de-boutique-en-ligne\/#primaryimage\",\"url\":\"http:\/\/wicam.com\/wp-content\/uploads\/2020\/04\/webshop-300x211.jpg\",\"contentUrl\":\"http:\/\/wicam.com\/wp-content\/uploads\/2020\/04\/webshop-300x211.jpg\"},{\"@type\":\"BreadcrumbList\",\"@id\":\"https:\/\/wicam.com\/fr\/logiciel\/pncloud\/solution-de-boutique-en-ligne\/#breadcrumb\",\"itemListElement\":[{\"@type\":\"ListItem\",\"position\":1,\"name\":\"Startseite\",\"item\":\"https:\/\/wicam.com\/fr\/\"},{\"@type\":\"ListItem\",\"position\":2,\"name\":\"Logiciel\",\"item\":\"https:\/\/wicam.com\/fr\/logiciel\/\"},{\"@type\":\"ListItem\",\"position\":3,\"name\":\"CFAO en ligne\",\"item\":\"https:\/\/wicam.com\/fr\/logiciel\/pncloud\/\"},{\"@type\":\"ListItem\",\"position\":4,\"name\":\"Solution de boutique en ligne\"}]},{\"@type\":\"WebSite\",\"@id\":\"https:\/\/wicam.com\/fr\/#website\",\"url\":\"https:\/\/wicam.com\/fr\/\",\"name\":\"WiCAM\",\"description\":\"Technische Software\",\"potentialAction\":[{\"@type\":\"SearchAction\",\"target\":{\"@type\":\"EntryPoint\",\"urlTemplate\":\"https:\/\/wicam.com\/fr\/?s={search_term_string}\"},\"query-input\":{\"@type\":\"PropertyValueSpecification\",\"valueRequired\":true,\"valueName\":\"search_term_string\"}}],\"inLanguage\":\"fr-FR\"}]}<\/script>\n<!-- \/ Yoast SEO plugin. -->","yoast_head_json":{"title":"CAO\/CFAO Logiciel d\u00b4imbrication - CFAO en ligne - PNCloud - Solution de boutique en ligne - WiCAM","description":"Nos solutions font partie int\u00e9grante des pi\u00e8ces en t\u00f4le depuis des ann\u00e9es - des boutiques en ligne dans le monde entier. Profitez de notre savoir-faire num\u00e9rique en mati\u00e8re de gestion des devis et des commandes pour utiliser au mieux vos machines en ligne.","robots":{"index":"index","follow":"follow","max-snippet":"max-snippet:-1","max-image-preview":"max-image-preview:large","max-video-preview":"max-video-preview:-1"},"canonical":"https:\/\/wicam.com\/fr\/logiciel\/pncloud\/solution-de-boutique-en-ligne\/","og_locale":"fr_FR","og_type":"article","og_title":"CAO\/CFAO Logiciel d\u00b4imbrication - CFAO en ligne - PNCloud - Solution de boutique en ligne - WiCAM","og_description":"Nos solutions font partie int\u00e9grante des pi\u00e8ces en t\u00f4le depuis des ann\u00e9es - des boutiques en ligne dans le monde entier. Profitez de notre savoir-faire num\u00e9rique en mati\u00e8re de gestion des devis et des commandes pour utiliser au mieux vos machines en ligne.","og_url":"https:\/\/wicam.com\/fr\/logiciel\/pncloud\/solution-de-boutique-en-ligne\/","og_site_name":"WiCAM","article_modified_time":"2021-03-29T07:22:02+00:00","og_image":[{"url":"http:\/\/wicam.com\/wp-content\/uploads\/2020\/04\/webshop-300x211.jpg","type":"","width":"","height":""}],"twitter_card":"summary_large_image","twitter_misc":{"Dur\u00e9e de lecture estim\u00e9e":"1 minute"},"schema":{"@context":"https:\/\/schema.org","@graph":[{"@type":"WebPage","@id":"https:\/\/wicam.com\/fr\/logiciel\/pncloud\/solution-de-boutique-en-ligne\/","url":"https:\/\/wicam.com\/fr\/logiciel\/pncloud\/solution-de-boutique-en-ligne\/","name":"CAO\/CFAO Logiciel d\u00b4imbrication - CFAO en ligne - PNCloud - Solution de boutique en ligne - WiCAM","isPartOf":{"@id":"https:\/\/wicam.com\/fr\/#website"},"primaryImageOfPage":{"@id":"https:\/\/wicam.com\/fr\/logiciel\/pncloud\/solution-de-boutique-en-ligne\/#primaryimage"},"image":{"@id":"https:\/\/wicam.com\/fr\/logiciel\/pncloud\/solution-de-boutique-en-ligne\/#primaryimage"},"thumbnailUrl":"http:\/\/wicam.com\/wp-content\/uploads\/2020\/04\/webshop-300x211.jpg","datePublished":"2020-03-27T12:39:39+00:00","dateModified":"2021-03-29T07:22:02+00:00","description":"Nos solutions font partie int\u00e9grante des pi\u00e8ces en t\u00f4le depuis des ann\u00e9es - des boutiques en ligne dans le monde entier. Profitez de notre savoir-faire num\u00e9rique en mati\u00e8re de gestion des devis et des commandes pour utiliser au mieux vos machines en ligne.","breadcrumb":{"@id":"https:\/\/wicam.com\/fr\/logiciel\/pncloud\/solution-de-boutique-en-ligne\/#breadcrumb"},"inLanguage":"fr-FR","potentialAction":[{"@type":"ReadAction","target":["https:\/\/wicam.com\/fr\/logiciel\/pncloud\/solution-de-boutique-en-ligne\/"]}]},{"@type":"ImageObject","inLanguage":"fr-FR","@id":"https:\/\/wicam.com\/fr\/logiciel\/pncloud\/solution-de-boutique-en-ligne\/#primaryimage","url":"http:\/\/wicam.com\/wp-content\/uploads\/2020\/04\/webshop-300x211.jpg","contentUrl":"http:\/\/wicam.com\/wp-content\/uploads\/2020\/04\/webshop-300x211.jpg"},{"@type":"BreadcrumbList","@id":"https:\/\/wicam.com\/fr\/logiciel\/pncloud\/solution-de-boutique-en-ligne\/#breadcrumb","itemListElement":[{"@type":"ListItem","position":1,"name":"Startseite","item":"https:\/\/wicam.com\/fr\/"},{"@type":"ListItem","position":2,"name":"Logiciel","item":"https:\/\/wicam.com\/fr\/logiciel\/"},{"@type":"ListItem","position":3,"name":"CFAO en ligne","item":"https:\/\/wicam.com\/fr\/logiciel\/pncloud\/"},{"@type":"ListItem","position":4,"name":"Solution de boutique en ligne"}]},{"@type":"WebSite","@id":"https:\/\/wicam.com\/fr\/#website","url":"https:\/\/wicam.com\/fr\/","name":"WiCAM","description":"Technische Software","potentialAction":[{"@type":"SearchAction","target":{"@type":"EntryPoint","urlTemplate":"https:\/\/wicam.com\/fr\/?s={search_term_string}"},"query-input":{"@type":"PropertyValueSpecification","valueRequired":true,"valueName":"search_term_string"}}],"inLanguage":"fr-FR"}]}},"_links":{"self":[{"href":"https:\/\/wicam.com\/fr\/wp-json\/wp\/v2\/pages\/14799","targetHints":{"allow":["GET"]}}],"collection":[{"href":"https:\/\/wicam.com\/fr\/wp-json\/wp\/v2\/pages"}],"about":[{"href":"https:\/\/wicam.com\/fr\/wp-json\/wp\/v2\/types\/page"}],"author":[{"embeddable":true,"href":"https:\/\/wicam.com\/fr\/wp-json\/wp\/v2\/users\/1"}],"replies":[{"embeddable":true,"href":"https:\/\/wicam.com\/fr\/wp-json\/wp\/v2\/comments?post=14799"}],"version-history":[{"count":0,"href":"https:\/\/wicam.com\/fr\/wp-json\/wp\/v2\/pages\/14799\/revisions"}],"up":[{"embeddable":true,"href":"https:\/\/wicam.com\/fr\/wp-json\/wp\/v2\/pages\/6026"}],"wp:attachment":[{"href":"https:\/\/wicam.com\/fr\/wp-json\/wp\/v2\/media?parent=14799"}],"curies":[{"name":"wp","href":"https:\/\/api.w.org\/{rel}","templated":true}]}}