{"id":18564,"date":"2020-05-20T14:29:08","date_gmt":"2020-05-20T12:29:08","guid":{"rendered":"https:\/\/www.wicam.com\/logiciel\/lvd\/"},"modified":"2021-02-24T15:22:12","modified_gmt":"2021-02-24T14:22:12","slug":"lvd","status":"publish","type":"page","link":"https:\/\/wicam.com\/fr\/logiciel\/lvd\/","title":{"rendered":"Lvd"},"content":{"rendered":"<p><a href=\"https:\/\/www.wicam.com\/fr\/logiciel\/\"><img loading=\"lazy\" decoding=\"async\" class=\"alignright wp-image-11564 size-medium\" src=\"https:\/\/www.wicam.com\/wp-content\/uploads\/2019\/11\/software-cadcamautomation2-300x211.jpg\" alt=\"\" width=\"300\" height=\"211\" srcset=\"https:\/\/wicam.com\/wp-content\/uploads\/2019\/11\/software-cadcamautomation2-300x211.jpg 300w, https:\/\/wicam.com\/wp-content\/uploads\/2019\/11\/software-cadcamautomation2.jpg 450w\" sizes=\"auto, (max-width: 300px) 100vw, 300px\" \/><\/a>LVD a une longue tradition de production de machines laser, de poin\u00e7onnage et de pliage de haute qualit\u00e9.<\/p>\n<p><a href=\"https:\/\/www.wicam.com\/fr\/logiciel\/\">WiCAM<\/a> a d\u00e9velopp\u00e9 les premiers post-processeurs pour ces machines dans les ann\u00e9es 1990.<\/p>\n<p>Aujourd&rsquo;hui, des centaines de machines LVD produisent et communiquent avec le <a href=\"https:\/\/www.wicam.com\/fr\/logiciel\/\">logiciel PN de WiCAM<\/a>.<\/p>\n<p>En particulier, la connectivit\u00e9 PPS, les coupes communes et la possibilit\u00e9 de combiner les machines LVD avec les m\u00e9thodes de production de tout autre fabricant permettent aux clients de r\u00e9aliser des solutions d&rsquo;automatisation compl\u00e8tes de \u00ab\u00a0niveau sup\u00e9rieur\u00a0\u00bb.<\/p>\n<p><a class=\"btn\" href=\"\/marketing\/factsheets\/pn4000-fr-factsheet.pdf\" target=\"_blank\" rel=\"noopener\">Factsheet<\/a> <a class=\"btn\" href=\"\/fr\/contact\/\">obtenir une d\u00e9mo<\/a><\/p>\n<p>&nbsp;<\/p>\n<p>&nbsp;<\/p>\n<p><a href=\"https:\/\/www.wicam.com\/fr\/mediathek\/cadcam-nesting-gruau-programme-avec-wicam\/\"><img loading=\"lazy\" decoding=\"async\" class=\"alignleft wp-image-14492\" src=\"http:\/\/wicam.com\/wp-content\/uploads\/2020\/03\/gruau-bewertung-300x300.png\" alt=\"\" width=\"200\" height=\"200\" srcset=\"https:\/\/wicam.com\/wp-content\/uploads\/2020\/03\/gruau-bewertung-300x300.png 300w, https:\/\/wicam.com\/wp-content\/uploads\/2020\/03\/gruau-bewertung-150x150.png 150w, https:\/\/wicam.com\/wp-content\/uploads\/2020\/03\/gruau-bewertung.png 450w\" sizes=\"auto, (max-width: 200px) 100vw, 200px\" \/><\/a><img loading=\"lazy\" decoding=\"async\" class=\"alignnone size-full wp-image-9380\" src=\"https:\/\/www.wicam.com\/wp-content\/uploads\/2020\/09\/rate2.png\" alt=\"\" width=\"86\" height=\"17\" \/> | <strong>M. Louis Reni\u00e9 explique les origines:<\/strong><\/p>\n<p><em>\u201eIIl y a dix ans, nous produisions avec des machines de marques Amada et de leurs logiciels associ\u00e9s. Lorsque notre premi\u00e8re machine Trumpf a \u00e9t\u00e9 achet\u00e9, nous avions besoin d\u2019un logiciel d\u2019imbrication prenant en charge toutes nos machines de fabricants diff\u00e9rents. En outre, il y avait d\u00e9j\u00e0 un besoin urgent de r\u00e9aliser la fabrication en int\u00e9grant notre ERP avec la CAO, afin de pallier \u00e0 une individualisation croissante, un nombre d\u2019unit\u00e9s plus petites et des dates de livraison plus courtes. Le logiciel PN4000 de WiCAM a \u00e9t\u00e9 install\u00e9 avec l\u2019interface CAO et ERP permettant une int\u00e9gration rapide de chaque nouvelle machine.\u201c<\/em><\/p>\n<p><a class=\"btn\" href=\"\/fr\/mediathek\/cadcam-nesting-gruau-programme-avec-wicam\/\">Reportage d&rsquo;utilisateurs<\/a><\/p>\n<p>&nbsp;<\/p>\n","protected":false},"excerpt":{"rendered":"<p>LVD a une longue tradition de production de machines laser, de poin\u00e7onnage et de pliage de haute qualit\u00e9. WiCAM a d\u00e9velopp\u00e9 les premiers post-processeurs pour ces machines dans les ann\u00e9es 1990. Aujourd&rsquo;hui, des centaines de machines LVD produisent et communiquent avec le logiciel PN de WiCAM. En particulier, la connectivit\u00e9 PPS, les coupes communes et [&hellip;]<\/p>\n","protected":false},"author":1,"featured_media":2829,"parent":5755,"menu_order":0,"comment_status":"closed","ping_status":"closed","template":"page-software-single.php","meta":{"_acf_changed":false,"footnotes":""},"class_list":["post-18564","page","type-page","status-publish","has-post-thumbnail","hentry"],"acf":[],"yoast_head":"<!-- This site is optimized with the Yoast SEO plugin v27.2 - https:\/\/yoast.com\/product\/yoast-seo-wordpress\/ -->\n<title>CAO \/ CFAO \/ ERP Logiciel pour LVD - WiCAM<\/title>\n<meta name=\"description\" content=\"Aujourd&#039;hui, des centaines de machines LVD produisent et communiquent avec le logiciel PN de WiCAM. En particulier, la connectivit\u00e9 PPS, les coupes communes et la possibilit\u00e9 de combiner les machines LVD avec les m\u00e9thodes de production de tout autre fabricant permettent aux clients de r\u00e9aliser des solutions d&#039;automatisation compl\u00e8tes de &quot;niveau sup\u00e9rieur&quot;.\" \/>\n<meta name=\"robots\" content=\"index, follow, max-snippet:-1, max-image-preview:large, max-video-preview:-1\" \/>\n<link rel=\"canonical\" href=\"https:\/\/wicam.com\/fr\/logiciel\/lvd\/\" \/>\n<meta property=\"og:locale\" content=\"fr_FR\" \/>\n<meta property=\"og:type\" content=\"article\" \/>\n<meta property=\"og:title\" content=\"CAO \/ CFAO \/ ERP Logiciel pour LVD - WiCAM\" \/>\n<meta property=\"og:description\" content=\"Aujourd&#039;hui, des centaines de machines LVD produisent et communiquent avec le logiciel PN de WiCAM. En particulier, la connectivit\u00e9 PPS, les coupes communes et la possibilit\u00e9 de combiner les machines LVD avec les m\u00e9thodes de production de tout autre fabricant permettent aux clients de r\u00e9aliser des solutions d&#039;automatisation compl\u00e8tes de &quot;niveau sup\u00e9rieur&quot;.\" \/>\n<meta property=\"og:url\" content=\"https:\/\/wicam.com\/fr\/logiciel\/lvd\/\" \/>\n<meta property=\"og:site_name\" content=\"WiCAM\" \/>\n<meta property=\"article:modified_time\" content=\"2021-02-24T14:22:12+00:00\" \/>\n<meta property=\"og:image\" content=\"https:\/\/wicam.com\/wp-content\/uploads\/2018\/09\/header-nesting3.jpg\" \/>\n\t<meta property=\"og:image:width\" content=\"1750\" \/>\n\t<meta property=\"og:image:height\" content=\"984\" \/>\n\t<meta property=\"og:image:type\" content=\"image\/jpeg\" \/>\n<meta name=\"twitter:card\" content=\"summary_large_image\" \/>\n<meta name=\"twitter:label1\" content=\"Dur\u00e9e de lecture estim\u00e9e\" \/>\n\t<meta name=\"twitter:data1\" content=\"1 minute\" \/>\n<script type=\"application\/ld+json\" class=\"yoast-schema-graph\">{\"@context\":\"https:\/\/schema.org\",\"@graph\":[{\"@type\":\"WebPage\",\"@id\":\"https:\/\/wicam.com\/fr\/logiciel\/lvd\/\",\"url\":\"https:\/\/wicam.com\/fr\/logiciel\/lvd\/\",\"name\":\"CAO \/ CFAO \/ ERP Logiciel pour LVD - WiCAM\",\"isPartOf\":{\"@id\":\"https:\/\/wicam.com\/fr\/#website\"},\"primaryImageOfPage\":{\"@id\":\"https:\/\/wicam.com\/fr\/logiciel\/lvd\/#primaryimage\"},\"image\":{\"@id\":\"https:\/\/wicam.com\/fr\/logiciel\/lvd\/#primaryimage\"},\"thumbnailUrl\":\"https:\/\/wicam.com\/wp-content\/uploads\/2018\/09\/header-nesting3.jpg\",\"datePublished\":\"2020-05-20T12:29:08+00:00\",\"dateModified\":\"2021-02-24T14:22:12+00:00\",\"description\":\"Aujourd'hui, des centaines de machines LVD produisent et communiquent avec le logiciel PN de WiCAM. En particulier, la connectivit\u00e9 PPS, les coupes communes et la possibilit\u00e9 de combiner les machines LVD avec les m\u00e9thodes de production de tout autre fabricant permettent aux clients de r\u00e9aliser des solutions d'automatisation compl\u00e8tes de \\\"niveau sup\u00e9rieur\\\".\",\"breadcrumb\":{\"@id\":\"https:\/\/wicam.com\/fr\/logiciel\/lvd\/#breadcrumb\"},\"inLanguage\":\"fr-FR\",\"potentialAction\":[{\"@type\":\"ReadAction\",\"target\":[\"https:\/\/wicam.com\/fr\/logiciel\/lvd\/\"]}]},{\"@type\":\"ImageObject\",\"inLanguage\":\"fr-FR\",\"@id\":\"https:\/\/wicam.com\/fr\/logiciel\/lvd\/#primaryimage\",\"url\":\"https:\/\/wicam.com\/wp-content\/uploads\/2018\/09\/header-nesting3.jpg\",\"contentUrl\":\"https:\/\/wicam.com\/wp-content\/uploads\/2018\/09\/header-nesting3.jpg\",\"width\":1750,\"height\":984},{\"@type\":\"BreadcrumbList\",\"@id\":\"https:\/\/wicam.com\/fr\/logiciel\/lvd\/#breadcrumb\",\"itemListElement\":[{\"@type\":\"ListItem\",\"position\":1,\"name\":\"Startseite\",\"item\":\"https:\/\/wicam.com\/fr\/\"},{\"@type\":\"ListItem\",\"position\":2,\"name\":\"Logiciel\",\"item\":\"https:\/\/wicam.com\/fr\/logiciel\/\"},{\"@type\":\"ListItem\",\"position\":3,\"name\":\"Lvd\"}]},{\"@type\":\"WebSite\",\"@id\":\"https:\/\/wicam.com\/fr\/#website\",\"url\":\"https:\/\/wicam.com\/fr\/\",\"name\":\"WiCAM\",\"description\":\"Technische Software\",\"potentialAction\":[{\"@type\":\"SearchAction\",\"target\":{\"@type\":\"EntryPoint\",\"urlTemplate\":\"https:\/\/wicam.com\/fr\/?s={search_term_string}\"},\"query-input\":{\"@type\":\"PropertyValueSpecification\",\"valueRequired\":true,\"valueName\":\"search_term_string\"}}],\"inLanguage\":\"fr-FR\"}]}<\/script>\n<!-- \/ Yoast SEO plugin. -->","yoast_head_json":{"title":"CAO \/ CFAO \/ ERP Logiciel pour LVD - WiCAM","description":"Aujourd'hui, des centaines de machines LVD produisent et communiquent avec le logiciel PN de WiCAM. En particulier, la connectivit\u00e9 PPS, les coupes communes et la possibilit\u00e9 de combiner les machines LVD avec les m\u00e9thodes de production de tout autre fabricant permettent aux clients de r\u00e9aliser des solutions d'automatisation compl\u00e8tes de \"niveau sup\u00e9rieur\".","robots":{"index":"index","follow":"follow","max-snippet":"max-snippet:-1","max-image-preview":"max-image-preview:large","max-video-preview":"max-video-preview:-1"},"canonical":"https:\/\/wicam.com\/fr\/logiciel\/lvd\/","og_locale":"fr_FR","og_type":"article","og_title":"CAO \/ CFAO \/ ERP Logiciel pour LVD - WiCAM","og_description":"Aujourd'hui, des centaines de machines LVD produisent et communiquent avec le logiciel PN de WiCAM. En particulier, la connectivit\u00e9 PPS, les coupes communes et la possibilit\u00e9 de combiner les machines LVD avec les m\u00e9thodes de production de tout autre fabricant permettent aux clients de r\u00e9aliser des solutions d'automatisation compl\u00e8tes de \"niveau sup\u00e9rieur\".","og_url":"https:\/\/wicam.com\/fr\/logiciel\/lvd\/","og_site_name":"WiCAM","article_modified_time":"2021-02-24T14:22:12+00:00","og_image":[{"width":1750,"height":984,"url":"https:\/\/wicam.com\/wp-content\/uploads\/2018\/09\/header-nesting3.jpg","type":"image\/jpeg"}],"twitter_card":"summary_large_image","twitter_misc":{"Dur\u00e9e de lecture estim\u00e9e":"1 minute"},"schema":{"@context":"https:\/\/schema.org","@graph":[{"@type":"WebPage","@id":"https:\/\/wicam.com\/fr\/logiciel\/lvd\/","url":"https:\/\/wicam.com\/fr\/logiciel\/lvd\/","name":"CAO \/ CFAO \/ ERP Logiciel pour LVD - WiCAM","isPartOf":{"@id":"https:\/\/wicam.com\/fr\/#website"},"primaryImageOfPage":{"@id":"https:\/\/wicam.com\/fr\/logiciel\/lvd\/#primaryimage"},"image":{"@id":"https:\/\/wicam.com\/fr\/logiciel\/lvd\/#primaryimage"},"thumbnailUrl":"https:\/\/wicam.com\/wp-content\/uploads\/2018\/09\/header-nesting3.jpg","datePublished":"2020-05-20T12:29:08+00:00","dateModified":"2021-02-24T14:22:12+00:00","description":"Aujourd'hui, des centaines de machines LVD produisent et communiquent avec le logiciel PN de WiCAM. En particulier, la connectivit\u00e9 PPS, les coupes communes et la possibilit\u00e9 de combiner les machines LVD avec les m\u00e9thodes de production de tout autre fabricant permettent aux clients de r\u00e9aliser des solutions d'automatisation compl\u00e8tes de \"niveau sup\u00e9rieur\".","breadcrumb":{"@id":"https:\/\/wicam.com\/fr\/logiciel\/lvd\/#breadcrumb"},"inLanguage":"fr-FR","potentialAction":[{"@type":"ReadAction","target":["https:\/\/wicam.com\/fr\/logiciel\/lvd\/"]}]},{"@type":"ImageObject","inLanguage":"fr-FR","@id":"https:\/\/wicam.com\/fr\/logiciel\/lvd\/#primaryimage","url":"https:\/\/wicam.com\/wp-content\/uploads\/2018\/09\/header-nesting3.jpg","contentUrl":"https:\/\/wicam.com\/wp-content\/uploads\/2018\/09\/header-nesting3.jpg","width":1750,"height":984},{"@type":"BreadcrumbList","@id":"https:\/\/wicam.com\/fr\/logiciel\/lvd\/#breadcrumb","itemListElement":[{"@type":"ListItem","position":1,"name":"Startseite","item":"https:\/\/wicam.com\/fr\/"},{"@type":"ListItem","position":2,"name":"Logiciel","item":"https:\/\/wicam.com\/fr\/logiciel\/"},{"@type":"ListItem","position":3,"name":"Lvd"}]},{"@type":"WebSite","@id":"https:\/\/wicam.com\/fr\/#website","url":"https:\/\/wicam.com\/fr\/","name":"WiCAM","description":"Technische Software","potentialAction":[{"@type":"SearchAction","target":{"@type":"EntryPoint","urlTemplate":"https:\/\/wicam.com\/fr\/?s={search_term_string}"},"query-input":{"@type":"PropertyValueSpecification","valueRequired":true,"valueName":"search_term_string"}}],"inLanguage":"fr-FR"}]}},"_links":{"self":[{"href":"https:\/\/wicam.com\/fr\/wp-json\/wp\/v2\/pages\/18564","targetHints":{"allow":["GET"]}}],"collection":[{"href":"https:\/\/wicam.com\/fr\/wp-json\/wp\/v2\/pages"}],"about":[{"href":"https:\/\/wicam.com\/fr\/wp-json\/wp\/v2\/types\/page"}],"author":[{"embeddable":true,"href":"https:\/\/wicam.com\/fr\/wp-json\/wp\/v2\/users\/1"}],"replies":[{"embeddable":true,"href":"https:\/\/wicam.com\/fr\/wp-json\/wp\/v2\/comments?post=18564"}],"version-history":[{"count":0,"href":"https:\/\/wicam.com\/fr\/wp-json\/wp\/v2\/pages\/18564\/revisions"}],"up":[{"embeddable":true,"href":"https:\/\/wicam.com\/fr\/wp-json\/wp\/v2\/pages\/5755"}],"wp:featuredmedia":[{"embeddable":true,"href":"https:\/\/wicam.com\/fr\/wp-json\/wp\/v2\/media\/2829"}],"wp:attachment":[{"href":"https:\/\/wicam.com\/fr\/wp-json\/wp\/v2\/media?parent=18564"}],"curies":[{"name":"wp","href":"https:\/\/api.w.org\/{rel}","templated":true}]}}