{"id":19114,"date":"2020-05-20T14:29:35","date_gmt":"2020-05-20T12:29:35","guid":{"rendered":"https:\/\/www.wicam.com\/logiciel\/pivatic\/"},"modified":"2021-02-24T16:05:08","modified_gmt":"2021-02-24T15:05:08","slug":"pivatic","status":"publish","type":"page","link":"https:\/\/wicam.com\/fr\/logiciel\/pivatic\/","title":{"rendered":"Pivatic"},"content":{"rendered":"<p><a href=\"https:\/\/www.wicam.com\/fr\/logiciel\/\"><img loading=\"lazy\" decoding=\"async\" class=\"alignright wp-image-11564 size-medium\" src=\"https:\/\/www.wicam.com\/wp-content\/uploads\/2019\/11\/software-cadcamautomation2-300x211.jpg\" alt=\"\" width=\"300\" height=\"211\" srcset=\"https:\/\/wicam.com\/wp-content\/uploads\/2019\/11\/software-cadcamautomation2-300x211.jpg 300w, https:\/\/wicam.com\/wp-content\/uploads\/2019\/11\/software-cadcamautomation2.jpg 450w\" sizes=\"auto, (max-width: 300px) 100vw, 300px\" \/><\/a>Pivatic a une longue tradition dans la production d&rsquo;\u00e9quipements de haute qualit\u00e9 pour le poin\u00e7onnage, le cisaillage et le pliage de bobines.<\/p>\n<p>WiCAM a d\u00e9velopp\u00e9 les premiers <a href=\"https:\/\/www.wicam.com\/fr\/logiciel\/\">post-processeurs pour ces machines<\/a> dans les ann\u00e9es 2000.<\/p>\n<p>Aujourd\u2019hui, des centaines de machines Pivatic produisent et communiquent avec <a href=\"https:\/\/www.wicam.com\/fr\/logiciel\/\">le logiciel PN de WiCAM<\/a>.<\/p>\n<p>En particulier, la connectivit\u00e9 PPS, les coupes communes et la possibilit\u00e9 de combiner les machines Pivatic avec les m\u00e9thodes de production de tout autre fabricant permettent aux clients de r\u00e9aliser des solutions d\u2019automatisation compl\u00e8tes de \u00ab niveau sup\u00e9rieur \u00bb.<\/p>\n<p><a class=\"btn\" href=\"\/marketing\/factsheets\/pn4000-fr-factsheet.pdf\" target=\"_blank\" rel=\"noopener\">Factsheet<\/a> <a class=\"btn\" href=\"\/fr\/contact\/\">obtenir une d\u00e9mo<\/a><\/p>\n<p>&nbsp;<\/p>\n<p>&nbsp;<\/p>\n<p><a href=\"https:\/\/www.wicam.com\/fr\/mediathek\/cadcam-nesting-al-ko-programme-avec-wicam\/\" target=\"_blank\" rel=\"noopener noreferrer\"><img loading=\"lazy\" decoding=\"async\" class=\"alignleft wp-image-16671\" src=\"https:\/\/www.wicam.com\/wp-content\/uploads\/2020\/08\/alko-bewertung-300x300.png\" alt=\"\" width=\"200\" height=\"200\" srcset=\"https:\/\/wicam.com\/wp-content\/uploads\/2020\/08\/alko-bewertung-300x300.png 300w, https:\/\/wicam.com\/wp-content\/uploads\/2020\/08\/alko-bewertung-150x150.png 150w, https:\/\/wicam.com\/wp-content\/uploads\/2020\/08\/alko-bewertung.png 450w\" sizes=\"auto, (max-width: 200px) 100vw, 200px\" \/><\/a><img loading=\"lazy\" decoding=\"async\" class=\"alignnone size-full wp-image-9380\" src=\"https:\/\/www.wicam.com\/wp-content\/uploads\/2020\/09\/rate2.png\" alt=\"\" width=\"86\" height=\"17\" \/> | <strong>Mr. Herrmann, Directeur d&rsquo;usine chez Alko:<\/strong><\/p>\n<p><em>\u00ab\u00a0Au d\u00e9but des ann\u00e9es 90 nous produisions manuellement \u00e0 partir de rouleaux des s\u00e9ries de 20 pi\u00e8ces minimum. Pour l\u00b4optimisation de nos gamme de production la soci\u00e9t\u00e9 Pivatic nous conseilla le sp\u00e9cialiste WiCAM. Et seulement apr\u00e8s quelques jours suivant l\u00b4installation de PN4000 nous pouvions programmer automatiquement nos Pivatic.\u00a0\u00bb<\/em><\/p>\n<p><a class=\"btn\" href=\"\/fr\/mediathek\/cadcam-nesting-al-ko-programme-avec-wicam\/\">Reportage d&rsquo;utilisateurs<\/a><\/p>\n<p>&nbsp;<\/p>\n","protected":false},"excerpt":{"rendered":"<p>Pivatic a une longue tradition dans la production d&rsquo;\u00e9quipements de haute qualit\u00e9 pour le poin\u00e7onnage, le cisaillage et le pliage de bobines. WiCAM a d\u00e9velopp\u00e9 les premiers post-processeurs pour ces machines dans les ann\u00e9es 2000. Aujourd\u2019hui, des centaines de machines Pivatic produisent et communiquent avec le logiciel PN de WiCAM. En particulier, la connectivit\u00e9 PPS, [&hellip;]<\/p>\n","protected":false},"author":1,"featured_media":2829,"parent":5755,"menu_order":0,"comment_status":"closed","ping_status":"closed","template":"page-software-single.php","meta":{"_acf_changed":false,"footnotes":""},"class_list":["post-19114","page","type-page","status-publish","has-post-thumbnail","hentry"],"acf":[],"yoast_head":"<!-- This site is optimized with the Yoast SEO plugin v27.2 - https:\/\/yoast.com\/product\/yoast-seo-wordpress\/ -->\n<title>CAO \/ CFAO \/ ERP Logiciel pour Pivatic - WiCAM<\/title>\n<meta name=\"description\" content=\"WiCAM a d\u00e9velopp\u00e9 les premiers post-processeurs pour les machines Pivatic d\u00e8s le d\u00e9but des ann\u00e9es 2000. Aujourd&#039;hui, des centaines de machines Pivatic produisent et communiquent avec le logiciel PN de WiCAM.\" \/>\n<meta name=\"robots\" content=\"index, follow, max-snippet:-1, max-image-preview:large, max-video-preview:-1\" \/>\n<link rel=\"canonical\" href=\"https:\/\/wicam.com\/fr\/logiciel\/pivatic\/\" \/>\n<meta property=\"og:locale\" content=\"fr_FR\" \/>\n<meta property=\"og:type\" content=\"article\" \/>\n<meta property=\"og:title\" content=\"CAO \/ CFAO \/ ERP Logiciel pour Pivatic - WiCAM\" \/>\n<meta property=\"og:description\" content=\"WiCAM a d\u00e9velopp\u00e9 les premiers post-processeurs pour les machines Pivatic d\u00e8s le d\u00e9but des ann\u00e9es 2000. Aujourd&#039;hui, des centaines de machines Pivatic produisent et communiquent avec le logiciel PN de WiCAM.\" \/>\n<meta property=\"og:url\" content=\"https:\/\/wicam.com\/fr\/logiciel\/pivatic\/\" \/>\n<meta property=\"og:site_name\" content=\"WiCAM\" \/>\n<meta property=\"article:modified_time\" content=\"2021-02-24T15:05:08+00:00\" \/>\n<meta property=\"og:image\" content=\"https:\/\/wicam.com\/wp-content\/uploads\/2018\/09\/header-nesting3.jpg\" \/>\n\t<meta property=\"og:image:width\" content=\"1750\" \/>\n\t<meta property=\"og:image:height\" content=\"984\" \/>\n\t<meta property=\"og:image:type\" content=\"image\/jpeg\" \/>\n<meta name=\"twitter:card\" content=\"summary_large_image\" \/>\n<meta name=\"twitter:label1\" content=\"Dur\u00e9e de lecture estim\u00e9e\" \/>\n\t<meta name=\"twitter:data1\" content=\"2 minutes\" \/>\n<script type=\"application\/ld+json\" class=\"yoast-schema-graph\">{\"@context\":\"https:\/\/schema.org\",\"@graph\":[{\"@type\":\"WebPage\",\"@id\":\"https:\/\/wicam.com\/fr\/logiciel\/pivatic\/\",\"url\":\"https:\/\/wicam.com\/fr\/logiciel\/pivatic\/\",\"name\":\"CAO \/ CFAO \/ ERP Logiciel pour Pivatic - WiCAM\",\"isPartOf\":{\"@id\":\"https:\/\/wicam.com\/fr\/#website\"},\"primaryImageOfPage\":{\"@id\":\"https:\/\/wicam.com\/fr\/logiciel\/pivatic\/#primaryimage\"},\"image\":{\"@id\":\"https:\/\/wicam.com\/fr\/logiciel\/pivatic\/#primaryimage\"},\"thumbnailUrl\":\"https:\/\/wicam.com\/wp-content\/uploads\/2018\/09\/header-nesting3.jpg\",\"datePublished\":\"2020-05-20T12:29:35+00:00\",\"dateModified\":\"2021-02-24T15:05:08+00:00\",\"description\":\"WiCAM a d\u00e9velopp\u00e9 les premiers post-processeurs pour les machines Pivatic d\u00e8s le d\u00e9but des ann\u00e9es 2000. Aujourd'hui, des centaines de machines Pivatic produisent et communiquent avec le logiciel PN de WiCAM.\",\"breadcrumb\":{\"@id\":\"https:\/\/wicam.com\/fr\/logiciel\/pivatic\/#breadcrumb\"},\"inLanguage\":\"fr-FR\",\"potentialAction\":[{\"@type\":\"ReadAction\",\"target\":[\"https:\/\/wicam.com\/fr\/logiciel\/pivatic\/\"]}]},{\"@type\":\"ImageObject\",\"inLanguage\":\"fr-FR\",\"@id\":\"https:\/\/wicam.com\/fr\/logiciel\/pivatic\/#primaryimage\",\"url\":\"https:\/\/wicam.com\/wp-content\/uploads\/2018\/09\/header-nesting3.jpg\",\"contentUrl\":\"https:\/\/wicam.com\/wp-content\/uploads\/2018\/09\/header-nesting3.jpg\",\"width\":1750,\"height\":984},{\"@type\":\"BreadcrumbList\",\"@id\":\"https:\/\/wicam.com\/fr\/logiciel\/pivatic\/#breadcrumb\",\"itemListElement\":[{\"@type\":\"ListItem\",\"position\":1,\"name\":\"Startseite\",\"item\":\"https:\/\/wicam.com\/fr\/\"},{\"@type\":\"ListItem\",\"position\":2,\"name\":\"Logiciel\",\"item\":\"https:\/\/wicam.com\/fr\/logiciel\/\"},{\"@type\":\"ListItem\",\"position\":3,\"name\":\"Pivatic\"}]},{\"@type\":\"WebSite\",\"@id\":\"https:\/\/wicam.com\/fr\/#website\",\"url\":\"https:\/\/wicam.com\/fr\/\",\"name\":\"WiCAM\",\"description\":\"Technische Software\",\"potentialAction\":[{\"@type\":\"SearchAction\",\"target\":{\"@type\":\"EntryPoint\",\"urlTemplate\":\"https:\/\/wicam.com\/fr\/?s={search_term_string}\"},\"query-input\":{\"@type\":\"PropertyValueSpecification\",\"valueRequired\":true,\"valueName\":\"search_term_string\"}}],\"inLanguage\":\"fr-FR\"}]}<\/script>\n<!-- \/ Yoast SEO plugin. -->","yoast_head_json":{"title":"CAO \/ CFAO \/ ERP Logiciel pour Pivatic - WiCAM","description":"WiCAM a d\u00e9velopp\u00e9 les premiers post-processeurs pour les machines Pivatic d\u00e8s le d\u00e9but des ann\u00e9es 2000. Aujourd'hui, des centaines de machines Pivatic produisent et communiquent avec le logiciel PN de WiCAM.","robots":{"index":"index","follow":"follow","max-snippet":"max-snippet:-1","max-image-preview":"max-image-preview:large","max-video-preview":"max-video-preview:-1"},"canonical":"https:\/\/wicam.com\/fr\/logiciel\/pivatic\/","og_locale":"fr_FR","og_type":"article","og_title":"CAO \/ CFAO \/ ERP Logiciel pour Pivatic - WiCAM","og_description":"WiCAM a d\u00e9velopp\u00e9 les premiers post-processeurs pour les machines Pivatic d\u00e8s le d\u00e9but des ann\u00e9es 2000. Aujourd'hui, des centaines de machines Pivatic produisent et communiquent avec le logiciel PN de WiCAM.","og_url":"https:\/\/wicam.com\/fr\/logiciel\/pivatic\/","og_site_name":"WiCAM","article_modified_time":"2021-02-24T15:05:08+00:00","og_image":[{"width":1750,"height":984,"url":"https:\/\/wicam.com\/wp-content\/uploads\/2018\/09\/header-nesting3.jpg","type":"image\/jpeg"}],"twitter_card":"summary_large_image","twitter_misc":{"Dur\u00e9e de lecture estim\u00e9e":"2 minutes"},"schema":{"@context":"https:\/\/schema.org","@graph":[{"@type":"WebPage","@id":"https:\/\/wicam.com\/fr\/logiciel\/pivatic\/","url":"https:\/\/wicam.com\/fr\/logiciel\/pivatic\/","name":"CAO \/ CFAO \/ ERP Logiciel pour Pivatic - WiCAM","isPartOf":{"@id":"https:\/\/wicam.com\/fr\/#website"},"primaryImageOfPage":{"@id":"https:\/\/wicam.com\/fr\/logiciel\/pivatic\/#primaryimage"},"image":{"@id":"https:\/\/wicam.com\/fr\/logiciel\/pivatic\/#primaryimage"},"thumbnailUrl":"https:\/\/wicam.com\/wp-content\/uploads\/2018\/09\/header-nesting3.jpg","datePublished":"2020-05-20T12:29:35+00:00","dateModified":"2021-02-24T15:05:08+00:00","description":"WiCAM a d\u00e9velopp\u00e9 les premiers post-processeurs pour les machines Pivatic d\u00e8s le d\u00e9but des ann\u00e9es 2000. Aujourd'hui, des centaines de machines Pivatic produisent et communiquent avec le logiciel PN de WiCAM.","breadcrumb":{"@id":"https:\/\/wicam.com\/fr\/logiciel\/pivatic\/#breadcrumb"},"inLanguage":"fr-FR","potentialAction":[{"@type":"ReadAction","target":["https:\/\/wicam.com\/fr\/logiciel\/pivatic\/"]}]},{"@type":"ImageObject","inLanguage":"fr-FR","@id":"https:\/\/wicam.com\/fr\/logiciel\/pivatic\/#primaryimage","url":"https:\/\/wicam.com\/wp-content\/uploads\/2018\/09\/header-nesting3.jpg","contentUrl":"https:\/\/wicam.com\/wp-content\/uploads\/2018\/09\/header-nesting3.jpg","width":1750,"height":984},{"@type":"BreadcrumbList","@id":"https:\/\/wicam.com\/fr\/logiciel\/pivatic\/#breadcrumb","itemListElement":[{"@type":"ListItem","position":1,"name":"Startseite","item":"https:\/\/wicam.com\/fr\/"},{"@type":"ListItem","position":2,"name":"Logiciel","item":"https:\/\/wicam.com\/fr\/logiciel\/"},{"@type":"ListItem","position":3,"name":"Pivatic"}]},{"@type":"WebSite","@id":"https:\/\/wicam.com\/fr\/#website","url":"https:\/\/wicam.com\/fr\/","name":"WiCAM","description":"Technische Software","potentialAction":[{"@type":"SearchAction","target":{"@type":"EntryPoint","urlTemplate":"https:\/\/wicam.com\/fr\/?s={search_term_string}"},"query-input":{"@type":"PropertyValueSpecification","valueRequired":true,"valueName":"search_term_string"}}],"inLanguage":"fr-FR"}]}},"_links":{"self":[{"href":"https:\/\/wicam.com\/fr\/wp-json\/wp\/v2\/pages\/19114","targetHints":{"allow":["GET"]}}],"collection":[{"href":"https:\/\/wicam.com\/fr\/wp-json\/wp\/v2\/pages"}],"about":[{"href":"https:\/\/wicam.com\/fr\/wp-json\/wp\/v2\/types\/page"}],"author":[{"embeddable":true,"href":"https:\/\/wicam.com\/fr\/wp-json\/wp\/v2\/users\/1"}],"replies":[{"embeddable":true,"href":"https:\/\/wicam.com\/fr\/wp-json\/wp\/v2\/comments?post=19114"}],"version-history":[{"count":0,"href":"https:\/\/wicam.com\/fr\/wp-json\/wp\/v2\/pages\/19114\/revisions"}],"up":[{"embeddable":true,"href":"https:\/\/wicam.com\/fr\/wp-json\/wp\/v2\/pages\/5755"}],"wp:featuredmedia":[{"embeddable":true,"href":"https:\/\/wicam.com\/fr\/wp-json\/wp\/v2\/media\/2829"}],"wp:attachment":[{"href":"https:\/\/wicam.com\/fr\/wp-json\/wp\/v2\/media?parent=19114"}],"curies":[{"name":"wp","href":"https:\/\/api.w.org\/{rel}","templated":true}]}}