{"id":20051,"date":"2018-08-16T10:50:37","date_gmt":"2018-08-16T08:50:37","guid":{"rendered":"https:\/\/www.wicam.com\/logiciel\/pn4000\/supported-machines\/"},"modified":"2026-04-21T16:55:31","modified_gmt":"2026-04-21T14:55:31","slug":"machines-supportees","status":"publish","type":"page","link":"https:\/\/wicam.com\/fr\/logiciel\/pn4000\/machines-supportees\/","title":{"rendered":"Machines support\u00e9es"},"content":{"rendered":"<h2>Machines support\u00e9es<\/h2>\n<p>Vous trouverez sur aper\u00e7u des machines dans le domaine de la d\u00e9coupe LASER, poin\u00e7onnage, autog\u00e8ne, plasma et jet d\u2019eau qui ont d\u00e9j\u00e0 \u00e9t\u00e9 connect\u00e9es \u00e0 PN4000:<\/p>\n","protected":false},"excerpt":{"rendered":"<p>Machines support\u00e9es Vous trouverez sur aper\u00e7u des machines dans le domaine de la d\u00e9coupe LASER, poin\u00e7onnage, autog\u00e8ne, plasma et jet d\u2019eau qui ont d\u00e9j\u00e0 \u00e9t\u00e9 connect\u00e9es \u00e0 PN4000:<\/p>\n","protected":false},"author":1,"featured_media":0,"parent":5720,"menu_order":0,"comment_status":"closed","ping_status":"closed","template":"page-software-maschinen.php","meta":{"_acf_changed":false,"footnotes":""},"class_list":["post-20051","page","type-page","status-publish","hentry"],"acf":[],"yoast_head":"<!-- This site is optimized with the Yoast SEO plugin v27.4 - https:\/\/yoast.com\/product\/yoast-seo-wordpress\/ -->\n<title>Imbrication automatis\u00e9 CAO\/CFAO - PN4000 - Machines support\u00e9es - WiCAM<\/title>\n<meta name=\"description\" content=\"Vous trouverez sur aper\u00e7u des machines dans le domaine de la d\u00e9coupe LASER, poin\u00e7onnage, autog\u00e8ne, plasma et jet d\u2019eau qui ont d\u00e9j\u00e0 \u00e9t\u00e9 connect\u00e9es \u00e0 PN4000:\" \/>\n<meta name=\"robots\" content=\"index, follow, max-snippet:-1, max-image-preview:large, max-video-preview:-1\" \/>\n<link rel=\"canonical\" href=\"https:\/\/wicam.com\/fr\/logiciel\/pn4000\/machines-supportees\/\" \/>\n<meta property=\"og:locale\" content=\"fr_FR\" \/>\n<meta property=\"og:type\" content=\"article\" \/>\n<meta property=\"og:title\" content=\"Imbrication automatis\u00e9 CAO\/CFAO - PN4000 - Machines support\u00e9es - WiCAM\" \/>\n<meta property=\"og:description\" content=\"Vous trouverez sur aper\u00e7u des machines dans le domaine de la d\u00e9coupe LASER, poin\u00e7onnage, autog\u00e8ne, plasma et jet d\u2019eau qui ont d\u00e9j\u00e0 \u00e9t\u00e9 connect\u00e9es \u00e0 PN4000:\" \/>\n<meta property=\"og:url\" content=\"https:\/\/wicam.com\/fr\/logiciel\/pn4000\/machines-supportees\/\" \/>\n<meta property=\"og:site_name\" content=\"WiCAM\" \/>\n<meta property=\"article:modified_time\" content=\"2026-04-21T14:55:31+00:00\" \/>\n<meta name=\"twitter:card\" content=\"summary_large_image\" \/>\n<meta name=\"twitter:label1\" content=\"Dur\u00e9e de lecture estim\u00e9e\" \/>\n\t<meta name=\"twitter:data1\" content=\"7 minutes\" \/>\n<script type=\"application\/ld+json\" class=\"yoast-schema-graph\">{\"@context\":\"https:\\\/\\\/schema.org\",\"@graph\":[{\"@type\":\"WebPage\",\"@id\":\"https:\\\/\\\/wicam.com\\\/fr\\\/logiciel\\\/pn4000\\\/machines-supportees\\\/\",\"url\":\"https:\\\/\\\/wicam.com\\\/fr\\\/logiciel\\\/pn4000\\\/machines-supportees\\\/\",\"name\":\"Imbrication automatis\u00e9 CAO\\\/CFAO - PN4000 - Machines support\u00e9es - WiCAM\",\"isPartOf\":{\"@id\":\"https:\\\/\\\/wicam.com\\\/fr\\\/#website\"},\"datePublished\":\"2018-08-16T08:50:37+00:00\",\"dateModified\":\"2026-04-21T14:55:31+00:00\",\"description\":\"Vous trouverez sur aper\u00e7u des machines dans le domaine de la d\u00e9coupe LASER, poin\u00e7onnage, autog\u00e8ne, plasma et jet d\u2019eau qui ont d\u00e9j\u00e0 \u00e9t\u00e9 connect\u00e9es \u00e0 PN4000:\",\"breadcrumb\":{\"@id\":\"https:\\\/\\\/wicam.com\\\/fr\\\/logiciel\\\/pn4000\\\/machines-supportees\\\/#breadcrumb\"},\"inLanguage\":\"fr-FR\",\"potentialAction\":[{\"@type\":\"ReadAction\",\"target\":[\"https:\\\/\\\/wicam.com\\\/fr\\\/logiciel\\\/pn4000\\\/machines-supportees\\\/\"]}]},{\"@type\":\"BreadcrumbList\",\"@id\":\"https:\\\/\\\/wicam.com\\\/fr\\\/logiciel\\\/pn4000\\\/machines-supportees\\\/#breadcrumb\",\"itemListElement\":[{\"@type\":\"ListItem\",\"position\":1,\"name\":\"Startseite\",\"item\":\"https:\\\/\\\/wicam.com\\\/fr\\\/\"},{\"@type\":\"ListItem\",\"position\":2,\"name\":\"Logiciel\",\"item\":\"https:\\\/\\\/wicam.com\\\/fr\\\/logiciel\\\/\"},{\"@type\":\"ListItem\",\"position\":3,\"name\":\"CAO\\\/CFAO System\",\"item\":\"https:\\\/\\\/wicam.com\\\/fr\\\/logiciel\\\/pn4000\\\/\"},{\"@type\":\"ListItem\",\"position\":4,\"name\":\"Machines support\u00e9es\"}]},{\"@type\":\"WebSite\",\"@id\":\"https:\\\/\\\/wicam.com\\\/fr\\\/#website\",\"url\":\"https:\\\/\\\/wicam.com\\\/fr\\\/\",\"name\":\"WiCAM\",\"description\":\"Technische Software\",\"potentialAction\":[{\"@type\":\"SearchAction\",\"target\":{\"@type\":\"EntryPoint\",\"urlTemplate\":\"https:\\\/\\\/wicam.com\\\/fr\\\/?s={search_term_string}\"},\"query-input\":{\"@type\":\"PropertyValueSpecification\",\"valueRequired\":true,\"valueName\":\"search_term_string\"}}],\"inLanguage\":\"fr-FR\"}]}<\/script>\n<!-- \/ Yoast SEO plugin. -->","yoast_head_json":{"title":"Imbrication automatis\u00e9 CAO\/CFAO - PN4000 - Machines support\u00e9es - WiCAM","description":"Vous trouverez sur aper\u00e7u des machines dans le domaine de la d\u00e9coupe LASER, poin\u00e7onnage, autog\u00e8ne, plasma et jet d\u2019eau qui ont d\u00e9j\u00e0 \u00e9t\u00e9 connect\u00e9es \u00e0 PN4000:","robots":{"index":"index","follow":"follow","max-snippet":"max-snippet:-1","max-image-preview":"max-image-preview:large","max-video-preview":"max-video-preview:-1"},"canonical":"https:\/\/wicam.com\/fr\/logiciel\/pn4000\/machines-supportees\/","og_locale":"fr_FR","og_type":"article","og_title":"Imbrication automatis\u00e9 CAO\/CFAO - PN4000 - Machines support\u00e9es - WiCAM","og_description":"Vous trouverez sur aper\u00e7u des machines dans le domaine de la d\u00e9coupe LASER, poin\u00e7onnage, autog\u00e8ne, plasma et jet d\u2019eau qui ont d\u00e9j\u00e0 \u00e9t\u00e9 connect\u00e9es \u00e0 PN4000:","og_url":"https:\/\/wicam.com\/fr\/logiciel\/pn4000\/machines-supportees\/","og_site_name":"WiCAM","article_modified_time":"2026-04-21T14:55:31+00:00","twitter_card":"summary_large_image","twitter_misc":{"Dur\u00e9e de lecture estim\u00e9e":"7 minutes"},"schema":{"@context":"https:\/\/schema.org","@graph":[{"@type":"WebPage","@id":"https:\/\/wicam.com\/fr\/logiciel\/pn4000\/machines-supportees\/","url":"https:\/\/wicam.com\/fr\/logiciel\/pn4000\/machines-supportees\/","name":"Imbrication automatis\u00e9 CAO\/CFAO - PN4000 - Machines support\u00e9es - WiCAM","isPartOf":{"@id":"https:\/\/wicam.com\/fr\/#website"},"datePublished":"2018-08-16T08:50:37+00:00","dateModified":"2026-04-21T14:55:31+00:00","description":"Vous trouverez sur aper\u00e7u des machines dans le domaine de la d\u00e9coupe LASER, poin\u00e7onnage, autog\u00e8ne, plasma et jet d\u2019eau qui ont d\u00e9j\u00e0 \u00e9t\u00e9 connect\u00e9es \u00e0 PN4000:","breadcrumb":{"@id":"https:\/\/wicam.com\/fr\/logiciel\/pn4000\/machines-supportees\/#breadcrumb"},"inLanguage":"fr-FR","potentialAction":[{"@type":"ReadAction","target":["https:\/\/wicam.com\/fr\/logiciel\/pn4000\/machines-supportees\/"]}]},{"@type":"BreadcrumbList","@id":"https:\/\/wicam.com\/fr\/logiciel\/pn4000\/machines-supportees\/#breadcrumb","itemListElement":[{"@type":"ListItem","position":1,"name":"Startseite","item":"https:\/\/wicam.com\/fr\/"},{"@type":"ListItem","position":2,"name":"Logiciel","item":"https:\/\/wicam.com\/fr\/logiciel\/"},{"@type":"ListItem","position":3,"name":"CAO\/CFAO System","item":"https:\/\/wicam.com\/fr\/logiciel\/pn4000\/"},{"@type":"ListItem","position":4,"name":"Machines support\u00e9es"}]},{"@type":"WebSite","@id":"https:\/\/wicam.com\/fr\/#website","url":"https:\/\/wicam.com\/fr\/","name":"WiCAM","description":"Technische Software","potentialAction":[{"@type":"SearchAction","target":{"@type":"EntryPoint","urlTemplate":"https:\/\/wicam.com\/fr\/?s={search_term_string}"},"query-input":{"@type":"PropertyValueSpecification","valueRequired":true,"valueName":"search_term_string"}}],"inLanguage":"fr-FR"}]}},"_links":{"self":[{"href":"https:\/\/wicam.com\/fr\/wp-json\/wp\/v2\/pages\/20051","targetHints":{"allow":["GET"]}}],"collection":[{"href":"https:\/\/wicam.com\/fr\/wp-json\/wp\/v2\/pages"}],"about":[{"href":"https:\/\/wicam.com\/fr\/wp-json\/wp\/v2\/types\/page"}],"author":[{"embeddable":true,"href":"https:\/\/wicam.com\/fr\/wp-json\/wp\/v2\/users\/1"}],"replies":[{"embeddable":true,"href":"https:\/\/wicam.com\/fr\/wp-json\/wp\/v2\/comments?post=20051"}],"version-history":[{"count":3,"href":"https:\/\/wicam.com\/fr\/wp-json\/wp\/v2\/pages\/20051\/revisions"}],"predecessor-version":[{"id":85302,"href":"https:\/\/wicam.com\/fr\/wp-json\/wp\/v2\/pages\/20051\/revisions\/85302"}],"up":[{"embeddable":true,"href":"https:\/\/wicam.com\/fr\/wp-json\/wp\/v2\/pages\/5720"}],"wp:attachment":[{"href":"https:\/\/wicam.com\/fr\/wp-json\/wp\/v2\/media?parent=20051"}],"curies":[{"name":"wp","href":"https:\/\/api.w.org\/{rel}","templated":true}]}}