{"id":23901,"date":"2022-02-06T13:08:20","date_gmt":"2022-02-06T12:08:20","guid":{"rendered":"https:\/\/www.wicam.com\/logiciel\/pnbend\/functions\/"},"modified":"2022-08-01T14:16:18","modified_gmt":"2022-08-01T12:16:18","slug":"fonctions","status":"publish","type":"page","link":"https:\/\/wicam.com\/fr\/logiciel\/pnbend\/fonctions\/","title":{"rendered":"Fonctions"},"content":{"rendered":"<h2>Fonctions<\/h2>\n<p><img loading=\"lazy\" decoding=\"async\" class=\"alignright wp-image-22848\" src=\"https:\/\/www.wicam.com\/wp-content\/uploads\/2022\/03\/pnbend-300x278.png\" alt=\"\" width=\"375\" height=\"348\" srcset=\"https:\/\/wicam.com\/wp-content\/uploads\/2022\/03\/pnbend-300x278.png 300w, https:\/\/wicam.com\/wp-content\/uploads\/2022\/03\/pnbend-768x712.png 768w, https:\/\/wicam.com\/wp-content\/uploads\/2022\/03\/pnbend.png 1000w\" sizes=\"auto, (max-width: 375px) 100vw, 375px\" \/>PNBend offre un large \u00e9ventail de fonctions qui vous permettent d&rsquo;augmenter sensiblement l&rsquo;efficacit\u00e9 de votre production quotidienne, jusqu&rsquo;\u00e0 l&rsquo;automatisation compl\u00e8te.<\/p>\n<p>Avec notre simulation de pliage int\u00e9gr\u00e9e, nous vous offrons une solution compl\u00e8te ind\u00e9pendante du fabricant. Celle-ci \u00e9limine toutes les interfaces entre la 3D et la 2D.<\/p>\n<p>Notre solution logicielle g\u00e9n\u00e8re l&rsquo;imbrication, le d\u00e9roulement et le programme de pliage fini \u00e0 partir de vos pi\u00e8ces dans une interface unique &#8211; enti\u00e8rement automatis\u00e9e et contr\u00f4l\u00e9e par ERP si n\u00e9cessaire.<\/p>\n<p>Les pi\u00e8ces 3D ainsi que les assemblages entiers sont pr\u00eats pour la production en quelques clics de souris et des fonctions telles que le traitement par lots permettent une automatisation compl\u00e8te int\u00e9gr\u00e9e ERP\/PPS 24\/7 pour le traitement, la programmation des pi\u00e8ces, le calcul, la boutique en ligne ou la pr\u00e9-planification.<\/p>\n<p><a class=\"btn\" href=\"https:\/\/www.wicam.com\/fr\/contact\/\">Demander un rendez-vous pour une d\u00e9monstration en ligne<\/a><\/p>\n","protected":false},"excerpt":{"rendered":"<p>Fonctions PNBend offre un large \u00e9ventail de fonctions qui vous permettent d&rsquo;augmenter sensiblement l&rsquo;efficacit\u00e9 de votre production quotidienne, jusqu&rsquo;\u00e0 l&rsquo;automatisation compl\u00e8te. Avec notre simulation de pliage int\u00e9gr\u00e9e, nous vous offrons une solution compl\u00e8te ind\u00e9pendante du fabricant. Celle-ci \u00e9limine toutes les interfaces entre la 3D et la 2D. Notre solution logicielle g\u00e9n\u00e8re l&rsquo;imbrication, le d\u00e9roulement et [&hellip;]<\/p>\n","protected":false},"author":1,"featured_media":0,"parent":5805,"menu_order":0,"comment_status":"closed","ping_status":"closed","template":"page-software-single.php","meta":{"_acf_changed":false,"footnotes":""},"class_list":["post-23901","page","type-page","status-publish","hentry"],"acf":[],"yoast_head":"<!-- This site is optimized with the Yoast SEO plugin v27.2 - https:\/\/yoast.com\/product\/yoast-seo-wordpress\/ -->\n<title>Pliage - PNBend - Fonctions - WiCAM<\/title>\n<meta name=\"description\" content=\"Le produit PNBend est utilis\u00e9 pour la programmation off-line des diff\u00e9rentes fabricants de presses-plieuses. Avec des fonctionnalit\u00e9s automatiques de pliage, des programmes peuvent \u00eatre cr\u00e9\u00e9s rapidement et facilement sur le poste de travail informatique.\" \/>\n<meta name=\"robots\" content=\"index, follow, max-snippet:-1, max-image-preview:large, max-video-preview:-1\" \/>\n<link rel=\"canonical\" href=\"https:\/\/wicam.com\/fr\/logiciel\/pnbend\/fonctions\/\" \/>\n<meta property=\"og:locale\" content=\"fr_FR\" \/>\n<meta property=\"og:type\" content=\"article\" \/>\n<meta property=\"og:title\" content=\"Pliage - PNBend - Fonctions - WiCAM\" \/>\n<meta property=\"og:description\" content=\"Le produit PNBend est utilis\u00e9 pour la programmation off-line des diff\u00e9rentes fabricants de presses-plieuses. Avec des fonctionnalit\u00e9s automatiques de pliage, des programmes peuvent \u00eatre cr\u00e9\u00e9s rapidement et facilement sur le poste de travail informatique.\" \/>\n<meta property=\"og:url\" content=\"https:\/\/wicam.com\/fr\/logiciel\/pnbend\/fonctions\/\" \/>\n<meta property=\"og:site_name\" content=\"WiCAM\" \/>\n<meta property=\"article:modified_time\" content=\"2022-08-01T12:16:18+00:00\" \/>\n<meta property=\"og:image\" content=\"https:\/\/www.wicam.com\/wp-content\/uploads\/2022\/03\/pnbend-300x278.png\" \/>\n<meta name=\"twitter:card\" content=\"summary_large_image\" \/>\n<meta name=\"twitter:label1\" content=\"Dur\u00e9e de lecture estim\u00e9e\" \/>\n\t<meta name=\"twitter:data1\" content=\"1 minute\" \/>\n<script type=\"application\/ld+json\" class=\"yoast-schema-graph\">{\"@context\":\"https:\/\/schema.org\",\"@graph\":[{\"@type\":\"WebPage\",\"@id\":\"https:\/\/wicam.com\/fr\/logiciel\/pnbend\/fonctions\/\",\"url\":\"https:\/\/wicam.com\/fr\/logiciel\/pnbend\/fonctions\/\",\"name\":\"Pliage - PNBend - Fonctions - WiCAM\",\"isPartOf\":{\"@id\":\"https:\/\/wicam.com\/fr\/#website\"},\"primaryImageOfPage\":{\"@id\":\"https:\/\/wicam.com\/fr\/logiciel\/pnbend\/fonctions\/#primaryimage\"},\"image\":{\"@id\":\"https:\/\/wicam.com\/fr\/logiciel\/pnbend\/fonctions\/#primaryimage\"},\"thumbnailUrl\":\"https:\/\/www.wicam.com\/wp-content\/uploads\/2022\/03\/pnbend-300x278.png\",\"datePublished\":\"2022-02-06T12:08:20+00:00\",\"dateModified\":\"2022-08-01T12:16:18+00:00\",\"description\":\"Le produit PNBend est utilis\u00e9 pour la programmation off-line des diff\u00e9rentes fabricants de presses-plieuses. Avec des fonctionnalit\u00e9s automatiques de pliage, des programmes peuvent \u00eatre cr\u00e9\u00e9s rapidement et facilement sur le poste de travail informatique.\",\"breadcrumb\":{\"@id\":\"https:\/\/wicam.com\/fr\/logiciel\/pnbend\/fonctions\/#breadcrumb\"},\"inLanguage\":\"fr-FR\",\"potentialAction\":[{\"@type\":\"ReadAction\",\"target\":[\"https:\/\/wicam.com\/fr\/logiciel\/pnbend\/fonctions\/\"]}]},{\"@type\":\"ImageObject\",\"inLanguage\":\"fr-FR\",\"@id\":\"https:\/\/wicam.com\/fr\/logiciel\/pnbend\/fonctions\/#primaryimage\",\"url\":\"https:\/\/www.wicam.com\/wp-content\/uploads\/2022\/03\/pnbend-300x278.png\",\"contentUrl\":\"https:\/\/www.wicam.com\/wp-content\/uploads\/2022\/03\/pnbend-300x278.png\"},{\"@type\":\"BreadcrumbList\",\"@id\":\"https:\/\/wicam.com\/fr\/logiciel\/pnbend\/fonctions\/#breadcrumb\",\"itemListElement\":[{\"@type\":\"ListItem\",\"position\":1,\"name\":\"Startseite\",\"item\":\"https:\/\/wicam.com\/fr\/\"},{\"@type\":\"ListItem\",\"position\":2,\"name\":\"Logiciel\",\"item\":\"https:\/\/wicam.com\/fr\/logiciel\/\"},{\"@type\":\"ListItem\",\"position\":3,\"name\":\"Pliage\",\"item\":\"https:\/\/wicam.com\/fr\/logiciel\/pnbend\/\"},{\"@type\":\"ListItem\",\"position\":4,\"name\":\"Fonctions\"}]},{\"@type\":\"WebSite\",\"@id\":\"https:\/\/wicam.com\/fr\/#website\",\"url\":\"https:\/\/wicam.com\/fr\/\",\"name\":\"WiCAM\",\"description\":\"Technische Software\",\"potentialAction\":[{\"@type\":\"SearchAction\",\"target\":{\"@type\":\"EntryPoint\",\"urlTemplate\":\"https:\/\/wicam.com\/fr\/?s={search_term_string}\"},\"query-input\":{\"@type\":\"PropertyValueSpecification\",\"valueRequired\":true,\"valueName\":\"search_term_string\"}}],\"inLanguage\":\"fr-FR\"}]}<\/script>\n<!-- \/ Yoast SEO plugin. -->","yoast_head_json":{"title":"Pliage - PNBend - Fonctions - WiCAM","description":"Le produit PNBend est utilis\u00e9 pour la programmation off-line des diff\u00e9rentes fabricants de presses-plieuses. Avec des fonctionnalit\u00e9s automatiques de pliage, des programmes peuvent \u00eatre cr\u00e9\u00e9s rapidement et facilement sur le poste de travail informatique.","robots":{"index":"index","follow":"follow","max-snippet":"max-snippet:-1","max-image-preview":"max-image-preview:large","max-video-preview":"max-video-preview:-1"},"canonical":"https:\/\/wicam.com\/fr\/logiciel\/pnbend\/fonctions\/","og_locale":"fr_FR","og_type":"article","og_title":"Pliage - PNBend - Fonctions - WiCAM","og_description":"Le produit PNBend est utilis\u00e9 pour la programmation off-line des diff\u00e9rentes fabricants de presses-plieuses. Avec des fonctionnalit\u00e9s automatiques de pliage, des programmes peuvent \u00eatre cr\u00e9\u00e9s rapidement et facilement sur le poste de travail informatique.","og_url":"https:\/\/wicam.com\/fr\/logiciel\/pnbend\/fonctions\/","og_site_name":"WiCAM","article_modified_time":"2022-08-01T12:16:18+00:00","og_image":[{"url":"https:\/\/www.wicam.com\/wp-content\/uploads\/2022\/03\/pnbend-300x278.png","type":"","width":"","height":""}],"twitter_card":"summary_large_image","twitter_misc":{"Dur\u00e9e de lecture estim\u00e9e":"1 minute"},"schema":{"@context":"https:\/\/schema.org","@graph":[{"@type":"WebPage","@id":"https:\/\/wicam.com\/fr\/logiciel\/pnbend\/fonctions\/","url":"https:\/\/wicam.com\/fr\/logiciel\/pnbend\/fonctions\/","name":"Pliage - PNBend - Fonctions - WiCAM","isPartOf":{"@id":"https:\/\/wicam.com\/fr\/#website"},"primaryImageOfPage":{"@id":"https:\/\/wicam.com\/fr\/logiciel\/pnbend\/fonctions\/#primaryimage"},"image":{"@id":"https:\/\/wicam.com\/fr\/logiciel\/pnbend\/fonctions\/#primaryimage"},"thumbnailUrl":"https:\/\/www.wicam.com\/wp-content\/uploads\/2022\/03\/pnbend-300x278.png","datePublished":"2022-02-06T12:08:20+00:00","dateModified":"2022-08-01T12:16:18+00:00","description":"Le produit PNBend est utilis\u00e9 pour la programmation off-line des diff\u00e9rentes fabricants de presses-plieuses. Avec des fonctionnalit\u00e9s automatiques de pliage, des programmes peuvent \u00eatre cr\u00e9\u00e9s rapidement et facilement sur le poste de travail informatique.","breadcrumb":{"@id":"https:\/\/wicam.com\/fr\/logiciel\/pnbend\/fonctions\/#breadcrumb"},"inLanguage":"fr-FR","potentialAction":[{"@type":"ReadAction","target":["https:\/\/wicam.com\/fr\/logiciel\/pnbend\/fonctions\/"]}]},{"@type":"ImageObject","inLanguage":"fr-FR","@id":"https:\/\/wicam.com\/fr\/logiciel\/pnbend\/fonctions\/#primaryimage","url":"https:\/\/www.wicam.com\/wp-content\/uploads\/2022\/03\/pnbend-300x278.png","contentUrl":"https:\/\/www.wicam.com\/wp-content\/uploads\/2022\/03\/pnbend-300x278.png"},{"@type":"BreadcrumbList","@id":"https:\/\/wicam.com\/fr\/logiciel\/pnbend\/fonctions\/#breadcrumb","itemListElement":[{"@type":"ListItem","position":1,"name":"Startseite","item":"https:\/\/wicam.com\/fr\/"},{"@type":"ListItem","position":2,"name":"Logiciel","item":"https:\/\/wicam.com\/fr\/logiciel\/"},{"@type":"ListItem","position":3,"name":"Pliage","item":"https:\/\/wicam.com\/fr\/logiciel\/pnbend\/"},{"@type":"ListItem","position":4,"name":"Fonctions"}]},{"@type":"WebSite","@id":"https:\/\/wicam.com\/fr\/#website","url":"https:\/\/wicam.com\/fr\/","name":"WiCAM","description":"Technische Software","potentialAction":[{"@type":"SearchAction","target":{"@type":"EntryPoint","urlTemplate":"https:\/\/wicam.com\/fr\/?s={search_term_string}"},"query-input":{"@type":"PropertyValueSpecification","valueRequired":true,"valueName":"search_term_string"}}],"inLanguage":"fr-FR"}]}},"_links":{"self":[{"href":"https:\/\/wicam.com\/fr\/wp-json\/wp\/v2\/pages\/23901","targetHints":{"allow":["GET"]}}],"collection":[{"href":"https:\/\/wicam.com\/fr\/wp-json\/wp\/v2\/pages"}],"about":[{"href":"https:\/\/wicam.com\/fr\/wp-json\/wp\/v2\/types\/page"}],"author":[{"embeddable":true,"href":"https:\/\/wicam.com\/fr\/wp-json\/wp\/v2\/users\/1"}],"replies":[{"embeddable":true,"href":"https:\/\/wicam.com\/fr\/wp-json\/wp\/v2\/comments?post=23901"}],"version-history":[{"count":0,"href":"https:\/\/wicam.com\/fr\/wp-json\/wp\/v2\/pages\/23901\/revisions"}],"up":[{"embeddable":true,"href":"https:\/\/wicam.com\/fr\/wp-json\/wp\/v2\/pages\/5805"}],"wp:attachment":[{"href":"https:\/\/wicam.com\/fr\/wp-json\/wp\/v2\/media?parent=23901"}],"curies":[{"name":"wp","href":"https:\/\/api.w.org\/{rel}","templated":true}]}}