{"id":24748,"date":"2022-05-24T12:35:54","date_gmt":"2022-05-24T10:35:54","guid":{"rendered":"https:\/\/www.wicam.com\/logiciel\/pncalculate\/"},"modified":"2022-09-23T09:18:35","modified_gmt":"2022-09-23T07:18:35","slug":"pncalculate","status":"publish","type":"page","link":"https:\/\/wicam.com\/fr\/logiciel\/pncalculate\/","title":{"rendered":"Calcul"},"content":{"rendered":"<h2>Votre partenaire pour le calcul exact des prix<\/h2>\n<p><img loading=\"lazy\" decoding=\"async\" class=\"alignright wp-image-22910\" src=\"https:\/\/www.wicam.com\/wp-content\/uploads\/2022\/03\/cloud-300x278.png\" alt=\"\" width=\"375\" height=\"348\" srcset=\"https:\/\/wicam.com\/wp-content\/uploads\/2022\/03\/cloud-300x278.png 300w, https:\/\/wicam.com\/wp-content\/uploads\/2022\/03\/cloud-768x712.png 768w, https:\/\/wicam.com\/wp-content\/uploads\/2022\/03\/cloud.png 1000w\" sizes=\"auto, (max-width: 375px) 100vw, 375px\" \/>Calcul de prix en ligne, solution de boutique en ligne, conversion de formats CAO et CN, traitement d&rsquo;assemblages entiers et cr\u00e9ation de g\u00e9om\u00e9tries. En plus de nos solutions standard de boutique en ligne, vous pouvez facilement utiliser des parties de nos solutions logicielles en ligne pour un calcul de prix exact via l&rsquo;interface API.<\/p>\n<p>L&rsquo;interface API de WiCAM vous fournit des calculs pr\u00e9liminaires exacts li\u00e9s \u00e0 la machine et \u00e0 la production pour le calcul du prix de pi\u00e8ces individuelles et d&rsquo;assemblages entiers en quelques secondes.<\/p>\n<p>La solution cloud de WiCAM est \u00e9volutive et peut traiter n&rsquo;importe quelle quantit\u00e9 de donn\u00e9es en parall\u00e8le. Cela offre aux grandes plateformes et aux op\u00e9rateurs de boutiques en ligne, en particulier, un avantage d\u00e9cisif dans le calcul efficace des prix.<\/p>\n<p>Pour des entreprises comme Laserhub, Suplacon ou DeCromvoirtse, l&rsquo;interface API fait d\u00e9j\u00e0 partie int\u00e9grante du calcul des prix.<\/p>\n<p><a class=\"btn\" href=\"https:\/\/www.wicam.com\/fr\/contact\/\">R\u00e9server une d\u00e9mo en ligne<\/a><\/p>\n","protected":false},"excerpt":{"rendered":"<p>Votre partenaire pour le calcul exact des prix Calcul de prix en ligne, solution de boutique en ligne, conversion de formats CAO et CN, traitement d&rsquo;assemblages entiers et cr\u00e9ation de g\u00e9om\u00e9tries. En plus de nos solutions standard de boutique en ligne, vous pouvez facilement utiliser des parties de nos solutions logicielles en ligne pour un [&hellip;]<\/p>\n","protected":false},"author":2,"featured_media":0,"parent":5755,"menu_order":0,"comment_status":"closed","ping_status":"closed","template":"page-software-single.php","meta":{"_acf_changed":false,"footnotes":""},"class_list":["post-24748","page","type-page","status-publish","hentry"],"acf":[],"yoast_head":"<!-- This site is optimized with the Yoast SEO plugin v27.2 - https:\/\/yoast.com\/product\/yoast-seo-wordpress\/ -->\n<title>CAD\/CAM Nesting Software - Calcul - PNCalculate - WiCAM<\/title>\n<meta name=\"description\" content=\"Avec les PNCloud \u2013 applications web de WiCAM vous pouvez acc\u00e9der via le navigateur Internet \u00e0 diff\u00e9rentes fonctions de PN4000 et les ex\u00e9cuter.\" \/>\n<meta name=\"robots\" content=\"index, follow, max-snippet:-1, max-image-preview:large, max-video-preview:-1\" \/>\n<link rel=\"canonical\" href=\"https:\/\/wicam.com\/fr\/logiciel\/pncalculate\/\" \/>\n<meta property=\"og:locale\" content=\"fr_FR\" \/>\n<meta property=\"og:type\" content=\"article\" \/>\n<meta property=\"og:title\" content=\"CAD\/CAM Nesting Software - Calcul - PNCalculate - WiCAM\" \/>\n<meta property=\"og:description\" content=\"Avec les PNCloud \u2013 applications web de WiCAM vous pouvez acc\u00e9der via le navigateur Internet \u00e0 diff\u00e9rentes fonctions de PN4000 et les ex\u00e9cuter.\" \/>\n<meta property=\"og:url\" content=\"https:\/\/wicam.com\/fr\/logiciel\/pncalculate\/\" \/>\n<meta property=\"og:site_name\" content=\"WiCAM\" \/>\n<meta property=\"article:modified_time\" content=\"2022-09-23T07:18:35+00:00\" \/>\n<meta property=\"og:image\" content=\"https:\/\/www.wicam.com\/wp-content\/uploads\/2022\/03\/cloud-300x278.png\" \/>\n<meta name=\"twitter:card\" content=\"summary_large_image\" \/>\n<meta name=\"twitter:label1\" content=\"Dur\u00e9e de lecture estim\u00e9e\" \/>\n\t<meta name=\"twitter:data1\" content=\"2 minutes\" \/>\n<script type=\"application\/ld+json\" class=\"yoast-schema-graph\">{\"@context\":\"https:\/\/schema.org\",\"@graph\":[{\"@type\":\"WebPage\",\"@id\":\"https:\/\/wicam.com\/fr\/logiciel\/pncalculate\/\",\"url\":\"https:\/\/wicam.com\/fr\/logiciel\/pncalculate\/\",\"name\":\"CAD\/CAM Nesting Software - Calcul - PNCalculate - WiCAM\",\"isPartOf\":{\"@id\":\"https:\/\/wicam.com\/fr\/#website\"},\"primaryImageOfPage\":{\"@id\":\"https:\/\/wicam.com\/fr\/logiciel\/pncalculate\/#primaryimage\"},\"image\":{\"@id\":\"https:\/\/wicam.com\/fr\/logiciel\/pncalculate\/#primaryimage\"},\"thumbnailUrl\":\"https:\/\/www.wicam.com\/wp-content\/uploads\/2022\/03\/cloud-300x278.png\",\"datePublished\":\"2022-05-24T10:35:54+00:00\",\"dateModified\":\"2022-09-23T07:18:35+00:00\",\"description\":\"Avec les PNCloud \u2013 applications web de WiCAM vous pouvez acc\u00e9der via le navigateur Internet \u00e0 diff\u00e9rentes fonctions de PN4000 et les ex\u00e9cuter.\",\"breadcrumb\":{\"@id\":\"https:\/\/wicam.com\/fr\/logiciel\/pncalculate\/#breadcrumb\"},\"inLanguage\":\"fr-FR\",\"potentialAction\":[{\"@type\":\"ReadAction\",\"target\":[\"https:\/\/wicam.com\/fr\/logiciel\/pncalculate\/\"]}]},{\"@type\":\"ImageObject\",\"inLanguage\":\"fr-FR\",\"@id\":\"https:\/\/wicam.com\/fr\/logiciel\/pncalculate\/#primaryimage\",\"url\":\"https:\/\/www.wicam.com\/wp-content\/uploads\/2022\/03\/cloud-300x278.png\",\"contentUrl\":\"https:\/\/www.wicam.com\/wp-content\/uploads\/2022\/03\/cloud-300x278.png\"},{\"@type\":\"BreadcrumbList\",\"@id\":\"https:\/\/wicam.com\/fr\/logiciel\/pncalculate\/#breadcrumb\",\"itemListElement\":[{\"@type\":\"ListItem\",\"position\":1,\"name\":\"Startseite\",\"item\":\"https:\/\/wicam.com\/fr\/\"},{\"@type\":\"ListItem\",\"position\":2,\"name\":\"Logiciel\",\"item\":\"https:\/\/wicam.com\/fr\/logiciel\/\"},{\"@type\":\"ListItem\",\"position\":3,\"name\":\"Calcul\"}]},{\"@type\":\"WebSite\",\"@id\":\"https:\/\/wicam.com\/fr\/#website\",\"url\":\"https:\/\/wicam.com\/fr\/\",\"name\":\"WiCAM\",\"description\":\"Technische Software\",\"potentialAction\":[{\"@type\":\"SearchAction\",\"target\":{\"@type\":\"EntryPoint\",\"urlTemplate\":\"https:\/\/wicam.com\/fr\/?s={search_term_string}\"},\"query-input\":{\"@type\":\"PropertyValueSpecification\",\"valueRequired\":true,\"valueName\":\"search_term_string\"}}],\"inLanguage\":\"fr-FR\"}]}<\/script>\n<!-- \/ Yoast SEO plugin. -->","yoast_head_json":{"title":"CAD\/CAM Nesting Software - Calcul - PNCalculate - WiCAM","description":"Avec les PNCloud \u2013 applications web de WiCAM vous pouvez acc\u00e9der via le navigateur Internet \u00e0 diff\u00e9rentes fonctions de PN4000 et les ex\u00e9cuter.","robots":{"index":"index","follow":"follow","max-snippet":"max-snippet:-1","max-image-preview":"max-image-preview:large","max-video-preview":"max-video-preview:-1"},"canonical":"https:\/\/wicam.com\/fr\/logiciel\/pncalculate\/","og_locale":"fr_FR","og_type":"article","og_title":"CAD\/CAM Nesting Software - Calcul - PNCalculate - WiCAM","og_description":"Avec les PNCloud \u2013 applications web de WiCAM vous pouvez acc\u00e9der via le navigateur Internet \u00e0 diff\u00e9rentes fonctions de PN4000 et les ex\u00e9cuter.","og_url":"https:\/\/wicam.com\/fr\/logiciel\/pncalculate\/","og_site_name":"WiCAM","article_modified_time":"2022-09-23T07:18:35+00:00","og_image":[{"url":"https:\/\/www.wicam.com\/wp-content\/uploads\/2022\/03\/cloud-300x278.png","type":"","width":"","height":""}],"twitter_card":"summary_large_image","twitter_misc":{"Dur\u00e9e de lecture estim\u00e9e":"2 minutes"},"schema":{"@context":"https:\/\/schema.org","@graph":[{"@type":"WebPage","@id":"https:\/\/wicam.com\/fr\/logiciel\/pncalculate\/","url":"https:\/\/wicam.com\/fr\/logiciel\/pncalculate\/","name":"CAD\/CAM Nesting Software - Calcul - PNCalculate - WiCAM","isPartOf":{"@id":"https:\/\/wicam.com\/fr\/#website"},"primaryImageOfPage":{"@id":"https:\/\/wicam.com\/fr\/logiciel\/pncalculate\/#primaryimage"},"image":{"@id":"https:\/\/wicam.com\/fr\/logiciel\/pncalculate\/#primaryimage"},"thumbnailUrl":"https:\/\/www.wicam.com\/wp-content\/uploads\/2022\/03\/cloud-300x278.png","datePublished":"2022-05-24T10:35:54+00:00","dateModified":"2022-09-23T07:18:35+00:00","description":"Avec les PNCloud \u2013 applications web de WiCAM vous pouvez acc\u00e9der via le navigateur Internet \u00e0 diff\u00e9rentes fonctions de PN4000 et les ex\u00e9cuter.","breadcrumb":{"@id":"https:\/\/wicam.com\/fr\/logiciel\/pncalculate\/#breadcrumb"},"inLanguage":"fr-FR","potentialAction":[{"@type":"ReadAction","target":["https:\/\/wicam.com\/fr\/logiciel\/pncalculate\/"]}]},{"@type":"ImageObject","inLanguage":"fr-FR","@id":"https:\/\/wicam.com\/fr\/logiciel\/pncalculate\/#primaryimage","url":"https:\/\/www.wicam.com\/wp-content\/uploads\/2022\/03\/cloud-300x278.png","contentUrl":"https:\/\/www.wicam.com\/wp-content\/uploads\/2022\/03\/cloud-300x278.png"},{"@type":"BreadcrumbList","@id":"https:\/\/wicam.com\/fr\/logiciel\/pncalculate\/#breadcrumb","itemListElement":[{"@type":"ListItem","position":1,"name":"Startseite","item":"https:\/\/wicam.com\/fr\/"},{"@type":"ListItem","position":2,"name":"Logiciel","item":"https:\/\/wicam.com\/fr\/logiciel\/"},{"@type":"ListItem","position":3,"name":"Calcul"}]},{"@type":"WebSite","@id":"https:\/\/wicam.com\/fr\/#website","url":"https:\/\/wicam.com\/fr\/","name":"WiCAM","description":"Technische Software","potentialAction":[{"@type":"SearchAction","target":{"@type":"EntryPoint","urlTemplate":"https:\/\/wicam.com\/fr\/?s={search_term_string}"},"query-input":{"@type":"PropertyValueSpecification","valueRequired":true,"valueName":"search_term_string"}}],"inLanguage":"fr-FR"}]}},"_links":{"self":[{"href":"https:\/\/wicam.com\/fr\/wp-json\/wp\/v2\/pages\/24748","targetHints":{"allow":["GET"]}}],"collection":[{"href":"https:\/\/wicam.com\/fr\/wp-json\/wp\/v2\/pages"}],"about":[{"href":"https:\/\/wicam.com\/fr\/wp-json\/wp\/v2\/types\/page"}],"author":[{"embeddable":true,"href":"https:\/\/wicam.com\/fr\/wp-json\/wp\/v2\/users\/2"}],"replies":[{"embeddable":true,"href":"https:\/\/wicam.com\/fr\/wp-json\/wp\/v2\/comments?post=24748"}],"version-history":[{"count":0,"href":"https:\/\/wicam.com\/fr\/wp-json\/wp\/v2\/pages\/24748\/revisions"}],"up":[{"embeddable":true,"href":"https:\/\/wicam.com\/fr\/wp-json\/wp\/v2\/pages\/5755"}],"wp:attachment":[{"href":"https:\/\/wicam.com\/fr\/wp-json\/wp\/v2\/media?parent=24748"}],"curies":[{"name":"wp","href":"https:\/\/api.w.org\/{rel}","templated":true}]}}