{"id":29188,"date":"2022-08-16T10:43:33","date_gmt":"2022-08-16T08:43:33","guid":{"rendered":"https:\/\/www.wicam.com\/logiciel\/pncalculate\/api-interface\/"},"modified":"2024-05-28T15:18:00","modified_gmt":"2024-05-28T13:18:00","slug":"interface-api","status":"publish","type":"page","link":"https:\/\/wicam.com\/fr\/logiciel\/pncalculate\/interface-api\/","title":{"rendered":"Interface API"},"content":{"rendered":"<h2>Interface API<\/h2>\n<p><img loading=\"lazy\" decoding=\"async\" class=\"alignright wp-image-19969\" src=\"https:\/\/www.wicam.com\/wp-content\/uploads\/2021\/04\/api-start-300x257.jpg\" alt=\"\" width=\"410\" height=\"351\" srcset=\"https:\/\/wicam.com\/wp-content\/uploads\/2021\/04\/api-start-300x257.jpg 300w, https:\/\/wicam.com\/wp-content\/uploads\/2021\/04\/api-start-768x657.jpg 768w, https:\/\/wicam.com\/wp-content\/uploads\/2021\/04\/api-start.jpg 1000w\" sizes=\"auto, (max-width: 410px) 100vw, 410px\" \/>Utilisez des fonctions partielles ou la totalit\u00e9 des performances de nos outils en ligne dans vos programmes &#8211; et dans vos interfaces. L&rsquo;interface API standardis\u00e9e vous permet d&rsquo;obtenir rapidement et \u00e0 moindre co\u00fbt des donn\u00e9es et des fichiers calcul\u00e9s avec pr\u00e9cision pour vos produits.<\/p>\n<h4>Fonctions<\/h4>\n<ul>\n<li>Calcul des prix pour les boutiques en ligne<\/li>\n<li>Traitement de pi\u00e8ces de t\u00f4le via une interface en ligne<\/li>\n<li>Connexion au syst\u00e8me ERP possible<\/li>\n<li>Compl\u00e8tement \u00e9volutif<\/li>\n<li>Int\u00e9gration parfaite dans la cha\u00eene de processus informatique<\/li>\n<li>D\u00e9termination du temps de production<\/li>\n<li>Calcul du prix de production<\/li>\n<\/ul>\n<p>L&rsquo;interface API de WiCAM vous permet d&rsquo;obtenir en quelques secondes des calculs pr\u00e9liminaires pr\u00e9cis li\u00e9s \u00e0 la machine et \u00e0 la production pour d\u00e9terminer le prix des pi\u00e8ces individuelles et des assemblages entiers.<\/p>\n<p>Vous stockez vos machines et votre sch\u00e9ma de calcul une seule fois et recevez les donn\u00e9es pour le calcul du temps, du mat\u00e9riel et\/ou du prix pour chaque composant 2D et 3D demand\u00e9, 24 heures sur 24 et 7 jours sur 7, directement dans votre boutique en ligne ou votre syst\u00e8me ERP.<\/p>\n<p><a class=\"btn\" href=\"https:\/\/wicam.com\/en\/contact\/\" rel=\"noopener\">Contacter WiCAM<\/a><\/p>\n","protected":false},"excerpt":{"rendered":"<p>Interface API Utilisez des fonctions partielles ou la totalit\u00e9 des performances de nos outils en ligne dans vos programmes &#8211; et dans vos interfaces. L&rsquo;interface API standardis\u00e9e vous permet d&rsquo;obtenir rapidement et \u00e0 moindre co\u00fbt des donn\u00e9es et des fichiers calcul\u00e9s avec pr\u00e9cision pour vos produits. Fonctions Calcul des prix pour les boutiques en ligne [&hellip;]<\/p>\n","protected":false},"author":2,"featured_media":0,"parent":24748,"menu_order":0,"comment_status":"closed","ping_status":"closed","template":"page-software-single.php","meta":{"_acf_changed":false,"footnotes":""},"class_list":["post-29188","page","type-page","status-publish","hentry"],"acf":[],"yoast_head":"<!-- This site is optimized with the Yoast SEO plugin v27.2 - https:\/\/yoast.com\/product\/yoast-seo-wordpress\/ -->\n<title>CAD\/CAM Nesting Software - Interface API - PNCalculate - WiCAM<\/title>\n<meta name=\"description\" content=\"L&#039;interface API standardis\u00e9e vous permet d&#039;obtenir rapidement et \u00e0 moindre co\u00fbt des donn\u00e9es et des fichiers calcul\u00e9s avec pr\u00e9cision pour vos produits.\" \/>\n<meta name=\"robots\" content=\"index, follow, max-snippet:-1, max-image-preview:large, max-video-preview:-1\" \/>\n<link rel=\"canonical\" href=\"https:\/\/wicam.com\/fr\/logiciel\/pncalculate\/interface-api\/\" \/>\n<meta property=\"og:locale\" content=\"fr_FR\" \/>\n<meta property=\"og:type\" content=\"article\" \/>\n<meta property=\"og:title\" content=\"CAD\/CAM Nesting Software - Interface API - PNCalculate - WiCAM\" \/>\n<meta property=\"og:description\" content=\"L&#039;interface API standardis\u00e9e vous permet d&#039;obtenir rapidement et \u00e0 moindre co\u00fbt des donn\u00e9es et des fichiers calcul\u00e9s avec pr\u00e9cision pour vos produits.\" \/>\n<meta property=\"og:url\" content=\"https:\/\/wicam.com\/fr\/logiciel\/pncalculate\/interface-api\/\" \/>\n<meta property=\"og:site_name\" content=\"WiCAM\" \/>\n<meta property=\"article:modified_time\" content=\"2024-05-28T13:18:00+00:00\" \/>\n<meta property=\"og:image\" content=\"https:\/\/www.wicam.com\/wp-content\/uploads\/2021\/04\/api-start-300x257.jpg\" \/>\n<meta name=\"twitter:card\" content=\"summary_large_image\" \/>\n<meta name=\"twitter:label1\" content=\"Dur\u00e9e de lecture estim\u00e9e\" \/>\n\t<meta name=\"twitter:data1\" content=\"4 minutes\" \/>\n<script type=\"application\/ld+json\" class=\"yoast-schema-graph\">{\"@context\":\"https:\/\/schema.org\",\"@graph\":[{\"@type\":\"WebPage\",\"@id\":\"https:\/\/wicam.com\/fr\/logiciel\/pncalculate\/interface-api\/\",\"url\":\"https:\/\/wicam.com\/fr\/logiciel\/pncalculate\/interface-api\/\",\"name\":\"CAD\/CAM Nesting Software - Interface API - PNCalculate - WiCAM\",\"isPartOf\":{\"@id\":\"https:\/\/wicam.com\/fr\/#website\"},\"primaryImageOfPage\":{\"@id\":\"https:\/\/wicam.com\/fr\/logiciel\/pncalculate\/interface-api\/#primaryimage\"},\"image\":{\"@id\":\"https:\/\/wicam.com\/fr\/logiciel\/pncalculate\/interface-api\/#primaryimage\"},\"thumbnailUrl\":\"https:\/\/www.wicam.com\/wp-content\/uploads\/2021\/04\/api-start-300x257.jpg\",\"datePublished\":\"2022-08-16T08:43:33+00:00\",\"dateModified\":\"2024-05-28T13:18:00+00:00\",\"description\":\"L'interface API standardis\u00e9e vous permet d'obtenir rapidement et \u00e0 moindre co\u00fbt des donn\u00e9es et des fichiers calcul\u00e9s avec pr\u00e9cision pour vos produits.\",\"breadcrumb\":{\"@id\":\"https:\/\/wicam.com\/fr\/logiciel\/pncalculate\/interface-api\/#breadcrumb\"},\"inLanguage\":\"fr-FR\",\"potentialAction\":[{\"@type\":\"ReadAction\",\"target\":[\"https:\/\/wicam.com\/fr\/logiciel\/pncalculate\/interface-api\/\"]}]},{\"@type\":\"ImageObject\",\"inLanguage\":\"fr-FR\",\"@id\":\"https:\/\/wicam.com\/fr\/logiciel\/pncalculate\/interface-api\/#primaryimage\",\"url\":\"https:\/\/www.wicam.com\/wp-content\/uploads\/2021\/04\/api-start-300x257.jpg\",\"contentUrl\":\"https:\/\/www.wicam.com\/wp-content\/uploads\/2021\/04\/api-start-300x257.jpg\"},{\"@type\":\"BreadcrumbList\",\"@id\":\"https:\/\/wicam.com\/fr\/logiciel\/pncalculate\/interface-api\/#breadcrumb\",\"itemListElement\":[{\"@type\":\"ListItem\",\"position\":1,\"name\":\"Startseite\",\"item\":\"https:\/\/wicam.com\/fr\/\"},{\"@type\":\"ListItem\",\"position\":2,\"name\":\"Logiciel\",\"item\":\"https:\/\/wicam.com\/fr\/logiciel\/\"},{\"@type\":\"ListItem\",\"position\":3,\"name\":\"Calcul\",\"item\":\"https:\/\/wicam.com\/fr\/logiciel\/pncalculate\/\"},{\"@type\":\"ListItem\",\"position\":4,\"name\":\"Interface API\"}]},{\"@type\":\"WebSite\",\"@id\":\"https:\/\/wicam.com\/fr\/#website\",\"url\":\"https:\/\/wicam.com\/fr\/\",\"name\":\"WiCAM\",\"description\":\"Technische Software\",\"potentialAction\":[{\"@type\":\"SearchAction\",\"target\":{\"@type\":\"EntryPoint\",\"urlTemplate\":\"https:\/\/wicam.com\/fr\/?s={search_term_string}\"},\"query-input\":{\"@type\":\"PropertyValueSpecification\",\"valueRequired\":true,\"valueName\":\"search_term_string\"}}],\"inLanguage\":\"fr-FR\"}]}<\/script>\n<!-- \/ Yoast SEO plugin. -->","yoast_head_json":{"title":"CAD\/CAM Nesting Software - Interface API - PNCalculate - WiCAM","description":"L'interface API standardis\u00e9e vous permet d'obtenir rapidement et \u00e0 moindre co\u00fbt des donn\u00e9es et des fichiers calcul\u00e9s avec pr\u00e9cision pour vos produits.","robots":{"index":"index","follow":"follow","max-snippet":"max-snippet:-1","max-image-preview":"max-image-preview:large","max-video-preview":"max-video-preview:-1"},"canonical":"https:\/\/wicam.com\/fr\/logiciel\/pncalculate\/interface-api\/","og_locale":"fr_FR","og_type":"article","og_title":"CAD\/CAM Nesting Software - Interface API - PNCalculate - WiCAM","og_description":"L'interface API standardis\u00e9e vous permet d'obtenir rapidement et \u00e0 moindre co\u00fbt des donn\u00e9es et des fichiers calcul\u00e9s avec pr\u00e9cision pour vos produits.","og_url":"https:\/\/wicam.com\/fr\/logiciel\/pncalculate\/interface-api\/","og_site_name":"WiCAM","article_modified_time":"2024-05-28T13:18:00+00:00","og_image":[{"url":"https:\/\/www.wicam.com\/wp-content\/uploads\/2021\/04\/api-start-300x257.jpg","type":"","width":"","height":""}],"twitter_card":"summary_large_image","twitter_misc":{"Dur\u00e9e de lecture estim\u00e9e":"4 minutes"},"schema":{"@context":"https:\/\/schema.org","@graph":[{"@type":"WebPage","@id":"https:\/\/wicam.com\/fr\/logiciel\/pncalculate\/interface-api\/","url":"https:\/\/wicam.com\/fr\/logiciel\/pncalculate\/interface-api\/","name":"CAD\/CAM Nesting Software - Interface API - PNCalculate - WiCAM","isPartOf":{"@id":"https:\/\/wicam.com\/fr\/#website"},"primaryImageOfPage":{"@id":"https:\/\/wicam.com\/fr\/logiciel\/pncalculate\/interface-api\/#primaryimage"},"image":{"@id":"https:\/\/wicam.com\/fr\/logiciel\/pncalculate\/interface-api\/#primaryimage"},"thumbnailUrl":"https:\/\/www.wicam.com\/wp-content\/uploads\/2021\/04\/api-start-300x257.jpg","datePublished":"2022-08-16T08:43:33+00:00","dateModified":"2024-05-28T13:18:00+00:00","description":"L'interface API standardis\u00e9e vous permet d'obtenir rapidement et \u00e0 moindre co\u00fbt des donn\u00e9es et des fichiers calcul\u00e9s avec pr\u00e9cision pour vos produits.","breadcrumb":{"@id":"https:\/\/wicam.com\/fr\/logiciel\/pncalculate\/interface-api\/#breadcrumb"},"inLanguage":"fr-FR","potentialAction":[{"@type":"ReadAction","target":["https:\/\/wicam.com\/fr\/logiciel\/pncalculate\/interface-api\/"]}]},{"@type":"ImageObject","inLanguage":"fr-FR","@id":"https:\/\/wicam.com\/fr\/logiciel\/pncalculate\/interface-api\/#primaryimage","url":"https:\/\/www.wicam.com\/wp-content\/uploads\/2021\/04\/api-start-300x257.jpg","contentUrl":"https:\/\/www.wicam.com\/wp-content\/uploads\/2021\/04\/api-start-300x257.jpg"},{"@type":"BreadcrumbList","@id":"https:\/\/wicam.com\/fr\/logiciel\/pncalculate\/interface-api\/#breadcrumb","itemListElement":[{"@type":"ListItem","position":1,"name":"Startseite","item":"https:\/\/wicam.com\/fr\/"},{"@type":"ListItem","position":2,"name":"Logiciel","item":"https:\/\/wicam.com\/fr\/logiciel\/"},{"@type":"ListItem","position":3,"name":"Calcul","item":"https:\/\/wicam.com\/fr\/logiciel\/pncalculate\/"},{"@type":"ListItem","position":4,"name":"Interface API"}]},{"@type":"WebSite","@id":"https:\/\/wicam.com\/fr\/#website","url":"https:\/\/wicam.com\/fr\/","name":"WiCAM","description":"Technische Software","potentialAction":[{"@type":"SearchAction","target":{"@type":"EntryPoint","urlTemplate":"https:\/\/wicam.com\/fr\/?s={search_term_string}"},"query-input":{"@type":"PropertyValueSpecification","valueRequired":true,"valueName":"search_term_string"}}],"inLanguage":"fr-FR"}]}},"_links":{"self":[{"href":"https:\/\/wicam.com\/fr\/wp-json\/wp\/v2\/pages\/29188","targetHints":{"allow":["GET"]}}],"collection":[{"href":"https:\/\/wicam.com\/fr\/wp-json\/wp\/v2\/pages"}],"about":[{"href":"https:\/\/wicam.com\/fr\/wp-json\/wp\/v2\/types\/page"}],"author":[{"embeddable":true,"href":"https:\/\/wicam.com\/fr\/wp-json\/wp\/v2\/users\/2"}],"replies":[{"embeddable":true,"href":"https:\/\/wicam.com\/fr\/wp-json\/wp\/v2\/comments?post=29188"}],"version-history":[{"count":0,"href":"https:\/\/wicam.com\/fr\/wp-json\/wp\/v2\/pages\/29188\/revisions"}],"up":[{"embeddable":true,"href":"https:\/\/wicam.com\/fr\/wp-json\/wp\/v2\/pages\/24748"}],"wp:attachment":[{"href":"https:\/\/wicam.com\/fr\/wp-json\/wp\/v2\/media?parent=29188"}],"curies":[{"name":"wp","href":"https:\/\/api.w.org\/{rel}","templated":true}]}}