{"id":5220,"date":"2018-07-25T09:57:44","date_gmt":"2018-07-25T07:57:44","guid":{"rendered":"http:\/\/wicam.wiegandt-server.de\/impressum\/"},"modified":"2023-10-29T16:56:20","modified_gmt":"2023-10-29T15:56:20","slug":"mentions-legales","status":"publish","type":"page","link":"https:\/\/wicam.com\/fr\/mentions-legales\/","title":{"rendered":"Mentions l\u00e9gales"},"content":{"rendered":"<p><strong>WiCAM France SAS<\/strong><br \/>\n2 rue Thomas Edison<br \/>\n67450 Mundolsheim<br \/>\nFrance<\/p>\n<p>T\u00e9l\u00e9phone <a href=\"tel:+33 97 30 35 875\">+33 (0)9 73 03 58 75<\/a><br \/>\nEmail <a href=\"mailto:france@wicam.com\">france@wicam.com<\/a><\/p>\n<p>Direction: Timo Eigenblut<\/p>\n<p>Soci\u00e9t\u00e9 principale: WiCAM GmbH Technische Software<br \/>\nSi\u00e8ge de l\u2019Entreprise: Karlsruhe<br \/>\nTribunal comp\u00e9tent: Amtsgericht Mannheim HRB 9488<\/p>\n<p>UST-IdNr.: DE215999426<br \/>\nSteuer-Nr.: 34418\/81782<\/p>\n<p><strong>Contenu:<\/strong><\/p>\n<p>Le contenu de ces pages a \u00e9t\u00e9 r\u00e9dig\u00e9 avec le plus grand soin. Cependant la soci\u00e9t\u00e9 WiCAM GmbH ne peut accepter aucune responsabilit\u00e9 pour l\u2019exactitude et la pr\u00e9cision des informations fournies. La soci\u00e9t\u00e9 WiCAM GmbH exclut toute responsabilit\u00e9 pour des dommages r\u00e9sultant directement ou indirectement de l\u2019utilisation de ce site, \u00e0 moins que WiCAM Gmbh ne t\u00e9moigne une n\u00e9gligence intentionnelle grave.<\/p>\n<p><strong>Liens:<\/strong><\/p>\n<p>Si la soci\u00e9t\u00e9 WiCAM GmbH se r\u00e9f\u00e8re avec des liens directs ou indirects vers des sites externes, elle ne\u00a0peut accepter de responsabilit\u00e9 pour le contenu de ces sites. La soci\u00e9t\u00e9 WiCAM GmbH d\u00e9clare qu\u2019au moment de la cr\u00e9ation des\u00a0pages li\u00e9es, celles-ci\u00a0ne contenaient pas de contenu ill\u00e9gal. La soci\u00e9t\u00e9 WiCAM GmbH n\u2019a aucune influence sur la conception actuelle et future des sites li\u00e9s. Toutes les modifications qui sont faites apr\u00e8s la cr\u00e9ation des liens vers ces sites ne sont pas soumis \u00e0 l\u2019influence de la soci\u00e9t\u00e9 WiCAM GmbH. La soci\u00e9t\u00e9 WiCAM Gmbh ne peux \u00eatre tenue pour responsable des contenus ill\u00e9gaux, erron\u00e9s ou incomplets et en particulier pour les dommages r\u00e9sultant de l\u2019utilisation ou la d\u00e9su\u00e9tude de l\u2019information propos\u00e9e sur les pages li\u00e9es.<\/p>\n<p><strong>Droits d\u2019auteur:<\/strong><\/p>\n<p>Tous les textes, images, graphiques et autres fichiers contenus dans ce site sont soumis au droit d\u2019auteur et aux lois de protection de la propri\u00e9t\u00e9 intellectuelle. Ils peuvent \u00eatre utilis\u00e9s dans le contexte de l\u2019utilisation propos\u00e9e, ou toutefois, \u00eatre copi\u00e9 \u00e0 des fins commerciales ou pour la circulation ou modifi\u00e9 et utilis\u00e9 sur d\u2019autres sites. Ce site ne donne pas de licence d\u2019utilisation de\u00a0la propri\u00e9t\u00e9 intellectuelle de WiCAM GmbH ou de tiers. Tous les objets nomm\u00e9s et \u00e9ventuellement prot\u00e9g\u00e9es par des tiers au sein de l\u2019offre Internet et des marques sont soumises aux dispositions de la loi applicable sur les marques et les droits de propri\u00e9t\u00e9 des propri\u00e9taires enregistr\u00e9s. La simple mention ne tire pas la conclusion que les marques ne sont pas prot\u00e9g\u00e9es par des droits de tiers.<\/p>\n<p>Copyright par WiCAM GmbH<br \/>\nTous droits r\u00e9serv\u00e9s<\/p>\n","protected":false},"excerpt":{"rendered":"<p>WiCAM France SAS 2 rue Thomas Edison 67450 Mundolsheim France T\u00e9l\u00e9phone +33 (0)9 73 03 58 75 Email france@wicam.com Direction: Timo Eigenblut Soci\u00e9t\u00e9 principale: WiCAM GmbH Technische Software Si\u00e8ge de l\u2019Entreprise: Karlsruhe Tribunal comp\u00e9tent: Amtsgericht Mannheim HRB 9488 UST-IdNr.: DE215999426 Steuer-Nr.: 34418\/81782 Contenu: Le contenu de ces pages a \u00e9t\u00e9 r\u00e9dig\u00e9 avec le plus grand [&hellip;]<\/p>\n","protected":false},"author":1,"featured_media":0,"parent":0,"menu_order":0,"comment_status":"closed","ping_status":"closed","template":"","meta":{"_acf_changed":false,"footnotes":""},"class_list":["post-5220","page","type-page","status-publish","hentry"],"acf":[],"yoast_head":"<!-- This site is optimized with the Yoast SEO plugin v27.2 - https:\/\/yoast.com\/product\/yoast-seo-wordpress\/ -->\n<title>Mentions l\u00e9gales - WiCAM<\/title>\n<meta name=\"robots\" content=\"index, follow, max-snippet:-1, max-image-preview:large, max-video-preview:-1\" \/>\n<link rel=\"canonical\" href=\"https:\/\/wicam.com\/fr\/mentions-legales\/\" \/>\n<meta property=\"og:locale\" content=\"fr_FR\" \/>\n<meta property=\"og:type\" content=\"article\" \/>\n<meta property=\"og:title\" content=\"Mentions l\u00e9gales - WiCAM\" \/>\n<meta property=\"og:description\" content=\"WiCAM France SAS 2 rue Thomas Edison 67450 Mundolsheim France T\u00e9l\u00e9phone +33 (0)9 73 03 58 75 Email france@wicam.com Direction: Timo Eigenblut Soci\u00e9t\u00e9 principale: WiCAM GmbH Technische Software Si\u00e8ge de l\u2019Entreprise: Karlsruhe Tribunal comp\u00e9tent: Amtsgericht Mannheim HRB 9488 UST-IdNr.: DE215999426 Steuer-Nr.: 34418\/81782 Contenu: Le contenu de ces pages a \u00e9t\u00e9 r\u00e9dig\u00e9 avec le plus grand [&hellip;]\" \/>\n<meta property=\"og:url\" content=\"https:\/\/wicam.com\/fr\/mentions-legales\/\" \/>\n<meta property=\"og:site_name\" content=\"WiCAM\" \/>\n<meta property=\"article:modified_time\" content=\"2023-10-29T15:56:20+00:00\" \/>\n<meta name=\"twitter:card\" content=\"summary_large_image\" \/>\n<meta name=\"twitter:label1\" content=\"Dur\u00e9e de lecture estim\u00e9e\" \/>\n\t<meta name=\"twitter:data1\" content=\"3 minutes\" \/>\n<script type=\"application\/ld+json\" class=\"yoast-schema-graph\">{\"@context\":\"https:\/\/schema.org\",\"@graph\":[{\"@type\":\"WebPage\",\"@id\":\"https:\/\/wicam.com\/fr\/mentions-legales\/\",\"url\":\"https:\/\/wicam.com\/fr\/mentions-legales\/\",\"name\":\"Mentions l\u00e9gales - WiCAM\",\"isPartOf\":{\"@id\":\"https:\/\/wicam.com\/fr\/#website\"},\"datePublished\":\"2018-07-25T07:57:44+00:00\",\"dateModified\":\"2023-10-29T15:56:20+00:00\",\"breadcrumb\":{\"@id\":\"https:\/\/wicam.com\/fr\/mentions-legales\/#breadcrumb\"},\"inLanguage\":\"fr-FR\",\"potentialAction\":[{\"@type\":\"ReadAction\",\"target\":[\"https:\/\/wicam.com\/fr\/mentions-legales\/\"]}]},{\"@type\":\"BreadcrumbList\",\"@id\":\"https:\/\/wicam.com\/fr\/mentions-legales\/#breadcrumb\",\"itemListElement\":[{\"@type\":\"ListItem\",\"position\":1,\"name\":\"Startseite\",\"item\":\"https:\/\/wicam.com\/fr\/\"},{\"@type\":\"ListItem\",\"position\":2,\"name\":\"Mentions l\u00e9gales\"}]},{\"@type\":\"WebSite\",\"@id\":\"https:\/\/wicam.com\/fr\/#website\",\"url\":\"https:\/\/wicam.com\/fr\/\",\"name\":\"WiCAM\",\"description\":\"Technische Software\",\"potentialAction\":[{\"@type\":\"SearchAction\",\"target\":{\"@type\":\"EntryPoint\",\"urlTemplate\":\"https:\/\/wicam.com\/fr\/?s={search_term_string}\"},\"query-input\":{\"@type\":\"PropertyValueSpecification\",\"valueRequired\":true,\"valueName\":\"search_term_string\"}}],\"inLanguage\":\"fr-FR\"}]}<\/script>\n<!-- \/ Yoast SEO plugin. -->","yoast_head_json":{"title":"Mentions l\u00e9gales - WiCAM","robots":{"index":"index","follow":"follow","max-snippet":"max-snippet:-1","max-image-preview":"max-image-preview:large","max-video-preview":"max-video-preview:-1"},"canonical":"https:\/\/wicam.com\/fr\/mentions-legales\/","og_locale":"fr_FR","og_type":"article","og_title":"Mentions l\u00e9gales - WiCAM","og_description":"WiCAM France SAS 2 rue Thomas Edison 67450 Mundolsheim France T\u00e9l\u00e9phone +33 (0)9 73 03 58 75 Email france@wicam.com Direction: Timo Eigenblut Soci\u00e9t\u00e9 principale: WiCAM GmbH Technische Software Si\u00e8ge de l\u2019Entreprise: Karlsruhe Tribunal comp\u00e9tent: Amtsgericht Mannheim HRB 9488 UST-IdNr.: DE215999426 Steuer-Nr.: 34418\/81782 Contenu: Le contenu de ces pages a \u00e9t\u00e9 r\u00e9dig\u00e9 avec le plus grand [&hellip;]","og_url":"https:\/\/wicam.com\/fr\/mentions-legales\/","og_site_name":"WiCAM","article_modified_time":"2023-10-29T15:56:20+00:00","twitter_card":"summary_large_image","twitter_misc":{"Dur\u00e9e de lecture estim\u00e9e":"3 minutes"},"schema":{"@context":"https:\/\/schema.org","@graph":[{"@type":"WebPage","@id":"https:\/\/wicam.com\/fr\/mentions-legales\/","url":"https:\/\/wicam.com\/fr\/mentions-legales\/","name":"Mentions l\u00e9gales - WiCAM","isPartOf":{"@id":"https:\/\/wicam.com\/fr\/#website"},"datePublished":"2018-07-25T07:57:44+00:00","dateModified":"2023-10-29T15:56:20+00:00","breadcrumb":{"@id":"https:\/\/wicam.com\/fr\/mentions-legales\/#breadcrumb"},"inLanguage":"fr-FR","potentialAction":[{"@type":"ReadAction","target":["https:\/\/wicam.com\/fr\/mentions-legales\/"]}]},{"@type":"BreadcrumbList","@id":"https:\/\/wicam.com\/fr\/mentions-legales\/#breadcrumb","itemListElement":[{"@type":"ListItem","position":1,"name":"Startseite","item":"https:\/\/wicam.com\/fr\/"},{"@type":"ListItem","position":2,"name":"Mentions l\u00e9gales"}]},{"@type":"WebSite","@id":"https:\/\/wicam.com\/fr\/#website","url":"https:\/\/wicam.com\/fr\/","name":"WiCAM","description":"Technische Software","potentialAction":[{"@type":"SearchAction","target":{"@type":"EntryPoint","urlTemplate":"https:\/\/wicam.com\/fr\/?s={search_term_string}"},"query-input":{"@type":"PropertyValueSpecification","valueRequired":true,"valueName":"search_term_string"}}],"inLanguage":"fr-FR"}]}},"_links":{"self":[{"href":"https:\/\/wicam.com\/fr\/wp-json\/wp\/v2\/pages\/5220","targetHints":{"allow":["GET"]}}],"collection":[{"href":"https:\/\/wicam.com\/fr\/wp-json\/wp\/v2\/pages"}],"about":[{"href":"https:\/\/wicam.com\/fr\/wp-json\/wp\/v2\/types\/page"}],"author":[{"embeddable":true,"href":"https:\/\/wicam.com\/fr\/wp-json\/wp\/v2\/users\/1"}],"replies":[{"embeddable":true,"href":"https:\/\/wicam.com\/fr\/wp-json\/wp\/v2\/comments?post=5220"}],"version-history":[{"count":0,"href":"https:\/\/wicam.com\/fr\/wp-json\/wp\/v2\/pages\/5220\/revisions"}],"wp:attachment":[{"href":"https:\/\/wicam.com\/fr\/wp-json\/wp\/v2\/media?parent=5220"}],"curies":[{"name":"wp","href":"https:\/\/api.w.org\/{rel}","templated":true}]}}