{"id":5720,"date":"2018-07-25T09:55:36","date_gmt":"2018-07-25T07:55:36","guid":{"rendered":"http:\/\/wicam.wiegandt-server.de\/pn4000\/"},"modified":"2026-03-27T18:26:39","modified_gmt":"2026-03-27T17:26:39","slug":"pn4000","status":"publish","type":"page","link":"https:\/\/wicam.com\/fr\/logiciel\/pn4000\/","title":{"rendered":"CAO\/CFAO System"},"content":{"rendered":"<h2>CAO\/CFAO Nesting System<\/h2>\n<p><img loading=\"lazy\" decoding=\"async\" class=\"alignright wp-image-22828\" src=\"https:\/\/www.wicam.com\/wp-content\/uploads\/2022\/03\/pn4000-300x278.png\" alt=\"\" width=\"375\" height=\"348\" srcset=\"https:\/\/wicam.com\/wp-content\/uploads\/2022\/03\/pn4000-300x278.png 300w, https:\/\/wicam.com\/wp-content\/uploads\/2022\/03\/pn4000-768x712.png 768w, https:\/\/wicam.com\/wp-content\/uploads\/2022\/03\/pn4000.png 1000w\" sizes=\"auto, (max-width: 375px) 100vw, 375px\" \/><strong>PN4000<\/strong> est un syst\u00e8me de CFAO ( CAD-\/CAM-System ) constitu\u00e9 de modules pour la programmation automatique des machines \u00e0 commande num\u00e9rique dans les domaines de la d\u00e9coupe (laser, autog\u00e8ne, plasma, jet d\u2019eau) poin\u00e7onnage, laser combin\u00e9 poin\u00e7onnage, de cisaillement et de fraisage.<\/p>\n<h4>Caract\u00e9ristiques<\/h4>\n<ul>\n<li>Flux de donn\u00e9es inter-modules<\/li>\n<li>Concept et fonctions d\u00e9taill\u00e9es enti\u00e8rement automatisables<\/li>\n<li>Changements manuels au niveau de la composante et de l&#8217;embo\u00eetement \u00e0 tout moment<\/li>\n<li>Optimiseur pour les distances de d\u00e9placement et les temps de traitement les plus courts<\/li>\n<li>Macros libres et d\u00e9finissables<\/li>\n<li>Embo\u00eetement de toutes les g\u00e9om\u00e9tries<\/li>\n<\/ul>\n<p><a class=\"btn\" href=\"\/marketing\/factsheets\/pn4000-fr-factsheet.pdf\" target=\"_blank\" rel=\"noopener\">Factsheet<\/a> <a class=\"btn\" href=\"https:\/\/wicam.com\/fr\/contact\/\">obtenir une d\u00e9mo<\/a><\/p>\n","protected":false},"excerpt":{"rendered":"<p>CAO\/CFAO Nesting System PN4000 est un syst\u00e8me de CFAO ( CAD-\/CAM-System ) constitu\u00e9 de modules pour la programmation automatique des machines \u00e0 commande num\u00e9rique dans les domaines de la d\u00e9coupe (laser, autog\u00e8ne, plasma, jet d\u2019eau) poin\u00e7onnage, laser combin\u00e9 poin\u00e7onnage, de cisaillement et de fraisage. Caract\u00e9ristiques Flux de donn\u00e9es inter-modules Concept et fonctions d\u00e9taill\u00e9es enti\u00e8rement automatisables [&hellip;]<\/p>\n","protected":false},"author":1,"featured_media":0,"parent":5755,"menu_order":0,"comment_status":"closed","ping_status":"closed","template":"page-software-single.php","meta":{"_acf_changed":false,"footnotes":""},"class_list":["post-5720","page","type-page","status-publish","hentry"],"acf":[],"yoast_head":"<!-- This site is optimized with the Yoast SEO plugin v27.4 - https:\/\/yoast.com\/product\/yoast-seo-wordpress\/ -->\n<title>Imbrication automatis\u00e9 CAO\/CFAO - CAO\/CFAO System - PN4000 - WiCAM<\/title>\n<meta name=\"description\" content=\"CFAO\/imbrication, solution pour ERP\/PPS-d\u00e9coupage CNC, poin\u00e7onnage, cisaillage, fraisage et usinage combin\u00e9-manuel \u00e0 enti\u00e8rement automatique.\" \/>\n<meta name=\"robots\" content=\"index, follow, max-snippet:-1, max-image-preview:large, max-video-preview:-1\" \/>\n<link rel=\"canonical\" href=\"https:\/\/wicam.com\/fr\/logiciel\/pn4000\/\" \/>\n<meta property=\"og:locale\" content=\"fr_FR\" \/>\n<meta property=\"og:type\" content=\"article\" \/>\n<meta property=\"og:title\" content=\"Imbrication automatis\u00e9 CAO\/CFAO - CAO\/CFAO System - PN4000 - WiCAM\" \/>\n<meta property=\"og:description\" content=\"CFAO\/imbrication, solution pour ERP\/PPS-d\u00e9coupage CNC, poin\u00e7onnage, cisaillage, fraisage et usinage combin\u00e9-manuel \u00e0 enti\u00e8rement automatique.\" \/>\n<meta property=\"og:url\" content=\"https:\/\/wicam.com\/fr\/logiciel\/pn4000\/\" \/>\n<meta property=\"og:site_name\" content=\"WiCAM\" \/>\n<meta property=\"article:modified_time\" content=\"2026-03-27T17:26:39+00:00\" \/>\n<meta property=\"og:image\" content=\"https:\/\/wicam.com\/wp-content\/uploads\/2022\/03\/pn4000.png\" \/>\n\t<meta property=\"og:image:width\" content=\"1000\" \/>\n\t<meta property=\"og:image:height\" content=\"927\" \/>\n\t<meta property=\"og:image:type\" content=\"image\/png\" \/>\n<meta name=\"twitter:card\" content=\"summary_large_image\" \/>\n<meta name=\"twitter:label1\" content=\"Dur\u00e9e de lecture estim\u00e9e\" \/>\n\t<meta name=\"twitter:data1\" content=\"14 minutes\" \/>\n<script type=\"application\/ld+json\" class=\"yoast-schema-graph\">{\"@context\":\"https:\\\/\\\/schema.org\",\"@graph\":[{\"@type\":\"WebPage\",\"@id\":\"https:\\\/\\\/wicam.com\\\/fr\\\/logiciel\\\/pn4000\\\/\",\"url\":\"https:\\\/\\\/wicam.com\\\/fr\\\/logiciel\\\/pn4000\\\/\",\"name\":\"Imbrication automatis\u00e9 CAO\\\/CFAO - CAO\\\/CFAO System - PN4000 - WiCAM\",\"isPartOf\":{\"@id\":\"https:\\\/\\\/wicam.com\\\/fr\\\/#website\"},\"primaryImageOfPage\":{\"@id\":\"https:\\\/\\\/wicam.com\\\/fr\\\/logiciel\\\/pn4000\\\/#primaryimage\"},\"image\":{\"@id\":\"https:\\\/\\\/wicam.com\\\/fr\\\/logiciel\\\/pn4000\\\/#primaryimage\"},\"thumbnailUrl\":\"https:\\\/\\\/www.wicam.com\\\/wp-content\\\/uploads\\\/2022\\\/03\\\/pn4000-300x278.png\",\"datePublished\":\"2018-07-25T07:55:36+00:00\",\"dateModified\":\"2026-03-27T17:26:39+00:00\",\"description\":\"CFAO\\\/imbrication, solution pour ERP\\\/PPS-d\u00e9coupage CNC, poin\u00e7onnage, cisaillage, fraisage et usinage combin\u00e9-manuel \u00e0 enti\u00e8rement automatique.\",\"breadcrumb\":{\"@id\":\"https:\\\/\\\/wicam.com\\\/fr\\\/logiciel\\\/pn4000\\\/#breadcrumb\"},\"inLanguage\":\"fr-FR\",\"potentialAction\":[{\"@type\":\"ReadAction\",\"target\":[\"https:\\\/\\\/wicam.com\\\/fr\\\/logiciel\\\/pn4000\\\/\"]}]},{\"@type\":\"ImageObject\",\"inLanguage\":\"fr-FR\",\"@id\":\"https:\\\/\\\/wicam.com\\\/fr\\\/logiciel\\\/pn4000\\\/#primaryimage\",\"url\":\"https:\\\/\\\/www.wicam.com\\\/wp-content\\\/uploads\\\/2022\\\/03\\\/pn4000-300x278.png\",\"contentUrl\":\"https:\\\/\\\/www.wicam.com\\\/wp-content\\\/uploads\\\/2022\\\/03\\\/pn4000-300x278.png\"},{\"@type\":\"BreadcrumbList\",\"@id\":\"https:\\\/\\\/wicam.com\\\/fr\\\/logiciel\\\/pn4000\\\/#breadcrumb\",\"itemListElement\":[{\"@type\":\"ListItem\",\"position\":1,\"name\":\"Startseite\",\"item\":\"https:\\\/\\\/wicam.com\\\/fr\\\/\"},{\"@type\":\"ListItem\",\"position\":2,\"name\":\"Logiciel\",\"item\":\"https:\\\/\\\/wicam.com\\\/fr\\\/logiciel\\\/\"},{\"@type\":\"ListItem\",\"position\":3,\"name\":\"CAO\\\/CFAO System\"}]},{\"@type\":\"WebSite\",\"@id\":\"https:\\\/\\\/wicam.com\\\/fr\\\/#website\",\"url\":\"https:\\\/\\\/wicam.com\\\/fr\\\/\",\"name\":\"WiCAM\",\"description\":\"Technische Software\",\"potentialAction\":[{\"@type\":\"SearchAction\",\"target\":{\"@type\":\"EntryPoint\",\"urlTemplate\":\"https:\\\/\\\/wicam.com\\\/fr\\\/?s={search_term_string}\"},\"query-input\":{\"@type\":\"PropertyValueSpecification\",\"valueRequired\":true,\"valueName\":\"search_term_string\"}}],\"inLanguage\":\"fr-FR\"}]}<\/script>\n<!-- \/ Yoast SEO plugin. -->","yoast_head_json":{"title":"Imbrication automatis\u00e9 CAO\/CFAO - CAO\/CFAO System - PN4000 - WiCAM","description":"CFAO\/imbrication, solution pour ERP\/PPS-d\u00e9coupage CNC, poin\u00e7onnage, cisaillage, fraisage et usinage combin\u00e9-manuel \u00e0 enti\u00e8rement automatique.","robots":{"index":"index","follow":"follow","max-snippet":"max-snippet:-1","max-image-preview":"max-image-preview:large","max-video-preview":"max-video-preview:-1"},"canonical":"https:\/\/wicam.com\/fr\/logiciel\/pn4000\/","og_locale":"fr_FR","og_type":"article","og_title":"Imbrication automatis\u00e9 CAO\/CFAO - CAO\/CFAO System - PN4000 - WiCAM","og_description":"CFAO\/imbrication, solution pour ERP\/PPS-d\u00e9coupage CNC, poin\u00e7onnage, cisaillage, fraisage et usinage combin\u00e9-manuel \u00e0 enti\u00e8rement automatique.","og_url":"https:\/\/wicam.com\/fr\/logiciel\/pn4000\/","og_site_name":"WiCAM","article_modified_time":"2026-03-27T17:26:39+00:00","og_image":[{"width":1000,"height":927,"url":"https:\/\/wicam.com\/wp-content\/uploads\/2022\/03\/pn4000.png","type":"image\/png"}],"twitter_card":"summary_large_image","twitter_misc":{"Dur\u00e9e de lecture estim\u00e9e":"14 minutes"},"schema":{"@context":"https:\/\/schema.org","@graph":[{"@type":"WebPage","@id":"https:\/\/wicam.com\/fr\/logiciel\/pn4000\/","url":"https:\/\/wicam.com\/fr\/logiciel\/pn4000\/","name":"Imbrication automatis\u00e9 CAO\/CFAO - CAO\/CFAO System - PN4000 - WiCAM","isPartOf":{"@id":"https:\/\/wicam.com\/fr\/#website"},"primaryImageOfPage":{"@id":"https:\/\/wicam.com\/fr\/logiciel\/pn4000\/#primaryimage"},"image":{"@id":"https:\/\/wicam.com\/fr\/logiciel\/pn4000\/#primaryimage"},"thumbnailUrl":"https:\/\/www.wicam.com\/wp-content\/uploads\/2022\/03\/pn4000-300x278.png","datePublished":"2018-07-25T07:55:36+00:00","dateModified":"2026-03-27T17:26:39+00:00","description":"CFAO\/imbrication, solution pour ERP\/PPS-d\u00e9coupage CNC, poin\u00e7onnage, cisaillage, fraisage et usinage combin\u00e9-manuel \u00e0 enti\u00e8rement automatique.","breadcrumb":{"@id":"https:\/\/wicam.com\/fr\/logiciel\/pn4000\/#breadcrumb"},"inLanguage":"fr-FR","potentialAction":[{"@type":"ReadAction","target":["https:\/\/wicam.com\/fr\/logiciel\/pn4000\/"]}]},{"@type":"ImageObject","inLanguage":"fr-FR","@id":"https:\/\/wicam.com\/fr\/logiciel\/pn4000\/#primaryimage","url":"https:\/\/www.wicam.com\/wp-content\/uploads\/2022\/03\/pn4000-300x278.png","contentUrl":"https:\/\/www.wicam.com\/wp-content\/uploads\/2022\/03\/pn4000-300x278.png"},{"@type":"BreadcrumbList","@id":"https:\/\/wicam.com\/fr\/logiciel\/pn4000\/#breadcrumb","itemListElement":[{"@type":"ListItem","position":1,"name":"Startseite","item":"https:\/\/wicam.com\/fr\/"},{"@type":"ListItem","position":2,"name":"Logiciel","item":"https:\/\/wicam.com\/fr\/logiciel\/"},{"@type":"ListItem","position":3,"name":"CAO\/CFAO System"}]},{"@type":"WebSite","@id":"https:\/\/wicam.com\/fr\/#website","url":"https:\/\/wicam.com\/fr\/","name":"WiCAM","description":"Technische Software","potentialAction":[{"@type":"SearchAction","target":{"@type":"EntryPoint","urlTemplate":"https:\/\/wicam.com\/fr\/?s={search_term_string}"},"query-input":{"@type":"PropertyValueSpecification","valueRequired":true,"valueName":"search_term_string"}}],"inLanguage":"fr-FR"}]}},"_links":{"self":[{"href":"https:\/\/wicam.com\/fr\/wp-json\/wp\/v2\/pages\/5720","targetHints":{"allow":["GET"]}}],"collection":[{"href":"https:\/\/wicam.com\/fr\/wp-json\/wp\/v2\/pages"}],"about":[{"href":"https:\/\/wicam.com\/fr\/wp-json\/wp\/v2\/types\/page"}],"author":[{"embeddable":true,"href":"https:\/\/wicam.com\/fr\/wp-json\/wp\/v2\/users\/1"}],"replies":[{"embeddable":true,"href":"https:\/\/wicam.com\/fr\/wp-json\/wp\/v2\/comments?post=5720"}],"version-history":[{"count":2,"href":"https:\/\/wicam.com\/fr\/wp-json\/wp\/v2\/pages\/5720\/revisions"}],"predecessor-version":[{"id":82499,"href":"https:\/\/wicam.com\/fr\/wp-json\/wp\/v2\/pages\/5720\/revisions\/82499"}],"up":[{"embeddable":true,"href":"https:\/\/wicam.com\/fr\/wp-json\/wp\/v2\/pages\/5755"}],"wp:attachment":[{"href":"https:\/\/wicam.com\/fr\/wp-json\/wp\/v2\/media?parent=5720"}],"curies":[{"name":"wp","href":"https:\/\/api.w.org\/{rel}","templated":true}]}}