{"id":5762,"date":"2018-08-16T10:50:54","date_gmt":"2018-08-16T08:50:54","guid":{"rendered":"http:\/\/wicam.com\/logiciel\/pn4000\/schnittstellen\/"},"modified":"2025-04-14T06:37:23","modified_gmt":"2025-04-14T04:37:23","slug":"interfaces","status":"publish","type":"page","link":"https:\/\/wicam.com\/fr\/logiciel\/pn4000\/interfaces\/","title":{"rendered":"Interfaces"},"content":{"rendered":"<h2>Interfaces<\/h2>\n<p>Pour PN4000, les interfaces suivantes sont disponibles:<\/p>\n","protected":false},"excerpt":{"rendered":"<p>Interfaces Pour PN4000, les interfaces suivantes sont disponibles:<\/p>\n","protected":false},"author":1,"featured_media":0,"parent":5720,"menu_order":0,"comment_status":"closed","ping_status":"closed","template":"page-software-single.php","meta":{"_acf_changed":false,"footnotes":""},"class_list":["post-5762","page","type-page","status-publish","hentry"],"acf":[],"yoast_head":"<!-- This site is optimized with the Yoast SEO plugin v27.2 - https:\/\/yoast.com\/product\/yoast-seo-wordpress\/ -->\n<title>Imbrication automatis\u00e9 CAO\/CFAO - PN4000 - Interfaces - WiCAM<\/title>\n<meta name=\"description\" content=\"Pour PN4000, les interfaces suivantes sont disponibles: CAO - Syst\u00e8mes CNC - Syst\u00e8mes 3D - Syst\u00e8mes de GPAO ou ERP (PPS) - Syst\u00e8mes de stockage\" \/>\n<meta name=\"robots\" content=\"index, follow, max-snippet:-1, max-image-preview:large, max-video-preview:-1\" \/>\n<link rel=\"canonical\" href=\"https:\/\/wicam.com\/fr\/logiciel\/pn4000\/interfaces\/\" \/>\n<meta property=\"og:locale\" content=\"fr_FR\" \/>\n<meta property=\"og:type\" content=\"article\" \/>\n<meta property=\"og:title\" content=\"Imbrication automatis\u00e9 CAO\/CFAO - PN4000 - Interfaces - WiCAM\" \/>\n<meta property=\"og:description\" content=\"Pour PN4000, les interfaces suivantes sont disponibles: CAO - Syst\u00e8mes CNC - Syst\u00e8mes 3D - Syst\u00e8mes de GPAO ou ERP (PPS) - Syst\u00e8mes de stockage\" \/>\n<meta property=\"og:url\" content=\"https:\/\/wicam.com\/fr\/logiciel\/pn4000\/interfaces\/\" \/>\n<meta property=\"og:site_name\" content=\"WiCAM\" \/>\n<meta property=\"article:modified_time\" content=\"2025-04-14T04:37:23+00:00\" \/>\n<meta name=\"twitter:card\" content=\"summary_large_image\" \/>\n<meta name=\"twitter:label1\" content=\"Dur\u00e9e de lecture estim\u00e9e\" \/>\n\t<meta name=\"twitter:data1\" content=\"2 minutes\" \/>\n<script type=\"application\/ld+json\" class=\"yoast-schema-graph\">{\"@context\":\"https:\/\/schema.org\",\"@graph\":[{\"@type\":\"WebPage\",\"@id\":\"https:\/\/wicam.com\/fr\/logiciel\/pn4000\/interfaces\/\",\"url\":\"https:\/\/wicam.com\/fr\/logiciel\/pn4000\/interfaces\/\",\"name\":\"Imbrication automatis\u00e9 CAO\/CFAO - PN4000 - Interfaces - WiCAM\",\"isPartOf\":{\"@id\":\"https:\/\/wicam.com\/fr\/#website\"},\"datePublished\":\"2018-08-16T08:50:54+00:00\",\"dateModified\":\"2025-04-14T04:37:23+00:00\",\"description\":\"Pour PN4000, les interfaces suivantes sont disponibles: CAO - Syst\u00e8mes CNC - Syst\u00e8mes 3D - Syst\u00e8mes de GPAO ou ERP (PPS) - Syst\u00e8mes de stockage\",\"breadcrumb\":{\"@id\":\"https:\/\/wicam.com\/fr\/logiciel\/pn4000\/interfaces\/#breadcrumb\"},\"inLanguage\":\"fr-FR\",\"potentialAction\":[{\"@type\":\"ReadAction\",\"target\":[\"https:\/\/wicam.com\/fr\/logiciel\/pn4000\/interfaces\/\"]}]},{\"@type\":\"BreadcrumbList\",\"@id\":\"https:\/\/wicam.com\/fr\/logiciel\/pn4000\/interfaces\/#breadcrumb\",\"itemListElement\":[{\"@type\":\"ListItem\",\"position\":1,\"name\":\"Startseite\",\"item\":\"https:\/\/wicam.com\/fr\/\"},{\"@type\":\"ListItem\",\"position\":2,\"name\":\"Logiciel\",\"item\":\"https:\/\/wicam.com\/fr\/logiciel\/\"},{\"@type\":\"ListItem\",\"position\":3,\"name\":\"CAO\/CFAO System\",\"item\":\"https:\/\/wicam.com\/fr\/logiciel\/pn4000\/\"},{\"@type\":\"ListItem\",\"position\":4,\"name\":\"Interfaces\"}]},{\"@type\":\"WebSite\",\"@id\":\"https:\/\/wicam.com\/fr\/#website\",\"url\":\"https:\/\/wicam.com\/fr\/\",\"name\":\"WiCAM\",\"description\":\"Technische Software\",\"potentialAction\":[{\"@type\":\"SearchAction\",\"target\":{\"@type\":\"EntryPoint\",\"urlTemplate\":\"https:\/\/wicam.com\/fr\/?s={search_term_string}\"},\"query-input\":{\"@type\":\"PropertyValueSpecification\",\"valueRequired\":true,\"valueName\":\"search_term_string\"}}],\"inLanguage\":\"fr-FR\"}]}<\/script>\n<!-- \/ Yoast SEO plugin. -->","yoast_head_json":{"title":"Imbrication automatis\u00e9 CAO\/CFAO - PN4000 - Interfaces - WiCAM","description":"Pour PN4000, les interfaces suivantes sont disponibles: CAO - Syst\u00e8mes CNC - Syst\u00e8mes 3D - Syst\u00e8mes de GPAO ou ERP (PPS) - Syst\u00e8mes de stockage","robots":{"index":"index","follow":"follow","max-snippet":"max-snippet:-1","max-image-preview":"max-image-preview:large","max-video-preview":"max-video-preview:-1"},"canonical":"https:\/\/wicam.com\/fr\/logiciel\/pn4000\/interfaces\/","og_locale":"fr_FR","og_type":"article","og_title":"Imbrication automatis\u00e9 CAO\/CFAO - PN4000 - Interfaces - WiCAM","og_description":"Pour PN4000, les interfaces suivantes sont disponibles: CAO - Syst\u00e8mes CNC - Syst\u00e8mes 3D - Syst\u00e8mes de GPAO ou ERP (PPS) - Syst\u00e8mes de stockage","og_url":"https:\/\/wicam.com\/fr\/logiciel\/pn4000\/interfaces\/","og_site_name":"WiCAM","article_modified_time":"2025-04-14T04:37:23+00:00","twitter_card":"summary_large_image","twitter_misc":{"Dur\u00e9e de lecture estim\u00e9e":"2 minutes"},"schema":{"@context":"https:\/\/schema.org","@graph":[{"@type":"WebPage","@id":"https:\/\/wicam.com\/fr\/logiciel\/pn4000\/interfaces\/","url":"https:\/\/wicam.com\/fr\/logiciel\/pn4000\/interfaces\/","name":"Imbrication automatis\u00e9 CAO\/CFAO - PN4000 - Interfaces - WiCAM","isPartOf":{"@id":"https:\/\/wicam.com\/fr\/#website"},"datePublished":"2018-08-16T08:50:54+00:00","dateModified":"2025-04-14T04:37:23+00:00","description":"Pour PN4000, les interfaces suivantes sont disponibles: CAO - Syst\u00e8mes CNC - Syst\u00e8mes 3D - Syst\u00e8mes de GPAO ou ERP (PPS) - Syst\u00e8mes de stockage","breadcrumb":{"@id":"https:\/\/wicam.com\/fr\/logiciel\/pn4000\/interfaces\/#breadcrumb"},"inLanguage":"fr-FR","potentialAction":[{"@type":"ReadAction","target":["https:\/\/wicam.com\/fr\/logiciel\/pn4000\/interfaces\/"]}]},{"@type":"BreadcrumbList","@id":"https:\/\/wicam.com\/fr\/logiciel\/pn4000\/interfaces\/#breadcrumb","itemListElement":[{"@type":"ListItem","position":1,"name":"Startseite","item":"https:\/\/wicam.com\/fr\/"},{"@type":"ListItem","position":2,"name":"Logiciel","item":"https:\/\/wicam.com\/fr\/logiciel\/"},{"@type":"ListItem","position":3,"name":"CAO\/CFAO System","item":"https:\/\/wicam.com\/fr\/logiciel\/pn4000\/"},{"@type":"ListItem","position":4,"name":"Interfaces"}]},{"@type":"WebSite","@id":"https:\/\/wicam.com\/fr\/#website","url":"https:\/\/wicam.com\/fr\/","name":"WiCAM","description":"Technische Software","potentialAction":[{"@type":"SearchAction","target":{"@type":"EntryPoint","urlTemplate":"https:\/\/wicam.com\/fr\/?s={search_term_string}"},"query-input":{"@type":"PropertyValueSpecification","valueRequired":true,"valueName":"search_term_string"}}],"inLanguage":"fr-FR"}]}},"_links":{"self":[{"href":"https:\/\/wicam.com\/fr\/wp-json\/wp\/v2\/pages\/5762","targetHints":{"allow":["GET"]}}],"collection":[{"href":"https:\/\/wicam.com\/fr\/wp-json\/wp\/v2\/pages"}],"about":[{"href":"https:\/\/wicam.com\/fr\/wp-json\/wp\/v2\/types\/page"}],"author":[{"embeddable":true,"href":"https:\/\/wicam.com\/fr\/wp-json\/wp\/v2\/users\/1"}],"replies":[{"embeddable":true,"href":"https:\/\/wicam.com\/fr\/wp-json\/wp\/v2\/comments?post=5762"}],"version-history":[{"count":0,"href":"https:\/\/wicam.com\/fr\/wp-json\/wp\/v2\/pages\/5762\/revisions"}],"up":[{"embeddable":true,"href":"https:\/\/wicam.com\/fr\/wp-json\/wp\/v2\/pages\/5720"}],"wp:attachment":[{"href":"https:\/\/wicam.com\/fr\/wp-json\/wp\/v2\/media?parent=5762"}],"curies":[{"name":"wp","href":"https:\/\/api.w.org\/{rel}","templated":true}]}}