{"id":5776,"date":"2018-07-05T16:37:59","date_gmt":"2018-07-05T14:37:59","guid":{"rendered":"http:\/\/wicam.com\/unternehmen\/"},"modified":"2026-03-18T15:32:33","modified_gmt":"2026-03-18T14:32:33","slug":"societe","status":"publish","type":"page","link":"https:\/\/wicam.com\/fr\/societe\/","title":{"rendered":"Soci\u00e9t\u00e9"},"content":{"rendered":"<h2>WiCAM France SAS<\/h2>\n<p><a href=\"https:\/\/www.wicam.com\/wp-content\/uploads\/2023\/10\/wicam-france-start.jpg\" data-fancybox><img loading=\"lazy\" decoding=\"async\" class=\"alignright wp-image-27118\" src=\"https:\/\/www.wicam.com\/wp-content\/uploads\/2023\/10\/wicam-france-start-300x225.jpg\" alt=\"\" width=\"400\" height=\"300\" srcset=\"https:\/\/wicam.com\/wp-content\/uploads\/2023\/10\/wicam-france-start-300x225.jpg 300w, https:\/\/wicam.com\/wp-content\/uploads\/2023\/10\/wicam-france-start-1024x768.jpg 1024w, https:\/\/wicam.com\/wp-content\/uploads\/2023\/10\/wicam-france-start-768x576.jpg 768w, https:\/\/wicam.com\/wp-content\/uploads\/2023\/10\/wicam-france-start-1536x1152.jpg 1536w, https:\/\/wicam.com\/wp-content\/uploads\/2023\/10\/wicam-france-start.jpg 1750w\" sizes=\"auto, (max-width: 400px) 100vw, 400px\" \/><\/a>Depuis 1986, WiCAM est le principal fournisseur de CAD\/CAM et de logiciels d\u00b4imbrication pour le poin\u00e7onnage, la d\u00e9coupe, le cisaillage et le pliage CNC dans l&rsquo;industrie de la t\u00f4lerie.<\/p>\n<p>Les comp\u00e9tences de base sont ERP-\/PPS-Lien et contr\u00f4le enti\u00e8rement automatique, la commutation et l&rsquo;optimisation des machines de Trumpf, Prima Power, Amada, Bystronic et bien d&rsquo;autres. La gamme de produits PN de WiCAM offre une avance d\u00e9cisive dans la production mondiale aux entreprises industrielles et aux soci\u00e9t\u00e9s.<\/p>\n<p>Aujourd&rsquo;hui, WiCAM est l&rsquo;un des tr\u00e8s rares fournisseurs de haute technologie pour la programmation automatique NC dans le domaine du traitement des t\u00f4les. Au si\u00e8ge social en Allemagne\/Pfinztal-S\u00f6llingen nous d\u00e9veloppons les solutions pour vos machines actuelles et l&rsquo;automatisation de demain.<\/p>\n<p><a href=\"https:\/\/www.wicam.com\/fr\/endroits\/wicam-france\/\" target=\"_blank\" rel=\"noopener noreferrer\">WiCAM France SAS<\/a> (2 rue Thomas Edison, 67450 Mundolsheim, France), <a href=\"https:\/\/www.wicam.com\/fr\/logiciel\/\" target=\"_blank\" rel=\"noopener noreferrer\">propose toute la gamme<\/a> de services, de conseils, et de d\u00e9veloppements autour de l&rsquo;automatisation des usinages, dans le domaine de la t\u00f4le.<\/p>\n<p><a class=\"btn\" href=\"https:\/\/wicam.com\/fr\/contact\/\">Demande de pr\u00e9sentation<\/a><\/p>\n<p>&nbsp;<\/p>\n<h2><img loading=\"lazy\" decoding=\"async\" class=\"alignleft wp-image-27336 size-medium\" src=\"https:\/\/www.wicam.com\/wp-content\/uploads\/2023\/09\/ld-wicam-france-sas-225x300.jpg\" alt=\"\" width=\"225\" height=\"300\" srcset=\"https:\/\/wicam.com\/wp-content\/uploads\/2023\/09\/ld-wicam-france-sas-225x300.jpg 225w, https:\/\/wicam.com\/wp-content\/uploads\/2023\/09\/ld-wicam-france-sas-769x1024.jpg 769w, https:\/\/wicam.com\/wp-content\/uploads\/2023\/09\/ld-wicam-france-sas-768x1023.jpg 768w, https:\/\/wicam.com\/wp-content\/uploads\/2023\/09\/ld-wicam-france-sas.jpg 1000w\" sizes=\"auto, (max-width: 225px) 100vw, 225px\" \/>Votre contact<\/h2>\n<p>En tant que professionnel avec une longue exp\u00e9rience dans le domaine des logiciels CAD\/CAM\/Nesting, Monsieur Laurent Delemme est le premier interlocuteur pour nos clients fran\u00e7ais.<\/p>\n<p><strong>Adresse<\/strong><br \/>\nWiCAM France SAS, 2 rue Thomas Edison, 67450 Mundolsheim, France<\/p>\n<p><strong>T\u00e9l\u00e9phone<\/strong><br \/>\n<a href=\"tel:+33 97 30 35 875\">+33 (0)9 73 03 58 75<\/a><\/p>\n<p><strong>Email<\/strong><br \/>\n<a href=\"https:\/\/www.wicam.com\/fr\/contact\/\">Prendre rendez-vous maintenant<\/a><\/p>\n<p>&nbsp;<\/p>\n<h2>WiCAM International | Historique<\/h2>\n<p><a href=\"https:\/\/wicam.com\/wp-content\/uploads\/2018\/09\/WiCAMGlobal.jpg\" data-fancybox><img loading=\"lazy\" decoding=\"async\" class=\"alignright wp-image-1765\" src=\"https:\/\/wicam.com\/wp-content\/uploads\/2018\/09\/WiCAMGlobal-300x250.jpg\" alt=\"WiCAM Allemagne\" width=\"400\" height=\"334\" srcset=\"https:\/\/wicam.com\/wp-content\/uploads\/2018\/09\/WiCAMGlobal-300x250.jpg 300w, https:\/\/wicam.com\/wp-content\/uploads\/2018\/09\/WiCAMGlobal-768x641.jpg 768w, https:\/\/wicam.com\/wp-content\/uploads\/2018\/09\/WiCAMGlobal-1024x854.jpg 1024w, https:\/\/wicam.com\/wp-content\/uploads\/2018\/09\/WiCAMGlobal.jpg 1250w\" sizes=\"auto, (max-width: 400px) 100vw, 400px\" \/><\/a><\/p>\n<p>lorsque Harald wilkesmann 1984 gagn\u00e9 de l&rsquo;argent pour ses \u00e9tudes d&rsquo;ing\u00e9nierie \u00e0 l&rsquo;\u00e9quipe de nuit sur une machine \u00e0 poin\u00e7onner CNC, il a \u00e9t\u00e9 agac\u00e9 par le calcul du temps et la saisie des coordonn\u00e9es. Fascin\u00e9 par les possibilit\u00e9s technologique CNC et la num\u00e9risation \u00e9mergente dans l&rsquo;industrie, il a commenc\u00e9 \u00e0 d\u00e9velopper des algorithmes qui ont fait les textes NC pour les machines \u00e0 partir des listes de commandes et de donn\u00e9es CAO.<\/p>\n<p>La rumeur a rapidement parl\u00e9 du fait qu\u00b4une personne avait \u00e9t\u00e9 en mesure de contr\u00f4ler le parc de machines entier sans faille, les entreprises \u00e9taient \u00e0 la recherche de ce genre de solutions.<\/p>\n<p>En 1986 (maintenant Ing\u00e9nieur dipl\u00f4m\u00e9) mr. Wilkesmann a fond\u00e9 la soci\u00e9t\u00e9 WiCAM GmbH Technische Software, a programm\u00e9 les machines de ses clients et a \u00e9crit un syst\u00e8me ind\u00e9pendant de CAFO, qui avec des donn\u00e9es de diverses sources machines de r\u00e9aliser des codes NC des divers Fabricant.<\/p>\n<p>Les premi\u00e8res versions ont \u00e9t\u00e9 en mesure de traiter 4000 variables diff\u00e9rentes, et donc il a appel\u00e9 son projet \u00abparam\u00e9trique NC 4000\u00bb, ou tout court \u00abPN4000\u00bb. Pouss\u00e9 par l&rsquo;ambition et l&rsquo;aspiration \u00e0 la perfection, il a fallu six ans jusqu&rsquo;\u00e0 ce qu&rsquo;il pr\u00e9sente son logiciel \u00e0 l&rsquo;industrie.<\/p>\n","protected":false},"excerpt":{"rendered":"<p>WiCAM France SAS Depuis 1986, WiCAM est le principal fournisseur de CAD\/CAM et de logiciels d\u00b4imbrication pour le poin\u00e7onnage, la d\u00e9coupe, le cisaillage et le pliage CNC dans l&rsquo;industrie de la t\u00f4lerie. Les comp\u00e9tences de base sont ERP-\/PPS-Lien et contr\u00f4le enti\u00e8rement automatique, la commutation et l&rsquo;optimisation des machines de Trumpf, Prima Power, Amada, Bystronic et [&hellip;]<\/p>\n","protected":false},"author":1,"featured_media":0,"parent":0,"menu_order":0,"comment_status":"closed","ping_status":"closed","template":"page-unternehmen.php","meta":{"_acf_changed":false,"footnotes":""},"class_list":["post-5776","page","type-page","status-publish","hentry"],"acf":[],"yoast_head":"<!-- This site is optimized with the Yoast SEO plugin v27.2 - https:\/\/yoast.com\/product\/yoast-seo-wordpress\/ -->\n<title>Imbrication automatis\u00e9 CAO\/CFAO made in Germany - Soci\u00e9t\u00e9 - WiCAM<\/title>\n<meta name=\"description\" content=\"Solution logicielle en t\u00f4lerie - CAO\/CFAO Logiciel d\u00b4imbrication avec connection ERP pour automatisation - Gestion des process dans un syst\u00e8me\" \/>\n<meta name=\"robots\" content=\"index, follow, max-snippet:-1, max-image-preview:large, max-video-preview:-1\" \/>\n<link rel=\"canonical\" href=\"https:\/\/wicam.com\/fr\/societe\/\" \/>\n<meta property=\"og:locale\" content=\"fr_FR\" \/>\n<meta property=\"og:type\" content=\"article\" \/>\n<meta property=\"og:title\" content=\"Imbrication automatis\u00e9 CAO\/CFAO made in Germany - Soci\u00e9t\u00e9 - WiCAM\" \/>\n<meta property=\"og:description\" content=\"Solution logicielle en t\u00f4lerie - CAO\/CFAO Logiciel d\u00b4imbrication avec connection ERP pour automatisation - Gestion des process dans un syst\u00e8me\" \/>\n<meta property=\"og:url\" content=\"https:\/\/wicam.com\/fr\/societe\/\" \/>\n<meta property=\"og:site_name\" content=\"WiCAM\" \/>\n<meta property=\"article:modified_time\" content=\"2026-03-18T14:32:33+00:00\" \/>\n<meta property=\"og:image\" content=\"https:\/\/wicam.com\/wp-content\/uploads\/2023\/10\/wicam-france-start.jpg\" \/>\n\t<meta property=\"og:image:width\" content=\"1750\" \/>\n\t<meta property=\"og:image:height\" content=\"1313\" \/>\n\t<meta property=\"og:image:type\" content=\"image\/jpeg\" \/>\n<meta name=\"twitter:card\" content=\"summary_large_image\" \/>\n<meta name=\"twitter:label1\" content=\"Dur\u00e9e de lecture estim\u00e9e\" \/>\n\t<meta name=\"twitter:data1\" content=\"12 minutes\" \/>\n<script type=\"application\/ld+json\" class=\"yoast-schema-graph\">{\"@context\":\"https:\/\/schema.org\",\"@graph\":[{\"@type\":\"WebPage\",\"@id\":\"https:\/\/wicam.com\/fr\/societe\/\",\"url\":\"https:\/\/wicam.com\/fr\/societe\/\",\"name\":\"Imbrication automatis\u00e9 CAO\/CFAO made in Germany - Soci\u00e9t\u00e9 - WiCAM\",\"isPartOf\":{\"@id\":\"https:\/\/wicam.com\/fr\/#website\"},\"primaryImageOfPage\":{\"@id\":\"https:\/\/wicam.com\/fr\/societe\/#primaryimage\"},\"image\":{\"@id\":\"https:\/\/wicam.com\/fr\/societe\/#primaryimage\"},\"thumbnailUrl\":\"https:\/\/www.wicam.com\/wp-content\/uploads\/2023\/10\/wicam-france-start-300x225.jpg\",\"datePublished\":\"2018-07-05T14:37:59+00:00\",\"dateModified\":\"2026-03-18T14:32:33+00:00\",\"description\":\"Solution logicielle en t\u00f4lerie - CAO\/CFAO Logiciel d\u00b4imbrication avec connection ERP pour automatisation - Gestion des process dans un syst\u00e8me\",\"breadcrumb\":{\"@id\":\"https:\/\/wicam.com\/fr\/societe\/#breadcrumb\"},\"inLanguage\":\"fr-FR\",\"potentialAction\":[{\"@type\":\"ReadAction\",\"target\":[\"https:\/\/wicam.com\/fr\/societe\/\"]}]},{\"@type\":\"ImageObject\",\"inLanguage\":\"fr-FR\",\"@id\":\"https:\/\/wicam.com\/fr\/societe\/#primaryimage\",\"url\":\"https:\/\/www.wicam.com\/wp-content\/uploads\/2023\/10\/wicam-france-start-300x225.jpg\",\"contentUrl\":\"https:\/\/www.wicam.com\/wp-content\/uploads\/2023\/10\/wicam-france-start-300x225.jpg\"},{\"@type\":\"BreadcrumbList\",\"@id\":\"https:\/\/wicam.com\/fr\/societe\/#breadcrumb\",\"itemListElement\":[{\"@type\":\"ListItem\",\"position\":1,\"name\":\"Startseite\",\"item\":\"https:\/\/wicam.com\/fr\/\"},{\"@type\":\"ListItem\",\"position\":2,\"name\":\"Soci\u00e9t\u00e9\"}]},{\"@type\":\"WebSite\",\"@id\":\"https:\/\/wicam.com\/fr\/#website\",\"url\":\"https:\/\/wicam.com\/fr\/\",\"name\":\"WiCAM\",\"description\":\"Technische Software\",\"potentialAction\":[{\"@type\":\"SearchAction\",\"target\":{\"@type\":\"EntryPoint\",\"urlTemplate\":\"https:\/\/wicam.com\/fr\/?s={search_term_string}\"},\"query-input\":{\"@type\":\"PropertyValueSpecification\",\"valueRequired\":true,\"valueName\":\"search_term_string\"}}],\"inLanguage\":\"fr-FR\"}]}<\/script>\n<!-- \/ Yoast SEO plugin. -->","yoast_head_json":{"title":"Imbrication automatis\u00e9 CAO\/CFAO made in Germany - Soci\u00e9t\u00e9 - WiCAM","description":"Solution logicielle en t\u00f4lerie - CAO\/CFAO Logiciel d\u00b4imbrication avec connection ERP pour automatisation - Gestion des process dans un syst\u00e8me","robots":{"index":"index","follow":"follow","max-snippet":"max-snippet:-1","max-image-preview":"max-image-preview:large","max-video-preview":"max-video-preview:-1"},"canonical":"https:\/\/wicam.com\/fr\/societe\/","og_locale":"fr_FR","og_type":"article","og_title":"Imbrication automatis\u00e9 CAO\/CFAO made in Germany - Soci\u00e9t\u00e9 - WiCAM","og_description":"Solution logicielle en t\u00f4lerie - CAO\/CFAO Logiciel d\u00b4imbrication avec connection ERP pour automatisation - Gestion des process dans un syst\u00e8me","og_url":"https:\/\/wicam.com\/fr\/societe\/","og_site_name":"WiCAM","article_modified_time":"2026-03-18T14:32:33+00:00","og_image":[{"width":1750,"height":1313,"url":"https:\/\/wicam.com\/wp-content\/uploads\/2023\/10\/wicam-france-start.jpg","type":"image\/jpeg"}],"twitter_card":"summary_large_image","twitter_misc":{"Dur\u00e9e de lecture estim\u00e9e":"12 minutes"},"schema":{"@context":"https:\/\/schema.org","@graph":[{"@type":"WebPage","@id":"https:\/\/wicam.com\/fr\/societe\/","url":"https:\/\/wicam.com\/fr\/societe\/","name":"Imbrication automatis\u00e9 CAO\/CFAO made in Germany - Soci\u00e9t\u00e9 - WiCAM","isPartOf":{"@id":"https:\/\/wicam.com\/fr\/#website"},"primaryImageOfPage":{"@id":"https:\/\/wicam.com\/fr\/societe\/#primaryimage"},"image":{"@id":"https:\/\/wicam.com\/fr\/societe\/#primaryimage"},"thumbnailUrl":"https:\/\/www.wicam.com\/wp-content\/uploads\/2023\/10\/wicam-france-start-300x225.jpg","datePublished":"2018-07-05T14:37:59+00:00","dateModified":"2026-03-18T14:32:33+00:00","description":"Solution logicielle en t\u00f4lerie - CAO\/CFAO Logiciel d\u00b4imbrication avec connection ERP pour automatisation - Gestion des process dans un syst\u00e8me","breadcrumb":{"@id":"https:\/\/wicam.com\/fr\/societe\/#breadcrumb"},"inLanguage":"fr-FR","potentialAction":[{"@type":"ReadAction","target":["https:\/\/wicam.com\/fr\/societe\/"]}]},{"@type":"ImageObject","inLanguage":"fr-FR","@id":"https:\/\/wicam.com\/fr\/societe\/#primaryimage","url":"https:\/\/www.wicam.com\/wp-content\/uploads\/2023\/10\/wicam-france-start-300x225.jpg","contentUrl":"https:\/\/www.wicam.com\/wp-content\/uploads\/2023\/10\/wicam-france-start-300x225.jpg"},{"@type":"BreadcrumbList","@id":"https:\/\/wicam.com\/fr\/societe\/#breadcrumb","itemListElement":[{"@type":"ListItem","position":1,"name":"Startseite","item":"https:\/\/wicam.com\/fr\/"},{"@type":"ListItem","position":2,"name":"Soci\u00e9t\u00e9"}]},{"@type":"WebSite","@id":"https:\/\/wicam.com\/fr\/#website","url":"https:\/\/wicam.com\/fr\/","name":"WiCAM","description":"Technische Software","potentialAction":[{"@type":"SearchAction","target":{"@type":"EntryPoint","urlTemplate":"https:\/\/wicam.com\/fr\/?s={search_term_string}"},"query-input":{"@type":"PropertyValueSpecification","valueRequired":true,"valueName":"search_term_string"}}],"inLanguage":"fr-FR"}]}},"_links":{"self":[{"href":"https:\/\/wicam.com\/fr\/wp-json\/wp\/v2\/pages\/5776","targetHints":{"allow":["GET"]}}],"collection":[{"href":"https:\/\/wicam.com\/fr\/wp-json\/wp\/v2\/pages"}],"about":[{"href":"https:\/\/wicam.com\/fr\/wp-json\/wp\/v2\/types\/page"}],"author":[{"embeddable":true,"href":"https:\/\/wicam.com\/fr\/wp-json\/wp\/v2\/users\/1"}],"replies":[{"embeddable":true,"href":"https:\/\/wicam.com\/fr\/wp-json\/wp\/v2\/comments?post=5776"}],"version-history":[{"count":1,"href":"https:\/\/wicam.com\/fr\/wp-json\/wp\/v2\/pages\/5776\/revisions"}],"predecessor-version":[{"id":81599,"href":"https:\/\/wicam.com\/fr\/wp-json\/wp\/v2\/pages\/5776\/revisions\/81599"}],"wp:attachment":[{"href":"https:\/\/wicam.com\/fr\/wp-json\/wp\/v2\/media?parent=5776"}],"curies":[{"name":"wp","href":"https:\/\/api.w.org\/{rel}","templated":true}]}}