{"id":5791,"date":"2018-07-25T09:56:00","date_gmt":"2018-07-25T07:56:00","guid":{"rendered":"http:\/\/wicam.com\/logiciel\/pncontrol\/"},"modified":"2022-08-15T12:55:42","modified_gmt":"2022-08-15T10:55:42","slug":"gestion-de-production","status":"publish","type":"page","link":"https:\/\/wicam.com\/fr\/logiciel\/gestion-de-production\/","title":{"rendered":"Gestion de production"},"content":{"rendered":"<h2>Gestion de production \/ Poste de contr\u00f4le<\/h2>\n<p><img loading=\"lazy\" decoding=\"async\" class=\"alignright wp-image-22873\" src=\"https:\/\/www.wicam.com\/wp-content\/uploads\/2022\/03\/pncontrol2-300x278.png\" alt=\"\" width=\"375\" height=\"348\" srcset=\"https:\/\/wicam.com\/wp-content\/uploads\/2022\/03\/pncontrol2-300x278.png 300w, https:\/\/wicam.com\/wp-content\/uploads\/2022\/03\/pncontrol2-768x712.png 768w, https:\/\/wicam.com\/wp-content\/uploads\/2022\/03\/pncontrol2.png 1000w\" sizes=\"auto, (max-width: 375px) 100vw, 375px\" \/>Le Centre de contr\u00f4le ou <strong>PNControl<\/strong> est un outil puissant pour la planification, le contr\u00f4le des t\u00e2ches, l\u2019ex\u00e9cution et le suivi de tous les d\u00e9lais de fabrication et de production.<\/p>\n<p>Les t\u00e2ches cr\u00e9\u00e9s avec PN4000 (ou les donn\u00e9es pertinentes NC) sont directement envoy\u00e9es \u00e0 l\u2019appareil. Les donn\u00e9es sont ensuite mises \u00e0 la disposition du Centre de contr\u00f4le pour la suivi. En m\u00eame temps, les donn\u00e9es de commande num\u00e9rique peuvent \u00eatre g\u00e9n\u00e9r\u00e9es au sein PN4000 avec diff\u00e9rents proc\u00e9d\u00e9s automatis\u00e9s tels que des boucles multiples ou le moteur de PN pour plusieurs machines simultan\u00e9ment.<\/p>\n<h4>Caract\u00e9ristiques<\/h4>\n<ul>\n<li>La gestion des emplois et des imbrications<\/li>\n<li>Repr\u00e9sentation graphique de l\u2019utilisation de la machine<\/li>\n<li>Fonctions de statistique de statut des pi\u00e8ces, l\u2019utilisation de la machine, l\u2019utilisation du mat\u00e9riau<\/li>\n<li>Simples demandes de renseignements de l\u2019\u00e9tat des pi\u00e8ces<\/li>\n<li>Licence de r\u00e9seau et octroi des droits d\u2019acc\u00e8s aux groupes d\u2019utilisateurs (administrateur, gestion de la production, de l\u2019ing\u00e9nierie, utilisateur, invit\u00e9)<\/li>\n<li>R\u00e9troaction en ligne des pi\u00e8ces fabriqu\u00e9es sur la machine selon le lien entre le Syst\u00e8me de PN4000 et l\u2019ERP (en fonction des options de la machine)<\/li>\n<li>Confirmation manuelle de consommation des plaques \/ pi\u00e8ces termin\u00e9es par l\u2019op\u00e9rateur de la machine<\/li>\n<li>\u00c9valuation du temps r\u00e9el consomm\u00e9 par t\u00e2che<\/li>\n<\/ul>\n<p><a class=\"btn\" href=\"\/fr\/contact\/\">obtenir une d\u00e9mo<\/a><\/p>\n","protected":false},"excerpt":{"rendered":"<p>Gestion de production \/ Poste de contr\u00f4le Le Centre de contr\u00f4le ou PNControl est un outil puissant pour la planification, le contr\u00f4le des t\u00e2ches, l\u2019ex\u00e9cution et le suivi de tous les d\u00e9lais de fabrication et de production. Les t\u00e2ches cr\u00e9\u00e9s avec PN4000 (ou les donn\u00e9es pertinentes NC) sont directement envoy\u00e9es \u00e0 l\u2019appareil. Les donn\u00e9es sont [&hellip;]<\/p>\n","protected":false},"author":1,"featured_media":0,"parent":5755,"menu_order":0,"comment_status":"closed","ping_status":"closed","template":"page-software-single.php","meta":{"_acf_changed":false,"footnotes":""},"class_list":["post-5791","page","type-page","status-publish","hentry"],"acf":[],"yoast_head":"<!-- This site is optimized with the Yoast SEO plugin v27.2 - https:\/\/yoast.com\/product\/yoast-seo-wordpress\/ -->\n<title>Imbrication automatis\u00e9 CAO\/CFAO - Gestion de production - WiCAM<\/title>\n<meta name=\"description\" content=\"Le Centre de contr\u00f4le ou PNControl est un outil puissant pour la planification, le contr\u00f4le des t\u00e2ches, l\u2019ex\u00e9cution et le suivi de tous les d\u00e9lais de fabrication et de production.\" \/>\n<meta name=\"robots\" content=\"index, follow, max-snippet:-1, max-image-preview:large, max-video-preview:-1\" \/>\n<link rel=\"canonical\" href=\"https:\/\/wicam.com\/fr\/logiciel\/gestion-de-production\/\" \/>\n<meta property=\"og:locale\" content=\"fr_FR\" \/>\n<meta property=\"og:type\" content=\"article\" \/>\n<meta property=\"og:title\" content=\"Imbrication automatis\u00e9 CAO\/CFAO - Gestion de production - WiCAM\" \/>\n<meta property=\"og:description\" content=\"Le Centre de contr\u00f4le ou PNControl est un outil puissant pour la planification, le contr\u00f4le des t\u00e2ches, l\u2019ex\u00e9cution et le suivi de tous les d\u00e9lais de fabrication et de production.\" \/>\n<meta property=\"og:url\" content=\"https:\/\/wicam.com\/fr\/logiciel\/gestion-de-production\/\" \/>\n<meta property=\"og:site_name\" content=\"WiCAM\" \/>\n<meta property=\"article:modified_time\" content=\"2022-08-15T10:55:42+00:00\" \/>\n<meta property=\"og:image\" content=\"https:\/\/www.wicam.com\/wp-content\/uploads\/2022\/03\/pncontrol2-300x278.png\" \/>\n<meta name=\"twitter:card\" content=\"summary_large_image\" \/>\n<meta name=\"twitter:label1\" content=\"Dur\u00e9e de lecture estim\u00e9e\" \/>\n\t<meta name=\"twitter:data1\" content=\"1 minute\" \/>\n<script type=\"application\/ld+json\" class=\"yoast-schema-graph\">{\"@context\":\"https:\/\/schema.org\",\"@graph\":[{\"@type\":\"WebPage\",\"@id\":\"https:\/\/wicam.com\/fr\/logiciel\/gestion-de-production\/\",\"url\":\"https:\/\/wicam.com\/fr\/logiciel\/gestion-de-production\/\",\"name\":\"Imbrication automatis\u00e9 CAO\/CFAO - Gestion de production - WiCAM\",\"isPartOf\":{\"@id\":\"https:\/\/wicam.com\/fr\/#website\"},\"primaryImageOfPage\":{\"@id\":\"https:\/\/wicam.com\/fr\/logiciel\/gestion-de-production\/#primaryimage\"},\"image\":{\"@id\":\"https:\/\/wicam.com\/fr\/logiciel\/gestion-de-production\/#primaryimage\"},\"thumbnailUrl\":\"https:\/\/www.wicam.com\/wp-content\/uploads\/2022\/03\/pncontrol2-300x278.png\",\"datePublished\":\"2018-07-25T07:56:00+00:00\",\"dateModified\":\"2022-08-15T10:55:42+00:00\",\"description\":\"Le Centre de contr\u00f4le ou PNControl est un outil puissant pour la planification, le contr\u00f4le des t\u00e2ches, l\u2019ex\u00e9cution et le suivi de tous les d\u00e9lais de fabrication et de production.\",\"breadcrumb\":{\"@id\":\"https:\/\/wicam.com\/fr\/logiciel\/gestion-de-production\/#breadcrumb\"},\"inLanguage\":\"fr-FR\",\"potentialAction\":[{\"@type\":\"ReadAction\",\"target\":[\"https:\/\/wicam.com\/fr\/logiciel\/gestion-de-production\/\"]}]},{\"@type\":\"ImageObject\",\"inLanguage\":\"fr-FR\",\"@id\":\"https:\/\/wicam.com\/fr\/logiciel\/gestion-de-production\/#primaryimage\",\"url\":\"https:\/\/www.wicam.com\/wp-content\/uploads\/2022\/03\/pncontrol2-300x278.png\",\"contentUrl\":\"https:\/\/www.wicam.com\/wp-content\/uploads\/2022\/03\/pncontrol2-300x278.png\"},{\"@type\":\"BreadcrumbList\",\"@id\":\"https:\/\/wicam.com\/fr\/logiciel\/gestion-de-production\/#breadcrumb\",\"itemListElement\":[{\"@type\":\"ListItem\",\"position\":1,\"name\":\"Startseite\",\"item\":\"https:\/\/wicam.com\/fr\/\"},{\"@type\":\"ListItem\",\"position\":2,\"name\":\"Logiciel\",\"item\":\"https:\/\/wicam.com\/fr\/logiciel\/\"},{\"@type\":\"ListItem\",\"position\":3,\"name\":\"Gestion de production\"}]},{\"@type\":\"WebSite\",\"@id\":\"https:\/\/wicam.com\/fr\/#website\",\"url\":\"https:\/\/wicam.com\/fr\/\",\"name\":\"WiCAM\",\"description\":\"Technische Software\",\"potentialAction\":[{\"@type\":\"SearchAction\",\"target\":{\"@type\":\"EntryPoint\",\"urlTemplate\":\"https:\/\/wicam.com\/fr\/?s={search_term_string}\"},\"query-input\":{\"@type\":\"PropertyValueSpecification\",\"valueRequired\":true,\"valueName\":\"search_term_string\"}}],\"inLanguage\":\"fr-FR\"}]}<\/script>\n<!-- \/ Yoast SEO plugin. -->","yoast_head_json":{"title":"Imbrication automatis\u00e9 CAO\/CFAO - Gestion de production - WiCAM","description":"Le Centre de contr\u00f4le ou PNControl est un outil puissant pour la planification, le contr\u00f4le des t\u00e2ches, l\u2019ex\u00e9cution et le suivi de tous les d\u00e9lais de fabrication et de production.","robots":{"index":"index","follow":"follow","max-snippet":"max-snippet:-1","max-image-preview":"max-image-preview:large","max-video-preview":"max-video-preview:-1"},"canonical":"https:\/\/wicam.com\/fr\/logiciel\/gestion-de-production\/","og_locale":"fr_FR","og_type":"article","og_title":"Imbrication automatis\u00e9 CAO\/CFAO - Gestion de production - WiCAM","og_description":"Le Centre de contr\u00f4le ou PNControl est un outil puissant pour la planification, le contr\u00f4le des t\u00e2ches, l\u2019ex\u00e9cution et le suivi de tous les d\u00e9lais de fabrication et de production.","og_url":"https:\/\/wicam.com\/fr\/logiciel\/gestion-de-production\/","og_site_name":"WiCAM","article_modified_time":"2022-08-15T10:55:42+00:00","og_image":[{"url":"https:\/\/www.wicam.com\/wp-content\/uploads\/2022\/03\/pncontrol2-300x278.png","type":"","width":"","height":""}],"twitter_card":"summary_large_image","twitter_misc":{"Dur\u00e9e de lecture estim\u00e9e":"1 minute"},"schema":{"@context":"https:\/\/schema.org","@graph":[{"@type":"WebPage","@id":"https:\/\/wicam.com\/fr\/logiciel\/gestion-de-production\/","url":"https:\/\/wicam.com\/fr\/logiciel\/gestion-de-production\/","name":"Imbrication automatis\u00e9 CAO\/CFAO - Gestion de production - WiCAM","isPartOf":{"@id":"https:\/\/wicam.com\/fr\/#website"},"primaryImageOfPage":{"@id":"https:\/\/wicam.com\/fr\/logiciel\/gestion-de-production\/#primaryimage"},"image":{"@id":"https:\/\/wicam.com\/fr\/logiciel\/gestion-de-production\/#primaryimage"},"thumbnailUrl":"https:\/\/www.wicam.com\/wp-content\/uploads\/2022\/03\/pncontrol2-300x278.png","datePublished":"2018-07-25T07:56:00+00:00","dateModified":"2022-08-15T10:55:42+00:00","description":"Le Centre de contr\u00f4le ou PNControl est un outil puissant pour la planification, le contr\u00f4le des t\u00e2ches, l\u2019ex\u00e9cution et le suivi de tous les d\u00e9lais de fabrication et de production.","breadcrumb":{"@id":"https:\/\/wicam.com\/fr\/logiciel\/gestion-de-production\/#breadcrumb"},"inLanguage":"fr-FR","potentialAction":[{"@type":"ReadAction","target":["https:\/\/wicam.com\/fr\/logiciel\/gestion-de-production\/"]}]},{"@type":"ImageObject","inLanguage":"fr-FR","@id":"https:\/\/wicam.com\/fr\/logiciel\/gestion-de-production\/#primaryimage","url":"https:\/\/www.wicam.com\/wp-content\/uploads\/2022\/03\/pncontrol2-300x278.png","contentUrl":"https:\/\/www.wicam.com\/wp-content\/uploads\/2022\/03\/pncontrol2-300x278.png"},{"@type":"BreadcrumbList","@id":"https:\/\/wicam.com\/fr\/logiciel\/gestion-de-production\/#breadcrumb","itemListElement":[{"@type":"ListItem","position":1,"name":"Startseite","item":"https:\/\/wicam.com\/fr\/"},{"@type":"ListItem","position":2,"name":"Logiciel","item":"https:\/\/wicam.com\/fr\/logiciel\/"},{"@type":"ListItem","position":3,"name":"Gestion de production"}]},{"@type":"WebSite","@id":"https:\/\/wicam.com\/fr\/#website","url":"https:\/\/wicam.com\/fr\/","name":"WiCAM","description":"Technische Software","potentialAction":[{"@type":"SearchAction","target":{"@type":"EntryPoint","urlTemplate":"https:\/\/wicam.com\/fr\/?s={search_term_string}"},"query-input":{"@type":"PropertyValueSpecification","valueRequired":true,"valueName":"search_term_string"}}],"inLanguage":"fr-FR"}]}},"_links":{"self":[{"href":"https:\/\/wicam.com\/fr\/wp-json\/wp\/v2\/pages\/5791","targetHints":{"allow":["GET"]}}],"collection":[{"href":"https:\/\/wicam.com\/fr\/wp-json\/wp\/v2\/pages"}],"about":[{"href":"https:\/\/wicam.com\/fr\/wp-json\/wp\/v2\/types\/page"}],"author":[{"embeddable":true,"href":"https:\/\/wicam.com\/fr\/wp-json\/wp\/v2\/users\/1"}],"replies":[{"embeddable":true,"href":"https:\/\/wicam.com\/fr\/wp-json\/wp\/v2\/comments?post=5791"}],"version-history":[{"count":0,"href":"https:\/\/wicam.com\/fr\/wp-json\/wp\/v2\/pages\/5791\/revisions"}],"up":[{"embeddable":true,"href":"https:\/\/wicam.com\/fr\/wp-json\/wp\/v2\/pages\/5755"}],"wp:attachment":[{"href":"https:\/\/wicam.com\/fr\/wp-json\/wp\/v2\/media?parent=5791"}],"curies":[{"name":"wp","href":"https:\/\/api.w.org\/{rel}","templated":true}]}}