{"id":5805,"date":"2018-07-25T09:56:33","date_gmt":"2018-07-25T07:56:33","guid":{"rendered":"http:\/\/wicam.com\/logiciel\/pnbend\/"},"modified":"2025-12-10T09:14:36","modified_gmt":"2025-12-10T08:14:36","slug":"pnbend","status":"publish","type":"page","link":"https:\/\/wicam.com\/fr\/logiciel\/pnbend\/","title":{"rendered":"Pliage"},"content":{"rendered":"<h2>Pliage<\/h2>\n<p><img loading=\"lazy\" decoding=\"async\" class=\"alignright wp-image-22903\" src=\"https:\/\/www.wicam.com\/wp-content\/uploads\/2022\/03\/pnbend1-300x278.png\" alt=\"\" width=\"375\" height=\"348\" srcset=\"https:\/\/wicam.com\/wp-content\/uploads\/2022\/03\/pnbend1-300x278.png 300w, https:\/\/wicam.com\/wp-content\/uploads\/2022\/03\/pnbend1-768x712.png 768w, https:\/\/wicam.com\/wp-content\/uploads\/2022\/03\/pnbend1.png 1000w\" sizes=\"auto, (max-width: 375px) 100vw, 375px\" \/>Le produit PNBend est utilis\u00e9 pour la programmation off-line des diff\u00e9rentes fabricants de presses-plieuses. Avec des fonctionnalit\u00e9s automatiques de pliage, des programmes peuvent \u00eatre cr\u00e9\u00e9s rapidement et facilement sur le poste de travail informatique.<\/p>\n<h4>Caract\u00e9ristiques<\/h4>\n<ul>\n<li>S\u00e9lection automatique de l\u2019outil en fonction des divers crit\u00e8res de s\u00e9lection<\/li>\n<li>Adaptation des donn\u00e9es li\u00e9es aux technologies du mat\u00e9riau et au processus de pliage, y compris les compensations et les rayons de cintrage<\/li>\n<li>Biblioth\u00e8que d\u2019outil pour les outils standards et sp\u00e9ciaux<\/li>\n<li>Calcul automatique de la meilleure s\u00e9quence de flexion possible<\/li>\n<li>La programmation automatique des but\u00e9es d\u2019arr\u00eats arri\u00e8re<\/li>\n<li>Cr\u00e9ation du programme CNC et du plan de configuration<\/li>\n<\/ul>\n<p><a class=\"btn\" href=\"\/marketing\/factsheets\/pnbend-fr-factsheet.pdf\" target=\"_blank\" rel=\"noopener\">Factsheet<\/a> <a class=\"btn\" href=\"https:\/\/wicam.com\/fr\/contact\/\">obtenir une d\u00e9mo<\/a><\/p>\n","protected":false},"excerpt":{"rendered":"<p>Pliage Le produit PNBend est utilis\u00e9 pour la programmation off-line des diff\u00e9rentes fabricants de presses-plieuses. Avec des fonctionnalit\u00e9s automatiques de pliage, des programmes peuvent \u00eatre cr\u00e9\u00e9s rapidement et facilement sur le poste de travail informatique. Caract\u00e9ristiques S\u00e9lection automatique de l\u2019outil en fonction des divers crit\u00e8res de s\u00e9lection Adaptation des donn\u00e9es li\u00e9es aux technologies du mat\u00e9riau [&hellip;]<\/p>\n","protected":false},"author":1,"featured_media":0,"parent":5755,"menu_order":0,"comment_status":"closed","ping_status":"closed","template":"page-software-single.php","meta":{"_acf_changed":false,"footnotes":""},"class_list":["post-5805","page","type-page","status-publish","hentry"],"acf":[],"yoast_head":"<!-- This site is optimized with the Yoast SEO plugin v27.2 - https:\/\/yoast.com\/product\/yoast-seo-wordpress\/ -->\n<title>Pliage - PNBend - WiCAM<\/title>\n<meta name=\"description\" content=\"Le produit PNBend est utilis\u00e9 pour la programmation off-line des diff\u00e9rentes fabricants de presses-plieuses. Avec des fonctionnalit\u00e9s automatiques de pliage, des programmes peuvent \u00eatre cr\u00e9\u00e9s rapidement et facilement sur le poste de travail informatique.\" \/>\n<meta name=\"robots\" content=\"index, follow, max-snippet:-1, max-image-preview:large, max-video-preview:-1\" \/>\n<link rel=\"canonical\" href=\"https:\/\/wicam.com\/fr\/logiciel\/pnbend\/\" \/>\n<meta property=\"og:locale\" content=\"fr_FR\" \/>\n<meta property=\"og:type\" content=\"article\" \/>\n<meta property=\"og:title\" content=\"Pliage - PNBend - WiCAM\" \/>\n<meta property=\"og:description\" content=\"Le produit PNBend est utilis\u00e9 pour la programmation off-line des diff\u00e9rentes fabricants de presses-plieuses. Avec des fonctionnalit\u00e9s automatiques de pliage, des programmes peuvent \u00eatre cr\u00e9\u00e9s rapidement et facilement sur le poste de travail informatique.\" \/>\n<meta property=\"og:url\" content=\"https:\/\/wicam.com\/fr\/logiciel\/pnbend\/\" \/>\n<meta property=\"og:site_name\" content=\"WiCAM\" \/>\n<meta property=\"article:modified_time\" content=\"2025-12-10T08:14:36+00:00\" \/>\n<meta property=\"og:image\" content=\"https:\/\/wicam.com\/wp-content\/uploads\/2022\/03\/pnbend1.png\" \/>\n\t<meta property=\"og:image:width\" content=\"1000\" \/>\n\t<meta property=\"og:image:height\" content=\"927\" \/>\n\t<meta property=\"og:image:type\" content=\"image\/png\" \/>\n<meta name=\"twitter:card\" content=\"summary_large_image\" \/>\n<meta name=\"twitter:label1\" content=\"Dur\u00e9e de lecture estim\u00e9e\" \/>\n\t<meta name=\"twitter:data1\" content=\"8 minutes\" \/>\n<script type=\"application\/ld+json\" class=\"yoast-schema-graph\">{\"@context\":\"https:\/\/schema.org\",\"@graph\":[{\"@type\":\"WebPage\",\"@id\":\"https:\/\/wicam.com\/fr\/logiciel\/pnbend\/\",\"url\":\"https:\/\/wicam.com\/fr\/logiciel\/pnbend\/\",\"name\":\"Pliage - PNBend - WiCAM\",\"isPartOf\":{\"@id\":\"https:\/\/wicam.com\/fr\/#website\"},\"primaryImageOfPage\":{\"@id\":\"https:\/\/wicam.com\/fr\/logiciel\/pnbend\/#primaryimage\"},\"image\":{\"@id\":\"https:\/\/wicam.com\/fr\/logiciel\/pnbend\/#primaryimage\"},\"thumbnailUrl\":\"https:\/\/www.wicam.com\/wp-content\/uploads\/2022\/03\/pnbend1-300x278.png\",\"datePublished\":\"2018-07-25T07:56:33+00:00\",\"dateModified\":\"2025-12-10T08:14:36+00:00\",\"description\":\"Le produit PNBend est utilis\u00e9 pour la programmation off-line des diff\u00e9rentes fabricants de presses-plieuses. Avec des fonctionnalit\u00e9s automatiques de pliage, des programmes peuvent \u00eatre cr\u00e9\u00e9s rapidement et facilement sur le poste de travail informatique.\",\"breadcrumb\":{\"@id\":\"https:\/\/wicam.com\/fr\/logiciel\/pnbend\/#breadcrumb\"},\"inLanguage\":\"fr-FR\",\"potentialAction\":[{\"@type\":\"ReadAction\",\"target\":[\"https:\/\/wicam.com\/fr\/logiciel\/pnbend\/\"]}]},{\"@type\":\"ImageObject\",\"inLanguage\":\"fr-FR\",\"@id\":\"https:\/\/wicam.com\/fr\/logiciel\/pnbend\/#primaryimage\",\"url\":\"https:\/\/www.wicam.com\/wp-content\/uploads\/2022\/03\/pnbend1-300x278.png\",\"contentUrl\":\"https:\/\/www.wicam.com\/wp-content\/uploads\/2022\/03\/pnbend1-300x278.png\"},{\"@type\":\"BreadcrumbList\",\"@id\":\"https:\/\/wicam.com\/fr\/logiciel\/pnbend\/#breadcrumb\",\"itemListElement\":[{\"@type\":\"ListItem\",\"position\":1,\"name\":\"Startseite\",\"item\":\"https:\/\/wicam.com\/fr\/\"},{\"@type\":\"ListItem\",\"position\":2,\"name\":\"Logiciel\",\"item\":\"https:\/\/wicam.com\/fr\/logiciel\/\"},{\"@type\":\"ListItem\",\"position\":3,\"name\":\"Pliage\"}]},{\"@type\":\"WebSite\",\"@id\":\"https:\/\/wicam.com\/fr\/#website\",\"url\":\"https:\/\/wicam.com\/fr\/\",\"name\":\"WiCAM\",\"description\":\"Technische Software\",\"potentialAction\":[{\"@type\":\"SearchAction\",\"target\":{\"@type\":\"EntryPoint\",\"urlTemplate\":\"https:\/\/wicam.com\/fr\/?s={search_term_string}\"},\"query-input\":{\"@type\":\"PropertyValueSpecification\",\"valueRequired\":true,\"valueName\":\"search_term_string\"}}],\"inLanguage\":\"fr-FR\"}]}<\/script>\n<!-- \/ Yoast SEO plugin. -->","yoast_head_json":{"title":"Pliage - PNBend - WiCAM","description":"Le produit PNBend est utilis\u00e9 pour la programmation off-line des diff\u00e9rentes fabricants de presses-plieuses. Avec des fonctionnalit\u00e9s automatiques de pliage, des programmes peuvent \u00eatre cr\u00e9\u00e9s rapidement et facilement sur le poste de travail informatique.","robots":{"index":"index","follow":"follow","max-snippet":"max-snippet:-1","max-image-preview":"max-image-preview:large","max-video-preview":"max-video-preview:-1"},"canonical":"https:\/\/wicam.com\/fr\/logiciel\/pnbend\/","og_locale":"fr_FR","og_type":"article","og_title":"Pliage - PNBend - WiCAM","og_description":"Le produit PNBend est utilis\u00e9 pour la programmation off-line des diff\u00e9rentes fabricants de presses-plieuses. Avec des fonctionnalit\u00e9s automatiques de pliage, des programmes peuvent \u00eatre cr\u00e9\u00e9s rapidement et facilement sur le poste de travail informatique.","og_url":"https:\/\/wicam.com\/fr\/logiciel\/pnbend\/","og_site_name":"WiCAM","article_modified_time":"2025-12-10T08:14:36+00:00","og_image":[{"width":1000,"height":927,"url":"https:\/\/wicam.com\/wp-content\/uploads\/2022\/03\/pnbend1.png","type":"image\/png"}],"twitter_card":"summary_large_image","twitter_misc":{"Dur\u00e9e de lecture estim\u00e9e":"8 minutes"},"schema":{"@context":"https:\/\/schema.org","@graph":[{"@type":"WebPage","@id":"https:\/\/wicam.com\/fr\/logiciel\/pnbend\/","url":"https:\/\/wicam.com\/fr\/logiciel\/pnbend\/","name":"Pliage - PNBend - WiCAM","isPartOf":{"@id":"https:\/\/wicam.com\/fr\/#website"},"primaryImageOfPage":{"@id":"https:\/\/wicam.com\/fr\/logiciel\/pnbend\/#primaryimage"},"image":{"@id":"https:\/\/wicam.com\/fr\/logiciel\/pnbend\/#primaryimage"},"thumbnailUrl":"https:\/\/www.wicam.com\/wp-content\/uploads\/2022\/03\/pnbend1-300x278.png","datePublished":"2018-07-25T07:56:33+00:00","dateModified":"2025-12-10T08:14:36+00:00","description":"Le produit PNBend est utilis\u00e9 pour la programmation off-line des diff\u00e9rentes fabricants de presses-plieuses. Avec des fonctionnalit\u00e9s automatiques de pliage, des programmes peuvent \u00eatre cr\u00e9\u00e9s rapidement et facilement sur le poste de travail informatique.","breadcrumb":{"@id":"https:\/\/wicam.com\/fr\/logiciel\/pnbend\/#breadcrumb"},"inLanguage":"fr-FR","potentialAction":[{"@type":"ReadAction","target":["https:\/\/wicam.com\/fr\/logiciel\/pnbend\/"]}]},{"@type":"ImageObject","inLanguage":"fr-FR","@id":"https:\/\/wicam.com\/fr\/logiciel\/pnbend\/#primaryimage","url":"https:\/\/www.wicam.com\/wp-content\/uploads\/2022\/03\/pnbend1-300x278.png","contentUrl":"https:\/\/www.wicam.com\/wp-content\/uploads\/2022\/03\/pnbend1-300x278.png"},{"@type":"BreadcrumbList","@id":"https:\/\/wicam.com\/fr\/logiciel\/pnbend\/#breadcrumb","itemListElement":[{"@type":"ListItem","position":1,"name":"Startseite","item":"https:\/\/wicam.com\/fr\/"},{"@type":"ListItem","position":2,"name":"Logiciel","item":"https:\/\/wicam.com\/fr\/logiciel\/"},{"@type":"ListItem","position":3,"name":"Pliage"}]},{"@type":"WebSite","@id":"https:\/\/wicam.com\/fr\/#website","url":"https:\/\/wicam.com\/fr\/","name":"WiCAM","description":"Technische Software","potentialAction":[{"@type":"SearchAction","target":{"@type":"EntryPoint","urlTemplate":"https:\/\/wicam.com\/fr\/?s={search_term_string}"},"query-input":{"@type":"PropertyValueSpecification","valueRequired":true,"valueName":"search_term_string"}}],"inLanguage":"fr-FR"}]}},"_links":{"self":[{"href":"https:\/\/wicam.com\/fr\/wp-json\/wp\/v2\/pages\/5805","targetHints":{"allow":["GET"]}}],"collection":[{"href":"https:\/\/wicam.com\/fr\/wp-json\/wp\/v2\/pages"}],"about":[{"href":"https:\/\/wicam.com\/fr\/wp-json\/wp\/v2\/types\/page"}],"author":[{"embeddable":true,"href":"https:\/\/wicam.com\/fr\/wp-json\/wp\/v2\/users\/1"}],"replies":[{"embeddable":true,"href":"https:\/\/wicam.com\/fr\/wp-json\/wp\/v2\/comments?post=5805"}],"version-history":[{"count":1,"href":"https:\/\/wicam.com\/fr\/wp-json\/wp\/v2\/pages\/5805\/revisions"}],"predecessor-version":[{"id":59253,"href":"https:\/\/wicam.com\/fr\/wp-json\/wp\/v2\/pages\/5805\/revisions\/59253"}],"up":[{"embeddable":true,"href":"https:\/\/wicam.com\/fr\/wp-json\/wp\/v2\/pages\/5755"}],"wp:attachment":[{"href":"https:\/\/wicam.com\/fr\/wp-json\/wp\/v2\/media?parent=5805"}],"curies":[{"name":"wp","href":"https:\/\/api.w.org\/{rel}","templated":true}]}}