{"id":6002,"date":"2018-08-20T18:40:41","date_gmt":"2018-08-20T16:40:41","guid":{"rendered":"https:\/\/wicam.com\/logiciel\/gestion-de-production\/system-requirements\/"},"modified":"2025-02-25T14:19:34","modified_gmt":"2025-02-25T13:19:34","slug":"configuration-materiel","status":"publish","type":"page","link":"https:\/\/wicam.com\/fr\/logiciel\/gestion-de-production\/configuration-materiel\/","title":{"rendered":"Configuration mat\u00e9riel"},"content":{"rendered":"<h2>Configuration mat\u00e9riel<\/h2>\n<p>All installation and service work requires administrator rights to workstation and server.<br \/>\nThe operation of the software does not require an active internet connection. However, the services, installation and update require this.<\/p>\n","protected":false},"excerpt":{"rendered":"<p>Configuration mat\u00e9riel All installation and service work requires administrator rights to workstation and server. The operation of the software does not require an active internet connection. However, the services, installation and update require this.<\/p>\n","protected":false},"author":1,"featured_media":0,"parent":5791,"menu_order":0,"comment_status":"closed","ping_status":"closed","template":"page-software-single.php","meta":{"_acf_changed":false,"footnotes":""},"class_list":["post-6002","page","type-page","status-publish","hentry"],"acf":[],"yoast_head":"<!-- This site is optimized with the Yoast SEO plugin v27.2 - https:\/\/yoast.com\/product\/yoast-seo-wordpress\/ -->\n<title>Imbrication automatis\u00e9 CAO\/CFAO - PNControl - Configuration mat\u00e9riel - WiCAM<\/title>\n<meta name=\"description\" content=\"Le Centre de contr\u00f4le ou PNControl est un outil puissant pour la planification, le contr\u00f4le des t\u00e2ches, l\u2019ex\u00e9cution et le suivi de tous les d\u00e9lais de fabrication et de production.\" \/>\n<meta name=\"robots\" content=\"index, follow, max-snippet:-1, max-image-preview:large, max-video-preview:-1\" \/>\n<link rel=\"canonical\" href=\"https:\/\/wicam.com\/fr\/logiciel\/gestion-de-production\/configuration-materiel\/\" \/>\n<meta property=\"og:locale\" content=\"fr_FR\" \/>\n<meta property=\"og:type\" content=\"article\" \/>\n<meta property=\"og:title\" content=\"Imbrication automatis\u00e9 CAO\/CFAO - PNControl - Configuration mat\u00e9riel - WiCAM\" \/>\n<meta property=\"og:description\" content=\"Le Centre de contr\u00f4le ou PNControl est un outil puissant pour la planification, le contr\u00f4le des t\u00e2ches, l\u2019ex\u00e9cution et le suivi de tous les d\u00e9lais de fabrication et de production.\" \/>\n<meta property=\"og:url\" content=\"https:\/\/wicam.com\/fr\/logiciel\/gestion-de-production\/configuration-materiel\/\" \/>\n<meta property=\"og:site_name\" content=\"WiCAM\" \/>\n<meta property=\"article:modified_time\" content=\"2025-02-25T13:19:34+00:00\" \/>\n<meta name=\"twitter:card\" content=\"summary_large_image\" \/>\n<meta name=\"twitter:label1\" content=\"Dur\u00e9e de lecture estim\u00e9e\" \/>\n\t<meta name=\"twitter:data1\" content=\"1 minute\" \/>\n<script type=\"application\/ld+json\" class=\"yoast-schema-graph\">{\"@context\":\"https:\/\/schema.org\",\"@graph\":[{\"@type\":\"WebPage\",\"@id\":\"https:\/\/wicam.com\/fr\/logiciel\/gestion-de-production\/configuration-materiel\/\",\"url\":\"https:\/\/wicam.com\/fr\/logiciel\/gestion-de-production\/configuration-materiel\/\",\"name\":\"Imbrication automatis\u00e9 CAO\/CFAO - PNControl - Configuration mat\u00e9riel - WiCAM\",\"isPartOf\":{\"@id\":\"https:\/\/wicam.com\/fr\/#website\"},\"datePublished\":\"2018-08-20T16:40:41+00:00\",\"dateModified\":\"2025-02-25T13:19:34+00:00\",\"description\":\"Le Centre de contr\u00f4le ou PNControl est un outil puissant pour la planification, le contr\u00f4le des t\u00e2ches, l\u2019ex\u00e9cution et le suivi de tous les d\u00e9lais de fabrication et de production.\",\"breadcrumb\":{\"@id\":\"https:\/\/wicam.com\/fr\/logiciel\/gestion-de-production\/configuration-materiel\/#breadcrumb\"},\"inLanguage\":\"fr-FR\",\"potentialAction\":[{\"@type\":\"ReadAction\",\"target\":[\"https:\/\/wicam.com\/fr\/logiciel\/gestion-de-production\/configuration-materiel\/\"]}]},{\"@type\":\"BreadcrumbList\",\"@id\":\"https:\/\/wicam.com\/fr\/logiciel\/gestion-de-production\/configuration-materiel\/#breadcrumb\",\"itemListElement\":[{\"@type\":\"ListItem\",\"position\":1,\"name\":\"Startseite\",\"item\":\"https:\/\/wicam.com\/fr\/\"},{\"@type\":\"ListItem\",\"position\":2,\"name\":\"Logiciel\",\"item\":\"https:\/\/wicam.com\/fr\/logiciel\/\"},{\"@type\":\"ListItem\",\"position\":3,\"name\":\"Gestion de production\",\"item\":\"https:\/\/wicam.com\/fr\/logiciel\/gestion-de-production\/\"},{\"@type\":\"ListItem\",\"position\":4,\"name\":\"Configuration mat\u00e9riel\"}]},{\"@type\":\"WebSite\",\"@id\":\"https:\/\/wicam.com\/fr\/#website\",\"url\":\"https:\/\/wicam.com\/fr\/\",\"name\":\"WiCAM\",\"description\":\"Technische Software\",\"potentialAction\":[{\"@type\":\"SearchAction\",\"target\":{\"@type\":\"EntryPoint\",\"urlTemplate\":\"https:\/\/wicam.com\/fr\/?s={search_term_string}\"},\"query-input\":{\"@type\":\"PropertyValueSpecification\",\"valueRequired\":true,\"valueName\":\"search_term_string\"}}],\"inLanguage\":\"fr-FR\"}]}<\/script>\n<!-- \/ Yoast SEO plugin. -->","yoast_head_json":{"title":"Imbrication automatis\u00e9 CAO\/CFAO - PNControl - Configuration mat\u00e9riel - WiCAM","description":"Le Centre de contr\u00f4le ou PNControl est un outil puissant pour la planification, le contr\u00f4le des t\u00e2ches, l\u2019ex\u00e9cution et le suivi de tous les d\u00e9lais de fabrication et de production.","robots":{"index":"index","follow":"follow","max-snippet":"max-snippet:-1","max-image-preview":"max-image-preview:large","max-video-preview":"max-video-preview:-1"},"canonical":"https:\/\/wicam.com\/fr\/logiciel\/gestion-de-production\/configuration-materiel\/","og_locale":"fr_FR","og_type":"article","og_title":"Imbrication automatis\u00e9 CAO\/CFAO - PNControl - Configuration mat\u00e9riel - WiCAM","og_description":"Le Centre de contr\u00f4le ou PNControl est un outil puissant pour la planification, le contr\u00f4le des t\u00e2ches, l\u2019ex\u00e9cution et le suivi de tous les d\u00e9lais de fabrication et de production.","og_url":"https:\/\/wicam.com\/fr\/logiciel\/gestion-de-production\/configuration-materiel\/","og_site_name":"WiCAM","article_modified_time":"2025-02-25T13:19:34+00:00","twitter_card":"summary_large_image","twitter_misc":{"Dur\u00e9e de lecture estim\u00e9e":"1 minute"},"schema":{"@context":"https:\/\/schema.org","@graph":[{"@type":"WebPage","@id":"https:\/\/wicam.com\/fr\/logiciel\/gestion-de-production\/configuration-materiel\/","url":"https:\/\/wicam.com\/fr\/logiciel\/gestion-de-production\/configuration-materiel\/","name":"Imbrication automatis\u00e9 CAO\/CFAO - PNControl - Configuration mat\u00e9riel - WiCAM","isPartOf":{"@id":"https:\/\/wicam.com\/fr\/#website"},"datePublished":"2018-08-20T16:40:41+00:00","dateModified":"2025-02-25T13:19:34+00:00","description":"Le Centre de contr\u00f4le ou PNControl est un outil puissant pour la planification, le contr\u00f4le des t\u00e2ches, l\u2019ex\u00e9cution et le suivi de tous les d\u00e9lais de fabrication et de production.","breadcrumb":{"@id":"https:\/\/wicam.com\/fr\/logiciel\/gestion-de-production\/configuration-materiel\/#breadcrumb"},"inLanguage":"fr-FR","potentialAction":[{"@type":"ReadAction","target":["https:\/\/wicam.com\/fr\/logiciel\/gestion-de-production\/configuration-materiel\/"]}]},{"@type":"BreadcrumbList","@id":"https:\/\/wicam.com\/fr\/logiciel\/gestion-de-production\/configuration-materiel\/#breadcrumb","itemListElement":[{"@type":"ListItem","position":1,"name":"Startseite","item":"https:\/\/wicam.com\/fr\/"},{"@type":"ListItem","position":2,"name":"Logiciel","item":"https:\/\/wicam.com\/fr\/logiciel\/"},{"@type":"ListItem","position":3,"name":"Gestion de production","item":"https:\/\/wicam.com\/fr\/logiciel\/gestion-de-production\/"},{"@type":"ListItem","position":4,"name":"Configuration mat\u00e9riel"}]},{"@type":"WebSite","@id":"https:\/\/wicam.com\/fr\/#website","url":"https:\/\/wicam.com\/fr\/","name":"WiCAM","description":"Technische Software","potentialAction":[{"@type":"SearchAction","target":{"@type":"EntryPoint","urlTemplate":"https:\/\/wicam.com\/fr\/?s={search_term_string}"},"query-input":{"@type":"PropertyValueSpecification","valueRequired":true,"valueName":"search_term_string"}}],"inLanguage":"fr-FR"}]}},"_links":{"self":[{"href":"https:\/\/wicam.com\/fr\/wp-json\/wp\/v2\/pages\/6002","targetHints":{"allow":["GET"]}}],"collection":[{"href":"https:\/\/wicam.com\/fr\/wp-json\/wp\/v2\/pages"}],"about":[{"href":"https:\/\/wicam.com\/fr\/wp-json\/wp\/v2\/types\/page"}],"author":[{"embeddable":true,"href":"https:\/\/wicam.com\/fr\/wp-json\/wp\/v2\/users\/1"}],"replies":[{"embeddable":true,"href":"https:\/\/wicam.com\/fr\/wp-json\/wp\/v2\/comments?post=6002"}],"version-history":[{"count":0,"href":"https:\/\/wicam.com\/fr\/wp-json\/wp\/v2\/pages\/6002\/revisions"}],"up":[{"embeddable":true,"href":"https:\/\/wicam.com\/fr\/wp-json\/wp\/v2\/pages\/5791"}],"wp:attachment":[{"href":"https:\/\/wicam.com\/fr\/wp-json\/wp\/v2\/media?parent=6002"}],"curies":[{"name":"wp","href":"https:\/\/api.w.org\/{rel}","templated":true}]}}