{"id":6012,"date":"2018-08-31T15:56:47","date_gmt":"2018-08-31T13:56:47","guid":{"rendered":"https:\/\/wicam.com\/service\/training\/"},"modified":"2025-10-09T20:20:55","modified_gmt":"2025-10-09T18:20:55","slug":"formations","status":"publish","type":"page","link":"https:\/\/wicam.com\/fr\/service\/formations\/","title":{"rendered":"Formations"},"content":{"rendered":"<p>La motivation et la formation des employ\u00e9s sont des \u00e9l\u00e9ments de comp\u00e9titivit\u00e9 primordiaux dans la comp\u00e9tition quotidienne de votre soci\u00e9t\u00e9.<\/p>\n<p>La formation chez WiCAM repr\u00e9sente une contribution importante pour atteindre ce but.<\/p>\n<p>Cette formation fournit une connaissance approfondie de la gestion des modules de nos produits (PN4000, PNBend\u2026).<\/p>\n<p>Les formateurs exp\u00e9riment\u00e9s apportent \u00e0 vos employ\u00e9s les derni\u00e8res informations sur l\u2019\u00e9tat actuel de la technologie.<\/p>\n<p>Cette formation est r\u00e9alis\u00e9e dans votre entreprise par nos expert techniques.<\/p>\n<p>Notre organisme de formation s\u2019engage \u00e0 vous r\u00e9pondre dans un d\u00e9lai de 72 heures (ouvr\u00e9es).<\/p>\n<p>Nous envisagerons la date de d\u00e9but de formation la plus appropri\u00e9e en fonction de vos besoins, pr\u00e9f\u00e9rences et nos contraintes respectives.<\/p>\n<p>&nbsp;<\/p>\n<h3>Nos indicateurs Qualit\u00e9 pour 2024<\/h3>\n<p><strong>Taux de satisfaction Stagiaire de 98,0 %<br \/>\nTaux de satisfaction Soci\u00e9t\u00e9 de 97,3 %<br \/>\nTaux de satisfaction Formateurs de 100 %<\/strong><\/p>\n<p>&nbsp;<\/p>\n<p>Pour vos demandes de formation, merci de nous contacter<\/p>\n<ul>\n<li>Par t\u00e9l\u00e9phone au <a href=\"tel:+33 97 30 35 875\">+33 (0)9 73 03 58 75<\/a><\/li>\n<li>Ou par email : <a href=\"mailto:france@wicam.com\" target=\"_blank\" rel=\"noopener\">france@wicam.com<\/a><\/li>\n<\/ul>\n<p><strong>Tarif indicatif, \u00e0 partir de 1 350\u20ac HT la journ\u00e9e sur site.<br \/>\n(Nous consulter pour offre personnalis\u00e9e)<\/strong><\/p>\n<ul>\n<li><a href=\"https:\/\/www.wicam.com\/docs\/wicam-france-sas\/programme-de-stage-wicam-pn4000-laser.pdf\" target=\"_blank\" rel=\"noopener\">Formation WiCAM PN4000 Laser Imbrication, 3 jours (.pdf)<\/a><\/li>\n<li><a href=\"https:\/\/www.wicam.com\/docs\/wicam-france-sas\/programme-de-stage-wicam-pn4000-poinconnage.pdf\" target=\"_blank\" rel=\"noopener\">Formation WiCAM PN4000 Poin\u00e7onnage Imbrication, 4 jours (.pdf)<\/a><\/li>\n<li><a href=\"https:\/\/www.wicam.com\/docs\/wicam-france-sas\/programme-de-stage-wicam-pnbend-pliage.pdf\" target=\"_blank\" rel=\"noopener\">Formation WiCAM PNBend Pliage, 2 jours (.pdf)<\/a><\/li>\n<li><a href=\"https:\/\/www.wicam.com\/docs\/wicam-france-sas\/programme-de-stage-wicam-pn4000-complementaire-4j.pdf\" target=\"_blank\" rel=\"noopener\">Formation WiCAM PN4000 Compl\u00e9mentaire, dur\u00e9e selon analyse conjointe (.pdf)<\/a><\/li>\n<\/ul>\n<p>&gt; <a href=\"https:\/\/www.wicam.com\/docs\/wicam-france-sas\/accompagnement-des-stagiaires-en-situation-de-handicap.pdf\" target=\"_blank\" rel=\"noopener\">Accompagnement des stagiaires en situation de handicap (.pdf)<\/a><\/p>\n","protected":false},"excerpt":{"rendered":"<p>La motivation et la formation des employ\u00e9s sont des \u00e9l\u00e9ments de comp\u00e9titivit\u00e9 primordiaux dans la comp\u00e9tition quotidienne de votre soci\u00e9t\u00e9. La formation chez WiCAM repr\u00e9sente une contribution importante pour atteindre ce but. Cette formation fournit une connaissance approfondie de la gestion des modules de nos produits (PN4000, PNBend\u2026). Les formateurs exp\u00e9riment\u00e9s apportent \u00e0 vos employ\u00e9s [&hellip;]<\/p>\n","protected":false},"author":1,"featured_media":0,"parent":6010,"menu_order":0,"comment_status":"closed","ping_status":"closed","template":"page-dienstleistungen-single.php","meta":{"_acf_changed":false,"footnotes":""},"class_list":["post-6012","page","type-page","status-publish","hentry"],"acf":[],"yoast_head":"<!-- This site is optimized with the Yoast SEO plugin v27.2 - https:\/\/yoast.com\/product\/yoast-seo-wordpress\/ -->\n<title>CAO\/CFAO Logiciel d\u00b4imbrication - Service - Formations - WiCAM<\/title>\n<meta name=\"description\" content=\"La motivation et la formation des employ\u00e9s sont\u00a0des \u00e9l\u00e9ments de comp\u00e9titivit\u00e9 primordiaux dans la comp\u00e9tition quotidienne de votre soci\u00e9t\u00e9.\" \/>\n<meta name=\"robots\" content=\"index, follow, max-snippet:-1, max-image-preview:large, max-video-preview:-1\" \/>\n<link rel=\"canonical\" href=\"https:\/\/wicam.com\/fr\/service\/formations\/\" \/>\n<meta property=\"og:locale\" content=\"fr_FR\" \/>\n<meta property=\"og:type\" content=\"article\" \/>\n<meta property=\"og:title\" content=\"CAO\/CFAO Logiciel d\u00b4imbrication - Service - Formations - WiCAM\" \/>\n<meta property=\"og:description\" content=\"La motivation et la formation des employ\u00e9s sont\u00a0des \u00e9l\u00e9ments de comp\u00e9titivit\u00e9 primordiaux dans la comp\u00e9tition quotidienne de votre soci\u00e9t\u00e9.\" \/>\n<meta property=\"og:url\" content=\"https:\/\/wicam.com\/fr\/service\/formations\/\" \/>\n<meta property=\"og:site_name\" content=\"WiCAM\" \/>\n<meta property=\"article:modified_time\" content=\"2025-10-09T18:20:55+00:00\" \/>\n<meta name=\"twitter:card\" content=\"summary_large_image\" \/>\n<meta name=\"twitter:label1\" content=\"Dur\u00e9e de lecture estim\u00e9e\" \/>\n\t<meta name=\"twitter:data1\" content=\"3 minutes\" \/>\n<script type=\"application\/ld+json\" class=\"yoast-schema-graph\">{\"@context\":\"https:\/\/schema.org\",\"@graph\":[{\"@type\":\"WebPage\",\"@id\":\"https:\/\/wicam.com\/fr\/service\/formations\/\",\"url\":\"https:\/\/wicam.com\/fr\/service\/formations\/\",\"name\":\"CAO\/CFAO Logiciel d\u00b4imbrication - Service - Formations - WiCAM\",\"isPartOf\":{\"@id\":\"https:\/\/wicam.com\/fr\/#website\"},\"datePublished\":\"2018-08-31T13:56:47+00:00\",\"dateModified\":\"2025-10-09T18:20:55+00:00\",\"description\":\"La motivation et la formation des employ\u00e9s sont\u00a0des \u00e9l\u00e9ments de comp\u00e9titivit\u00e9 primordiaux dans la comp\u00e9tition quotidienne de votre soci\u00e9t\u00e9.\",\"breadcrumb\":{\"@id\":\"https:\/\/wicam.com\/fr\/service\/formations\/#breadcrumb\"},\"inLanguage\":\"fr-FR\",\"potentialAction\":[{\"@type\":\"ReadAction\",\"target\":[\"https:\/\/wicam.com\/fr\/service\/formations\/\"]}]},{\"@type\":\"BreadcrumbList\",\"@id\":\"https:\/\/wicam.com\/fr\/service\/formations\/#breadcrumb\",\"itemListElement\":[{\"@type\":\"ListItem\",\"position\":1,\"name\":\"Startseite\",\"item\":\"https:\/\/wicam.com\/fr\/\"},{\"@type\":\"ListItem\",\"position\":2,\"name\":\"Service\",\"item\":\"https:\/\/wicam.com\/fr\/service\/\"},{\"@type\":\"ListItem\",\"position\":3,\"name\":\"Formations\"}]},{\"@type\":\"WebSite\",\"@id\":\"https:\/\/wicam.com\/fr\/#website\",\"url\":\"https:\/\/wicam.com\/fr\/\",\"name\":\"WiCAM\",\"description\":\"Technische Software\",\"potentialAction\":[{\"@type\":\"SearchAction\",\"target\":{\"@type\":\"EntryPoint\",\"urlTemplate\":\"https:\/\/wicam.com\/fr\/?s={search_term_string}\"},\"query-input\":{\"@type\":\"PropertyValueSpecification\",\"valueRequired\":true,\"valueName\":\"search_term_string\"}}],\"inLanguage\":\"fr-FR\"}]}<\/script>\n<!-- \/ Yoast SEO plugin. -->","yoast_head_json":{"title":"CAO\/CFAO Logiciel d\u00b4imbrication - Service - Formations - WiCAM","description":"La motivation et la formation des employ\u00e9s sont\u00a0des \u00e9l\u00e9ments de comp\u00e9titivit\u00e9 primordiaux dans la comp\u00e9tition quotidienne de votre soci\u00e9t\u00e9.","robots":{"index":"index","follow":"follow","max-snippet":"max-snippet:-1","max-image-preview":"max-image-preview:large","max-video-preview":"max-video-preview:-1"},"canonical":"https:\/\/wicam.com\/fr\/service\/formations\/","og_locale":"fr_FR","og_type":"article","og_title":"CAO\/CFAO Logiciel d\u00b4imbrication - Service - Formations - WiCAM","og_description":"La motivation et la formation des employ\u00e9s sont\u00a0des \u00e9l\u00e9ments de comp\u00e9titivit\u00e9 primordiaux dans la comp\u00e9tition quotidienne de votre soci\u00e9t\u00e9.","og_url":"https:\/\/wicam.com\/fr\/service\/formations\/","og_site_name":"WiCAM","article_modified_time":"2025-10-09T18:20:55+00:00","twitter_card":"summary_large_image","twitter_misc":{"Dur\u00e9e de lecture estim\u00e9e":"3 minutes"},"schema":{"@context":"https:\/\/schema.org","@graph":[{"@type":"WebPage","@id":"https:\/\/wicam.com\/fr\/service\/formations\/","url":"https:\/\/wicam.com\/fr\/service\/formations\/","name":"CAO\/CFAO Logiciel d\u00b4imbrication - Service - Formations - WiCAM","isPartOf":{"@id":"https:\/\/wicam.com\/fr\/#website"},"datePublished":"2018-08-31T13:56:47+00:00","dateModified":"2025-10-09T18:20:55+00:00","description":"La motivation et la formation des employ\u00e9s sont\u00a0des \u00e9l\u00e9ments de comp\u00e9titivit\u00e9 primordiaux dans la comp\u00e9tition quotidienne de votre soci\u00e9t\u00e9.","breadcrumb":{"@id":"https:\/\/wicam.com\/fr\/service\/formations\/#breadcrumb"},"inLanguage":"fr-FR","potentialAction":[{"@type":"ReadAction","target":["https:\/\/wicam.com\/fr\/service\/formations\/"]}]},{"@type":"BreadcrumbList","@id":"https:\/\/wicam.com\/fr\/service\/formations\/#breadcrumb","itemListElement":[{"@type":"ListItem","position":1,"name":"Startseite","item":"https:\/\/wicam.com\/fr\/"},{"@type":"ListItem","position":2,"name":"Service","item":"https:\/\/wicam.com\/fr\/service\/"},{"@type":"ListItem","position":3,"name":"Formations"}]},{"@type":"WebSite","@id":"https:\/\/wicam.com\/fr\/#website","url":"https:\/\/wicam.com\/fr\/","name":"WiCAM","description":"Technische Software","potentialAction":[{"@type":"SearchAction","target":{"@type":"EntryPoint","urlTemplate":"https:\/\/wicam.com\/fr\/?s={search_term_string}"},"query-input":{"@type":"PropertyValueSpecification","valueRequired":true,"valueName":"search_term_string"}}],"inLanguage":"fr-FR"}]}},"_links":{"self":[{"href":"https:\/\/wicam.com\/fr\/wp-json\/wp\/v2\/pages\/6012","targetHints":{"allow":["GET"]}}],"collection":[{"href":"https:\/\/wicam.com\/fr\/wp-json\/wp\/v2\/pages"}],"about":[{"href":"https:\/\/wicam.com\/fr\/wp-json\/wp\/v2\/types\/page"}],"author":[{"embeddable":true,"href":"https:\/\/wicam.com\/fr\/wp-json\/wp\/v2\/users\/1"}],"replies":[{"embeddable":true,"href":"https:\/\/wicam.com\/fr\/wp-json\/wp\/v2\/comments?post=6012"}],"version-history":[{"count":0,"href":"https:\/\/wicam.com\/fr\/wp-json\/wp\/v2\/pages\/6012\/revisions"}],"up":[{"embeddable":true,"href":"https:\/\/wicam.com\/fr\/wp-json\/wp\/v2\/pages\/6010"}],"wp:attachment":[{"href":"https:\/\/wicam.com\/fr\/wp-json\/wp\/v2\/media?parent=6012"}],"curies":[{"name":"wp","href":"https:\/\/api.w.org\/{rel}","templated":true}]}}