{"id":6014,"date":"2018-08-31T15:56:55","date_gmt":"2018-08-31T13:56:55","guid":{"rendered":"https:\/\/wicam.com\/service\/development\/"},"modified":"2024-01-19T10:17:16","modified_gmt":"2024-01-19T09:17:16","slug":"developpement-special","status":"publish","type":"page","link":"https:\/\/wicam.com\/fr\/service\/developpement-special\/","title":{"rendered":"D\u00e9veloppement sp\u00e9cial"},"content":{"rendered":"<p data-wp-editing=\"1\"><a href=\"https:\/\/www.wicam.com\/wp-content\/uploads\/2024\/01\/PN4000-spezial-fr.jpg\" data-fancybox><img loading=\"lazy\" decoding=\"async\" class=\"alignright wp-image-27692\" src=\"https:\/\/www.wicam.com\/wp-content\/uploads\/2024\/01\/PN4000-spezial-fr-300x231.jpg\" alt=\"\" width=\"375\" height=\"289\" srcset=\"https:\/\/wicam.com\/wp-content\/uploads\/2024\/01\/PN4000-spezial-fr-300x231.jpg 300w, https:\/\/wicam.com\/wp-content\/uploads\/2024\/01\/PN4000-spezial-fr-768x592.jpg 768w, https:\/\/wicam.com\/wp-content\/uploads\/2024\/01\/PN4000-spezial-fr.jpg 798w\" sizes=\"auto, (max-width: 375px) 100vw, 375px\" \/><\/a>Nous d\u00e9veloppons de nouvelles solutions sp\u00e9cifiques\u00a0fiables selon les\u00a0besoins tr\u00e8s sp\u00e9cifiques des clients &#8211; Nous offrons des produits sur-mesure &#8211; exactement tels qu&rsquo;ils sont n\u00e9cessaires. Nous modifions \u00e9galement des modules logiciels existants en fonction des exigences particuli\u00e8res.<\/p>\n<h4>Exemples:<\/h4>\n<ul>\n<li>Conversion des donn\u00e9es existantes<\/li>\n<li>Adaptation pour\u00a0la connexion des syst\u00e8mes ERP<\/li>\n<li>Adaptation pour la connexion des syst\u00e8mes de stockage<\/li>\n<li>Connexion pour adaptation\u00a0aux syst\u00e8mes de PDM et PLM<\/li>\n<li>Connexion pour adaptation aux syst\u00e8mes de CAO\/DAO<\/li>\n<li>Fonctions sur mesure pour optimiser vos processus<\/li>\n<li>Retour d&rsquo;information\u00a0des donn\u00e9es de production de votre syst\u00e8me ERP<\/li>\n<\/ul>\n<p>Nous serions heureux de vous conseiller.<\/p>\n","protected":false},"excerpt":{"rendered":"<p>Nous d\u00e9veloppons de nouvelles solutions sp\u00e9cifiques\u00a0fiables selon les\u00a0besoins tr\u00e8s sp\u00e9cifiques des clients &#8211; Nous offrons des produits sur-mesure &#8211; exactement tels qu&rsquo;ils sont n\u00e9cessaires. Nous modifions \u00e9galement des modules logiciels existants en fonction des exigences particuli\u00e8res. Exemples: Conversion des donn\u00e9es existantes Adaptation pour\u00a0la connexion des syst\u00e8mes ERP Adaptation pour la connexion des syst\u00e8mes de stockage [&hellip;]<\/p>\n","protected":false},"author":1,"featured_media":0,"parent":6010,"menu_order":0,"comment_status":"closed","ping_status":"closed","template":"page-dienstleistungen-single.php","meta":{"_acf_changed":false,"footnotes":""},"class_list":["post-6014","page","type-page","status-publish","hentry"],"acf":[],"yoast_head":"<!-- This site is optimized with the Yoast SEO plugin v27.2 - https:\/\/yoast.com\/product\/yoast-seo-wordpress\/ -->\n<title>CAO\/CFAO Logiciel d\u00b4imbrication - Service - D\u00e9veloppement sp\u00e9cial - WiCAM<\/title>\n<meta name=\"description\" content=\"Nous d\u00e9veloppons de nouvelles solutions sp\u00e9cifiques\u00a0fiables selon les\u00a0besoins tr\u00e8s sp\u00e9cifiques des clients - Nous offrons des produits sur-mesure - exactement tels qu&#039;ils sont n\u00e9cessaires.\" \/>\n<meta name=\"robots\" content=\"index, follow, max-snippet:-1, max-image-preview:large, max-video-preview:-1\" \/>\n<link rel=\"canonical\" href=\"https:\/\/wicam.com\/fr\/service\/developpement-special\/\" \/>\n<meta property=\"og:locale\" content=\"fr_FR\" \/>\n<meta property=\"og:type\" content=\"article\" \/>\n<meta property=\"og:title\" content=\"CAO\/CFAO Logiciel d\u00b4imbrication - Service - D\u00e9veloppement sp\u00e9cial - WiCAM\" \/>\n<meta property=\"og:description\" content=\"Nous d\u00e9veloppons de nouvelles solutions sp\u00e9cifiques\u00a0fiables selon les\u00a0besoins tr\u00e8s sp\u00e9cifiques des clients - Nous offrons des produits sur-mesure - exactement tels qu&#039;ils sont n\u00e9cessaires.\" \/>\n<meta property=\"og:url\" content=\"https:\/\/wicam.com\/fr\/service\/developpement-special\/\" \/>\n<meta property=\"og:site_name\" content=\"WiCAM\" \/>\n<meta property=\"article:modified_time\" content=\"2024-01-19T09:17:16+00:00\" \/>\n<meta property=\"og:image\" content=\"https:\/\/www.wicam.com\/wp-content\/uploads\/2024\/01\/PN4000-spezial-fr-300x231.jpg\" \/>\n<meta name=\"twitter:card\" content=\"summary_large_image\" \/>\n<meta name=\"twitter:label1\" content=\"Dur\u00e9e de lecture estim\u00e9e\" \/>\n\t<meta name=\"twitter:data1\" content=\"1 minute\" \/>\n<script type=\"application\/ld+json\" class=\"yoast-schema-graph\">{\"@context\":\"https:\/\/schema.org\",\"@graph\":[{\"@type\":\"WebPage\",\"@id\":\"https:\/\/wicam.com\/fr\/service\/developpement-special\/\",\"url\":\"https:\/\/wicam.com\/fr\/service\/developpement-special\/\",\"name\":\"CAO\/CFAO Logiciel d\u00b4imbrication - Service - D\u00e9veloppement sp\u00e9cial - WiCAM\",\"isPartOf\":{\"@id\":\"https:\/\/wicam.com\/fr\/#website\"},\"primaryImageOfPage\":{\"@id\":\"https:\/\/wicam.com\/fr\/service\/developpement-special\/#primaryimage\"},\"image\":{\"@id\":\"https:\/\/wicam.com\/fr\/service\/developpement-special\/#primaryimage\"},\"thumbnailUrl\":\"https:\/\/www.wicam.com\/wp-content\/uploads\/2024\/01\/PN4000-spezial-fr-300x231.jpg\",\"datePublished\":\"2018-08-31T13:56:55+00:00\",\"dateModified\":\"2024-01-19T09:17:16+00:00\",\"description\":\"Nous d\u00e9veloppons de nouvelles solutions sp\u00e9cifiques\u00a0fiables selon les\u00a0besoins tr\u00e8s sp\u00e9cifiques des clients - Nous offrons des produits sur-mesure - exactement tels qu'ils sont n\u00e9cessaires.\",\"breadcrumb\":{\"@id\":\"https:\/\/wicam.com\/fr\/service\/developpement-special\/#breadcrumb\"},\"inLanguage\":\"fr-FR\",\"potentialAction\":[{\"@type\":\"ReadAction\",\"target\":[\"https:\/\/wicam.com\/fr\/service\/developpement-special\/\"]}]},{\"@type\":\"ImageObject\",\"inLanguage\":\"fr-FR\",\"@id\":\"https:\/\/wicam.com\/fr\/service\/developpement-special\/#primaryimage\",\"url\":\"https:\/\/www.wicam.com\/wp-content\/uploads\/2024\/01\/PN4000-spezial-fr-300x231.jpg\",\"contentUrl\":\"https:\/\/www.wicam.com\/wp-content\/uploads\/2024\/01\/PN4000-spezial-fr-300x231.jpg\"},{\"@type\":\"BreadcrumbList\",\"@id\":\"https:\/\/wicam.com\/fr\/service\/developpement-special\/#breadcrumb\",\"itemListElement\":[{\"@type\":\"ListItem\",\"position\":1,\"name\":\"Startseite\",\"item\":\"https:\/\/wicam.com\/fr\/\"},{\"@type\":\"ListItem\",\"position\":2,\"name\":\"Service\",\"item\":\"https:\/\/wicam.com\/fr\/service\/\"},{\"@type\":\"ListItem\",\"position\":3,\"name\":\"D\u00e9veloppement sp\u00e9cial\"}]},{\"@type\":\"WebSite\",\"@id\":\"https:\/\/wicam.com\/fr\/#website\",\"url\":\"https:\/\/wicam.com\/fr\/\",\"name\":\"WiCAM\",\"description\":\"Technische Software\",\"potentialAction\":[{\"@type\":\"SearchAction\",\"target\":{\"@type\":\"EntryPoint\",\"urlTemplate\":\"https:\/\/wicam.com\/fr\/?s={search_term_string}\"},\"query-input\":{\"@type\":\"PropertyValueSpecification\",\"valueRequired\":true,\"valueName\":\"search_term_string\"}}],\"inLanguage\":\"fr-FR\"}]}<\/script>\n<!-- \/ Yoast SEO plugin. -->","yoast_head_json":{"title":"CAO\/CFAO Logiciel d\u00b4imbrication - Service - D\u00e9veloppement sp\u00e9cial - WiCAM","description":"Nous d\u00e9veloppons de nouvelles solutions sp\u00e9cifiques\u00a0fiables selon les\u00a0besoins tr\u00e8s sp\u00e9cifiques des clients - Nous offrons des produits sur-mesure - exactement tels qu'ils sont n\u00e9cessaires.","robots":{"index":"index","follow":"follow","max-snippet":"max-snippet:-1","max-image-preview":"max-image-preview:large","max-video-preview":"max-video-preview:-1"},"canonical":"https:\/\/wicam.com\/fr\/service\/developpement-special\/","og_locale":"fr_FR","og_type":"article","og_title":"CAO\/CFAO Logiciel d\u00b4imbrication - Service - D\u00e9veloppement sp\u00e9cial - WiCAM","og_description":"Nous d\u00e9veloppons de nouvelles solutions sp\u00e9cifiques\u00a0fiables selon les\u00a0besoins tr\u00e8s sp\u00e9cifiques des clients - Nous offrons des produits sur-mesure - exactement tels qu'ils sont n\u00e9cessaires.","og_url":"https:\/\/wicam.com\/fr\/service\/developpement-special\/","og_site_name":"WiCAM","article_modified_time":"2024-01-19T09:17:16+00:00","og_image":[{"url":"https:\/\/www.wicam.com\/wp-content\/uploads\/2024\/01\/PN4000-spezial-fr-300x231.jpg","type":"","width":"","height":""}],"twitter_card":"summary_large_image","twitter_misc":{"Dur\u00e9e de lecture estim\u00e9e":"1 minute"},"schema":{"@context":"https:\/\/schema.org","@graph":[{"@type":"WebPage","@id":"https:\/\/wicam.com\/fr\/service\/developpement-special\/","url":"https:\/\/wicam.com\/fr\/service\/developpement-special\/","name":"CAO\/CFAO Logiciel d\u00b4imbrication - Service - D\u00e9veloppement sp\u00e9cial - WiCAM","isPartOf":{"@id":"https:\/\/wicam.com\/fr\/#website"},"primaryImageOfPage":{"@id":"https:\/\/wicam.com\/fr\/service\/developpement-special\/#primaryimage"},"image":{"@id":"https:\/\/wicam.com\/fr\/service\/developpement-special\/#primaryimage"},"thumbnailUrl":"https:\/\/www.wicam.com\/wp-content\/uploads\/2024\/01\/PN4000-spezial-fr-300x231.jpg","datePublished":"2018-08-31T13:56:55+00:00","dateModified":"2024-01-19T09:17:16+00:00","description":"Nous d\u00e9veloppons de nouvelles solutions sp\u00e9cifiques\u00a0fiables selon les\u00a0besoins tr\u00e8s sp\u00e9cifiques des clients - Nous offrons des produits sur-mesure - exactement tels qu'ils sont n\u00e9cessaires.","breadcrumb":{"@id":"https:\/\/wicam.com\/fr\/service\/developpement-special\/#breadcrumb"},"inLanguage":"fr-FR","potentialAction":[{"@type":"ReadAction","target":["https:\/\/wicam.com\/fr\/service\/developpement-special\/"]}]},{"@type":"ImageObject","inLanguage":"fr-FR","@id":"https:\/\/wicam.com\/fr\/service\/developpement-special\/#primaryimage","url":"https:\/\/www.wicam.com\/wp-content\/uploads\/2024\/01\/PN4000-spezial-fr-300x231.jpg","contentUrl":"https:\/\/www.wicam.com\/wp-content\/uploads\/2024\/01\/PN4000-spezial-fr-300x231.jpg"},{"@type":"BreadcrumbList","@id":"https:\/\/wicam.com\/fr\/service\/developpement-special\/#breadcrumb","itemListElement":[{"@type":"ListItem","position":1,"name":"Startseite","item":"https:\/\/wicam.com\/fr\/"},{"@type":"ListItem","position":2,"name":"Service","item":"https:\/\/wicam.com\/fr\/service\/"},{"@type":"ListItem","position":3,"name":"D\u00e9veloppement sp\u00e9cial"}]},{"@type":"WebSite","@id":"https:\/\/wicam.com\/fr\/#website","url":"https:\/\/wicam.com\/fr\/","name":"WiCAM","description":"Technische Software","potentialAction":[{"@type":"SearchAction","target":{"@type":"EntryPoint","urlTemplate":"https:\/\/wicam.com\/fr\/?s={search_term_string}"},"query-input":{"@type":"PropertyValueSpecification","valueRequired":true,"valueName":"search_term_string"}}],"inLanguage":"fr-FR"}]}},"_links":{"self":[{"href":"https:\/\/wicam.com\/fr\/wp-json\/wp\/v2\/pages\/6014","targetHints":{"allow":["GET"]}}],"collection":[{"href":"https:\/\/wicam.com\/fr\/wp-json\/wp\/v2\/pages"}],"about":[{"href":"https:\/\/wicam.com\/fr\/wp-json\/wp\/v2\/types\/page"}],"author":[{"embeddable":true,"href":"https:\/\/wicam.com\/fr\/wp-json\/wp\/v2\/users\/1"}],"replies":[{"embeddable":true,"href":"https:\/\/wicam.com\/fr\/wp-json\/wp\/v2\/comments?post=6014"}],"version-history":[{"count":0,"href":"https:\/\/wicam.com\/fr\/wp-json\/wp\/v2\/pages\/6014\/revisions"}],"up":[{"embeddable":true,"href":"https:\/\/wicam.com\/fr\/wp-json\/wp\/v2\/pages\/6010"}],"wp:attachment":[{"href":"https:\/\/wicam.com\/fr\/wp-json\/wp\/v2\/media?parent=6014"}],"curies":[{"name":"wp","href":"https:\/\/api.w.org\/{rel}","templated":true}]}}