{"id":6026,"date":"2018-07-25T09:56:50","date_gmt":"2018-07-25T07:56:50","guid":{"rendered":"https:\/\/wicam.com\/logiciel\/pnwebapp\/"},"modified":"2021-05-05T16:21:37","modified_gmt":"2021-05-05T14:21:37","slug":"pncloud","status":"publish","type":"page","link":"https:\/\/wicam.com\/fr\/logiciel\/pncloud\/","title":{"rendered":"CFAO en ligne"},"content":{"rendered":"<h2>CFAO en ligne<img loading=\"lazy\" decoding=\"async\" class=\"alignright wp-image-15107\" src=\"http:\/\/wicam.com\/wp-content\/uploads\/2020\/04\/webshop-300x211.jpg\" alt=\"\" width=\"325\" height=\"228\" srcset=\"https:\/\/wicam.com\/wp-content\/uploads\/2020\/04\/webshop-300x211.jpg 300w, https:\/\/wicam.com\/wp-content\/uploads\/2020\/04\/webshop-768x540.jpg 768w, https:\/\/wicam.com\/wp-content\/uploads\/2020\/04\/webshop.jpg 1000w\" sizes=\"auto, (max-width: 325px) 100vw, 325px\" \/><\/h2>\n<p>Avec les PNCloud \u2013 applications web de WiCAM vous pouvez acc\u00e9der via le navigateur Internet \u00e0 diff\u00e9rentes fonctions de PN4000 et les ex\u00e9cuter. Ainsi, vous pouvez, par exemple, convertir les donn\u00e9es de g\u00e9om\u00e9trie d\u2019un format \u00e0 un autre, sans avoir \u00e0 utiliser un logiciel complexe et co\u00fbteux.<\/p>\n<p>Actuellement, ces applications Web sont encore en construction. Une premi\u00e8re p\u00e9riode d\u2019essai est termin\u00e9e et cette application est disponible pour tous les utilisateurs gratuitement. Plus d\u2019applications suivront. Alors revenez fr\u00e9quemment.<\/p>\n<p><a class=\"btn\" href=\"\/fr\/contact\/\">obtenir une d\u00e9mo<\/a><\/p>\n","protected":false},"excerpt":{"rendered":"<p>CFAO en ligne Avec les PNCloud \u2013 applications web de WiCAM vous pouvez acc\u00e9der via le navigateur Internet \u00e0 diff\u00e9rentes fonctions de PN4000 et les ex\u00e9cuter. Ainsi, vous pouvez, par exemple, convertir les donn\u00e9es de g\u00e9om\u00e9trie d\u2019un format \u00e0 un autre, sans avoir \u00e0 utiliser un logiciel complexe et co\u00fbteux. Actuellement, ces applications Web sont [&hellip;]<\/p>\n","protected":false},"author":1,"featured_media":0,"parent":5755,"menu_order":0,"comment_status":"closed","ping_status":"closed","template":"page-software-single.php","meta":{"_acf_changed":false,"footnotes":""},"class_list":["post-6026","page","type-page","status-publish","hentry"],"acf":[],"yoast_head":"<!-- This site is optimized with the Yoast SEO plugin v27.2 - https:\/\/yoast.com\/product\/yoast-seo-wordpress\/ -->\n<title>CAO\/CFAO Logiciel d\u00b4imbrication - CFAO en ligne - PNCloud - WiCAM<\/title>\n<meta name=\"description\" content=\"Avec les PNCloud \u2013 applications web de WiCAM vous pouvez acc\u00e9der via le navigateur Internet \u00e0 diff\u00e9rentes fonctions de PN4000 et les ex\u00e9cuter.\" \/>\n<meta name=\"robots\" content=\"index, follow, max-snippet:-1, max-image-preview:large, max-video-preview:-1\" \/>\n<link rel=\"canonical\" href=\"https:\/\/wicam.com\/fr\/logiciel\/pncloud\/\" \/>\n<meta property=\"og:locale\" content=\"fr_FR\" \/>\n<meta property=\"og:type\" content=\"article\" \/>\n<meta property=\"og:title\" content=\"CAO\/CFAO Logiciel d\u00b4imbrication - CFAO en ligne - PNCloud - WiCAM\" \/>\n<meta property=\"og:description\" content=\"Avec les PNCloud \u2013 applications web de WiCAM vous pouvez acc\u00e9der via le navigateur Internet \u00e0 diff\u00e9rentes fonctions de PN4000 et les ex\u00e9cuter.\" \/>\n<meta property=\"og:url\" content=\"https:\/\/wicam.com\/fr\/logiciel\/pncloud\/\" \/>\n<meta property=\"og:site_name\" content=\"WiCAM\" \/>\n<meta property=\"article:modified_time\" content=\"2021-05-05T14:21:37+00:00\" \/>\n<meta property=\"og:image\" content=\"http:\/\/wicam.com\/wp-content\/uploads\/2020\/04\/webshop-300x211.jpg\" \/>\n<meta name=\"twitter:card\" content=\"summary_large_image\" \/>\n<script type=\"application\/ld+json\" class=\"yoast-schema-graph\">{\"@context\":\"https:\/\/schema.org\",\"@graph\":[{\"@type\":\"WebPage\",\"@id\":\"https:\/\/wicam.com\/fr\/logiciel\/pncloud\/\",\"url\":\"https:\/\/wicam.com\/fr\/logiciel\/pncloud\/\",\"name\":\"CAO\/CFAO Logiciel d\u00b4imbrication - CFAO en ligne - PNCloud - WiCAM\",\"isPartOf\":{\"@id\":\"https:\/\/wicam.com\/fr\/#website\"},\"primaryImageOfPage\":{\"@id\":\"https:\/\/wicam.com\/fr\/logiciel\/pncloud\/#primaryimage\"},\"image\":{\"@id\":\"https:\/\/wicam.com\/fr\/logiciel\/pncloud\/#primaryimage\"},\"thumbnailUrl\":\"http:\/\/wicam.com\/wp-content\/uploads\/2020\/04\/webshop-300x211.jpg\",\"datePublished\":\"2018-07-25T07:56:50+00:00\",\"dateModified\":\"2021-05-05T14:21:37+00:00\",\"description\":\"Avec les PNCloud \u2013 applications web de WiCAM vous pouvez acc\u00e9der via le navigateur Internet \u00e0 diff\u00e9rentes fonctions de PN4000 et les ex\u00e9cuter.\",\"breadcrumb\":{\"@id\":\"https:\/\/wicam.com\/fr\/logiciel\/pncloud\/#breadcrumb\"},\"inLanguage\":\"fr-FR\",\"potentialAction\":[{\"@type\":\"ReadAction\",\"target\":[\"https:\/\/wicam.com\/fr\/logiciel\/pncloud\/\"]}]},{\"@type\":\"ImageObject\",\"inLanguage\":\"fr-FR\",\"@id\":\"https:\/\/wicam.com\/fr\/logiciel\/pncloud\/#primaryimage\",\"url\":\"http:\/\/wicam.com\/wp-content\/uploads\/2020\/04\/webshop-300x211.jpg\",\"contentUrl\":\"http:\/\/wicam.com\/wp-content\/uploads\/2020\/04\/webshop-300x211.jpg\"},{\"@type\":\"BreadcrumbList\",\"@id\":\"https:\/\/wicam.com\/fr\/logiciel\/pncloud\/#breadcrumb\",\"itemListElement\":[{\"@type\":\"ListItem\",\"position\":1,\"name\":\"Startseite\",\"item\":\"https:\/\/wicam.com\/fr\/\"},{\"@type\":\"ListItem\",\"position\":2,\"name\":\"Logiciel\",\"item\":\"https:\/\/wicam.com\/fr\/logiciel\/\"},{\"@type\":\"ListItem\",\"position\":3,\"name\":\"CFAO en ligne\"}]},{\"@type\":\"WebSite\",\"@id\":\"https:\/\/wicam.com\/fr\/#website\",\"url\":\"https:\/\/wicam.com\/fr\/\",\"name\":\"WiCAM\",\"description\":\"Technische Software\",\"potentialAction\":[{\"@type\":\"SearchAction\",\"target\":{\"@type\":\"EntryPoint\",\"urlTemplate\":\"https:\/\/wicam.com\/fr\/?s={search_term_string}\"},\"query-input\":{\"@type\":\"PropertyValueSpecification\",\"valueRequired\":true,\"valueName\":\"search_term_string\"}}],\"inLanguage\":\"fr-FR\"}]}<\/script>\n<!-- \/ Yoast SEO plugin. -->","yoast_head_json":{"title":"CAO\/CFAO Logiciel d\u00b4imbrication - CFAO en ligne - PNCloud - WiCAM","description":"Avec les PNCloud \u2013 applications web de WiCAM vous pouvez acc\u00e9der via le navigateur Internet \u00e0 diff\u00e9rentes fonctions de PN4000 et les ex\u00e9cuter.","robots":{"index":"index","follow":"follow","max-snippet":"max-snippet:-1","max-image-preview":"max-image-preview:large","max-video-preview":"max-video-preview:-1"},"canonical":"https:\/\/wicam.com\/fr\/logiciel\/pncloud\/","og_locale":"fr_FR","og_type":"article","og_title":"CAO\/CFAO Logiciel d\u00b4imbrication - CFAO en ligne - PNCloud - WiCAM","og_description":"Avec les PNCloud \u2013 applications web de WiCAM vous pouvez acc\u00e9der via le navigateur Internet \u00e0 diff\u00e9rentes fonctions de PN4000 et les ex\u00e9cuter.","og_url":"https:\/\/wicam.com\/fr\/logiciel\/pncloud\/","og_site_name":"WiCAM","article_modified_time":"2021-05-05T14:21:37+00:00","og_image":[{"url":"http:\/\/wicam.com\/wp-content\/uploads\/2020\/04\/webshop-300x211.jpg","type":"","width":"","height":""}],"twitter_card":"summary_large_image","schema":{"@context":"https:\/\/schema.org","@graph":[{"@type":"WebPage","@id":"https:\/\/wicam.com\/fr\/logiciel\/pncloud\/","url":"https:\/\/wicam.com\/fr\/logiciel\/pncloud\/","name":"CAO\/CFAO Logiciel d\u00b4imbrication - CFAO en ligne - PNCloud - WiCAM","isPartOf":{"@id":"https:\/\/wicam.com\/fr\/#website"},"primaryImageOfPage":{"@id":"https:\/\/wicam.com\/fr\/logiciel\/pncloud\/#primaryimage"},"image":{"@id":"https:\/\/wicam.com\/fr\/logiciel\/pncloud\/#primaryimage"},"thumbnailUrl":"http:\/\/wicam.com\/wp-content\/uploads\/2020\/04\/webshop-300x211.jpg","datePublished":"2018-07-25T07:56:50+00:00","dateModified":"2021-05-05T14:21:37+00:00","description":"Avec les PNCloud \u2013 applications web de WiCAM vous pouvez acc\u00e9der via le navigateur Internet \u00e0 diff\u00e9rentes fonctions de PN4000 et les ex\u00e9cuter.","breadcrumb":{"@id":"https:\/\/wicam.com\/fr\/logiciel\/pncloud\/#breadcrumb"},"inLanguage":"fr-FR","potentialAction":[{"@type":"ReadAction","target":["https:\/\/wicam.com\/fr\/logiciel\/pncloud\/"]}]},{"@type":"ImageObject","inLanguage":"fr-FR","@id":"https:\/\/wicam.com\/fr\/logiciel\/pncloud\/#primaryimage","url":"http:\/\/wicam.com\/wp-content\/uploads\/2020\/04\/webshop-300x211.jpg","contentUrl":"http:\/\/wicam.com\/wp-content\/uploads\/2020\/04\/webshop-300x211.jpg"},{"@type":"BreadcrumbList","@id":"https:\/\/wicam.com\/fr\/logiciel\/pncloud\/#breadcrumb","itemListElement":[{"@type":"ListItem","position":1,"name":"Startseite","item":"https:\/\/wicam.com\/fr\/"},{"@type":"ListItem","position":2,"name":"Logiciel","item":"https:\/\/wicam.com\/fr\/logiciel\/"},{"@type":"ListItem","position":3,"name":"CFAO en ligne"}]},{"@type":"WebSite","@id":"https:\/\/wicam.com\/fr\/#website","url":"https:\/\/wicam.com\/fr\/","name":"WiCAM","description":"Technische Software","potentialAction":[{"@type":"SearchAction","target":{"@type":"EntryPoint","urlTemplate":"https:\/\/wicam.com\/fr\/?s={search_term_string}"},"query-input":{"@type":"PropertyValueSpecification","valueRequired":true,"valueName":"search_term_string"}}],"inLanguage":"fr-FR"}]}},"_links":{"self":[{"href":"https:\/\/wicam.com\/fr\/wp-json\/wp\/v2\/pages\/6026","targetHints":{"allow":["GET"]}}],"collection":[{"href":"https:\/\/wicam.com\/fr\/wp-json\/wp\/v2\/pages"}],"about":[{"href":"https:\/\/wicam.com\/fr\/wp-json\/wp\/v2\/types\/page"}],"author":[{"embeddable":true,"href":"https:\/\/wicam.com\/fr\/wp-json\/wp\/v2\/users\/1"}],"replies":[{"embeddable":true,"href":"https:\/\/wicam.com\/fr\/wp-json\/wp\/v2\/comments?post=6026"}],"version-history":[{"count":0,"href":"https:\/\/wicam.com\/fr\/wp-json\/wp\/v2\/pages\/6026\/revisions"}],"up":[{"embeddable":true,"href":"https:\/\/wicam.com\/fr\/wp-json\/wp\/v2\/pages\/5755"}],"wp:attachment":[{"href":"https:\/\/wicam.com\/fr\/wp-json\/wp\/v2\/media?parent=6026"}],"curies":[{"name":"wp","href":"https:\/\/api.w.org\/{rel}","templated":true}]}}