{"id":6030,"date":"2018-08-10T07:45:39","date_gmt":"2018-08-10T05:45:39","guid":{"rendered":"https:\/\/wicam.com\/locations\/wicam-benelux\/"},"modified":"2023-12-08T14:10:18","modified_gmt":"2023-12-08T13:10:18","slug":"wicam-benelux","status":"publish","type":"page","link":"https:\/\/wicam.com\/fr\/endroits\/wicam-benelux\/","title":{"rendered":"WiCAM Benelux B.V."},"content":{"rendered":"","protected":false},"excerpt":{"rendered":"","protected":false},"author":1,"featured_media":0,"parent":6028,"menu_order":0,"comment_status":"closed","ping_status":"closed","template":"page-standorte-single.php","meta":{"_acf_changed":false,"footnotes":""},"class_list":["post-6030","page","type-page","status-publish","hentry"],"acf":[],"yoast_head":"<!-- This site is optimized with the Yoast SEO plugin v27.2 - https:\/\/yoast.com\/product\/yoast-seo-wordpress\/ -->\n<title>WiCAM Benelux B.V. - Imbrication automatis\u00e9 CAO\/CFAO<\/title>\n<meta name=\"description\" content=\"Depuis 1986, WiCAM est le principal fournisseur de CAD\/CAM et de logiciels d\u00b4imbrication pour le poin\u00e7onnage, la d\u00e9coupe, le cisaillage et le pliage CNC dans l&#039;industrie de la t\u00f4lerie.\" \/>\n<meta name=\"robots\" content=\"index, follow, max-snippet:-1, max-image-preview:large, max-video-preview:-1\" \/>\n<link rel=\"canonical\" href=\"https:\/\/wicam.com\/fr\/endroits\/wicam-benelux\/\" \/>\n<meta property=\"og:locale\" content=\"fr_FR\" \/>\n<meta property=\"og:type\" content=\"article\" \/>\n<meta property=\"og:title\" content=\"WiCAM Benelux B.V. - Imbrication automatis\u00e9 CAO\/CFAO\" \/>\n<meta property=\"og:description\" content=\"Depuis 1986, WiCAM est le principal fournisseur de CAD\/CAM et de logiciels d\u00b4imbrication pour le poin\u00e7onnage, la d\u00e9coupe, le cisaillage et le pliage CNC dans l&#039;industrie de la t\u00f4lerie.\" \/>\n<meta property=\"og:url\" content=\"https:\/\/wicam.com\/fr\/endroits\/wicam-benelux\/\" \/>\n<meta property=\"og:site_name\" content=\"WiCAM\" \/>\n<meta property=\"article:modified_time\" content=\"2023-12-08T13:10:18+00:00\" \/>\n<meta name=\"twitter:card\" content=\"summary_large_image\" \/>\n<script type=\"application\/ld+json\" class=\"yoast-schema-graph\">{\"@context\":\"https:\/\/schema.org\",\"@graph\":[{\"@type\":\"WebPage\",\"@id\":\"https:\/\/wicam.com\/fr\/endroits\/wicam-benelux\/\",\"url\":\"https:\/\/wicam.com\/fr\/endroits\/wicam-benelux\/\",\"name\":\"WiCAM Benelux B.V. - Imbrication automatis\u00e9 CAO\/CFAO\",\"isPartOf\":{\"@id\":\"https:\/\/wicam.com\/fr\/#website\"},\"datePublished\":\"2018-08-10T05:45:39+00:00\",\"dateModified\":\"2023-12-08T13:10:18+00:00\",\"description\":\"Depuis 1986, WiCAM est le principal fournisseur de CAD\/CAM et de logiciels d\u00b4imbrication pour le poin\u00e7onnage, la d\u00e9coupe, le cisaillage et le pliage CNC dans l'industrie de la t\u00f4lerie.\",\"breadcrumb\":{\"@id\":\"https:\/\/wicam.com\/fr\/endroits\/wicam-benelux\/#breadcrumb\"},\"inLanguage\":\"fr-FR\",\"potentialAction\":[{\"@type\":\"ReadAction\",\"target\":[\"https:\/\/wicam.com\/fr\/endroits\/wicam-benelux\/\"]}]},{\"@type\":\"BreadcrumbList\",\"@id\":\"https:\/\/wicam.com\/fr\/endroits\/wicam-benelux\/#breadcrumb\",\"itemListElement\":[{\"@type\":\"ListItem\",\"position\":1,\"name\":\"Startseite\",\"item\":\"https:\/\/wicam.com\/fr\/\"},{\"@type\":\"ListItem\",\"position\":2,\"name\":\"Endroits\",\"item\":\"https:\/\/wicam.com\/fr\/endroits\/\"},{\"@type\":\"ListItem\",\"position\":3,\"name\":\"WiCAM Benelux B.V.\"}]},{\"@type\":\"WebSite\",\"@id\":\"https:\/\/wicam.com\/fr\/#website\",\"url\":\"https:\/\/wicam.com\/fr\/\",\"name\":\"WiCAM\",\"description\":\"Technische Software\",\"potentialAction\":[{\"@type\":\"SearchAction\",\"target\":{\"@type\":\"EntryPoint\",\"urlTemplate\":\"https:\/\/wicam.com\/fr\/?s={search_term_string}\"},\"query-input\":{\"@type\":\"PropertyValueSpecification\",\"valueRequired\":true,\"valueName\":\"search_term_string\"}}],\"inLanguage\":\"fr-FR\"}]}<\/script>\n<!-- \/ Yoast SEO plugin. -->","yoast_head_json":{"title":"WiCAM Benelux B.V. - Imbrication automatis\u00e9 CAO\/CFAO","description":"Depuis 1986, WiCAM est le principal fournisseur de CAD\/CAM et de logiciels d\u00b4imbrication pour le poin\u00e7onnage, la d\u00e9coupe, le cisaillage et le pliage CNC dans l'industrie de la t\u00f4lerie.","robots":{"index":"index","follow":"follow","max-snippet":"max-snippet:-1","max-image-preview":"max-image-preview:large","max-video-preview":"max-video-preview:-1"},"canonical":"https:\/\/wicam.com\/fr\/endroits\/wicam-benelux\/","og_locale":"fr_FR","og_type":"article","og_title":"WiCAM Benelux B.V. - Imbrication automatis\u00e9 CAO\/CFAO","og_description":"Depuis 1986, WiCAM est le principal fournisseur de CAD\/CAM et de logiciels d\u00b4imbrication pour le poin\u00e7onnage, la d\u00e9coupe, le cisaillage et le pliage CNC dans l'industrie de la t\u00f4lerie.","og_url":"https:\/\/wicam.com\/fr\/endroits\/wicam-benelux\/","og_site_name":"WiCAM","article_modified_time":"2023-12-08T13:10:18+00:00","twitter_card":"summary_large_image","schema":{"@context":"https:\/\/schema.org","@graph":[{"@type":"WebPage","@id":"https:\/\/wicam.com\/fr\/endroits\/wicam-benelux\/","url":"https:\/\/wicam.com\/fr\/endroits\/wicam-benelux\/","name":"WiCAM Benelux B.V. - Imbrication automatis\u00e9 CAO\/CFAO","isPartOf":{"@id":"https:\/\/wicam.com\/fr\/#website"},"datePublished":"2018-08-10T05:45:39+00:00","dateModified":"2023-12-08T13:10:18+00:00","description":"Depuis 1986, WiCAM est le principal fournisseur de CAD\/CAM et de logiciels d\u00b4imbrication pour le poin\u00e7onnage, la d\u00e9coupe, le cisaillage et le pliage CNC dans l'industrie de la t\u00f4lerie.","breadcrumb":{"@id":"https:\/\/wicam.com\/fr\/endroits\/wicam-benelux\/#breadcrumb"},"inLanguage":"fr-FR","potentialAction":[{"@type":"ReadAction","target":["https:\/\/wicam.com\/fr\/endroits\/wicam-benelux\/"]}]},{"@type":"BreadcrumbList","@id":"https:\/\/wicam.com\/fr\/endroits\/wicam-benelux\/#breadcrumb","itemListElement":[{"@type":"ListItem","position":1,"name":"Startseite","item":"https:\/\/wicam.com\/fr\/"},{"@type":"ListItem","position":2,"name":"Endroits","item":"https:\/\/wicam.com\/fr\/endroits\/"},{"@type":"ListItem","position":3,"name":"WiCAM Benelux B.V."}]},{"@type":"WebSite","@id":"https:\/\/wicam.com\/fr\/#website","url":"https:\/\/wicam.com\/fr\/","name":"WiCAM","description":"Technische Software","potentialAction":[{"@type":"SearchAction","target":{"@type":"EntryPoint","urlTemplate":"https:\/\/wicam.com\/fr\/?s={search_term_string}"},"query-input":{"@type":"PropertyValueSpecification","valueRequired":true,"valueName":"search_term_string"}}],"inLanguage":"fr-FR"}]}},"_links":{"self":[{"href":"https:\/\/wicam.com\/fr\/wp-json\/wp\/v2\/pages\/6030","targetHints":{"allow":["GET"]}}],"collection":[{"href":"https:\/\/wicam.com\/fr\/wp-json\/wp\/v2\/pages"}],"about":[{"href":"https:\/\/wicam.com\/fr\/wp-json\/wp\/v2\/types\/page"}],"author":[{"embeddable":true,"href":"https:\/\/wicam.com\/fr\/wp-json\/wp\/v2\/users\/1"}],"replies":[{"embeddable":true,"href":"https:\/\/wicam.com\/fr\/wp-json\/wp\/v2\/comments?post=6030"}],"version-history":[{"count":0,"href":"https:\/\/wicam.com\/fr\/wp-json\/wp\/v2\/pages\/6030\/revisions"}],"up":[{"embeddable":true,"href":"https:\/\/wicam.com\/fr\/wp-json\/wp\/v2\/pages\/6028"}],"wp:attachment":[{"href":"https:\/\/wicam.com\/fr\/wp-json\/wp\/v2\/media?parent=6030"}],"curies":[{"name":"wp","href":"https:\/\/api.w.org\/{rel}","templated":true}]}}