{"id":7516,"date":"2019-08-29T10:07:50","date_gmt":"2019-08-29T08:07:50","guid":{"rendered":"https:\/\/www.wicam.com\/?page_id=7516"},"modified":"2020-11-27T09:48:26","modified_gmt":"2020-11-27T08:48:26","slug":"download-area","status":"publish","type":"page","link":"https:\/\/wicam.com\/fr\/service\/download-area\/","title":{"rendered":"T\u00e9l\u00e9chargement Area"},"content":{"rendered":"<h2>Mises \u00e0 jour<\/h2>\n<p>Acc\u00e8s\u00a0privil\u00e9gi\u00e9 pour nos clients, nous\u00a0offrons\u00a0des\u00a0mises \u00e0 jour\u00a0et fichiers personnel\u00a0en ligne.\u00a0Pour acc\u00e9der \u00e0 ces\u00a0fichiers\u00a0vous avez besoin d\u2019un\u00a0nom d\u2019utilisateur\u00a0et d\u00b4un mot de passe.\u00a0Pour plus d\u2019information\u00a0veuillez\u00a0nousfaire parvenir une <a href=\"https:\/\/www.wicam.com\/fr\/contact\/\">demande\u00a0par\u00a0courriel<\/a>.<\/p>\n","protected":false},"excerpt":{"rendered":"<p>Mises \u00e0 jour Acc\u00e8s\u00a0privil\u00e9gi\u00e9 pour nos clients, nous\u00a0offrons\u00a0des\u00a0mises \u00e0 jour\u00a0et fichiers personnel\u00a0en ligne.\u00a0Pour acc\u00e9der \u00e0 ces\u00a0fichiers\u00a0vous avez besoin d\u2019un\u00a0nom d\u2019utilisateur\u00a0et d\u00b4un mot de passe.\u00a0Pour plus d\u2019information\u00a0veuillez\u00a0nousfaire parvenir une demande\u00a0par\u00a0courriel.<\/p>\n","protected":false},"author":1,"featured_media":0,"parent":6010,"menu_order":0,"comment_status":"closed","ping_status":"closed","template":"page-downloadarea.php","meta":{"_acf_changed":false,"footnotes":""},"class_list":["post-7516","page","type-page","status-publish","hentry"],"acf":[],"yoast_head":"<!-- This site is optimized with the Yoast SEO plugin v27.2 - https:\/\/yoast.com\/product\/yoast-seo-wordpress\/ -->\n<title>CAO\/CFAO Logiciel d\u00b4imbrication - Service - T\u00e9l\u00e9chargement Area - WiCAM<\/title>\n<meta name=\"description\" content=\"Acc\u00e8s\u00a0privil\u00e9gi\u00e9 pour nos clients, nous\u00a0offrons\u00a0des\u00a0mises \u00e0 jour\u00a0et fichiers personnel\u00a0en ligne.\u00a0Pour acc\u00e9der \u00e0 ces\u00a0fichiers\u00a0vous avez besoin d\u2019un\u00a0nom d\u2019utilisateur\u00a0et d\u00b4un mot de passe.\" \/>\n<meta name=\"robots\" content=\"index, follow, max-snippet:-1, max-image-preview:large, max-video-preview:-1\" \/>\n<link rel=\"canonical\" href=\"https:\/\/wicam.com\/fr\/service\/download-area\/\" \/>\n<meta property=\"og:locale\" content=\"fr_FR\" \/>\n<meta property=\"og:type\" content=\"article\" \/>\n<meta property=\"og:title\" content=\"CAO\/CFAO Logiciel d\u00b4imbrication - Service - T\u00e9l\u00e9chargement Area - WiCAM\" \/>\n<meta property=\"og:description\" content=\"Acc\u00e8s\u00a0privil\u00e9gi\u00e9 pour nos clients, nous\u00a0offrons\u00a0des\u00a0mises \u00e0 jour\u00a0et fichiers personnel\u00a0en ligne.\u00a0Pour acc\u00e9der \u00e0 ces\u00a0fichiers\u00a0vous avez besoin d\u2019un\u00a0nom d\u2019utilisateur\u00a0et d\u00b4un mot de passe.\" \/>\n<meta property=\"og:url\" content=\"https:\/\/wicam.com\/fr\/service\/download-area\/\" \/>\n<meta property=\"og:site_name\" content=\"WiCAM\" \/>\n<meta property=\"article:modified_time\" content=\"2020-11-27T08:48:26+00:00\" \/>\n<meta name=\"twitter:card\" content=\"summary_large_image\" \/>\n<script type=\"application\/ld+json\" class=\"yoast-schema-graph\">{\"@context\":\"https:\/\/schema.org\",\"@graph\":[{\"@type\":\"WebPage\",\"@id\":\"https:\/\/wicam.com\/fr\/service\/download-area\/\",\"url\":\"https:\/\/wicam.com\/fr\/service\/download-area\/\",\"name\":\"CAO\/CFAO Logiciel d\u00b4imbrication - Service - T\u00e9l\u00e9chargement Area - WiCAM\",\"isPartOf\":{\"@id\":\"https:\/\/wicam.com\/fr\/#website\"},\"datePublished\":\"2019-08-29T08:07:50+00:00\",\"dateModified\":\"2020-11-27T08:48:26+00:00\",\"description\":\"Acc\u00e8s\u00a0privil\u00e9gi\u00e9 pour nos clients, nous\u00a0offrons\u00a0des\u00a0mises \u00e0 jour\u00a0et fichiers personnel\u00a0en ligne.\u00a0Pour acc\u00e9der \u00e0 ces\u00a0fichiers\u00a0vous avez besoin d\u2019un\u00a0nom d\u2019utilisateur\u00a0et d\u00b4un mot de passe.\",\"breadcrumb\":{\"@id\":\"https:\/\/wicam.com\/fr\/service\/download-area\/#breadcrumb\"},\"inLanguage\":\"fr-FR\",\"potentialAction\":[{\"@type\":\"ReadAction\",\"target\":[\"https:\/\/wicam.com\/fr\/service\/download-area\/\"]}]},{\"@type\":\"BreadcrumbList\",\"@id\":\"https:\/\/wicam.com\/fr\/service\/download-area\/#breadcrumb\",\"itemListElement\":[{\"@type\":\"ListItem\",\"position\":1,\"name\":\"Startseite\",\"item\":\"https:\/\/wicam.com\/fr\/\"},{\"@type\":\"ListItem\",\"position\":2,\"name\":\"Service\",\"item\":\"https:\/\/wicam.com\/fr\/service\/\"},{\"@type\":\"ListItem\",\"position\":3,\"name\":\"T\u00e9l\u00e9chargement Area\"}]},{\"@type\":\"WebSite\",\"@id\":\"https:\/\/wicam.com\/fr\/#website\",\"url\":\"https:\/\/wicam.com\/fr\/\",\"name\":\"WiCAM\",\"description\":\"Technische Software\",\"potentialAction\":[{\"@type\":\"SearchAction\",\"target\":{\"@type\":\"EntryPoint\",\"urlTemplate\":\"https:\/\/wicam.com\/fr\/?s={search_term_string}\"},\"query-input\":{\"@type\":\"PropertyValueSpecification\",\"valueRequired\":true,\"valueName\":\"search_term_string\"}}],\"inLanguage\":\"fr-FR\"}]}<\/script>\n<!-- \/ Yoast SEO plugin. -->","yoast_head_json":{"title":"CAO\/CFAO Logiciel d\u00b4imbrication - Service - T\u00e9l\u00e9chargement Area - WiCAM","description":"Acc\u00e8s\u00a0privil\u00e9gi\u00e9 pour nos clients, nous\u00a0offrons\u00a0des\u00a0mises \u00e0 jour\u00a0et fichiers personnel\u00a0en ligne.\u00a0Pour acc\u00e9der \u00e0 ces\u00a0fichiers\u00a0vous avez besoin d\u2019un\u00a0nom d\u2019utilisateur\u00a0et d\u00b4un mot de passe.","robots":{"index":"index","follow":"follow","max-snippet":"max-snippet:-1","max-image-preview":"max-image-preview:large","max-video-preview":"max-video-preview:-1"},"canonical":"https:\/\/wicam.com\/fr\/service\/download-area\/","og_locale":"fr_FR","og_type":"article","og_title":"CAO\/CFAO Logiciel d\u00b4imbrication - Service - T\u00e9l\u00e9chargement Area - WiCAM","og_description":"Acc\u00e8s\u00a0privil\u00e9gi\u00e9 pour nos clients, nous\u00a0offrons\u00a0des\u00a0mises \u00e0 jour\u00a0et fichiers personnel\u00a0en ligne.\u00a0Pour acc\u00e9der \u00e0 ces\u00a0fichiers\u00a0vous avez besoin d\u2019un\u00a0nom d\u2019utilisateur\u00a0et d\u00b4un mot de passe.","og_url":"https:\/\/wicam.com\/fr\/service\/download-area\/","og_site_name":"WiCAM","article_modified_time":"2020-11-27T08:48:26+00:00","twitter_card":"summary_large_image","schema":{"@context":"https:\/\/schema.org","@graph":[{"@type":"WebPage","@id":"https:\/\/wicam.com\/fr\/service\/download-area\/","url":"https:\/\/wicam.com\/fr\/service\/download-area\/","name":"CAO\/CFAO Logiciel d\u00b4imbrication - Service - T\u00e9l\u00e9chargement Area - WiCAM","isPartOf":{"@id":"https:\/\/wicam.com\/fr\/#website"},"datePublished":"2019-08-29T08:07:50+00:00","dateModified":"2020-11-27T08:48:26+00:00","description":"Acc\u00e8s\u00a0privil\u00e9gi\u00e9 pour nos clients, nous\u00a0offrons\u00a0des\u00a0mises \u00e0 jour\u00a0et fichiers personnel\u00a0en ligne.\u00a0Pour acc\u00e9der \u00e0 ces\u00a0fichiers\u00a0vous avez besoin d\u2019un\u00a0nom d\u2019utilisateur\u00a0et d\u00b4un mot de passe.","breadcrumb":{"@id":"https:\/\/wicam.com\/fr\/service\/download-area\/#breadcrumb"},"inLanguage":"fr-FR","potentialAction":[{"@type":"ReadAction","target":["https:\/\/wicam.com\/fr\/service\/download-area\/"]}]},{"@type":"BreadcrumbList","@id":"https:\/\/wicam.com\/fr\/service\/download-area\/#breadcrumb","itemListElement":[{"@type":"ListItem","position":1,"name":"Startseite","item":"https:\/\/wicam.com\/fr\/"},{"@type":"ListItem","position":2,"name":"Service","item":"https:\/\/wicam.com\/fr\/service\/"},{"@type":"ListItem","position":3,"name":"T\u00e9l\u00e9chargement Area"}]},{"@type":"WebSite","@id":"https:\/\/wicam.com\/fr\/#website","url":"https:\/\/wicam.com\/fr\/","name":"WiCAM","description":"Technische Software","potentialAction":[{"@type":"SearchAction","target":{"@type":"EntryPoint","urlTemplate":"https:\/\/wicam.com\/fr\/?s={search_term_string}"},"query-input":{"@type":"PropertyValueSpecification","valueRequired":true,"valueName":"search_term_string"}}],"inLanguage":"fr-FR"}]}},"_links":{"self":[{"href":"https:\/\/wicam.com\/fr\/wp-json\/wp\/v2\/pages\/7516","targetHints":{"allow":["GET"]}}],"collection":[{"href":"https:\/\/wicam.com\/fr\/wp-json\/wp\/v2\/pages"}],"about":[{"href":"https:\/\/wicam.com\/fr\/wp-json\/wp\/v2\/types\/page"}],"author":[{"embeddable":true,"href":"https:\/\/wicam.com\/fr\/wp-json\/wp\/v2\/users\/1"}],"replies":[{"embeddable":true,"href":"https:\/\/wicam.com\/fr\/wp-json\/wp\/v2\/comments?post=7516"}],"version-history":[{"count":0,"href":"https:\/\/wicam.com\/fr\/wp-json\/wp\/v2\/pages\/7516\/revisions"}],"up":[{"embeddable":true,"href":"https:\/\/wicam.com\/fr\/wp-json\/wp\/v2\/pages\/6010"}],"wp:attachment":[{"href":"https:\/\/wicam.com\/fr\/wp-json\/wp\/v2\/media?parent=7516"}],"curies":[{"name":"wp","href":"https:\/\/api.w.org\/{rel}","templated":true}]}}