{"id":28917,"date":"2022-05-24T12:35:54","date_gmt":"2022-05-24T10:35:54","guid":{"rendered":"https:\/\/www.wicam.com\/cadcam-nesting-software\/pncalculate\/"},"modified":"2024-05-25T22:03:51","modified_gmt":"2024-05-25T20:03:51","slug":"pncalculate","status":"publish","type":"page","link":"https:\/\/wicam.com\/it\/cadcam-nesting-software\/pncalculate\/","title":{"rendered":"Calcolo"},"content":{"rendered":"<p><img loading=\"lazy\" decoding=\"async\" class=\"alignright wp-image-22910\" src=\"https:\/\/www.wicam.com\/wp-content\/uploads\/2022\/03\/cloud-300x278.png\" alt=\"\" width=\"375\" height=\"348\" srcset=\"https:\/\/wicam.com\/wp-content\/uploads\/2022\/03\/cloud-300x278.png 300w, https:\/\/wicam.com\/wp-content\/uploads\/2022\/03\/cloud-768x712.png 768w, https:\/\/wicam.com\/wp-content\/uploads\/2022\/03\/cloud.png 1000w\" sizes=\"auto, (max-width: 375px) 100vw, 375px\" \/>Calcolo dei prezzi basato sul web, soluzione webshop, conversione di formati CAD e NC, elaborazione di interi assiemi e creazione di geometrie. Oltre alle nostre soluzioni webshop standard, potete facilmente utilizzare parti delle nostre soluzioni software online per un calcolo esatto dei prezzi tramite l&#8217;interfaccia API.<\/p>\n<p>L&#8217;interfaccia API di WiCAM vi fornisce in pochi secondi i calcoli preliminari esatti relativi alla macchina e alla produzione per la determinazione del prezzo di singoli pezzi e interi assiemi.<\/p>\n<p>La soluzione cloud di WiCAM \u00e8 scalabile e pu\u00f2 elaborare qualsiasi quantit\u00e0 di dati in parallelo. Ci\u00f2 offre agli operatori di grandi piattaforme e webshop, in particolare, un vantaggio decisivo nel calcolo efficiente dei prezzi.<\/p>\n<p>Per aziende come Laserhub, Suplacon o DeCromvoirtse, l&#8217;interfaccia API \u00e8 gi\u00e0 parte integrante del calcolo dei prezzi.<\/p>\n<p><a class=\"btn\" href=\"https:\/\/www.wicam.com\/en\/contact\/\">Prenota una demo online<\/a>.<\/p>\n","protected":false},"excerpt":{"rendered":"<p>Calcolo dei prezzi basato sul web, soluzione webshop, conversione di formati CAD e NC, elaborazione di interi assiemi e creazione di geometrie. Oltre alle nostre soluzioni webshop standard, potete facilmente utilizzare parti delle nostre soluzioni software online per un calcolo esatto dei prezzi tramite l&#8217;interfaccia API. L&#8217;interfaccia API di WiCAM vi fornisce in pochi secondi [&hellip;]<\/p>\n","protected":false},"author":2,"featured_media":0,"parent":28482,"menu_order":0,"comment_status":"closed","ping_status":"closed","template":"page-software-single.php","meta":{"_acf_changed":false,"footnotes":""},"class_list":["post-28917","page","type-page","status-publish","hentry"],"acf":[],"yoast_head":"<!-- This site is optimized with the Yoast SEO plugin v27.2 - https:\/\/yoast.com\/product\/yoast-seo-wordpress\/ -->\n<title>CAD\/CAM Nesting Software - Calcolo - PNCalculate - WiCAM<\/title>\n<meta name=\"description\" content=\"Calcolo basato sul web, conversione di formati CAD e NC, svolgimento, creazione di geometrie. Utilizzate le parti essenziali dei nostri prodotti online, senza alcuna conoscenza preliminare. Come produttori, potete integrare gli algoritmi nei vostri prodotti tramite l&#039;interfaccia API.\" \/>\n<meta name=\"robots\" content=\"index, follow, max-snippet:-1, max-image-preview:large, max-video-preview:-1\" \/>\n<link rel=\"canonical\" href=\"https:\/\/wicam.com\/it\/cadcam-nesting-software\/pncalculate\/\" \/>\n<meta property=\"og:locale\" content=\"it_IT\" \/>\n<meta property=\"og:type\" content=\"article\" \/>\n<meta property=\"og:title\" content=\"CAD\/CAM Nesting Software - Calcolo - PNCalculate - WiCAM\" \/>\n<meta property=\"og:description\" content=\"Calcolo basato sul web, conversione di formati CAD e NC, svolgimento, creazione di geometrie. Utilizzate le parti essenziali dei nostri prodotti online, senza alcuna conoscenza preliminare. Come produttori, potete integrare gli algoritmi nei vostri prodotti tramite l&#039;interfaccia API.\" \/>\n<meta property=\"og:url\" content=\"https:\/\/wicam.com\/it\/cadcam-nesting-software\/pncalculate\/\" \/>\n<meta property=\"og:site_name\" content=\"WiCAM\" \/>\n<meta property=\"article:modified_time\" content=\"2024-05-25T20:03:51+00:00\" \/>\n<meta property=\"og:image\" content=\"https:\/\/www.wicam.com\/wp-content\/uploads\/2022\/03\/cloud-300x278.png\" \/>\n<meta name=\"twitter:card\" content=\"summary_large_image\" \/>\n<meta name=\"twitter:label1\" content=\"Tempo di lettura stimato\" \/>\n\t<meta name=\"twitter:data1\" content=\"5 minuti\" \/>\n<script type=\"application\/ld+json\" class=\"yoast-schema-graph\">{\"@context\":\"https:\/\/schema.org\",\"@graph\":[{\"@type\":\"WebPage\",\"@id\":\"https:\/\/wicam.com\/it\/cadcam-nesting-software\/pncalculate\/\",\"url\":\"https:\/\/wicam.com\/it\/cadcam-nesting-software\/pncalculate\/\",\"name\":\"CAD\/CAM Nesting Software - Calcolo - PNCalculate - WiCAM\",\"isPartOf\":{\"@id\":\"https:\/\/wicam.com\/it\/#website\"},\"primaryImageOfPage\":{\"@id\":\"https:\/\/wicam.com\/it\/cadcam-nesting-software\/pncalculate\/#primaryimage\"},\"image\":{\"@id\":\"https:\/\/wicam.com\/it\/cadcam-nesting-software\/pncalculate\/#primaryimage\"},\"thumbnailUrl\":\"https:\/\/www.wicam.com\/wp-content\/uploads\/2022\/03\/cloud-300x278.png\",\"datePublished\":\"2022-05-24T10:35:54+00:00\",\"dateModified\":\"2024-05-25T20:03:51+00:00\",\"description\":\"Calcolo basato sul web, conversione di formati CAD e NC, svolgimento, creazione di geometrie. Utilizzate le parti essenziali dei nostri prodotti online, senza alcuna conoscenza preliminare. Come produttori, potete integrare gli algoritmi nei vostri prodotti tramite l'interfaccia API.\",\"breadcrumb\":{\"@id\":\"https:\/\/wicam.com\/it\/cadcam-nesting-software\/pncalculate\/#breadcrumb\"},\"inLanguage\":\"it-IT\",\"potentialAction\":[{\"@type\":\"ReadAction\",\"target\":[\"https:\/\/wicam.com\/it\/cadcam-nesting-software\/pncalculate\/\"]}]},{\"@type\":\"ImageObject\",\"inLanguage\":\"it-IT\",\"@id\":\"https:\/\/wicam.com\/it\/cadcam-nesting-software\/pncalculate\/#primaryimage\",\"url\":\"https:\/\/www.wicam.com\/wp-content\/uploads\/2022\/03\/cloud-300x278.png\",\"contentUrl\":\"https:\/\/www.wicam.com\/wp-content\/uploads\/2022\/03\/cloud-300x278.png\"},{\"@type\":\"BreadcrumbList\",\"@id\":\"https:\/\/wicam.com\/it\/cadcam-nesting-software\/pncalculate\/#breadcrumb\",\"itemListElement\":[{\"@type\":\"ListItem\",\"position\":1,\"name\":\"Startseite\",\"item\":\"https:\/\/wicam.com\/it\/\"},{\"@type\":\"ListItem\",\"position\":2,\"name\":\"Software\",\"item\":\"https:\/\/wicam.com\/it\/cadcam-nesting-software\/\"},{\"@type\":\"ListItem\",\"position\":3,\"name\":\"Calcolo\"}]},{\"@type\":\"WebSite\",\"@id\":\"https:\/\/wicam.com\/it\/#website\",\"url\":\"https:\/\/wicam.com\/it\/\",\"name\":\"WiCAM\",\"description\":\"Technische Software\",\"potentialAction\":[{\"@type\":\"SearchAction\",\"target\":{\"@type\":\"EntryPoint\",\"urlTemplate\":\"https:\/\/wicam.com\/it\/?s={search_term_string}\"},\"query-input\":{\"@type\":\"PropertyValueSpecification\",\"valueRequired\":true,\"valueName\":\"search_term_string\"}}],\"inLanguage\":\"it-IT\"}]}<\/script>\n<!-- \/ Yoast SEO plugin. -->","yoast_head_json":{"title":"CAD\/CAM Nesting Software - Calcolo - PNCalculate - WiCAM","description":"Calcolo basato sul web, conversione di formati CAD e NC, svolgimento, creazione di geometrie. Utilizzate le parti essenziali dei nostri prodotti online, senza alcuna conoscenza preliminare. Come produttori, potete integrare gli algoritmi nei vostri prodotti tramite l'interfaccia API.","robots":{"index":"index","follow":"follow","max-snippet":"max-snippet:-1","max-image-preview":"max-image-preview:large","max-video-preview":"max-video-preview:-1"},"canonical":"https:\/\/wicam.com\/it\/cadcam-nesting-software\/pncalculate\/","og_locale":"it_IT","og_type":"article","og_title":"CAD\/CAM Nesting Software - Calcolo - PNCalculate - WiCAM","og_description":"Calcolo basato sul web, conversione di formati CAD e NC, svolgimento, creazione di geometrie. Utilizzate le parti essenziali dei nostri prodotti online, senza alcuna conoscenza preliminare. Come produttori, potete integrare gli algoritmi nei vostri prodotti tramite l'interfaccia API.","og_url":"https:\/\/wicam.com\/it\/cadcam-nesting-software\/pncalculate\/","og_site_name":"WiCAM","article_modified_time":"2024-05-25T20:03:51+00:00","og_image":[{"url":"https:\/\/www.wicam.com\/wp-content\/uploads\/2022\/03\/cloud-300x278.png","type":"","width":"","height":""}],"twitter_card":"summary_large_image","twitter_misc":{"Tempo di lettura stimato":"5 minuti"},"schema":{"@context":"https:\/\/schema.org","@graph":[{"@type":"WebPage","@id":"https:\/\/wicam.com\/it\/cadcam-nesting-software\/pncalculate\/","url":"https:\/\/wicam.com\/it\/cadcam-nesting-software\/pncalculate\/","name":"CAD\/CAM Nesting Software - Calcolo - PNCalculate - WiCAM","isPartOf":{"@id":"https:\/\/wicam.com\/it\/#website"},"primaryImageOfPage":{"@id":"https:\/\/wicam.com\/it\/cadcam-nesting-software\/pncalculate\/#primaryimage"},"image":{"@id":"https:\/\/wicam.com\/it\/cadcam-nesting-software\/pncalculate\/#primaryimage"},"thumbnailUrl":"https:\/\/www.wicam.com\/wp-content\/uploads\/2022\/03\/cloud-300x278.png","datePublished":"2022-05-24T10:35:54+00:00","dateModified":"2024-05-25T20:03:51+00:00","description":"Calcolo basato sul web, conversione di formati CAD e NC, svolgimento, creazione di geometrie. Utilizzate le parti essenziali dei nostri prodotti online, senza alcuna conoscenza preliminare. Come produttori, potete integrare gli algoritmi nei vostri prodotti tramite l'interfaccia API.","breadcrumb":{"@id":"https:\/\/wicam.com\/it\/cadcam-nesting-software\/pncalculate\/#breadcrumb"},"inLanguage":"it-IT","potentialAction":[{"@type":"ReadAction","target":["https:\/\/wicam.com\/it\/cadcam-nesting-software\/pncalculate\/"]}]},{"@type":"ImageObject","inLanguage":"it-IT","@id":"https:\/\/wicam.com\/it\/cadcam-nesting-software\/pncalculate\/#primaryimage","url":"https:\/\/www.wicam.com\/wp-content\/uploads\/2022\/03\/cloud-300x278.png","contentUrl":"https:\/\/www.wicam.com\/wp-content\/uploads\/2022\/03\/cloud-300x278.png"},{"@type":"BreadcrumbList","@id":"https:\/\/wicam.com\/it\/cadcam-nesting-software\/pncalculate\/#breadcrumb","itemListElement":[{"@type":"ListItem","position":1,"name":"Startseite","item":"https:\/\/wicam.com\/it\/"},{"@type":"ListItem","position":2,"name":"Software","item":"https:\/\/wicam.com\/it\/cadcam-nesting-software\/"},{"@type":"ListItem","position":3,"name":"Calcolo"}]},{"@type":"WebSite","@id":"https:\/\/wicam.com\/it\/#website","url":"https:\/\/wicam.com\/it\/","name":"WiCAM","description":"Technische Software","potentialAction":[{"@type":"SearchAction","target":{"@type":"EntryPoint","urlTemplate":"https:\/\/wicam.com\/it\/?s={search_term_string}"},"query-input":{"@type":"PropertyValueSpecification","valueRequired":true,"valueName":"search_term_string"}}],"inLanguage":"it-IT"}]}},"_links":{"self":[{"href":"https:\/\/wicam.com\/it\/wp-json\/wp\/v2\/pages\/28917","targetHints":{"allow":["GET"]}}],"collection":[{"href":"https:\/\/wicam.com\/it\/wp-json\/wp\/v2\/pages"}],"about":[{"href":"https:\/\/wicam.com\/it\/wp-json\/wp\/v2\/types\/page"}],"author":[{"embeddable":true,"href":"https:\/\/wicam.com\/it\/wp-json\/wp\/v2\/users\/2"}],"replies":[{"embeddable":true,"href":"https:\/\/wicam.com\/it\/wp-json\/wp\/v2\/comments?post=28917"}],"version-history":[{"count":0,"href":"https:\/\/wicam.com\/it\/wp-json\/wp\/v2\/pages\/28917\/revisions"}],"up":[{"embeddable":true,"href":"https:\/\/wicam.com\/it\/wp-json\/wp\/v2\/pages\/28482"}],"wp:attachment":[{"href":"https:\/\/wicam.com\/it\/wp-json\/wp\/v2\/media?parent=28917"}],"curies":[{"name":"wp","href":"https:\/\/api.w.org\/{rel}","templated":true}]}}