{"id":29086,"date":"2018-07-25T09:57:29","date_gmt":"2018-07-25T07:57:29","guid":{"rendered":"https:\/\/www.wicam.com\/data-privacy-notice\/"},"modified":"2025-09-12T09:30:10","modified_gmt":"2025-09-12T07:30:10","slug":"informativa-sulla-privacy","status":"publish","type":"page","link":"https:\/\/wicam.com\/it\/informativa-sulla-privacy\/","title":{"rendered":"Informativa sulla privacy"},"content":{"rendered":"<div class=\"entry clearfix\">\n<h2>Addetto alla sicurezza dei dati<\/h2>\n<p>Marco Eigenblut<br \/>\nRappresentante dell&#8217;azienda informativa sulla privacy<br \/>\nWiCAM GmbH Software tecnico<br \/>\nReetzstra\u00dfe 46c<br \/>\nD-76327 Pfinztal-S\u00f6llingen<br \/>\nFon: +49 7240-9259-0<br \/>\nE-Mail: info@wicam.com<\/p>\n<h1>Avviso sulla privacy dei dati<\/h1>\n<h2>Protezione dei dati secondo il \u00a7 13 TMG<\/h2>\n<p>I gestori di queste pagine prendono molto sul serio la protezione dei vostri dati personali. Trattiamo i vostri dati personali in modo confidenziale e in conformit\u00e0 alle norme di legge sulla protezione dei dati e alla presente informativa sulla privacy.<\/p>\n<p>L&#8217;utilizzo del nostro sito web \u00e8 generalmente possibile senza fornire informazioni personali. Se i dati personali (ad esempio nome, indirizzo o indirizzi e-mail) vengono inseriti nei nostri siti, ci\u00f2 avviene sempre su base volontaria. Questi dati non saranno divulgati a terzi senza il vostro esplicito consenso.<\/p>\n<p>Si prega di notare che la trasmissione di dati via Internet (ad esempio, quando si comunica via e-mail) pu\u00f2 presentare vulnerabilit\u00e0 di sicurezza. Non \u00e8 possibile garantire una protezione completa dell&#8217;accesso ai dati da parte di terzi.<\/p>\n<h2>Cookie<\/h2>\n<p>Le pagine Internet utilizzano in parte i cosiddetti cookie. I cookie non danneggiano il vostro computer e non contengono virus. I cookie servono a rendere la nostra offerta pi\u00f9 semplice, efficace e sicura. I cookie sono piccoli file di testo memorizzati sul vostro PC nel vostro browser.<\/p>\n<p>La maggior parte dei cookie che utilizziamo sono i cosiddetti &#8220;cookie di sessione&#8221;. Vengono cancellati automaticamente dopo la visita. Altri cookie rimangono memorizzati sul vostro dispositivo finch\u00e9 non li cancellate. Questi cookie ci permettono di riconoscere il vostro browser la prossima volta che navigate sulle nostre pagine.<\/p>\n<p>Potete impostare il vostro browser in modo da essere informati sull&#8217;impostazione dei cookie e consentire i cookie solo in singoli casi, l&#8217;accettazione dei cookie per determinati casi o escludere in generale e attivare la cancellazione automatica dei cookie alla chiusura del browser. La disabilitazione dei cookie pu\u00f2 limitare la funzionalit\u00e0 di questo sito web.<\/p>\n<h2>File di log del server<\/h2>\n<p>Il fornitore delle pagine raccoglie e memorizza automaticamente informazioni nei cosiddetti file di log del server, che il vostro browser ci trasmette automaticamente. Questi sono:<\/p>\n<ul>\n<li>tipo di browser e versione del browser<\/li>\n<li>sistema operativo utilizzato<\/li>\n<li>URL di riferimento<\/li>\n<li>nome host del computer di accesso<\/li>\n<li>orario della richiesta al server<\/li>\n<\/ul>\n<p>Questi dati non possono essere assegnati a persone specifiche. Non verr\u00e0 effettuata una fusione di questi dati con altre fonti di dati. Ci riserviamo il diritto di controllare questi dati retrospettivamente, se veniamo a conoscenza di indicazioni specifiche per un uso illegale.<\/p>\n<h2>Modulo di contatto<\/h2>\n<p>Se ci inviate richieste di informazioni tramite il modulo di contatto, i vostri dati del modulo di richiesta, compresi i dati di contatto che ci avete fornito, saranno memorizzati al fine di elaborare la richiesta e in caso di domande successive. Non condivideremo queste informazioni senza il vostro consenso.<\/p>\n<h2>Dati della newsletter<\/h2>\n<p>Se desiderate ricevere la newsletter offerta sul sito web, abbiamo bisogno di un vostro indirizzo e-mail e di informazioni che ci permettano di verificare che siate i titolari dell&#8217;indirizzo e-mail indicato e che accettiate di ricevere la newsletter. Non vengono raccolti altri dati. Utilizziamo questi dati esclusivamente per l&#8217;invio delle informazioni richieste e non li trasmettiamo a terzi.<\/p>\n<p>Il consenso alla memorizzazione dei dati, all&#8217;indirizzo e-mail e al loro utilizzo per l&#8217;invio della newsletter pu\u00f2 essere revocato in qualsiasi momento, ad esempio tramite il link &#8220;unsubscribe&#8221; presente nella newsletter.<\/p>\n<h2>Google Analytics<\/h2>\n<p>Questo sito web utilizza le funzioni del servizio di analisi web Google Analytics. Il fornitore \u00e8 Google Inc., 1600 Amphitheater Parkway Mountain View, CA 94043, USA.<\/p>\n<p>Google Analytics utilizza i cosiddetti &#8220;cookie&#8221;. Si tratta di file di testo che vengono memorizzati sul vostro computer e che consentono un&#8217;analisi dell&#8217;utilizzo del sito web da parte vostra. Le informazioni generate dal cookie sull&#8217;utilizzo del sito web da parte dell&#8217;utente vengono solitamente trasmesse a un server di Google negli Stati Uniti e l\u00ec memorizzate.<\/p>\n<p><strong>Anonimizzazione IP<\/strong><\/p>\n<p>Su questo sito web abbiamo attivato la funzione di anonimizzazione dell&#8217;IP. Di conseguenza, il vostro indirizzo IP verr\u00e0 troncato da Google all&#8217;interno degli Stati membri dell&#8217;Unione Europea o di altre parti dell&#8217;Accordo sullo Spazio Economico Europeo prima della trasmissione agli Stati Uniti. Solo in casi eccezionali l&#8217;indirizzo IP completo verr\u00e0 inviato a un server di Google negli Stati Uniti e l\u00ec abbreviato. Su incarico del gestore di questo sito web, Google utilizzer\u00e0 queste informazioni per valutare l&#8217;utilizzo del sito web da parte dell&#8217;utente, per redigere rapporti sulle attivit\u00e0 del sito web e per fornire al gestore del sito web altri servizi relativi alle attivit\u00e0 del sito web e all&#8217;utilizzo di Internet. L&#8217;indirizzo IP fornito da Google Analytics nell&#8217;ambito di Google Analytics non verr\u00e0 unito ad altri dati di Google.<\/p>\n<p><strong>Pluginatore del browser<\/strong><\/p>\n<p>\u00c8 possibile impedire la memorizzazione dei cookie mediante un&#8217;impostazione corrispondente nel software del browser; tuttavia, si prega di notare che, cos\u00ec facendo, potrebbe non essere possibile utilizzare tutte le funzioni di questo sito web nella massima misura possibile. Inoltre, potete impedire il rilevamento da parte di Google dei dati generati dal cookie e relativi al vostro utilizzo del sito web (compreso il vostro indirizzo IP), nonch\u00e9 l&#8217;elaborazione di questi dati da parte di Google, scaricando il plug-in del browser disponibile al seguente link e installandolo: <a href=\"https:\/\/tools.google.com\/dlpage\/gaoptout?hl=de\"><br \/>\nhttps:\/\/tools.google.com\/dlpage\/gaoptout?hl=de<\/a><\/p>\n<p><strong>Impedire la raccolta dei dati<\/strong><\/p>\n<p>Potete impedire la raccolta dei vostri dati da parte di Google Analytics cliccando sul seguente link. Verr\u00e0 impostato un cookie di opt-out che impedir\u00e0 la raccolta dei vostri dati nelle future visite a questo sito web: <a class=\"gaoo-opt-out google-analytics-opt-out\">disattivare Google Analytics.<\/a><\/p>\n<p>Per ulteriori informazioni sul trattamento dei dati degli utenti da parte di Google Analytics, consultare l&#8217;Informativa sulla privacy di Google: <a href=\"https:\/\/support.google.com\/analytics\/answer\/6004245?hl=de\"><br \/>\nhttps:\/\/support.google.com\/analytics\/answer\/6004245?hl=de<\/a><\/p>\n<p><strong><br \/>\nElaborazione degli ordini<\/strong><\/p>\n<p>Abbiamo stipulato un contratto per l&#8217;elaborazione dei dati con Google e applichiamo pienamente i severi requisiti delle autorit\u00e0 tedesche per la protezione dei dati quando utilizziamo Google Analytics.<\/p>\n<p><strong>Demografia in Google Analytics<\/strong><\/p>\n<p>Questo sito web utilizza la funzione demografica di Google Analytics. Di conseguenza, \u00e8 possibile generare rapporti sull&#8217;et\u00e0, il sesso e gli interessi dei visitatori. Questi dati si basano sulla pubblicit\u00e0 basata sugli interessi di Google e sui dati dei visitatori di terze parti.<\/p>\n<p>Questi dati non possono essere assegnati a una persona specifica. \u00c8 possibile disattivare questa funzione in qualsiasi momento attraverso le Impostazioni annunci del proprio account Google, oppure vietare in generale la raccolta dei propri dati da parte di Google Analytics come indicato nella sezione &#8220;Impedire la raccolta dei dati&#8221;.<\/p>\n<h2>Plugin di Facebook (pulsante &#8220;mi piace&#8221;)<\/h2>\n<p>Sulla nostra pagina sono integrati plugin del social network Facebook, provider Facebook Inc., 1 Hacker Way, Menlo Park, California 94025, USA. I plugin di Facebook sono riconoscibili dal logo di Facebook o dal pulsante &#8220;Mi piace&#8221; (&#8220;Like&#8221;) sul nostro sito. Una panoramica sui plugin di Facebook \u00e8 disponibile qui: <a href=\"https:\/\/developers.facebook.com\/docs\/plugins\/\"><br \/>\nhttps:\/\/developers.facebook.com\/docs\/plugins\/<\/a>.<\/p>\n<p>Se visitate le nostre pagine, il plugin stabilisce una connessione diretta tra il vostro browser e il server di Facebook. Facebook riceve l&#8217;informazione che avete visitato il nostro sito con il vostro indirizzo IP. Se cliccate sul pulsante &#8220;Mi piace&#8221; di Facebook mentre siete connessi al vostro account Facebook, potete collegare i contenuti delle nostre pagine al vostro profilo Facebook.<br \/>\nDi conseguenza, Facebook pu\u00f2 assegnare la visita alle nostre pagine al vostro account utente. Facciamo presente che noi, in quanto fornitori delle pagine, non siamo a conoscenza del contenuto dei dati trasmessi e del loro utilizzo da parte di Facebook. Per ulteriori informazioni, consultare l&#8217;Informativa sulla privacy di Facebook all&#8217;indirizzo <a href=\"https:\/\/de-de.facebook.com\/policy.php\">https:\/\/de-de.facebook.com\/policy.php<\/a>.<\/p>\n<p>Se non desiderate che Facebook associ la vostra visita alle nostre pagine al vostro account utente di Facebook, siete pregati di disconnettervi dal vostro account utente di Facebook.<\/p>\n<h2>Twitter<\/h2>\n<p>Nei nostri siti sono integrate funzioni del servizio Twitter. Queste funzioni sono disponibili tramite Twitter Inc., 1355 Market Street, Suite 900, San Francisco, CA 94103, USA. Utilizzando Twitter e la funzione &#8220;Re-Tweet&#8221;, i siti web visitati vengono collegati al vostro account Twitter e condivisi con altri utenti. Durante questo processo i dati vengono trasmessi a Twitter. Facciamo presente che noi, in qualit\u00e0 di fornitori delle pagine, non siamo a conoscenza del contenuto dei dati trasmessi e del loro utilizzo da parte di Twitter. Per ulteriori informazioni, consultare l&#8217;Informativa sulla privacy di Twitter all&#8217;indirizzo https:\/\/twitter.com\/privacy.<br \/>\nLe impostazioni della privacy su Twitter sono disponibili nelle Impostazioni dell&#8217;account all&#8217;indirizzo: <a href=\"https:\/\/twitter.com\/account\/settings\"><br \/>\nhttps:\/\/twitter.com\/account\/settings<\/a>.<\/p>\n<h2>Google+<\/h2>\n<p>Le nostre pagine utilizzano le funzionalit\u00e0 di Google+. Il fornitore \u00e8 Google Inc., 1600 Amphitheater Parkway Mountain View, CA 94043, USA.<\/p>\n<p>Raccolta e condivisione di informazioni: Utilizzate il pulsante Google+ per pubblicare informazioni in tutto il mondo. Con il pulsante Google+ voi e altri utenti ricevete contenuti personalizzati da Google e dai nostri partner. Google memorizza sia l&#8217;informazione che l&#8217;utente ha dato &#8220;+1&#8221; a una parte del contenuto, sia le informazioni sulla pagina visualizzata quando ha fatto clic su &#8220;+1&#8221;. I vostri &#8220;+1&#8221; possono apparire accanto al nome e alla foto del vostro profilo nei servizi di Google, ad esempio nei risultati di ricerca o nel vostro profilo Google, o in altri siti web e annunci sul web.<\/p>\n<p>Google registra le informazioni sulle vostre attivit\u00e0 di &#8220;+1&#8221; per migliorare i servizi di Google per voi e per gli altri. Per utilizzare il pulsante Google+, \u00e8 necessario avere un profilo Google pubblico e visibile a livello globale che deve contenere almeno il nome scelto per il profilo. Questo nome sar\u00e0 utilizzato in tutti i servizi di Google. In alcuni casi, questo nome pu\u00f2 essere sostituito da un nome diverso utilizzato dall&#8217;utente per la condivisione di contenuti attraverso il proprio account Google. L&#8217;identit\u00e0 del vostro profilo Google pu\u00f2 essere visualizzata dagli utenti che conoscono il vostro indirizzo e-mail o che dispongono di altre informazioni identificative su di voi.<\/p>\n<p>Utilizzo delle informazioni raccolte: Oltre agli usi sopra descritti, le informazioni fornite dall&#8217;utente saranno utilizzate in conformit\u00e0 con l&#8217;informativa sulla privacy di Google applicabile. Google pu\u00f2 pubblicare statistiche riassuntive sulle attivit\u00e0 &#8220;+1&#8221; degli utenti o trasmetterle a utenti e partner, come editori, inserzionisti o siti web collegati.<\/p>\n<h2>LinkedIn<\/h2>\n<p>Il nostro sito web utilizza funzioni della rete LinkedIn. Il fornitore \u00e8 LinkedIn Corporation, 2029 Stierlin Court, Mountain View, CA 94043, Stati Uniti. Ogni volta che visitate una delle nostre pagine che contiene funzioni di LinkedIn, questa si connette ai server di LinkedIn. LinkedIn viene informato che l&#8217;utente ha visitato il nostro sito web con il suo indirizzo IP. Se fate clic sul &#8220;Pulsante di raccomandazione&#8221; di LinkedIn e avete effettuato l&#8217;accesso al vostro account LinkedIn, LinkedIn sar\u00e0 in grado di associare la vostra visita al nostro sito web a voi e al vostro account utente. Segnaliamo che noi, in quanto fornitori delle pagine, non siamo a conoscenza del contenuto dei dati trasmessi e del loro utilizzo da parte di LinkedIn.<\/p>\n<p>Per ulteriori informazioni, consultare l&#8217;informativa sulla privacy di LinkedIn all&#8217;indirizzo: <a href=\"https:\/\/www.linkedin.com\/legal\/privacy-policy\">https:\/\/www.linkedin.com\/legal\/privacy-policy<\/a><\/p>\n<h2>Pinterest<\/h2>\n<p>Sul nostro sito utilizziamo i social plugin del social network Pinterest, gestito da Pinterest Inc., 808 Brannan Street, San Francisco, CA 94103-490, USA (&#8220;Pinterest&#8221;). Se visitate una pagina che contiene tale plugin, il vostro browser si collega direttamente ai server di Pinterest. Il plugin trasmette dati di protocollo al server di Pinterest negli Stati Uniti. Questi dati di protocollo possono includere il vostro indirizzo IP, l&#8217;indirizzo dei siti web visitati, che comprende anche le funzioni di Pinterest, il tipo e le impostazioni del browser, la data e l&#8217;ora della richiesta, le modalit\u00e0 di utilizzo di Pinterest e i cookie.<\/p>\n<p>Per ulteriori informazioni sullo scopo, la portata, l&#8217;ulteriore elaborazione e l&#8217;utilizzo dei dati da parte di Pinterest e i relativi diritti e modi per proteggere la vostra privacy, consultate l&#8217;informativa sulla privacy di Pinterest: <a href=\"https:\/\/about.pinterest.com\/de\/privacy-policy\"><br \/>\nhttps:\/\/about.pinterest.com\/de\/privacy-policy<\/a><\/p>\n<h2>XING<\/h2>\n<p>Il nostro sito web utilizza funzioni della rete XING. Il fornitore \u00e8 XING AG, Dammtorstra\u00dfe 29-32, 20354 Amburgo, Germania. Ogni volta che si visita uno dei nostri siti che contiene funzioni XING, questo si connette ai server XING. Per quanto ne sappiamo, non vengono memorizzati dati personali. In particolare, non vengono memorizzati gli indirizzi IP n\u00e9 viene valutato il comportamento di utilizzo.<\/p>\n<p>Ulteriori informazioni sulla protezione dei dati e sul pulsante Condividi di XING sono disponibili nell&#8217;informativa sulla privacy di XING all&#8217;indirizzo: <a href=\"https:\/\/www.xing.com\/app\/share?op=data_protection\"><br \/>\nhttps:\/\/www.xing.com\/app\/share?op=data_protection<\/a><\/p>\n<h2>YouTube<\/h2>\n<p>Il nostro sito web utilizza i plugin della pagina YouTube di Google. Il gestore del sito \u00e8 YouTube, LLC, 901 Cherry Ave., San Bruno, CA 94066, USA. Se visitate uno dei nostri siti abilitati al plug-in di YouTube, sarete collegati ai server di YouTube. Il server di YouTube verr\u00e0 informato delle pagine visitate.<\/p>\n<p>Se siete connessi al vostro account YouTube, consentite a YouTube di associare il vostro comportamento di navigazione direttamente al vostro profilo personale. \u00c8 possibile evitare che ci\u00f2 avvenga disconnettendosi dal proprio account YouTube.<\/p>\n<p>Per ulteriori informazioni sul trattamento dei dati degli utenti, consultare l&#8217;Informativa sulla privacy di YouTube all&#8217;indirizzo <a href=\"https:\/\/www.google.de\/intl\/de\/policies\/privacy\">https:\/\/www.google.de\/intl\/de\/policies\/privacy<\/a>.<\/p>\n<p>&nbsp;<\/p>\n<h2>Informativa sulla privacy di Google Maps<\/h2>\n<p>Questo sito web utilizza il prodotto Google Maps di Google Inc. Utilizzando questo sito, si acconsente alla raccolta, all&#8217;elaborazione e all&#8217;utilizzo dei dati automatizzati raccolti da Google Inc, dai suoi agenti e da terzi.<\/p>\n<p>Le condizioni di utilizzo di Google Maps sono disponibili all&#8217;indirizzo <a href=\"https:\/\/www.google.com\/intl\/de_de\/help\/terms_maps.html\">&#8220;Nutzungsbedingungen von Google Maps&#8221;<\/a>.<\/p>\n<h2>Privacy per l&#8217;utilizzo di Google Web Fonts<\/h2>\n<p>Questo sito utilizza i cosiddetti web fonts, forniti da Google, per la rappresentazione uniforme dei caratteri. Quando si richiama una pagina, il browser carica i web font necessari nella cache del browser per visualizzare correttamente testi e caratteri. Se il browser non supporta i web font, il computer utilizzer\u00e0 un font predefinito.<\/p>\n<p>Ulteriori informazioni sui Web Font di Google sono disponibili all&#8217;indirizzo <a href=\"https:\/\/developers.google.com\/fonts\/faq\">https:\/\/developers.google.com\/fonts\/faq<\/a> e nell&#8217;Informativa sulla privacy di Google: <a href=\"https:\/\/www.google.com\/policies\/privacy\/\">https:\/\/www.google.com\/policies\/privacy\/<\/a><\/p>\n<h2>Crittografia SSL<\/h2>\n<p>Questo sito utilizza la crittografia SSL per motivi di sicurezza e per proteggere la trasmissione di contenuti sensibili, come le richieste che ci inviate in qualit\u00e0 di gestori del sito. \u00c8 possibile riconoscere una connessione crittografata dalla modifica della riga dell&#8217;indirizzo del browser da &#8220;http: \/\/&#8221; a &#8220;https: \/\/&#8221; e dal simbolo del lucchetto nella riga dell&#8217;indirizzo del browser.<\/p>\n<p>Se la crittografia SSL \u00e8 attivata, i dati che ci inviate non possono essere letti da terzi.<\/p>\n<p>&nbsp;<\/p>\n<h2>Diritti di informazione, cancellazione, blocco<\/h2>\n<p>In qualsiasi momento avete il diritto di essere informati gratuitamente sui vostri dati personali memorizzati, sulla loro origine e sul loro destinatario e sullo scopo del trattamento dei dati, nonch\u00e9 il diritto di correggere, bloccare o cancellare questi dati. Per ulteriori informazioni sui dati personali potete contattarci in qualsiasi momento all&#8217;indirizzo indicato nell&#8217;impronta.<\/p>\n<p>&nbsp;<\/p>\n<h2>Email pubblicitarie di contraddizione<\/h2>\n<p>Con la presente si rifiuta l&#8217;utilizzo dei dati di contatto dell&#8217;obbligo di imprinting pubblicato per l&#8217;invio di materiale pubblicitario e informativo non richiesto. I gestori delle pagine si riservano espressamente il diritto di intraprendere azioni legali in caso di invio non richiesto di informazioni pubblicitarie, ad esempio tramite e-mail di spam.<\/p>\n<\/div>\n","protected":false},"excerpt":{"rendered":"<p>Addetto alla sicurezza dei dati Marco Eigenblut Rappresentante dell&#8217;azienda informativa sulla privacy WiCAM GmbH Software tecnico Reetzstra\u00dfe 46c D-76327 Pfinztal-S\u00f6llingen Fon: +49 7240-9259-0 E-Mail: info@wicam.com Avviso sulla privacy dei dati Protezione dei dati secondo il \u00a7 13 TMG I gestori di queste pagine prendono molto sul serio la protezione dei vostri dati personali. Trattiamo i [&hellip;]<\/p>\n","protected":false},"author":1,"featured_media":0,"parent":0,"menu_order":0,"comment_status":"closed","ping_status":"closed","template":"","meta":{"_acf_changed":false,"footnotes":""},"class_list":["post-29086","page","type-page","status-publish","hentry"],"acf":[],"yoast_head":"<!-- This site is optimized with the Yoast SEO plugin v27.2 - https:\/\/yoast.com\/product\/yoast-seo-wordpress\/ -->\n<title>Informativa sulla privacy - WiCAM<\/title>\n<meta name=\"robots\" content=\"index, follow, max-snippet:-1, max-image-preview:large, max-video-preview:-1\" \/>\n<link rel=\"canonical\" href=\"https:\/\/wicam.com\/it\/informativa-sulla-privacy\/\" \/>\n<meta property=\"og:locale\" content=\"it_IT\" \/>\n<meta property=\"og:type\" content=\"article\" \/>\n<meta property=\"og:title\" content=\"Informativa sulla privacy - WiCAM\" \/>\n<meta property=\"og:description\" content=\"Addetto alla sicurezza dei dati Marco Eigenblut Rappresentante dell&#8217;azienda informativa sulla privacy WiCAM GmbH Software tecnico Reetzstra\u00dfe 46c D-76327 Pfinztal-S\u00f6llingen Fon: +49 7240-9259-0 E-Mail: info@wicam.com Avviso sulla privacy dei dati Protezione dei dati secondo il \u00a7 13 TMG I gestori di queste pagine prendono molto sul serio la protezione dei vostri dati personali. Trattiamo i [&hellip;]\" \/>\n<meta property=\"og:url\" content=\"https:\/\/wicam.com\/it\/informativa-sulla-privacy\/\" \/>\n<meta property=\"og:site_name\" content=\"WiCAM\" \/>\n<meta property=\"article:modified_time\" content=\"2025-09-12T07:30:10+00:00\" \/>\n<meta name=\"twitter:card\" content=\"summary_large_image\" \/>\n<meta name=\"twitter:label1\" content=\"Tempo di lettura stimato\" \/>\n\t<meta name=\"twitter:data1\" content=\"14 minuti\" \/>\n<script type=\"application\/ld+json\" class=\"yoast-schema-graph\">{\"@context\":\"https:\/\/schema.org\",\"@graph\":[{\"@type\":\"WebPage\",\"@id\":\"https:\/\/wicam.com\/it\/informativa-sulla-privacy\/\",\"url\":\"https:\/\/wicam.com\/it\/informativa-sulla-privacy\/\",\"name\":\"Informativa sulla privacy - WiCAM\",\"isPartOf\":{\"@id\":\"https:\/\/wicam.com\/it\/#website\"},\"datePublished\":\"2018-07-25T07:57:29+00:00\",\"dateModified\":\"2025-09-12T07:30:10+00:00\",\"breadcrumb\":{\"@id\":\"https:\/\/wicam.com\/it\/informativa-sulla-privacy\/#breadcrumb\"},\"inLanguage\":\"it-IT\",\"potentialAction\":[{\"@type\":\"ReadAction\",\"target\":[\"https:\/\/wicam.com\/it\/informativa-sulla-privacy\/\"]}]},{\"@type\":\"BreadcrumbList\",\"@id\":\"https:\/\/wicam.com\/it\/informativa-sulla-privacy\/#breadcrumb\",\"itemListElement\":[{\"@type\":\"ListItem\",\"position\":1,\"name\":\"Startseite\",\"item\":\"https:\/\/wicam.com\/it\/\"},{\"@type\":\"ListItem\",\"position\":2,\"name\":\"Informativa sulla privacy\"}]},{\"@type\":\"WebSite\",\"@id\":\"https:\/\/wicam.com\/it\/#website\",\"url\":\"https:\/\/wicam.com\/it\/\",\"name\":\"WiCAM\",\"description\":\"Technische Software\",\"potentialAction\":[{\"@type\":\"SearchAction\",\"target\":{\"@type\":\"EntryPoint\",\"urlTemplate\":\"https:\/\/wicam.com\/it\/?s={search_term_string}\"},\"query-input\":{\"@type\":\"PropertyValueSpecification\",\"valueRequired\":true,\"valueName\":\"search_term_string\"}}],\"inLanguage\":\"it-IT\"}]}<\/script>\n<!-- \/ Yoast SEO plugin. -->","yoast_head_json":{"title":"Informativa sulla privacy - WiCAM","robots":{"index":"index","follow":"follow","max-snippet":"max-snippet:-1","max-image-preview":"max-image-preview:large","max-video-preview":"max-video-preview:-1"},"canonical":"https:\/\/wicam.com\/it\/informativa-sulla-privacy\/","og_locale":"it_IT","og_type":"article","og_title":"Informativa sulla privacy - WiCAM","og_description":"Addetto alla sicurezza dei dati Marco Eigenblut Rappresentante dell&#8217;azienda informativa sulla privacy WiCAM GmbH Software tecnico Reetzstra\u00dfe 46c D-76327 Pfinztal-S\u00f6llingen Fon: +49 7240-9259-0 E-Mail: info@wicam.com Avviso sulla privacy dei dati Protezione dei dati secondo il \u00a7 13 TMG I gestori di queste pagine prendono molto sul serio la protezione dei vostri dati personali. Trattiamo i [&hellip;]","og_url":"https:\/\/wicam.com\/it\/informativa-sulla-privacy\/","og_site_name":"WiCAM","article_modified_time":"2025-09-12T07:30:10+00:00","twitter_card":"summary_large_image","twitter_misc":{"Tempo di lettura stimato":"14 minuti"},"schema":{"@context":"https:\/\/schema.org","@graph":[{"@type":"WebPage","@id":"https:\/\/wicam.com\/it\/informativa-sulla-privacy\/","url":"https:\/\/wicam.com\/it\/informativa-sulla-privacy\/","name":"Informativa sulla privacy - WiCAM","isPartOf":{"@id":"https:\/\/wicam.com\/it\/#website"},"datePublished":"2018-07-25T07:57:29+00:00","dateModified":"2025-09-12T07:30:10+00:00","breadcrumb":{"@id":"https:\/\/wicam.com\/it\/informativa-sulla-privacy\/#breadcrumb"},"inLanguage":"it-IT","potentialAction":[{"@type":"ReadAction","target":["https:\/\/wicam.com\/it\/informativa-sulla-privacy\/"]}]},{"@type":"BreadcrumbList","@id":"https:\/\/wicam.com\/it\/informativa-sulla-privacy\/#breadcrumb","itemListElement":[{"@type":"ListItem","position":1,"name":"Startseite","item":"https:\/\/wicam.com\/it\/"},{"@type":"ListItem","position":2,"name":"Informativa sulla privacy"}]},{"@type":"WebSite","@id":"https:\/\/wicam.com\/it\/#website","url":"https:\/\/wicam.com\/it\/","name":"WiCAM","description":"Technische Software","potentialAction":[{"@type":"SearchAction","target":{"@type":"EntryPoint","urlTemplate":"https:\/\/wicam.com\/it\/?s={search_term_string}"},"query-input":{"@type":"PropertyValueSpecification","valueRequired":true,"valueName":"search_term_string"}}],"inLanguage":"it-IT"}]}},"_links":{"self":[{"href":"https:\/\/wicam.com\/it\/wp-json\/wp\/v2\/pages\/29086","targetHints":{"allow":["GET"]}}],"collection":[{"href":"https:\/\/wicam.com\/it\/wp-json\/wp\/v2\/pages"}],"about":[{"href":"https:\/\/wicam.com\/it\/wp-json\/wp\/v2\/types\/page"}],"author":[{"embeddable":true,"href":"https:\/\/wicam.com\/it\/wp-json\/wp\/v2\/users\/1"}],"replies":[{"embeddable":true,"href":"https:\/\/wicam.com\/it\/wp-json\/wp\/v2\/comments?post=29086"}],"version-history":[{"count":0,"href":"https:\/\/wicam.com\/it\/wp-json\/wp\/v2\/pages\/29086\/revisions"}],"wp:attachment":[{"href":"https:\/\/wicam.com\/it\/wp-json\/wp\/v2\/media?parent=29086"}],"curies":[{"name":"wp","href":"https:\/\/api.w.org\/{rel}","templated":true}]}}