{"id":13531,"date":"2019-01-15T15:25:20","date_gmt":"2019-01-15T14:25:20","guid":{"rendered":"https:\/\/www.wicam.com\/cadcam-nesting-software\/pn4000\/modules\/cad\/"},"modified":"2020-12-01T22:27:00","modified_gmt":"2020-12-01T21:27:00","slug":"cad","status":"publish","type":"page","link":"https:\/\/wicam.com\/nl\/cadcam-nesting-software\/pn4000\/modules\/cad\/","title":{"rendered":"CAD"},"content":{"rendered":"<p><a href=\"https:\/\/www.wicam.com\/nl\/cadcam-nesting-software\/pn4000\/modules\/\">naar het moduleoverzicht<\/a><\/p>\n<h3>Modulebeschrijving: CAD<\/h3>\n<p>In WiCAM bevindt zich een volledige ge\u00efntegreerde CAD module. Deze module omvat omvangrijke functionaliteit voor het maken ,wijzigen en corrigeren van CAD-tekeningen. Tevens is er een scala aan importfilters voor CAD en CAM-systemen aanwezig.<\/p>\n<h4>Functies<\/h4>\n<ul>\n<li>Volledige CAD functionaliteit voor het cre\u00ebren van elementen (lijn, cirkel, cirkelboog, spline, speciale vormen)<\/li>\n<li>Wijzigen van aanwezigen elementen (wijzigen, trimmen, wissen, verschuiven, kopi\u00ebren, spiegelen, etc.)<\/li>\n<li>Genereren van tekst-geometrie op basis van Windows Fonts (inclusief een set van TrueType fonts speciaal voor lasersnijden en pons\/nibbelen)<\/li>\n<li>Genereren van standaard uitslagen van kegel, cilinder, rond op vierkant, buis-op-buis, etc op basis van het ingeven van enkele eenvoudige parameters<\/li>\n<li>Bematingsfuncties<\/li>\n<\/ul>\n<p>&nbsp;<br \/>\n<a href=\"https:\/\/www.wicam.com\/wp-content\/uploads\/2019\/01\/cad.jpg\" data-fancybox><img loading=\"lazy\" decoding=\"async\" class=\"alignnone wp-image-7346 size-medium\" src=\"https:\/\/www.wicam.com\/wp-content\/uploads\/2019\/01\/cad-300x189.jpg\" alt=\"\" width=\"300\" height=\"189\" srcset=\"https:\/\/wicam.com\/wp-content\/uploads\/2019\/01\/cad-300x189.jpg 300w, https:\/\/wicam.com\/wp-content\/uploads\/2019\/01\/cad-768x483.jpg 768w, https:\/\/wicam.com\/wp-content\/uploads\/2019\/01\/cad-1024x645.jpg 1024w, https:\/\/wicam.com\/wp-content\/uploads\/2019\/01\/cad.jpg 1360w\" sizes=\"auto, (max-width: 300px) 100vw, 300px\" \/><\/a>\u00a0\u00a0<a href=\"https:\/\/www.wicam.com\/wp-content\/uploads\/2018\/09\/PN4000_CAD-02.jpg\" data-fancybox><img loading=\"lazy\" decoding=\"async\" class=\"alignnone wp-image-2139\" src=\"https:\/\/www.wicam.com\/wp-content\/uploads\/2018\/09\/PN4000_CAD-02-300x163.jpg\" alt=\"\" width=\"349\" height=\"189\" srcset=\"https:\/\/wicam.com\/wp-content\/uploads\/2018\/09\/PN4000_CAD-02-300x163.jpg 300w, https:\/\/wicam.com\/wp-content\/uploads\/2018\/09\/PN4000_CAD-02-768x416.jpg 768w, https:\/\/wicam.com\/wp-content\/uploads\/2018\/09\/PN4000_CAD-02-1024x555.jpg 1024w, https:\/\/wicam.com\/wp-content\/uploads\/2018\/09\/PN4000_CAD-02.jpg 1600w\" sizes=\"auto, (max-width: 349px) 100vw, 349px\" \/><\/a><\/p>\n","protected":false},"excerpt":{"rendered":"<p>naar het moduleoverzicht Modulebeschrijving: CAD In WiCAM bevindt zich een volledige ge\u00efntegreerde CAD module. Deze module omvat omvangrijke functionaliteit voor het maken ,wijzigen en corrigeren van CAD-tekeningen. Tevens is er een scala aan importfilters voor CAD en CAM-systemen aanwezig. Functies Volledige CAD functionaliteit voor het cre\u00ebren van elementen (lijn, cirkel, cirkelboog, spline, speciale vormen) Wijzigen [&hellip;]<\/p>\n","protected":false},"author":1,"featured_media":0,"parent":6021,"menu_order":0,"comment_status":"closed","ping_status":"closed","template":"page-software-single-modul.php","meta":{"_acf_changed":false,"footnotes":""},"class_list":["post-13531","page","type-page","status-publish","hentry"],"acf":[],"yoast_head":"<!-- This site is optimized with the Yoast SEO plugin v27.2 - https:\/\/yoast.com\/product\/yoast-seo-wordpress\/ -->\n<title>Complete CAD\/CAM NESTING SOFTWARE - PN4000 - Module: CAD - WiCAM<\/title>\n<meta name=\"description\" content=\"Das vollst\u00e4ndig in die Oberfl\u00e4che von PN4000 integrierte CAD Modul bietet umfangreiche Funktionen zur Erstellung und \u00c4nderung von Zeichnungen, sowie die \u00dcbernahme aus anderen CAD-Systemen.\" \/>\n<meta name=\"robots\" content=\"index, follow, max-snippet:-1, max-image-preview:large, max-video-preview:-1\" \/>\n<link rel=\"canonical\" href=\"https:\/\/wicam.com\/nl\/cadcam-nesting-software\/pn4000\/modules\/cad\/\" \/>\n<meta property=\"og:locale\" content=\"nl_NL\" \/>\n<meta property=\"og:type\" content=\"article\" \/>\n<meta property=\"og:title\" content=\"Complete CAD\/CAM NESTING SOFTWARE - PN4000 - Module: CAD - WiCAM\" \/>\n<meta property=\"og:description\" content=\"Das vollst\u00e4ndig in die Oberfl\u00e4che von PN4000 integrierte CAD Modul bietet umfangreiche Funktionen zur Erstellung und \u00c4nderung von Zeichnungen, sowie die \u00dcbernahme aus anderen CAD-Systemen.\" \/>\n<meta property=\"og:url\" content=\"https:\/\/wicam.com\/nl\/cadcam-nesting-software\/pn4000\/modules\/cad\/\" \/>\n<meta property=\"og:site_name\" content=\"WiCAM\" \/>\n<meta property=\"article:modified_time\" content=\"2020-12-01T21:27:00+00:00\" \/>\n<meta property=\"og:image\" content=\"https:\/\/www.wicam.com\/wp-content\/uploads\/2019\/01\/cad-300x189.jpg\" \/>\n<meta name=\"twitter:card\" content=\"summary_large_image\" \/>\n<meta name=\"twitter:label1\" content=\"Geschatte leestijd\" \/>\n\t<meta name=\"twitter:data1\" content=\"1 minuut\" \/>\n<script type=\"application\/ld+json\" class=\"yoast-schema-graph\">{\"@context\":\"https:\/\/schema.org\",\"@graph\":[{\"@type\":\"WebPage\",\"@id\":\"https:\/\/wicam.com\/nl\/cadcam-nesting-software\/pn4000\/modules\/cad\/\",\"url\":\"https:\/\/wicam.com\/nl\/cadcam-nesting-software\/pn4000\/modules\/cad\/\",\"name\":\"Complete CAD\/CAM NESTING SOFTWARE - PN4000 - Module: CAD - WiCAM\",\"isPartOf\":{\"@id\":\"https:\/\/wicam.com\/nl\/#website\"},\"primaryImageOfPage\":{\"@id\":\"https:\/\/wicam.com\/nl\/cadcam-nesting-software\/pn4000\/modules\/cad\/#primaryimage\"},\"image\":{\"@id\":\"https:\/\/wicam.com\/nl\/cadcam-nesting-software\/pn4000\/modules\/cad\/#primaryimage\"},\"thumbnailUrl\":\"https:\/\/www.wicam.com\/wp-content\/uploads\/2019\/01\/cad-300x189.jpg\",\"datePublished\":\"2019-01-15T14:25:20+00:00\",\"dateModified\":\"2020-12-01T21:27:00+00:00\",\"description\":\"Das vollst\u00e4ndig in die Oberfl\u00e4che von PN4000 integrierte CAD Modul bietet umfangreiche Funktionen zur Erstellung und \u00c4nderung von Zeichnungen, sowie die \u00dcbernahme aus anderen CAD-Systemen.\",\"breadcrumb\":{\"@id\":\"https:\/\/wicam.com\/nl\/cadcam-nesting-software\/pn4000\/modules\/cad\/#breadcrumb\"},\"inLanguage\":\"nl-NL\",\"potentialAction\":[{\"@type\":\"ReadAction\",\"target\":[\"https:\/\/wicam.com\/nl\/cadcam-nesting-software\/pn4000\/modules\/cad\/\"]}]},{\"@type\":\"ImageObject\",\"inLanguage\":\"nl-NL\",\"@id\":\"https:\/\/wicam.com\/nl\/cadcam-nesting-software\/pn4000\/modules\/cad\/#primaryimage\",\"url\":\"https:\/\/www.wicam.com\/wp-content\/uploads\/2019\/01\/cad-300x189.jpg\",\"contentUrl\":\"https:\/\/www.wicam.com\/wp-content\/uploads\/2019\/01\/cad-300x189.jpg\"},{\"@type\":\"BreadcrumbList\",\"@id\":\"https:\/\/wicam.com\/nl\/cadcam-nesting-software\/pn4000\/modules\/cad\/#breadcrumb\",\"itemListElement\":[{\"@type\":\"ListItem\",\"position\":1,\"name\":\"Startseite\",\"item\":\"https:\/\/wicam.com\/nl\/\"},{\"@type\":\"ListItem\",\"position\":2,\"name\":\"Software\",\"item\":\"https:\/\/wicam.com\/nl\/cadcam-nesting-software\/\"},{\"@type\":\"ListItem\",\"position\":3,\"name\":\"CAD\/CAM-systeem\",\"item\":\"https:\/\/wicam.com\/nl\/cadcam-nesting-software\/pn4000\/\"},{\"@type\":\"ListItem\",\"position\":4,\"name\":\"Modules\",\"item\":\"https:\/\/wicam.com\/nl\/cadcam-nesting-software\/pn4000\/modules\/\"},{\"@type\":\"ListItem\",\"position\":5,\"name\":\"CAD\"}]},{\"@type\":\"WebSite\",\"@id\":\"https:\/\/wicam.com\/nl\/#website\",\"url\":\"https:\/\/wicam.com\/nl\/\",\"name\":\"WiCAM\",\"description\":\"Technische Software\",\"potentialAction\":[{\"@type\":\"SearchAction\",\"target\":{\"@type\":\"EntryPoint\",\"urlTemplate\":\"https:\/\/wicam.com\/nl\/?s={search_term_string}\"},\"query-input\":{\"@type\":\"PropertyValueSpecification\",\"valueRequired\":true,\"valueName\":\"search_term_string\"}}],\"inLanguage\":\"nl-NL\"}]}<\/script>\n<!-- \/ Yoast SEO plugin. -->","yoast_head_json":{"title":"Complete CAD\/CAM NESTING SOFTWARE - PN4000 - Module: CAD - WiCAM","description":"Das vollst\u00e4ndig in die Oberfl\u00e4che von PN4000 integrierte CAD Modul bietet umfangreiche Funktionen zur Erstellung und \u00c4nderung von Zeichnungen, sowie die \u00dcbernahme aus anderen CAD-Systemen.","robots":{"index":"index","follow":"follow","max-snippet":"max-snippet:-1","max-image-preview":"max-image-preview:large","max-video-preview":"max-video-preview:-1"},"canonical":"https:\/\/wicam.com\/nl\/cadcam-nesting-software\/pn4000\/modules\/cad\/","og_locale":"nl_NL","og_type":"article","og_title":"Complete CAD\/CAM NESTING SOFTWARE - PN4000 - Module: CAD - WiCAM","og_description":"Das vollst\u00e4ndig in die Oberfl\u00e4che von PN4000 integrierte CAD Modul bietet umfangreiche Funktionen zur Erstellung und \u00c4nderung von Zeichnungen, sowie die \u00dcbernahme aus anderen CAD-Systemen.","og_url":"https:\/\/wicam.com\/nl\/cadcam-nesting-software\/pn4000\/modules\/cad\/","og_site_name":"WiCAM","article_modified_time":"2020-12-01T21:27:00+00:00","og_image":[{"url":"https:\/\/www.wicam.com\/wp-content\/uploads\/2019\/01\/cad-300x189.jpg","type":"","width":"","height":""}],"twitter_card":"summary_large_image","twitter_misc":{"Geschatte leestijd":"1 minuut"},"schema":{"@context":"https:\/\/schema.org","@graph":[{"@type":"WebPage","@id":"https:\/\/wicam.com\/nl\/cadcam-nesting-software\/pn4000\/modules\/cad\/","url":"https:\/\/wicam.com\/nl\/cadcam-nesting-software\/pn4000\/modules\/cad\/","name":"Complete CAD\/CAM NESTING SOFTWARE - PN4000 - Module: CAD - WiCAM","isPartOf":{"@id":"https:\/\/wicam.com\/nl\/#website"},"primaryImageOfPage":{"@id":"https:\/\/wicam.com\/nl\/cadcam-nesting-software\/pn4000\/modules\/cad\/#primaryimage"},"image":{"@id":"https:\/\/wicam.com\/nl\/cadcam-nesting-software\/pn4000\/modules\/cad\/#primaryimage"},"thumbnailUrl":"https:\/\/www.wicam.com\/wp-content\/uploads\/2019\/01\/cad-300x189.jpg","datePublished":"2019-01-15T14:25:20+00:00","dateModified":"2020-12-01T21:27:00+00:00","description":"Das vollst\u00e4ndig in die Oberfl\u00e4che von PN4000 integrierte CAD Modul bietet umfangreiche Funktionen zur Erstellung und \u00c4nderung von Zeichnungen, sowie die \u00dcbernahme aus anderen CAD-Systemen.","breadcrumb":{"@id":"https:\/\/wicam.com\/nl\/cadcam-nesting-software\/pn4000\/modules\/cad\/#breadcrumb"},"inLanguage":"nl-NL","potentialAction":[{"@type":"ReadAction","target":["https:\/\/wicam.com\/nl\/cadcam-nesting-software\/pn4000\/modules\/cad\/"]}]},{"@type":"ImageObject","inLanguage":"nl-NL","@id":"https:\/\/wicam.com\/nl\/cadcam-nesting-software\/pn4000\/modules\/cad\/#primaryimage","url":"https:\/\/www.wicam.com\/wp-content\/uploads\/2019\/01\/cad-300x189.jpg","contentUrl":"https:\/\/www.wicam.com\/wp-content\/uploads\/2019\/01\/cad-300x189.jpg"},{"@type":"BreadcrumbList","@id":"https:\/\/wicam.com\/nl\/cadcam-nesting-software\/pn4000\/modules\/cad\/#breadcrumb","itemListElement":[{"@type":"ListItem","position":1,"name":"Startseite","item":"https:\/\/wicam.com\/nl\/"},{"@type":"ListItem","position":2,"name":"Software","item":"https:\/\/wicam.com\/nl\/cadcam-nesting-software\/"},{"@type":"ListItem","position":3,"name":"CAD\/CAM-systeem","item":"https:\/\/wicam.com\/nl\/cadcam-nesting-software\/pn4000\/"},{"@type":"ListItem","position":4,"name":"Modules","item":"https:\/\/wicam.com\/nl\/cadcam-nesting-software\/pn4000\/modules\/"},{"@type":"ListItem","position":5,"name":"CAD"}]},{"@type":"WebSite","@id":"https:\/\/wicam.com\/nl\/#website","url":"https:\/\/wicam.com\/nl\/","name":"WiCAM","description":"Technische Software","potentialAction":[{"@type":"SearchAction","target":{"@type":"EntryPoint","urlTemplate":"https:\/\/wicam.com\/nl\/?s={search_term_string}"},"query-input":{"@type":"PropertyValueSpecification","valueRequired":true,"valueName":"search_term_string"}}],"inLanguage":"nl-NL"}]}},"_links":{"self":[{"href":"https:\/\/wicam.com\/nl\/wp-json\/wp\/v2\/pages\/13531","targetHints":{"allow":["GET"]}}],"collection":[{"href":"https:\/\/wicam.com\/nl\/wp-json\/wp\/v2\/pages"}],"about":[{"href":"https:\/\/wicam.com\/nl\/wp-json\/wp\/v2\/types\/page"}],"author":[{"embeddable":true,"href":"https:\/\/wicam.com\/nl\/wp-json\/wp\/v2\/users\/1"}],"replies":[{"embeddable":true,"href":"https:\/\/wicam.com\/nl\/wp-json\/wp\/v2\/comments?post=13531"}],"version-history":[{"count":0,"href":"https:\/\/wicam.com\/nl\/wp-json\/wp\/v2\/pages\/13531\/revisions"}],"up":[{"embeddable":true,"href":"https:\/\/wicam.com\/nl\/wp-json\/wp\/v2\/pages\/6021"}],"wp:attachment":[{"href":"https:\/\/wicam.com\/nl\/wp-json\/wp\/v2\/media?parent=13531"}],"curies":[{"name":"wp","href":"https:\/\/api.w.org\/{rel}","templated":true}]}}