{"id":14825,"date":"2020-03-27T13:48:09","date_gmt":"2020-03-27T12:48:09","guid":{"rendered":"http:\/\/wicam.wiegandt-server.de\/?page_id=14825"},"modified":"2021-02-19T10:04:46","modified_gmt":"2021-02-19T09:04:46","slug":"polaczenie-erp","status":"publish","type":"page","link":"https:\/\/wicam.com\/pl\/cadcam-oprogramowanie\/pncloud\/polaczenie-erp\/","title":{"rendered":"Po\u0142\u0105czenie ERP"},"content":{"rendered":"<h2>Po\u0142\u0105czenie ERP<\/h2>\n<p><a href=\"https:\/\/www.wicam.com\/pl\/cadcam-oprogramowanie\/\"><img loading=\"lazy\" decoding=\"async\" class=\"alignright wp-image-11564\" src=\"https:\/\/wicam.com\/wp-content\/uploads\/2019\/11\/software-cadcamautomation2-300x211.jpg\" alt=\"\" width=\"325\" height=\"228\" srcset=\"https:\/\/wicam.com\/wp-content\/uploads\/2019\/11\/software-cadcamautomation2-300x211.jpg 300w, https:\/\/wicam.com\/wp-content\/uploads\/2019\/11\/software-cadcamautomation2.jpg 450w\" sizes=\"auto, (max-width: 325px) 100vw, 325px\" \/><\/a><strong>Korzystaj z funkcji naszych narz\u0119dzi online bezpo\u015brednio w swoim systemie ERP. Ustandaryzowany interfejs API dostarcza Pa\u0144stwa systemowi PPS\/ERP lub MES &#8222;know-how&#8221; z blachy w dowolnym momencie, aby stworzy\u0107 &#8222;cent&#8221;, &#8222;gram&#8221; i &#8222;drugi&#8221; dok\u0142adn\u0105 wycen\u0119, wst\u0119pne planowanie i informacje o produkcji.<\/strong><\/p>\n<p>Tworzenie zintegrowanych rozwi\u0105za\u0144 automatyzacji w oparciu o dane CAD i zlecenia zawsze by\u0142o jedn\u0105 z g\u0142\u00f3wnych kompetencji WiCAM.<\/p>\n<p>Obejmuje to komunikacj\u0119 z r\u00f3\u017cnymi rozwi\u0105zaniami system\u00f3w magazynowych, logistyki transportu, system\u00f3w zam\u00f3wie\u0144, program\u00f3w obliczeniowych i innych.<\/p>\n<p>Zw\u0142aszcza \u0142\u0105czno\u015b\u0107 ERP\/PPS ju\u017c teraz umo\u017cliwia naszym klientom wdra\u017canie holistycznych rozwi\u0105za\u0144 automatyzacji &#8222;nast\u0119pnego poziomu&#8221; &#8211; od surowc\u00f3w, poprzez produkcj\u0119 i dostawy, a\u017c po obliczenia i analizy powykonawcze.<\/p>\n","protected":false},"excerpt":{"rendered":"<p>Po\u0142\u0105czenie ERP Korzystaj z funkcji naszych narz\u0119dzi online bezpo\u015brednio w swoim systemie ERP. Ustandaryzowany interfejs API dostarcza Pa\u0144stwa systemowi PPS\/ERP lub MES &#8222;know-how&#8221; z blachy w dowolnym momencie, aby stworzy\u0107 &#8222;cent&#8221;, &#8222;gram&#8221; i &#8222;drugi&#8221; dok\u0142adn\u0105 wycen\u0119, wst\u0119pne planowanie i informacje o produkcji. Tworzenie zintegrowanych rozwi\u0105za\u0144 automatyzacji w oparciu o dane CAD i zlecenia zawsze by\u0142o [&hellip;]<\/p>\n","protected":false},"author":1,"featured_media":0,"parent":8054,"menu_order":0,"comment_status":"closed","ping_status":"closed","template":"page-software-single.php","meta":{"_acf_changed":false,"footnotes":""},"class_list":["post-14825","page","type-page","status-publish","hentry"],"acf":[],"yoast_head":"<!-- This site is optimized with the Yoast SEO plugin v27.2 - https:\/\/yoast.com\/product\/yoast-seo-wordpress\/ -->\n<title>CAD\/CAM Oprogramowanie - CAD\/CAM Online - PNCloud - Po\u0142\u0105czenie ERP - WiCAM<\/title>\n<meta name=\"description\" content=\"Korzystaj z funkcji naszych narz\u0119dzi online bezpo\u015brednio w swoim systemie ERP. Ustandaryzowany interfejs API dostarcza Pa\u0144stwa systemowi PPS\/ERP lub MES &quot;know-how&quot; z blachy w dowolnym momencie, aby stworzy\u0107 &quot;cent&quot;, &quot;gram&quot; i &quot;drugi&quot; dok\u0142adn\u0105 wycen\u0119, wst\u0119pne planowanie i informacje o produkcji.\" \/>\n<meta name=\"robots\" content=\"index, follow, max-snippet:-1, max-image-preview:large, max-video-preview:-1\" \/>\n<link rel=\"canonical\" href=\"https:\/\/wicam.com\/pl\/cadcam-oprogramowanie\/pncloud\/polaczenie-erp\/\" \/>\n<meta property=\"og:locale\" content=\"pl_PL\" \/>\n<meta property=\"og:type\" content=\"article\" \/>\n<meta property=\"og:title\" content=\"CAD\/CAM Oprogramowanie - CAD\/CAM Online - PNCloud - Po\u0142\u0105czenie ERP - WiCAM\" \/>\n<meta property=\"og:description\" content=\"Korzystaj z funkcji naszych narz\u0119dzi online bezpo\u015brednio w swoim systemie ERP. Ustandaryzowany interfejs API dostarcza Pa\u0144stwa systemowi PPS\/ERP lub MES &quot;know-how&quot; z blachy w dowolnym momencie, aby stworzy\u0107 &quot;cent&quot;, &quot;gram&quot; i &quot;drugi&quot; dok\u0142adn\u0105 wycen\u0119, wst\u0119pne planowanie i informacje o produkcji.\" \/>\n<meta property=\"og:url\" content=\"https:\/\/wicam.com\/pl\/cadcam-oprogramowanie\/pncloud\/polaczenie-erp\/\" \/>\n<meta property=\"og:site_name\" content=\"WiCAM\" \/>\n<meta property=\"article:modified_time\" content=\"2021-02-19T09:04:46+00:00\" \/>\n<meta property=\"og:image\" content=\"https:\/\/wicam.com\/wp-content\/uploads\/2019\/11\/software-cadcamautomation2-300x211.jpg\" \/>\n<meta name=\"twitter:card\" content=\"summary_large_image\" \/>\n<meta name=\"twitter:label1\" content=\"Szacowany czas czytania\" \/>\n\t<meta name=\"twitter:data1\" content=\"1 minuta\" \/>\n<script type=\"application\/ld+json\" class=\"yoast-schema-graph\">{\"@context\":\"https:\/\/schema.org\",\"@graph\":[{\"@type\":\"WebPage\",\"@id\":\"https:\/\/wicam.com\/pl\/cadcam-oprogramowanie\/pncloud\/polaczenie-erp\/\",\"url\":\"https:\/\/wicam.com\/pl\/cadcam-oprogramowanie\/pncloud\/polaczenie-erp\/\",\"name\":\"CAD\/CAM Oprogramowanie - CAD\/CAM Online - PNCloud - Po\u0142\u0105czenie ERP - WiCAM\",\"isPartOf\":{\"@id\":\"https:\/\/wicam.com\/pl\/#website\"},\"primaryImageOfPage\":{\"@id\":\"https:\/\/wicam.com\/pl\/cadcam-oprogramowanie\/pncloud\/polaczenie-erp\/#primaryimage\"},\"image\":{\"@id\":\"https:\/\/wicam.com\/pl\/cadcam-oprogramowanie\/pncloud\/polaczenie-erp\/#primaryimage\"},\"thumbnailUrl\":\"https:\/\/wicam.com\/wp-content\/uploads\/2019\/11\/software-cadcamautomation2-300x211.jpg\",\"datePublished\":\"2020-03-27T12:48:09+00:00\",\"dateModified\":\"2021-02-19T09:04:46+00:00\",\"description\":\"Korzystaj z funkcji naszych narz\u0119dzi online bezpo\u015brednio w swoim systemie ERP. Ustandaryzowany interfejs API dostarcza Pa\u0144stwa systemowi PPS\/ERP lub MES \\\"know-how\\\" z blachy w dowolnym momencie, aby stworzy\u0107 \\\"cent\\\", \\\"gram\\\" i \\\"drugi\\\" dok\u0142adn\u0105 wycen\u0119, wst\u0119pne planowanie i informacje o produkcji.\",\"breadcrumb\":{\"@id\":\"https:\/\/wicam.com\/pl\/cadcam-oprogramowanie\/pncloud\/polaczenie-erp\/#breadcrumb\"},\"inLanguage\":\"pl-PL\",\"potentialAction\":[{\"@type\":\"ReadAction\",\"target\":[\"https:\/\/wicam.com\/pl\/cadcam-oprogramowanie\/pncloud\/polaczenie-erp\/\"]}]},{\"@type\":\"ImageObject\",\"inLanguage\":\"pl-PL\",\"@id\":\"https:\/\/wicam.com\/pl\/cadcam-oprogramowanie\/pncloud\/polaczenie-erp\/#primaryimage\",\"url\":\"https:\/\/wicam.com\/wp-content\/uploads\/2019\/11\/software-cadcamautomation2-300x211.jpg\",\"contentUrl\":\"https:\/\/wicam.com\/wp-content\/uploads\/2019\/11\/software-cadcamautomation2-300x211.jpg\"},{\"@type\":\"BreadcrumbList\",\"@id\":\"https:\/\/wicam.com\/pl\/cadcam-oprogramowanie\/pncloud\/polaczenie-erp\/#breadcrumb\",\"itemListElement\":[{\"@type\":\"ListItem\",\"position\":1,\"name\":\"Startseite\",\"item\":\"https:\/\/wicam.com\/pl\/\"},{\"@type\":\"ListItem\",\"position\":2,\"name\":\"Oprogramowanie\",\"item\":\"https:\/\/wicam.com\/pl\/cadcam-oprogramowanie\/\"},{\"@type\":\"ListItem\",\"position\":3,\"name\":\"CAD\/CAM Cloud\",\"item\":\"https:\/\/wicam.com\/pl\/cadcam-oprogramowanie\/pncloud\/\"},{\"@type\":\"ListItem\",\"position\":4,\"name\":\"Po\u0142\u0105czenie ERP\"}]},{\"@type\":\"WebSite\",\"@id\":\"https:\/\/wicam.com\/pl\/#website\",\"url\":\"https:\/\/wicam.com\/pl\/\",\"name\":\"WiCAM\",\"description\":\"Technische Software\",\"potentialAction\":[{\"@type\":\"SearchAction\",\"target\":{\"@type\":\"EntryPoint\",\"urlTemplate\":\"https:\/\/wicam.com\/pl\/?s={search_term_string}\"},\"query-input\":{\"@type\":\"PropertyValueSpecification\",\"valueRequired\":true,\"valueName\":\"search_term_string\"}}],\"inLanguage\":\"pl-PL\"}]}<\/script>\n<!-- \/ Yoast SEO plugin. -->","yoast_head_json":{"title":"CAD\/CAM Oprogramowanie - CAD\/CAM Online - PNCloud - Po\u0142\u0105czenie ERP - WiCAM","description":"Korzystaj z funkcji naszych narz\u0119dzi online bezpo\u015brednio w swoim systemie ERP. Ustandaryzowany interfejs API dostarcza Pa\u0144stwa systemowi PPS\/ERP lub MES \"know-how\" z blachy w dowolnym momencie, aby stworzy\u0107 \"cent\", \"gram\" i \"drugi\" dok\u0142adn\u0105 wycen\u0119, wst\u0119pne planowanie i informacje o produkcji.","robots":{"index":"index","follow":"follow","max-snippet":"max-snippet:-1","max-image-preview":"max-image-preview:large","max-video-preview":"max-video-preview:-1"},"canonical":"https:\/\/wicam.com\/pl\/cadcam-oprogramowanie\/pncloud\/polaczenie-erp\/","og_locale":"pl_PL","og_type":"article","og_title":"CAD\/CAM Oprogramowanie - CAD\/CAM Online - PNCloud - Po\u0142\u0105czenie ERP - WiCAM","og_description":"Korzystaj z funkcji naszych narz\u0119dzi online bezpo\u015brednio w swoim systemie ERP. Ustandaryzowany interfejs API dostarcza Pa\u0144stwa systemowi PPS\/ERP lub MES \"know-how\" z blachy w dowolnym momencie, aby stworzy\u0107 \"cent\", \"gram\" i \"drugi\" dok\u0142adn\u0105 wycen\u0119, wst\u0119pne planowanie i informacje o produkcji.","og_url":"https:\/\/wicam.com\/pl\/cadcam-oprogramowanie\/pncloud\/polaczenie-erp\/","og_site_name":"WiCAM","article_modified_time":"2021-02-19T09:04:46+00:00","og_image":[{"url":"https:\/\/wicam.com\/wp-content\/uploads\/2019\/11\/software-cadcamautomation2-300x211.jpg","type":"","width":"","height":""}],"twitter_card":"summary_large_image","twitter_misc":{"Szacowany czas czytania":"1 minuta"},"schema":{"@context":"https:\/\/schema.org","@graph":[{"@type":"WebPage","@id":"https:\/\/wicam.com\/pl\/cadcam-oprogramowanie\/pncloud\/polaczenie-erp\/","url":"https:\/\/wicam.com\/pl\/cadcam-oprogramowanie\/pncloud\/polaczenie-erp\/","name":"CAD\/CAM Oprogramowanie - CAD\/CAM Online - PNCloud - Po\u0142\u0105czenie ERP - WiCAM","isPartOf":{"@id":"https:\/\/wicam.com\/pl\/#website"},"primaryImageOfPage":{"@id":"https:\/\/wicam.com\/pl\/cadcam-oprogramowanie\/pncloud\/polaczenie-erp\/#primaryimage"},"image":{"@id":"https:\/\/wicam.com\/pl\/cadcam-oprogramowanie\/pncloud\/polaczenie-erp\/#primaryimage"},"thumbnailUrl":"https:\/\/wicam.com\/wp-content\/uploads\/2019\/11\/software-cadcamautomation2-300x211.jpg","datePublished":"2020-03-27T12:48:09+00:00","dateModified":"2021-02-19T09:04:46+00:00","description":"Korzystaj z funkcji naszych narz\u0119dzi online bezpo\u015brednio w swoim systemie ERP. Ustandaryzowany interfejs API dostarcza Pa\u0144stwa systemowi PPS\/ERP lub MES \"know-how\" z blachy w dowolnym momencie, aby stworzy\u0107 \"cent\", \"gram\" i \"drugi\" dok\u0142adn\u0105 wycen\u0119, wst\u0119pne planowanie i informacje o produkcji.","breadcrumb":{"@id":"https:\/\/wicam.com\/pl\/cadcam-oprogramowanie\/pncloud\/polaczenie-erp\/#breadcrumb"},"inLanguage":"pl-PL","potentialAction":[{"@type":"ReadAction","target":["https:\/\/wicam.com\/pl\/cadcam-oprogramowanie\/pncloud\/polaczenie-erp\/"]}]},{"@type":"ImageObject","inLanguage":"pl-PL","@id":"https:\/\/wicam.com\/pl\/cadcam-oprogramowanie\/pncloud\/polaczenie-erp\/#primaryimage","url":"https:\/\/wicam.com\/wp-content\/uploads\/2019\/11\/software-cadcamautomation2-300x211.jpg","contentUrl":"https:\/\/wicam.com\/wp-content\/uploads\/2019\/11\/software-cadcamautomation2-300x211.jpg"},{"@type":"BreadcrumbList","@id":"https:\/\/wicam.com\/pl\/cadcam-oprogramowanie\/pncloud\/polaczenie-erp\/#breadcrumb","itemListElement":[{"@type":"ListItem","position":1,"name":"Startseite","item":"https:\/\/wicam.com\/pl\/"},{"@type":"ListItem","position":2,"name":"Oprogramowanie","item":"https:\/\/wicam.com\/pl\/cadcam-oprogramowanie\/"},{"@type":"ListItem","position":3,"name":"CAD\/CAM Cloud","item":"https:\/\/wicam.com\/pl\/cadcam-oprogramowanie\/pncloud\/"},{"@type":"ListItem","position":4,"name":"Po\u0142\u0105czenie ERP"}]},{"@type":"WebSite","@id":"https:\/\/wicam.com\/pl\/#website","url":"https:\/\/wicam.com\/pl\/","name":"WiCAM","description":"Technische Software","potentialAction":[{"@type":"SearchAction","target":{"@type":"EntryPoint","urlTemplate":"https:\/\/wicam.com\/pl\/?s={search_term_string}"},"query-input":{"@type":"PropertyValueSpecification","valueRequired":true,"valueName":"search_term_string"}}],"inLanguage":"pl-PL"}]}},"_links":{"self":[{"href":"https:\/\/wicam.com\/pl\/wp-json\/wp\/v2\/pages\/14825","targetHints":{"allow":["GET"]}}],"collection":[{"href":"https:\/\/wicam.com\/pl\/wp-json\/wp\/v2\/pages"}],"about":[{"href":"https:\/\/wicam.com\/pl\/wp-json\/wp\/v2\/types\/page"}],"author":[{"embeddable":true,"href":"https:\/\/wicam.com\/pl\/wp-json\/wp\/v2\/users\/1"}],"replies":[{"embeddable":true,"href":"https:\/\/wicam.com\/pl\/wp-json\/wp\/v2\/comments?post=14825"}],"version-history":[{"count":0,"href":"https:\/\/wicam.com\/pl\/wp-json\/wp\/v2\/pages\/14825\/revisions"}],"up":[{"embeddable":true,"href":"https:\/\/wicam.com\/pl\/wp-json\/wp\/v2\/pages\/8054"}],"wp:attachment":[{"href":"https:\/\/wicam.com\/pl\/wp-json\/wp\/v2\/media?parent=14825"}],"curies":[{"name":"wp","href":"https:\/\/api.w.org\/{rel}","templated":true}]}}