{"id":14826,"date":"2020-03-27T13:48:06","date_gmt":"2020-03-27T12:48:06","guid":{"rendered":"http:\/\/wicam.wiegandt-server.de\/?page_id=14826"},"modified":"2020-09-20T15:27:32","modified_gmt":"2020-09-20T13:27:32","slug":"klient-sieciowy","status":"publish","type":"page","link":"https:\/\/wicam.com\/pl\/cadcam-oprogramowanie\/pncloud\/klient-sieciowy\/","title":{"rendered":"Klient sieciowy"},"content":{"rendered":"<h2>Klient sieciowy<\/h2>\n<p><img loading=\"lazy\" decoding=\"async\" class=\"alignright wp-image-15081\" src=\"http:\/\/wicam.com\/wp-content\/uploads\/2020\/04\/client-300x211.jpg\" alt=\"\" width=\"325\" height=\"228\" srcset=\"https:\/\/wicam.com\/wp-content\/uploads\/2020\/04\/client-300x211.jpg 300w, https:\/\/wicam.com\/wp-content\/uploads\/2020\/04\/client-768x540.jpg 768w, https:\/\/wicam.com\/wp-content\/uploads\/2020\/04\/client.jpg 1000w\" sizes=\"auto, (max-width: 325px) 100vw, 325px\" \/>Dzi\u0119ki klientowi webowemu masz wszystkie wa\u017cne funkcje systemu programowania w dowolnym momencie i bardzo \u0142atw\u0105 obs\u0142ug\u0119 online na dowolnym urz\u0105dzeniu. Niezale\u017cnie od tego, czy jest to STEP, SAT, czy te\u017c oryginalne pliki Inventor\u00ae, SolidWorks\u00ae, Catia\u00ae i dziesi\u0105tki innych system\u00f3w CAD 3D &#8211; demonta\u017c i rozk\u0142adanie wszystkich rodzaj\u00f3w cz\u0119\u015bci i zespo\u0142\u00f3w 3D trwa kilka sekund.<\/p>\n<p>Zgodnie z Twoj\u0105 specyfikacj\u0105, kalkulacja natychmiast oblicza centymetrow\u0105 dok\u0142adn\u0105 cen\u0119 dla Twojej oferty. Konwerter CAD zamienia nawet egzotycznie rzadkie formaty plik\u00f3w w daj\u0105ce si\u0119 obliczy\u0107 i daj\u0105ce si\u0119 wyprodukowa\u0107 bazy produkcyjne.<\/p>\n<p>Konwerter NC odczytuje istniej\u0105ce teksty CNC i przekszta\u0142ca je w czytelne pliki dla dowolnych modeli i maszyn innych producent\u00f3w. Proste komponenty mog\u0105 by\u0107 rysowane bezpo\u015brednio parametrycznie do oblicze\u0144 i produkcji.<\/p>\n<h4><img loading=\"lazy\" decoding=\"async\" class=\"alignright wp-image-15094\" src=\"http:\/\/wicam.com\/wp-content\/uploads\/2020\/04\/client-unfold-300x240.jpg\" alt=\"\" width=\"325\" height=\"260\" srcset=\"https:\/\/wicam.com\/wp-content\/uploads\/2020\/04\/client-unfold-300x240.jpg 300w, https:\/\/wicam.com\/wp-content\/uploads\/2020\/04\/client-unfold-768x615.jpg 768w, https:\/\/wicam.com\/wp-content\/uploads\/2020\/04\/client-unfold.jpg 1000w\" sizes=\"auto, (max-width: 325px) 100vw, 325px\" \/>Mo\u017cliwo\u015bci<\/h4>\n<ul>\n<li>Rozk\u0142adanie plik\u00f3w 3D<\/li>\n<li>Rozk\u0142adanie i demonta\u017c podzespo\u0142\u00f3w<\/li>\n<li>Obliczanie poszczeg\u00f3lnych cz\u0119\u015bci<\/li>\n<li>Obliczanie zespo\u0142\u00f3w<\/li>\n<li>Konwersja plik\u00f3w CAD do innych format\u00f3w<\/li>\n<li>Konwersja program\u00f3w NC<\/li>\n<li>Tw\u00f3rz cz\u0119\u015bci samodzielnie<\/li>\n<\/ul>\n<h4>Kto korzysta z Web-Clienta?<\/h4>\n<ul>\n<li>Zakupy<\/li>\n<li>Sprzeda\u017c<\/li>\n<li>Przygotowanie do pracy<\/li>\n<li>Biura projektowe<\/li>\n<\/ul>\n","protected":false},"excerpt":{"rendered":"<p>Klient sieciowy Dzi\u0119ki klientowi webowemu masz wszystkie wa\u017cne funkcje systemu programowania w dowolnym momencie i bardzo \u0142atw\u0105 obs\u0142ug\u0119 online na dowolnym urz\u0105dzeniu. Niezale\u017cnie od tego, czy jest to STEP, SAT, czy te\u017c oryginalne pliki Inventor\u00ae, SolidWorks\u00ae, Catia\u00ae i dziesi\u0105tki innych system\u00f3w CAD 3D &#8211; demonta\u017c i rozk\u0142adanie wszystkich rodzaj\u00f3w cz\u0119\u015bci i zespo\u0142\u00f3w 3D trwa kilka [&hellip;]<\/p>\n","protected":false},"author":1,"featured_media":0,"parent":8054,"menu_order":0,"comment_status":"closed","ping_status":"closed","template":"page-software-single.php","meta":{"_acf_changed":false,"footnotes":""},"class_list":["post-14826","page","type-page","status-publish","hentry"],"acf":[],"yoast_head":"<!-- This site is optimized with the Yoast SEO plugin v27.4 - https:\/\/yoast.com\/product\/yoast-seo-wordpress\/ -->\n<title>CAD\/CAM Oprogramowanie - CAD\/CAM Online - PNCloud - Klient sieciowy - WiCAM<\/title>\n<meta name=\"description\" content=\"Dzi\u0119ki klientowi webowemu masz wszystkie wa\u017cne funkcje systemu programowania w dowolnym momencie i bardzo \u0142atw\u0105 obs\u0142ug\u0119 online na dowolnym urz\u0105dzeniu. Niezale\u017cnie od tego, czy jest to STEP, SAT, czy te\u017c oryginalne pliki Inventor\u00ae, SolidWorks\u00ae, Catia\u00ae i dziesi\u0105tki innych system\u00f3w CAD 3D - demonta\u017c i rozk\u0142adanie wszystkich rodzaj\u00f3w cz\u0119\u015bci i zespo\u0142\u00f3w 3D trwa kilka sekund.\" \/>\n<meta name=\"robots\" content=\"index, follow, max-snippet:-1, max-image-preview:large, max-video-preview:-1\" \/>\n<link rel=\"canonical\" href=\"https:\/\/wicam.com\/pl\/cadcam-oprogramowanie\/pncloud\/klient-sieciowy\/\" \/>\n<meta property=\"og:locale\" content=\"pl_PL\" \/>\n<meta property=\"og:type\" content=\"article\" \/>\n<meta property=\"og:title\" content=\"CAD\/CAM Oprogramowanie - CAD\/CAM Online - PNCloud - Klient sieciowy - WiCAM\" \/>\n<meta property=\"og:description\" content=\"Dzi\u0119ki klientowi webowemu masz wszystkie wa\u017cne funkcje systemu programowania w dowolnym momencie i bardzo \u0142atw\u0105 obs\u0142ug\u0119 online na dowolnym urz\u0105dzeniu. Niezale\u017cnie od tego, czy jest to STEP, SAT, czy te\u017c oryginalne pliki Inventor\u00ae, SolidWorks\u00ae, Catia\u00ae i dziesi\u0105tki innych system\u00f3w CAD 3D - demonta\u017c i rozk\u0142adanie wszystkich rodzaj\u00f3w cz\u0119\u015bci i zespo\u0142\u00f3w 3D trwa kilka sekund.\" \/>\n<meta property=\"og:url\" content=\"https:\/\/wicam.com\/pl\/cadcam-oprogramowanie\/pncloud\/klient-sieciowy\/\" \/>\n<meta property=\"og:site_name\" content=\"WiCAM\" \/>\n<meta property=\"article:modified_time\" content=\"2020-09-20T13:27:32+00:00\" \/>\n<meta property=\"og:image\" content=\"http:\/\/wicam.com\/wp-content\/uploads\/2020\/04\/client-300x211.jpg\" \/>\n<meta name=\"twitter:card\" content=\"summary_large_image\" \/>\n<meta name=\"twitter:label1\" content=\"Szacowany czas czytania\" \/>\n\t<meta name=\"twitter:data1\" content=\"1 minuta\" \/>\n<script type=\"application\/ld+json\" class=\"yoast-schema-graph\">{\"@context\":\"https:\\\/\\\/schema.org\",\"@graph\":[{\"@type\":\"WebPage\",\"@id\":\"https:\\\/\\\/wicam.com\\\/pl\\\/cadcam-oprogramowanie\\\/pncloud\\\/klient-sieciowy\\\/\",\"url\":\"https:\\\/\\\/wicam.com\\\/pl\\\/cadcam-oprogramowanie\\\/pncloud\\\/klient-sieciowy\\\/\",\"name\":\"CAD\\\/CAM Oprogramowanie - CAD\\\/CAM Online - PNCloud - Klient sieciowy - WiCAM\",\"isPartOf\":{\"@id\":\"https:\\\/\\\/wicam.com\\\/pl\\\/#website\"},\"primaryImageOfPage\":{\"@id\":\"https:\\\/\\\/wicam.com\\\/pl\\\/cadcam-oprogramowanie\\\/pncloud\\\/klient-sieciowy\\\/#primaryimage\"},\"image\":{\"@id\":\"https:\\\/\\\/wicam.com\\\/pl\\\/cadcam-oprogramowanie\\\/pncloud\\\/klient-sieciowy\\\/#primaryimage\"},\"thumbnailUrl\":\"http:\\\/\\\/wicam.com\\\/wp-content\\\/uploads\\\/2020\\\/04\\\/client-300x211.jpg\",\"datePublished\":\"2020-03-27T12:48:06+00:00\",\"dateModified\":\"2020-09-20T13:27:32+00:00\",\"description\":\"Dzi\u0119ki klientowi webowemu masz wszystkie wa\u017cne funkcje systemu programowania w dowolnym momencie i bardzo \u0142atw\u0105 obs\u0142ug\u0119 online na dowolnym urz\u0105dzeniu. Niezale\u017cnie od tego, czy jest to STEP, SAT, czy te\u017c oryginalne pliki Inventor\u00ae, SolidWorks\u00ae, Catia\u00ae i dziesi\u0105tki innych system\u00f3w CAD 3D - demonta\u017c i rozk\u0142adanie wszystkich rodzaj\u00f3w cz\u0119\u015bci i zespo\u0142\u00f3w 3D trwa kilka sekund.\",\"breadcrumb\":{\"@id\":\"https:\\\/\\\/wicam.com\\\/pl\\\/cadcam-oprogramowanie\\\/pncloud\\\/klient-sieciowy\\\/#breadcrumb\"},\"inLanguage\":\"pl-PL\",\"potentialAction\":[{\"@type\":\"ReadAction\",\"target\":[\"https:\\\/\\\/wicam.com\\\/pl\\\/cadcam-oprogramowanie\\\/pncloud\\\/klient-sieciowy\\\/\"]}]},{\"@type\":\"ImageObject\",\"inLanguage\":\"pl-PL\",\"@id\":\"https:\\\/\\\/wicam.com\\\/pl\\\/cadcam-oprogramowanie\\\/pncloud\\\/klient-sieciowy\\\/#primaryimage\",\"url\":\"http:\\\/\\\/wicam.com\\\/wp-content\\\/uploads\\\/2020\\\/04\\\/client-300x211.jpg\",\"contentUrl\":\"http:\\\/\\\/wicam.com\\\/wp-content\\\/uploads\\\/2020\\\/04\\\/client-300x211.jpg\"},{\"@type\":\"BreadcrumbList\",\"@id\":\"https:\\\/\\\/wicam.com\\\/pl\\\/cadcam-oprogramowanie\\\/pncloud\\\/klient-sieciowy\\\/#breadcrumb\",\"itemListElement\":[{\"@type\":\"ListItem\",\"position\":1,\"name\":\"Startseite\",\"item\":\"https:\\\/\\\/wicam.com\\\/pl\\\/\"},{\"@type\":\"ListItem\",\"position\":2,\"name\":\"Oprogramowanie\",\"item\":\"https:\\\/\\\/wicam.com\\\/pl\\\/cadcam-oprogramowanie\\\/\"},{\"@type\":\"ListItem\",\"position\":3,\"name\":\"CAD\\\/CAM Cloud\",\"item\":\"https:\\\/\\\/wicam.com\\\/pl\\\/cadcam-oprogramowanie\\\/pncloud\\\/\"},{\"@type\":\"ListItem\",\"position\":4,\"name\":\"Klient sieciowy\"}]},{\"@type\":\"WebSite\",\"@id\":\"https:\\\/\\\/wicam.com\\\/pl\\\/#website\",\"url\":\"https:\\\/\\\/wicam.com\\\/pl\\\/\",\"name\":\"WiCAM\",\"description\":\"Technische Software\",\"potentialAction\":[{\"@type\":\"SearchAction\",\"target\":{\"@type\":\"EntryPoint\",\"urlTemplate\":\"https:\\\/\\\/wicam.com\\\/pl\\\/?s={search_term_string}\"},\"query-input\":{\"@type\":\"PropertyValueSpecification\",\"valueRequired\":true,\"valueName\":\"search_term_string\"}}],\"inLanguage\":\"pl-PL\"}]}<\/script>\n<!-- \/ Yoast SEO plugin. -->","yoast_head_json":{"title":"CAD\/CAM Oprogramowanie - CAD\/CAM Online - PNCloud - Klient sieciowy - WiCAM","description":"Dzi\u0119ki klientowi webowemu masz wszystkie wa\u017cne funkcje systemu programowania w dowolnym momencie i bardzo \u0142atw\u0105 obs\u0142ug\u0119 online na dowolnym urz\u0105dzeniu. Niezale\u017cnie od tego, czy jest to STEP, SAT, czy te\u017c oryginalne pliki Inventor\u00ae, SolidWorks\u00ae, Catia\u00ae i dziesi\u0105tki innych system\u00f3w CAD 3D - demonta\u017c i rozk\u0142adanie wszystkich rodzaj\u00f3w cz\u0119\u015bci i zespo\u0142\u00f3w 3D trwa kilka sekund.","robots":{"index":"index","follow":"follow","max-snippet":"max-snippet:-1","max-image-preview":"max-image-preview:large","max-video-preview":"max-video-preview:-1"},"canonical":"https:\/\/wicam.com\/pl\/cadcam-oprogramowanie\/pncloud\/klient-sieciowy\/","og_locale":"pl_PL","og_type":"article","og_title":"CAD\/CAM Oprogramowanie - CAD\/CAM Online - PNCloud - Klient sieciowy - WiCAM","og_description":"Dzi\u0119ki klientowi webowemu masz wszystkie wa\u017cne funkcje systemu programowania w dowolnym momencie i bardzo \u0142atw\u0105 obs\u0142ug\u0119 online na dowolnym urz\u0105dzeniu. Niezale\u017cnie od tego, czy jest to STEP, SAT, czy te\u017c oryginalne pliki Inventor\u00ae, SolidWorks\u00ae, Catia\u00ae i dziesi\u0105tki innych system\u00f3w CAD 3D - demonta\u017c i rozk\u0142adanie wszystkich rodzaj\u00f3w cz\u0119\u015bci i zespo\u0142\u00f3w 3D trwa kilka sekund.","og_url":"https:\/\/wicam.com\/pl\/cadcam-oprogramowanie\/pncloud\/klient-sieciowy\/","og_site_name":"WiCAM","article_modified_time":"2020-09-20T13:27:32+00:00","og_image":[{"url":"http:\/\/wicam.com\/wp-content\/uploads\/2020\/04\/client-300x211.jpg","type":"","width":"","height":""}],"twitter_card":"summary_large_image","twitter_misc":{"Szacowany czas czytania":"1 minuta"},"schema":{"@context":"https:\/\/schema.org","@graph":[{"@type":"WebPage","@id":"https:\/\/wicam.com\/pl\/cadcam-oprogramowanie\/pncloud\/klient-sieciowy\/","url":"https:\/\/wicam.com\/pl\/cadcam-oprogramowanie\/pncloud\/klient-sieciowy\/","name":"CAD\/CAM Oprogramowanie - CAD\/CAM Online - PNCloud - Klient sieciowy - WiCAM","isPartOf":{"@id":"https:\/\/wicam.com\/pl\/#website"},"primaryImageOfPage":{"@id":"https:\/\/wicam.com\/pl\/cadcam-oprogramowanie\/pncloud\/klient-sieciowy\/#primaryimage"},"image":{"@id":"https:\/\/wicam.com\/pl\/cadcam-oprogramowanie\/pncloud\/klient-sieciowy\/#primaryimage"},"thumbnailUrl":"http:\/\/wicam.com\/wp-content\/uploads\/2020\/04\/client-300x211.jpg","datePublished":"2020-03-27T12:48:06+00:00","dateModified":"2020-09-20T13:27:32+00:00","description":"Dzi\u0119ki klientowi webowemu masz wszystkie wa\u017cne funkcje systemu programowania w dowolnym momencie i bardzo \u0142atw\u0105 obs\u0142ug\u0119 online na dowolnym urz\u0105dzeniu. Niezale\u017cnie od tego, czy jest to STEP, SAT, czy te\u017c oryginalne pliki Inventor\u00ae, SolidWorks\u00ae, Catia\u00ae i dziesi\u0105tki innych system\u00f3w CAD 3D - demonta\u017c i rozk\u0142adanie wszystkich rodzaj\u00f3w cz\u0119\u015bci i zespo\u0142\u00f3w 3D trwa kilka sekund.","breadcrumb":{"@id":"https:\/\/wicam.com\/pl\/cadcam-oprogramowanie\/pncloud\/klient-sieciowy\/#breadcrumb"},"inLanguage":"pl-PL","potentialAction":[{"@type":"ReadAction","target":["https:\/\/wicam.com\/pl\/cadcam-oprogramowanie\/pncloud\/klient-sieciowy\/"]}]},{"@type":"ImageObject","inLanguage":"pl-PL","@id":"https:\/\/wicam.com\/pl\/cadcam-oprogramowanie\/pncloud\/klient-sieciowy\/#primaryimage","url":"http:\/\/wicam.com\/wp-content\/uploads\/2020\/04\/client-300x211.jpg","contentUrl":"http:\/\/wicam.com\/wp-content\/uploads\/2020\/04\/client-300x211.jpg"},{"@type":"BreadcrumbList","@id":"https:\/\/wicam.com\/pl\/cadcam-oprogramowanie\/pncloud\/klient-sieciowy\/#breadcrumb","itemListElement":[{"@type":"ListItem","position":1,"name":"Startseite","item":"https:\/\/wicam.com\/pl\/"},{"@type":"ListItem","position":2,"name":"Oprogramowanie","item":"https:\/\/wicam.com\/pl\/cadcam-oprogramowanie\/"},{"@type":"ListItem","position":3,"name":"CAD\/CAM Cloud","item":"https:\/\/wicam.com\/pl\/cadcam-oprogramowanie\/pncloud\/"},{"@type":"ListItem","position":4,"name":"Klient sieciowy"}]},{"@type":"WebSite","@id":"https:\/\/wicam.com\/pl\/#website","url":"https:\/\/wicam.com\/pl\/","name":"WiCAM","description":"Technische Software","potentialAction":[{"@type":"SearchAction","target":{"@type":"EntryPoint","urlTemplate":"https:\/\/wicam.com\/pl\/?s={search_term_string}"},"query-input":{"@type":"PropertyValueSpecification","valueRequired":true,"valueName":"search_term_string"}}],"inLanguage":"pl-PL"}]}},"_links":{"self":[{"href":"https:\/\/wicam.com\/pl\/wp-json\/wp\/v2\/pages\/14826","targetHints":{"allow":["GET"]}}],"collection":[{"href":"https:\/\/wicam.com\/pl\/wp-json\/wp\/v2\/pages"}],"about":[{"href":"https:\/\/wicam.com\/pl\/wp-json\/wp\/v2\/types\/page"}],"author":[{"embeddable":true,"href":"https:\/\/wicam.com\/pl\/wp-json\/wp\/v2\/users\/1"}],"replies":[{"embeddable":true,"href":"https:\/\/wicam.com\/pl\/wp-json\/wp\/v2\/comments?post=14826"}],"version-history":[{"count":0,"href":"https:\/\/wicam.com\/pl\/wp-json\/wp\/v2\/pages\/14826\/revisions"}],"up":[{"embeddable":true,"href":"https:\/\/wicam.com\/pl\/wp-json\/wp\/v2\/pages\/8054"}],"wp:attachment":[{"href":"https:\/\/wicam.com\/pl\/wp-json\/wp\/v2\/media?parent=14826"}],"curies":[{"name":"wp","href":"https:\/\/api.w.org\/{rel}","templated":true}]}}