{"id":14827,"date":"2020-03-27T13:48:04","date_gmt":"2020-03-27T12:48:04","guid":{"rendered":"http:\/\/wicam.wiegandt-server.de\/?page_id=14827"},"modified":"2021-03-29T09:25:35","modified_gmt":"2021-03-29T07:25:35","slug":"sklep-internetowy","status":"publish","type":"page","link":"https:\/\/wicam.com\/pl\/cadcam-oprogramowanie\/pncloud\/sklep-internetowy\/","title":{"rendered":"Sklep internetowy"},"content":{"rendered":"<h2>Sklep internetowy<\/h2>\n<p><img loading=\"lazy\" decoding=\"async\" class=\"alignright wp-image-15103\" src=\"http:\/\/wicam.com\/wp-content\/uploads\/2020\/04\/webshop-300x211.jpg\" alt=\"\" width=\"325\" height=\"228\" srcset=\"https:\/\/wicam.com\/wp-content\/uploads\/2020\/04\/webshop-300x211.jpg 300w, https:\/\/wicam.com\/wp-content\/uploads\/2020\/04\/webshop-768x540.jpg 768w, https:\/\/wicam.com\/wp-content\/uploads\/2020\/04\/webshop.jpg 1000w\" sizes=\"auto, (max-width: 325px) 100vw, 325px\" \/>Nasze rozwi\u0105zania od lat stanowi\u0105 integraln\u0105 cz\u0119\u015b\u0107 element\u00f3w z blachy &#8211; sklep\u00f3w internetowych na ca\u0142ym \u015bwiecie. Skorzystaj z naszego cyfrowego know-how w zakresie ofertowania i zarz\u0105dzania zleceniami, aby optymalnie wykorzysta\u0107 Twoje maszyny online.<\/p>\n<p>Kontroluj przychodz\u0105ce zam\u00f3wienia, obroty i zyski urz\u0105dze\u0144 produkcyjnych zgodnie z priorytetami i parametrami przy minimalnym wysi\u0142ku.<\/p>\n<p>Opr\u00f3cz rozwi\u0105za\u0144 dla &#8222;ma\u0142ych&#8221; sklep\u00f3w internetowych z rysunkami CAD, importem i obr\u00f3bk\u0105 monta\u017cu 3D, maj\u0105 Pa\u0144stwo mo\u017cliwo\u015b\u0107 zaoferowania, przyj\u0119cia lub przekazania dowolnej wielko\u015bci produkcji w ci\u0105gu kilku sekund poprzez bezpo\u015brednie interfejsy do g\u0142\u00f3wnych klient\u00f3w i konkurencji.<\/p>\n<h4 style=\"text-align: left;\">Mo\u017cliwo\u015bci<\/h4>\n<ul>\n<li>DXF \/ Import CAD<\/li>\n<li>3D Rozk\u0142ada si\u0119<\/li>\n<li>Rozk\u0142adanie podzespo\u0142\u00f3w<\/li>\n<li>Indywidualna kalkulacja oferty<\/li>\n<\/ul>\n","protected":false},"excerpt":{"rendered":"<p>Sklep internetowy Nasze rozwi\u0105zania od lat stanowi\u0105 integraln\u0105 cz\u0119\u015b\u0107 element\u00f3w z blachy &#8211; sklep\u00f3w internetowych na ca\u0142ym \u015bwiecie. Skorzystaj z naszego cyfrowego know-how w zakresie ofertowania i zarz\u0105dzania zleceniami, aby optymalnie wykorzysta\u0107 Twoje maszyny online. Kontroluj przychodz\u0105ce zam\u00f3wienia, obroty i zyski urz\u0105dze\u0144 produkcyjnych zgodnie z priorytetami i parametrami przy minimalnym wysi\u0142ku. Opr\u00f3cz rozwi\u0105za\u0144 dla &#8222;ma\u0142ych&#8221; [&hellip;]<\/p>\n","protected":false},"author":1,"featured_media":0,"parent":8054,"menu_order":0,"comment_status":"closed","ping_status":"closed","template":"page-software-single.php","meta":{"_acf_changed":false,"footnotes":""},"class_list":["post-14827","page","type-page","status-publish","hentry"],"acf":[],"yoast_head":"<!-- This site is optimized with the Yoast SEO plugin v27.4 - https:\/\/yoast.com\/product\/yoast-seo-wordpress\/ -->\n<title>CAD\/CAM Oprogramowanie - CAD\/CAM Online - PNCloud - Sklep internetowy - WiCAM<\/title>\n<meta name=\"description\" content=\"Nasze rozwi\u0105zania od lat stanowi\u0105 integraln\u0105 cz\u0119\u015b\u0107 element\u00f3w z blachy - sklep\u00f3w internetowych na ca\u0142ym \u015bwiecie. Skorzystaj z naszego cyfrowego know-how w zakresie ofertowania i zarz\u0105dzania zleceniami, aby optymalnie wykorzysta\u0107 Twoje maszyny online.\" \/>\n<meta name=\"robots\" content=\"index, follow, max-snippet:-1, max-image-preview:large, max-video-preview:-1\" \/>\n<link rel=\"canonical\" href=\"https:\/\/wicam.com\/pl\/cadcam-oprogramowanie\/pncloud\/sklep-internetowy\/\" \/>\n<meta property=\"og:locale\" content=\"pl_PL\" \/>\n<meta property=\"og:type\" content=\"article\" \/>\n<meta property=\"og:title\" content=\"CAD\/CAM Oprogramowanie - CAD\/CAM Online - PNCloud - Sklep internetowy - WiCAM\" \/>\n<meta property=\"og:description\" content=\"Nasze rozwi\u0105zania od lat stanowi\u0105 integraln\u0105 cz\u0119\u015b\u0107 element\u00f3w z blachy - sklep\u00f3w internetowych na ca\u0142ym \u015bwiecie. Skorzystaj z naszego cyfrowego know-how w zakresie ofertowania i zarz\u0105dzania zleceniami, aby optymalnie wykorzysta\u0107 Twoje maszyny online.\" \/>\n<meta property=\"og:url\" content=\"https:\/\/wicam.com\/pl\/cadcam-oprogramowanie\/pncloud\/sklep-internetowy\/\" \/>\n<meta property=\"og:site_name\" content=\"WiCAM\" \/>\n<meta property=\"article:modified_time\" content=\"2021-03-29T07:25:35+00:00\" \/>\n<meta property=\"og:image\" content=\"http:\/\/wicam.com\/wp-content\/uploads\/2020\/04\/webshop-300x211.jpg\" \/>\n<meta name=\"twitter:card\" content=\"summary_large_image\" \/>\n<meta name=\"twitter:label1\" content=\"Szacowany czas czytania\" \/>\n\t<meta name=\"twitter:data1\" content=\"1 minuta\" \/>\n<script type=\"application\/ld+json\" class=\"yoast-schema-graph\">{\"@context\":\"https:\\\/\\\/schema.org\",\"@graph\":[{\"@type\":\"WebPage\",\"@id\":\"https:\\\/\\\/wicam.com\\\/pl\\\/cadcam-oprogramowanie\\\/pncloud\\\/sklep-internetowy\\\/\",\"url\":\"https:\\\/\\\/wicam.com\\\/pl\\\/cadcam-oprogramowanie\\\/pncloud\\\/sklep-internetowy\\\/\",\"name\":\"CAD\\\/CAM Oprogramowanie - CAD\\\/CAM Online - PNCloud - Sklep internetowy - WiCAM\",\"isPartOf\":{\"@id\":\"https:\\\/\\\/wicam.com\\\/pl\\\/#website\"},\"primaryImageOfPage\":{\"@id\":\"https:\\\/\\\/wicam.com\\\/pl\\\/cadcam-oprogramowanie\\\/pncloud\\\/sklep-internetowy\\\/#primaryimage\"},\"image\":{\"@id\":\"https:\\\/\\\/wicam.com\\\/pl\\\/cadcam-oprogramowanie\\\/pncloud\\\/sklep-internetowy\\\/#primaryimage\"},\"thumbnailUrl\":\"http:\\\/\\\/wicam.com\\\/wp-content\\\/uploads\\\/2020\\\/04\\\/webshop-300x211.jpg\",\"datePublished\":\"2020-03-27T12:48:04+00:00\",\"dateModified\":\"2021-03-29T07:25:35+00:00\",\"description\":\"Nasze rozwi\u0105zania od lat stanowi\u0105 integraln\u0105 cz\u0119\u015b\u0107 element\u00f3w z blachy - sklep\u00f3w internetowych na ca\u0142ym \u015bwiecie. Skorzystaj z naszego cyfrowego know-how w zakresie ofertowania i zarz\u0105dzania zleceniami, aby optymalnie wykorzysta\u0107 Twoje maszyny online.\",\"breadcrumb\":{\"@id\":\"https:\\\/\\\/wicam.com\\\/pl\\\/cadcam-oprogramowanie\\\/pncloud\\\/sklep-internetowy\\\/#breadcrumb\"},\"inLanguage\":\"pl-PL\",\"potentialAction\":[{\"@type\":\"ReadAction\",\"target\":[\"https:\\\/\\\/wicam.com\\\/pl\\\/cadcam-oprogramowanie\\\/pncloud\\\/sklep-internetowy\\\/\"]}]},{\"@type\":\"ImageObject\",\"inLanguage\":\"pl-PL\",\"@id\":\"https:\\\/\\\/wicam.com\\\/pl\\\/cadcam-oprogramowanie\\\/pncloud\\\/sklep-internetowy\\\/#primaryimage\",\"url\":\"http:\\\/\\\/wicam.com\\\/wp-content\\\/uploads\\\/2020\\\/04\\\/webshop-300x211.jpg\",\"contentUrl\":\"http:\\\/\\\/wicam.com\\\/wp-content\\\/uploads\\\/2020\\\/04\\\/webshop-300x211.jpg\"},{\"@type\":\"BreadcrumbList\",\"@id\":\"https:\\\/\\\/wicam.com\\\/pl\\\/cadcam-oprogramowanie\\\/pncloud\\\/sklep-internetowy\\\/#breadcrumb\",\"itemListElement\":[{\"@type\":\"ListItem\",\"position\":1,\"name\":\"Startseite\",\"item\":\"https:\\\/\\\/wicam.com\\\/pl\\\/\"},{\"@type\":\"ListItem\",\"position\":2,\"name\":\"Oprogramowanie\",\"item\":\"https:\\\/\\\/wicam.com\\\/pl\\\/cadcam-oprogramowanie\\\/\"},{\"@type\":\"ListItem\",\"position\":3,\"name\":\"CAD\\\/CAM Cloud\",\"item\":\"https:\\\/\\\/wicam.com\\\/pl\\\/cadcam-oprogramowanie\\\/pncloud\\\/\"},{\"@type\":\"ListItem\",\"position\":4,\"name\":\"Sklep internetowy\"}]},{\"@type\":\"WebSite\",\"@id\":\"https:\\\/\\\/wicam.com\\\/pl\\\/#website\",\"url\":\"https:\\\/\\\/wicam.com\\\/pl\\\/\",\"name\":\"WiCAM\",\"description\":\"Technische Software\",\"potentialAction\":[{\"@type\":\"SearchAction\",\"target\":{\"@type\":\"EntryPoint\",\"urlTemplate\":\"https:\\\/\\\/wicam.com\\\/pl\\\/?s={search_term_string}\"},\"query-input\":{\"@type\":\"PropertyValueSpecification\",\"valueRequired\":true,\"valueName\":\"search_term_string\"}}],\"inLanguage\":\"pl-PL\"}]}<\/script>\n<!-- \/ Yoast SEO plugin. -->","yoast_head_json":{"title":"CAD\/CAM Oprogramowanie - CAD\/CAM Online - PNCloud - Sklep internetowy - WiCAM","description":"Nasze rozwi\u0105zania od lat stanowi\u0105 integraln\u0105 cz\u0119\u015b\u0107 element\u00f3w z blachy - sklep\u00f3w internetowych na ca\u0142ym \u015bwiecie. Skorzystaj z naszego cyfrowego know-how w zakresie ofertowania i zarz\u0105dzania zleceniami, aby optymalnie wykorzysta\u0107 Twoje maszyny online.","robots":{"index":"index","follow":"follow","max-snippet":"max-snippet:-1","max-image-preview":"max-image-preview:large","max-video-preview":"max-video-preview:-1"},"canonical":"https:\/\/wicam.com\/pl\/cadcam-oprogramowanie\/pncloud\/sklep-internetowy\/","og_locale":"pl_PL","og_type":"article","og_title":"CAD\/CAM Oprogramowanie - CAD\/CAM Online - PNCloud - Sklep internetowy - WiCAM","og_description":"Nasze rozwi\u0105zania od lat stanowi\u0105 integraln\u0105 cz\u0119\u015b\u0107 element\u00f3w z blachy - sklep\u00f3w internetowych na ca\u0142ym \u015bwiecie. Skorzystaj z naszego cyfrowego know-how w zakresie ofertowania i zarz\u0105dzania zleceniami, aby optymalnie wykorzysta\u0107 Twoje maszyny online.","og_url":"https:\/\/wicam.com\/pl\/cadcam-oprogramowanie\/pncloud\/sklep-internetowy\/","og_site_name":"WiCAM","article_modified_time":"2021-03-29T07:25:35+00:00","og_image":[{"url":"http:\/\/wicam.com\/wp-content\/uploads\/2020\/04\/webshop-300x211.jpg","type":"","width":"","height":""}],"twitter_card":"summary_large_image","twitter_misc":{"Szacowany czas czytania":"1 minuta"},"schema":{"@context":"https:\/\/schema.org","@graph":[{"@type":"WebPage","@id":"https:\/\/wicam.com\/pl\/cadcam-oprogramowanie\/pncloud\/sklep-internetowy\/","url":"https:\/\/wicam.com\/pl\/cadcam-oprogramowanie\/pncloud\/sklep-internetowy\/","name":"CAD\/CAM Oprogramowanie - CAD\/CAM Online - PNCloud - Sklep internetowy - WiCAM","isPartOf":{"@id":"https:\/\/wicam.com\/pl\/#website"},"primaryImageOfPage":{"@id":"https:\/\/wicam.com\/pl\/cadcam-oprogramowanie\/pncloud\/sklep-internetowy\/#primaryimage"},"image":{"@id":"https:\/\/wicam.com\/pl\/cadcam-oprogramowanie\/pncloud\/sklep-internetowy\/#primaryimage"},"thumbnailUrl":"http:\/\/wicam.com\/wp-content\/uploads\/2020\/04\/webshop-300x211.jpg","datePublished":"2020-03-27T12:48:04+00:00","dateModified":"2021-03-29T07:25:35+00:00","description":"Nasze rozwi\u0105zania od lat stanowi\u0105 integraln\u0105 cz\u0119\u015b\u0107 element\u00f3w z blachy - sklep\u00f3w internetowych na ca\u0142ym \u015bwiecie. Skorzystaj z naszego cyfrowego know-how w zakresie ofertowania i zarz\u0105dzania zleceniami, aby optymalnie wykorzysta\u0107 Twoje maszyny online.","breadcrumb":{"@id":"https:\/\/wicam.com\/pl\/cadcam-oprogramowanie\/pncloud\/sklep-internetowy\/#breadcrumb"},"inLanguage":"pl-PL","potentialAction":[{"@type":"ReadAction","target":["https:\/\/wicam.com\/pl\/cadcam-oprogramowanie\/pncloud\/sklep-internetowy\/"]}]},{"@type":"ImageObject","inLanguage":"pl-PL","@id":"https:\/\/wicam.com\/pl\/cadcam-oprogramowanie\/pncloud\/sklep-internetowy\/#primaryimage","url":"http:\/\/wicam.com\/wp-content\/uploads\/2020\/04\/webshop-300x211.jpg","contentUrl":"http:\/\/wicam.com\/wp-content\/uploads\/2020\/04\/webshop-300x211.jpg"},{"@type":"BreadcrumbList","@id":"https:\/\/wicam.com\/pl\/cadcam-oprogramowanie\/pncloud\/sklep-internetowy\/#breadcrumb","itemListElement":[{"@type":"ListItem","position":1,"name":"Startseite","item":"https:\/\/wicam.com\/pl\/"},{"@type":"ListItem","position":2,"name":"Oprogramowanie","item":"https:\/\/wicam.com\/pl\/cadcam-oprogramowanie\/"},{"@type":"ListItem","position":3,"name":"CAD\/CAM Cloud","item":"https:\/\/wicam.com\/pl\/cadcam-oprogramowanie\/pncloud\/"},{"@type":"ListItem","position":4,"name":"Sklep internetowy"}]},{"@type":"WebSite","@id":"https:\/\/wicam.com\/pl\/#website","url":"https:\/\/wicam.com\/pl\/","name":"WiCAM","description":"Technische Software","potentialAction":[{"@type":"SearchAction","target":{"@type":"EntryPoint","urlTemplate":"https:\/\/wicam.com\/pl\/?s={search_term_string}"},"query-input":{"@type":"PropertyValueSpecification","valueRequired":true,"valueName":"search_term_string"}}],"inLanguage":"pl-PL"}]}},"_links":{"self":[{"href":"https:\/\/wicam.com\/pl\/wp-json\/wp\/v2\/pages\/14827","targetHints":{"allow":["GET"]}}],"collection":[{"href":"https:\/\/wicam.com\/pl\/wp-json\/wp\/v2\/pages"}],"about":[{"href":"https:\/\/wicam.com\/pl\/wp-json\/wp\/v2\/types\/page"}],"author":[{"embeddable":true,"href":"https:\/\/wicam.com\/pl\/wp-json\/wp\/v2\/users\/1"}],"replies":[{"embeddable":true,"href":"https:\/\/wicam.com\/pl\/wp-json\/wp\/v2\/comments?post=14827"}],"version-history":[{"count":0,"href":"https:\/\/wicam.com\/pl\/wp-json\/wp\/v2\/pages\/14827\/revisions"}],"up":[{"embeddable":true,"href":"https:\/\/wicam.com\/pl\/wp-json\/wp\/v2\/pages\/8054"}],"wp:attachment":[{"href":"https:\/\/wicam.com\/pl\/wp-json\/wp\/v2\/media?parent=14827"}],"curies":[{"name":"wp","href":"https:\/\/api.w.org\/{rel}","templated":true}]}}