{"id":24755,"date":"2022-05-24T12:35:54","date_gmt":"2022-05-24T10:35:54","guid":{"rendered":"https:\/\/www.wicam.com\/cadcam-oprogramowanie\/pncalculate\/"},"modified":"2022-09-23T10:16:10","modified_gmt":"2022-09-23T08:16:10","slug":"pncalculate","status":"publish","type":"page","link":"https:\/\/wicam.com\/pl\/cadcam-oprogramowanie\/pncalculate\/","title":{"rendered":"Obliczenia"},"content":{"rendered":"<h2>Tw\u00f3j partner w dok\u0142adnym obliczaniu cen<\/h2>\n<p><img loading=\"lazy\" decoding=\"async\" class=\"alignright wp-image-22910\" src=\"https:\/\/www.wicam.com\/wp-content\/uploads\/2022\/03\/cloud-300x278.png\" alt=\"\" width=\"375\" height=\"348\" srcset=\"https:\/\/wicam.com\/wp-content\/uploads\/2022\/03\/cloud-300x278.png 300w, https:\/\/wicam.com\/wp-content\/uploads\/2022\/03\/cloud-768x712.png 768w, https:\/\/wicam.com\/wp-content\/uploads\/2022\/03\/cloud.png 1000w\" sizes=\"auto, (max-width: 375px) 100vw, 375px\" \/>Kalkulacja cen w sieci, rozwi\u0105zanie sklepu internetowego, konwersja format\u00f3w CAD i NC, przetwarzanie ca\u0142ych zespo\u0142\u00f3w i tworzenie geometrii. Opr\u00f3cz naszych standardowych rozwi\u0105za\u0144 dla sklep\u00f3w internetowych, mo\u017cesz \u0142atwo wykorzysta\u0107 cz\u0119\u015bci naszych rozwi\u0105za\u0144 programowych online do dok\u0142adnej kalkulacji cen poprzez interfejs API.<\/p>\n<p>Interfejs API WiCAM dostarcza Ci w ci\u0105gu kilku sekund dok\u0142adnych oblicze\u0144 wst\u0119pnych zwi\u0105zanych z maszyn\u0105 i produkcj\u0105 dla wyceny poszczeg\u00f3lnych cz\u0119\u015bci i ca\u0142ych zespo\u0142\u00f3w.<\/p>\n<p>Rozwi\u0105zanie WiCAM w chmurze jest skalowalne i mo\u017ce r\u00f3wnolegle przetwarza\u0107 dowoln\u0105 ilo\u015b\u0107 danych. Oferuje to szczeg\u00f3lnie du\u017cym operatorom platform i sklep\u00f3w internetowych decyduj\u0105c\u0105 przewag\u0119 w efektywnym obliczaniu cen.<\/p>\n<p>Dla firm takich jak Laserhub, Suplacon czy DeCromvoirtse interfejs API jest ju\u017c integraln\u0105 cz\u0119\u015bci\u0105 kalkulacji cen.<\/p>\n<p><a class=\"btn\" href=\"https:\/\/www.wicam.com\/pl\/contact\/\">Rezerwacja Demo Online<\/a><\/p>\n","protected":false},"excerpt":{"rendered":"<p>Tw\u00f3j partner w dok\u0142adnym obliczaniu cen Kalkulacja cen w sieci, rozwi\u0105zanie sklepu internetowego, konwersja format\u00f3w CAD i NC, przetwarzanie ca\u0142ych zespo\u0142\u00f3w i tworzenie geometrii. Opr\u00f3cz naszych standardowych rozwi\u0105za\u0144 dla sklep\u00f3w internetowych, mo\u017cesz \u0142atwo wykorzysta\u0107 cz\u0119\u015bci naszych rozwi\u0105za\u0144 programowych online do dok\u0142adnej kalkulacji cen poprzez interfejs API. Interfejs API WiCAM dostarcza Ci w ci\u0105gu kilku sekund [&hellip;]<\/p>\n","protected":false},"author":2,"featured_media":0,"parent":7222,"menu_order":0,"comment_status":"closed","ping_status":"closed","template":"page-software-single.php","meta":{"_acf_changed":false,"footnotes":""},"class_list":["post-24755","page","type-page","status-publish","hentry"],"acf":[],"yoast_head":"<!-- This site is optimized with the Yoast SEO plugin v27.2 - https:\/\/yoast.com\/product\/yoast-seo-wordpress\/ -->\n<title>CAD\/CAM Nesting Software - Obliczenia - PNCalculate - WiCAM<\/title>\n<meta name=\"description\" content=\"Web-based calculation, CAD and NC format conversion, unfolding, geometry creation. Use essential parts of our products online without previous knowledge. As manufacturer, you can integrate the algorithms into your own products via the API interface.\" \/>\n<meta name=\"robots\" content=\"index, follow, max-snippet:-1, max-image-preview:large, max-video-preview:-1\" \/>\n<link rel=\"canonical\" href=\"https:\/\/wicam.com\/pl\/cadcam-oprogramowanie\/pncalculate\/\" \/>\n<meta property=\"og:locale\" content=\"pl_PL\" \/>\n<meta property=\"og:type\" content=\"article\" \/>\n<meta property=\"og:title\" content=\"CAD\/CAM Nesting Software - Obliczenia - PNCalculate - WiCAM\" \/>\n<meta property=\"og:description\" content=\"Web-based calculation, CAD and NC format conversion, unfolding, geometry creation. Use essential parts of our products online without previous knowledge. As manufacturer, you can integrate the algorithms into your own products via the API interface.\" \/>\n<meta property=\"og:url\" content=\"https:\/\/wicam.com\/pl\/cadcam-oprogramowanie\/pncalculate\/\" \/>\n<meta property=\"og:site_name\" content=\"WiCAM\" \/>\n<meta property=\"article:modified_time\" content=\"2022-09-23T08:16:10+00:00\" \/>\n<meta property=\"og:image\" content=\"https:\/\/www.wicam.com\/wp-content\/uploads\/2022\/03\/cloud-300x278.png\" \/>\n<meta name=\"twitter:card\" content=\"summary_large_image\" \/>\n<meta name=\"twitter:label1\" content=\"Szacowany czas czytania\" \/>\n\t<meta name=\"twitter:data1\" content=\"1 minuta\" \/>\n<script type=\"application\/ld+json\" class=\"yoast-schema-graph\">{\"@context\":\"https:\/\/schema.org\",\"@graph\":[{\"@type\":\"WebPage\",\"@id\":\"https:\/\/wicam.com\/pl\/cadcam-oprogramowanie\/pncalculate\/\",\"url\":\"https:\/\/wicam.com\/pl\/cadcam-oprogramowanie\/pncalculate\/\",\"name\":\"CAD\/CAM Nesting Software - Obliczenia - PNCalculate - WiCAM\",\"isPartOf\":{\"@id\":\"https:\/\/wicam.com\/pl\/#website\"},\"primaryImageOfPage\":{\"@id\":\"https:\/\/wicam.com\/pl\/cadcam-oprogramowanie\/pncalculate\/#primaryimage\"},\"image\":{\"@id\":\"https:\/\/wicam.com\/pl\/cadcam-oprogramowanie\/pncalculate\/#primaryimage\"},\"thumbnailUrl\":\"https:\/\/www.wicam.com\/wp-content\/uploads\/2022\/03\/cloud-300x278.png\",\"datePublished\":\"2022-05-24T10:35:54+00:00\",\"dateModified\":\"2022-09-23T08:16:10+00:00\",\"description\":\"Web-based calculation, CAD and NC format conversion, unfolding, geometry creation. Use essential parts of our products online without previous knowledge. As manufacturer, you can integrate the algorithms into your own products via the API interface.\",\"breadcrumb\":{\"@id\":\"https:\/\/wicam.com\/pl\/cadcam-oprogramowanie\/pncalculate\/#breadcrumb\"},\"inLanguage\":\"pl-PL\",\"potentialAction\":[{\"@type\":\"ReadAction\",\"target\":[\"https:\/\/wicam.com\/pl\/cadcam-oprogramowanie\/pncalculate\/\"]}]},{\"@type\":\"ImageObject\",\"inLanguage\":\"pl-PL\",\"@id\":\"https:\/\/wicam.com\/pl\/cadcam-oprogramowanie\/pncalculate\/#primaryimage\",\"url\":\"https:\/\/www.wicam.com\/wp-content\/uploads\/2022\/03\/cloud-300x278.png\",\"contentUrl\":\"https:\/\/www.wicam.com\/wp-content\/uploads\/2022\/03\/cloud-300x278.png\"},{\"@type\":\"BreadcrumbList\",\"@id\":\"https:\/\/wicam.com\/pl\/cadcam-oprogramowanie\/pncalculate\/#breadcrumb\",\"itemListElement\":[{\"@type\":\"ListItem\",\"position\":1,\"name\":\"Startseite\",\"item\":\"https:\/\/wicam.com\/pl\/\"},{\"@type\":\"ListItem\",\"position\":2,\"name\":\"Oprogramowanie\",\"item\":\"https:\/\/wicam.com\/pl\/cadcam-oprogramowanie\/\"},{\"@type\":\"ListItem\",\"position\":3,\"name\":\"Obliczenia\"}]},{\"@type\":\"WebSite\",\"@id\":\"https:\/\/wicam.com\/pl\/#website\",\"url\":\"https:\/\/wicam.com\/pl\/\",\"name\":\"WiCAM\",\"description\":\"Technische Software\",\"potentialAction\":[{\"@type\":\"SearchAction\",\"target\":{\"@type\":\"EntryPoint\",\"urlTemplate\":\"https:\/\/wicam.com\/pl\/?s={search_term_string}\"},\"query-input\":{\"@type\":\"PropertyValueSpecification\",\"valueRequired\":true,\"valueName\":\"search_term_string\"}}],\"inLanguage\":\"pl-PL\"}]}<\/script>\n<!-- \/ Yoast SEO plugin. -->","yoast_head_json":{"title":"CAD\/CAM Nesting Software - Obliczenia - PNCalculate - WiCAM","description":"Web-based calculation, CAD and NC format conversion, unfolding, geometry creation. Use essential parts of our products online without previous knowledge. As manufacturer, you can integrate the algorithms into your own products via the API interface.","robots":{"index":"index","follow":"follow","max-snippet":"max-snippet:-1","max-image-preview":"max-image-preview:large","max-video-preview":"max-video-preview:-1"},"canonical":"https:\/\/wicam.com\/pl\/cadcam-oprogramowanie\/pncalculate\/","og_locale":"pl_PL","og_type":"article","og_title":"CAD\/CAM Nesting Software - Obliczenia - PNCalculate - WiCAM","og_description":"Web-based calculation, CAD and NC format conversion, unfolding, geometry creation. Use essential parts of our products online without previous knowledge. As manufacturer, you can integrate the algorithms into your own products via the API interface.","og_url":"https:\/\/wicam.com\/pl\/cadcam-oprogramowanie\/pncalculate\/","og_site_name":"WiCAM","article_modified_time":"2022-09-23T08:16:10+00:00","og_image":[{"url":"https:\/\/www.wicam.com\/wp-content\/uploads\/2022\/03\/cloud-300x278.png","type":"","width":"","height":""}],"twitter_card":"summary_large_image","twitter_misc":{"Szacowany czas czytania":"1 minuta"},"schema":{"@context":"https:\/\/schema.org","@graph":[{"@type":"WebPage","@id":"https:\/\/wicam.com\/pl\/cadcam-oprogramowanie\/pncalculate\/","url":"https:\/\/wicam.com\/pl\/cadcam-oprogramowanie\/pncalculate\/","name":"CAD\/CAM Nesting Software - Obliczenia - PNCalculate - WiCAM","isPartOf":{"@id":"https:\/\/wicam.com\/pl\/#website"},"primaryImageOfPage":{"@id":"https:\/\/wicam.com\/pl\/cadcam-oprogramowanie\/pncalculate\/#primaryimage"},"image":{"@id":"https:\/\/wicam.com\/pl\/cadcam-oprogramowanie\/pncalculate\/#primaryimage"},"thumbnailUrl":"https:\/\/www.wicam.com\/wp-content\/uploads\/2022\/03\/cloud-300x278.png","datePublished":"2022-05-24T10:35:54+00:00","dateModified":"2022-09-23T08:16:10+00:00","description":"Web-based calculation, CAD and NC format conversion, unfolding, geometry creation. Use essential parts of our products online without previous knowledge. As manufacturer, you can integrate the algorithms into your own products via the API interface.","breadcrumb":{"@id":"https:\/\/wicam.com\/pl\/cadcam-oprogramowanie\/pncalculate\/#breadcrumb"},"inLanguage":"pl-PL","potentialAction":[{"@type":"ReadAction","target":["https:\/\/wicam.com\/pl\/cadcam-oprogramowanie\/pncalculate\/"]}]},{"@type":"ImageObject","inLanguage":"pl-PL","@id":"https:\/\/wicam.com\/pl\/cadcam-oprogramowanie\/pncalculate\/#primaryimage","url":"https:\/\/www.wicam.com\/wp-content\/uploads\/2022\/03\/cloud-300x278.png","contentUrl":"https:\/\/www.wicam.com\/wp-content\/uploads\/2022\/03\/cloud-300x278.png"},{"@type":"BreadcrumbList","@id":"https:\/\/wicam.com\/pl\/cadcam-oprogramowanie\/pncalculate\/#breadcrumb","itemListElement":[{"@type":"ListItem","position":1,"name":"Startseite","item":"https:\/\/wicam.com\/pl\/"},{"@type":"ListItem","position":2,"name":"Oprogramowanie","item":"https:\/\/wicam.com\/pl\/cadcam-oprogramowanie\/"},{"@type":"ListItem","position":3,"name":"Obliczenia"}]},{"@type":"WebSite","@id":"https:\/\/wicam.com\/pl\/#website","url":"https:\/\/wicam.com\/pl\/","name":"WiCAM","description":"Technische Software","potentialAction":[{"@type":"SearchAction","target":{"@type":"EntryPoint","urlTemplate":"https:\/\/wicam.com\/pl\/?s={search_term_string}"},"query-input":{"@type":"PropertyValueSpecification","valueRequired":true,"valueName":"search_term_string"}}],"inLanguage":"pl-PL"}]}},"_links":{"self":[{"href":"https:\/\/wicam.com\/pl\/wp-json\/wp\/v2\/pages\/24755","targetHints":{"allow":["GET"]}}],"collection":[{"href":"https:\/\/wicam.com\/pl\/wp-json\/wp\/v2\/pages"}],"about":[{"href":"https:\/\/wicam.com\/pl\/wp-json\/wp\/v2\/types\/page"}],"author":[{"embeddable":true,"href":"https:\/\/wicam.com\/pl\/wp-json\/wp\/v2\/users\/2"}],"replies":[{"embeddable":true,"href":"https:\/\/wicam.com\/pl\/wp-json\/wp\/v2\/comments?post=24755"}],"version-history":[{"count":0,"href":"https:\/\/wicam.com\/pl\/wp-json\/wp\/v2\/pages\/24755\/revisions"}],"up":[{"embeddable":true,"href":"https:\/\/wicam.com\/pl\/wp-json\/wp\/v2\/pages\/7222"}],"wp:attachment":[{"href":"https:\/\/wicam.com\/pl\/wp-json\/wp\/v2\/media?parent=24755"}],"curies":[{"name":"wp","href":"https:\/\/api.w.org\/{rel}","templated":true}]}}