{"id":29143,"date":"2022-08-15T20:24:51","date_gmt":"2022-08-15T18:24:51","guid":{"rendered":"https:\/\/www.wicam.com\/cadcam-oprogramowanie\/pncalculate\/webshop-solution\/"},"modified":"2024-05-28T13:54:09","modified_gmt":"2024-05-28T11:54:09","slug":"rozwiazanie-sklepu-internetowego","status":"publish","type":"page","link":"https:\/\/wicam.com\/pl\/cadcam-oprogramowanie\/pncalculate\/rozwiazanie-sklepu-internetowego\/","title":{"rendered":"Rozwi\u0105zanie sklepu internetowego"},"content":{"rendered":"<h2>Standardowe rozwi\u0105zanie dla sklep\u00f3w internetowych<\/h2>\n<p><img loading=\"lazy\" decoding=\"async\" class=\"alignright wp-image-24136\" src=\"https:\/\/www.wicam.com\/wp-content\/uploads\/2022\/08\/offer2order-300x278.png\" alt=\"\" width=\"375\" height=\"348\" srcset=\"https:\/\/wicam.com\/wp-content\/uploads\/2022\/08\/offer2order-300x278.png 300w, https:\/\/wicam.com\/wp-content\/uploads\/2022\/08\/offer2order-768x712.png 768w, https:\/\/wicam.com\/wp-content\/uploads\/2022\/08\/offer2order.png 1000w\" sizes=\"auto, (max-width: 375px) 100vw, 375px\" \/>Chcesz, aby Twoi klienci mogli sk\u0142ada\u0107 zam\u00f3wienia online bez zb\u0119dnych formalno\u015bci i aby zam\u00f3wione cz\u0119\u015bci by\u0142y produkowane bez \u017cadnych problem\u00f3w?<\/p>\n<p>Dzi\u0119ki naszej platformie e-commerce oferujemy standardowe rozwi\u0105zanie sklepu internetowego, dzi\u0119ki kt\u00f3remu mo\u017cesz by\u0107 online w mgnieniu oka. Twoi klienci mog\u0105 samodzielnie obliczy\u0107 cz\u0119\u015bci, obliczy\u0107 ceny, poprosi\u0107 o wycen\u0119 i ostatecznie z\u0142o\u017cy\u0107 zam\u00f3wienie.<\/p>\n<h4 style=\"text-align: left;\">Podstawowe funkcje<\/h4>\n<ul>\n<li>Dok\u0142adne obliczenia<\/li>\n<li>Indywidualne dostosowanie<\/li>\n<li>Obs\u0142uga format\u00f3w og\u00f3lnych<\/li>\n<li>Automatyczna walidacja cz\u0119\u015bci<\/li>\n<li>Inteligentne algorytmy zagnie\u017cd\u017cania<\/li>\n<li>Czasy cyklu specyficzne dla maszyny<\/li>\n<\/ul>\n<p><a class=\"btn\" href=\"https:\/\/www.wicam.com\/pl\/contact\/\">Zapro\u015b na prezentacj\u0119 online<\/a><\/p>\n","protected":false},"excerpt":{"rendered":"<p>Standardowe rozwi\u0105zanie dla sklep\u00f3w internetowych Chcesz, aby Twoi klienci mogli sk\u0142ada\u0107 zam\u00f3wienia online bez zb\u0119dnych formalno\u015bci i aby zam\u00f3wione cz\u0119\u015bci by\u0142y produkowane bez \u017cadnych problem\u00f3w? Dzi\u0119ki naszej platformie e-commerce oferujemy standardowe rozwi\u0105zanie sklepu internetowego, dzi\u0119ki kt\u00f3remu mo\u017cesz by\u0107 online w mgnieniu oka. Twoi klienci mog\u0105 samodzielnie obliczy\u0107 cz\u0119\u015bci, obliczy\u0107 ceny, poprosi\u0107 o wycen\u0119 i ostatecznie [&hellip;]<\/p>\n","protected":false},"author":2,"featured_media":0,"parent":24755,"menu_order":0,"comment_status":"closed","ping_status":"closed","template":"page-software-single.php","meta":{"_acf_changed":false,"footnotes":""},"class_list":["post-29143","page","type-page","status-publish","hentry"],"acf":[],"yoast_head":"<!-- This site is optimized with the Yoast SEO plugin v27.2 - https:\/\/yoast.com\/product\/yoast-seo-wordpress\/ -->\n<title>CAD\/CAM Nesting Software - Rozwi\u0105zanie sklepu internetowego - PNCalculate - WiCAM<\/title>\n<meta name=\"description\" content=\"Wystarczy raz zapisa\u0107 parametry produkcji i formu\u0142\u0119 obliczeniow\u0105, aby w przysz\u0142o\u015bci klienci mogli zamawia\u0107 cz\u0119\u015bci w ci\u0105gu kilku sekund.\" \/>\n<meta name=\"robots\" content=\"index, follow, max-snippet:-1, max-image-preview:large, max-video-preview:-1\" \/>\n<link rel=\"canonical\" href=\"https:\/\/wicam.com\/pl\/cadcam-oprogramowanie\/pncalculate\/rozwiazanie-sklepu-internetowego\/\" \/>\n<meta property=\"og:locale\" content=\"pl_PL\" \/>\n<meta property=\"og:type\" content=\"article\" \/>\n<meta property=\"og:title\" content=\"CAD\/CAM Nesting Software - Rozwi\u0105zanie sklepu internetowego - PNCalculate - WiCAM\" \/>\n<meta property=\"og:description\" content=\"Wystarczy raz zapisa\u0107 parametry produkcji i formu\u0142\u0119 obliczeniow\u0105, aby w przysz\u0142o\u015bci klienci mogli zamawia\u0107 cz\u0119\u015bci w ci\u0105gu kilku sekund.\" \/>\n<meta property=\"og:url\" content=\"https:\/\/wicam.com\/pl\/cadcam-oprogramowanie\/pncalculate\/rozwiazanie-sklepu-internetowego\/\" \/>\n<meta property=\"og:site_name\" content=\"WiCAM\" \/>\n<meta property=\"article:modified_time\" content=\"2024-05-28T11:54:09+00:00\" \/>\n<meta property=\"og:image\" content=\"https:\/\/www.wicam.com\/wp-content\/uploads\/2022\/08\/offer2order-300x278.png\" \/>\n<meta name=\"twitter:card\" content=\"summary_large_image\" \/>\n<meta name=\"twitter:label1\" content=\"Szacowany czas czytania\" \/>\n\t<meta name=\"twitter:data1\" content=\"4 minuty\" \/>\n<script type=\"application\/ld+json\" class=\"yoast-schema-graph\">{\"@context\":\"https:\/\/schema.org\",\"@graph\":[{\"@type\":\"WebPage\",\"@id\":\"https:\/\/wicam.com\/pl\/cadcam-oprogramowanie\/pncalculate\/rozwiazanie-sklepu-internetowego\/\",\"url\":\"https:\/\/wicam.com\/pl\/cadcam-oprogramowanie\/pncalculate\/rozwiazanie-sklepu-internetowego\/\",\"name\":\"CAD\/CAM Nesting Software - Rozwi\u0105zanie sklepu internetowego - PNCalculate - WiCAM\",\"isPartOf\":{\"@id\":\"https:\/\/wicam.com\/pl\/#website\"},\"primaryImageOfPage\":{\"@id\":\"https:\/\/wicam.com\/pl\/cadcam-oprogramowanie\/pncalculate\/rozwiazanie-sklepu-internetowego\/#primaryimage\"},\"image\":{\"@id\":\"https:\/\/wicam.com\/pl\/cadcam-oprogramowanie\/pncalculate\/rozwiazanie-sklepu-internetowego\/#primaryimage\"},\"thumbnailUrl\":\"https:\/\/www.wicam.com\/wp-content\/uploads\/2022\/08\/offer2order-300x278.png\",\"datePublished\":\"2022-08-15T18:24:51+00:00\",\"dateModified\":\"2024-05-28T11:54:09+00:00\",\"description\":\"Wystarczy raz zapisa\u0107 parametry produkcji i formu\u0142\u0119 obliczeniow\u0105, aby w przysz\u0142o\u015bci klienci mogli zamawia\u0107 cz\u0119\u015bci w ci\u0105gu kilku sekund.\",\"breadcrumb\":{\"@id\":\"https:\/\/wicam.com\/pl\/cadcam-oprogramowanie\/pncalculate\/rozwiazanie-sklepu-internetowego\/#breadcrumb\"},\"inLanguage\":\"pl-PL\",\"potentialAction\":[{\"@type\":\"ReadAction\",\"target\":[\"https:\/\/wicam.com\/pl\/cadcam-oprogramowanie\/pncalculate\/rozwiazanie-sklepu-internetowego\/\"]}]},{\"@type\":\"ImageObject\",\"inLanguage\":\"pl-PL\",\"@id\":\"https:\/\/wicam.com\/pl\/cadcam-oprogramowanie\/pncalculate\/rozwiazanie-sklepu-internetowego\/#primaryimage\",\"url\":\"https:\/\/www.wicam.com\/wp-content\/uploads\/2022\/08\/offer2order-300x278.png\",\"contentUrl\":\"https:\/\/www.wicam.com\/wp-content\/uploads\/2022\/08\/offer2order-300x278.png\"},{\"@type\":\"BreadcrumbList\",\"@id\":\"https:\/\/wicam.com\/pl\/cadcam-oprogramowanie\/pncalculate\/rozwiazanie-sklepu-internetowego\/#breadcrumb\",\"itemListElement\":[{\"@type\":\"ListItem\",\"position\":1,\"name\":\"Startseite\",\"item\":\"https:\/\/wicam.com\/pl\/\"},{\"@type\":\"ListItem\",\"position\":2,\"name\":\"Oprogramowanie\",\"item\":\"https:\/\/wicam.com\/pl\/cadcam-oprogramowanie\/\"},{\"@type\":\"ListItem\",\"position\":3,\"name\":\"Obliczenia\",\"item\":\"https:\/\/wicam.com\/pl\/cadcam-oprogramowanie\/pncalculate\/\"},{\"@type\":\"ListItem\",\"position\":4,\"name\":\"Rozwi\u0105zanie sklepu internetowego\"}]},{\"@type\":\"WebSite\",\"@id\":\"https:\/\/wicam.com\/pl\/#website\",\"url\":\"https:\/\/wicam.com\/pl\/\",\"name\":\"WiCAM\",\"description\":\"Technische Software\",\"potentialAction\":[{\"@type\":\"SearchAction\",\"target\":{\"@type\":\"EntryPoint\",\"urlTemplate\":\"https:\/\/wicam.com\/pl\/?s={search_term_string}\"},\"query-input\":{\"@type\":\"PropertyValueSpecification\",\"valueRequired\":true,\"valueName\":\"search_term_string\"}}],\"inLanguage\":\"pl-PL\"}]}<\/script>\n<!-- \/ Yoast SEO plugin. -->","yoast_head_json":{"title":"CAD\/CAM Nesting Software - Rozwi\u0105zanie sklepu internetowego - PNCalculate - WiCAM","description":"Wystarczy raz zapisa\u0107 parametry produkcji i formu\u0142\u0119 obliczeniow\u0105, aby w przysz\u0142o\u015bci klienci mogli zamawia\u0107 cz\u0119\u015bci w ci\u0105gu kilku sekund.","robots":{"index":"index","follow":"follow","max-snippet":"max-snippet:-1","max-image-preview":"max-image-preview:large","max-video-preview":"max-video-preview:-1"},"canonical":"https:\/\/wicam.com\/pl\/cadcam-oprogramowanie\/pncalculate\/rozwiazanie-sklepu-internetowego\/","og_locale":"pl_PL","og_type":"article","og_title":"CAD\/CAM Nesting Software - Rozwi\u0105zanie sklepu internetowego - PNCalculate - WiCAM","og_description":"Wystarczy raz zapisa\u0107 parametry produkcji i formu\u0142\u0119 obliczeniow\u0105, aby w przysz\u0142o\u015bci klienci mogli zamawia\u0107 cz\u0119\u015bci w ci\u0105gu kilku sekund.","og_url":"https:\/\/wicam.com\/pl\/cadcam-oprogramowanie\/pncalculate\/rozwiazanie-sklepu-internetowego\/","og_site_name":"WiCAM","article_modified_time":"2024-05-28T11:54:09+00:00","og_image":[{"url":"https:\/\/www.wicam.com\/wp-content\/uploads\/2022\/08\/offer2order-300x278.png","type":"","width":"","height":""}],"twitter_card":"summary_large_image","twitter_misc":{"Szacowany czas czytania":"4 minuty"},"schema":{"@context":"https:\/\/schema.org","@graph":[{"@type":"WebPage","@id":"https:\/\/wicam.com\/pl\/cadcam-oprogramowanie\/pncalculate\/rozwiazanie-sklepu-internetowego\/","url":"https:\/\/wicam.com\/pl\/cadcam-oprogramowanie\/pncalculate\/rozwiazanie-sklepu-internetowego\/","name":"CAD\/CAM Nesting Software - Rozwi\u0105zanie sklepu internetowego - PNCalculate - WiCAM","isPartOf":{"@id":"https:\/\/wicam.com\/pl\/#website"},"primaryImageOfPage":{"@id":"https:\/\/wicam.com\/pl\/cadcam-oprogramowanie\/pncalculate\/rozwiazanie-sklepu-internetowego\/#primaryimage"},"image":{"@id":"https:\/\/wicam.com\/pl\/cadcam-oprogramowanie\/pncalculate\/rozwiazanie-sklepu-internetowego\/#primaryimage"},"thumbnailUrl":"https:\/\/www.wicam.com\/wp-content\/uploads\/2022\/08\/offer2order-300x278.png","datePublished":"2022-08-15T18:24:51+00:00","dateModified":"2024-05-28T11:54:09+00:00","description":"Wystarczy raz zapisa\u0107 parametry produkcji i formu\u0142\u0119 obliczeniow\u0105, aby w przysz\u0142o\u015bci klienci mogli zamawia\u0107 cz\u0119\u015bci w ci\u0105gu kilku sekund.","breadcrumb":{"@id":"https:\/\/wicam.com\/pl\/cadcam-oprogramowanie\/pncalculate\/rozwiazanie-sklepu-internetowego\/#breadcrumb"},"inLanguage":"pl-PL","potentialAction":[{"@type":"ReadAction","target":["https:\/\/wicam.com\/pl\/cadcam-oprogramowanie\/pncalculate\/rozwiazanie-sklepu-internetowego\/"]}]},{"@type":"ImageObject","inLanguage":"pl-PL","@id":"https:\/\/wicam.com\/pl\/cadcam-oprogramowanie\/pncalculate\/rozwiazanie-sklepu-internetowego\/#primaryimage","url":"https:\/\/www.wicam.com\/wp-content\/uploads\/2022\/08\/offer2order-300x278.png","contentUrl":"https:\/\/www.wicam.com\/wp-content\/uploads\/2022\/08\/offer2order-300x278.png"},{"@type":"BreadcrumbList","@id":"https:\/\/wicam.com\/pl\/cadcam-oprogramowanie\/pncalculate\/rozwiazanie-sklepu-internetowego\/#breadcrumb","itemListElement":[{"@type":"ListItem","position":1,"name":"Startseite","item":"https:\/\/wicam.com\/pl\/"},{"@type":"ListItem","position":2,"name":"Oprogramowanie","item":"https:\/\/wicam.com\/pl\/cadcam-oprogramowanie\/"},{"@type":"ListItem","position":3,"name":"Obliczenia","item":"https:\/\/wicam.com\/pl\/cadcam-oprogramowanie\/pncalculate\/"},{"@type":"ListItem","position":4,"name":"Rozwi\u0105zanie sklepu internetowego"}]},{"@type":"WebSite","@id":"https:\/\/wicam.com\/pl\/#website","url":"https:\/\/wicam.com\/pl\/","name":"WiCAM","description":"Technische Software","potentialAction":[{"@type":"SearchAction","target":{"@type":"EntryPoint","urlTemplate":"https:\/\/wicam.com\/pl\/?s={search_term_string}"},"query-input":{"@type":"PropertyValueSpecification","valueRequired":true,"valueName":"search_term_string"}}],"inLanguage":"pl-PL"}]}},"_links":{"self":[{"href":"https:\/\/wicam.com\/pl\/wp-json\/wp\/v2\/pages\/29143","targetHints":{"allow":["GET"]}}],"collection":[{"href":"https:\/\/wicam.com\/pl\/wp-json\/wp\/v2\/pages"}],"about":[{"href":"https:\/\/wicam.com\/pl\/wp-json\/wp\/v2\/types\/page"}],"author":[{"embeddable":true,"href":"https:\/\/wicam.com\/pl\/wp-json\/wp\/v2\/users\/2"}],"replies":[{"embeddable":true,"href":"https:\/\/wicam.com\/pl\/wp-json\/wp\/v2\/comments?post=29143"}],"version-history":[{"count":0,"href":"https:\/\/wicam.com\/pl\/wp-json\/wp\/v2\/pages\/29143\/revisions"}],"up":[{"embeddable":true,"href":"https:\/\/wicam.com\/pl\/wp-json\/wp\/v2\/pages\/24755"}],"wp:attachment":[{"href":"https:\/\/wicam.com\/pl\/wp-json\/wp\/v2\/media?parent=29143"}],"curies":[{"name":"wp","href":"https:\/\/api.w.org\/{rel}","templated":true}]}}