{"id":29174,"date":"2022-08-16T11:43:03","date_gmt":"2022-08-16T09:43:03","guid":{"rendered":"https:\/\/www.wicam.com\/cadcam-oprogramowanie\/pncalculate\/calculate-locally\/"},"modified":"2024-05-28T15:00:47","modified_gmt":"2024-05-28T13:00:47","slug":"oblicz-lokalnie","status":"publish","type":"page","link":"https:\/\/wicam.com\/pl\/cadcam-oprogramowanie\/pncalculate\/oblicz-lokalnie\/","title":{"rendered":"Oblicz lokalnie"},"content":{"rendered":"<h2>Obliczaj lokalnie<\/h2>\n<p><img loading=\"lazy\" decoding=\"async\" class=\"alignright wp-image-22910\" src=\"https:\/\/www.wicam.com\/wp-content\/uploads\/2022\/03\/cloud-300x278.png\" alt=\"\" width=\"375\" height=\"348\" srcset=\"https:\/\/wicam.com\/wp-content\/uploads\/2022\/03\/cloud-300x278.png 300w, https:\/\/wicam.com\/wp-content\/uploads\/2022\/03\/cloud-768x712.png 768w, https:\/\/wicam.com\/wp-content\/uploads\/2022\/03\/cloud.png 1000w\" sizes=\"auto, (max-width: 375px) 100vw, 375px\" \/>Szukasz rozwi\u0105zania, kt\u00f3re pozwoli Ci oblicza\u0107 lokalnie i maszynowo? W takim razie mamy dla Ciebie odpowiednie narz\u0119dzie.<\/p>\n<p>Oferujemy rozwi\u0105zanie oparte na serwerze, kt\u00f3re umo\u017cliwia obliczanie cen w ci\u0105gu kilku sekund za pomoc\u0105 aplikacji komputerowej &#8211; bezpo\u015brednio z systemu ERP \/ PPS, je\u015bli chcesz.<\/p>\n<h4 style=\"text-align: left;\">Podstawowe funkcje<\/h4>\n<ul>\n<li>Przetwarzanie plik\u00f3w 3D<\/li>\n<li>Przetwarzanie i demonta\u017c z\u0142o\u017ce\u0144<\/li>\n<li>Obliczanie poszczeg\u00f3lnych cz\u0119\u015bci<\/li>\n<li>Obliczanie zespo\u0142\u00f3w<\/li>\n<li>Konwersja plik\u00f3w CAD do innych format\u00f3w<\/li>\n<\/ul>\n<p><a class=\"btn\" href=\"https:\/\/www.wicam.com\/pl\/contact\/\">Zapro\u015b na prezentacj\u0119 online<\/a><\/p>\n","protected":false},"excerpt":{"rendered":"<p>Obliczaj lokalnie Szukasz rozwi\u0105zania, kt\u00f3re pozwoli Ci oblicza\u0107 lokalnie i maszynowo? W takim razie mamy dla Ciebie odpowiednie narz\u0119dzie. Oferujemy rozwi\u0105zanie oparte na serwerze, kt\u00f3re umo\u017cliwia obliczanie cen w ci\u0105gu kilku sekund za pomoc\u0105 aplikacji komputerowej &#8211; bezpo\u015brednio z systemu ERP \/ PPS, je\u015bli chcesz. Podstawowe funkcje Przetwarzanie plik\u00f3w 3D Przetwarzanie i demonta\u017c z\u0142o\u017ce\u0144 Obliczanie [&hellip;]<\/p>\n","protected":false},"author":2,"featured_media":0,"parent":24755,"menu_order":0,"comment_status":"closed","ping_status":"closed","template":"page-software-single.php","meta":{"_acf_changed":false,"footnotes":""},"class_list":["post-29174","page","type-page","status-publish","hentry"],"acf":[],"yoast_head":"<!-- This site is optimized with the Yoast SEO plugin v27.2 - https:\/\/yoast.com\/product\/yoast-seo-wordpress\/ -->\n<title>CAD\/CAM Nesting Software - Oblicz lokalnie - PNCalculate - WiCAM<\/title>\n<meta name=\"description\" content=\"Zapisujesz parametry produkcji i formu\u0142\u0119 obliczeniow\u0105 raz, a w przysz\u0142o\u015bci Twoi klienci mog\u0105 zamawia\u0107 cz\u0119\u015bci od Ciebie w ci\u0105gu kilku sekund.\" \/>\n<meta name=\"robots\" content=\"index, follow, max-snippet:-1, max-image-preview:large, max-video-preview:-1\" \/>\n<link rel=\"canonical\" href=\"https:\/\/wicam.com\/pl\/cadcam-oprogramowanie\/pncalculate\/oblicz-lokalnie\/\" \/>\n<meta property=\"og:locale\" content=\"pl_PL\" \/>\n<meta property=\"og:type\" content=\"article\" \/>\n<meta property=\"og:title\" content=\"CAD\/CAM Nesting Software - Oblicz lokalnie - PNCalculate - WiCAM\" \/>\n<meta property=\"og:description\" content=\"Zapisujesz parametry produkcji i formu\u0142\u0119 obliczeniow\u0105 raz, a w przysz\u0142o\u015bci Twoi klienci mog\u0105 zamawia\u0107 cz\u0119\u015bci od Ciebie w ci\u0105gu kilku sekund.\" \/>\n<meta property=\"og:url\" content=\"https:\/\/wicam.com\/pl\/cadcam-oprogramowanie\/pncalculate\/oblicz-lokalnie\/\" \/>\n<meta property=\"og:site_name\" content=\"WiCAM\" \/>\n<meta property=\"article:modified_time\" content=\"2024-05-28T13:00:47+00:00\" \/>\n<meta property=\"og:image\" content=\"https:\/\/www.wicam.com\/wp-content\/uploads\/2022\/03\/cloud-300x278.png\" \/>\n<meta name=\"twitter:card\" content=\"summary_large_image\" \/>\n<meta name=\"twitter:label1\" content=\"Szacowany czas czytania\" \/>\n\t<meta name=\"twitter:data1\" content=\"5 minut\" \/>\n<script type=\"application\/ld+json\" class=\"yoast-schema-graph\">{\"@context\":\"https:\/\/schema.org\",\"@graph\":[{\"@type\":\"WebPage\",\"@id\":\"https:\/\/wicam.com\/pl\/cadcam-oprogramowanie\/pncalculate\/oblicz-lokalnie\/\",\"url\":\"https:\/\/wicam.com\/pl\/cadcam-oprogramowanie\/pncalculate\/oblicz-lokalnie\/\",\"name\":\"CAD\/CAM Nesting Software - Oblicz lokalnie - PNCalculate - WiCAM\",\"isPartOf\":{\"@id\":\"https:\/\/wicam.com\/pl\/#website\"},\"primaryImageOfPage\":{\"@id\":\"https:\/\/wicam.com\/pl\/cadcam-oprogramowanie\/pncalculate\/oblicz-lokalnie\/#primaryimage\"},\"image\":{\"@id\":\"https:\/\/wicam.com\/pl\/cadcam-oprogramowanie\/pncalculate\/oblicz-lokalnie\/#primaryimage\"},\"thumbnailUrl\":\"https:\/\/www.wicam.com\/wp-content\/uploads\/2022\/03\/cloud-300x278.png\",\"datePublished\":\"2022-08-16T09:43:03+00:00\",\"dateModified\":\"2024-05-28T13:00:47+00:00\",\"description\":\"Zapisujesz parametry produkcji i formu\u0142\u0119 obliczeniow\u0105 raz, a w przysz\u0142o\u015bci Twoi klienci mog\u0105 zamawia\u0107 cz\u0119\u015bci od Ciebie w ci\u0105gu kilku sekund.\",\"breadcrumb\":{\"@id\":\"https:\/\/wicam.com\/pl\/cadcam-oprogramowanie\/pncalculate\/oblicz-lokalnie\/#breadcrumb\"},\"inLanguage\":\"pl-PL\",\"potentialAction\":[{\"@type\":\"ReadAction\",\"target\":[\"https:\/\/wicam.com\/pl\/cadcam-oprogramowanie\/pncalculate\/oblicz-lokalnie\/\"]}]},{\"@type\":\"ImageObject\",\"inLanguage\":\"pl-PL\",\"@id\":\"https:\/\/wicam.com\/pl\/cadcam-oprogramowanie\/pncalculate\/oblicz-lokalnie\/#primaryimage\",\"url\":\"https:\/\/www.wicam.com\/wp-content\/uploads\/2022\/03\/cloud-300x278.png\",\"contentUrl\":\"https:\/\/www.wicam.com\/wp-content\/uploads\/2022\/03\/cloud-300x278.png\"},{\"@type\":\"BreadcrumbList\",\"@id\":\"https:\/\/wicam.com\/pl\/cadcam-oprogramowanie\/pncalculate\/oblicz-lokalnie\/#breadcrumb\",\"itemListElement\":[{\"@type\":\"ListItem\",\"position\":1,\"name\":\"Startseite\",\"item\":\"https:\/\/wicam.com\/pl\/\"},{\"@type\":\"ListItem\",\"position\":2,\"name\":\"Oprogramowanie\",\"item\":\"https:\/\/wicam.com\/pl\/cadcam-oprogramowanie\/\"},{\"@type\":\"ListItem\",\"position\":3,\"name\":\"Obliczenia\",\"item\":\"https:\/\/wicam.com\/pl\/cadcam-oprogramowanie\/pncalculate\/\"},{\"@type\":\"ListItem\",\"position\":4,\"name\":\"Oblicz lokalnie\"}]},{\"@type\":\"WebSite\",\"@id\":\"https:\/\/wicam.com\/pl\/#website\",\"url\":\"https:\/\/wicam.com\/pl\/\",\"name\":\"WiCAM\",\"description\":\"Technische Software\",\"potentialAction\":[{\"@type\":\"SearchAction\",\"target\":{\"@type\":\"EntryPoint\",\"urlTemplate\":\"https:\/\/wicam.com\/pl\/?s={search_term_string}\"},\"query-input\":{\"@type\":\"PropertyValueSpecification\",\"valueRequired\":true,\"valueName\":\"search_term_string\"}}],\"inLanguage\":\"pl-PL\"}]}<\/script>\n<!-- \/ Yoast SEO plugin. -->","yoast_head_json":{"title":"CAD\/CAM Nesting Software - Oblicz lokalnie - PNCalculate - WiCAM","description":"Zapisujesz parametry produkcji i formu\u0142\u0119 obliczeniow\u0105 raz, a w przysz\u0142o\u015bci Twoi klienci mog\u0105 zamawia\u0107 cz\u0119\u015bci od Ciebie w ci\u0105gu kilku sekund.","robots":{"index":"index","follow":"follow","max-snippet":"max-snippet:-1","max-image-preview":"max-image-preview:large","max-video-preview":"max-video-preview:-1"},"canonical":"https:\/\/wicam.com\/pl\/cadcam-oprogramowanie\/pncalculate\/oblicz-lokalnie\/","og_locale":"pl_PL","og_type":"article","og_title":"CAD\/CAM Nesting Software - Oblicz lokalnie - PNCalculate - WiCAM","og_description":"Zapisujesz parametry produkcji i formu\u0142\u0119 obliczeniow\u0105 raz, a w przysz\u0142o\u015bci Twoi klienci mog\u0105 zamawia\u0107 cz\u0119\u015bci od Ciebie w ci\u0105gu kilku sekund.","og_url":"https:\/\/wicam.com\/pl\/cadcam-oprogramowanie\/pncalculate\/oblicz-lokalnie\/","og_site_name":"WiCAM","article_modified_time":"2024-05-28T13:00:47+00:00","og_image":[{"url":"https:\/\/www.wicam.com\/wp-content\/uploads\/2022\/03\/cloud-300x278.png","type":"","width":"","height":""}],"twitter_card":"summary_large_image","twitter_misc":{"Szacowany czas czytania":"5 minut"},"schema":{"@context":"https:\/\/schema.org","@graph":[{"@type":"WebPage","@id":"https:\/\/wicam.com\/pl\/cadcam-oprogramowanie\/pncalculate\/oblicz-lokalnie\/","url":"https:\/\/wicam.com\/pl\/cadcam-oprogramowanie\/pncalculate\/oblicz-lokalnie\/","name":"CAD\/CAM Nesting Software - Oblicz lokalnie - PNCalculate - WiCAM","isPartOf":{"@id":"https:\/\/wicam.com\/pl\/#website"},"primaryImageOfPage":{"@id":"https:\/\/wicam.com\/pl\/cadcam-oprogramowanie\/pncalculate\/oblicz-lokalnie\/#primaryimage"},"image":{"@id":"https:\/\/wicam.com\/pl\/cadcam-oprogramowanie\/pncalculate\/oblicz-lokalnie\/#primaryimage"},"thumbnailUrl":"https:\/\/www.wicam.com\/wp-content\/uploads\/2022\/03\/cloud-300x278.png","datePublished":"2022-08-16T09:43:03+00:00","dateModified":"2024-05-28T13:00:47+00:00","description":"Zapisujesz parametry produkcji i formu\u0142\u0119 obliczeniow\u0105 raz, a w przysz\u0142o\u015bci Twoi klienci mog\u0105 zamawia\u0107 cz\u0119\u015bci od Ciebie w ci\u0105gu kilku sekund.","breadcrumb":{"@id":"https:\/\/wicam.com\/pl\/cadcam-oprogramowanie\/pncalculate\/oblicz-lokalnie\/#breadcrumb"},"inLanguage":"pl-PL","potentialAction":[{"@type":"ReadAction","target":["https:\/\/wicam.com\/pl\/cadcam-oprogramowanie\/pncalculate\/oblicz-lokalnie\/"]}]},{"@type":"ImageObject","inLanguage":"pl-PL","@id":"https:\/\/wicam.com\/pl\/cadcam-oprogramowanie\/pncalculate\/oblicz-lokalnie\/#primaryimage","url":"https:\/\/www.wicam.com\/wp-content\/uploads\/2022\/03\/cloud-300x278.png","contentUrl":"https:\/\/www.wicam.com\/wp-content\/uploads\/2022\/03\/cloud-300x278.png"},{"@type":"BreadcrumbList","@id":"https:\/\/wicam.com\/pl\/cadcam-oprogramowanie\/pncalculate\/oblicz-lokalnie\/#breadcrumb","itemListElement":[{"@type":"ListItem","position":1,"name":"Startseite","item":"https:\/\/wicam.com\/pl\/"},{"@type":"ListItem","position":2,"name":"Oprogramowanie","item":"https:\/\/wicam.com\/pl\/cadcam-oprogramowanie\/"},{"@type":"ListItem","position":3,"name":"Obliczenia","item":"https:\/\/wicam.com\/pl\/cadcam-oprogramowanie\/pncalculate\/"},{"@type":"ListItem","position":4,"name":"Oblicz lokalnie"}]},{"@type":"WebSite","@id":"https:\/\/wicam.com\/pl\/#website","url":"https:\/\/wicam.com\/pl\/","name":"WiCAM","description":"Technische Software","potentialAction":[{"@type":"SearchAction","target":{"@type":"EntryPoint","urlTemplate":"https:\/\/wicam.com\/pl\/?s={search_term_string}"},"query-input":{"@type":"PropertyValueSpecification","valueRequired":true,"valueName":"search_term_string"}}],"inLanguage":"pl-PL"}]}},"_links":{"self":[{"href":"https:\/\/wicam.com\/pl\/wp-json\/wp\/v2\/pages\/29174","targetHints":{"allow":["GET"]}}],"collection":[{"href":"https:\/\/wicam.com\/pl\/wp-json\/wp\/v2\/pages"}],"about":[{"href":"https:\/\/wicam.com\/pl\/wp-json\/wp\/v2\/types\/page"}],"author":[{"embeddable":true,"href":"https:\/\/wicam.com\/pl\/wp-json\/wp\/v2\/users\/2"}],"replies":[{"embeddable":true,"href":"https:\/\/wicam.com\/pl\/wp-json\/wp\/v2\/comments?post=29174"}],"version-history":[{"count":0,"href":"https:\/\/wicam.com\/pl\/wp-json\/wp\/v2\/pages\/29174\/revisions"}],"up":[{"embeddable":true,"href":"https:\/\/wicam.com\/pl\/wp-json\/wp\/v2\/pages\/24755"}],"wp:attachment":[{"href":"https:\/\/wicam.com\/pl\/wp-json\/wp\/v2\/media?parent=29174"}],"curies":[{"name":"wp","href":"https:\/\/api.w.org\/{rel}","templated":true}]}}